{"id":2298,"date":"2022-09-20T11:15:01","date_gmt":"2022-09-20T09:15:01","guid":{"rendered":"https:\/\/tibladin.dk\/?post_type=product&#038;p=2298"},"modified":"2024-12-09T14:28:40","modified_gmt":"2024-12-09T13:28:40","slug":"coussins-vintage-kilim-ourika","status":"publish","type":"product","link":"https:\/\/tibladin.dk\/fr\/produkt\/puder-vintage-kelim-ourika\/","title":{"rendered":"Coussins deu Kelim ancien OURIKA"},"content":{"rendered":"<div class=\"wpb-content-wrapper\"><div class=\"vc_row wpb_row vc_row-fluid\"><div class=\"wpb_column vc_column_container vc_col-sm-4\"><div class=\"vc_column-inner\"><div class=\"wpb_wrapper\"><\/div><\/div><\/div><div class=\"wpb_column vc_column_container vc_col-sm-4\"><div class=\"vc_column-inner\"><div class=\"wpb_wrapper\"><h3 style=\"text-align: left\" class=\"vc_custom_heading vc_do_custom_heading\" >Entretien<\/h3>\n\t<div class=\"wpb_text_column wpb_content_element\" >\n\t\t<div class=\"wpb_wrapper\">\n\t\t\t<p>Les taies d&#039;oreiller sont en coton kiria avec des d\u00e9tails de tapis Kilim vintage en laine. Nettoyage \u00e0 sec chez un nettoyeur \u00e0 sec. Les housses contenant des morceaux de tapis Kelim vintage, il y aura des traces d&#039;utilisation dessus, ce qui ne fait qu&#039;une partie du charme.<\/p>\n\n\t\t<\/div>\n\t<\/div>\n<\/div><\/div><\/div><div class=\"wpb_column vc_column_container vc_col-sm-4\"><div class=\"vc_column-inner\"><div class=\"wpb_wrapper\"><h3 style=\"text-align: left\" class=\"vc_custom_heading vc_do_custom_heading\" >L&#039;histoire derri\u00e8re<\/h3>\n\t<div class=\"wpb_text_column wpb_content_element\" >\n\t\t<div class=\"wpb_wrapper\">\n\t\t\t<p>Ces magnifiques housses de coussin faites \u00e0 la main sont compos\u00e9es de coton kiria et de parties de tapis Kilim vitage en laine. Ici, les tapis vintage du Maroc retrouvent une nouvelle vie dans une housse de coussin qui combine l&#039;expression simple du coton kiria avec les magnifiques motifs et textiles des tapis Kilim. Les magnifiques tapis vintage apportent des couleurs et des motifs passionnants dans la maison, et selon le vieux tapis que nous avons choisi d&#039;utiliser, vous obtenez un oreiller tout \u00e0 fait unique. Nous avons \u00e9galement ajout\u00e9 des cordons au design qui compl\u00e8tent les couleurs des tapis Kilim. Les coussins s&#039;int\u00e8grent parfaitement dans la maison scandinave, o\u00f9 les belles couleurs compl\u00e8tent un style simple et chaleureux. D\u00e9velopp\u00e9 en collaboration avec un designer de Marrakech.<\/p>\n<p>Les housses ont une fermeture \u00e9clair solide afin qu&#039;elles puissent \u00eatre facilement retir\u00e9es et nettoy\u00e9es.<\/p>\n<p>Les couvercles s&#039;adaptent aux supports de montage 40 x 50.<\/p>\n\n\t\t<\/div>\n\t<\/div>\n<\/div><\/div><\/div><\/div>\n<\/div>","protected":false},"excerpt":{"rendered":"<p>Magnifiques housses de coussin faites \u00e0 la main \u00e0 partir de tapis Kilim vintage en laine et coton kiria. Les tapis vintage du Maroc re\u00e7oivent une nouvelle vie dans ces coussins au design tout \u00e0 fait unique qui apporte de magnifiques motifs et textiles marocains dans la maison et ajoute de la vie et de la couleur \u00e0 n&#039;importe quelle pi\u00e8ce.<\/p>\n<p>La housse mesure 40 x 50. Convient pour 50 x 50 ou 40 x 60 cm. montage des coussins, en fonction du degr\u00e9 de remplissage souhait\u00e9 du coussin.<\/p>\n<p>Les housses de coussin sont fournies sans coussins, mais un coussin de montage peut \u00eatre achet\u00e9 en plus.<\/p>\n<p>&nbsp;<\/p>\n<p>&nbsp;<\/p>","protected":false},"featured_media":2370,"template":"","meta":{"inline_featured_image":false},"product_brand":[],"product_cat":[66,37],"product_tag":[],"class_list":{"0":"post-2298","1":"product","2":"type-product","3":"status-publish","4":"has-post-thumbnail","6":"product_cat-pudebetraek","7":"product_cat-tekstiler","9":"first","10":"instock","11":"taxable","12":"shipping-taxable","13":"purchasable","14":"product-type-variable"},"exclude_global_add_ons":false,"addons":[{"name":"Vous souhaitez un emballage cadeau ?","type":"checkbox","position":0,"required":false,"title_format":"label","default":"","description_enable":false,"description":"","placeholder_enable":false,"placeholder":"","display":"images","restrictions_type":"any_text","adjust_price":false,"price":"","price_type":"flat_fee","restrictions":false,"min":"0","max":"0","options":[{"label":"Ja tak","price":"10","price_type":"flat_fee","image":11015,"visibility":true}],"id":1669646111}],"yoast_head":"<!-- This site is optimized with the Yoast SEO plugin v27.4 - https:\/\/yoast.com\/product\/yoast-seo-wordpress\/ -->\n<title>Pude med vintage Kelimt\u00e6pper | Unikt design | Tibladin<\/title>\n<meta name=\"description\" content=\"H\u00e5ndlavet pudebetr\u00e6k i kiria bomuld og vintage Kelim t\u00e6pper. Passer til 40x50 eller 40x60 cm, alt efter hvor fyldig du \u00f8nsker den.\" \/>\n<meta name=\"robots\" content=\"index, follow, max-snippet:-1, max-image-preview:large, max-video-preview:-1\" \/>\n<link rel=\"canonical\" href=\"https:\/\/tibladin.dk\/fr\/produit-4\/coussins-vintage-kilim-ourika\/\" \/>\n<meta property=\"og:locale\" content=\"fr_FR\" \/>\n<meta property=\"og:type\" content=\"article\" \/>\n<meta property=\"og:title\" content=\"Pude med vintage Kelimt\u00e6pper | Unikt design | Tibladin\" \/>\n<meta property=\"og:description\" content=\"H\u00e5ndlavet pudebetr\u00e6k i kiria bomuld og vintage Kelim t\u00e6pper. Passer til 40x50 eller 40x60 cm, alt efter hvor fyldig du \u00f8nsker den.\" \/>\n<meta property=\"og:url\" content=\"https:\/\/tibladin.dk\/fr\/produit-4\/coussins-vintage-kilim-ourika\/\" \/>\n<meta property=\"og:site_name\" content=\"Tibladin\" \/>\n<meta property=\"article:modified_time\" content=\"2024-12-09T13:28:40+00:00\" \/>\n<meta property=\"og:image\" content=\"https:\/\/tibladin.dk\/wp-content\/uploads\/2022\/09\/Ourik-puder_LS1-1.jpg\" \/>\n\t<meta property=\"og:image:width\" content=\"800\" \/>\n\t<meta property=\"og:image:height\" content=\"800\" \/>\n\t<meta property=\"og:image:type\" content=\"image\/jpeg\" \/>\n<meta name=\"twitter:card\" content=\"summary_large_image\" \/>\n<meta name=\"twitter:label1\" content=\"Dur\u00e9e de lecture estim\u00e9e\" \/>\n\t<meta name=\"twitter:data1\" content=\"2 minutes\" \/>\n<script type=\"application\/ld+json\" class=\"yoast-schema-graph\">{\"@context\":\"https:\\\/\\\/schema.org\",\"@graph\":[{\"@type\":\"WebPage\",\"@id\":\"https:\\\/\\\/tibladin.dk\\\/produkt\\\/puder-vintage-kelim-ourika\\\/\",\"url\":\"https:\\\/\\\/tibladin.dk\\\/produkt\\\/puder-vintage-kelim-ourika\\\/\",\"name\":\"Pude med vintage Kelimt\u00e6pper | Unikt design | Tibladin\",\"isPartOf\":{\"@id\":\"https:\\\/\\\/tibladin.dk\\\/#website\"},\"primaryImageOfPage\":{\"@id\":\"https:\\\/\\\/tibladin.dk\\\/produkt\\\/puder-vintage-kelim-ourika\\\/#primaryimage\"},\"image\":{\"@id\":\"https:\\\/\\\/tibladin.dk\\\/produkt\\\/puder-vintage-kelim-ourika\\\/#primaryimage\"},\"thumbnailUrl\":\"https:\\\/\\\/tibladin.dk\\\/wp-content\\\/uploads\\\/2022\\\/09\\\/Ourik-puder_LS1-1.jpg\",\"datePublished\":\"2022-09-20T09:15:01+00:00\",\"dateModified\":\"2024-12-09T13:28:40+00:00\",\"description\":\"H\u00e5ndlavet pudebetr\u00e6k i kiria bomuld og vintage Kelim t\u00e6pper. Passer til 40x50 eller 40x60 cm, alt efter hvor fyldig du \u00f8nsker den.\",\"breadcrumb\":{\"@id\":\"https:\\\/\\\/tibladin.dk\\\/produkt\\\/puder-vintage-kelim-ourika\\\/#breadcrumb\"},\"inLanguage\":\"fr-FR\",\"potentialAction\":[{\"@type\":\"ReadAction\",\"target\":[\"https:\\\/\\\/tibladin.dk\\\/produkt\\\/puder-vintage-kelim-ourika\\\/\"]}]},{\"@type\":\"ImageObject\",\"inLanguage\":\"fr-FR\",\"@id\":\"https:\\\/\\\/tibladin.dk\\\/produkt\\\/puder-vintage-kelim-ourika\\\/#primaryimage\",\"url\":\"https:\\\/\\\/tibladin.dk\\\/wp-content\\\/uploads\\\/2022\\\/09\\\/Ourik-puder_LS1-1.jpg\",\"contentUrl\":\"https:\\\/\\\/tibladin.dk\\\/wp-content\\\/uploads\\\/2022\\\/09\\\/Ourik-puder_LS1-1.jpg\",\"width\":800,\"height\":800,\"caption\":\"H\u00e5ndv\u00e6vede vintage kelim ourika pudebetr\u00e6k i hvidt beige m\u00f8nster p\u00e5 en sofa\"},{\"@type\":\"BreadcrumbList\",\"@id\":\"https:\\\/\\\/tibladin.dk\\\/produkt\\\/puder-vintage-kelim-ourika\\\/#breadcrumb\",\"itemListElement\":[{\"@type\":\"ListItem\",\"position\":1,\"name\":\"Hjem\",\"item\":\"https:\\\/\\\/tibladin.dk\\\/\"},{\"@type\":\"ListItem\",\"position\":2,\"name\":\"Shop\",\"item\":\"https:\\\/\\\/tibladin.dk\\\/shop\\\/\"},{\"@type\":\"ListItem\",\"position\":3,\"name\":\"Puder vintage Kelim OURIKA\"}]},{\"@type\":\"WebSite\",\"@id\":\"https:\\\/\\\/tibladin.dk\\\/#website\",\"url\":\"https:\\\/\\\/tibladin.dk\\\/\",\"name\":\"Tibladin\",\"description\":\"Tibladin\",\"publisher\":{\"@id\":\"https:\\\/\\\/tibladin.dk\\\/#organization\"},\"potentialAction\":[{\"@type\":\"SearchAction\",\"target\":{\"@type\":\"EntryPoint\",\"urlTemplate\":\"https:\\\/\\\/tibladin.dk\\\/?s={search_term_string}\"},\"query-input\":{\"@type\":\"PropertyValueSpecification\",\"valueRequired\":true,\"valueName\":\"search_term_string\"}}],\"inLanguage\":\"fr-FR\"},{\"@type\":\"Organization\",\"@id\":\"https:\\\/\\\/tibladin.dk\\\/#organization\",\"name\":\"Tibladin\",\"url\":\"https:\\\/\\\/tibladin.dk\\\/\",\"logo\":{\"@type\":\"ImageObject\",\"inLanguage\":\"fr-FR\",\"@id\":\"https:\\\/\\\/tibladin.dk\\\/#\\\/schema\\\/logo\\\/image\\\/\",\"url\":\"https:\\\/\\\/tibladin.dk\\\/wp-content\\\/uploads\\\/2022\\\/09\\\/tibladin_logo.svg\",\"contentUrl\":\"https:\\\/\\\/tibladin.dk\\\/wp-content\\\/uploads\\\/2022\\\/09\\\/tibladin_logo.svg\",\"caption\":\"Tibladin\"},\"image\":{\"@id\":\"https:\\\/\\\/tibladin.dk\\\/#\\\/schema\\\/logo\\\/image\\\/\"}}]}<\/script>\n<!-- \/ Yoast SEO plugin. -->","yoast_head_json":{"title":"Coussin avec tapis Kilim vintage | Conception unique | Tibladine","description":"Housse de coussin faite main en coton kiria et tapis Kilim vintage. Convient au format 40x50 ou 40x60 cm, selon le degr\u00e9 de remplissage souhait\u00e9.","robots":{"index":"index","follow":"follow","max-snippet":"max-snippet:-1","max-image-preview":"max-image-preview:large","max-video-preview":"max-video-preview:-1"},"canonical":"https:\/\/tibladin.dk\/fr\/produit-4\/coussins-vintage-kilim-ourika\/","og_locale":"fr_FR","og_type":"article","og_title":"Pude med vintage Kelimt\u00e6pper | Unikt design | Tibladin","og_description":"H\u00e5ndlavet pudebetr\u00e6k i kiria bomuld og vintage Kelim t\u00e6pper. Passer til 40x50 eller 40x60 cm, alt efter hvor fyldig du \u00f8nsker den.","og_url":"https:\/\/tibladin.dk\/fr\/produit-4\/coussins-vintage-kilim-ourika\/","og_site_name":"Tibladin","article_modified_time":"2024-12-09T13:28:40+00:00","og_image":[{"width":800,"height":800,"url":"https:\/\/tibladin.dk\/wp-content\/uploads\/2022\/09\/Ourik-puder_LS1-1.jpg","type":"image\/jpeg"}],"twitter_card":"summary_large_image","twitter_misc":{"Dur\u00e9e de lecture estim\u00e9e":"2 minutes"},"schema":{"@context":"https:\/\/schema.org","@graph":[{"@type":"WebPage","@id":"https:\/\/tibladin.dk\/produkt\/puder-vintage-kelim-ourika\/","url":"https:\/\/tibladin.dk\/produkt\/puder-vintage-kelim-ourika\/","name":"Coussin avec tapis Kilim vintage | Conception unique | Tibladine","isPartOf":{"@id":"https:\/\/tibladin.dk\/#website"},"primaryImageOfPage":{"@id":"https:\/\/tibladin.dk\/produkt\/puder-vintage-kelim-ourika\/#primaryimage"},"image":{"@id":"https:\/\/tibladin.dk\/produkt\/puder-vintage-kelim-ourika\/#primaryimage"},"thumbnailUrl":"https:\/\/tibladin.dk\/wp-content\/uploads\/2022\/09\/Ourik-puder_LS1-1.jpg","datePublished":"2022-09-20T09:15:01+00:00","dateModified":"2024-12-09T13:28:40+00:00","description":"Housse de coussin faite main en coton kiria et tapis Kilim vintage. Convient au format 40x50 ou 40x60 cm, selon le degr\u00e9 de remplissage souhait\u00e9.","breadcrumb":{"@id":"https:\/\/tibladin.dk\/produkt\/puder-vintage-kelim-ourika\/#breadcrumb"},"inLanguage":"fr-FR","potentialAction":[{"@type":"ReadAction","target":["https:\/\/tibladin.dk\/produkt\/puder-vintage-kelim-ourika\/"]}]},{"@type":"ImageObject","inLanguage":"fr-FR","@id":"https:\/\/tibladin.dk\/produkt\/puder-vintage-kelim-ourika\/#primaryimage","url":"https:\/\/tibladin.dk\/wp-content\/uploads\/2022\/09\/Ourik-puder_LS1-1.jpg","contentUrl":"https:\/\/tibladin.dk\/wp-content\/uploads\/2022\/09\/Ourik-puder_LS1-1.jpg","width":800,"height":800,"caption":"H\u00e5ndv\u00e6vede vintage kelim ourika pudebetr\u00e6k i hvidt beige m\u00f8nster p\u00e5 en sofa"},{"@type":"BreadcrumbList","@id":"https:\/\/tibladin.dk\/produkt\/puder-vintage-kelim-ourika\/#breadcrumb","itemListElement":[{"@type":"ListItem","position":1,"name":"Hjem","item":"https:\/\/tibladin.dk\/"},{"@type":"ListItem","position":2,"name":"Shop","item":"https:\/\/tibladin.dk\/shop\/"},{"@type":"ListItem","position":3,"name":"Puder vintage Kelim OURIKA"}]},{"@type":"WebSite","@id":"https:\/\/tibladin.dk\/#website","url":"https:\/\/tibladin.dk\/","name":"Tibladin","description":"Tibladin","publisher":{"@id":"https:\/\/tibladin.dk\/#organization"},"potentialAction":[{"@type":"SearchAction","target":{"@type":"EntryPoint","urlTemplate":"https:\/\/tibladin.dk\/?s={search_term_string}"},"query-input":{"@type":"PropertyValueSpecification","valueRequired":true,"valueName":"search_term_string"}}],"inLanguage":"fr-FR"},{"@type":"Organization","@id":"https:\/\/tibladin.dk\/#organization","name":"Tibladin","url":"https:\/\/tibladin.dk\/","logo":{"@type":"ImageObject","inLanguage":"fr-FR","@id":"https:\/\/tibladin.dk\/#\/schema\/logo\/image\/","url":"https:\/\/tibladin.dk\/wp-content\/uploads\/2022\/09\/tibladin_logo.svg","contentUrl":"https:\/\/tibladin.dk\/wp-content\/uploads\/2022\/09\/tibladin_logo.svg","caption":"Tibladin"},"image":{"@id":"https:\/\/tibladin.dk\/#\/schema\/logo\/image\/"}}]}},"_links":{"self":[{"href":"https:\/\/tibladin.dk\/fr\/wp-json\/wp\/v2\/product\/2298","targetHints":{"allow":["GET"]}}],"collection":[{"href":"https:\/\/tibladin.dk\/fr\/wp-json\/wp\/v2\/product"}],"about":[{"href":"https:\/\/tibladin.dk\/fr\/wp-json\/wp\/v2\/types\/product"}],"wp:featuredmedia":[{"embeddable":true,"href":"https:\/\/tibladin.dk\/fr\/wp-json\/wp\/v2\/media\/2370"}],"wp:attachment":[{"href":"https:\/\/tibladin.dk\/fr\/wp-json\/wp\/v2\/media?parent=2298"}],"wp:term":[{"taxonomy":"product_brand","embeddable":true,"href":"https:\/\/tibladin.dk\/fr\/wp-json\/wp\/v2\/product_brand?post=2298"},{"taxonomy":"product_cat","embeddable":true,"href":"https:\/\/tibladin.dk\/fr\/wp-json\/wp\/v2\/product_cat?post=2298"},{"taxonomy":"product_tag","embeddable":true,"href":"https:\/\/tibladin.dk\/fr\/wp-json\/wp\/v2\/product_tag?post=2298"}],"curies":[{"name":"wp","href":"https:\/\/api.w.org\/{rel}","templated":true}]}}