{"id":2307,"date":"2022-09-20T11:15:04","date_gmt":"2022-09-20T09:15:04","guid":{"rendered":"https:\/\/tibladin.dk\/vare\/baenk-med-flet-i-rafia\/"},"modified":"2026-01-08T15:46:39","modified_gmt":"2026-01-08T14:46:39","slug":"banc-avec-osier-en-raphia","status":"publish","type":"product","link":"https:\/\/tibladin.dk\/fr\/produkt\/baenk-med-flet-i-rafia\/","title":{"rendered":"Banc en rafia"},"content":{"rendered":"<div class=\"wpb-content-wrapper\"><div class=\"vc_row wpb_row vc_row-fluid\"><div class=\"wpb_column vc_column_container vc_col-sm-4\"><div class=\"vc_column-inner\"><div class=\"wpb_wrapper\"><\/div><\/div><\/div><div class=\"wpb_column vc_column_container vc_col-sm-4\"><div class=\"vc_column-inner\"><div class=\"wpb_wrapper\"><h3 style=\"text-align: left\" class=\"vc_custom_heading vc_do_custom_heading\" >Entretien<\/h3>\n\t<div class=\"wpb_text_column wpb_content_element\" >\n\t\t<div class=\"wpb_wrapper\">\n\t\t\t<p>Les tabourets en osier en raphia peuvent facilement \u00eatre essuy\u00e9s avec un chiffon humide.<\/p>\n\n\t\t<\/div>\n\t<\/div>\n<\/div><\/div><\/div><div class=\"wpb_column vc_column_container vc_col-sm-4\"><div class=\"vc_column-inner\"><div class=\"wpb_wrapper\"><h3 style=\"text-align: left\" class=\"vc_custom_heading vc_do_custom_heading\" >L&#039;histoire derri\u00e8re<\/h3>\n\t<div class=\"wpb_text_column wpb_content_element\" >\n\t\t<div class=\"wpb_wrapper\">\n\t\t\t<p><span style=\"font-weight: 400;\">Les tabourets hauts comme les petits tabourets sont une fa\u00e7on simple et efficace d&#039;agr\u00e9menter votre int\u00e9rieur et d&#039;y cr\u00e9er une ambiance exotique et personnelle. Ils apportent vie, chaleur et vari\u00e9t\u00e9, et se transforment en v\u00e9ritables petits objets d&#039;art. Tous mes tabourets sont fabriqu\u00e9s \u00e0 la main, ce qui les rend uniques. Je s\u00e9lectionne avec le plus grand soin les mat\u00e9riaux et les couleurs, et propose des tabourets en bois avec des cordes tress\u00e9es dans des teintes raffin\u00e9es et soigneusement choisies, qui, ensemble, cr\u00e9ent une \u00e9l\u00e9gante ambiance boh\u00e8me. Nous offrons une vari\u00e9t\u00e9 de tabourets diff\u00e9rents, chacun avec son propre charme.\u00a0<\/span><\/p>\n<p data-start=\"143\" data-end=\"626\">Les tabourets en cuir tress\u00e9 apportent chaleur, pr\u00e9sence et une touche exclusive qui se bonifie avec le temps, le mat\u00e9riau se patinant et acqu\u00e9rant une expression unique. Le cuir naturel cr\u00e9e un joli contraste avec la surface claire du bois et conf\u00e8re au tabouret une allure \u00e9l\u00e9gante et intemporelle.<\/p>\n<p data-start=\"628\" data-end=\"1086\">Pour un style plus l\u00e9ger et graphique, les tabourets en corde tress\u00e9e sont parfaits. Les cordes robustes sont tress\u00e9es \u00e0 la main selon de magnifiques motifs et dans des coloris soigneusement s\u00e9lectionn\u00e9s, apportant vie, personnalit\u00e9 et une touche boh\u00e8me. L&#039;association des couleurs, des motifs et des mati\u00e8res vous permet de choisir un tabouret qui s&#039;int\u00e8gre harmonieusement \u00e0 votre int\u00e9rieur ou qui affirme son caract\u00e8re unique.<\/p>\n<p><span style=\"font-weight: 400;\">Ces tabourets ronds sont en bois, et un d\u00e9tail charmant et original les distingue : l&#039;utilisation d&#039;un pneu recycl\u00e9 pour la fabrication de l&#039;assise. Solution \u00e0 la fois ludique et cr\u00e9ative, elle conf\u00e8re au meuble une histoire inattendue et une touche de modernit\u00e9. Un objet autrefois destin\u00e9 \u00e0 une toute autre fonction trouve ainsi une nouvelle vie et une nouvelle utilit\u00e9 dans la maison \u2013 transform\u00e9 de d\u00e9chet industriel en un meuble esth\u00e9tique et fonctionnel. Cette transformation donne du caract\u00e8re au tabouret et en fait un sujet de conversation qui suscite la curiosit\u00e9 et l&#039;enthousiasme.<\/span><\/p>\n<p><span style=\"font-weight: 400;\">Parall\u00e8lement, l&#039;utilisation de pneus constitue un choix durable et judicieux. Les pneus sont g\u00e9n\u00e9ralement difficiles \u00e0 recycler et finissent souvent par polluer l&#039;environnement. Leur recyclage dans la fabrication de meubles permet d&#039;allonger consid\u00e9rablement la dur\u00e9e de vie du mat\u00e9riau et de r\u00e9duire le besoin en mati\u00e8res premi\u00e8res vierges. L&#039;alliance du recyclage, du savoir-faire artisanal et de l&#039;esth\u00e9tique d\u00e9montre que durabilit\u00e9 et design peuvent parfaitement s&#039;harmoniser sans compromis sur la qualit\u00e9 ni l&#039;expression artistique.<\/span><\/p>\n<p><span style=\"font-weight: 400;\">L&#039;utilisation d&#039;un pneu comme base pour le tressage conf\u00e8re au tabouret une structure robuste et durable, le rendant id\u00e9al pour un usage quotidien. Ceci illustre la volont\u00e9 de Tibladin de cr\u00e9er des meubles \u00e0 la fois esth\u00e9tiques et responsables\u00a0: des meubles empreints d&#039;histoire et respectueux de l&#039;environnement et des personnes.<br \/>\n<\/span><\/p>\n<p data-start=\"107\" data-end=\"425\">Les tabourets en rotin tress\u00e9 d\u00e9gagent une impression de l\u00e9g\u00e8ret\u00e9, de naturel et d&#039;authenticit\u00e9 artisanale. Le rotin, mat\u00e9riau naturel \u00e0 la fois souple et r\u00e9sistant, est tress\u00e9 \u00e0 la main, cr\u00e9ant ainsi de magnifiques motifs harmonieux. De subtiles variations rendent chaque tabouret unique. L&#039;assise tress\u00e9e apporte une touche de l\u00e9g\u00e8ret\u00e9 et de fra\u00eecheur, et conf\u00e8re \u00e0 l&#039;int\u00e9rieur une atmosph\u00e8re chaleureuse et apaisante.<\/p>\n<p data-start=\"427\" data-end=\"691\">Le rotin est \u00e9galement un choix durable, car c&#039;est un mat\u00e9riau \u00e0 croissance rapide qui peut \u00eatre r\u00e9colt\u00e9 de mani\u00e8re respectueuse de l&#039;environnement. Associ\u00e9 \u00e0 la structure naturelle du bois, il permet de cr\u00e9er un tabouret intemporel et r\u00e9sistant, \u00e0 la fois si\u00e8ge pratique et \u00e9l\u00e9ment d\u00e9coratif pour la maison.<\/p>\n<p><span style=\"font-weight: 400;\">Ces tabourets sont fabriqu\u00e9s artisanalement par des femmes d&#039;une coop\u00e9rative situ\u00e9e au sud de Marrakech. Cette coop\u00e9rative emploie environ 160 femmes et contribue grandement \u00e0 l&#039;am\u00e9lioration des conditions de vie de nombreuses familles de ce petit village. En choisissant ce tabouret, vous acqu\u00e9rez non seulement un meuble \u00e0 la fois esth\u00e9tique et fonctionnel, mais vous soutenez \u00e9galement l&#039;artisanat traditionnel, une production durable et l&#039;\u00e9mancipation \u00e9conomique des femmes.<\/span><\/p>\n\n\t\t<\/div>\n\t<\/div>\n<\/div><\/div><\/div><\/div>\n<\/div>","protected":false},"excerpt":{"rendered":"<p class=\"p1\"><span class=\"s1\">Magnifique banc en bois et raphia. 80 cm de longueur et 40 cm de hauteur et de largeur. Leur taille peut varier l\u00e9g\u00e8rement.<\/span><\/p>\n<p class=\"p1\"><span class=\"s1\">Un meuble l\u00e9ger \u00e0 ajouter \u00e0 votre int\u00e9rieur pour une expression personnelle. Convient par ex. bon dans la chambre, dans le couloir et dans la salle de bain.<\/span><\/p>","protected":false},"featured_media":2304,"template":"","meta":{"inline_featured_image":false},"product_brand":[],"product_cat":[36,39,49],"product_tag":[],"class_list":{"0":"post-2307","1":"product","2":"type-product","3":"status-publish","4":"has-post-thumbnail","6":"product_cat-gaver-til-under-500-kr","7":"product_cat-moebler","8":"product_cat-skamler","10":"first","11":"instock","12":"featured","13":"taxable","14":"shipping-taxable","15":"purchasable","16":"product-type-simple"},"exclude_global_add_ons":[],"addons":[],"yoast_head":"<!-- This site is optimized with the Yoast SEO plugin v27.4 - https:\/\/yoast.com\/product\/yoast-seo-wordpress\/ -->\n<title>B\u00e6nk\/Skammel i tr\u00e6 med flet i rafia | Marokkansk interi\u00f8r | Tibladin<\/title>\n<meta name=\"description\" content=\"Skammel\/b\u00e6nk med flet af rafia. Kan let tils\u00e6ttes din indretning og give et personligt og bo\u00eame udtryk. Passer godt til entr\u00e9, sovere\u00e6relse og badev\u00e6relse\" \/>\n<meta name=\"robots\" content=\"index, follow, max-snippet:-1, max-image-preview:large, max-video-preview:-1\" \/>\n<link rel=\"canonical\" href=\"https:\/\/tibladin.dk\/fr\/produit-4\/banc-avec-osier-en-raphia\/\" \/>\n<meta property=\"og:locale\" content=\"fr_FR\" \/>\n<meta property=\"og:type\" content=\"article\" \/>\n<meta property=\"og:title\" content=\"B\u00e6nk\/Skammel i tr\u00e6 med flet i rafia | Marokkansk interi\u00f8r | Tibladin\" \/>\n<meta property=\"og:description\" content=\"Skammel\/b\u00e6nk med flet af rafia. Kan let tils\u00e6ttes din indretning og give et personligt og bo\u00eame udtryk. Passer godt til entr\u00e9, sovere\u00e6relse og badev\u00e6relse\" \/>\n<meta property=\"og:url\" content=\"https:\/\/tibladin.dk\/fr\/produit-4\/banc-avec-osier-en-raphia\/\" \/>\n<meta property=\"og:site_name\" content=\"Tibladin\" \/>\n<meta property=\"article:modified_time\" content=\"2026-01-08T14:46:39+00:00\" \/>\n<meta property=\"og:image\" content=\"https:\/\/tibladin.dk\/wp-content\/uploads\/2022\/09\/Tibladin_baenk-i-rafia-1.jpg\" \/>\n\t<meta property=\"og:image:width\" content=\"800\" \/>\n\t<meta property=\"og:image:height\" content=\"800\" \/>\n\t<meta property=\"og:image:type\" content=\"image\/jpeg\" \/>\n<meta name=\"twitter:card\" content=\"summary_large_image\" \/>\n<meta name=\"twitter:label1\" content=\"Dur\u00e9e de lecture estim\u00e9e\" \/>\n\t<meta name=\"twitter:data1\" content=\"4 minutes\" \/>\n<script type=\"application\/ld+json\" class=\"yoast-schema-graph\">{\"@context\":\"https:\\\/\\\/schema.org\",\"@graph\":[{\"@type\":\"WebPage\",\"@id\":\"https:\\\/\\\/tibladin.dk\\\/produkt\\\/baenk-med-flet-i-rafia\\\/\",\"url\":\"https:\\\/\\\/tibladin.dk\\\/produkt\\\/baenk-med-flet-i-rafia\\\/\",\"name\":\"B\u00e6nk\\\/Skammel i tr\u00e6 med flet i rafia | Marokkansk interi\u00f8r | Tibladin\",\"isPartOf\":{\"@id\":\"https:\\\/\\\/tibladin.dk\\\/#website\"},\"primaryImageOfPage\":{\"@id\":\"https:\\\/\\\/tibladin.dk\\\/produkt\\\/baenk-med-flet-i-rafia\\\/#primaryimage\"},\"image\":{\"@id\":\"https:\\\/\\\/tibladin.dk\\\/produkt\\\/baenk-med-flet-i-rafia\\\/#primaryimage\"},\"thumbnailUrl\":\"https:\\\/\\\/tibladin.dk\\\/wp-content\\\/uploads\\\/2022\\\/09\\\/Tibladin_baenk-i-rafia-1.jpg\",\"datePublished\":\"2022-09-20T09:15:04+00:00\",\"dateModified\":\"2026-01-08T14:46:39+00:00\",\"description\":\"Skammel\\\/b\u00e6nk med flet af rafia. Kan let tils\u00e6ttes din indretning og give et personligt og bo\u00eame udtryk. Passer godt til entr\u00e9, sovere\u00e6relse og badev\u00e6relse\",\"breadcrumb\":{\"@id\":\"https:\\\/\\\/tibladin.dk\\\/produkt\\\/baenk-med-flet-i-rafia\\\/#breadcrumb\"},\"inLanguage\":\"fr-FR\",\"potentialAction\":[{\"@type\":\"ReadAction\",\"target\":[\"https:\\\/\\\/tibladin.dk\\\/produkt\\\/baenk-med-flet-i-rafia\\\/\"]}]},{\"@type\":\"ImageObject\",\"inLanguage\":\"fr-FR\",\"@id\":\"https:\\\/\\\/tibladin.dk\\\/produkt\\\/baenk-med-flet-i-rafia\\\/#primaryimage\",\"url\":\"https:\\\/\\\/tibladin.dk\\\/wp-content\\\/uploads\\\/2022\\\/09\\\/Tibladin_baenk-i-rafia-1.jpg\",\"contentUrl\":\"https:\\\/\\\/tibladin.dk\\\/wp-content\\\/uploads\\\/2022\\\/09\\\/Tibladin_baenk-i-rafia-1.jpg\",\"width\":800,\"height\":800,\"caption\":\"Marokkansk h\u00e5ndlavet tr\u00e6b\u00e6nk med s\u00e6de af flettet rafia\"},{\"@type\":\"BreadcrumbList\",\"@id\":\"https:\\\/\\\/tibladin.dk\\\/produkt\\\/baenk-med-flet-i-rafia\\\/#breadcrumb\",\"itemListElement\":[{\"@type\":\"ListItem\",\"position\":1,\"name\":\"Hjem\",\"item\":\"https:\\\/\\\/tibladin.dk\\\/\"},{\"@type\":\"ListItem\",\"position\":2,\"name\":\"Shop\",\"item\":\"https:\\\/\\\/tibladin.dk\\\/shop\\\/\"},{\"@type\":\"ListItem\",\"position\":3,\"name\":\"B\u00e6nk med flet i rafia\"}]},{\"@type\":\"WebSite\",\"@id\":\"https:\\\/\\\/tibladin.dk\\\/#website\",\"url\":\"https:\\\/\\\/tibladin.dk\\\/\",\"name\":\"Tibladin\",\"description\":\"Tibladin\",\"publisher\":{\"@id\":\"https:\\\/\\\/tibladin.dk\\\/#organization\"},\"potentialAction\":[{\"@type\":\"SearchAction\",\"target\":{\"@type\":\"EntryPoint\",\"urlTemplate\":\"https:\\\/\\\/tibladin.dk\\\/?s={search_term_string}\"},\"query-input\":{\"@type\":\"PropertyValueSpecification\",\"valueRequired\":true,\"valueName\":\"search_term_string\"}}],\"inLanguage\":\"fr-FR\"},{\"@type\":\"Organization\",\"@id\":\"https:\\\/\\\/tibladin.dk\\\/#organization\",\"name\":\"Tibladin\",\"url\":\"https:\\\/\\\/tibladin.dk\\\/\",\"logo\":{\"@type\":\"ImageObject\",\"inLanguage\":\"fr-FR\",\"@id\":\"https:\\\/\\\/tibladin.dk\\\/#\\\/schema\\\/logo\\\/image\\\/\",\"url\":\"https:\\\/\\\/tibladin.dk\\\/wp-content\\\/uploads\\\/2022\\\/09\\\/tibladin_logo.svg\",\"contentUrl\":\"https:\\\/\\\/tibladin.dk\\\/wp-content\\\/uploads\\\/2022\\\/09\\\/tibladin_logo.svg\",\"caption\":\"Tibladin\"},\"image\":{\"@id\":\"https:\\\/\\\/tibladin.dk\\\/#\\\/schema\\\/logo\\\/image\\\/\"}}]}<\/script>\n<!-- \/ Yoast SEO plugin. -->","yoast_head_json":{"title":"Banc\/tabouret en bois avec osier en raphia | Int\u00e9rieur marocain | Tibladine","description":"Tabouret\/banc en raphia tress\u00e9. Peut facilement \u00eatre ajout\u00e9 \u00e0 votre d\u00e9cor et donner une expression personnelle et boh\u00e8me. Convient pour l&#039;entr\u00e9e, la chambre et la salle de bain","robots":{"index":"index","follow":"follow","max-snippet":"max-snippet:-1","max-image-preview":"max-image-preview:large","max-video-preview":"max-video-preview:-1"},"canonical":"https:\/\/tibladin.dk\/fr\/produit-4\/banc-avec-osier-en-raphia\/","og_locale":"fr_FR","og_type":"article","og_title":"B\u00e6nk\/Skammel i tr\u00e6 med flet i rafia | Marokkansk interi\u00f8r | Tibladin","og_description":"Skammel\/b\u00e6nk med flet af rafia. Kan let tils\u00e6ttes din indretning og give et personligt og bo\u00eame udtryk. Passer godt til entr\u00e9, sovere\u00e6relse og badev\u00e6relse","og_url":"https:\/\/tibladin.dk\/fr\/produit-4\/banc-avec-osier-en-raphia\/","og_site_name":"Tibladin","article_modified_time":"2026-01-08T14:46:39+00:00","og_image":[{"width":800,"height":800,"url":"https:\/\/tibladin.dk\/wp-content\/uploads\/2022\/09\/Tibladin_baenk-i-rafia-1.jpg","type":"image\/jpeg"}],"twitter_card":"summary_large_image","twitter_misc":{"Dur\u00e9e de lecture estim\u00e9e":"4 minutes"},"schema":{"@context":"https:\/\/schema.org","@graph":[{"@type":"WebPage","@id":"https:\/\/tibladin.dk\/produkt\/baenk-med-flet-i-rafia\/","url":"https:\/\/tibladin.dk\/produkt\/baenk-med-flet-i-rafia\/","name":"Banc\/tabouret en bois avec osier en raphia | Int\u00e9rieur marocain | Tibladine","isPartOf":{"@id":"https:\/\/tibladin.dk\/#website"},"primaryImageOfPage":{"@id":"https:\/\/tibladin.dk\/produkt\/baenk-med-flet-i-rafia\/#primaryimage"},"image":{"@id":"https:\/\/tibladin.dk\/produkt\/baenk-med-flet-i-rafia\/#primaryimage"},"thumbnailUrl":"https:\/\/tibladin.dk\/wp-content\/uploads\/2022\/09\/Tibladin_baenk-i-rafia-1.jpg","datePublished":"2022-09-20T09:15:04+00:00","dateModified":"2026-01-08T14:46:39+00:00","description":"Tabouret\/banc en raphia tress\u00e9. Peut facilement \u00eatre ajout\u00e9 \u00e0 votre d\u00e9cor et donner une expression personnelle et boh\u00e8me. Convient pour l&#039;entr\u00e9e, la chambre et la salle de bain","breadcrumb":{"@id":"https:\/\/tibladin.dk\/produkt\/baenk-med-flet-i-rafia\/#breadcrumb"},"inLanguage":"fr-FR","potentialAction":[{"@type":"ReadAction","target":["https:\/\/tibladin.dk\/produkt\/baenk-med-flet-i-rafia\/"]}]},{"@type":"ImageObject","inLanguage":"fr-FR","@id":"https:\/\/tibladin.dk\/produkt\/baenk-med-flet-i-rafia\/#primaryimage","url":"https:\/\/tibladin.dk\/wp-content\/uploads\/2022\/09\/Tibladin_baenk-i-rafia-1.jpg","contentUrl":"https:\/\/tibladin.dk\/wp-content\/uploads\/2022\/09\/Tibladin_baenk-i-rafia-1.jpg","width":800,"height":800,"caption":"Marokkansk h\u00e5ndlavet tr\u00e6b\u00e6nk med s\u00e6de af flettet rafia"},{"@type":"BreadcrumbList","@id":"https:\/\/tibladin.dk\/produkt\/baenk-med-flet-i-rafia\/#breadcrumb","itemListElement":[{"@type":"ListItem","position":1,"name":"Hjem","item":"https:\/\/tibladin.dk\/"},{"@type":"ListItem","position":2,"name":"Shop","item":"https:\/\/tibladin.dk\/shop\/"},{"@type":"ListItem","position":3,"name":"B\u00e6nk med flet i rafia"}]},{"@type":"WebSite","@id":"https:\/\/tibladin.dk\/#website","url":"https:\/\/tibladin.dk\/","name":"Tibladin","description":"Tibladin","publisher":{"@id":"https:\/\/tibladin.dk\/#organization"},"potentialAction":[{"@type":"SearchAction","target":{"@type":"EntryPoint","urlTemplate":"https:\/\/tibladin.dk\/?s={search_term_string}"},"query-input":{"@type":"PropertyValueSpecification","valueRequired":true,"valueName":"search_term_string"}}],"inLanguage":"fr-FR"},{"@type":"Organization","@id":"https:\/\/tibladin.dk\/#organization","name":"Tibladin","url":"https:\/\/tibladin.dk\/","logo":{"@type":"ImageObject","inLanguage":"fr-FR","@id":"https:\/\/tibladin.dk\/#\/schema\/logo\/image\/","url":"https:\/\/tibladin.dk\/wp-content\/uploads\/2022\/09\/tibladin_logo.svg","contentUrl":"https:\/\/tibladin.dk\/wp-content\/uploads\/2022\/09\/tibladin_logo.svg","caption":"Tibladin"},"image":{"@id":"https:\/\/tibladin.dk\/#\/schema\/logo\/image\/"}}]}},"_links":{"self":[{"href":"https:\/\/tibladin.dk\/fr\/wp-json\/wp\/v2\/product\/2307","targetHints":{"allow":["GET"]}}],"collection":[{"href":"https:\/\/tibladin.dk\/fr\/wp-json\/wp\/v2\/product"}],"about":[{"href":"https:\/\/tibladin.dk\/fr\/wp-json\/wp\/v2\/types\/product"}],"wp:featuredmedia":[{"embeddable":true,"href":"https:\/\/tibladin.dk\/fr\/wp-json\/wp\/v2\/media\/2304"}],"wp:attachment":[{"href":"https:\/\/tibladin.dk\/fr\/wp-json\/wp\/v2\/media?parent=2307"}],"wp:term":[{"taxonomy":"product_brand","embeddable":true,"href":"https:\/\/tibladin.dk\/fr\/wp-json\/wp\/v2\/product_brand?post=2307"},{"taxonomy":"product_cat","embeddable":true,"href":"https:\/\/tibladin.dk\/fr\/wp-json\/wp\/v2\/product_cat?post=2307"},{"taxonomy":"product_tag","embeddable":true,"href":"https:\/\/tibladin.dk\/fr\/wp-json\/wp\/v2\/product_tag?post=2307"}],"curies":[{"name":"wp","href":"https:\/\/api.w.org\/{rel}","templated":true}]}}