{"id":2336,"date":"2022-09-20T11:15:24","date_gmt":"2022-09-20T09:15:24","guid":{"rendered":"https:\/\/tibladin.dk\/?post_type=product&#038;p=2336"},"modified":"2026-01-03T06:45:25","modified_gmt":"2026-01-03T05:45:25","slug":"coussins-vintage-berbere-kilim-boho","status":"publish","type":"product","link":"https:\/\/tibladin.dk\/fr\/produkt\/puder-vintage-berber-kelim-boho\/","title":{"rendered":"Coussins Kilim berb\u00e8re ancien BOHO"},"content":{"rendered":"<div class=\"wpb-content-wrapper\"><div class=\"vc_row wpb_row vc_row-fluid\"><div class=\"wpb_column vc_column_container vc_col-sm-4\"><div class=\"vc_column-inner\"><div class=\"wpb_wrapper\"><\/div><\/div><\/div><div class=\"wpb_column vc_column_container vc_col-sm-4\"><div class=\"vc_column-inner\"><div class=\"wpb_wrapper\"><h3 style=\"text-align: left\" class=\"vc_custom_heading vc_do_custom_heading\" >Entretien<\/h3>\n\t<div class=\"wpb_text_column wpb_content_element\" >\n\t\t<div class=\"wpb_wrapper\">\n\t\t\t<p>Les taies d&#039;oreiller sont en coton kiria avec des d\u00e9tails de tapis Kilim vintage en laine. Nettoyage \u00e0 sec chez un nettoyeur \u00e0 sec. Les housses contenant des morceaux de tapis Kelim vintage, il y aura des traces d&#039;utilisation dessus, ce qui ne fait qu&#039;une partie du charme.<\/p>\n\n\t\t<\/div>\n\t<\/div>\n<\/div><\/div><\/div><div class=\"wpb_column vc_column_container vc_col-sm-4\"><div class=\"vc_column-inner\"><div class=\"wpb_wrapper\"><h3 style=\"text-align: left\" class=\"vc_custom_heading vc_do_custom_heading\" >L&#039;histoire derri\u00e8re<\/h3>\n\t<div class=\"wpb_text_column wpb_content_element\" >\n\t\t<div class=\"wpb_wrapper\">\n\t\t\t<p>Ces magnifiques housses de coussin faites \u00e0 la main sont fabriqu\u00e9es \u00e0 partir de coton kiria et de parties de tapis berb\u00e8res Kilim vintage en laine. Ici, les tapis vintage du Maroc retrouvent une nouvelle vie dans une housse de coussin qui combine l&#039;expression simple du coton kiria avec les magnifiques motifs, d\u00e9corations et textiles des tapis Kilim. Les tapis berb\u00e8res Kilim vintage poss\u00e8dent \u00e9galement de fines franges et des paillettes qui donnent un look boh\u00e8me. Les magnifiques tapis vintage apportent des couleurs et des motifs passionnants dans la maison, et selon le vieux tapis berb\u00e8re que nous avons choisi d&#039;utiliser, vous obtiendrez un oreiller tout \u00e0 fait unique. Nous avons \u00e9galement ajout\u00e9 de gros et jolis pompons dans les deux coins sup\u00e9rieurs, lui donnant une touche boh\u00e8me ludique. Les coussins s&#039;int\u00e8grent parfaitement dans la maison scandinave, o\u00f9 les belles couleurs compl\u00e8tent un style simple et chaleureux. D\u00e9velopp\u00e9 en collaboration avec un designer de Marrakech.<\/p>\n<p>Les housses ont une fermeture \u00e9clair solide pour pouvoir \u00eatre retir\u00e9es et nettoy\u00e9es.<\/p>\n<p>Les couvercles s&#039;adaptent aux supports de montage 40 x 60.<\/p>\n\n\t\t<\/div>\n\t<\/div>\n<\/div><\/div><\/div><\/div>\n<\/div>","protected":false},"excerpt":{"rendered":"<p>Magnifiques housses de coussin faites main en coton kiria et tapis berb\u00e8res vintage Kilim en laine. Ici, les tapis vintage du Maroc retrouvent une nouvelle vie dans une housse de coussin qui combine l&#039;expression simple du coton kiria avec les magnifiques motifs, d\u00e9corations et textiles des tapis Kilim. Les tapis berb\u00e8res Kilim vintage poss\u00e8dent \u00e9galement de fines franges et des paillettes qui donnent un look boh\u00e8me. Nous avons \u00e9galement ajout\u00e9 de gros et beaux pompons dans les deux coins sup\u00e9rieurs, ce qui donne un look sympa et ludique.<\/p>\n<p>Le couvercle mesure 40 x 60 et s&#039;adapte aux supports de montage de 40 x 60 ou 50 x 60, selon le niveau de remplissage souhait\u00e9 du support de montage.<\/p>\n<p>Les housses de coussin sont fournies sans coussins, mais un coussin de montage peut \u00eatre achet\u00e9 en plus.<\/p>\n<p>&nbsp;<\/p>\n<p>&nbsp;<\/p>","protected":false},"featured_media":2388,"template":"","meta":{"inline_featured_image":false},"product_brand":[],"product_cat":[66,37],"product_tag":[],"class_list":{"0":"post-2336","1":"product","2":"type-product","3":"status-publish","4":"has-post-thumbnail","6":"product_cat-pudebetraek","7":"product_cat-tekstiler","9":"first","10":"outofstock","11":"taxable","12":"shipping-taxable","13":"purchasable","14":"product-type-variable"},"exclude_global_add_ons":false,"addons":[{"name":"Vous souhaitez un emballage cadeau ?","type":"checkbox","position":0,"required":false,"title_format":"label","default":"","description_enable":false,"description":"","placeholder_enable":false,"placeholder":"","display":"images","restrictions_type":"any_text","adjust_price":false,"price":"","price_type":"flat_fee","restrictions":false,"min":"0","max":"0","options":[{"label":"Ja tak","price":"10","price_type":"flat_fee","image":11015,"visibility":true}],"id":1669646111}],"yoast_head":"<!-- This site is optimized with the Yoast SEO plugin v27.5 - https:\/\/yoast.com\/product\/yoast-seo-wordpress\/ -->\n<title>Pude med vintage berber Kelimt\u00e6pper | H\u00e5ndlavede i Marokko<\/title>\n<meta name=\"description\" content=\"Flotte boho pudebetr\u00e6k i kiria bomuld og vintage berber Kelimt\u00e6pper. Passer til 40x60 eller 50x60 cm, alt efter hvor fyldig puden \u00f8nskes.\" \/>\n<meta name=\"robots\" content=\"index, follow, max-snippet:-1, max-image-preview:large, max-video-preview:-1\" \/>\n<link rel=\"canonical\" href=\"https:\/\/tibladin.dk\/fr\/produit-4\/coussins-vintage-berbere-kilim-boho\/\" \/>\n<meta property=\"og:locale\" content=\"fr_FR\" \/>\n<meta property=\"og:type\" content=\"article\" \/>\n<meta property=\"og:title\" content=\"Pude med vintage berber Kelimt\u00e6pper | H\u00e5ndlavede i Marokko\" \/>\n<meta property=\"og:description\" content=\"Flotte boho pudebetr\u00e6k i kiria bomuld og vintage berber Kelimt\u00e6pper. Passer til 40x60 eller 50x60 cm, alt efter hvor fyldig puden \u00f8nskes.\" \/>\n<meta property=\"og:url\" content=\"https:\/\/tibladin.dk\/fr\/produit-4\/coussins-vintage-berbere-kilim-boho\/\" \/>\n<meta property=\"og:site_name\" content=\"Tibladin\" \/>\n<meta property=\"article:modified_time\" content=\"2026-01-03T05:45:25+00:00\" \/>\n<meta property=\"og:image\" content=\"https:\/\/tibladin.dk\/wp-content\/uploads\/2022\/09\/Tibladin_marokkanske-puder-Boho-1.jpg\" \/>\n\t<meta property=\"og:image:width\" content=\"800\" \/>\n\t<meta property=\"og:image:height\" content=\"800\" \/>\n\t<meta property=\"og:image:type\" content=\"image\/jpeg\" \/>\n<meta name=\"twitter:card\" content=\"summary_large_image\" \/>\n<meta name=\"twitter:label1\" content=\"Dur\u00e9e de lecture estim\u00e9e\" \/>\n\t<meta name=\"twitter:data1\" content=\"2 minutes\" \/>\n<script type=\"application\/ld+json\" class=\"yoast-schema-graph\">{\"@context\":\"https:\\\/\\\/schema.org\",\"@graph\":[{\"@type\":\"WebPage\",\"@id\":\"https:\\\/\\\/tibladin.dk\\\/produkt\\\/puder-vintage-berber-kelim-boho\\\/\",\"url\":\"https:\\\/\\\/tibladin.dk\\\/produkt\\\/puder-vintage-berber-kelim-boho\\\/\",\"name\":\"Pude med vintage berber Kelimt\u00e6pper | H\u00e5ndlavede i Marokko\",\"isPartOf\":{\"@id\":\"https:\\\/\\\/tibladin.dk\\\/#website\"},\"primaryImageOfPage\":{\"@id\":\"https:\\\/\\\/tibladin.dk\\\/produkt\\\/puder-vintage-berber-kelim-boho\\\/#primaryimage\"},\"image\":{\"@id\":\"https:\\\/\\\/tibladin.dk\\\/produkt\\\/puder-vintage-berber-kelim-boho\\\/#primaryimage\"},\"thumbnailUrl\":\"https:\\\/\\\/tibladin.dk\\\/wp-content\\\/uploads\\\/2022\\\/09\\\/Tibladin_marokkanske-puder-Boho-1.jpg\",\"datePublished\":\"2022-09-20T09:15:24+00:00\",\"dateModified\":\"2026-01-03T05:45:25+00:00\",\"description\":\"Flotte boho pudebetr\u00e6k i kiria bomuld og vintage berber Kelimt\u00e6pper. Passer til 40x60 eller 50x60 cm, alt efter hvor fyldig puden \u00f8nskes.\",\"breadcrumb\":{\"@id\":\"https:\\\/\\\/tibladin.dk\\\/produkt\\\/puder-vintage-berber-kelim-boho\\\/#breadcrumb\"},\"inLanguage\":\"fr-FR\",\"potentialAction\":[{\"@type\":\"ReadAction\",\"target\":[\"https:\\\/\\\/tibladin.dk\\\/produkt\\\/puder-vintage-berber-kelim-boho\\\/\"]}]},{\"@type\":\"ImageObject\",\"inLanguage\":\"fr-FR\",\"@id\":\"https:\\\/\\\/tibladin.dk\\\/produkt\\\/puder-vintage-berber-kelim-boho\\\/#primaryimage\",\"url\":\"https:\\\/\\\/tibladin.dk\\\/wp-content\\\/uploads\\\/2022\\\/09\\\/Tibladin_marokkanske-puder-Boho-1.jpg\",\"contentUrl\":\"https:\\\/\\\/tibladin.dk\\\/wp-content\\\/uploads\\\/2022\\\/09\\\/Tibladin_marokkanske-puder-Boho-1.jpg\",\"width\":800,\"height\":800,\"caption\":\"H\u00e5ndv\u00e6vede vintage kelim boho pudebetr\u00e6k i r\u00f8d og beige med marokkansk m\u00f8nster med kvaster p\u00e5 kanterne st\u00e5ende p\u00e5 en puf\"},{\"@type\":\"BreadcrumbList\",\"@id\":\"https:\\\/\\\/tibladin.dk\\\/produkt\\\/puder-vintage-berber-kelim-boho\\\/#breadcrumb\",\"itemListElement\":[{\"@type\":\"ListItem\",\"position\":1,\"name\":\"Hjem\",\"item\":\"https:\\\/\\\/tibladin.dk\\\/\"},{\"@type\":\"ListItem\",\"position\":2,\"name\":\"Shop\",\"item\":\"https:\\\/\\\/tibladin.dk\\\/shop\\\/\"},{\"@type\":\"ListItem\",\"position\":3,\"name\":\"Puder vintage berber kelim BOHO\"}]},{\"@type\":\"WebSite\",\"@id\":\"https:\\\/\\\/tibladin.dk\\\/#website\",\"url\":\"https:\\\/\\\/tibladin.dk\\\/\",\"name\":\"Tibladin\",\"description\":\"Tibladin\",\"publisher\":{\"@id\":\"https:\\\/\\\/tibladin.dk\\\/#organization\"},\"potentialAction\":[{\"@type\":\"SearchAction\",\"target\":{\"@type\":\"EntryPoint\",\"urlTemplate\":\"https:\\\/\\\/tibladin.dk\\\/?s={search_term_string}\"},\"query-input\":{\"@type\":\"PropertyValueSpecification\",\"valueRequired\":true,\"valueName\":\"search_term_string\"}}],\"inLanguage\":\"fr-FR\"},{\"@type\":\"Organization\",\"@id\":\"https:\\\/\\\/tibladin.dk\\\/#organization\",\"name\":\"Tibladin\",\"url\":\"https:\\\/\\\/tibladin.dk\\\/\",\"logo\":{\"@type\":\"ImageObject\",\"inLanguage\":\"fr-FR\",\"@id\":\"https:\\\/\\\/tibladin.dk\\\/#\\\/schema\\\/logo\\\/image\\\/\",\"url\":\"https:\\\/\\\/tibladin.dk\\\/wp-content\\\/uploads\\\/2022\\\/09\\\/tibladin_logo.svg\",\"contentUrl\":\"https:\\\/\\\/tibladin.dk\\\/wp-content\\\/uploads\\\/2022\\\/09\\\/tibladin_logo.svg\",\"caption\":\"Tibladin\"},\"image\":{\"@id\":\"https:\\\/\\\/tibladin.dk\\\/#\\\/schema\\\/logo\\\/image\\\/\"}}]}<\/script>\n<!-- \/ Yoast SEO plugin. -->","yoast_head_json":{"title":"Coussin avec tapis berb\u00e8res Kilim vintage | Fait main au Maroc","description":"Magnifiques housses de coussin boh\u00e8me en coton kiria et tapis berb\u00e8res Kilim vintage. Convient aux dimensions 40x60 ou 50x60 cm, selon le volume souhait\u00e9 de l&#039;oreiller.","robots":{"index":"index","follow":"follow","max-snippet":"max-snippet:-1","max-image-preview":"max-image-preview:large","max-video-preview":"max-video-preview:-1"},"canonical":"https:\/\/tibladin.dk\/fr\/produit-4\/coussins-vintage-berbere-kilim-boho\/","og_locale":"fr_FR","og_type":"article","og_title":"Pude med vintage berber Kelimt\u00e6pper | H\u00e5ndlavede i Marokko","og_description":"Flotte boho pudebetr\u00e6k i kiria bomuld og vintage berber Kelimt\u00e6pper. Passer til 40x60 eller 50x60 cm, alt efter hvor fyldig puden \u00f8nskes.","og_url":"https:\/\/tibladin.dk\/fr\/produit-4\/coussins-vintage-berbere-kilim-boho\/","og_site_name":"Tibladin","article_modified_time":"2026-01-03T05:45:25+00:00","og_image":[{"width":800,"height":800,"url":"https:\/\/tibladin.dk\/wp-content\/uploads\/2022\/09\/Tibladin_marokkanske-puder-Boho-1.jpg","type":"image\/jpeg"}],"twitter_card":"summary_large_image","twitter_misc":{"Dur\u00e9e de lecture estim\u00e9e":"2 minutes"},"schema":{"@context":"https:\/\/schema.org","@graph":[{"@type":"WebPage","@id":"https:\/\/tibladin.dk\/produkt\/puder-vintage-berber-kelim-boho\/","url":"https:\/\/tibladin.dk\/produkt\/puder-vintage-berber-kelim-boho\/","name":"Coussin avec tapis berb\u00e8res Kilim vintage | Fait main au Maroc","isPartOf":{"@id":"https:\/\/tibladin.dk\/#website"},"primaryImageOfPage":{"@id":"https:\/\/tibladin.dk\/produkt\/puder-vintage-berber-kelim-boho\/#primaryimage"},"image":{"@id":"https:\/\/tibladin.dk\/produkt\/puder-vintage-berber-kelim-boho\/#primaryimage"},"thumbnailUrl":"https:\/\/tibladin.dk\/wp-content\/uploads\/2022\/09\/Tibladin_marokkanske-puder-Boho-1.jpg","datePublished":"2022-09-20T09:15:24+00:00","dateModified":"2026-01-03T05:45:25+00:00","description":"Magnifiques housses de coussin boh\u00e8me en coton kiria et tapis berb\u00e8res Kilim vintage. Convient aux dimensions 40x60 ou 50x60 cm, selon le volume souhait\u00e9 de l&#039;oreiller.","breadcrumb":{"@id":"https:\/\/tibladin.dk\/produkt\/puder-vintage-berber-kelim-boho\/#breadcrumb"},"inLanguage":"fr-FR","potentialAction":[{"@type":"ReadAction","target":["https:\/\/tibladin.dk\/produkt\/puder-vintage-berber-kelim-boho\/"]}]},{"@type":"ImageObject","inLanguage":"fr-FR","@id":"https:\/\/tibladin.dk\/produkt\/puder-vintage-berber-kelim-boho\/#primaryimage","url":"https:\/\/tibladin.dk\/wp-content\/uploads\/2022\/09\/Tibladin_marokkanske-puder-Boho-1.jpg","contentUrl":"https:\/\/tibladin.dk\/wp-content\/uploads\/2022\/09\/Tibladin_marokkanske-puder-Boho-1.jpg","width":800,"height":800,"caption":"H\u00e5ndv\u00e6vede vintage kelim boho pudebetr\u00e6k i r\u00f8d og beige med marokkansk m\u00f8nster med kvaster p\u00e5 kanterne st\u00e5ende p\u00e5 en puf"},{"@type":"BreadcrumbList","@id":"https:\/\/tibladin.dk\/produkt\/puder-vintage-berber-kelim-boho\/#breadcrumb","itemListElement":[{"@type":"ListItem","position":1,"name":"Hjem","item":"https:\/\/tibladin.dk\/"},{"@type":"ListItem","position":2,"name":"Shop","item":"https:\/\/tibladin.dk\/shop\/"},{"@type":"ListItem","position":3,"name":"Puder vintage berber kelim BOHO"}]},{"@type":"WebSite","@id":"https:\/\/tibladin.dk\/#website","url":"https:\/\/tibladin.dk\/","name":"Tibladin","description":"Tibladin","publisher":{"@id":"https:\/\/tibladin.dk\/#organization"},"potentialAction":[{"@type":"SearchAction","target":{"@type":"EntryPoint","urlTemplate":"https:\/\/tibladin.dk\/?s={search_term_string}"},"query-input":{"@type":"PropertyValueSpecification","valueRequired":true,"valueName":"search_term_string"}}],"inLanguage":"fr-FR"},{"@type":"Organization","@id":"https:\/\/tibladin.dk\/#organization","name":"Tibladin","url":"https:\/\/tibladin.dk\/","logo":{"@type":"ImageObject","inLanguage":"fr-FR","@id":"https:\/\/tibladin.dk\/#\/schema\/logo\/image\/","url":"https:\/\/tibladin.dk\/wp-content\/uploads\/2022\/09\/tibladin_logo.svg","contentUrl":"https:\/\/tibladin.dk\/wp-content\/uploads\/2022\/09\/tibladin_logo.svg","caption":"Tibladin"},"image":{"@id":"https:\/\/tibladin.dk\/#\/schema\/logo\/image\/"}}]}},"_links":{"self":[{"href":"https:\/\/tibladin.dk\/fr\/wp-json\/wp\/v2\/product\/2336","targetHints":{"allow":["GET"]}}],"collection":[{"href":"https:\/\/tibladin.dk\/fr\/wp-json\/wp\/v2\/product"}],"about":[{"href":"https:\/\/tibladin.dk\/fr\/wp-json\/wp\/v2\/types\/product"}],"wp:featuredmedia":[{"embeddable":true,"href":"https:\/\/tibladin.dk\/fr\/wp-json\/wp\/v2\/media\/2388"}],"wp:attachment":[{"href":"https:\/\/tibladin.dk\/fr\/wp-json\/wp\/v2\/media?parent=2336"}],"wp:term":[{"taxonomy":"product_brand","embeddable":true,"href":"https:\/\/tibladin.dk\/fr\/wp-json\/wp\/v2\/product_brand?post=2336"},{"taxonomy":"product_cat","embeddable":true,"href":"https:\/\/tibladin.dk\/fr\/wp-json\/wp\/v2\/product_cat?post=2336"},{"taxonomy":"product_tag","embeddable":true,"href":"https:\/\/tibladin.dk\/fr\/wp-json\/wp\/v2\/product_tag?post=2336"}],"curies":[{"name":"wp","href":"https:\/\/api.w.org\/{rel}","templated":true}]}}