{"id":2376,"date":"2022-09-20T11:15:47","date_gmt":"2022-09-20T09:15:47","guid":{"rendered":"https:\/\/tibladin.dk\/?post_type=product&#038;p=2376"},"modified":"2025-05-12T08:58:45","modified_gmt":"2025-05-12T06:58:45","slug":"robe-taille-m-differentes-couleurs","status":"publish","type":"product","link":"https:\/\/tibladin.dk\/fr\/produkt\/kjole-str-m-diverse-farver\/","title":{"rendered":"Robe taille M (diff\u00e9rentes couleurs)"},"content":{"rendered":"<div class=\"wpb-content-wrapper\"><div class=\"vc_row wpb_row vc_row-fluid\"><div class=\"wpb_column vc_column_container vc_col-sm-4\"><div class=\"vc_column-inner\"><div class=\"wpb_wrapper\"><\/div><\/div><\/div><div class=\"wpb_column vc_column_container vc_col-sm-4\"><div class=\"vc_column-inner\"><div class=\"wpb_wrapper\"><h3 style=\"text-align: left\" class=\"vc_custom_heading vc_do_custom_heading\" >Entretien<\/h3>\n\t<div class=\"wpb_text_column wpb_content_element\" >\n\t\t<div class=\"wpb_wrapper\">\n\t\t\t<p>Les robes sont en coton 100% et peuvent donc \u00eatre lav\u00e9es en machine jusqu&#039;\u00e0 40 degr\u00e9s. Nous recommandons \u00e9galement de repasser les robes \u00e0 la vapeur pour \u00e9viter les plis et les plis.<\/p>\n\n\t\t<\/div>\n\t<\/div>\n<\/div><\/div><\/div><div class=\"wpb_column vc_column_container vc_col-sm-4\"><div class=\"vc_column-inner\"><div class=\"wpb_wrapper\"><h3 style=\"text-align: left\" class=\"vc_custom_heading vc_do_custom_heading\" >L&#039;histoire derri\u00e8re<\/h3>\n\t<div class=\"wpb_text_column wpb_content_element\" >\n\t\t<div class=\"wpb_wrapper\">\n\t\t\t<p>Ces belles robes marocaines sont cousues main en coton 100% et rayonnent de vie et de couleur. Les robes sont confectionn\u00e9es en collaboration avec un cr\u00e9ateur et tailleur qualifi\u00e9 \u00e0 Marrakech, et ensemble nous avons choisi les couleurs, les mati\u00e8res et les motifs pour chaque robe. Cela les rend compl\u00e8tement uniques : il n\u2019y en a qu\u2019un de chaque et les mod\u00e8les des robes ne peuvent \u00eatre trouv\u00e9s nulle part ailleurs. La coupe des robes est ample et confortable, mais en m\u00eame temps flatteuse et \u00e9l\u00e9gante. Ils combinent tout le meilleur des motifs, de belles couleurs et d&#039;un bon savoir-faire. La robe peut \u00eatre utilis\u00e9e aussi bien \u00e0 la maison, au bureau que pour une sortie \u00e0 la plage ou sur la terrasse par une chaude journ\u00e9e d&#039;\u00e9t\u00e9.<\/p>\n<p>Les robes de la Str. M est disponible en 3 designs diff\u00e9rents et passionnants dans la cat\u00e9gorie \u00ab\u00a0diff\u00e9rentes couleurs\u00a0\u00bb.<\/p>\n\n\t\t<\/div>\n\t<\/div>\n<\/div><\/div><\/div><\/div>\n<\/div>","protected":false},"excerpt":{"rendered":"<p class=\"p1\">Magnifiques robes cousues main en coton 100%. Les robes sont confectionn\u00e9es en collaboration avec un cr\u00e9ateur et un tailleur qualifi\u00e9 \u00e0 Marrakech, et chaque mod\u00e8le est compl\u00e8tement unique. Les robes sont disponibles dans un large choix de beaux motifs et de couleurs, et leur coupe est ample, confortable et \u00e9l\u00e9gante. Les robes ont une jolie fente de chaque c\u00f4t\u00e9. Parfait pour la vie quotidienne et une sortie \u00e0 la plage. Les robes de la cat\u00e9gorie M conviennent \u00e0 la plupart des gens du S au M et au L. Les robes de la taille M sont divis\u00e9es en deux cat\u00e9gories, \u00ab divers \u00bb et \u00ab tons bleus \u00bb, alors lancez-vous dans notre univers mode.<\/p>\n<p>Les robes de la Str. Le M est disponible en trois mod\u00e8les diff\u00e9rents qui mesurent les \u00e9l\u00e9ments suivants\u00a0:<\/p>\n<p>Prairie poussi\u00e9reuse\u00a0: | \u00c9paule : 42 cm | Taille : 61 cm | Longueur : 133 | Longueur des manches : 33 cm | Fente : 34 cm | Encolure : 9 cm |<\/p>\n<p>Pot de fleurs\u00a0: | \u00c9paule : 41 cm | Taille : 56 cm | Longueur : 140 | Longueur des manches : 34 cm | Fente : 33 cm | Encolure : 13 cm |<\/p>\n<p>Esp\u00e8ce\u00a0: | \u00c9paule : 41 cm | Taille : 60 cm | Longueur : 128 cm| Longueur des manches : 33 cm | Fente : 32 cm | Encolure : 15 cm |<\/p>\n<p>&nbsp;<\/p>\n<p>&nbsp;<\/p>\n<p>&nbsp;<\/p>","protected":false},"featured_media":2459,"template":"","meta":{"inline_featured_image":false},"product_brand":[],"product_cat":[27,109],"product_tag":[],"class_list":{"0":"post-2376","1":"product","2":"type-product","3":"status-publish","4":"has-post-thumbnail","6":"product_cat-diverse","7":"product_cat-kjoler","9":"first","10":"instock","11":"taxable","12":"shipping-taxable","13":"purchasable","14":"product-type-variable"},"exclude_global_add_ons":false,"addons":[{"name":"Vous souhaitez un emballage cadeau ?","type":"checkbox","position":0,"required":false,"title_format":"label","default":"","description_enable":false,"description":"","placeholder_enable":false,"placeholder":"","display":"images","restrictions_type":"any_text","adjust_price":false,"price":"","price_type":"flat_fee","restrictions":false,"min":"0","max":"0","options":[{"label":"Ja tak","price":"10","price_type":"flat_fee","image":11015,"visibility":true}],"id":1669646111}],"yoast_head":"<!-- This site is optimized with the Yoast SEO plugin v27.4 - https:\/\/yoast.com\/product\/yoast-seo-wordpress\/ -->\n<title>H\u00e5ndlavet Marokkansk kjole | Unika design | Tibladin |<\/title>\n<meta name=\"description\" content=\"Flotte h\u00e5ndsyede kjoler i 100% bomuld. Udviklet i samarbejde med dygtig designer og skr\u00e6dder i Marrakech. Unikke og farvestr\u00e5lende materialer.\" \/>\n<meta name=\"robots\" content=\"index, follow, max-snippet:-1, max-image-preview:large, max-video-preview:-1\" \/>\n<link rel=\"canonical\" href=\"https:\/\/tibladin.dk\/fr\/produit-4\/robe-taille-m-differentes-couleurs\/\" \/>\n<meta property=\"og:locale\" content=\"fr_FR\" \/>\n<meta property=\"og:type\" content=\"article\" \/>\n<meta property=\"og:title\" content=\"H\u00e5ndlavet Marokkansk kjole | Unika design | Tibladin |\" \/>\n<meta property=\"og:description\" content=\"Flotte h\u00e5ndsyede kjoler i 100% bomuld. Udviklet i samarbejde med dygtig designer og skr\u00e6dder i Marrakech. Unikke og farvestr\u00e5lende materialer.\" \/>\n<meta property=\"og:url\" content=\"https:\/\/tibladin.dk\/fr\/produit-4\/robe-taille-m-differentes-couleurs\/\" \/>\n<meta property=\"og:site_name\" content=\"Tibladin\" \/>\n<meta property=\"article:modified_time\" content=\"2025-05-12T06:58:45+00:00\" \/>\n<meta property=\"og:image\" content=\"https:\/\/tibladin.dk\/wp-content\/uploads\/2022\/09\/Tibladin_marokkansk-kjole-dusty-meadow_LS2-1.jpg\" \/>\n\t<meta property=\"og:image:width\" content=\"800\" \/>\n\t<meta property=\"og:image:height\" content=\"800\" \/>\n\t<meta property=\"og:image:type\" content=\"image\/jpeg\" \/>\n<meta name=\"twitter:card\" content=\"summary_large_image\" \/>\n<meta name=\"twitter:label1\" content=\"Dur\u00e9e de lecture estim\u00e9e\" \/>\n\t<meta name=\"twitter:data1\" content=\"2 minutes\" \/>\n<script type=\"application\/ld+json\" class=\"yoast-schema-graph\">{\"@context\":\"https:\\\/\\\/schema.org\",\"@graph\":[{\"@type\":\"WebPage\",\"@id\":\"https:\\\/\\\/tibladin.dk\\\/produkt\\\/kjole-str-m-diverse-farver\\\/\",\"url\":\"https:\\\/\\\/tibladin.dk\\\/produkt\\\/kjole-str-m-diverse-farver\\\/\",\"name\":\"H\u00e5ndlavet Marokkansk kjole | Unika design | Tibladin |\",\"isPartOf\":{\"@id\":\"https:\\\/\\\/tibladin.dk\\\/#website\"},\"primaryImageOfPage\":{\"@id\":\"https:\\\/\\\/tibladin.dk\\\/produkt\\\/kjole-str-m-diverse-farver\\\/#primaryimage\"},\"image\":{\"@id\":\"https:\\\/\\\/tibladin.dk\\\/produkt\\\/kjole-str-m-diverse-farver\\\/#primaryimage\"},\"thumbnailUrl\":\"https:\\\/\\\/tibladin.dk\\\/wp-content\\\/uploads\\\/2022\\\/09\\\/Tibladin_marokkansk-kjole-dusty-meadow_LS2-1.jpg\",\"datePublished\":\"2022-09-20T09:15:47+00:00\",\"dateModified\":\"2025-05-12T06:58:45+00:00\",\"description\":\"Flotte h\u00e5ndsyede kjoler i 100% bomuld. Udviklet i samarbejde med dygtig designer og skr\u00e6dder i Marrakech. Unikke og farvestr\u00e5lende materialer.\",\"breadcrumb\":{\"@id\":\"https:\\\/\\\/tibladin.dk\\\/produkt\\\/kjole-str-m-diverse-farver\\\/#breadcrumb\"},\"inLanguage\":\"fr-FR\",\"potentialAction\":[{\"@type\":\"ReadAction\",\"target\":[\"https:\\\/\\\/tibladin.dk\\\/produkt\\\/kjole-str-m-diverse-farver\\\/\"]}]},{\"@type\":\"ImageObject\",\"inLanguage\":\"fr-FR\",\"@id\":\"https:\\\/\\\/tibladin.dk\\\/produkt\\\/kjole-str-m-diverse-farver\\\/#primaryimage\",\"url\":\"https:\\\/\\\/tibladin.dk\\\/wp-content\\\/uploads\\\/2022\\\/09\\\/Tibladin_marokkansk-kjole-dusty-meadow_LS2-1.jpg\",\"contentUrl\":\"https:\\\/\\\/tibladin.dk\\\/wp-content\\\/uploads\\\/2022\\\/09\\\/Tibladin_marokkansk-kjole-dusty-meadow_LS2-1.jpg\",\"width\":800,\"height\":800,\"caption\":\"Model i marokkansk h\u00e5ndv\u00e6vet kjole i lysegr\u00f8n med hvide prikker\"},{\"@type\":\"BreadcrumbList\",\"@id\":\"https:\\\/\\\/tibladin.dk\\\/produkt\\\/kjole-str-m-diverse-farver\\\/#breadcrumb\",\"itemListElement\":[{\"@type\":\"ListItem\",\"position\":1,\"name\":\"Hjem\",\"item\":\"https:\\\/\\\/tibladin.dk\\\/\"},{\"@type\":\"ListItem\",\"position\":2,\"name\":\"Shop\",\"item\":\"https:\\\/\\\/tibladin.dk\\\/shop\\\/\"},{\"@type\":\"ListItem\",\"position\":3,\"name\":\"Kjole str. M (diverse farver)\"}]},{\"@type\":\"WebSite\",\"@id\":\"https:\\\/\\\/tibladin.dk\\\/#website\",\"url\":\"https:\\\/\\\/tibladin.dk\\\/\",\"name\":\"Tibladin\",\"description\":\"Tibladin\",\"publisher\":{\"@id\":\"https:\\\/\\\/tibladin.dk\\\/#organization\"},\"potentialAction\":[{\"@type\":\"SearchAction\",\"target\":{\"@type\":\"EntryPoint\",\"urlTemplate\":\"https:\\\/\\\/tibladin.dk\\\/?s={search_term_string}\"},\"query-input\":{\"@type\":\"PropertyValueSpecification\",\"valueRequired\":true,\"valueName\":\"search_term_string\"}}],\"inLanguage\":\"fr-FR\"},{\"@type\":\"Organization\",\"@id\":\"https:\\\/\\\/tibladin.dk\\\/#organization\",\"name\":\"Tibladin\",\"url\":\"https:\\\/\\\/tibladin.dk\\\/\",\"logo\":{\"@type\":\"ImageObject\",\"inLanguage\":\"fr-FR\",\"@id\":\"https:\\\/\\\/tibladin.dk\\\/#\\\/schema\\\/logo\\\/image\\\/\",\"url\":\"https:\\\/\\\/tibladin.dk\\\/wp-content\\\/uploads\\\/2022\\\/09\\\/tibladin_logo.svg\",\"contentUrl\":\"https:\\\/\\\/tibladin.dk\\\/wp-content\\\/uploads\\\/2022\\\/09\\\/tibladin_logo.svg\",\"caption\":\"Tibladin\"},\"image\":{\"@id\":\"https:\\\/\\\/tibladin.dk\\\/#\\\/schema\\\/logo\\\/image\\\/\"}}]}<\/script>\n<!-- \/ Yoast SEO plugin. -->","yoast_head_json":{"title":"Robe marocaine faite \u00e0 la main | Conception unique | Tibladine |","description":"Magnifiques robes cousues main en coton 100%. D\u00e9velopp\u00e9 en collaboration avec un designer et tailleur qualifi\u00e9 \u00e0 Marrakech. Des mat\u00e9riaux uniques et aux couleurs vives.","robots":{"index":"index","follow":"follow","max-snippet":"max-snippet:-1","max-image-preview":"max-image-preview:large","max-video-preview":"max-video-preview:-1"},"canonical":"https:\/\/tibladin.dk\/fr\/produit-4\/robe-taille-m-differentes-couleurs\/","og_locale":"fr_FR","og_type":"article","og_title":"H\u00e5ndlavet Marokkansk kjole | Unika design | Tibladin |","og_description":"Flotte h\u00e5ndsyede kjoler i 100% bomuld. Udviklet i samarbejde med dygtig designer og skr\u00e6dder i Marrakech. Unikke og farvestr\u00e5lende materialer.","og_url":"https:\/\/tibladin.dk\/fr\/produit-4\/robe-taille-m-differentes-couleurs\/","og_site_name":"Tibladin","article_modified_time":"2025-05-12T06:58:45+00:00","og_image":[{"width":800,"height":800,"url":"https:\/\/tibladin.dk\/wp-content\/uploads\/2022\/09\/Tibladin_marokkansk-kjole-dusty-meadow_LS2-1.jpg","type":"image\/jpeg"}],"twitter_card":"summary_large_image","twitter_misc":{"Dur\u00e9e de lecture estim\u00e9e":"2 minutes"},"schema":{"@context":"https:\/\/schema.org","@graph":[{"@type":"WebPage","@id":"https:\/\/tibladin.dk\/produkt\/kjole-str-m-diverse-farver\/","url":"https:\/\/tibladin.dk\/produkt\/kjole-str-m-diverse-farver\/","name":"Robe marocaine faite \u00e0 la main | Conception unique | Tibladine |","isPartOf":{"@id":"https:\/\/tibladin.dk\/#website"},"primaryImageOfPage":{"@id":"https:\/\/tibladin.dk\/produkt\/kjole-str-m-diverse-farver\/#primaryimage"},"image":{"@id":"https:\/\/tibladin.dk\/produkt\/kjole-str-m-diverse-farver\/#primaryimage"},"thumbnailUrl":"https:\/\/tibladin.dk\/wp-content\/uploads\/2022\/09\/Tibladin_marokkansk-kjole-dusty-meadow_LS2-1.jpg","datePublished":"2022-09-20T09:15:47+00:00","dateModified":"2025-05-12T06:58:45+00:00","description":"Magnifiques robes cousues main en coton 100%. D\u00e9velopp\u00e9 en collaboration avec un designer et tailleur qualifi\u00e9 \u00e0 Marrakech. Des mat\u00e9riaux uniques et aux couleurs vives.","breadcrumb":{"@id":"https:\/\/tibladin.dk\/produkt\/kjole-str-m-diverse-farver\/#breadcrumb"},"inLanguage":"fr-FR","potentialAction":[{"@type":"ReadAction","target":["https:\/\/tibladin.dk\/produkt\/kjole-str-m-diverse-farver\/"]}]},{"@type":"ImageObject","inLanguage":"fr-FR","@id":"https:\/\/tibladin.dk\/produkt\/kjole-str-m-diverse-farver\/#primaryimage","url":"https:\/\/tibladin.dk\/wp-content\/uploads\/2022\/09\/Tibladin_marokkansk-kjole-dusty-meadow_LS2-1.jpg","contentUrl":"https:\/\/tibladin.dk\/wp-content\/uploads\/2022\/09\/Tibladin_marokkansk-kjole-dusty-meadow_LS2-1.jpg","width":800,"height":800,"caption":"Model i marokkansk h\u00e5ndv\u00e6vet kjole i lysegr\u00f8n med hvide prikker"},{"@type":"BreadcrumbList","@id":"https:\/\/tibladin.dk\/produkt\/kjole-str-m-diverse-farver\/#breadcrumb","itemListElement":[{"@type":"ListItem","position":1,"name":"Hjem","item":"https:\/\/tibladin.dk\/"},{"@type":"ListItem","position":2,"name":"Shop","item":"https:\/\/tibladin.dk\/shop\/"},{"@type":"ListItem","position":3,"name":"Kjole str. M (diverse farver)"}]},{"@type":"WebSite","@id":"https:\/\/tibladin.dk\/#website","url":"https:\/\/tibladin.dk\/","name":"Tibladin","description":"Tibladin","publisher":{"@id":"https:\/\/tibladin.dk\/#organization"},"potentialAction":[{"@type":"SearchAction","target":{"@type":"EntryPoint","urlTemplate":"https:\/\/tibladin.dk\/?s={search_term_string}"},"query-input":{"@type":"PropertyValueSpecification","valueRequired":true,"valueName":"search_term_string"}}],"inLanguage":"fr-FR"},{"@type":"Organization","@id":"https:\/\/tibladin.dk\/#organization","name":"Tibladin","url":"https:\/\/tibladin.dk\/","logo":{"@type":"ImageObject","inLanguage":"fr-FR","@id":"https:\/\/tibladin.dk\/#\/schema\/logo\/image\/","url":"https:\/\/tibladin.dk\/wp-content\/uploads\/2022\/09\/tibladin_logo.svg","contentUrl":"https:\/\/tibladin.dk\/wp-content\/uploads\/2022\/09\/tibladin_logo.svg","caption":"Tibladin"},"image":{"@id":"https:\/\/tibladin.dk\/#\/schema\/logo\/image\/"}}]}},"_links":{"self":[{"href":"https:\/\/tibladin.dk\/fr\/wp-json\/wp\/v2\/product\/2376","targetHints":{"allow":["GET"]}}],"collection":[{"href":"https:\/\/tibladin.dk\/fr\/wp-json\/wp\/v2\/product"}],"about":[{"href":"https:\/\/tibladin.dk\/fr\/wp-json\/wp\/v2\/types\/product"}],"wp:featuredmedia":[{"embeddable":true,"href":"https:\/\/tibladin.dk\/fr\/wp-json\/wp\/v2\/media\/2459"}],"wp:attachment":[{"href":"https:\/\/tibladin.dk\/fr\/wp-json\/wp\/v2\/media?parent=2376"}],"wp:term":[{"taxonomy":"product_brand","embeddable":true,"href":"https:\/\/tibladin.dk\/fr\/wp-json\/wp\/v2\/product_brand?post=2376"},{"taxonomy":"product_cat","embeddable":true,"href":"https:\/\/tibladin.dk\/fr\/wp-json\/wp\/v2\/product_cat?post=2376"},{"taxonomy":"product_tag","embeddable":true,"href":"https:\/\/tibladin.dk\/fr\/wp-json\/wp\/v2\/product_tag?post=2376"}],"curies":[{"name":"wp","href":"https:\/\/api.w.org\/{rel}","templated":true}]}}