{"id":2421,"date":"2022-09-20T11:16:13","date_gmt":"2022-09-20T09:16:13","guid":{"rendered":"https:\/\/tibladin.dk\/?post_type=product&#038;p=2421"},"modified":"2026-01-16T11:32:45","modified_gmt":"2026-01-16T10:32:45","slug":"tapis-de-bain-ete","status":"publish","type":"product","link":"https:\/\/tibladin.dk\/fr\/produkt\/bademaatte-sommer\/","title":{"rendered":"Tapis de bain \u00c9T\u00c9"},"content":{"rendered":"<div class=\"wpb-content-wrapper\"><div class=\"vc_row wpb_row vc_row-fluid\"><div class=\"wpb_column vc_column_container vc_col-sm-4\"><div class=\"vc_column-inner\"><div class=\"wpb_wrapper\"><\/div><\/div><\/div><div class=\"wpb_column vc_column_container vc_col-sm-4\"><div class=\"vc_column-inner\"><div class=\"wpb_wrapper\"><h3 style=\"text-align: left\" class=\"vc_custom_heading vc_do_custom_heading\" >Entretien<\/h3>\n\t<div class=\"wpb_text_column wpb_content_element\" >\n\t\t<div class=\"wpb_wrapper\">\n\t\t\t<p>Le tapis est compos\u00e9 \u00e0 100% de coton % et peut \u00eatre lav\u00e9 d\u00e9licatement en machine \u00e0 30 degr\u00e9s.<\/p>\n\n\t\t<\/div>\n\t<\/div>\n<\/div><\/div><\/div><div class=\"wpb_column vc_column_container vc_col-sm-4\"><div class=\"vc_column-inner\"><div class=\"wpb_wrapper\"><h3 style=\"text-align: left\" class=\"vc_custom_heading vc_do_custom_heading\" >L&#039;histoire derri\u00e8re<\/h3>\n\t<div class=\"wpb_text_column wpb_content_element\" >\n\t\t<div class=\"wpb_wrapper\">\n\t\t\t<p>Ces magnifiques tapis de bain marocains sont tiss\u00e9s \u00e0 la main en coton 100% et peuvent \u00eatre utilis\u00e9s dans la salle de bain ou dans le bain d&#039;invit\u00e9s. Les tapis sont r\u00e9alis\u00e9s dans de belles couleurs claires et estivales, qui avec leurs petits pompons ajoutent une touche agr\u00e9able et l\u00e9g\u00e8re. Le tapis de bain peut \u00e9galement \u00eatre utilis\u00e9 comme tapis pour l&#039;entr\u00e9e ou la chambre d&#039;amis. Les tapis sont parfaits pour la maison scandinave et \u00e9l\u00e9gante, avec leurs couleurs vives et \u00e9pur\u00e9es, mais conviennent \u00e9galement pour la maison d&#039;\u00e9t\u00e9 ou le jardin. Vous pourrez alors faire entrer l\u2019ambiance marocaine et estivale dans la maison. R\u00e9alis\u00e9 en collaboration avec un designer \u00e0 Marrakech.<\/p>\n\n\t\t<\/div>\n\t<\/div>\n<\/div><\/div><\/div><\/div>\n<\/div>","protected":false},"excerpt":{"rendered":"<p class=\"p1\"><span class=\"s1\">Tapis de bain marocain fin tiss\u00e9 \u00e0 la main en coton 100% avec rayures et petits pompons. Le tapis est disponible en plusieurs couleurs, et les fines rayures et boutons du motif, combin\u00e9s aux couleurs estivales du coton, donnent un aspect l\u00e9ger et simple. Le tapis de bain peut \u00e9galement \u00eatre utilis\u00e9 comme tapis dans l&#039;entr\u00e9e, dans le couloir ou dans la chambre d&#039;amis. R\u00e9alis\u00e9 en collaboration avec un designer de Marrakech. Le tapis est disponible en 7 couleurs diff\u00e9rentes. Les tapis \u00e9tant tiss\u00e9s \u00e0 la main, il peut y avoir de l\u00e9g\u00e8res variations dans les tailles.\u00a0<\/span><\/p>\n<p>Offre d&#039;introduction d\u00e8s maintenant\u00a0!<\/p>\n<p>Cible\u00a0: | Longueur : 70 cm | Largeur : 50 cm |<\/p>","protected":false},"featured_media":2519,"template":"","meta":{"inline_featured_image":false},"product_brand":[],"product_cat":[97,37],"product_tag":[],"class_list":{"0":"post-2421","1":"product","2":"type-product","3":"status-publish","4":"has-post-thumbnail","6":"product_cat-luksus-bademaatte","7":"product_cat-tekstiler","9":"first","10":"instock","11":"sale","12":"taxable","13":"shipping-taxable","14":"purchasable","15":"product-type-variable"},"exclude_global_add_ons":false,"addons":[{"name":"Vous souhaitez un emballage cadeau ?","type":"checkbox","position":0,"required":false,"title_format":"label","default":"","description_enable":false,"description":"","placeholder_enable":false,"placeholder":"","display":"images","restrictions_type":"any_text","adjust_price":false,"price":"","price_type":"flat_fee","restrictions":false,"min":"0","max":"0","options":[{"label":"Ja tak","price":"10","price_type":"flat_fee","image":11015,"visibility":true}],"id":1669646111}],"yoast_head":"<!-- This site is optimized with the Yoast SEO plugin v27.4 - https:\/\/yoast.com\/product\/yoast-seo-wordpress\/ -->\n<title>H\u00e5ndv\u00e6vet Marokkansk badem\u00e5tte | Stort udvalg | Tibladin<\/title>\n<meta name=\"description\" content=\"Fin h\u00e5ndv\u00e6vet badem\u00e5tte i 100% bomuld med striber og kvaster i mange farver. Kan bruges p\u00e5 badev\u00e6relset, i entreen og p\u00e5 g\u00e6stev\u00e6relset.\" \/>\n<meta name=\"robots\" content=\"index, follow, max-snippet:-1, max-image-preview:large, max-video-preview:-1\" \/>\n<link rel=\"canonical\" href=\"https:\/\/tibladin.dk\/fr\/produit-4\/tapis-de-bain-ete\/\" \/>\n<meta property=\"og:locale\" content=\"fr_FR\" \/>\n<meta property=\"og:type\" content=\"article\" \/>\n<meta property=\"og:title\" content=\"H\u00e5ndv\u00e6vet Marokkansk badem\u00e5tte | Stort udvalg | Tibladin\" \/>\n<meta property=\"og:description\" content=\"Fin h\u00e5ndv\u00e6vet badem\u00e5tte i 100% bomuld med striber og kvaster i mange farver. Kan bruges p\u00e5 badev\u00e6relset, i entreen og p\u00e5 g\u00e6stev\u00e6relset.\" \/>\n<meta property=\"og:url\" content=\"https:\/\/tibladin.dk\/fr\/produit-4\/tapis-de-bain-ete\/\" \/>\n<meta property=\"og:site_name\" content=\"Tibladin\" \/>\n<meta property=\"article:modified_time\" content=\"2026-01-16T10:32:45+00:00\" \/>\n<meta property=\"og:image\" content=\"https:\/\/tibladin.dk\/wp-content\/uploads\/2022\/09\/Tibladin_farvede-bademaatter_LS3-1.jpg\" \/>\n\t<meta property=\"og:image:width\" content=\"800\" \/>\n\t<meta property=\"og:image:height\" content=\"800\" \/>\n\t<meta property=\"og:image:type\" content=\"image\/jpeg\" \/>\n<meta name=\"twitter:card\" content=\"summary_large_image\" \/>\n<meta name=\"twitter:label1\" content=\"Dur\u00e9e de lecture estim\u00e9e\" \/>\n\t<meta name=\"twitter:data1\" content=\"2 minutes\" \/>\n<script type=\"application\/ld+json\" class=\"yoast-schema-graph\">{\"@context\":\"https:\\\/\\\/schema.org\",\"@graph\":[{\"@type\":\"WebPage\",\"@id\":\"https:\\\/\\\/tibladin.dk\\\/produkt\\\/bademaatte-sommer\\\/\",\"url\":\"https:\\\/\\\/tibladin.dk\\\/produkt\\\/bademaatte-sommer\\\/\",\"name\":\"H\u00e5ndv\u00e6vet Marokkansk badem\u00e5tte | Stort udvalg | Tibladin\",\"isPartOf\":{\"@id\":\"https:\\\/\\\/tibladin.dk\\\/#website\"},\"primaryImageOfPage\":{\"@id\":\"https:\\\/\\\/tibladin.dk\\\/produkt\\\/bademaatte-sommer\\\/#primaryimage\"},\"image\":{\"@id\":\"https:\\\/\\\/tibladin.dk\\\/produkt\\\/bademaatte-sommer\\\/#primaryimage\"},\"thumbnailUrl\":\"https:\\\/\\\/tibladin.dk\\\/wp-content\\\/uploads\\\/2022\\\/09\\\/Tibladin_farvede-bademaatter_LS3-1.jpg\",\"datePublished\":\"2022-09-20T09:16:13+00:00\",\"dateModified\":\"2026-01-16T10:32:45+00:00\",\"description\":\"Fin h\u00e5ndv\u00e6vet badem\u00e5tte i 100% bomuld med striber og kvaster i mange farver. Kan bruges p\u00e5 badev\u00e6relset, i entreen og p\u00e5 g\u00e6stev\u00e6relset.\",\"breadcrumb\":{\"@id\":\"https:\\\/\\\/tibladin.dk\\\/produkt\\\/bademaatte-sommer\\\/#breadcrumb\"},\"inLanguage\":\"fr-FR\",\"potentialAction\":[{\"@type\":\"ReadAction\",\"target\":[\"https:\\\/\\\/tibladin.dk\\\/produkt\\\/bademaatte-sommer\\\/\"]}]},{\"@type\":\"ImageObject\",\"inLanguage\":\"fr-FR\",\"@id\":\"https:\\\/\\\/tibladin.dk\\\/produkt\\\/bademaatte-sommer\\\/#primaryimage\",\"url\":\"https:\\\/\\\/tibladin.dk\\\/wp-content\\\/uploads\\\/2022\\\/09\\\/Tibladin_farvede-bademaatter_LS3-1.jpg\",\"contentUrl\":\"https:\\\/\\\/tibladin.dk\\\/wp-content\\\/uploads\\\/2022\\\/09\\\/Tibladin_farvede-bademaatter_LS3-1.jpg\",\"width\":800,\"height\":800,\"caption\":\"Marokkansk h\u00e5ndv\u00e6vede badem\u00e5tter liggende i kurv\"},{\"@type\":\"BreadcrumbList\",\"@id\":\"https:\\\/\\\/tibladin.dk\\\/produkt\\\/bademaatte-sommer\\\/#breadcrumb\",\"itemListElement\":[{\"@type\":\"ListItem\",\"position\":1,\"name\":\"Hjem\",\"item\":\"https:\\\/\\\/tibladin.dk\\\/\"},{\"@type\":\"ListItem\",\"position\":2,\"name\":\"Shop\",\"item\":\"https:\\\/\\\/tibladin.dk\\\/shop\\\/\"},{\"@type\":\"ListItem\",\"position\":3,\"name\":\"Badem\u00e5tte SOMMER\"}]},{\"@type\":\"WebSite\",\"@id\":\"https:\\\/\\\/tibladin.dk\\\/#website\",\"url\":\"https:\\\/\\\/tibladin.dk\\\/\",\"name\":\"Tibladin\",\"description\":\"Tibladin\",\"publisher\":{\"@id\":\"https:\\\/\\\/tibladin.dk\\\/#organization\"},\"potentialAction\":[{\"@type\":\"SearchAction\",\"target\":{\"@type\":\"EntryPoint\",\"urlTemplate\":\"https:\\\/\\\/tibladin.dk\\\/?s={search_term_string}\"},\"query-input\":{\"@type\":\"PropertyValueSpecification\",\"valueRequired\":true,\"valueName\":\"search_term_string\"}}],\"inLanguage\":\"fr-FR\"},{\"@type\":\"Organization\",\"@id\":\"https:\\\/\\\/tibladin.dk\\\/#organization\",\"name\":\"Tibladin\",\"url\":\"https:\\\/\\\/tibladin.dk\\\/\",\"logo\":{\"@type\":\"ImageObject\",\"inLanguage\":\"fr-FR\",\"@id\":\"https:\\\/\\\/tibladin.dk\\\/#\\\/schema\\\/logo\\\/image\\\/\",\"url\":\"https:\\\/\\\/tibladin.dk\\\/wp-content\\\/uploads\\\/2022\\\/09\\\/tibladin_logo.svg\",\"contentUrl\":\"https:\\\/\\\/tibladin.dk\\\/wp-content\\\/uploads\\\/2022\\\/09\\\/tibladin_logo.svg\",\"caption\":\"Tibladin\"},\"image\":{\"@id\":\"https:\\\/\\\/tibladin.dk\\\/#\\\/schema\\\/logo\\\/image\\\/\"}}]}<\/script>\n<!-- \/ Yoast SEO plugin. -->","yoast_head_json":{"title":"Tapis de bain marocain tiss\u00e9 \u00e0 la main | Grand choix | Tibladine","description":"Tapis de bain fin tiss\u00e9 \u00e0 la main en coton 100% avec rayures et pompons de nombreuses couleurs. Peut \u00eatre utilis\u00e9 dans la salle de bain, dans le hall d&#039;entr\u00e9e et dans la chambre d&#039;amis.","robots":{"index":"index","follow":"follow","max-snippet":"max-snippet:-1","max-image-preview":"max-image-preview:large","max-video-preview":"max-video-preview:-1"},"canonical":"https:\/\/tibladin.dk\/fr\/produit-4\/tapis-de-bain-ete\/","og_locale":"fr_FR","og_type":"article","og_title":"H\u00e5ndv\u00e6vet Marokkansk badem\u00e5tte | Stort udvalg | Tibladin","og_description":"Fin h\u00e5ndv\u00e6vet badem\u00e5tte i 100% bomuld med striber og kvaster i mange farver. Kan bruges p\u00e5 badev\u00e6relset, i entreen og p\u00e5 g\u00e6stev\u00e6relset.","og_url":"https:\/\/tibladin.dk\/fr\/produit-4\/tapis-de-bain-ete\/","og_site_name":"Tibladin","article_modified_time":"2026-01-16T10:32:45+00:00","og_image":[{"width":800,"height":800,"url":"https:\/\/tibladin.dk\/wp-content\/uploads\/2022\/09\/Tibladin_farvede-bademaatter_LS3-1.jpg","type":"image\/jpeg"}],"twitter_card":"summary_large_image","twitter_misc":{"Dur\u00e9e de lecture estim\u00e9e":"2 minutes"},"schema":{"@context":"https:\/\/schema.org","@graph":[{"@type":"WebPage","@id":"https:\/\/tibladin.dk\/produkt\/bademaatte-sommer\/","url":"https:\/\/tibladin.dk\/produkt\/bademaatte-sommer\/","name":"Tapis de bain marocain tiss\u00e9 \u00e0 la main | Grand choix | Tibladine","isPartOf":{"@id":"https:\/\/tibladin.dk\/#website"},"primaryImageOfPage":{"@id":"https:\/\/tibladin.dk\/produkt\/bademaatte-sommer\/#primaryimage"},"image":{"@id":"https:\/\/tibladin.dk\/produkt\/bademaatte-sommer\/#primaryimage"},"thumbnailUrl":"https:\/\/tibladin.dk\/wp-content\/uploads\/2022\/09\/Tibladin_farvede-bademaatter_LS3-1.jpg","datePublished":"2022-09-20T09:16:13+00:00","dateModified":"2026-01-16T10:32:45+00:00","description":"Tapis de bain fin tiss\u00e9 \u00e0 la main en coton 100% avec rayures et pompons de nombreuses couleurs. Peut \u00eatre utilis\u00e9 dans la salle de bain, dans le hall d&#039;entr\u00e9e et dans la chambre d&#039;amis.","breadcrumb":{"@id":"https:\/\/tibladin.dk\/produkt\/bademaatte-sommer\/#breadcrumb"},"inLanguage":"fr-FR","potentialAction":[{"@type":"ReadAction","target":["https:\/\/tibladin.dk\/produkt\/bademaatte-sommer\/"]}]},{"@type":"ImageObject","inLanguage":"fr-FR","@id":"https:\/\/tibladin.dk\/produkt\/bademaatte-sommer\/#primaryimage","url":"https:\/\/tibladin.dk\/wp-content\/uploads\/2022\/09\/Tibladin_farvede-bademaatter_LS3-1.jpg","contentUrl":"https:\/\/tibladin.dk\/wp-content\/uploads\/2022\/09\/Tibladin_farvede-bademaatter_LS3-1.jpg","width":800,"height":800,"caption":"Marokkansk h\u00e5ndv\u00e6vede badem\u00e5tter liggende i kurv"},{"@type":"BreadcrumbList","@id":"https:\/\/tibladin.dk\/produkt\/bademaatte-sommer\/#breadcrumb","itemListElement":[{"@type":"ListItem","position":1,"name":"Hjem","item":"https:\/\/tibladin.dk\/"},{"@type":"ListItem","position":2,"name":"Shop","item":"https:\/\/tibladin.dk\/shop\/"},{"@type":"ListItem","position":3,"name":"Badem\u00e5tte SOMMER"}]},{"@type":"WebSite","@id":"https:\/\/tibladin.dk\/#website","url":"https:\/\/tibladin.dk\/","name":"Tibladin","description":"Tibladin","publisher":{"@id":"https:\/\/tibladin.dk\/#organization"},"potentialAction":[{"@type":"SearchAction","target":{"@type":"EntryPoint","urlTemplate":"https:\/\/tibladin.dk\/?s={search_term_string}"},"query-input":{"@type":"PropertyValueSpecification","valueRequired":true,"valueName":"search_term_string"}}],"inLanguage":"fr-FR"},{"@type":"Organization","@id":"https:\/\/tibladin.dk\/#organization","name":"Tibladin","url":"https:\/\/tibladin.dk\/","logo":{"@type":"ImageObject","inLanguage":"fr-FR","@id":"https:\/\/tibladin.dk\/#\/schema\/logo\/image\/","url":"https:\/\/tibladin.dk\/wp-content\/uploads\/2022\/09\/tibladin_logo.svg","contentUrl":"https:\/\/tibladin.dk\/wp-content\/uploads\/2022\/09\/tibladin_logo.svg","caption":"Tibladin"},"image":{"@id":"https:\/\/tibladin.dk\/#\/schema\/logo\/image\/"}}]}},"_links":{"self":[{"href":"https:\/\/tibladin.dk\/fr\/wp-json\/wp\/v2\/product\/2421","targetHints":{"allow":["GET"]}}],"collection":[{"href":"https:\/\/tibladin.dk\/fr\/wp-json\/wp\/v2\/product"}],"about":[{"href":"https:\/\/tibladin.dk\/fr\/wp-json\/wp\/v2\/types\/product"}],"wp:featuredmedia":[{"embeddable":true,"href":"https:\/\/tibladin.dk\/fr\/wp-json\/wp\/v2\/media\/2519"}],"wp:attachment":[{"href":"https:\/\/tibladin.dk\/fr\/wp-json\/wp\/v2\/media?parent=2421"}],"wp:term":[{"taxonomy":"product_brand","embeddable":true,"href":"https:\/\/tibladin.dk\/fr\/wp-json\/wp\/v2\/product_brand?post=2421"},{"taxonomy":"product_cat","embeddable":true,"href":"https:\/\/tibladin.dk\/fr\/wp-json\/wp\/v2\/product_cat?post=2421"},{"taxonomy":"product_tag","embeddable":true,"href":"https:\/\/tibladin.dk\/fr\/wp-json\/wp\/v2\/product_tag?post=2421"}],"curies":[{"name":"wp","href":"https:\/\/api.w.org\/{rel}","templated":true}]}}