{"id":2431,"date":"2022-09-20T11:16:17","date_gmt":"2022-09-20T09:16:17","guid":{"rendered":"https:\/\/tibladin.dk\/vare\/bakke-i-valnoeddetrae-og-haandtag-i-haandskaaret-inox\/"},"modified":"2024-12-09T14:26:05","modified_gmt":"2024-12-09T13:26:05","slug":"plateau-en-bois-de-noyer-et-poignees-en-acier-inoxydable","status":"publish","type":"product","link":"https:\/\/tibladin.dk\/fr\/produkt\/bakke-i-valnoeddetrae-og-haandtag-i-haandskaaret-inox\/","title":{"rendered":"Plateau en bois de noyer et poign\u00e9e en inox"},"content":{"rendered":"<div class=\"wpb-content-wrapper\"><div class=\"vc_row wpb_row vc_row-fluid\"><div class=\"wpb_column vc_column_container vc_col-sm-4\"><div class=\"vc_column-inner\"><div class=\"wpb_wrapper\"><\/div><\/div><\/div><div class=\"wpb_column vc_column_container vc_col-sm-4\"><div class=\"vc_column-inner\"><div class=\"wpb_wrapper\"><h3 style=\"text-align: left\" class=\"vc_custom_heading vc_do_custom_heading\" >Entretien<\/h3>\n\t<div class=\"wpb_text_column wpb_content_element\" >\n\t\t<div class=\"wpb_wrapper\">\n\t\t\t<p>Le plateau peut \u00eatre essuy\u00e9 avec un chiffon humide et peut \u00eatre poli avec du vernis \u00e0 argent. Si vous le souhaitez, le bois peut \u00e9galement \u00eatre huil\u00e9.<\/p>\n\n\t\t<\/div>\n\t<\/div>\n<\/div><\/div><\/div><div class=\"wpb_column vc_column_container vc_col-sm-4\"><div class=\"vc_column-inner\"><div class=\"wpb_wrapper\"><h3 style=\"text-align: left\" class=\"vc_custom_heading vc_do_custom_heading\" >L&#039;histoire derri\u00e8re<\/h3>\n\t<div class=\"wpb_text_column wpb_content_element\" >\n\t\t<div class=\"wpb_wrapper\">\n\t\t\t<p>Ce magnifique plateau fabriqu\u00e9 \u00e0 la main en bois de noyer avec une poign\u00e9e en inox sculpt\u00e9 \u00e0 la main d\u00e9corera n&#039;importe quelle maison. Les beaux d\u00e9tails et motifs d\u00e9coup\u00e9s dans l&#039;acier inoxydable contrastent avec le bois simple et sombre, ce qui cr\u00e9e un tr\u00e8s bel effet. Le plateau en bois de noyer peut \u00eatre utilis\u00e9 aussi bien pour la d\u00e9coration que pour ranger des objets qui comptent beaucoup pour vous. Les belles poign\u00e9es en inox refl\u00e8tent \u00e9galement magnifiquement la lueur d&#039;une bougie dans un photophore beldi. J&#039;adore les petites choses qui d\u00e9corent la maison, et ce plateau donne cette touche suppl\u00e9mentaire de chaleur et de myst\u00e8re marocain.<\/p>\n<p>Le magnifique plateau est \u00e9galement livr\u00e9 avec une jolie bo\u00eete cadeau en velours noir \u00e9l\u00e9gant, dans laquelle vous pourrez ranger le plateau. Cela ajoute \u00e9galement une touche d&#039;\u00e9l\u00e9gance suppl\u00e9mentaire si vous souhaitez offrir le plateau en cadeau \u00e0 un \u00eatre cher.<\/p>\n\n\t\t<\/div>\n\t<\/div>\n<\/div><\/div><\/div><\/div>\n<\/div>","protected":false},"excerpt":{"rendered":"<p>Magnifique plateau marocain fait main en bois de noyer avec une poign\u00e9e en inox d\u00e9coup\u00e9 \u00e0 la main. La couleur profonde du bois et les magnifiques motifs des poign\u00e9es en acier inoxydable donnent un look \u00e9l\u00e9gant et styl\u00e9 qui rend le plateau parfait pour la d\u00e9coration, le service et le rangement. De cette fa\u00e7on, vous pourrez apporter le style et l\u2019artisanat marocains dans votre maison. Le plateau est livr\u00e9 dans un \u00e9l\u00e9gant coffret cadeau en velours noir, ce qui en fait \u00e9galement une id\u00e9e cadeau tr\u00e8s exclusive pour un mariage ou un anniversaire.<\/p>\n<p>Le plateau mesure 31 cm (39 avec poign\u00e9e) x 22 cm x 4,5 cm de hauteur.<\/p>","protected":false},"featured_media":2426,"template":"","meta":{"inline_featured_image":false},"product_brand":[],"product_cat":[54,51],"product_tag":[],"class_list":{"0":"post-2431","1":"product","2":"type-product","3":"status-publish","4":"has-post-thumbnail","6":"product_cat-aesker-og-bakker","7":"product_cat-opbevaring","9":"first","10":"instock","11":"taxable","12":"shipping-taxable","13":"purchasable","14":"product-type-simple"},"exclude_global_add_ons":false,"addons":[{"name":"Vous souhaitez un emballage cadeau ?","type":"checkbox","position":0,"required":false,"title_format":"label","default":"","description_enable":false,"description":"","placeholder_enable":false,"placeholder":"","display":"images","restrictions_type":"any_text","adjust_price":false,"price":"","price_type":"flat_fee","restrictions":false,"min":"0","max":"0","options":[{"label":"Ja tak","price":"10","price_type":"flat_fee","image":11015,"visibility":true}],"id":1669646111}],"yoast_head":"<!-- This site is optimized with the Yoast SEO plugin v27.4 - https:\/\/yoast.com\/product\/yoast-seo-wordpress\/ -->\n<title>Bakke i valn\u00f8ddetr\u00e6 og h\u00e5ndtag i h\u00e5ndsk\u00e5ret inox | Tibladin<\/title>\n<meta name=\"description\" content=\"Marrokansk \u00e6ske bertukket med stof og l\u00e6derkvast. Opbevaring der pynter. Til vigtige papirer, b\u00f8rnenes tegninger eller de gode minder fra ferien.\" \/>\n<meta name=\"robots\" content=\"index, follow, max-snippet:-1, max-image-preview:large, max-video-preview:-1\" \/>\n<link rel=\"canonical\" href=\"https:\/\/tibladin.dk\/fr\/produit-4\/plateau-en-bois-de-noyer-et-poignees-en-acier-inoxydable\/\" \/>\n<meta property=\"og:locale\" content=\"fr_FR\" \/>\n<meta property=\"og:type\" content=\"article\" \/>\n<meta property=\"og:title\" content=\"Bakke i valn\u00f8ddetr\u00e6 og h\u00e5ndtag i h\u00e5ndsk\u00e5ret inox | Tibladin\" \/>\n<meta property=\"og:description\" content=\"Marrokansk \u00e6ske bertukket med stof og l\u00e6derkvast. Opbevaring der pynter. Til vigtige papirer, b\u00f8rnenes tegninger eller de gode minder fra ferien.\" \/>\n<meta property=\"og:url\" content=\"https:\/\/tibladin.dk\/fr\/produit-4\/plateau-en-bois-de-noyer-et-poignees-en-acier-inoxydable\/\" \/>\n<meta property=\"og:site_name\" content=\"Tibladin\" \/>\n<meta property=\"article:modified_time\" content=\"2024-12-09T13:26:05+00:00\" \/>\n<meta property=\"og:image\" content=\"https:\/\/tibladin.dk\/wp-content\/uploads\/2022\/09\/Marokkansk-bakke-i-valnoed-med-inox-haandtag-1.jpg\" \/>\n\t<meta property=\"og:image:width\" content=\"800\" \/>\n\t<meta property=\"og:image:height\" content=\"800\" \/>\n\t<meta property=\"og:image:type\" content=\"image\/jpeg\" \/>\n<meta name=\"twitter:card\" content=\"summary_large_image\" \/>\n<meta name=\"twitter:label1\" content=\"Dur\u00e9e de lecture estim\u00e9e\" \/>\n\t<meta name=\"twitter:data1\" content=\"2 minutes\" \/>\n<script type=\"application\/ld+json\" class=\"yoast-schema-graph\">{\"@context\":\"https:\\\/\\\/schema.org\",\"@graph\":[{\"@type\":\"WebPage\",\"@id\":\"https:\\\/\\\/tibladin.dk\\\/produkt\\\/bakke-i-valnoeddetrae-og-haandtag-i-haandskaaret-inox\\\/\",\"url\":\"https:\\\/\\\/tibladin.dk\\\/produkt\\\/bakke-i-valnoeddetrae-og-haandtag-i-haandskaaret-inox\\\/\",\"name\":\"Bakke i valn\u00f8ddetr\u00e6 og h\u00e5ndtag i h\u00e5ndsk\u00e5ret inox | Tibladin\",\"isPartOf\":{\"@id\":\"https:\\\/\\\/tibladin.dk\\\/#website\"},\"primaryImageOfPage\":{\"@id\":\"https:\\\/\\\/tibladin.dk\\\/produkt\\\/bakke-i-valnoeddetrae-og-haandtag-i-haandskaaret-inox\\\/#primaryimage\"},\"image\":{\"@id\":\"https:\\\/\\\/tibladin.dk\\\/produkt\\\/bakke-i-valnoeddetrae-og-haandtag-i-haandskaaret-inox\\\/#primaryimage\"},\"thumbnailUrl\":\"https:\\\/\\\/tibladin.dk\\\/wp-content\\\/uploads\\\/2022\\\/09\\\/Marokkansk-bakke-i-valnoed-med-inox-haandtag-1.jpg\",\"datePublished\":\"2022-09-20T09:16:17+00:00\",\"dateModified\":\"2024-12-09T13:26:05+00:00\",\"description\":\"Marrokansk \u00e6ske bertukket med stof og l\u00e6derkvast. Opbevaring der pynter. Til vigtige papirer, b\u00f8rnenes tegninger eller de gode minder fra ferien.\",\"breadcrumb\":{\"@id\":\"https:\\\/\\\/tibladin.dk\\\/produkt\\\/bakke-i-valnoeddetrae-og-haandtag-i-haandskaaret-inox\\\/#breadcrumb\"},\"inLanguage\":\"fr-FR\",\"potentialAction\":[{\"@type\":\"ReadAction\",\"target\":[\"https:\\\/\\\/tibladin.dk\\\/produkt\\\/bakke-i-valnoeddetrae-og-haandtag-i-haandskaaret-inox\\\/\"]}]},{\"@type\":\"ImageObject\",\"inLanguage\":\"fr-FR\",\"@id\":\"https:\\\/\\\/tibladin.dk\\\/produkt\\\/bakke-i-valnoeddetrae-og-haandtag-i-haandskaaret-inox\\\/#primaryimage\",\"url\":\"https:\\\/\\\/tibladin.dk\\\/wp-content\\\/uploads\\\/2022\\\/09\\\/Marokkansk-bakke-i-valnoed-med-inox-haandtag-1.jpg\",\"contentUrl\":\"https:\\\/\\\/tibladin.dk\\\/wp-content\\\/uploads\\\/2022\\\/09\\\/Marokkansk-bakke-i-valnoed-med-inox-haandtag-1.jpg\",\"width\":800,\"height\":800,\"caption\":\"Marokkansk h\u00e5ndlavet bakke i valn\u00f8ddetr\u00e6 med h\u00e5ndtag af inox ved siden af plante\"},{\"@type\":\"BreadcrumbList\",\"@id\":\"https:\\\/\\\/tibladin.dk\\\/produkt\\\/bakke-i-valnoeddetrae-og-haandtag-i-haandskaaret-inox\\\/#breadcrumb\",\"itemListElement\":[{\"@type\":\"ListItem\",\"position\":1,\"name\":\"Hjem\",\"item\":\"https:\\\/\\\/tibladin.dk\\\/\"},{\"@type\":\"ListItem\",\"position\":2,\"name\":\"Shop\",\"item\":\"https:\\\/\\\/tibladin.dk\\\/shop\\\/\"},{\"@type\":\"ListItem\",\"position\":3,\"name\":\"Bakke i valn\u00f8ddetr\u00e6 og h\u00e5ndtag i h\u00e5ndsk\u00e5ret inox\"}]},{\"@type\":\"WebSite\",\"@id\":\"https:\\\/\\\/tibladin.dk\\\/#website\",\"url\":\"https:\\\/\\\/tibladin.dk\\\/\",\"name\":\"Tibladin\",\"description\":\"Tibladin\",\"publisher\":{\"@id\":\"https:\\\/\\\/tibladin.dk\\\/#organization\"},\"potentialAction\":[{\"@type\":\"SearchAction\",\"target\":{\"@type\":\"EntryPoint\",\"urlTemplate\":\"https:\\\/\\\/tibladin.dk\\\/?s={search_term_string}\"},\"query-input\":{\"@type\":\"PropertyValueSpecification\",\"valueRequired\":true,\"valueName\":\"search_term_string\"}}],\"inLanguage\":\"fr-FR\"},{\"@type\":\"Organization\",\"@id\":\"https:\\\/\\\/tibladin.dk\\\/#organization\",\"name\":\"Tibladin\",\"url\":\"https:\\\/\\\/tibladin.dk\\\/\",\"logo\":{\"@type\":\"ImageObject\",\"inLanguage\":\"fr-FR\",\"@id\":\"https:\\\/\\\/tibladin.dk\\\/#\\\/schema\\\/logo\\\/image\\\/\",\"url\":\"https:\\\/\\\/tibladin.dk\\\/wp-content\\\/uploads\\\/2022\\\/09\\\/tibladin_logo.svg\",\"contentUrl\":\"https:\\\/\\\/tibladin.dk\\\/wp-content\\\/uploads\\\/2022\\\/09\\\/tibladin_logo.svg\",\"caption\":\"Tibladin\"},\"image\":{\"@id\":\"https:\\\/\\\/tibladin.dk\\\/#\\\/schema\\\/logo\\\/image\\\/\"}}]}<\/script>\n<!-- \/ Yoast SEO plugin. -->","yoast_head_json":{"title":"Plateau en bois de noyer et poign\u00e9e en inox d\u00e9coup\u00e9 \u00e0 la main | Tibladine","description":"Coffret marocain recouvert de tissu et pompon en cuir. Des rangements qui d\u00e9corent. Pour les papiers importants, les dessins des enfants ou les bons souvenirs de vacances.","robots":{"index":"index","follow":"follow","max-snippet":"max-snippet:-1","max-image-preview":"max-image-preview:large","max-video-preview":"max-video-preview:-1"},"canonical":"https:\/\/tibladin.dk\/fr\/produit-4\/plateau-en-bois-de-noyer-et-poignees-en-acier-inoxydable\/","og_locale":"fr_FR","og_type":"article","og_title":"Bakke i valn\u00f8ddetr\u00e6 og h\u00e5ndtag i h\u00e5ndsk\u00e5ret inox | Tibladin","og_description":"Marrokansk \u00e6ske bertukket med stof og l\u00e6derkvast. Opbevaring der pynter. Til vigtige papirer, b\u00f8rnenes tegninger eller de gode minder fra ferien.","og_url":"https:\/\/tibladin.dk\/fr\/produit-4\/plateau-en-bois-de-noyer-et-poignees-en-acier-inoxydable\/","og_site_name":"Tibladin","article_modified_time":"2024-12-09T13:26:05+00:00","og_image":[{"width":800,"height":800,"url":"https:\/\/tibladin.dk\/wp-content\/uploads\/2022\/09\/Marokkansk-bakke-i-valnoed-med-inox-haandtag-1.jpg","type":"image\/jpeg"}],"twitter_card":"summary_large_image","twitter_misc":{"Dur\u00e9e de lecture estim\u00e9e":"2 minutes"},"schema":{"@context":"https:\/\/schema.org","@graph":[{"@type":"WebPage","@id":"https:\/\/tibladin.dk\/produkt\/bakke-i-valnoeddetrae-og-haandtag-i-haandskaaret-inox\/","url":"https:\/\/tibladin.dk\/produkt\/bakke-i-valnoeddetrae-og-haandtag-i-haandskaaret-inox\/","name":"Plateau en bois de noyer et poign\u00e9e en inox d\u00e9coup\u00e9 \u00e0 la main | Tibladine","isPartOf":{"@id":"https:\/\/tibladin.dk\/#website"},"primaryImageOfPage":{"@id":"https:\/\/tibladin.dk\/produkt\/bakke-i-valnoeddetrae-og-haandtag-i-haandskaaret-inox\/#primaryimage"},"image":{"@id":"https:\/\/tibladin.dk\/produkt\/bakke-i-valnoeddetrae-og-haandtag-i-haandskaaret-inox\/#primaryimage"},"thumbnailUrl":"https:\/\/tibladin.dk\/wp-content\/uploads\/2022\/09\/Marokkansk-bakke-i-valnoed-med-inox-haandtag-1.jpg","datePublished":"2022-09-20T09:16:17+00:00","dateModified":"2024-12-09T13:26:05+00:00","description":"Coffret marocain recouvert de tissu et pompon en cuir. Des rangements qui d\u00e9corent. Pour les papiers importants, les dessins des enfants ou les bons souvenirs de vacances.","breadcrumb":{"@id":"https:\/\/tibladin.dk\/produkt\/bakke-i-valnoeddetrae-og-haandtag-i-haandskaaret-inox\/#breadcrumb"},"inLanguage":"fr-FR","potentialAction":[{"@type":"ReadAction","target":["https:\/\/tibladin.dk\/produkt\/bakke-i-valnoeddetrae-og-haandtag-i-haandskaaret-inox\/"]}]},{"@type":"ImageObject","inLanguage":"fr-FR","@id":"https:\/\/tibladin.dk\/produkt\/bakke-i-valnoeddetrae-og-haandtag-i-haandskaaret-inox\/#primaryimage","url":"https:\/\/tibladin.dk\/wp-content\/uploads\/2022\/09\/Marokkansk-bakke-i-valnoed-med-inox-haandtag-1.jpg","contentUrl":"https:\/\/tibladin.dk\/wp-content\/uploads\/2022\/09\/Marokkansk-bakke-i-valnoed-med-inox-haandtag-1.jpg","width":800,"height":800,"caption":"Marokkansk h\u00e5ndlavet bakke i valn\u00f8ddetr\u00e6 med h\u00e5ndtag af inox ved siden af plante"},{"@type":"BreadcrumbList","@id":"https:\/\/tibladin.dk\/produkt\/bakke-i-valnoeddetrae-og-haandtag-i-haandskaaret-inox\/#breadcrumb","itemListElement":[{"@type":"ListItem","position":1,"name":"Hjem","item":"https:\/\/tibladin.dk\/"},{"@type":"ListItem","position":2,"name":"Shop","item":"https:\/\/tibladin.dk\/shop\/"},{"@type":"ListItem","position":3,"name":"Bakke i valn\u00f8ddetr\u00e6 og h\u00e5ndtag i h\u00e5ndsk\u00e5ret inox"}]},{"@type":"WebSite","@id":"https:\/\/tibladin.dk\/#website","url":"https:\/\/tibladin.dk\/","name":"Tibladin","description":"Tibladin","publisher":{"@id":"https:\/\/tibladin.dk\/#organization"},"potentialAction":[{"@type":"SearchAction","target":{"@type":"EntryPoint","urlTemplate":"https:\/\/tibladin.dk\/?s={search_term_string}"},"query-input":{"@type":"PropertyValueSpecification","valueRequired":true,"valueName":"search_term_string"}}],"inLanguage":"fr-FR"},{"@type":"Organization","@id":"https:\/\/tibladin.dk\/#organization","name":"Tibladin","url":"https:\/\/tibladin.dk\/","logo":{"@type":"ImageObject","inLanguage":"fr-FR","@id":"https:\/\/tibladin.dk\/#\/schema\/logo\/image\/","url":"https:\/\/tibladin.dk\/wp-content\/uploads\/2022\/09\/tibladin_logo.svg","contentUrl":"https:\/\/tibladin.dk\/wp-content\/uploads\/2022\/09\/tibladin_logo.svg","caption":"Tibladin"},"image":{"@id":"https:\/\/tibladin.dk\/#\/schema\/logo\/image\/"}}]}},"_links":{"self":[{"href":"https:\/\/tibladin.dk\/fr\/wp-json\/wp\/v2\/product\/2431","targetHints":{"allow":["GET"]}}],"collection":[{"href":"https:\/\/tibladin.dk\/fr\/wp-json\/wp\/v2\/product"}],"about":[{"href":"https:\/\/tibladin.dk\/fr\/wp-json\/wp\/v2\/types\/product"}],"wp:featuredmedia":[{"embeddable":true,"href":"https:\/\/tibladin.dk\/fr\/wp-json\/wp\/v2\/media\/2426"}],"wp:attachment":[{"href":"https:\/\/tibladin.dk\/fr\/wp-json\/wp\/v2\/media?parent=2431"}],"wp:term":[{"taxonomy":"product_brand","embeddable":true,"href":"https:\/\/tibladin.dk\/fr\/wp-json\/wp\/v2\/product_brand?post=2431"},{"taxonomy":"product_cat","embeddable":true,"href":"https:\/\/tibladin.dk\/fr\/wp-json\/wp\/v2\/product_cat?post=2431"},{"taxonomy":"product_tag","embeddable":true,"href":"https:\/\/tibladin.dk\/fr\/wp-json\/wp\/v2\/product_tag?post=2431"}],"curies":[{"name":"wp","href":"https:\/\/api.w.org\/{rel}","templated":true}]}}