{"id":2467,"date":"2025-06-26T11:16:35","date_gmt":"2025-06-26T09:16:35","guid":{"rendered":"https:\/\/tibladin.dk\/?post_type=product&#038;p=2467"},"modified":"2026-02-03T14:34:06","modified_gmt":"2026-02-03T13:34:06","slug":"plaids-en-coton-plusieurs-couleurs","status":"publish","type":"product","link":"https:\/\/tibladin.dk\/fr\/produkt\/plaider-bomuld-flere-farver\/","title":{"rendered":"Couvertures en coton de plusieurs couleurs"},"content":{"rendered":"<div class=\"wpb-content-wrapper\"><div class=\"vc_row wpb_row vc_row-fluid\"><div class=\"wpb_column vc_column_container vc_col-sm-4\"><div class=\"vc_column-inner\"><div class=\"wpb_wrapper\"><\/div><\/div><\/div><div class=\"wpb_column vc_column_container vc_col-sm-4\"><div class=\"vc_column-inner\"><div class=\"wpb_wrapper\"><h3 style=\"text-align: left\" class=\"vc_custom_heading vc_do_custom_heading\" >Entretien<\/h3>\n\t<div class=\"wpb_text_column wpb_content_element\" >\n\t\t<div class=\"wpb_wrapper\">\n\t\t\t<p>Peut \u00eatre lav\u00e9 par <strong>40 degr\u00e9s<\/strong>, lavable en machine.<\/p>\n\n\t\t<\/div>\n\t<\/div>\n<\/div><\/div><\/div><div class=\"wpb_column vc_column_container vc_col-sm-4\"><div class=\"vc_column-inner\"><div class=\"wpb_wrapper\"><h3 style=\"text-align: left\" class=\"vc_custom_heading vc_do_custom_heading\" >L&#039;histoire derri\u00e8re<\/h3>\n\t<div class=\"wpb_text_column wpb_content_element\" >\n\t\t<div class=\"wpb_wrapper\">\n\t\t\t<p>Nos plaids marocains, les plus beaux et les plus doux, sont disponibles en diff\u00e9rentes couleurs. Tous nos plaids sont issus d&#039;une collaboration avec un designer local de Marrakech et sont confectionn\u00e9s exclusivement pour Tibladin.<\/p>\n<p>Ces plaids sont tiss\u00e9s \u00e0 la main en coton, avec de magnifiques d\u00e9tails de tissage et de fins pompons aux deux extr\u00e9mit\u00e9s. Ils sont ainsi merveilleusement doux et chauds, tout en \u00e9tant peu encombrants, ce qui les rend utiles dans de nombreuses pi\u00e8ces de la maison.<\/p>\n<p>Pendant les chauds mois d&#039;\u00e9t\u00e9, ils peuvent d\u00e9corer la terrasse ou le balcon, o\u00f9 ils peuvent \u00eatre utilis\u00e9s pour les douces soir\u00e9es, et lorsque nous emm\u00e9nageons \u00e0 l&#039;int\u00e9rieur, ils peuvent \u00eatre pr\u00eats sur le canap\u00e9, le fauteuil ou comme d\u00e9coration au pied de votre lit.<\/p>\n\n\t\t<\/div>\n\t<\/div>\n<\/div><\/div><\/div><\/div>\n<\/div>","protected":false},"excerpt":{"rendered":"<p data-start=\"0\" data-end=\"103\">D\u00e9couvrez la combinaison ultime de confort et de savoir-faire avec nos magnifiques plaids en coton tiss\u00e9s \u00e0 la main ! \ud83c\udf3f\u2728<\/p>\n<p data-start=\"105\" data-end=\"368\">Confectionn\u00e9s en coton doux 100%, ces plaids se d\u00e9clinent en 6 coloris chaleureux et naturels\u00a0: du gris classique au blanc \u00e9clatant, en passant par le beige cr\u00e8me, l&#039;ocre dor\u00e9 et un magnifique vert for\u00eat. Chaque plaid est tiss\u00e9 \u00e0 la main avec soin et orn\u00e9 de pompons d\u00e9coratifs qui lui conf\u00e8rent une touche ludique et \u00e9l\u00e9gante.<\/p>\n<p data-start=\"370\" data-end=\"593\">Parfaits pour le canap\u00e9, le lit, une escapade \u00e0 la plage ou une soir\u00e9e fra\u00eeche sur le balcon, ces plaids apportent confort et caract\u00e8re \u00e0 votre int\u00e9rieur. Avec leurs teintes naturelles, ils s&#039;int\u00e8grent \u00e0 tous les int\u00e9rieurs et deviendront rapidement un incontournable du quotidien.<\/p>\n<p data-start=\"595\" data-end=\"715\">\ud83c\udf81 Offrez-les en cadeau ou faites-vous plaisir : vous le m\u00e9ritez !<br data-start=\"657\" data-end=\"660\" \/>\ud83e\uddfa Facile \u00e0 laver et reste beau lavage apr\u00e8s lavage.<\/p>\n<p data-start=\"717\" data-end=\"827\" data-is-last-node=\"\" data-is-only-node=\"\"><strong data-start=\"717\" data-end=\"749\">Savoir-faire. Confort. Caract\u00e8re.<\/strong><br data-start=\"749\" data-end=\"752\" \/>Trouvez votre couleur pr\u00e9f\u00e9r\u00e9e \u2013 ou m\u00e9langez-en plusieurs pour une expression personnelle !<\/p>","protected":false},"featured_media":37450,"template":"","meta":{"inline_featured_image":false},"product_brand":[],"product_cat":[90,37],"product_tag":[],"class_list":{"0":"post-2467","1":"product","2":"type-product","3":"status-publish","4":"has-post-thumbnail","6":"product_cat-plaider","7":"product_cat-tekstiler","9":"first","10":"instock","11":"taxable","12":"shipping-taxable","13":"purchasable","14":"product-type-variable"},"exclude_global_add_ons":false,"addons":[{"name":"Vous souhaitez un emballage cadeau ?","type":"checkbox","position":0,"required":false,"title_format":"label","default":"","description_enable":false,"description":"","placeholder_enable":false,"placeholder":"","display":"images","restrictions_type":"any_text","adjust_price":false,"price":"","price_type":"flat_fee","restrictions":false,"min":"0","max":"0","options":[{"label":"Ja tak","price":"10","price_type":"flat_fee","image":11015,"visibility":true}],"id":1669646111}],"yoast_head":"<!-- This site is optimized with the Yoast SEO plugin v27.4 - https:\/\/yoast.com\/product\/yoast-seo-wordpress\/ -->\n<title>Plaid i en l\u00e6kker bomuldsblanding | Marokkansk tekstil |\u00a0Tibladin<\/title>\n<meta name=\"description\" content=\"Marokkanske bomuldsplaider med smukke v\u00e6vninger. Tag plaiden med til stranden, pynt med den for fodenden af din seng eller i en stol.\" \/>\n<meta name=\"robots\" content=\"index, follow, max-snippet:-1, max-image-preview:large, max-video-preview:-1\" \/>\n<link rel=\"canonical\" href=\"https:\/\/tibladin.dk\/fr\/produit-4\/plaids-en-coton-plusieurs-couleurs\/\" \/>\n<meta property=\"og:locale\" content=\"fr_FR\" \/>\n<meta property=\"og:type\" content=\"article\" \/>\n<meta property=\"og:title\" content=\"Plaid i en l\u00e6kker bomuldsblanding | Marokkansk tekstil |\u00a0Tibladin\" \/>\n<meta property=\"og:description\" content=\"Marokkanske bomuldsplaider med smukke v\u00e6vninger. Tag plaiden med til stranden, pynt med den for fodenden af din seng eller i en stol.\" \/>\n<meta property=\"og:url\" content=\"https:\/\/tibladin.dk\/fr\/produit-4\/plaids-en-coton-plusieurs-couleurs\/\" \/>\n<meta property=\"og:site_name\" content=\"Tibladin\" \/>\n<meta property=\"article:modified_time\" content=\"2026-02-03T13:34:06+00:00\" \/>\n<meta property=\"og:image\" content=\"https:\/\/tibladin.dk\/wp-content\/uploads\/2025\/06\/Plaider_bomuld_flere-farver_2.jpeg\" \/>\n\t<meta property=\"og:image:width\" content=\"800\" \/>\n\t<meta property=\"og:image:height\" content=\"800\" \/>\n\t<meta property=\"og:image:type\" content=\"image\/jpeg\" \/>\n<meta name=\"twitter:card\" content=\"summary_large_image\" \/>\n<meta name=\"twitter:label1\" content=\"Dur\u00e9e de lecture estim\u00e9e\" \/>\n\t<meta name=\"twitter:data1\" content=\"2 minutes\" \/>\n<script type=\"application\/ld+json\" class=\"yoast-schema-graph\">{\"@context\":\"https:\\\/\\\/schema.org\",\"@graph\":[{\"@type\":\"WebPage\",\"@id\":\"https:\\\/\\\/tibladin.dk\\\/produkt\\\/plaider-bomuld-flere-farver\\\/\",\"url\":\"https:\\\/\\\/tibladin.dk\\\/produkt\\\/plaider-bomuld-flere-farver\\\/\",\"name\":\"Plaid i en l\u00e6kker bomuldsblanding | Marokkansk tekstil |\u00a0Tibladin\",\"isPartOf\":{\"@id\":\"https:\\\/\\\/tibladin.dk\\\/#website\"},\"primaryImageOfPage\":{\"@id\":\"https:\\\/\\\/tibladin.dk\\\/produkt\\\/plaider-bomuld-flere-farver\\\/#primaryimage\"},\"image\":{\"@id\":\"https:\\\/\\\/tibladin.dk\\\/produkt\\\/plaider-bomuld-flere-farver\\\/#primaryimage\"},\"thumbnailUrl\":\"https:\\\/\\\/tibladin.dk\\\/wp-content\\\/uploads\\\/2025\\\/06\\\/Plaider_bomuld_flere-farver_2.jpeg\",\"datePublished\":\"2025-06-26T09:16:35+00:00\",\"dateModified\":\"2026-02-03T13:34:06+00:00\",\"description\":\"Marokkanske bomuldsplaider med smukke v\u00e6vninger. Tag plaiden med til stranden, pynt med den for fodenden af din seng eller i en stol.\",\"breadcrumb\":{\"@id\":\"https:\\\/\\\/tibladin.dk\\\/produkt\\\/plaider-bomuld-flere-farver\\\/#breadcrumb\"},\"inLanguage\":\"fr-FR\",\"potentialAction\":[{\"@type\":\"ReadAction\",\"target\":[\"https:\\\/\\\/tibladin.dk\\\/produkt\\\/plaider-bomuld-flere-farver\\\/\"]}]},{\"@type\":\"ImageObject\",\"inLanguage\":\"fr-FR\",\"@id\":\"https:\\\/\\\/tibladin.dk\\\/produkt\\\/plaider-bomuld-flere-farver\\\/#primaryimage\",\"url\":\"https:\\\/\\\/tibladin.dk\\\/wp-content\\\/uploads\\\/2025\\\/06\\\/Plaider_bomuld_flere-farver_2.jpeg\",\"contentUrl\":\"https:\\\/\\\/tibladin.dk\\\/wp-content\\\/uploads\\\/2025\\\/06\\\/Plaider_bomuld_flere-farver_2.jpeg\",\"width\":800,\"height\":800,\"caption\":\"Bomuldsplaid flere farver\"},{\"@type\":\"BreadcrumbList\",\"@id\":\"https:\\\/\\\/tibladin.dk\\\/produkt\\\/plaider-bomuld-flere-farver\\\/#breadcrumb\",\"itemListElement\":[{\"@type\":\"ListItem\",\"position\":1,\"name\":\"Hjem\",\"item\":\"https:\\\/\\\/tibladin.dk\\\/\"},{\"@type\":\"ListItem\",\"position\":2,\"name\":\"Shop\",\"item\":\"https:\\\/\\\/tibladin.dk\\\/shop\\\/\"},{\"@type\":\"ListItem\",\"position\":3,\"name\":\"Plaider bomuld flere farver\"}]},{\"@type\":\"WebSite\",\"@id\":\"https:\\\/\\\/tibladin.dk\\\/#website\",\"url\":\"https:\\\/\\\/tibladin.dk\\\/\",\"name\":\"Tibladin\",\"description\":\"Tibladin\",\"publisher\":{\"@id\":\"https:\\\/\\\/tibladin.dk\\\/#organization\"},\"potentialAction\":[{\"@type\":\"SearchAction\",\"target\":{\"@type\":\"EntryPoint\",\"urlTemplate\":\"https:\\\/\\\/tibladin.dk\\\/?s={search_term_string}\"},\"query-input\":{\"@type\":\"PropertyValueSpecification\",\"valueRequired\":true,\"valueName\":\"search_term_string\"}}],\"inLanguage\":\"fr-FR\"},{\"@type\":\"Organization\",\"@id\":\"https:\\\/\\\/tibladin.dk\\\/#organization\",\"name\":\"Tibladin\",\"url\":\"https:\\\/\\\/tibladin.dk\\\/\",\"logo\":{\"@type\":\"ImageObject\",\"inLanguage\":\"fr-FR\",\"@id\":\"https:\\\/\\\/tibladin.dk\\\/#\\\/schema\\\/logo\\\/image\\\/\",\"url\":\"https:\\\/\\\/tibladin.dk\\\/wp-content\\\/uploads\\\/2022\\\/09\\\/tibladin_logo.svg\",\"contentUrl\":\"https:\\\/\\\/tibladin.dk\\\/wp-content\\\/uploads\\\/2022\\\/09\\\/tibladin_logo.svg\",\"caption\":\"Tibladin\"},\"image\":{\"@id\":\"https:\\\/\\\/tibladin.dk\\\/#\\\/schema\\\/logo\\\/image\\\/\"}}]}<\/script>\n<!-- \/ Yoast SEO plugin. -->","yoast_head_json":{"title":"Plaid en d\u00e9licieux m\u00e9lange de coton | Textile marocain | Tibladin","description":"Plaids marocains en coton aux magnifiques tissages. Emportez-les \u00e0 la plage, d\u00e9corez-les au pied de votre lit ou sur une chaise.","robots":{"index":"index","follow":"follow","max-snippet":"max-snippet:-1","max-image-preview":"max-image-preview:large","max-video-preview":"max-video-preview:-1"},"canonical":"https:\/\/tibladin.dk\/fr\/produit-4\/plaids-en-coton-plusieurs-couleurs\/","og_locale":"fr_FR","og_type":"article","og_title":"Plaid i en l\u00e6kker bomuldsblanding | Marokkansk tekstil |\u00a0Tibladin","og_description":"Marokkanske bomuldsplaider med smukke v\u00e6vninger. Tag plaiden med til stranden, pynt med den for fodenden af din seng eller i en stol.","og_url":"https:\/\/tibladin.dk\/fr\/produit-4\/plaids-en-coton-plusieurs-couleurs\/","og_site_name":"Tibladin","article_modified_time":"2026-02-03T13:34:06+00:00","og_image":[{"width":800,"height":800,"url":"https:\/\/tibladin.dk\/wp-content\/uploads\/2025\/06\/Plaider_bomuld_flere-farver_2.jpeg","type":"image\/jpeg"}],"twitter_card":"summary_large_image","twitter_misc":{"Dur\u00e9e de lecture estim\u00e9e":"2 minutes"},"schema":{"@context":"https:\/\/schema.org","@graph":[{"@type":"WebPage","@id":"https:\/\/tibladin.dk\/produkt\/plaider-bomuld-flere-farver\/","url":"https:\/\/tibladin.dk\/produkt\/plaider-bomuld-flere-farver\/","name":"Plaid en d\u00e9licieux m\u00e9lange de coton | Textile marocain | Tibladin","isPartOf":{"@id":"https:\/\/tibladin.dk\/#website"},"primaryImageOfPage":{"@id":"https:\/\/tibladin.dk\/produkt\/plaider-bomuld-flere-farver\/#primaryimage"},"image":{"@id":"https:\/\/tibladin.dk\/produkt\/plaider-bomuld-flere-farver\/#primaryimage"},"thumbnailUrl":"https:\/\/tibladin.dk\/wp-content\/uploads\/2025\/06\/Plaider_bomuld_flere-farver_2.jpeg","datePublished":"2025-06-26T09:16:35+00:00","dateModified":"2026-02-03T13:34:06+00:00","description":"Plaids marocains en coton aux magnifiques tissages. Emportez-les \u00e0 la plage, d\u00e9corez-les au pied de votre lit ou sur une chaise.","breadcrumb":{"@id":"https:\/\/tibladin.dk\/produkt\/plaider-bomuld-flere-farver\/#breadcrumb"},"inLanguage":"fr-FR","potentialAction":[{"@type":"ReadAction","target":["https:\/\/tibladin.dk\/produkt\/plaider-bomuld-flere-farver\/"]}]},{"@type":"ImageObject","inLanguage":"fr-FR","@id":"https:\/\/tibladin.dk\/produkt\/plaider-bomuld-flere-farver\/#primaryimage","url":"https:\/\/tibladin.dk\/wp-content\/uploads\/2025\/06\/Plaider_bomuld_flere-farver_2.jpeg","contentUrl":"https:\/\/tibladin.dk\/wp-content\/uploads\/2025\/06\/Plaider_bomuld_flere-farver_2.jpeg","width":800,"height":800,"caption":"Bomuldsplaid flere farver"},{"@type":"BreadcrumbList","@id":"https:\/\/tibladin.dk\/produkt\/plaider-bomuld-flere-farver\/#breadcrumb","itemListElement":[{"@type":"ListItem","position":1,"name":"Hjem","item":"https:\/\/tibladin.dk\/"},{"@type":"ListItem","position":2,"name":"Shop","item":"https:\/\/tibladin.dk\/shop\/"},{"@type":"ListItem","position":3,"name":"Plaider bomuld flere farver"}]},{"@type":"WebSite","@id":"https:\/\/tibladin.dk\/#website","url":"https:\/\/tibladin.dk\/","name":"Tibladin","description":"Tibladin","publisher":{"@id":"https:\/\/tibladin.dk\/#organization"},"potentialAction":[{"@type":"SearchAction","target":{"@type":"EntryPoint","urlTemplate":"https:\/\/tibladin.dk\/?s={search_term_string}"},"query-input":{"@type":"PropertyValueSpecification","valueRequired":true,"valueName":"search_term_string"}}],"inLanguage":"fr-FR"},{"@type":"Organization","@id":"https:\/\/tibladin.dk\/#organization","name":"Tibladin","url":"https:\/\/tibladin.dk\/","logo":{"@type":"ImageObject","inLanguage":"fr-FR","@id":"https:\/\/tibladin.dk\/#\/schema\/logo\/image\/","url":"https:\/\/tibladin.dk\/wp-content\/uploads\/2022\/09\/tibladin_logo.svg","contentUrl":"https:\/\/tibladin.dk\/wp-content\/uploads\/2022\/09\/tibladin_logo.svg","caption":"Tibladin"},"image":{"@id":"https:\/\/tibladin.dk\/#\/schema\/logo\/image\/"}}]}},"_links":{"self":[{"href":"https:\/\/tibladin.dk\/fr\/wp-json\/wp\/v2\/product\/2467","targetHints":{"allow":["GET"]}}],"collection":[{"href":"https:\/\/tibladin.dk\/fr\/wp-json\/wp\/v2\/product"}],"about":[{"href":"https:\/\/tibladin.dk\/fr\/wp-json\/wp\/v2\/types\/product"}],"wp:featuredmedia":[{"embeddable":true,"href":"https:\/\/tibladin.dk\/fr\/wp-json\/wp\/v2\/media\/37450"}],"wp:attachment":[{"href":"https:\/\/tibladin.dk\/fr\/wp-json\/wp\/v2\/media?parent=2467"}],"wp:term":[{"taxonomy":"product_brand","embeddable":true,"href":"https:\/\/tibladin.dk\/fr\/wp-json\/wp\/v2\/product_brand?post=2467"},{"taxonomy":"product_cat","embeddable":true,"href":"https:\/\/tibladin.dk\/fr\/wp-json\/wp\/v2\/product_cat?post=2467"},{"taxonomy":"product_tag","embeddable":true,"href":"https:\/\/tibladin.dk\/fr\/wp-json\/wp\/v2\/product_tag?post=2467"}],"curies":[{"name":"wp","href":"https:\/\/api.w.org\/{rel}","templated":true}]}}