{"id":2486,"date":"2022-09-20T11:16:43","date_gmt":"2022-09-20T09:16:43","guid":{"rendered":"https:\/\/tibladin.dk\/vare\/antikt-bakkebord-i-aluminium\/"},"modified":"2024-12-09T14:25:59","modified_gmt":"2024-12-09T13:25:59","slug":"table-plateau-ancienne-en-aluminium","status":"publish","type":"product","link":"https:\/\/tibladin.dk\/fr\/produkt\/antikt-bakkebord-i-aluminium\/","title":{"rendered":"Table plateau ancienne en aluminium"},"content":{"rendered":"<div class=\"wpb-content-wrapper\"><div class=\"vc_row wpb_row vc_row-fluid\"><div class=\"wpb_column vc_column_container vc_col-sm-4\"><div class=\"vc_column-inner\"><div class=\"wpb_wrapper\"><\/div><\/div><\/div><div class=\"wpb_column vc_column_container vc_col-sm-4\"><div class=\"vc_column-inner\"><div class=\"wpb_wrapper\"><h3 style=\"text-align: left\" class=\"vc_custom_heading vc_do_custom_heading\" >Entretien<\/h3>\n\t<div class=\"wpb_text_column wpb_content_element\" >\n\t\t<div class=\"wpb_wrapper\">\n\t\t\t<p>La table \u00e0 plateau peut \u00eatre facilement essuy\u00e9e avec un chiffon humide. Parce que la table est antique, de petites imperfections peuvent appara\u00eetre, mais cela ne fait qu&#039;une partie du charme antique.<\/p>\n\n\t\t<\/div>\n\t<\/div>\n<\/div><\/div><\/div><div class=\"wpb_column vc_column_container vc_col-sm-4\"><div class=\"vc_column-inner\"><div class=\"wpb_wrapper\"><h3 style=\"text-align: left\" class=\"vc_custom_heading vc_do_custom_heading\" >L&#039;histoire derri\u00e8re<\/h3>\n\t<div class=\"wpb_text_column wpb_content_element\" >\n\t\t<div class=\"wpb_wrapper\">\n\t\t\t<p>Cette belle table plateau marocaine antique en aluminium est tr\u00e8s sp\u00e9ciale. La table a un plateau avec un joli motif unique et des pieds en m\u00e9tal noir. Le motif sculpt\u00e9 \u00e0 la main aux formes g\u00e9om\u00e9triques et aux d\u00e9licats motifs floraux donne \u00e0 la table un look passionnant qui la rend \u00e0 la fois \u00e9l\u00e9gante, exotique et rustique. J&#039;ai trouv\u00e9 la table-plateau chez un antiquaire \u00e0 Marrakech, elle a donc une histoire longue et int\u00e9ressante derri\u00e8re elle.<\/p>\n<p>La table-plateau est un bel ajout \u00e0 la maison. Elle peut servir seule de table basse ou de table d&#039;appoint, mais peut \u00e9galement \u00eatre utilis\u00e9e comme table de service ou table \u00e0 manger. Vous pouvez cr\u00e9er une atmosph\u00e8re marocaine authentique en utilisant \u00e9galement le plateau comme plateau de service ou table \u00e0 manger. Vous pourrez ensuite vous retrouver en famille ou entre amis sur des coussins et des couvertures autour de tables plateaux, et sentir l&#039;ambiance du riad se r\u00e9pandre.<\/p>\n\n\t\t<\/div>\n\t<\/div>\n<\/div><\/div><\/div><\/div>\n<\/div>","protected":false},"excerpt":{"rendered":"<p>Belle table plateau ancienne en aluminium avec motif simul\u00e9 et pieds en m\u00e9tal peint noir. La table plateau a \u00e9t\u00e9 trouv\u00e9e chez un antiquaire \u00e0 Marrakech et est donc tout \u00e0 fait unique. Le beau motif d\u00e9coup\u00e9 dans le plateau donne \u00e0 la table un aspect \u00e0 la fois \u00e9l\u00e9gant et rustique. La table plateau est superbe \u00e0 la fois comme table basse, table d&#039;appoint ou table de service et de salle \u00e0 manger. S&#039;int\u00e8gre parfaitement dans la d\u00e9coration scandinave car elle est \u00e0 la fois \u00e9l\u00e9gante, rustique et styl\u00e9e.<\/p>\n<p>| Diam\u00e8tre : 86 cm | Hauteur : 46 cm |<\/p>\n<p>&nbsp;<\/p>","protected":false},"featured_media":2480,"template":"","meta":{"inline_featured_image":false},"product_brand":[],"product_cat":[82,39],"product_tag":[],"class_list":{"0":"post-2486","1":"product","2":"type-product","3":"status-publish","4":"has-post-thumbnail","6":"product_cat-borde","7":"product_cat-moebler","9":"first","10":"instock","11":"taxable","12":"shipping-taxable","13":"purchasable","14":"product-type-simple"},"exclude_global_add_ons":[],"addons":[],"yoast_head":"<!-- This site is optimized with the Yoast SEO plugin v27.4 - https:\/\/yoast.com\/product\/yoast-seo-wordpress\/ -->\n<title>Bakkebord fra Marrakech | Antik vare | Tibladin<\/title>\n<meta name=\"description\" content=\"Smukt og unikt bakkebord fra Marokko. Fundet hos antikhandler i Marrakech. H\u00e5nsk\u00e5ret m\u00f8nster, der tilf\u00f8jer et elegant og et rustikt udtryk.\" \/>\n<meta name=\"robots\" content=\"index, follow, max-snippet:-1, max-image-preview:large, max-video-preview:-1\" \/>\n<link rel=\"canonical\" href=\"https:\/\/tibladin.dk\/fr\/produit-4\/table-plateau-ancienne-en-aluminium\/\" \/>\n<meta property=\"og:locale\" content=\"fr_FR\" \/>\n<meta property=\"og:type\" content=\"article\" \/>\n<meta property=\"og:title\" content=\"Bakkebord fra Marrakech | Antik vare | Tibladin\" \/>\n<meta property=\"og:description\" content=\"Smukt og unikt bakkebord fra Marokko. Fundet hos antikhandler i Marrakech. H\u00e5nsk\u00e5ret m\u00f8nster, der tilf\u00f8jer et elegant og et rustikt udtryk.\" \/>\n<meta property=\"og:url\" content=\"https:\/\/tibladin.dk\/fr\/produit-4\/table-plateau-ancienne-en-aluminium\/\" \/>\n<meta property=\"og:site_name\" content=\"Tibladin\" \/>\n<meta property=\"article:modified_time\" content=\"2024-12-09T13:25:59+00:00\" \/>\n<meta property=\"og:image\" content=\"https:\/\/tibladin.dk\/wp-content\/uploads\/2022\/09\/Tibladin_antik-bakkebord_LS1-1.jpg\" \/>\n\t<meta property=\"og:image:width\" content=\"800\" \/>\n\t<meta property=\"og:image:height\" content=\"800\" \/>\n\t<meta property=\"og:image:type\" content=\"image\/jpeg\" \/>\n<meta name=\"twitter:card\" content=\"summary_large_image\" \/>\n<meta name=\"twitter:label1\" content=\"Dur\u00e9e de lecture estim\u00e9e\" \/>\n\t<meta name=\"twitter:data1\" content=\"2 minutes\" \/>\n<script type=\"application\/ld+json\" class=\"yoast-schema-graph\">{\"@context\":\"https:\\\/\\\/schema.org\",\"@graph\":[{\"@type\":\"WebPage\",\"@id\":\"https:\\\/\\\/tibladin.dk\\\/produkt\\\/antikt-bakkebord-i-aluminium\\\/\",\"url\":\"https:\\\/\\\/tibladin.dk\\\/produkt\\\/antikt-bakkebord-i-aluminium\\\/\",\"name\":\"Bakkebord fra Marrakech | Antik vare | Tibladin\",\"isPartOf\":{\"@id\":\"https:\\\/\\\/tibladin.dk\\\/#website\"},\"primaryImageOfPage\":{\"@id\":\"https:\\\/\\\/tibladin.dk\\\/produkt\\\/antikt-bakkebord-i-aluminium\\\/#primaryimage\"},\"image\":{\"@id\":\"https:\\\/\\\/tibladin.dk\\\/produkt\\\/antikt-bakkebord-i-aluminium\\\/#primaryimage\"},\"thumbnailUrl\":\"https:\\\/\\\/tibladin.dk\\\/wp-content\\\/uploads\\\/2022\\\/09\\\/Tibladin_antik-bakkebord_LS1-1.jpg\",\"datePublished\":\"2022-09-20T09:16:43+00:00\",\"dateModified\":\"2024-12-09T13:25:59+00:00\",\"description\":\"Smukt og unikt bakkebord fra Marokko. Fundet hos antikhandler i Marrakech. H\u00e5nsk\u00e5ret m\u00f8nster, der tilf\u00f8jer et elegant og et rustikt udtryk.\",\"breadcrumb\":{\"@id\":\"https:\\\/\\\/tibladin.dk\\\/produkt\\\/antikt-bakkebord-i-aluminium\\\/#breadcrumb\"},\"inLanguage\":\"fr-FR\",\"potentialAction\":[{\"@type\":\"ReadAction\",\"target\":[\"https:\\\/\\\/tibladin.dk\\\/produkt\\\/antikt-bakkebord-i-aluminium\\\/\"]}]},{\"@type\":\"ImageObject\",\"inLanguage\":\"fr-FR\",\"@id\":\"https:\\\/\\\/tibladin.dk\\\/produkt\\\/antikt-bakkebord-i-aluminium\\\/#primaryimage\",\"url\":\"https:\\\/\\\/tibladin.dk\\\/wp-content\\\/uploads\\\/2022\\\/09\\\/Tibladin_antik-bakkebord_LS1-1.jpg\",\"contentUrl\":\"https:\\\/\\\/tibladin.dk\\\/wp-content\\\/uploads\\\/2022\\\/09\\\/Tibladin_antik-bakkebord_LS1-1.jpg\",\"width\":800,\"height\":800,\"caption\":\"H\u00e5ndlavet bakkebord med marokkansk m\u00f8nster st\u00e5ende udenfor med service og tangine fad ovenp\u00e5\"},{\"@type\":\"BreadcrumbList\",\"@id\":\"https:\\\/\\\/tibladin.dk\\\/produkt\\\/antikt-bakkebord-i-aluminium\\\/#breadcrumb\",\"itemListElement\":[{\"@type\":\"ListItem\",\"position\":1,\"name\":\"Hjem\",\"item\":\"https:\\\/\\\/tibladin.dk\\\/\"},{\"@type\":\"ListItem\",\"position\":2,\"name\":\"Shop\",\"item\":\"https:\\\/\\\/tibladin.dk\\\/shop\\\/\"},{\"@type\":\"ListItem\",\"position\":3,\"name\":\"Antikt bakkebord i aluminium\"}]},{\"@type\":\"WebSite\",\"@id\":\"https:\\\/\\\/tibladin.dk\\\/#website\",\"url\":\"https:\\\/\\\/tibladin.dk\\\/\",\"name\":\"Tibladin\",\"description\":\"Tibladin\",\"publisher\":{\"@id\":\"https:\\\/\\\/tibladin.dk\\\/#organization\"},\"potentialAction\":[{\"@type\":\"SearchAction\",\"target\":{\"@type\":\"EntryPoint\",\"urlTemplate\":\"https:\\\/\\\/tibladin.dk\\\/?s={search_term_string}\"},\"query-input\":{\"@type\":\"PropertyValueSpecification\",\"valueRequired\":true,\"valueName\":\"search_term_string\"}}],\"inLanguage\":\"fr-FR\"},{\"@type\":\"Organization\",\"@id\":\"https:\\\/\\\/tibladin.dk\\\/#organization\",\"name\":\"Tibladin\",\"url\":\"https:\\\/\\\/tibladin.dk\\\/\",\"logo\":{\"@type\":\"ImageObject\",\"inLanguage\":\"fr-FR\",\"@id\":\"https:\\\/\\\/tibladin.dk\\\/#\\\/schema\\\/logo\\\/image\\\/\",\"url\":\"https:\\\/\\\/tibladin.dk\\\/wp-content\\\/uploads\\\/2022\\\/09\\\/tibladin_logo.svg\",\"contentUrl\":\"https:\\\/\\\/tibladin.dk\\\/wp-content\\\/uploads\\\/2022\\\/09\\\/tibladin_logo.svg\",\"caption\":\"Tibladin\"},\"image\":{\"@id\":\"https:\\\/\\\/tibladin.dk\\\/#\\\/schema\\\/logo\\\/image\\\/\"}}]}<\/script>\n<!-- \/ Yoast SEO plugin. -->","yoast_head_json":{"title":"Table plateau de Marrakech | Objet antique | Tibladine","description":"Belle et unique table plateau du Maroc. Trouv\u00e9 chez des antiquaires \u00e0 Marrakech. Motif simul\u00e9 qui ajoute un look \u00e9l\u00e9gant et rustique.","robots":{"index":"index","follow":"follow","max-snippet":"max-snippet:-1","max-image-preview":"max-image-preview:large","max-video-preview":"max-video-preview:-1"},"canonical":"https:\/\/tibladin.dk\/fr\/produit-4\/table-plateau-ancienne-en-aluminium\/","og_locale":"fr_FR","og_type":"article","og_title":"Bakkebord fra Marrakech | Antik vare | Tibladin","og_description":"Smukt og unikt bakkebord fra Marokko. Fundet hos antikhandler i Marrakech. H\u00e5nsk\u00e5ret m\u00f8nster, der tilf\u00f8jer et elegant og et rustikt udtryk.","og_url":"https:\/\/tibladin.dk\/fr\/produit-4\/table-plateau-ancienne-en-aluminium\/","og_site_name":"Tibladin","article_modified_time":"2024-12-09T13:25:59+00:00","og_image":[{"width":800,"height":800,"url":"https:\/\/tibladin.dk\/wp-content\/uploads\/2022\/09\/Tibladin_antik-bakkebord_LS1-1.jpg","type":"image\/jpeg"}],"twitter_card":"summary_large_image","twitter_misc":{"Dur\u00e9e de lecture estim\u00e9e":"2 minutes"},"schema":{"@context":"https:\/\/schema.org","@graph":[{"@type":"WebPage","@id":"https:\/\/tibladin.dk\/produkt\/antikt-bakkebord-i-aluminium\/","url":"https:\/\/tibladin.dk\/produkt\/antikt-bakkebord-i-aluminium\/","name":"Table plateau de Marrakech | Objet antique | Tibladine","isPartOf":{"@id":"https:\/\/tibladin.dk\/#website"},"primaryImageOfPage":{"@id":"https:\/\/tibladin.dk\/produkt\/antikt-bakkebord-i-aluminium\/#primaryimage"},"image":{"@id":"https:\/\/tibladin.dk\/produkt\/antikt-bakkebord-i-aluminium\/#primaryimage"},"thumbnailUrl":"https:\/\/tibladin.dk\/wp-content\/uploads\/2022\/09\/Tibladin_antik-bakkebord_LS1-1.jpg","datePublished":"2022-09-20T09:16:43+00:00","dateModified":"2024-12-09T13:25:59+00:00","description":"Belle et unique table plateau du Maroc. Trouv\u00e9 chez des antiquaires \u00e0 Marrakech. Motif simul\u00e9 qui ajoute un look \u00e9l\u00e9gant et rustique.","breadcrumb":{"@id":"https:\/\/tibladin.dk\/produkt\/antikt-bakkebord-i-aluminium\/#breadcrumb"},"inLanguage":"fr-FR","potentialAction":[{"@type":"ReadAction","target":["https:\/\/tibladin.dk\/produkt\/antikt-bakkebord-i-aluminium\/"]}]},{"@type":"ImageObject","inLanguage":"fr-FR","@id":"https:\/\/tibladin.dk\/produkt\/antikt-bakkebord-i-aluminium\/#primaryimage","url":"https:\/\/tibladin.dk\/wp-content\/uploads\/2022\/09\/Tibladin_antik-bakkebord_LS1-1.jpg","contentUrl":"https:\/\/tibladin.dk\/wp-content\/uploads\/2022\/09\/Tibladin_antik-bakkebord_LS1-1.jpg","width":800,"height":800,"caption":"H\u00e5ndlavet bakkebord med marokkansk m\u00f8nster st\u00e5ende udenfor med service og tangine fad ovenp\u00e5"},{"@type":"BreadcrumbList","@id":"https:\/\/tibladin.dk\/produkt\/antikt-bakkebord-i-aluminium\/#breadcrumb","itemListElement":[{"@type":"ListItem","position":1,"name":"Hjem","item":"https:\/\/tibladin.dk\/"},{"@type":"ListItem","position":2,"name":"Shop","item":"https:\/\/tibladin.dk\/shop\/"},{"@type":"ListItem","position":3,"name":"Antikt bakkebord i aluminium"}]},{"@type":"WebSite","@id":"https:\/\/tibladin.dk\/#website","url":"https:\/\/tibladin.dk\/","name":"Tibladin","description":"Tibladin","publisher":{"@id":"https:\/\/tibladin.dk\/#organization"},"potentialAction":[{"@type":"SearchAction","target":{"@type":"EntryPoint","urlTemplate":"https:\/\/tibladin.dk\/?s={search_term_string}"},"query-input":{"@type":"PropertyValueSpecification","valueRequired":true,"valueName":"search_term_string"}}],"inLanguage":"fr-FR"},{"@type":"Organization","@id":"https:\/\/tibladin.dk\/#organization","name":"Tibladin","url":"https:\/\/tibladin.dk\/","logo":{"@type":"ImageObject","inLanguage":"fr-FR","@id":"https:\/\/tibladin.dk\/#\/schema\/logo\/image\/","url":"https:\/\/tibladin.dk\/wp-content\/uploads\/2022\/09\/tibladin_logo.svg","contentUrl":"https:\/\/tibladin.dk\/wp-content\/uploads\/2022\/09\/tibladin_logo.svg","caption":"Tibladin"},"image":{"@id":"https:\/\/tibladin.dk\/#\/schema\/logo\/image\/"}}]}},"_links":{"self":[{"href":"https:\/\/tibladin.dk\/fr\/wp-json\/wp\/v2\/product\/2486","targetHints":{"allow":["GET"]}}],"collection":[{"href":"https:\/\/tibladin.dk\/fr\/wp-json\/wp\/v2\/product"}],"about":[{"href":"https:\/\/tibladin.dk\/fr\/wp-json\/wp\/v2\/types\/product"}],"wp:featuredmedia":[{"embeddable":true,"href":"https:\/\/tibladin.dk\/fr\/wp-json\/wp\/v2\/media\/2480"}],"wp:attachment":[{"href":"https:\/\/tibladin.dk\/fr\/wp-json\/wp\/v2\/media?parent=2486"}],"wp:term":[{"taxonomy":"product_brand","embeddable":true,"href":"https:\/\/tibladin.dk\/fr\/wp-json\/wp\/v2\/product_brand?post=2486"},{"taxonomy":"product_cat","embeddable":true,"href":"https:\/\/tibladin.dk\/fr\/wp-json\/wp\/v2\/product_cat?post=2486"},{"taxonomy":"product_tag","embeddable":true,"href":"https:\/\/tibladin.dk\/fr\/wp-json\/wp\/v2\/product_tag?post=2486"}],"curies":[{"name":"wp","href":"https:\/\/api.w.org\/{rel}","templated":true}]}}