{"id":2549,"date":"2022-09-20T11:17:11","date_gmt":"2022-09-20T09:17:11","guid":{"rendered":"https:\/\/tibladin.dk\/vare\/kurv-med-haandtag-i-laeder\/"},"modified":"2026-02-25T22:41:05","modified_gmt":"2026-02-25T21:41:05","slug":"panier-avec-anse-en-cuir","status":"publish","type":"product","link":"https:\/\/tibladin.dk\/fr\/produkt\/kurv-med-haandtag-i-laeder\/","title":{"rendered":"Panier avec anse en cuir"},"content":{"rendered":"<div class=\"wpb-content-wrapper\"><div class=\"vc_row wpb_row vc_row-fluid\"><div class=\"wpb_column vc_column_container vc_col-sm-4\"><div class=\"vc_column-inner\"><div class=\"wpb_wrapper\"><h3 style=\"text-align: left\" class=\"vc_custom_heading vc_do_custom_heading\" >Entretien<\/h3>\n\t<div class=\"wpb_text_column wpb_content_element\" >\n\t\t<div class=\"wpb_wrapper\">\n\t\t\t<p>Pour le nettoyage, le plus simple est de passer l&#039;aspirateur d\u00e9licatement.<\/p>\n\n\t\t<\/div>\n\t<\/div>\n<\/div><\/div><\/div><div class=\"wpb_column vc_column_container vc_col-sm-4\"><div class=\"vc_column-inner\"><div class=\"wpb_wrapper\"><h3 style=\"text-align: left\" class=\"vc_custom_heading vc_do_custom_heading\" >L&#039;histoire derri\u00e8re<\/h3>\n\t<div class=\"wpb_text_column wpb_content_element\" >\n\t\t<div class=\"wpb_wrapper\">\n\t\t\t<p>Ce magnifique panier est fait d&#039;herbes marines tress\u00e9es et poss\u00e8de des poign\u00e9es en cuir. Le cuir est un cuir v\u00e9ritable de qualit\u00e9 et ajoute un contraste brut mais \u00e9l\u00e9gant aux mat\u00e9riaux naturels. Le panier est d\u00e9coratif et d&#039;expression simple, et s&#039;int\u00e8gre donc parfaitement dans la maison scandinave. La vannerie est un artisanat ancien et traditionnel au Maroc, o\u00f9 plusieurs g\u00e9n\u00e9rations ont adopt\u00e9 cet art. Vous obtiendrez donc ici un panier unique fait main dans de d\u00e9licieuses mati\u00e8res naturelles, fabriqu\u00e9 \u00e0 Marrakech par des artisans qualifi\u00e9s. Le r\u00e9sultat est un joli panier qui peut \u00eatre utilis\u00e9 aussi bien pour le rangement que comme panier \u00e0 linge, par exemple. Si vous utilisez ce panier comme panier \u00e0 linge, vous pouvez choisir de coudre un sac \u00e0 linge \u00e0 mettre \u00e0 l&#039;int\u00e9rieur du panier. Vous ne pouvez pas \u00e9viter que le panier \u00e9mette un peu d&#039;osier.<\/p>\n\n\t\t<\/div>\n\t<\/div>\n<\/div><\/div><\/div><div class=\"wpb_column vc_column_container vc_col-sm-4\"><div class=\"vc_column-inner\"><div class=\"wpb_wrapper\"><h3 style=\"text-align: left\" class=\"vc_custom_heading vc_do_custom_heading\" >Qu&#039;est-ce que le rotin ?<\/h3>\n\t<div class=\"wpb_text_column wpb_content_element\" >\n\t\t<div class=\"wpb_wrapper\">\n\t\t\t<p>Le rotin est fabriqu\u00e9 \u00e0 partir d&#039;un palmier tropical originaire d&#039;Australie, d&#039;Asie et d&#039;Afrique. Le mat\u00e9riau est tr\u00e8s r\u00e9sistant et ressemble au bambou, c&#039;est pourquoi il est utilis\u00e9 pour tout, des plateaux et paniers aux t\u00eates de lit et tables \u00e0 boissons.<\/p>\n<p>Le raphia est similaire au rotin car ils proviennent tous deux de feuilles de palmier, mais le raphia est un peu plus doux.<\/p>\n\n\t\t<\/div>\n\t<\/div>\n<\/div><\/div><\/div><\/div>\n<\/div>","protected":false},"excerpt":{"rendered":"<p>Panier fait main tress\u00e9 en jonc de mer avec une anse en cuir de belle qualit\u00e9. Le panier allie l&#039;expression brute et \u00e9l\u00e9gante du cuir \u00e0 l&#039;expression naturelle et simple des mati\u00e8res tress\u00e9es. Le panier fait main est parfait pour ranger le linge par exemple et d\u00e9core aussi bien la salle de bain que la chambre. Il d\u00e9core et ajoute une touche marocaine \u00e0 n&#039;importe quelle pi\u00e8ce.<\/p>\n<p>\u00c9tant donn\u00e9 que le panier est fabriqu\u00e9 \u00e0 la main, il peut y avoir de petites variations dans les mesures, ainsi que de l\u00e9g\u00e8res irr\u00e9gularit\u00e9s et imperfections, mais cela fait partie du charme et de l&#039;expression naturelle.<\/p>\n<p>| Hauteur : environ 64 cm | Diam\u00e8tre : environ 40 cm |<\/p>","protected":false},"featured_media":2545,"template":"","meta":{"inline_featured_image":false},"product_brand":[],"product_cat":[55,51],"product_tag":[],"class_list":{"0":"post-2549","1":"product","2":"type-product","3":"status-publish","4":"has-post-thumbnail","6":"product_cat-kurve","7":"product_cat-opbevaring","9":"first","10":"instock","11":"featured","12":"taxable","13":"shipping-taxable","14":"purchasable","15":"product-type-simple"},"exclude_global_add_ons":[],"addons":[],"yoast_head":"<!-- This site is optimized with the Yoast SEO plugin v27.4 - https:\/\/yoast.com\/product\/yoast-seo-wordpress\/ -->\n<title>Kurv med h\u00e5ndtag i l\u00e6der | Kvalitetsmaterialer | Tibladin<\/title>\n<meta name=\"description\" content=\"H\u00e5ndlavet kurv flettet i s\u00f8gr\u00e6s med h\u00e5ndtag i kvalitetsl\u00e6der. Perfekt til opbevaring. Giver et rustikt, naturligt og l\u00e6kkert touch.\" \/>\n<meta name=\"robots\" content=\"index, follow, max-snippet:-1, max-image-preview:large, max-video-preview:-1\" \/>\n<link rel=\"canonical\" href=\"https:\/\/tibladin.dk\/fr\/produit-4\/panier-avec-anse-en-cuir\/\" \/>\n<meta property=\"og:locale\" content=\"fr_FR\" \/>\n<meta property=\"og:type\" content=\"article\" \/>\n<meta property=\"og:title\" content=\"Kurv med h\u00e5ndtag i l\u00e6der | Kvalitetsmaterialer | Tibladin\" \/>\n<meta property=\"og:description\" content=\"H\u00e5ndlavet kurv flettet i s\u00f8gr\u00e6s med h\u00e5ndtag i kvalitetsl\u00e6der. Perfekt til opbevaring. Giver et rustikt, naturligt og l\u00e6kkert touch.\" \/>\n<meta property=\"og:url\" content=\"https:\/\/tibladin.dk\/fr\/produit-4\/panier-avec-anse-en-cuir\/\" \/>\n<meta property=\"og:site_name\" content=\"Tibladin\" \/>\n<meta property=\"article:modified_time\" content=\"2026-02-25T21:41:05+00:00\" \/>\n<meta property=\"og:image\" content=\"https:\/\/tibladin.dk\/wp-content\/uploads\/2022\/09\/Kurv-med-hank-1.png\" \/>\n\t<meta property=\"og:image:width\" content=\"800\" \/>\n\t<meta property=\"og:image:height\" content=\"800\" \/>\n\t<meta property=\"og:image:type\" content=\"image\/png\" \/>\n<meta name=\"twitter:card\" content=\"summary_large_image\" \/>\n<meta name=\"twitter:label1\" content=\"Dur\u00e9e de lecture estim\u00e9e\" \/>\n\t<meta name=\"twitter:data1\" content=\"2 minutes\" \/>\n<script type=\"application\/ld+json\" class=\"yoast-schema-graph\">{\"@context\":\"https:\\\/\\\/schema.org\",\"@graph\":[{\"@type\":\"WebPage\",\"@id\":\"https:\\\/\\\/tibladin.dk\\\/produkt\\\/kurv-med-haandtag-i-laeder\\\/\",\"url\":\"https:\\\/\\\/tibladin.dk\\\/produkt\\\/kurv-med-haandtag-i-laeder\\\/\",\"name\":\"Kurv med h\u00e5ndtag i l\u00e6der | Kvalitetsmaterialer | Tibladin\",\"isPartOf\":{\"@id\":\"https:\\\/\\\/tibladin.dk\\\/#website\"},\"primaryImageOfPage\":{\"@id\":\"https:\\\/\\\/tibladin.dk\\\/produkt\\\/kurv-med-haandtag-i-laeder\\\/#primaryimage\"},\"image\":{\"@id\":\"https:\\\/\\\/tibladin.dk\\\/produkt\\\/kurv-med-haandtag-i-laeder\\\/#primaryimage\"},\"thumbnailUrl\":\"https:\\\/\\\/tibladin.dk\\\/wp-content\\\/uploads\\\/2022\\\/09\\\/Kurv-med-hank-1.png\",\"datePublished\":\"2022-09-20T09:17:11+00:00\",\"dateModified\":\"2026-02-25T21:41:05+00:00\",\"description\":\"H\u00e5ndlavet kurv flettet i s\u00f8gr\u00e6s med h\u00e5ndtag i kvalitetsl\u00e6der. Perfekt til opbevaring. Giver et rustikt, naturligt og l\u00e6kkert touch.\",\"breadcrumb\":{\"@id\":\"https:\\\/\\\/tibladin.dk\\\/produkt\\\/kurv-med-haandtag-i-laeder\\\/#breadcrumb\"},\"inLanguage\":\"fr-FR\",\"potentialAction\":[{\"@type\":\"ReadAction\",\"target\":[\"https:\\\/\\\/tibladin.dk\\\/produkt\\\/kurv-med-haandtag-i-laeder\\\/\"]}]},{\"@type\":\"ImageObject\",\"inLanguage\":\"fr-FR\",\"@id\":\"https:\\\/\\\/tibladin.dk\\\/produkt\\\/kurv-med-haandtag-i-laeder\\\/#primaryimage\",\"url\":\"https:\\\/\\\/tibladin.dk\\\/wp-content\\\/uploads\\\/2022\\\/09\\\/Kurv-med-hank-1.png\",\"contentUrl\":\"https:\\\/\\\/tibladin.dk\\\/wp-content\\\/uploads\\\/2022\\\/09\\\/Kurv-med-hank-1.png\",\"width\":800,\"height\":800,\"caption\":\"Marokkansk h\u00e5ndv\u00e6vet kurv med l\u00e6der h\u00e5ndtag\"},{\"@type\":\"BreadcrumbList\",\"@id\":\"https:\\\/\\\/tibladin.dk\\\/produkt\\\/kurv-med-haandtag-i-laeder\\\/#breadcrumb\",\"itemListElement\":[{\"@type\":\"ListItem\",\"position\":1,\"name\":\"Hjem\",\"item\":\"https:\\\/\\\/tibladin.dk\\\/\"},{\"@type\":\"ListItem\",\"position\":2,\"name\":\"Shop\",\"item\":\"https:\\\/\\\/tibladin.dk\\\/shop\\\/\"},{\"@type\":\"ListItem\",\"position\":3,\"name\":\"Kurv med h\u00e5ndtag i l\u00e6der\"}]},{\"@type\":\"WebSite\",\"@id\":\"https:\\\/\\\/tibladin.dk\\\/#website\",\"url\":\"https:\\\/\\\/tibladin.dk\\\/\",\"name\":\"Tibladin\",\"description\":\"Tibladin\",\"publisher\":{\"@id\":\"https:\\\/\\\/tibladin.dk\\\/#organization\"},\"potentialAction\":[{\"@type\":\"SearchAction\",\"target\":{\"@type\":\"EntryPoint\",\"urlTemplate\":\"https:\\\/\\\/tibladin.dk\\\/?s={search_term_string}\"},\"query-input\":{\"@type\":\"PropertyValueSpecification\",\"valueRequired\":true,\"valueName\":\"search_term_string\"}}],\"inLanguage\":\"fr-FR\"},{\"@type\":\"Organization\",\"@id\":\"https:\\\/\\\/tibladin.dk\\\/#organization\",\"name\":\"Tibladin\",\"url\":\"https:\\\/\\\/tibladin.dk\\\/\",\"logo\":{\"@type\":\"ImageObject\",\"inLanguage\":\"fr-FR\",\"@id\":\"https:\\\/\\\/tibladin.dk\\\/#\\\/schema\\\/logo\\\/image\\\/\",\"url\":\"https:\\\/\\\/tibladin.dk\\\/wp-content\\\/uploads\\\/2022\\\/09\\\/tibladin_logo.svg\",\"contentUrl\":\"https:\\\/\\\/tibladin.dk\\\/wp-content\\\/uploads\\\/2022\\\/09\\\/tibladin_logo.svg\",\"caption\":\"Tibladin\"},\"image\":{\"@id\":\"https:\\\/\\\/tibladin.dk\\\/#\\\/schema\\\/logo\\\/image\\\/\"}}]}<\/script>\n<!-- \/ Yoast SEO plugin. -->","yoast_head_json":{"title":"Panier avec anse en cuir | Mat\u00e9riaux de qualit\u00e9 | Tibladine","description":"Panier fait main tress\u00e9 en jonc de mer avec anses en cuir de qualit\u00e9. Parfait pour le stockage. Donne une touche rustique, naturelle et d\u00e9licieuse.","robots":{"index":"index","follow":"follow","max-snippet":"max-snippet:-1","max-image-preview":"max-image-preview:large","max-video-preview":"max-video-preview:-1"},"canonical":"https:\/\/tibladin.dk\/fr\/produit-4\/panier-avec-anse-en-cuir\/","og_locale":"fr_FR","og_type":"article","og_title":"Kurv med h\u00e5ndtag i l\u00e6der | Kvalitetsmaterialer | Tibladin","og_description":"H\u00e5ndlavet kurv flettet i s\u00f8gr\u00e6s med h\u00e5ndtag i kvalitetsl\u00e6der. Perfekt til opbevaring. Giver et rustikt, naturligt og l\u00e6kkert touch.","og_url":"https:\/\/tibladin.dk\/fr\/produit-4\/panier-avec-anse-en-cuir\/","og_site_name":"Tibladin","article_modified_time":"2026-02-25T21:41:05+00:00","og_image":[{"width":800,"height":800,"url":"https:\/\/tibladin.dk\/wp-content\/uploads\/2022\/09\/Kurv-med-hank-1.png","type":"image\/png"}],"twitter_card":"summary_large_image","twitter_misc":{"Dur\u00e9e de lecture estim\u00e9e":"2 minutes"},"schema":{"@context":"https:\/\/schema.org","@graph":[{"@type":"WebPage","@id":"https:\/\/tibladin.dk\/produkt\/kurv-med-haandtag-i-laeder\/","url":"https:\/\/tibladin.dk\/produkt\/kurv-med-haandtag-i-laeder\/","name":"Panier avec anse en cuir | Mat\u00e9riaux de qualit\u00e9 | Tibladine","isPartOf":{"@id":"https:\/\/tibladin.dk\/#website"},"primaryImageOfPage":{"@id":"https:\/\/tibladin.dk\/produkt\/kurv-med-haandtag-i-laeder\/#primaryimage"},"image":{"@id":"https:\/\/tibladin.dk\/produkt\/kurv-med-haandtag-i-laeder\/#primaryimage"},"thumbnailUrl":"https:\/\/tibladin.dk\/wp-content\/uploads\/2022\/09\/Kurv-med-hank-1.png","datePublished":"2022-09-20T09:17:11+00:00","dateModified":"2026-02-25T21:41:05+00:00","description":"Panier fait main tress\u00e9 en jonc de mer avec anses en cuir de qualit\u00e9. Parfait pour le stockage. Donne une touche rustique, naturelle et d\u00e9licieuse.","breadcrumb":{"@id":"https:\/\/tibladin.dk\/produkt\/kurv-med-haandtag-i-laeder\/#breadcrumb"},"inLanguage":"fr-FR","potentialAction":[{"@type":"ReadAction","target":["https:\/\/tibladin.dk\/produkt\/kurv-med-haandtag-i-laeder\/"]}]},{"@type":"ImageObject","inLanguage":"fr-FR","@id":"https:\/\/tibladin.dk\/produkt\/kurv-med-haandtag-i-laeder\/#primaryimage","url":"https:\/\/tibladin.dk\/wp-content\/uploads\/2022\/09\/Kurv-med-hank-1.png","contentUrl":"https:\/\/tibladin.dk\/wp-content\/uploads\/2022\/09\/Kurv-med-hank-1.png","width":800,"height":800,"caption":"Marokkansk h\u00e5ndv\u00e6vet kurv med l\u00e6der h\u00e5ndtag"},{"@type":"BreadcrumbList","@id":"https:\/\/tibladin.dk\/produkt\/kurv-med-haandtag-i-laeder\/#breadcrumb","itemListElement":[{"@type":"ListItem","position":1,"name":"Hjem","item":"https:\/\/tibladin.dk\/"},{"@type":"ListItem","position":2,"name":"Shop","item":"https:\/\/tibladin.dk\/shop\/"},{"@type":"ListItem","position":3,"name":"Kurv med h\u00e5ndtag i l\u00e6der"}]},{"@type":"WebSite","@id":"https:\/\/tibladin.dk\/#website","url":"https:\/\/tibladin.dk\/","name":"Tibladin","description":"Tibladin","publisher":{"@id":"https:\/\/tibladin.dk\/#organization"},"potentialAction":[{"@type":"SearchAction","target":{"@type":"EntryPoint","urlTemplate":"https:\/\/tibladin.dk\/?s={search_term_string}"},"query-input":{"@type":"PropertyValueSpecification","valueRequired":true,"valueName":"search_term_string"}}],"inLanguage":"fr-FR"},{"@type":"Organization","@id":"https:\/\/tibladin.dk\/#organization","name":"Tibladin","url":"https:\/\/tibladin.dk\/","logo":{"@type":"ImageObject","inLanguage":"fr-FR","@id":"https:\/\/tibladin.dk\/#\/schema\/logo\/image\/","url":"https:\/\/tibladin.dk\/wp-content\/uploads\/2022\/09\/tibladin_logo.svg","contentUrl":"https:\/\/tibladin.dk\/wp-content\/uploads\/2022\/09\/tibladin_logo.svg","caption":"Tibladin"},"image":{"@id":"https:\/\/tibladin.dk\/#\/schema\/logo\/image\/"}}]}},"_links":{"self":[{"href":"https:\/\/tibladin.dk\/fr\/wp-json\/wp\/v2\/product\/2549","targetHints":{"allow":["GET"]}}],"collection":[{"href":"https:\/\/tibladin.dk\/fr\/wp-json\/wp\/v2\/product"}],"about":[{"href":"https:\/\/tibladin.dk\/fr\/wp-json\/wp\/v2\/types\/product"}],"wp:featuredmedia":[{"embeddable":true,"href":"https:\/\/tibladin.dk\/fr\/wp-json\/wp\/v2\/media\/2545"}],"wp:attachment":[{"href":"https:\/\/tibladin.dk\/fr\/wp-json\/wp\/v2\/media?parent=2549"}],"wp:term":[{"taxonomy":"product_brand","embeddable":true,"href":"https:\/\/tibladin.dk\/fr\/wp-json\/wp\/v2\/product_brand?post=2549"},{"taxonomy":"product_cat","embeddable":true,"href":"https:\/\/tibladin.dk\/fr\/wp-json\/wp\/v2\/product_cat?post=2549"},{"taxonomy":"product_tag","embeddable":true,"href":"https:\/\/tibladin.dk\/fr\/wp-json\/wp\/v2\/product_tag?post=2549"}],"curies":[{"name":"wp","href":"https:\/\/api.w.org\/{rel}","templated":true}]}}