{"id":2580,"date":"2022-09-20T11:17:27","date_gmt":"2022-09-20T09:17:27","guid":{"rendered":"https:\/\/tibladin.dk\/vare\/kaktussilke-pudebetraek-turkis\/"},"modified":"2026-01-04T18:38:51","modified_gmt":"2026-01-04T17:38:51","slug":"housse-de-coussin-en-soie-cactus-turquoise","status":"publish","type":"product","link":"https:\/\/tibladin.dk\/fr\/produkt\/kaktussilke-pudebetraek-turkis\/","title":{"rendered":"Coussin cactus en soie \u2013 TURQUOISE"},"content":{"rendered":"<div class=\"wpb-content-wrapper\"><div class=\"vc_row wpb_row vc_row-fluid\"><div class=\"wpb_column vc_column_container vc_col-sm-4\"><div class=\"vc_column-inner\"><div class=\"wpb_wrapper\"><\/div><\/div><\/div><div class=\"wpb_column vc_column_container vc_col-sm-4\"><div class=\"vc_column-inner\"><div class=\"wpb_wrapper\"><h3 style=\"text-align: left\" class=\"vc_custom_heading vc_do_custom_heading\" >Entretien<\/h3>\n\t<div class=\"wpb_text_column wpb_content_element\" >\n\t\t<div class=\"wpb_wrapper\">\n\t\t\t<p>La housse de coussin ne r\u00e9siste pas \u00e0 l\u2019eau !<\/p>\n<p>Ils doivent \u00eatre nettoy\u00e9s \u00e0 sec dans un pressing.<\/p>\n<p>Les housses de coussin \u00e9tant 100% % fabriqu\u00e9es \u00e0 la main, il existe des imperfections ainsi que des diff\u00e9rences de taille et de motif qui font partie du charme de ces coussins.<\/p>\n\n\t\t<\/div>\n\t<\/div>\n<\/div><\/div><\/div><div class=\"wpb_column vc_column_container vc_col-sm-4\"><div class=\"vc_column-inner\"><div class=\"wpb_wrapper\"><h3 style=\"text-align: left\" class=\"vc_custom_heading vc_do_custom_heading\" >L&#039;histoire derri\u00e8re<\/h3>\n\t<div class=\"wpb_text_column wpb_content_element\" >\n\t\t<div class=\"wpb_wrapper\">\n\t\t\t<p>Cette housse de coussin en soie cactus a une belle couleur turquoise avec des motifs g\u00e9om\u00e9triques et des d\u00e9tails dans les tons rouge et orange. Les couleurs sont nettes et se compl\u00e8tent \u00e0 merveille, ce qui cr\u00e9e un effet tr\u00e8s particulier. Les housses de coussin en soie de cactus \u2013 \u00e9galement appel\u00e9e soie d&#039;agave \u2013 sont fabriqu\u00e9es \u00e0 la main et ont un look tout \u00e0 fait unique. La soie de cactus est tiss\u00e9e \u00e0 partir de fibres de cactus du Maroc, et les fibres de la plante donnent un aspect brillant et sont plus douces au toucher que le coton ou la laine, puisqu&#039;il s&#039;agit de soie. Ils ajoutent une touche \u00e9l\u00e9gante et color\u00e9e \u00e0 n&#039;importe quelle pi\u00e8ce et peuvent \u00eatre utilis\u00e9s sur le canap\u00e9, le fauteuil ou le lit.<\/p>\n<p>Les housses ont une fermeture \u00e9clair solide, vous pouvez donc facilement retirer les housses et les laver.<\/p>\n<p>Les housses s&#039;adaptent \u00e0 40 x 60 ou 50 x 60 cm. coussinets de montage, en fonction du niveau de remplissage souhait\u00e9.<\/p>\n\n\t\t<\/div>\n\t<\/div>\n<\/div><\/div><\/div><\/div>\n<\/div>","protected":false},"excerpt":{"rendered":"<p>Housse de coussin faite main en soie de cactus du Maroc. Cette magnifique housse de coussin est faite de soie de cactus, \u00e9galement appel\u00e9e Sabra, et teinte dans une jolie couleur turquoise. La housse de coussin pr\u00e9sente de fins d\u00e9tails g\u00e9om\u00e9triques dans des tons rouge et orange qui cr\u00e9ent une expression \u00e9l\u00e9gante et color\u00e9e. Les oreillers en soie de cactus sont tr\u00e8s sp\u00e9ciaux et sont le r\u00e9sultat d&#039;un savoir-faire artisanal et de mat\u00e9riaux d\u00e9licieux et naturels.<\/p>\n<p>Les coussins en soie Cactus ont un look \u00e0 la fois \u00e9l\u00e9gant et boh\u00e8me et sont parfaits pour le canap\u00e9, le fauteuil ou le lit.<\/p>\n<p>Le coussin mesure 40\u00d760 cm et s&#039;adapte \u00e0 40 x 60 ou 50 x 60 cm. montage des coussins, en fonction du degr\u00e9 de remplissage souhait\u00e9 du coussin.<\/p>\n<p>Les housses de coussin sont fournies sans coussins, mais un coussin de montage peut \u00eatre achet\u00e9 en plus.<\/p>\n<p>&nbsp;<\/p>\n<p>&nbsp;<\/p>","protected":false},"featured_media":2577,"template":"","meta":{"inline_featured_image":false},"product_brand":[],"product_cat":[160,66,37],"product_tag":[],"class_list":{"0":"post-2580","1":"product","2":"type-product","3":"status-publish","4":"has-post-thumbnail","6":"product_cat-kaktussilke-puder","7":"product_cat-pudebetraek","8":"product_cat-tekstiler","10":"first","11":"instock","12":"taxable","13":"shipping-taxable","14":"purchasable","15":"product-type-simple"},"exclude_global_add_ons":false,"addons":[{"name":"Vous souhaitez un emballage cadeau ?","type":"checkbox","position":0,"required":false,"title_format":"label","default":"","description_enable":false,"description":"","placeholder_enable":false,"placeholder":"","display":"images","restrictions_type":"any_text","adjust_price":false,"price":"","price_type":"flat_fee","restrictions":false,"min":"0","max":"0","options":[{"label":"Ja tak","price":"10","price_type":"flat_fee","image":11015,"visibility":true}],"id":1669646111}],"yoast_head":"<!-- This site is optimized with the Yoast SEO plugin v27.5 - https:\/\/yoast.com\/product\/yoast-seo-wordpress\/ -->\n<title>Marokkansk pude i kaktussilke | Turkis | H\u00e5ndlavet i Marrakech<\/title>\n<meta name=\"description\" content=\"H\u00e5ndlavet pudebetr\u00e6k i kaktussilke i flot turkis farve. H\u00f8j kvalitet. Perfekt til sofaen. M\u00e5ler 40x60 cm og passer ogs\u00e5 til 50x60 cm puder.\" \/>\n<meta name=\"robots\" content=\"index, follow, max-snippet:-1, max-image-preview:large, max-video-preview:-1\" \/>\n<link rel=\"canonical\" href=\"https:\/\/tibladin.dk\/fr\/produit-4\/housse-de-coussin-en-soie-cactus-turquoise\/\" \/>\n<meta property=\"og:locale\" content=\"fr_FR\" \/>\n<meta property=\"og:type\" content=\"article\" \/>\n<meta property=\"og:title\" content=\"Marokkansk pude i kaktussilke | Turkis | H\u00e5ndlavet i Marrakech\" \/>\n<meta property=\"og:description\" content=\"H\u00e5ndlavet pudebetr\u00e6k i kaktussilke i flot turkis farve. H\u00f8j kvalitet. Perfekt til sofaen. M\u00e5ler 40x60 cm og passer ogs\u00e5 til 50x60 cm puder.\" \/>\n<meta property=\"og:url\" content=\"https:\/\/tibladin.dk\/fr\/produit-4\/housse-de-coussin-en-soie-cactus-turquoise\/\" \/>\n<meta property=\"og:site_name\" content=\"Tibladin\" \/>\n<meta property=\"article:modified_time\" content=\"2026-01-04T17:38:51+00:00\" \/>\n<meta property=\"og:image\" content=\"https:\/\/tibladin.dk\/wp-content\/uploads\/2022\/09\/Turkis-40x60-1-1.png\" \/>\n\t<meta property=\"og:image:width\" content=\"800\" \/>\n\t<meta property=\"og:image:height\" content=\"800\" \/>\n\t<meta property=\"og:image:type\" content=\"image\/png\" \/>\n<meta name=\"twitter:card\" content=\"summary_large_image\" \/>\n<meta name=\"twitter:label1\" content=\"Dur\u00e9e de lecture estim\u00e9e\" \/>\n\t<meta name=\"twitter:data1\" content=\"2 minutes\" \/>\n<script type=\"application\/ld+json\" class=\"yoast-schema-graph\">{\"@context\":\"https:\\\/\\\/schema.org\",\"@graph\":[{\"@type\":\"WebPage\",\"@id\":\"https:\\\/\\\/tibladin.dk\\\/produkt\\\/kaktussilke-pudebetraek-turkis\\\/\",\"url\":\"https:\\\/\\\/tibladin.dk\\\/produkt\\\/kaktussilke-pudebetraek-turkis\\\/\",\"name\":\"Marokkansk pude i kaktussilke | Turkis | H\u00e5ndlavet i Marrakech\",\"isPartOf\":{\"@id\":\"https:\\\/\\\/tibladin.dk\\\/#website\"},\"primaryImageOfPage\":{\"@id\":\"https:\\\/\\\/tibladin.dk\\\/produkt\\\/kaktussilke-pudebetraek-turkis\\\/#primaryimage\"},\"image\":{\"@id\":\"https:\\\/\\\/tibladin.dk\\\/produkt\\\/kaktussilke-pudebetraek-turkis\\\/#primaryimage\"},\"thumbnailUrl\":\"https:\\\/\\\/tibladin.dk\\\/wp-content\\\/uploads\\\/2022\\\/09\\\/Turkis-40x60-1-1.png\",\"datePublished\":\"2022-09-20T09:17:27+00:00\",\"dateModified\":\"2026-01-04T17:38:51+00:00\",\"description\":\"H\u00e5ndlavet pudebetr\u00e6k i kaktussilke i flot turkis farve. H\u00f8j kvalitet. Perfekt til sofaen. M\u00e5ler 40x60 cm og passer ogs\u00e5 til 50x60 cm puder.\",\"breadcrumb\":{\"@id\":\"https:\\\/\\\/tibladin.dk\\\/produkt\\\/kaktussilke-pudebetraek-turkis\\\/#breadcrumb\"},\"inLanguage\":\"fr-FR\",\"potentialAction\":[{\"@type\":\"ReadAction\",\"target\":[\"https:\\\/\\\/tibladin.dk\\\/produkt\\\/kaktussilke-pudebetraek-turkis\\\/\"]}]},{\"@type\":\"ImageObject\",\"inLanguage\":\"fr-FR\",\"@id\":\"https:\\\/\\\/tibladin.dk\\\/produkt\\\/kaktussilke-pudebetraek-turkis\\\/#primaryimage\",\"url\":\"https:\\\/\\\/tibladin.dk\\\/wp-content\\\/uploads\\\/2022\\\/09\\\/Turkis-40x60-1-1.png\",\"contentUrl\":\"https:\\\/\\\/tibladin.dk\\\/wp-content\\\/uploads\\\/2022\\\/09\\\/Turkis-40x60-1-1.png\",\"width\":800,\"height\":800,\"caption\":\"Marokkansk h\u00e5ndv\u00e6vet kaktussilke pudebetr\u00e6k i turkis\"},{\"@type\":\"BreadcrumbList\",\"@id\":\"https:\\\/\\\/tibladin.dk\\\/produkt\\\/kaktussilke-pudebetraek-turkis\\\/#breadcrumb\",\"itemListElement\":[{\"@type\":\"ListItem\",\"position\":1,\"name\":\"Hjem\",\"item\":\"https:\\\/\\\/tibladin.dk\\\/\"},{\"@type\":\"ListItem\",\"position\":2,\"name\":\"Shop\",\"item\":\"https:\\\/\\\/tibladin.dk\\\/shop\\\/\"},{\"@type\":\"ListItem\",\"position\":3,\"name\":\"Kaktussilke pudebetr\u00e6k &#8211; TURKIS\"}]},{\"@type\":\"WebSite\",\"@id\":\"https:\\\/\\\/tibladin.dk\\\/#website\",\"url\":\"https:\\\/\\\/tibladin.dk\\\/\",\"name\":\"Tibladin\",\"description\":\"Tibladin\",\"publisher\":{\"@id\":\"https:\\\/\\\/tibladin.dk\\\/#organization\"},\"potentialAction\":[{\"@type\":\"SearchAction\",\"target\":{\"@type\":\"EntryPoint\",\"urlTemplate\":\"https:\\\/\\\/tibladin.dk\\\/?s={search_term_string}\"},\"query-input\":{\"@type\":\"PropertyValueSpecification\",\"valueRequired\":true,\"valueName\":\"search_term_string\"}}],\"inLanguage\":\"fr-FR\"},{\"@type\":\"Organization\",\"@id\":\"https:\\\/\\\/tibladin.dk\\\/#organization\",\"name\":\"Tibladin\",\"url\":\"https:\\\/\\\/tibladin.dk\\\/\",\"logo\":{\"@type\":\"ImageObject\",\"inLanguage\":\"fr-FR\",\"@id\":\"https:\\\/\\\/tibladin.dk\\\/#\\\/schema\\\/logo\\\/image\\\/\",\"url\":\"https:\\\/\\\/tibladin.dk\\\/wp-content\\\/uploads\\\/2022\\\/09\\\/tibladin_logo.svg\",\"contentUrl\":\"https:\\\/\\\/tibladin.dk\\\/wp-content\\\/uploads\\\/2022\\\/09\\\/tibladin_logo.svg\",\"caption\":\"Tibladin\"},\"image\":{\"@id\":\"https:\\\/\\\/tibladin.dk\\\/#\\\/schema\\\/logo\\\/image\\\/\"}}]}<\/script>\n<!-- \/ Yoast SEO plugin. -->","yoast_head_json":{"title":"Oreiller marocain en soie de cactus | Turquoises | Fait main \u00e0 Marrakech","description":"Housse de coussin faite main en soie de cactus d&#039;une belle couleur turquoise. Haute qualit\u00e9. Parfait pour le canap\u00e9. Mesure 40x60 cm et convient \u00e9galement aux coussins de 50x60 cm.","robots":{"index":"index","follow":"follow","max-snippet":"max-snippet:-1","max-image-preview":"max-image-preview:large","max-video-preview":"max-video-preview:-1"},"canonical":"https:\/\/tibladin.dk\/fr\/produit-4\/housse-de-coussin-en-soie-cactus-turquoise\/","og_locale":"fr_FR","og_type":"article","og_title":"Marokkansk pude i kaktussilke | Turkis | H\u00e5ndlavet i Marrakech","og_description":"H\u00e5ndlavet pudebetr\u00e6k i kaktussilke i flot turkis farve. H\u00f8j kvalitet. Perfekt til sofaen. M\u00e5ler 40x60 cm og passer ogs\u00e5 til 50x60 cm puder.","og_url":"https:\/\/tibladin.dk\/fr\/produit-4\/housse-de-coussin-en-soie-cactus-turquoise\/","og_site_name":"Tibladin","article_modified_time":"2026-01-04T17:38:51+00:00","og_image":[{"width":800,"height":800,"url":"https:\/\/tibladin.dk\/wp-content\/uploads\/2022\/09\/Turkis-40x60-1-1.png","type":"image\/png"}],"twitter_card":"summary_large_image","twitter_misc":{"Dur\u00e9e de lecture estim\u00e9e":"2 minutes"},"schema":{"@context":"https:\/\/schema.org","@graph":[{"@type":"WebPage","@id":"https:\/\/tibladin.dk\/produkt\/kaktussilke-pudebetraek-turkis\/","url":"https:\/\/tibladin.dk\/produkt\/kaktussilke-pudebetraek-turkis\/","name":"Oreiller marocain en soie de cactus | Turquoises | Fait main \u00e0 Marrakech","isPartOf":{"@id":"https:\/\/tibladin.dk\/#website"},"primaryImageOfPage":{"@id":"https:\/\/tibladin.dk\/produkt\/kaktussilke-pudebetraek-turkis\/#primaryimage"},"image":{"@id":"https:\/\/tibladin.dk\/produkt\/kaktussilke-pudebetraek-turkis\/#primaryimage"},"thumbnailUrl":"https:\/\/tibladin.dk\/wp-content\/uploads\/2022\/09\/Turkis-40x60-1-1.png","datePublished":"2022-09-20T09:17:27+00:00","dateModified":"2026-01-04T17:38:51+00:00","description":"Housse de coussin faite main en soie de cactus d&#039;une belle couleur turquoise. Haute qualit\u00e9. Parfait pour le canap\u00e9. Mesure 40x60 cm et convient \u00e9galement aux coussins de 50x60 cm.","breadcrumb":{"@id":"https:\/\/tibladin.dk\/produkt\/kaktussilke-pudebetraek-turkis\/#breadcrumb"},"inLanguage":"fr-FR","potentialAction":[{"@type":"ReadAction","target":["https:\/\/tibladin.dk\/produkt\/kaktussilke-pudebetraek-turkis\/"]}]},{"@type":"ImageObject","inLanguage":"fr-FR","@id":"https:\/\/tibladin.dk\/produkt\/kaktussilke-pudebetraek-turkis\/#primaryimage","url":"https:\/\/tibladin.dk\/wp-content\/uploads\/2022\/09\/Turkis-40x60-1-1.png","contentUrl":"https:\/\/tibladin.dk\/wp-content\/uploads\/2022\/09\/Turkis-40x60-1-1.png","width":800,"height":800,"caption":"Marokkansk h\u00e5ndv\u00e6vet kaktussilke pudebetr\u00e6k i turkis"},{"@type":"BreadcrumbList","@id":"https:\/\/tibladin.dk\/produkt\/kaktussilke-pudebetraek-turkis\/#breadcrumb","itemListElement":[{"@type":"ListItem","position":1,"name":"Hjem","item":"https:\/\/tibladin.dk\/"},{"@type":"ListItem","position":2,"name":"Shop","item":"https:\/\/tibladin.dk\/shop\/"},{"@type":"ListItem","position":3,"name":"Kaktussilke pudebetr\u00e6k &#8211; TURKIS"}]},{"@type":"WebSite","@id":"https:\/\/tibladin.dk\/#website","url":"https:\/\/tibladin.dk\/","name":"Tibladin","description":"Tibladin","publisher":{"@id":"https:\/\/tibladin.dk\/#organization"},"potentialAction":[{"@type":"SearchAction","target":{"@type":"EntryPoint","urlTemplate":"https:\/\/tibladin.dk\/?s={search_term_string}"},"query-input":{"@type":"PropertyValueSpecification","valueRequired":true,"valueName":"search_term_string"}}],"inLanguage":"fr-FR"},{"@type":"Organization","@id":"https:\/\/tibladin.dk\/#organization","name":"Tibladin","url":"https:\/\/tibladin.dk\/","logo":{"@type":"ImageObject","inLanguage":"fr-FR","@id":"https:\/\/tibladin.dk\/#\/schema\/logo\/image\/","url":"https:\/\/tibladin.dk\/wp-content\/uploads\/2022\/09\/tibladin_logo.svg","contentUrl":"https:\/\/tibladin.dk\/wp-content\/uploads\/2022\/09\/tibladin_logo.svg","caption":"Tibladin"},"image":{"@id":"https:\/\/tibladin.dk\/#\/schema\/logo\/image\/"}}]}},"_links":{"self":[{"href":"https:\/\/tibladin.dk\/fr\/wp-json\/wp\/v2\/product\/2580","targetHints":{"allow":["GET"]}}],"collection":[{"href":"https:\/\/tibladin.dk\/fr\/wp-json\/wp\/v2\/product"}],"about":[{"href":"https:\/\/tibladin.dk\/fr\/wp-json\/wp\/v2\/types\/product"}],"wp:featuredmedia":[{"embeddable":true,"href":"https:\/\/tibladin.dk\/fr\/wp-json\/wp\/v2\/media\/2577"}],"wp:attachment":[{"href":"https:\/\/tibladin.dk\/fr\/wp-json\/wp\/v2\/media?parent=2580"}],"wp:term":[{"taxonomy":"product_brand","embeddable":true,"href":"https:\/\/tibladin.dk\/fr\/wp-json\/wp\/v2\/product_brand?post=2580"},{"taxonomy":"product_cat","embeddable":true,"href":"https:\/\/tibladin.dk\/fr\/wp-json\/wp\/v2\/product_cat?post=2580"},{"taxonomy":"product_tag","embeddable":true,"href":"https:\/\/tibladin.dk\/fr\/wp-json\/wp\/v2\/product_tag?post=2580"}],"curies":[{"name":"wp","href":"https:\/\/api.w.org\/{rel}","templated":true}]}}