{"id":2585,"date":"2024-11-30T11:17:29","date_gmt":"2024-11-30T10:17:29","guid":{"rendered":"https:\/\/tibladin.dk\/vare\/dekorativ-duftkrans-pimp-ta-kasbah\/"},"modified":"2026-01-30T12:59:02","modified_gmt":"2026-01-30T11:59:02","slug":"couronne-parfumee-decorative-pimp-ta-kasbah","status":"publish","type":"product","link":"https:\/\/tibladin.dk\/fr\/produkt\/dekorativ-duftkrans-pimp-ta-kasbah\/","title":{"rendered":"Couronne parfum\u00e9e d\u00e9corative PIMP TA KASBAH"},"content":{"rendered":"<div class=\"wpb-content-wrapper\"><div class=\"vc_row wpb_row vc_row-fluid\"><div class=\"wpb_column vc_column_container vc_col-sm-4\"><div class=\"vc_column-inner\"><div class=\"wpb_wrapper\"><\/div><\/div><\/div><div class=\"wpb_column vc_column_container vc_col-sm-4\"><div class=\"vc_column-inner\"><div class=\"wpb_wrapper\"><h3 style=\"text-align: left\" class=\"vc_custom_heading vc_do_custom_heading\" >Entretien<\/h3>\n\t<div class=\"wpb_text_column wpb_content_element\" >\n\t\t<div class=\"wpb_wrapper\">\n\t\t\t<p>Utilisez la couronne parfum\u00e9e aussi bien comme d\u00e9coration d\u00e9corative que pour vous laver les mains et le corps. Frottez le savon contre la peau pour qu&#039;il mousse.<\/p>\n\n\t\t<\/div>\n\t<\/div>\n<\/div><\/div><\/div><div class=\"wpb_column vc_column_container vc_col-sm-4\"><div class=\"vc_column-inner\"><div class=\"wpb_wrapper\"><h3 style=\"text-align: left\" class=\"vc_custom_heading vc_do_custom_heading\" >L&#039;histoire derri\u00e8re<\/h3>\n\t<div class=\"wpb_text_column wpb_content_element\" >\n\t\t<div class=\"wpb_wrapper\">\n\t\t\t<p>Cette couronne parfum\u00e9e unique est de la marque L&#039;art du bain, cr\u00e9\u00e9e \u00e0 Marrakech en 2004 et produite \u00e0 Nantes, en France, depuis 2016.<span class=\"Apple-converted-space\">\u00a0<\/span><\/p>\n<p>Les savons sont fa\u00e7onn\u00e9s \u00e0 la main, un par un, et sont parfaits comme ornements d\u00e9coratifs qui diffusent un agr\u00e9able parfum dans la maison.<\/p>\n<p>Une mani\u00e8re artisanale et soign\u00e9e de pr\u00e9parer des savons qui donne une tr\u00e8s belle qualit\u00e9. Les savons sont fabriqu\u00e9s exclusivement \u00e0 partir d&#039;ingr\u00e9dients naturels nobles dans le respect de l&#039;environnement. La technique de fabrication des savons m\u00e9lang\u00e9s \u00e0 froid signifie que les savons conservent la glyc\u00e9rine naturelle et les huiles naturelles, ce qui donne un savon plus hydratant.<\/p>\n\n\t\t<\/div>\n\t<\/div>\n<\/div><\/div><\/div><\/div>\n<\/div>","protected":false},"excerpt":{"rendered":"<p><span style=\"font-weight: 400;\">Pimp ta Kasbah est une d\u00e9coration magnifique et unique compos\u00e9e de savons fa\u00e7onn\u00e9s \u00e0 la main et de belles perles aux couleurs et formes douces. Accrochez-le dans votre salle de bain, votre chambre ou votre salon et laissez son merveilleux parfum se r\u00e9pandre dans toute la pi\u00e8ce. Le nom Pimp ta Kasbah signifie, traduit de l&#039;arabe, d\u00e9corer ou rafra\u00eechir votre maison. Kasbah. Kasbah est un mot arabe qui signifie un type de maison, \u00e9galement appel\u00e9e m\u00e9dina. La d\u00e9coration de savon unique peut \u00eatre utilis\u00e9e comme savon pour les mains dans la salle de bain, mais peut \u00e9galement \u00eatre laiss\u00e9e suspendue comme d\u00e9coration.\u00a0<\/span><\/p>\n<p>la couronne mesure 17 cm de diam\u00e8tre.<\/p>\n<p><span style=\"font-weight: 400;\">Un parfum de figue, d&#039;\u00e9pices, d&#039;encens et de tomates m\u00fbries au soleil, voil\u00e0 ce que vous reconna\u00eetrez dans cette d\u00e9licate couronne parfum\u00e9e qui, avec ses huiles essentielles, vous transporte \u00e0 Marrakech et dans des climats plus chauds et plus exotiques. Parfumez facilement votre maison avec. Les savons et les perles fa\u00e7onn\u00e9s \u00e0 la main sont mont\u00e9s sur une couronne en m\u00e9tal, et la couronne est livr\u00e9e dans un joli coffret cadeau. C&#039;est une fa\u00e7on diff\u00e9rente et unique d&#039;apporter du parfum et de la d\u00e9coration dans votre maison.<\/span><\/p>","protected":false},"featured_media":32885,"template":"","meta":{"inline_featured_image":false},"product_brand":[],"product_cat":[103,104],"product_tag":[],"class_list":{"0":"post-2585","1":"product","2":"type-product","3":"status-publish","4":"has-post-thumbnail","6":"product_cat-personlig-pleje","7":"product_cat-saeber","9":"first","10":"instock","11":"taxable","12":"shipping-taxable","13":"purchasable","14":"product-type-variable"},"exclude_global_add_ons":false,"addons":[{"name":"Vous souhaitez un emballage cadeau ?","type":"checkbox","position":0,"required":false,"title_format":"label","default":"","description_enable":false,"description":"","placeholder_enable":false,"placeholder":"","display":"images","restrictions_type":"any_text","adjust_price":false,"price":"","price_type":"flat_fee","restrictions":false,"min":"0","max":"0","options":[{"label":"Ja tak","price":"10","price_type":"flat_fee","image":11015,"visibility":true}],"id":1669646111}],"yoast_head":"<!-- This site is optimized with the Yoast SEO plugin v27.4 - https:\/\/yoast.com\/product\/yoast-seo-wordpress\/ -->\n<title>Duftkrans af h\u00e5ndlavede s\u00e6ber | \u00d8kologiske ingredienser | Tibladin<\/title>\n<meta name=\"description\" content=\"Smuk duftkrans af h\u00e5ndlavet og h\u00e5ndformet \u00f8kologisk s\u00e6be. Perfekt som dekorativ og velduftende indretning. Kan ogs\u00e5 bruges til vask.\" \/>\n<meta name=\"robots\" content=\"index, follow, max-snippet:-1, max-image-preview:large, max-video-preview:-1\" \/>\n<link rel=\"canonical\" href=\"https:\/\/tibladin.dk\/fr\/produit-4\/couronne-parfumee-decorative-pimp-ta-kasbah\/\" \/>\n<meta property=\"og:locale\" content=\"fr_FR\" \/>\n<meta property=\"og:type\" content=\"article\" \/>\n<meta property=\"og:title\" content=\"Duftkrans af h\u00e5ndlavede s\u00e6ber | \u00d8kologiske ingredienser | Tibladin\" \/>\n<meta property=\"og:description\" content=\"Smuk duftkrans af h\u00e5ndlavet og h\u00e5ndformet \u00f8kologisk s\u00e6be. Perfekt som dekorativ og velduftende indretning. Kan ogs\u00e5 bruges til vask.\" \/>\n<meta property=\"og:url\" content=\"https:\/\/tibladin.dk\/fr\/produit-4\/couronne-parfumee-decorative-pimp-ta-kasbah\/\" \/>\n<meta property=\"og:site_name\" content=\"Tibladin\" \/>\n<meta property=\"article:modified_time\" content=\"2026-01-30T11:59:02+00:00\" \/>\n<meta property=\"og:image\" content=\"https:\/\/tibladin.dk\/wp-content\/uploads\/2022\/09\/Saebekrans_LS7.jpg\" \/>\n\t<meta property=\"og:image:width\" content=\"800\" \/>\n\t<meta property=\"og:image:height\" content=\"800\" \/>\n\t<meta property=\"og:image:type\" content=\"image\/jpeg\" \/>\n<meta name=\"twitter:card\" content=\"summary_large_image\" \/>\n<meta name=\"twitter:label1\" content=\"Dur\u00e9e de lecture estim\u00e9e\" \/>\n\t<meta name=\"twitter:data1\" content=\"2 minutes\" \/>\n<script type=\"application\/ld+json\" class=\"yoast-schema-graph\">{\"@context\":\"https:\\\/\\\/schema.org\",\"@graph\":[{\"@type\":\"WebPage\",\"@id\":\"https:\\\/\\\/tibladin.dk\\\/produkt\\\/dekorativ-duftkrans-pimp-ta-kasbah\\\/\",\"url\":\"https:\\\/\\\/tibladin.dk\\\/produkt\\\/dekorativ-duftkrans-pimp-ta-kasbah\\\/\",\"name\":\"Duftkrans af h\u00e5ndlavede s\u00e6ber | \u00d8kologiske ingredienser | Tibladin\",\"isPartOf\":{\"@id\":\"https:\\\/\\\/tibladin.dk\\\/#website\"},\"primaryImageOfPage\":{\"@id\":\"https:\\\/\\\/tibladin.dk\\\/produkt\\\/dekorativ-duftkrans-pimp-ta-kasbah\\\/#primaryimage\"},\"image\":{\"@id\":\"https:\\\/\\\/tibladin.dk\\\/produkt\\\/dekorativ-duftkrans-pimp-ta-kasbah\\\/#primaryimage\"},\"thumbnailUrl\":\"https:\\\/\\\/tibladin.dk\\\/wp-content\\\/uploads\\\/2022\\\/09\\\/Saebekrans_LS7.jpg\",\"datePublished\":\"2024-11-30T10:17:29+00:00\",\"dateModified\":\"2026-01-30T11:59:02+00:00\",\"description\":\"Smuk duftkrans af h\u00e5ndlavet og h\u00e5ndformet \u00f8kologisk s\u00e6be. Perfekt som dekorativ og velduftende indretning. Kan ogs\u00e5 bruges til vask.\",\"breadcrumb\":{\"@id\":\"https:\\\/\\\/tibladin.dk\\\/produkt\\\/dekorativ-duftkrans-pimp-ta-kasbah\\\/#breadcrumb\"},\"inLanguage\":\"fr-FR\",\"potentialAction\":[{\"@type\":\"ReadAction\",\"target\":[\"https:\\\/\\\/tibladin.dk\\\/produkt\\\/dekorativ-duftkrans-pimp-ta-kasbah\\\/\"]}]},{\"@type\":\"ImageObject\",\"inLanguage\":\"fr-FR\",\"@id\":\"https:\\\/\\\/tibladin.dk\\\/produkt\\\/dekorativ-duftkrans-pimp-ta-kasbah\\\/#primaryimage\",\"url\":\"https:\\\/\\\/tibladin.dk\\\/wp-content\\\/uploads\\\/2022\\\/09\\\/Saebekrans_LS7.jpg\",\"contentUrl\":\"https:\\\/\\\/tibladin.dk\\\/wp-content\\\/uploads\\\/2022\\\/09\\\/Saebekrans_LS7.jpg\",\"width\":800,\"height\":800},{\"@type\":\"BreadcrumbList\",\"@id\":\"https:\\\/\\\/tibladin.dk\\\/produkt\\\/dekorativ-duftkrans-pimp-ta-kasbah\\\/#breadcrumb\",\"itemListElement\":[{\"@type\":\"ListItem\",\"position\":1,\"name\":\"Hjem\",\"item\":\"https:\\\/\\\/tibladin.dk\\\/\"},{\"@type\":\"ListItem\",\"position\":2,\"name\":\"Shop\",\"item\":\"https:\\\/\\\/tibladin.dk\\\/shop\\\/\"},{\"@type\":\"ListItem\",\"position\":3,\"name\":\"Dekorativ duftkrans PIMP TA KASBAH\"}]},{\"@type\":\"WebSite\",\"@id\":\"https:\\\/\\\/tibladin.dk\\\/#website\",\"url\":\"https:\\\/\\\/tibladin.dk\\\/\",\"name\":\"Tibladin\",\"description\":\"Tibladin\",\"publisher\":{\"@id\":\"https:\\\/\\\/tibladin.dk\\\/#organization\"},\"potentialAction\":[{\"@type\":\"SearchAction\",\"target\":{\"@type\":\"EntryPoint\",\"urlTemplate\":\"https:\\\/\\\/tibladin.dk\\\/?s={search_term_string}\"},\"query-input\":{\"@type\":\"PropertyValueSpecification\",\"valueRequired\":true,\"valueName\":\"search_term_string\"}}],\"inLanguage\":\"fr-FR\"},{\"@type\":\"Organization\",\"@id\":\"https:\\\/\\\/tibladin.dk\\\/#organization\",\"name\":\"Tibladin\",\"url\":\"https:\\\/\\\/tibladin.dk\\\/\",\"logo\":{\"@type\":\"ImageObject\",\"inLanguage\":\"fr-FR\",\"@id\":\"https:\\\/\\\/tibladin.dk\\\/#\\\/schema\\\/logo\\\/image\\\/\",\"url\":\"https:\\\/\\\/tibladin.dk\\\/wp-content\\\/uploads\\\/2022\\\/09\\\/tibladin_logo.svg\",\"contentUrl\":\"https:\\\/\\\/tibladin.dk\\\/wp-content\\\/uploads\\\/2022\\\/09\\\/tibladin_logo.svg\",\"caption\":\"Tibladin\"},\"image\":{\"@id\":\"https:\\\/\\\/tibladin.dk\\\/#\\\/schema\\\/logo\\\/image\\\/\"}}]}<\/script>\n<!-- \/ Yoast SEO plugin. -->","yoast_head_json":{"title":"Couronne parfum\u00e9e de savons artisanaux | Ingr\u00e9dients biologiques | Tibladine","description":"Belle couronne parfum\u00e9e de savon bio artisanal et fa\u00e7onn\u00e9 \u00e0 la main. Parfait comme int\u00e9rieur d\u00e9coratif et parfum\u00e9. Peut \u00e9galement \u00eatre utilis\u00e9 pour le lavage.","robots":{"index":"index","follow":"follow","max-snippet":"max-snippet:-1","max-image-preview":"max-image-preview:large","max-video-preview":"max-video-preview:-1"},"canonical":"https:\/\/tibladin.dk\/fr\/produit-4\/couronne-parfumee-decorative-pimp-ta-kasbah\/","og_locale":"fr_FR","og_type":"article","og_title":"Duftkrans af h\u00e5ndlavede s\u00e6ber | \u00d8kologiske ingredienser | Tibladin","og_description":"Smuk duftkrans af h\u00e5ndlavet og h\u00e5ndformet \u00f8kologisk s\u00e6be. Perfekt som dekorativ og velduftende indretning. Kan ogs\u00e5 bruges til vask.","og_url":"https:\/\/tibladin.dk\/fr\/produit-4\/couronne-parfumee-decorative-pimp-ta-kasbah\/","og_site_name":"Tibladin","article_modified_time":"2026-01-30T11:59:02+00:00","og_image":[{"width":800,"height":800,"url":"https:\/\/tibladin.dk\/wp-content\/uploads\/2022\/09\/Saebekrans_LS7.jpg","type":"image\/jpeg"}],"twitter_card":"summary_large_image","twitter_misc":{"Dur\u00e9e de lecture estim\u00e9e":"2 minutes"},"schema":{"@context":"https:\/\/schema.org","@graph":[{"@type":"WebPage","@id":"https:\/\/tibladin.dk\/produkt\/dekorativ-duftkrans-pimp-ta-kasbah\/","url":"https:\/\/tibladin.dk\/produkt\/dekorativ-duftkrans-pimp-ta-kasbah\/","name":"Couronne parfum\u00e9e de savons artisanaux | Ingr\u00e9dients biologiques | Tibladine","isPartOf":{"@id":"https:\/\/tibladin.dk\/#website"},"primaryImageOfPage":{"@id":"https:\/\/tibladin.dk\/produkt\/dekorativ-duftkrans-pimp-ta-kasbah\/#primaryimage"},"image":{"@id":"https:\/\/tibladin.dk\/produkt\/dekorativ-duftkrans-pimp-ta-kasbah\/#primaryimage"},"thumbnailUrl":"https:\/\/tibladin.dk\/wp-content\/uploads\/2022\/09\/Saebekrans_LS7.jpg","datePublished":"2024-11-30T10:17:29+00:00","dateModified":"2026-01-30T11:59:02+00:00","description":"Belle couronne parfum\u00e9e de savon bio artisanal et fa\u00e7onn\u00e9 \u00e0 la main. Parfait comme int\u00e9rieur d\u00e9coratif et parfum\u00e9. Peut \u00e9galement \u00eatre utilis\u00e9 pour le lavage.","breadcrumb":{"@id":"https:\/\/tibladin.dk\/produkt\/dekorativ-duftkrans-pimp-ta-kasbah\/#breadcrumb"},"inLanguage":"fr-FR","potentialAction":[{"@type":"ReadAction","target":["https:\/\/tibladin.dk\/produkt\/dekorativ-duftkrans-pimp-ta-kasbah\/"]}]},{"@type":"ImageObject","inLanguage":"fr-FR","@id":"https:\/\/tibladin.dk\/produkt\/dekorativ-duftkrans-pimp-ta-kasbah\/#primaryimage","url":"https:\/\/tibladin.dk\/wp-content\/uploads\/2022\/09\/Saebekrans_LS7.jpg","contentUrl":"https:\/\/tibladin.dk\/wp-content\/uploads\/2022\/09\/Saebekrans_LS7.jpg","width":800,"height":800},{"@type":"BreadcrumbList","@id":"https:\/\/tibladin.dk\/produkt\/dekorativ-duftkrans-pimp-ta-kasbah\/#breadcrumb","itemListElement":[{"@type":"ListItem","position":1,"name":"Hjem","item":"https:\/\/tibladin.dk\/"},{"@type":"ListItem","position":2,"name":"Shop","item":"https:\/\/tibladin.dk\/shop\/"},{"@type":"ListItem","position":3,"name":"Dekorativ duftkrans PIMP TA KASBAH"}]},{"@type":"WebSite","@id":"https:\/\/tibladin.dk\/#website","url":"https:\/\/tibladin.dk\/","name":"Tibladin","description":"Tibladin","publisher":{"@id":"https:\/\/tibladin.dk\/#organization"},"potentialAction":[{"@type":"SearchAction","target":{"@type":"EntryPoint","urlTemplate":"https:\/\/tibladin.dk\/?s={search_term_string}"},"query-input":{"@type":"PropertyValueSpecification","valueRequired":true,"valueName":"search_term_string"}}],"inLanguage":"fr-FR"},{"@type":"Organization","@id":"https:\/\/tibladin.dk\/#organization","name":"Tibladin","url":"https:\/\/tibladin.dk\/","logo":{"@type":"ImageObject","inLanguage":"fr-FR","@id":"https:\/\/tibladin.dk\/#\/schema\/logo\/image\/","url":"https:\/\/tibladin.dk\/wp-content\/uploads\/2022\/09\/tibladin_logo.svg","contentUrl":"https:\/\/tibladin.dk\/wp-content\/uploads\/2022\/09\/tibladin_logo.svg","caption":"Tibladin"},"image":{"@id":"https:\/\/tibladin.dk\/#\/schema\/logo\/image\/"}}]}},"_links":{"self":[{"href":"https:\/\/tibladin.dk\/fr\/wp-json\/wp\/v2\/product\/2585","targetHints":{"allow":["GET"]}}],"collection":[{"href":"https:\/\/tibladin.dk\/fr\/wp-json\/wp\/v2\/product"}],"about":[{"href":"https:\/\/tibladin.dk\/fr\/wp-json\/wp\/v2\/types\/product"}],"wp:featuredmedia":[{"embeddable":true,"href":"https:\/\/tibladin.dk\/fr\/wp-json\/wp\/v2\/media\/32885"}],"wp:attachment":[{"href":"https:\/\/tibladin.dk\/fr\/wp-json\/wp\/v2\/media?parent=2585"}],"wp:term":[{"taxonomy":"product_brand","embeddable":true,"href":"https:\/\/tibladin.dk\/fr\/wp-json\/wp\/v2\/product_brand?post=2585"},{"taxonomy":"product_cat","embeddable":true,"href":"https:\/\/tibladin.dk\/fr\/wp-json\/wp\/v2\/product_cat?post=2585"},{"taxonomy":"product_tag","embeddable":true,"href":"https:\/\/tibladin.dk\/fr\/wp-json\/wp\/v2\/product_tag?post=2585"}],"curies":[{"name":"wp","href":"https:\/\/api.w.org\/{rel}","templated":true}]}}