{"id":2590,"date":"2022-09-20T11:17:32","date_gmt":"2022-09-20T09:17:32","guid":{"rendered":"https:\/\/tibladin.dk\/vare\/kropsolie-brasilia\/"},"modified":"2025-03-29T11:34:21","modified_gmt":"2025-03-29T10:34:21","slug":"huile-corporelle-brasilia","status":"publish","type":"product","link":"https:\/\/tibladin.dk\/fr\/produkt\/kropsolie-brasilia\/","title":{"rendered":"Huile corporelle BRASILIA"},"content":{"rendered":"<div class=\"wpb-content-wrapper\"><div class=\"vc_row wpb_row vc_row-fluid\"><div class=\"wpb_column vc_column_container vc_col-sm-4\"><div class=\"vc_column-inner\"><div class=\"wpb_wrapper\"><\/div><\/div><\/div><div class=\"wpb_column vc_column_container vc_col-sm-4\"><div class=\"vc_column-inner\"><div class=\"wpb_wrapper\"><h3 style=\"text-align: left\" class=\"vc_custom_heading vc_do_custom_heading\" >Entretien<\/h3>\n\t<div class=\"wpb_text_column wpb_content_element\" >\n\t\t<div class=\"wpb_wrapper\">\n\t\t\t<p>Utilisez l\u2019huile comme une d\u00e9licieuse alternative \u00e0 la lotion pour le corps. R\u00e9partir et r\u00e9chauffer une petite quantit\u00e9 dans les mains et utiliser sur le visage, le corps et les pieds.<\/p>\n\n\t\t<\/div>\n\t<\/div>\n<\/div><\/div><\/div><div class=\"wpb_column vc_column_container vc_col-sm-4\"><div class=\"vc_column-inner\"><div class=\"wpb_wrapper\"><h3 style=\"text-align: left\" class=\"vc_custom_heading vc_do_custom_heading\" >L&#039;histoire derri\u00e8re<\/h3>\n\t<div class=\"wpb_text_column wpb_content_element\" >\n\t\t<div class=\"wpb_wrapper\">\n\t\t\t<p>Cette d\u00e9licieuse huile corporelle est issue de la marque L&#039;art du bain, cr\u00e9\u00e9e \u00e0 Marrakech en 2004 et produite \u00e0 Nantes en France depuis 2016.<\/p>\n<p>L&#039;huile est fabriqu\u00e9e \u00e0 partir d&#039;ingr\u00e9dients naturels et biologiques et hydrate et donne un bel \u00e9clat \u00e0 la peau. Elle peut \u00eatre utilis\u00e9e aussi bien sur le visage, le corps et les pieds. Une production soign\u00e9e, qui consiste \u00e0 presser les huiles \u00e0 froid, donne une tr\u00e8s belle qualit\u00e9 et une huile d\u00e9licieuse et non grasse.<\/p>\n\n\t\t<\/div>\n\t<\/div>\n<\/div><\/div><\/div><\/div>\n<\/div>","protected":false},"excerpt":{"rendered":"<p><span style=\"font-weight: 400;\">Une d\u00e9licieuse huile corporelle qui hydrate beaucoup et d\u00e9gage un parfum agr\u00e9able qui rappelle l\u2019\u00e9t\u00e9, le sable chaud, la peau bronz\u00e9e et les vacances au soleil. L&#039;huile peut \u00eatre utilis\u00e9e \u00e0 la fois comme lotion pour le corps, mais aussi pour donner \u00e0 la peau un bel \u00e9clat naturel.<\/span><\/p>\n<p><span style=\"font-weight: 400;\">Notre huile est un merveilleux m\u00e9lange d&#039;huiles v\u00e9g\u00e9tales de la plus haute qualit\u00e9, associ\u00e9es au merveilleux parfum de jojoba et \u00e0 la chaleur et au soleil de l&#039;\u00e9t\u00e9.\u00a0<\/span><\/p>\n<p><span style=\"font-weight: 400;\">L&#039;huile est pr\u00e9sent\u00e9e dans un joli r\u00e9cipient mince avec un bec de pulv\u00e9risation qui facilite l&#039;application et la distribution de l&#039;huile.\u00a0<\/span><\/p>\n<p><span style=\"font-weight: 400;\">100 ml.<\/span><\/p>\n<p><span style=\"font-weight: 400;\">Ingr\u00e9dients : Huile de noyau d&#039;abricot, huile de p\u00e9pins de raisin, huile d&#039;a\u00e7a\u00ef et parfum. Les huiles sont riches en acides gras om\u00e9ga 6 et 9, ainsi qu&#039;en vitamines B1, B2, B3, C et E, qui contribuent tous \u00e0 l&#039;\u00e9lasticit\u00e9 de la peau et lui apportent de l&#039;hydratation. <\/span><\/p>","protected":false},"featured_media":2589,"template":"","meta":{"inline_featured_image":false},"product_brand":[],"product_cat":[27,110,103],"product_tag":[],"class_list":{"0":"post-2590","1":"product","2":"type-product","3":"status-publish","4":"has-post-thumbnail","6":"product_cat-diverse","7":"product_cat-kropsolie","8":"product_cat-personlig-pleje","10":"first","11":"instock","12":"taxable","13":"shipping-taxable","14":"purchasable","15":"product-type-simple"},"exclude_global_add_ons":false,"addons":[{"name":"Vous souhaitez un emballage cadeau ?","type":"checkbox","position":0,"required":false,"title_format":"label","default":"","description_enable":false,"description":"","placeholder_enable":false,"placeholder":"","display":"images","restrictions_type":"any_text","adjust_price":false,"price":"","price_type":"flat_fee","restrictions":false,"min":"0","max":"0","options":[{"label":"Ja tak","price":"10","price_type":"flat_fee","image":11015,"visibility":true}],"id":1669646111}],"yoast_head":"<!-- This site is optimized with the Yoast SEO plugin v27.4 - https:\/\/yoast.com\/product\/yoast-seo-wordpress\/ -->\n<title>\u00d8kologisk kropsolie | Naturlige ingredienser | Tibladin<\/title>\n<meta name=\"description\" content=\"L\u00e6kker kropsolie til kroppen og ansigtet. Lavet af \u00f8kologiske ingredienser, der tilf\u00f8jer fugt og en flot gl\u00f8d til huden.\" \/>\n<meta name=\"robots\" content=\"index, follow, max-snippet:-1, max-image-preview:large, max-video-preview:-1\" \/>\n<link rel=\"canonical\" href=\"https:\/\/tibladin.dk\/fr\/produit-4\/huile-corporelle-brasilia\/\" \/>\n<meta property=\"og:locale\" content=\"fr_FR\" \/>\n<meta property=\"og:type\" content=\"article\" \/>\n<meta property=\"og:title\" content=\"\u00d8kologisk kropsolie | Naturlige ingredienser | Tibladin\" \/>\n<meta property=\"og:description\" content=\"L\u00e6kker kropsolie til kroppen og ansigtet. Lavet af \u00f8kologiske ingredienser, der tilf\u00f8jer fugt og en flot gl\u00f8d til huden.\" \/>\n<meta property=\"og:url\" content=\"https:\/\/tibladin.dk\/fr\/produit-4\/huile-corporelle-brasilia\/\" \/>\n<meta property=\"og:site_name\" content=\"Tibladin\" \/>\n<meta property=\"article:modified_time\" content=\"2025-03-29T10:34:21+00:00\" \/>\n<meta property=\"og:image\" content=\"https:\/\/tibladin.dk\/wp-content\/uploads\/2022\/09\/Brasilia_kropsolie-1-1.jpg\" \/>\n\t<meta property=\"og:image:width\" content=\"800\" \/>\n\t<meta property=\"og:image:height\" content=\"800\" \/>\n\t<meta property=\"og:image:type\" content=\"image\/jpeg\" \/>\n<meta name=\"twitter:card\" content=\"summary_large_image\" \/>\n<meta name=\"twitter:label1\" content=\"Dur\u00e9e de lecture estim\u00e9e\" \/>\n\t<meta name=\"twitter:data1\" content=\"2 minutes\" \/>\n<script type=\"application\/ld+json\" class=\"yoast-schema-graph\">{\"@context\":\"https:\\\/\\\/schema.org\",\"@graph\":[{\"@type\":\"WebPage\",\"@id\":\"https:\\\/\\\/tibladin.dk\\\/produkt\\\/kropsolie-brasilia\\\/\",\"url\":\"https:\\\/\\\/tibladin.dk\\\/produkt\\\/kropsolie-brasilia\\\/\",\"name\":\"\u00d8kologisk kropsolie | Naturlige ingredienser | Tibladin\",\"isPartOf\":{\"@id\":\"https:\\\/\\\/tibladin.dk\\\/#website\"},\"primaryImageOfPage\":{\"@id\":\"https:\\\/\\\/tibladin.dk\\\/produkt\\\/kropsolie-brasilia\\\/#primaryimage\"},\"image\":{\"@id\":\"https:\\\/\\\/tibladin.dk\\\/produkt\\\/kropsolie-brasilia\\\/#primaryimage\"},\"thumbnailUrl\":\"https:\\\/\\\/tibladin.dk\\\/wp-content\\\/uploads\\\/2022\\\/09\\\/Brasilia_kropsolie-1-1.jpg\",\"datePublished\":\"2022-09-20T09:17:32+00:00\",\"dateModified\":\"2025-03-29T10:34:21+00:00\",\"description\":\"L\u00e6kker kropsolie til kroppen og ansigtet. Lavet af \u00f8kologiske ingredienser, der tilf\u00f8jer fugt og en flot gl\u00f8d til huden.\",\"breadcrumb\":{\"@id\":\"https:\\\/\\\/tibladin.dk\\\/produkt\\\/kropsolie-brasilia\\\/#breadcrumb\"},\"inLanguage\":\"fr-FR\",\"potentialAction\":[{\"@type\":\"ReadAction\",\"target\":[\"https:\\\/\\\/tibladin.dk\\\/produkt\\\/kropsolie-brasilia\\\/\"]}]},{\"@type\":\"ImageObject\",\"inLanguage\":\"fr-FR\",\"@id\":\"https:\\\/\\\/tibladin.dk\\\/produkt\\\/kropsolie-brasilia\\\/#primaryimage\",\"url\":\"https:\\\/\\\/tibladin.dk\\\/wp-content\\\/uploads\\\/2022\\\/09\\\/Brasilia_kropsolie-1-1.jpg\",\"contentUrl\":\"https:\\\/\\\/tibladin.dk\\\/wp-content\\\/uploads\\\/2022\\\/09\\\/Brasilia_kropsolie-1-1.jpg\",\"width\":800,\"height\":800,\"caption\":\"Kropsolie i brasilia varianten\"},{\"@type\":\"BreadcrumbList\",\"@id\":\"https:\\\/\\\/tibladin.dk\\\/produkt\\\/kropsolie-brasilia\\\/#breadcrumb\",\"itemListElement\":[{\"@type\":\"ListItem\",\"position\":1,\"name\":\"Hjem\",\"item\":\"https:\\\/\\\/tibladin.dk\\\/\"},{\"@type\":\"ListItem\",\"position\":2,\"name\":\"Shop\",\"item\":\"https:\\\/\\\/tibladin.dk\\\/shop\\\/\"},{\"@type\":\"ListItem\",\"position\":3,\"name\":\"Kropsolie BRASILIA\"}]},{\"@type\":\"WebSite\",\"@id\":\"https:\\\/\\\/tibladin.dk\\\/#website\",\"url\":\"https:\\\/\\\/tibladin.dk\\\/\",\"name\":\"Tibladin\",\"description\":\"Tibladin\",\"publisher\":{\"@id\":\"https:\\\/\\\/tibladin.dk\\\/#organization\"},\"potentialAction\":[{\"@type\":\"SearchAction\",\"target\":{\"@type\":\"EntryPoint\",\"urlTemplate\":\"https:\\\/\\\/tibladin.dk\\\/?s={search_term_string}\"},\"query-input\":{\"@type\":\"PropertyValueSpecification\",\"valueRequired\":true,\"valueName\":\"search_term_string\"}}],\"inLanguage\":\"fr-FR\"},{\"@type\":\"Organization\",\"@id\":\"https:\\\/\\\/tibladin.dk\\\/#organization\",\"name\":\"Tibladin\",\"url\":\"https:\\\/\\\/tibladin.dk\\\/\",\"logo\":{\"@type\":\"ImageObject\",\"inLanguage\":\"fr-FR\",\"@id\":\"https:\\\/\\\/tibladin.dk\\\/#\\\/schema\\\/logo\\\/image\\\/\",\"url\":\"https:\\\/\\\/tibladin.dk\\\/wp-content\\\/uploads\\\/2022\\\/09\\\/tibladin_logo.svg\",\"contentUrl\":\"https:\\\/\\\/tibladin.dk\\\/wp-content\\\/uploads\\\/2022\\\/09\\\/tibladin_logo.svg\",\"caption\":\"Tibladin\"},\"image\":{\"@id\":\"https:\\\/\\\/tibladin.dk\\\/#\\\/schema\\\/logo\\\/image\\\/\"}}]}<\/script>\n<!-- \/ Yoast SEO plugin. -->","yoast_head_json":{"title":"Huile corporelle biologique | Ingr\u00e9dients naturels | Tibladine","description":"D\u00e9licieuse huile corporelle pour le corps et le visage. Fabriqu\u00e9 \u00e0 partir d&#039;ingr\u00e9dients biologiques qui ajoutent de l&#039;humidit\u00e9 et un bel \u00e9clat \u00e0 la peau.","robots":{"index":"index","follow":"follow","max-snippet":"max-snippet:-1","max-image-preview":"max-image-preview:large","max-video-preview":"max-video-preview:-1"},"canonical":"https:\/\/tibladin.dk\/fr\/produit-4\/huile-corporelle-brasilia\/","og_locale":"fr_FR","og_type":"article","og_title":"\u00d8kologisk kropsolie | Naturlige ingredienser | Tibladin","og_description":"L\u00e6kker kropsolie til kroppen og ansigtet. Lavet af \u00f8kologiske ingredienser, der tilf\u00f8jer fugt og en flot gl\u00f8d til huden.","og_url":"https:\/\/tibladin.dk\/fr\/produit-4\/huile-corporelle-brasilia\/","og_site_name":"Tibladin","article_modified_time":"2025-03-29T10:34:21+00:00","og_image":[{"width":800,"height":800,"url":"https:\/\/tibladin.dk\/wp-content\/uploads\/2022\/09\/Brasilia_kropsolie-1-1.jpg","type":"image\/jpeg"}],"twitter_card":"summary_large_image","twitter_misc":{"Dur\u00e9e de lecture estim\u00e9e":"2 minutes"},"schema":{"@context":"https:\/\/schema.org","@graph":[{"@type":"WebPage","@id":"https:\/\/tibladin.dk\/produkt\/kropsolie-brasilia\/","url":"https:\/\/tibladin.dk\/produkt\/kropsolie-brasilia\/","name":"Huile corporelle biologique | Ingr\u00e9dients naturels | Tibladine","isPartOf":{"@id":"https:\/\/tibladin.dk\/#website"},"primaryImageOfPage":{"@id":"https:\/\/tibladin.dk\/produkt\/kropsolie-brasilia\/#primaryimage"},"image":{"@id":"https:\/\/tibladin.dk\/produkt\/kropsolie-brasilia\/#primaryimage"},"thumbnailUrl":"https:\/\/tibladin.dk\/wp-content\/uploads\/2022\/09\/Brasilia_kropsolie-1-1.jpg","datePublished":"2022-09-20T09:17:32+00:00","dateModified":"2025-03-29T10:34:21+00:00","description":"D\u00e9licieuse huile corporelle pour le corps et le visage. Fabriqu\u00e9 \u00e0 partir d&#039;ingr\u00e9dients biologiques qui ajoutent de l&#039;humidit\u00e9 et un bel \u00e9clat \u00e0 la peau.","breadcrumb":{"@id":"https:\/\/tibladin.dk\/produkt\/kropsolie-brasilia\/#breadcrumb"},"inLanguage":"fr-FR","potentialAction":[{"@type":"ReadAction","target":["https:\/\/tibladin.dk\/produkt\/kropsolie-brasilia\/"]}]},{"@type":"ImageObject","inLanguage":"fr-FR","@id":"https:\/\/tibladin.dk\/produkt\/kropsolie-brasilia\/#primaryimage","url":"https:\/\/tibladin.dk\/wp-content\/uploads\/2022\/09\/Brasilia_kropsolie-1-1.jpg","contentUrl":"https:\/\/tibladin.dk\/wp-content\/uploads\/2022\/09\/Brasilia_kropsolie-1-1.jpg","width":800,"height":800,"caption":"Kropsolie i brasilia varianten"},{"@type":"BreadcrumbList","@id":"https:\/\/tibladin.dk\/produkt\/kropsolie-brasilia\/#breadcrumb","itemListElement":[{"@type":"ListItem","position":1,"name":"Hjem","item":"https:\/\/tibladin.dk\/"},{"@type":"ListItem","position":2,"name":"Shop","item":"https:\/\/tibladin.dk\/shop\/"},{"@type":"ListItem","position":3,"name":"Kropsolie BRASILIA"}]},{"@type":"WebSite","@id":"https:\/\/tibladin.dk\/#website","url":"https:\/\/tibladin.dk\/","name":"Tibladin","description":"Tibladin","publisher":{"@id":"https:\/\/tibladin.dk\/#organization"},"potentialAction":[{"@type":"SearchAction","target":{"@type":"EntryPoint","urlTemplate":"https:\/\/tibladin.dk\/?s={search_term_string}"},"query-input":{"@type":"PropertyValueSpecification","valueRequired":true,"valueName":"search_term_string"}}],"inLanguage":"fr-FR"},{"@type":"Organization","@id":"https:\/\/tibladin.dk\/#organization","name":"Tibladin","url":"https:\/\/tibladin.dk\/","logo":{"@type":"ImageObject","inLanguage":"fr-FR","@id":"https:\/\/tibladin.dk\/#\/schema\/logo\/image\/","url":"https:\/\/tibladin.dk\/wp-content\/uploads\/2022\/09\/tibladin_logo.svg","contentUrl":"https:\/\/tibladin.dk\/wp-content\/uploads\/2022\/09\/tibladin_logo.svg","caption":"Tibladin"},"image":{"@id":"https:\/\/tibladin.dk\/#\/schema\/logo\/image\/"}}]}},"_links":{"self":[{"href":"https:\/\/tibladin.dk\/fr\/wp-json\/wp\/v2\/product\/2590","targetHints":{"allow":["GET"]}}],"collection":[{"href":"https:\/\/tibladin.dk\/fr\/wp-json\/wp\/v2\/product"}],"about":[{"href":"https:\/\/tibladin.dk\/fr\/wp-json\/wp\/v2\/types\/product"}],"wp:featuredmedia":[{"embeddable":true,"href":"https:\/\/tibladin.dk\/fr\/wp-json\/wp\/v2\/media\/2589"}],"wp:attachment":[{"href":"https:\/\/tibladin.dk\/fr\/wp-json\/wp\/v2\/media?parent=2590"}],"wp:term":[{"taxonomy":"product_brand","embeddable":true,"href":"https:\/\/tibladin.dk\/fr\/wp-json\/wp\/v2\/product_brand?post=2590"},{"taxonomy":"product_cat","embeddable":true,"href":"https:\/\/tibladin.dk\/fr\/wp-json\/wp\/v2\/product_cat?post=2590"},{"taxonomy":"product_tag","embeddable":true,"href":"https:\/\/tibladin.dk\/fr\/wp-json\/wp\/v2\/product_tag?post=2590"}],"curies":[{"name":"wp","href":"https:\/\/api.w.org\/{rel}","templated":true}]}}