{"id":2614,"date":"2022-09-20T11:17:43","date_gmt":"2022-09-20T09:17:43","guid":{"rendered":"https:\/\/tibladin.dk\/vare\/aegte-saebe-eucalyptus\/"},"modified":"2025-12-15T12:16:59","modified_gmt":"2025-12-15T11:16:59","slug":"vrai-savon-eucalyptus","status":"publish","type":"product","link":"https:\/\/tibladin.dk\/fr\/produkt\/aegte-saebe-eucalyptus\/","title":{"rendered":"V\u00e9ritable savon EUCALYPTUS"},"content":{"rendered":"<div class=\"wpb-content-wrapper\"><div class=\"vc_row wpb_row vc_row-fluid\"><div class=\"wpb_column vc_column_container vc_col-sm-4\"><div class=\"vc_column-inner\"><div class=\"wpb_wrapper\"><\/div><\/div><\/div><div class=\"wpb_column vc_column_container vc_col-sm-4\"><div class=\"vc_column-inner\"><div class=\"wpb_wrapper\"><h3 style=\"text-align: left\" class=\"vc_custom_heading vc_do_custom_heading\" >Entretien<\/h3>\n\t<div class=\"wpb_text_column wpb_content_element\" >\n\t\t<div class=\"wpb_wrapper\">\n\t\t\t<p>Nettoyez et hydratez la peau et massez le savon sur la peau. Nettoyer \u00e0 l&#039;eau. Laisse la peau soyeuse, douce et d\u00e9licieuse. Peut \u00eatre utilis\u00e9 sur le corps et le visage.<\/p>\n\n\t\t<\/div>\n\t<\/div>\n<\/div><\/div><\/div><div class=\"wpb_column vc_column_container vc_col-sm-4\"><div class=\"vc_column-inner\"><div class=\"wpb_wrapper\"><h3 style=\"text-align: left\" class=\"vc_custom_heading vc_do_custom_heading\" >L&#039;histoire derri\u00e8re<\/h3>\n\t<div class=\"wpb_text_column wpb_content_element\" >\n\t\t<div class=\"wpb_wrapper\">\n\t\t\t<p><span style=\"font-weight: 400;\">Les d\u00e9licieux savons authentiques sont issus de la marque L&#039;art du bain, cr\u00e9\u00e9e \u00e0 Marrakech en 2004 et produite \u00e0 Nantes en France depuis 2016.<\/span><\/p>\n<p><span style=\"font-weight: 400;\">Nos vrais savons sont fabriqu\u00e9s \u00e0 partir d&#039;huile d&#039;olive et d&#039;huile d&#039;argan, et nous les proposons en quatre parfums diff\u00e9rents : Argan, Eucalyptus, G\u00e9ranium et Ambre. Les senteurs sont \u00e0 la fois fra\u00eeches, chaleureuses et \u00e9pic\u00e9es, et vous pourrez choisir selon la senteur que vous pr\u00e9f\u00e9rez.\u00a0<\/span><\/p>\n<p><span style=\"font-weight: 400;\">Les vrais savons sont pr\u00e9sent\u00e9s en verre avec un bouchon \u00e0 vis et sont faciles \u00e0 manipuler. Le savon est liquide mais reste assez ferme. Prenez-en simplement un peu dans votre main et \u00e9talez-le sur votre corps. Le savon est facile \u00e0 doser, et vous n&#039;en prendrez pas trop, comme c&#039;est souvent le cas avec les savons de douche liquides. Vous pouvez \u00e9galement utiliser un gant exfoliant ou une \u00e9ponge pour laver en profondeur, mais le savon peut aussi \u00eatre simplement appliqu\u00e9 avec les mains.\u00a0<\/span><\/p>\n\n\t\t<\/div>\n\t<\/div>\n<\/div><\/div><\/div><\/div>\n<\/div>","protected":false},"excerpt":{"rendered":"<p><span style=\"font-weight: 400;\">D\u00e9licieux savon, \u00e9galement connu sous le nom de vrai savon, \u00e0 base d&#039;huile d&#039;olive biologique associ\u00e9e \u00e0 des huiles essentielles contenant de l&#039;eucalyptus. Il s\u2019agit d\u2019un savon frais \u00e0 la fois rafra\u00eechissant et apaisant, l\u00e9ger et frais sur la peau. Un parfum qui donne l&#039;impression d&#039;\u00eatre assis dans un hammam au Maroc.<\/span><\/p>\n<p>Contient 200 ml. Le r\u00e9cipient en verre mesure 7\u00d77 cm.<\/p>\n<p><span style=\"font-weight: 400;\">Ingr\u00e9dients : Huile d&#039;olive biologique press\u00e9e \u00e0 froid, eau, huile de coco, glyc\u00e9rine, parfums naturels.<\/span><\/p>","protected":false},"featured_media":2613,"template":"","meta":{"inline_featured_image":false},"product_brand":[],"product_cat":[27,103,104],"product_tag":[],"class_list":{"0":"post-2614","1":"product","2":"type-product","3":"status-publish","4":"has-post-thumbnail","6":"product_cat-diverse","7":"product_cat-personlig-pleje","8":"product_cat-saeber","10":"first","11":"instock","12":"featured","13":"taxable","14":"shipping-taxable","15":"purchasable","16":"product-type-simple"},"exclude_global_add_ons":false,"addons":[{"name":"Vous souhaitez un emballage cadeau ?","type":"checkbox","position":0,"required":false,"title_format":"label","default":"","description_enable":false,"description":"","placeholder_enable":false,"placeholder":"","display":"images","restrictions_type":"any_text","adjust_price":false,"price":"","price_type":"flat_fee","restrictions":false,"min":"0","max":"0","options":[{"label":"Ja tak","price":"10","price_type":"flat_fee","image":11015,"visibility":true}],"id":1669646111}],"yoast_head":"<!-- This site is optimized with the Yoast SEO plugin v27.4 - https:\/\/yoast.com\/product\/yoast-seo-wordpress\/ -->\n<title>\u00c6gte \u00f8kologisk s\u00e6be | Naturlige ingredienser | Tibladin<\/title>\n<meta name=\"description\" content=\"\u00c6gte s\u00e6be med l\u00e6kre naturlige ingredienser. Velduftende, bl\u00f8d og l\u00e6kker p\u00e5 huden. Renser og bl\u00f8dg\u00f8r huden p\u00e5 kroppen og i ansigtet.\" \/>\n<meta name=\"robots\" content=\"index, follow, max-snippet:-1, max-image-preview:large, max-video-preview:-1\" \/>\n<link rel=\"canonical\" href=\"https:\/\/tibladin.dk\/fr\/produit-4\/vrai-savon-eucalyptus\/\" \/>\n<meta property=\"og:locale\" content=\"fr_FR\" \/>\n<meta property=\"og:type\" content=\"article\" \/>\n<meta property=\"og:title\" content=\"\u00c6gte \u00f8kologisk s\u00e6be | Naturlige ingredienser | Tibladin\" \/>\n<meta property=\"og:description\" content=\"\u00c6gte s\u00e6be med l\u00e6kre naturlige ingredienser. Velduftende, bl\u00f8d og l\u00e6kker p\u00e5 huden. Renser og bl\u00f8dg\u00f8r huden p\u00e5 kroppen og i ansigtet.\" \/>\n<meta property=\"og:url\" content=\"https:\/\/tibladin.dk\/fr\/produit-4\/vrai-savon-eucalyptus\/\" \/>\n<meta property=\"og:site_name\" content=\"Tibladin\" \/>\n<meta property=\"article:modified_time\" content=\"2025-12-15T11:16:59+00:00\" \/>\n<meta property=\"og:image\" content=\"https:\/\/tibladin.dk\/wp-content\/uploads\/2022\/09\/vrai-faux-Eucalyptus_800x800-1.jpg\" \/>\n\t<meta property=\"og:image:width\" content=\"800\" \/>\n\t<meta property=\"og:image:height\" content=\"800\" \/>\n\t<meta property=\"og:image:type\" content=\"image\/jpeg\" \/>\n<meta name=\"twitter:card\" content=\"summary_large_image\" \/>\n<meta name=\"twitter:label1\" content=\"Dur\u00e9e de lecture estim\u00e9e\" \/>\n\t<meta name=\"twitter:data1\" content=\"2 minutes\" \/>\n<script type=\"application\/ld+json\" class=\"yoast-schema-graph\">{\"@context\":\"https:\\\/\\\/schema.org\",\"@graph\":[{\"@type\":\"WebPage\",\"@id\":\"https:\\\/\\\/tibladin.dk\\\/produkt\\\/aegte-saebe-eucalyptus\\\/\",\"url\":\"https:\\\/\\\/tibladin.dk\\\/produkt\\\/aegte-saebe-eucalyptus\\\/\",\"name\":\"\u00c6gte \u00f8kologisk s\u00e6be | Naturlige ingredienser | Tibladin\",\"isPartOf\":{\"@id\":\"https:\\\/\\\/tibladin.dk\\\/#website\"},\"primaryImageOfPage\":{\"@id\":\"https:\\\/\\\/tibladin.dk\\\/produkt\\\/aegte-saebe-eucalyptus\\\/#primaryimage\"},\"image\":{\"@id\":\"https:\\\/\\\/tibladin.dk\\\/produkt\\\/aegte-saebe-eucalyptus\\\/#primaryimage\"},\"thumbnailUrl\":\"https:\\\/\\\/tibladin.dk\\\/wp-content\\\/uploads\\\/2022\\\/09\\\/vrai-faux-Eucalyptus_800x800-1.jpg\",\"datePublished\":\"2022-09-20T09:17:43+00:00\",\"dateModified\":\"2025-12-15T11:16:59+00:00\",\"description\":\"\u00c6gte s\u00e6be med l\u00e6kre naturlige ingredienser. Velduftende, bl\u00f8d og l\u00e6kker p\u00e5 huden. Renser og bl\u00f8dg\u00f8r huden p\u00e5 kroppen og i ansigtet.\",\"breadcrumb\":{\"@id\":\"https:\\\/\\\/tibladin.dk\\\/produkt\\\/aegte-saebe-eucalyptus\\\/#breadcrumb\"},\"inLanguage\":\"fr-FR\",\"potentialAction\":[{\"@type\":\"ReadAction\",\"target\":[\"https:\\\/\\\/tibladin.dk\\\/produkt\\\/aegte-saebe-eucalyptus\\\/\"]}]},{\"@type\":\"ImageObject\",\"inLanguage\":\"fr-FR\",\"@id\":\"https:\\\/\\\/tibladin.dk\\\/produkt\\\/aegte-saebe-eucalyptus\\\/#primaryimage\",\"url\":\"https:\\\/\\\/tibladin.dk\\\/wp-content\\\/uploads\\\/2022\\\/09\\\/vrai-faux-Eucalyptus_800x800-1.jpg\",\"contentUrl\":\"https:\\\/\\\/tibladin.dk\\\/wp-content\\\/uploads\\\/2022\\\/09\\\/vrai-faux-Eucalyptus_800x800-1.jpg\",\"width\":800,\"height\":800,\"caption\":\"Vraio Savon s\u00e6be i eucalyptus varianten\"},{\"@type\":\"BreadcrumbList\",\"@id\":\"https:\\\/\\\/tibladin.dk\\\/produkt\\\/aegte-saebe-eucalyptus\\\/#breadcrumb\",\"itemListElement\":[{\"@type\":\"ListItem\",\"position\":1,\"name\":\"Hjem\",\"item\":\"https:\\\/\\\/tibladin.dk\\\/\"},{\"@type\":\"ListItem\",\"position\":2,\"name\":\"Shop\",\"item\":\"https:\\\/\\\/tibladin.dk\\\/shop\\\/\"},{\"@type\":\"ListItem\",\"position\":3,\"name\":\"\u00c6gte s\u00e6be EUCALYPTUS\"}]},{\"@type\":\"WebSite\",\"@id\":\"https:\\\/\\\/tibladin.dk\\\/#website\",\"url\":\"https:\\\/\\\/tibladin.dk\\\/\",\"name\":\"Tibladin\",\"description\":\"Tibladin\",\"publisher\":{\"@id\":\"https:\\\/\\\/tibladin.dk\\\/#organization\"},\"potentialAction\":[{\"@type\":\"SearchAction\",\"target\":{\"@type\":\"EntryPoint\",\"urlTemplate\":\"https:\\\/\\\/tibladin.dk\\\/?s={search_term_string}\"},\"query-input\":{\"@type\":\"PropertyValueSpecification\",\"valueRequired\":true,\"valueName\":\"search_term_string\"}}],\"inLanguage\":\"fr-FR\"},{\"@type\":\"Organization\",\"@id\":\"https:\\\/\\\/tibladin.dk\\\/#organization\",\"name\":\"Tibladin\",\"url\":\"https:\\\/\\\/tibladin.dk\\\/\",\"logo\":{\"@type\":\"ImageObject\",\"inLanguage\":\"fr-FR\",\"@id\":\"https:\\\/\\\/tibladin.dk\\\/#\\\/schema\\\/logo\\\/image\\\/\",\"url\":\"https:\\\/\\\/tibladin.dk\\\/wp-content\\\/uploads\\\/2022\\\/09\\\/tibladin_logo.svg\",\"contentUrl\":\"https:\\\/\\\/tibladin.dk\\\/wp-content\\\/uploads\\\/2022\\\/09\\\/tibladin_logo.svg\",\"caption\":\"Tibladin\"},\"image\":{\"@id\":\"https:\\\/\\\/tibladin.dk\\\/#\\\/schema\\\/logo\\\/image\\\/\"}}]}<\/script>\n<!-- \/ Yoast SEO plugin. -->","yoast_head_json":{"title":"V\u00e9ritable savon biologique | Ingr\u00e9dients naturels | Tibladine","description":"V\u00e9ritable savon avec de d\u00e9licieux ingr\u00e9dients naturels. Parfum\u00e9, doux et d\u00e9licieux sur la peau. Nettoie et adoucit la peau du corps et du visage.","robots":{"index":"index","follow":"follow","max-snippet":"max-snippet:-1","max-image-preview":"max-image-preview:large","max-video-preview":"max-video-preview:-1"},"canonical":"https:\/\/tibladin.dk\/fr\/produit-4\/vrai-savon-eucalyptus\/","og_locale":"fr_FR","og_type":"article","og_title":"\u00c6gte \u00f8kologisk s\u00e6be | Naturlige ingredienser | Tibladin","og_description":"\u00c6gte s\u00e6be med l\u00e6kre naturlige ingredienser. Velduftende, bl\u00f8d og l\u00e6kker p\u00e5 huden. Renser og bl\u00f8dg\u00f8r huden p\u00e5 kroppen og i ansigtet.","og_url":"https:\/\/tibladin.dk\/fr\/produit-4\/vrai-savon-eucalyptus\/","og_site_name":"Tibladin","article_modified_time":"2025-12-15T11:16:59+00:00","og_image":[{"width":800,"height":800,"url":"https:\/\/tibladin.dk\/wp-content\/uploads\/2022\/09\/vrai-faux-Eucalyptus_800x800-1.jpg","type":"image\/jpeg"}],"twitter_card":"summary_large_image","twitter_misc":{"Dur\u00e9e de lecture estim\u00e9e":"2 minutes"},"schema":{"@context":"https:\/\/schema.org","@graph":[{"@type":"WebPage","@id":"https:\/\/tibladin.dk\/produkt\/aegte-saebe-eucalyptus\/","url":"https:\/\/tibladin.dk\/produkt\/aegte-saebe-eucalyptus\/","name":"V\u00e9ritable savon biologique | Ingr\u00e9dients naturels | Tibladine","isPartOf":{"@id":"https:\/\/tibladin.dk\/#website"},"primaryImageOfPage":{"@id":"https:\/\/tibladin.dk\/produkt\/aegte-saebe-eucalyptus\/#primaryimage"},"image":{"@id":"https:\/\/tibladin.dk\/produkt\/aegte-saebe-eucalyptus\/#primaryimage"},"thumbnailUrl":"https:\/\/tibladin.dk\/wp-content\/uploads\/2022\/09\/vrai-faux-Eucalyptus_800x800-1.jpg","datePublished":"2022-09-20T09:17:43+00:00","dateModified":"2025-12-15T11:16:59+00:00","description":"V\u00e9ritable savon avec de d\u00e9licieux ingr\u00e9dients naturels. Parfum\u00e9, doux et d\u00e9licieux sur la peau. Nettoie et adoucit la peau du corps et du visage.","breadcrumb":{"@id":"https:\/\/tibladin.dk\/produkt\/aegte-saebe-eucalyptus\/#breadcrumb"},"inLanguage":"fr-FR","potentialAction":[{"@type":"ReadAction","target":["https:\/\/tibladin.dk\/produkt\/aegte-saebe-eucalyptus\/"]}]},{"@type":"ImageObject","inLanguage":"fr-FR","@id":"https:\/\/tibladin.dk\/produkt\/aegte-saebe-eucalyptus\/#primaryimage","url":"https:\/\/tibladin.dk\/wp-content\/uploads\/2022\/09\/vrai-faux-Eucalyptus_800x800-1.jpg","contentUrl":"https:\/\/tibladin.dk\/wp-content\/uploads\/2022\/09\/vrai-faux-Eucalyptus_800x800-1.jpg","width":800,"height":800,"caption":"Vraio Savon s\u00e6be i eucalyptus varianten"},{"@type":"BreadcrumbList","@id":"https:\/\/tibladin.dk\/produkt\/aegte-saebe-eucalyptus\/#breadcrumb","itemListElement":[{"@type":"ListItem","position":1,"name":"Hjem","item":"https:\/\/tibladin.dk\/"},{"@type":"ListItem","position":2,"name":"Shop","item":"https:\/\/tibladin.dk\/shop\/"},{"@type":"ListItem","position":3,"name":"\u00c6gte s\u00e6be EUCALYPTUS"}]},{"@type":"WebSite","@id":"https:\/\/tibladin.dk\/#website","url":"https:\/\/tibladin.dk\/","name":"Tibladin","description":"Tibladin","publisher":{"@id":"https:\/\/tibladin.dk\/#organization"},"potentialAction":[{"@type":"SearchAction","target":{"@type":"EntryPoint","urlTemplate":"https:\/\/tibladin.dk\/?s={search_term_string}"},"query-input":{"@type":"PropertyValueSpecification","valueRequired":true,"valueName":"search_term_string"}}],"inLanguage":"fr-FR"},{"@type":"Organization","@id":"https:\/\/tibladin.dk\/#organization","name":"Tibladin","url":"https:\/\/tibladin.dk\/","logo":{"@type":"ImageObject","inLanguage":"fr-FR","@id":"https:\/\/tibladin.dk\/#\/schema\/logo\/image\/","url":"https:\/\/tibladin.dk\/wp-content\/uploads\/2022\/09\/tibladin_logo.svg","contentUrl":"https:\/\/tibladin.dk\/wp-content\/uploads\/2022\/09\/tibladin_logo.svg","caption":"Tibladin"},"image":{"@id":"https:\/\/tibladin.dk\/#\/schema\/logo\/image\/"}}]}},"_links":{"self":[{"href":"https:\/\/tibladin.dk\/fr\/wp-json\/wp\/v2\/product\/2614","targetHints":{"allow":["GET"]}}],"collection":[{"href":"https:\/\/tibladin.dk\/fr\/wp-json\/wp\/v2\/product"}],"about":[{"href":"https:\/\/tibladin.dk\/fr\/wp-json\/wp\/v2\/types\/product"}],"wp:featuredmedia":[{"embeddable":true,"href":"https:\/\/tibladin.dk\/fr\/wp-json\/wp\/v2\/media\/2613"}],"wp:attachment":[{"href":"https:\/\/tibladin.dk\/fr\/wp-json\/wp\/v2\/media?parent=2614"}],"wp:term":[{"taxonomy":"product_brand","embeddable":true,"href":"https:\/\/tibladin.dk\/fr\/wp-json\/wp\/v2\/product_brand?post=2614"},{"taxonomy":"product_cat","embeddable":true,"href":"https:\/\/tibladin.dk\/fr\/wp-json\/wp\/v2\/product_cat?post=2614"},{"taxonomy":"product_tag","embeddable":true,"href":"https:\/\/tibladin.dk\/fr\/wp-json\/wp\/v2\/product_tag?post=2614"}],"curies":[{"name":"wp","href":"https:\/\/api.w.org\/{rel}","templated":true}]}}