{"id":2725,"date":"2022-09-20T11:18:39","date_gmt":"2022-09-20T09:18:39","guid":{"rendered":"https:\/\/tibladin.dk\/vare\/plakat-50x70-cm-portes-de-la-medina-de-chaouen\/"},"modified":"2026-03-26T11:10:42","modified_gmt":"2026-03-26T10:10:42","slug":"affiche-50x70-cm-portes-de-la-medina-de-chaouen","status":"publish","type":"product","link":"https:\/\/tibladin.dk\/fr\/produkt\/plakat-50x70-cm-portes-de-la-medina-de-chaouen\/","title":{"rendered":"Affiche 50\u00d770cm. PORTES DE LA M\u00c9DINA DE CHAOUEN"},"content":{"rendered":"<div class=\"wpb-content-wrapper\"><div class=\"vc_row wpb_row vc_row-fluid\"><div class=\"wpb_column vc_column_container vc_col-sm-4\"><div class=\"vc_column-inner\"><div class=\"wpb_wrapper\"><\/div><\/div><\/div><div class=\"wpb_column vc_column_container vc_col-sm-4\"><div class=\"vc_column-inner\"><div class=\"wpb_wrapper\"><h3 style=\"text-align: left\" class=\"vc_custom_heading vc_do_custom_heading\" >Cadre<\/h3>\n\t<div class=\"wpb_text_column wpb_content_element\" >\n\t\t<div class=\"wpb_wrapper\">\n\t\t\t<p>Vous pouvez choisir dans quel cadre vous souhaitez placer l&#039;affiche. Qu&#039;il s&#039;agisse d&#039;un cadre color\u00e9, en bois naturel, blanc, noir ou aluminium, selon ce qui convient \u00e0 votre d\u00e9coration.<\/p>\n\n\t\t<\/div>\n\t<\/div>\n<\/div><\/div><\/div><div class=\"wpb_column vc_column_container vc_col-sm-4\"><div class=\"vc_column-inner\"><div class=\"wpb_wrapper\"><h3 style=\"text-align: left\" class=\"vc_custom_heading vc_do_custom_heading\" >C&#039;est comme \u00e7a que je d\u00e9core mes murs<\/h3>\n\t<div class=\"wpb_text_column wpb_content_element\" >\n\t\t<div class=\"wpb_wrapper\">\n\t\t\t<p><span class=\"JsGRdQ\">Si vos murs bouillonnent comme une coupe de champagne de romance, rayonnent d&#039;exclusivit\u00e9, cr\u00e9ent une ambiance chaleureuse.<\/span><span class=\"JsGRdQ\">\u00a0<\/span><span class=\"JsGRdQ\">Ambiance boh\u00e8me ou quelque chose de compl\u00e8tement diff\u00e9rent ? Cela peut \u00eatre r\u00e9alis\u00e9 avec de petits changements et quelques choix simples. Utilisez des affiches d&#039;artistes marocains locaux pour donner \u00e0 votre int\u00e9rieur un look personnel et unique.<\/span><\/p>\n\n\t\t<\/div>\n\t<\/div>\n<\/div><\/div><\/div><\/div>\n<\/div>","protected":false},"excerpt":{"rendered":"<h3>Affiche avec des portes de la M\u00e9dina de Chefchaouen, aussi appel\u00e9e la Ville Bleue.<\/h3>\n<p>M\u00eame dans la partie la plus d\u00e9labr\u00e9e de la m\u00e9dina du Maroc, on peut trouver une architecture d&#039;une beaut\u00e9 divine. Ce sont surtout les belles portes marocaines qui ont conquis mon c\u0153ur. D\u00e9couvrez ici une s\u00e9lection des plus belles portes du terre-plein de Chefchaouen. Cette ville est clairement l\u2019une des plus belles que j\u2019ai visit\u00e9 au Maroc. C&#039;est une petite ville situ\u00e9e dans les montagnes et se caract\u00e9rise par le fait que toutes les maisons sont blanches et bleues. Ici vous trouverez certainement les plus belles portes du monde.<\/p>\n<p>L&#039;affiche est imprim\u00e9e sur du papier brillant et r\u00e9sistant.<\/p>\n<p>Donne du style et de l&#039;\u00e2me \u00e0 n&#039;importe quel int\u00e9rieur et s&#039;adapte aussi bien au style int\u00e9rieur moderne que classique.<\/p>","protected":false},"featured_media":2722,"template":"","meta":{"inline_featured_image":false},"product_brand":[],"product_cat":[111,114,56],"product_tag":[],"class_list":{"0":"post-2725","1":"product","2":"type-product","3":"status-publish","4":"has-post-thumbnail","6":"product_cat-plakater","7":"product_cat-plakater-50x70","8":"product_cat-vaegdekoration","10":"first","11":"instock","12":"taxable","13":"shipping-taxable","14":"purchasable","15":"product-type-simple"},"exclude_global_add_ons":false,"addons":[{"name":"Vous souhaitez un emballage cadeau ?","type":"checkbox","position":0,"required":false,"title_format":"label","default":"","description_enable":false,"description":"","placeholder_enable":false,"placeholder":"","display":"images","restrictions_type":"any_text","adjust_price":false,"price":"","price_type":"flat_fee","restrictions":false,"min":"0","max":"0","options":[{"label":"Ja tak","price":"10","price_type":"flat_fee","image":11015,"visibility":true}],"id":1669646111},{"name":"Achetez un cadre pour votre affiche","type":"multiple_choice","position":0,"required":false,"title_format":"label","default":"","description_enable":true,"description":"Les cadres sont livr\u00e9s avec du plexiglas. Si vous pr\u00e9f\u00e9rez du verre classique, indiquez-le simplement dans la zone de commentaires. Les cadres color\u00e9s sont livr\u00e9s s\u00e9par\u00e9ment, car ils sont exp\u00e9di\u00e9s depuis un entrep\u00f4t distant.","placeholder_enable":false,"placeholder":"","display":"images","restrictions_type":"any_text","adjust_price":false,"price":"","price_type":"flat_fee","restrictions":false,"min":"0","max":"0","options":[{"label":"GUL 30x40","price":"199","price_type":"flat_fee","image":7321,"visibility":true},{"label":"GUL 50x70","price":"299","price_type":"flat_fee","image":7322,"visibility":true},{"label":"LYSEBL\u00c5 30x40","price":"199","price_type":"flat_fee","image":7325,"visibility":true},{"label":"LYSEBL\u00c5 50x70","price":"299","price_type":"flat_fee","image":7336,"visibility":true},{"label":"KOBOLTBL\u00c5 30x40","price":"199","price_type":"flat_fee","image":7323,"visibility":true},{"label":"KOBOLTBL\u00c5 50x70","price":"299","price_type":"flat_fee","image":7324,"visibility":true},{"label":"M\u00d8RKEBL\u00c5 30x40","price":"199","price_type":"flat_fee","image":7329,"visibility":true},{"label":"M\u00d8RKEBL\u00c5 50x70","price":"299","price_type":"flat_fee","image":7330,"visibility":true},{"label":"ROSA 30x40","price":"199","price_type":"flat_fee","image":7327,"visibility":true},{"label":"ROSA 50x70","price":"299","price_type":"flat_fee","image":7328,"visibility":true},{"label":"ORANGE 30x40","price":"199","price_type":"flat_fee","image":7333,"visibility":true},{"label":"ORANGE 50x70","price":"299","price_type":"flat_fee","image":7334,"visibility":true},{"label":"SORT 30x40","price":"199","price_type":"flat_fee","image":7319,"visibility":true},{"label":"SORT 50x70","price":"299","price_type":"flat_fee","image":7320,"visibility":true},{"label":"NATUR 30x40","price":"70","price_type":"flat_fee","image":7331,"visibility":true},{"label":"NATUR 50x70","price":"149","price_type":"flat_fee","image":7332,"visibility":true}],"id":1683372015}],"yoast_head":"<!-- This site is optimized with the Yoast SEO plugin v27.5 - https:\/\/yoast.com\/product\/yoast-seo-wordpress\/ -->\n<title>Marokkanske plakater | Marokkanske d\u00f8re | Unik v\u00e6gdekoration<\/title>\n<meta name=\"description\" content=\"Plakater med de smukkeste marokkanske d\u00f8re. F\u00e5 et touch af Marokko ind i dit hjem og giv din v\u00e6gge en unik udsmykning med stemningsfulde plakater.\" \/>\n<meta name=\"robots\" content=\"index, follow, max-snippet:-1, max-image-preview:large, max-video-preview:-1\" \/>\n<link rel=\"canonical\" href=\"https:\/\/tibladin.dk\/fr\/produit-4\/affiche-50x70-cm-portes-de-la-medina-de-chaouen\/\" \/>\n<meta property=\"og:locale\" content=\"fr_FR\" \/>\n<meta property=\"og:type\" content=\"article\" \/>\n<meta property=\"og:title\" content=\"Marokkanske plakater | Marokkanske d\u00f8re | Unik v\u00e6gdekoration\" \/>\n<meta property=\"og:description\" content=\"Plakater med de smukkeste marokkanske d\u00f8re. F\u00e5 et touch af Marokko ind i dit hjem og giv din v\u00e6gge en unik udsmykning med stemningsfulde plakater.\" \/>\n<meta property=\"og:url\" content=\"https:\/\/tibladin.dk\/fr\/produit-4\/affiche-50x70-cm-portes-de-la-medina-de-chaouen\/\" \/>\n<meta property=\"og:site_name\" content=\"Tibladin\" \/>\n<meta property=\"article:modified_time\" content=\"2026-03-26T10:10:42+00:00\" \/>\n<meta property=\"og:image\" content=\"https:\/\/tibladin.dk\/wp-content\/uploads\/2022\/09\/Portes-de-la-medina-de-chauen.png\" \/>\n\t<meta property=\"og:image:width\" content=\"800\" \/>\n\t<meta property=\"og:image:height\" content=\"800\" \/>\n\t<meta property=\"og:image:type\" content=\"image\/png\" \/>\n<meta name=\"twitter:card\" content=\"summary_large_image\" \/>\n<meta name=\"twitter:label1\" content=\"Dur\u00e9e de lecture estim\u00e9e\" \/>\n\t<meta name=\"twitter:data1\" content=\"1 minute\" \/>\n<script type=\"application\/ld+json\" class=\"yoast-schema-graph\">{\"@context\":\"https:\\\/\\\/schema.org\",\"@graph\":[{\"@type\":\"WebPage\",\"@id\":\"https:\\\/\\\/tibladin.dk\\\/produkt\\\/plakat-50x70-cm-portes-de-la-medina-de-chaouen\\\/\",\"url\":\"https:\\\/\\\/tibladin.dk\\\/produkt\\\/plakat-50x70-cm-portes-de-la-medina-de-chaouen\\\/\",\"name\":\"Marokkanske plakater | Marokkanske d\u00f8re | Unik v\u00e6gdekoration\",\"isPartOf\":{\"@id\":\"https:\\\/\\\/tibladin.dk\\\/#website\"},\"primaryImageOfPage\":{\"@id\":\"https:\\\/\\\/tibladin.dk\\\/produkt\\\/plakat-50x70-cm-portes-de-la-medina-de-chaouen\\\/#primaryimage\"},\"image\":{\"@id\":\"https:\\\/\\\/tibladin.dk\\\/produkt\\\/plakat-50x70-cm-portes-de-la-medina-de-chaouen\\\/#primaryimage\"},\"thumbnailUrl\":\"https:\\\/\\\/tibladin.dk\\\/wp-content\\\/uploads\\\/2022\\\/09\\\/Portes-de-la-medina-de-chauen.png\",\"datePublished\":\"2022-09-20T09:18:39+00:00\",\"dateModified\":\"2026-03-26T10:10:42+00:00\",\"description\":\"Plakater med de smukkeste marokkanske d\u00f8re. F\u00e5 et touch af Marokko ind i dit hjem og giv din v\u00e6gge en unik udsmykning med stemningsfulde plakater.\",\"breadcrumb\":{\"@id\":\"https:\\\/\\\/tibladin.dk\\\/produkt\\\/plakat-50x70-cm-portes-de-la-medina-de-chaouen\\\/#breadcrumb\"},\"inLanguage\":\"fr-FR\",\"potentialAction\":[{\"@type\":\"ReadAction\",\"target\":[\"https:\\\/\\\/tibladin.dk\\\/produkt\\\/plakat-50x70-cm-portes-de-la-medina-de-chaouen\\\/\"]}]},{\"@type\":\"ImageObject\",\"inLanguage\":\"fr-FR\",\"@id\":\"https:\\\/\\\/tibladin.dk\\\/produkt\\\/plakat-50x70-cm-portes-de-la-medina-de-chaouen\\\/#primaryimage\",\"url\":\"https:\\\/\\\/tibladin.dk\\\/wp-content\\\/uploads\\\/2022\\\/09\\\/Portes-de-la-medina-de-chauen.png\",\"contentUrl\":\"https:\\\/\\\/tibladin.dk\\\/wp-content\\\/uploads\\\/2022\\\/09\\\/Portes-de-la-medina-de-chauen.png\",\"width\":800,\"height\":800,\"caption\":\"Portes de la medina chauen\"},{\"@type\":\"BreadcrumbList\",\"@id\":\"https:\\\/\\\/tibladin.dk\\\/produkt\\\/plakat-50x70-cm-portes-de-la-medina-de-chaouen\\\/#breadcrumb\",\"itemListElement\":[{\"@type\":\"ListItem\",\"position\":1,\"name\":\"Hjem\",\"item\":\"https:\\\/\\\/tibladin.dk\\\/\"},{\"@type\":\"ListItem\",\"position\":2,\"name\":\"Shop\",\"item\":\"https:\\\/\\\/tibladin.dk\\\/shop\\\/\"},{\"@type\":\"ListItem\",\"position\":3,\"name\":\"Plakat 50&#215;70 cm. PORTES DE LA M\u00c9DINA DE CHAOUEN\"}]},{\"@type\":\"WebSite\",\"@id\":\"https:\\\/\\\/tibladin.dk\\\/#website\",\"url\":\"https:\\\/\\\/tibladin.dk\\\/\",\"name\":\"Tibladin\",\"description\":\"Tibladin\",\"publisher\":{\"@id\":\"https:\\\/\\\/tibladin.dk\\\/#organization\"},\"potentialAction\":[{\"@type\":\"SearchAction\",\"target\":{\"@type\":\"EntryPoint\",\"urlTemplate\":\"https:\\\/\\\/tibladin.dk\\\/?s={search_term_string}\"},\"query-input\":{\"@type\":\"PropertyValueSpecification\",\"valueRequired\":true,\"valueName\":\"search_term_string\"}}],\"inLanguage\":\"fr-FR\"},{\"@type\":\"Organization\",\"@id\":\"https:\\\/\\\/tibladin.dk\\\/#organization\",\"name\":\"Tibladin\",\"url\":\"https:\\\/\\\/tibladin.dk\\\/\",\"logo\":{\"@type\":\"ImageObject\",\"inLanguage\":\"fr-FR\",\"@id\":\"https:\\\/\\\/tibladin.dk\\\/#\\\/schema\\\/logo\\\/image\\\/\",\"url\":\"https:\\\/\\\/tibladin.dk\\\/wp-content\\\/uploads\\\/2022\\\/09\\\/tibladin_logo.svg\",\"contentUrl\":\"https:\\\/\\\/tibladin.dk\\\/wp-content\\\/uploads\\\/2022\\\/09\\\/tibladin_logo.svg\",\"caption\":\"Tibladin\"},\"image\":{\"@id\":\"https:\\\/\\\/tibladin.dk\\\/#\\\/schema\\\/logo\\\/image\\\/\"}}]}<\/script>\n<!-- \/ Yoast SEO plugin. -->","yoast_head_json":{"title":"Affiches marocaines | Portes marocaines | D\u00e9coration murale unique","description":"Affiches avec les plus belles portes marocaines. Apportez une touche du Maroc dans votre maison et donnez \u00e0 vos murs une d\u00e9coration unique avec des affiches d&#039;ambiance.","robots":{"index":"index","follow":"follow","max-snippet":"max-snippet:-1","max-image-preview":"max-image-preview:large","max-video-preview":"max-video-preview:-1"},"canonical":"https:\/\/tibladin.dk\/fr\/produit-4\/affiche-50x70-cm-portes-de-la-medina-de-chaouen\/","og_locale":"fr_FR","og_type":"article","og_title":"Marokkanske plakater | Marokkanske d\u00f8re | Unik v\u00e6gdekoration","og_description":"Plakater med de smukkeste marokkanske d\u00f8re. F\u00e5 et touch af Marokko ind i dit hjem og giv din v\u00e6gge en unik udsmykning med stemningsfulde plakater.","og_url":"https:\/\/tibladin.dk\/fr\/produit-4\/affiche-50x70-cm-portes-de-la-medina-de-chaouen\/","og_site_name":"Tibladin","article_modified_time":"2026-03-26T10:10:42+00:00","og_image":[{"width":800,"height":800,"url":"https:\/\/tibladin.dk\/wp-content\/uploads\/2022\/09\/Portes-de-la-medina-de-chauen.png","type":"image\/png"}],"twitter_card":"summary_large_image","twitter_misc":{"Dur\u00e9e de lecture estim\u00e9e":"1 minute"},"schema":{"@context":"https:\/\/schema.org","@graph":[{"@type":"WebPage","@id":"https:\/\/tibladin.dk\/produkt\/plakat-50x70-cm-portes-de-la-medina-de-chaouen\/","url":"https:\/\/tibladin.dk\/produkt\/plakat-50x70-cm-portes-de-la-medina-de-chaouen\/","name":"Affiches marocaines | Portes marocaines | D\u00e9coration murale unique","isPartOf":{"@id":"https:\/\/tibladin.dk\/#website"},"primaryImageOfPage":{"@id":"https:\/\/tibladin.dk\/produkt\/plakat-50x70-cm-portes-de-la-medina-de-chaouen\/#primaryimage"},"image":{"@id":"https:\/\/tibladin.dk\/produkt\/plakat-50x70-cm-portes-de-la-medina-de-chaouen\/#primaryimage"},"thumbnailUrl":"https:\/\/tibladin.dk\/wp-content\/uploads\/2022\/09\/Portes-de-la-medina-de-chauen.png","datePublished":"2022-09-20T09:18:39+00:00","dateModified":"2026-03-26T10:10:42+00:00","description":"Affiches avec les plus belles portes marocaines. Apportez une touche du Maroc dans votre maison et donnez \u00e0 vos murs une d\u00e9coration unique avec des affiches d&#039;ambiance.","breadcrumb":{"@id":"https:\/\/tibladin.dk\/produkt\/plakat-50x70-cm-portes-de-la-medina-de-chaouen\/#breadcrumb"},"inLanguage":"fr-FR","potentialAction":[{"@type":"ReadAction","target":["https:\/\/tibladin.dk\/produkt\/plakat-50x70-cm-portes-de-la-medina-de-chaouen\/"]}]},{"@type":"ImageObject","inLanguage":"fr-FR","@id":"https:\/\/tibladin.dk\/produkt\/plakat-50x70-cm-portes-de-la-medina-de-chaouen\/#primaryimage","url":"https:\/\/tibladin.dk\/wp-content\/uploads\/2022\/09\/Portes-de-la-medina-de-chauen.png","contentUrl":"https:\/\/tibladin.dk\/wp-content\/uploads\/2022\/09\/Portes-de-la-medina-de-chauen.png","width":800,"height":800,"caption":"Portes de la medina chauen"},{"@type":"BreadcrumbList","@id":"https:\/\/tibladin.dk\/produkt\/plakat-50x70-cm-portes-de-la-medina-de-chaouen\/#breadcrumb","itemListElement":[{"@type":"ListItem","position":1,"name":"Hjem","item":"https:\/\/tibladin.dk\/"},{"@type":"ListItem","position":2,"name":"Shop","item":"https:\/\/tibladin.dk\/shop\/"},{"@type":"ListItem","position":3,"name":"Plakat 50&#215;70 cm. PORTES DE LA M\u00c9DINA DE CHAOUEN"}]},{"@type":"WebSite","@id":"https:\/\/tibladin.dk\/#website","url":"https:\/\/tibladin.dk\/","name":"Tibladin","description":"Tibladin","publisher":{"@id":"https:\/\/tibladin.dk\/#organization"},"potentialAction":[{"@type":"SearchAction","target":{"@type":"EntryPoint","urlTemplate":"https:\/\/tibladin.dk\/?s={search_term_string}"},"query-input":{"@type":"PropertyValueSpecification","valueRequired":true,"valueName":"search_term_string"}}],"inLanguage":"fr-FR"},{"@type":"Organization","@id":"https:\/\/tibladin.dk\/#organization","name":"Tibladin","url":"https:\/\/tibladin.dk\/","logo":{"@type":"ImageObject","inLanguage":"fr-FR","@id":"https:\/\/tibladin.dk\/#\/schema\/logo\/image\/","url":"https:\/\/tibladin.dk\/wp-content\/uploads\/2022\/09\/tibladin_logo.svg","contentUrl":"https:\/\/tibladin.dk\/wp-content\/uploads\/2022\/09\/tibladin_logo.svg","caption":"Tibladin"},"image":{"@id":"https:\/\/tibladin.dk\/#\/schema\/logo\/image\/"}}]}},"_links":{"self":[{"href":"https:\/\/tibladin.dk\/fr\/wp-json\/wp\/v2\/product\/2725","targetHints":{"allow":["GET"]}}],"collection":[{"href":"https:\/\/tibladin.dk\/fr\/wp-json\/wp\/v2\/product"}],"about":[{"href":"https:\/\/tibladin.dk\/fr\/wp-json\/wp\/v2\/types\/product"}],"wp:featuredmedia":[{"embeddable":true,"href":"https:\/\/tibladin.dk\/fr\/wp-json\/wp\/v2\/media\/2722"}],"wp:attachment":[{"href":"https:\/\/tibladin.dk\/fr\/wp-json\/wp\/v2\/media?parent=2725"}],"wp:term":[{"taxonomy":"product_brand","embeddable":true,"href":"https:\/\/tibladin.dk\/fr\/wp-json\/wp\/v2\/product_brand?post=2725"},{"taxonomy":"product_cat","embeddable":true,"href":"https:\/\/tibladin.dk\/fr\/wp-json\/wp\/v2\/product_cat?post=2725"},{"taxonomy":"product_tag","embeddable":true,"href":"https:\/\/tibladin.dk\/fr\/wp-json\/wp\/v2\/product_tag?post=2725"}],"curies":[{"name":"wp","href":"https:\/\/api.w.org\/{rel}","templated":true}]}}