{"id":2727,"date":"2022-09-20T11:18:40","date_gmt":"2022-09-20T09:18:40","guid":{"rendered":"https:\/\/tibladin.dk\/?post_type=product&#038;p=2727"},"modified":"2026-02-09T10:19:30","modified_gmt":"2026-02-09T09:19:30","slug":"pouf-en-cuir-naturel-clair-modele-haut","status":"publish","type":"product","link":"https:\/\/tibladin.dk\/fr\/produkt\/puf-i-lys-naturlaeder-hoej-model\/","title":{"rendered":"Pouf en cuir naturel clair mod\u00e8le haut"},"content":{"rendered":"<div class=\"wpb-content-wrapper\"><div class=\"vc_row wpb_row vc_row-fluid\"><div class=\"wpb_column vc_column_container vc_col-sm-4\"><div class=\"vc_column-inner\"><div class=\"wpb_wrapper\"><h3 style=\"text-align: left\" class=\"vc_custom_heading vc_do_custom_heading\" >Autres poufs marocains en cuir<\/h3>\n\t<div class=\"wpb_text_column wpb_content_element\" >\n\t\t<div class=\"wpb_wrapper\">\n\t\t\t<p>Vous ne savez pas vraiment si vous devriez acheter ce pouf en cuir de couleur naturelle clair ?<\/p>\n<p>Alors jetez un \u0153il au n\u00f4tre\u00a0<a href=\"https:\/\/tibladin.dk\/fr\/categorie-de-produit\/interieur\/meubles\/poufs\/pouf-en-cuir\/\">page avec tous nos poufs en cuir<\/a>. Vous trouverez ici de magnifiques poufs en cuir de plusieurs couleurs et formes diff\u00e9rentes. Nous avons aussi quelques\u00a0<a href=\"https:\/\/tibladin.dk\/fr\/categorie-de-produit\/interieur\/meubles\/poufs\/bouffee-de-laine\/\">magnifiques poufs marocains en laine<\/a>, qui s&#039;accorde parfaitement avec une d\u00e9co scandinave.<\/p>\n\n\t\t<\/div>\n\t<\/div>\n<\/div><\/div><\/div><div class=\"wpb_column vc_column_container vc_col-sm-4\"><div class=\"vc_column-inner\"><div class=\"wpb_wrapper\"><h3 style=\"text-align: left\" class=\"vc_custom_heading vc_do_custom_heading\" >Entretien<\/h3>\n\t<div class=\"wpb_text_column wpb_content_element\" >\n\t\t<div class=\"wpb_wrapper\">\n\t\t\t<p>Le cuir de ce pouf marocain est en peau de ch\u00e8vre et acquerra une belle patine avec le temps. Si vous souhaitez que votre pouf soit plus fonc\u00e9 et brillant, vous pouvez lui donner un peu d'huile pour cuir. Au d\u00e9but, lorsque vous l\u2019utilisez, il peut sentir un peu le cuir. Cette odeur se dissipe rapidement. Si vous souhaitez acc\u00e9l\u00e9rer ce processus, exposez le pouf un peu au soleil et l'odeur de cuir dispara\u00eetra.<\/p>\n\n\t\t<\/div>\n\t<\/div>\n<\/div><\/div><\/div><div class=\"wpb_column vc_column_container vc_col-sm-4\"><div class=\"vc_column-inner\"><div class=\"wpb_wrapper\"><h3 style=\"text-align: left\" class=\"vc_custom_heading vc_do_custom_heading\" >L&#039;histoire derri\u00e8re<\/h3>\n\t<div class=\"wpb_text_column wpb_content_element\" >\n\t\t<div class=\"wpb_wrapper\">\n\t\t\t<p>Les petits poufs sont faciles \u00e0 ajouter \u00e0 votre d\u00e9coration et obtiennent rapidement un look exotique et une touche plus personnelle. Mon fournisseur de poufs en cuir a de nombreuses ann\u00e9es d\u2019exp\u00e9rience dans la fabrication de poufs de bonne qualit\u00e9 et tr\u00e8s durables et il exporte dans plusieurs endroits \u00e0 travers le monde. Tous mes poufs sont en cuir de ch\u00e8vre, car c'est ce qui donne le pouf le plus souple.<\/p>\n\n\t\t<\/div>\n\t<\/div>\n<\/div><\/div><\/div><\/div>\n<\/div>","protected":false},"excerpt":{"rendered":"<p>Comme quelque chose de compl\u00e8tement nouveau, nous avons un beau cuir naturel clair\/beige.\u00a0<span class=\"s1\">La houppette est brod\u00e9e d&#039;un motif magnifique et d\u00e9taill\u00e9 sur le dessus. Ce mod\u00e8le est un mod\u00e8le haut d&#039;env. 50 cm.<\/span><\/p>\n<p>Simple et naturel qui va bien avec le look \u00e9l\u00e9gant.<\/p>\n<p>Vous pouvez \u00e9galement l&#039;obtenir en mod\u00e8le standard et en version mini, peut-\u00eatre pour la chambre des enfants.<\/p>","protected":false},"featured_media":3854,"template":"","meta":{"inline_featured_image":false},"product_brand":[],"product_cat":[41,40],"product_tag":[],"class_list":{"0":"post-2727","1":"product","2":"type-product","3":"status-publish","4":"has-post-thumbnail","6":"product_cat-laederpufs","7":"product_cat-pufs","9":"first","10":"instock","11":"taxable","12":"shipping-taxable","13":"purchasable","14":"product-type-simple"},"exclude_global_add_ons":false,"addons":[{"name":"Souhaitez-vous que votre pouf soit livr\u00e9 avec un rembourrage en laine de bois ?","type":"checkbox","position":0,"required":false,"title_format":"label","default":"","description_enable":false,"description":"","placeholder_enable":false,"placeholder":"","display":"select","restrictions_type":"any_text","adjust_price":false,"price":"","price_type":"flat_fee","restrictions":false,"min":"0","max":"0","options":[{"label":"Ja tak!","price":"250.00","price_type":"quantity_based","image":0,"visibility":true}],"id":1708086016}],"yoast_head":"<!-- This site is optimized with the Yoast SEO plugin v27.4 - https:\/\/yoast.com\/product\/yoast-seo-wordpress\/ -->\n<title>Marokkansk puf | Lys naturl\u00e6der| F\u00e5es i flere st\u00f8rrelser | Tibladin<\/title>\n<meta name=\"description\" content=\"Marokkansk puf i lys naturl\u00e6der. 50x50 cm. Med ekstra syninger for en god holdbarhed. Fyldt p\u00e5 forh\u00e5nd \u21d2 Stort udvalg\u21d2 K\u00f8b her!\" \/>\n<meta name=\"robots\" content=\"index, follow, max-snippet:-1, max-image-preview:large, max-video-preview:-1\" \/>\n<link rel=\"canonical\" href=\"https:\/\/tibladin.dk\/fr\/produit-4\/pouf-en-cuir-naturel-clair-modele-haut\/\" \/>\n<meta property=\"og:locale\" content=\"fr_FR\" \/>\n<meta property=\"og:type\" content=\"article\" \/>\n<meta property=\"og:title\" content=\"Marokkansk puf | Lys naturl\u00e6der| F\u00e5es i flere st\u00f8rrelser | Tibladin\" \/>\n<meta property=\"og:description\" content=\"Marokkansk puf i lys naturl\u00e6der. 50x50 cm. Med ekstra syninger for en god holdbarhed. Fyldt p\u00e5 forh\u00e5nd \u21d2 Stort udvalg\u21d2 K\u00f8b her!\" \/>\n<meta property=\"og:url\" content=\"https:\/\/tibladin.dk\/fr\/produit-4\/pouf-en-cuir-naturel-clair-modele-haut\/\" \/>\n<meta property=\"og:site_name\" content=\"Tibladin\" \/>\n<meta property=\"article:modified_time\" content=\"2026-02-09T09:19:30+00:00\" \/>\n<meta property=\"og:image\" content=\"https:\/\/tibladin.dk\/wp-content\/uploads\/2022\/09\/Puf-naturfarvet-hoej.png\" \/>\n\t<meta property=\"og:image:width\" content=\"800\" \/>\n\t<meta property=\"og:image:height\" content=\"800\" \/>\n\t<meta property=\"og:image:type\" content=\"image\/png\" \/>\n<meta name=\"twitter:card\" content=\"summary_large_image\" \/>\n<meta name=\"twitter:label1\" content=\"Dur\u00e9e de lecture estim\u00e9e\" \/>\n\t<meta name=\"twitter:data1\" content=\"2 minutes\" \/>\n<script type=\"application\/ld+json\" class=\"yoast-schema-graph\">{\"@context\":\"https:\\\/\\\/schema.org\",\"@graph\":[{\"@type\":\"WebPage\",\"@id\":\"https:\\\/\\\/tibladin.dk\\\/produkt\\\/puf-i-lys-naturlaeder-hoej-model\\\/\",\"url\":\"https:\\\/\\\/tibladin.dk\\\/produkt\\\/puf-i-lys-naturlaeder-hoej-model\\\/\",\"name\":\"Marokkansk puf | Lys naturl\u00e6der| F\u00e5es i flere st\u00f8rrelser | Tibladin\",\"isPartOf\":{\"@id\":\"https:\\\/\\\/tibladin.dk\\\/#website\"},\"primaryImageOfPage\":{\"@id\":\"https:\\\/\\\/tibladin.dk\\\/produkt\\\/puf-i-lys-naturlaeder-hoej-model\\\/#primaryimage\"},\"image\":{\"@id\":\"https:\\\/\\\/tibladin.dk\\\/produkt\\\/puf-i-lys-naturlaeder-hoej-model\\\/#primaryimage\"},\"thumbnailUrl\":\"https:\\\/\\\/tibladin.dk\\\/wp-content\\\/uploads\\\/2022\\\/09\\\/Puf-naturfarvet-hoej.png\",\"datePublished\":\"2022-09-20T09:18:40+00:00\",\"dateModified\":\"2026-02-09T09:19:30+00:00\",\"description\":\"Marokkansk puf i lys naturl\u00e6der. 50x50 cm. Med ekstra syninger for en god holdbarhed. Fyldt p\u00e5 forh\u00e5nd \u21d2 Stort udvalg\u21d2 K\u00f8b her!\",\"breadcrumb\":{\"@id\":\"https:\\\/\\\/tibladin.dk\\\/produkt\\\/puf-i-lys-naturlaeder-hoej-model\\\/#breadcrumb\"},\"inLanguage\":\"fr-FR\",\"potentialAction\":[{\"@type\":\"ReadAction\",\"target\":[\"https:\\\/\\\/tibladin.dk\\\/produkt\\\/puf-i-lys-naturlaeder-hoej-model\\\/\"]}]},{\"@type\":\"ImageObject\",\"inLanguage\":\"fr-FR\",\"@id\":\"https:\\\/\\\/tibladin.dk\\\/produkt\\\/puf-i-lys-naturlaeder-hoej-model\\\/#primaryimage\",\"url\":\"https:\\\/\\\/tibladin.dk\\\/wp-content\\\/uploads\\\/2022\\\/09\\\/Puf-naturfarvet-hoej.png\",\"contentUrl\":\"https:\\\/\\\/tibladin.dk\\\/wp-content\\\/uploads\\\/2022\\\/09\\\/Puf-naturfarvet-hoej.png\",\"width\":800,\"height\":800,\"caption\":\"Lys naturfarvet puf h\u00f8j model\"},{\"@type\":\"BreadcrumbList\",\"@id\":\"https:\\\/\\\/tibladin.dk\\\/produkt\\\/puf-i-lys-naturlaeder-hoej-model\\\/#breadcrumb\",\"itemListElement\":[{\"@type\":\"ListItem\",\"position\":1,\"name\":\"Hjem\",\"item\":\"https:\\\/\\\/tibladin.dk\\\/\"},{\"@type\":\"ListItem\",\"position\":2,\"name\":\"Shop\",\"item\":\"https:\\\/\\\/tibladin.dk\\\/shop\\\/\"},{\"@type\":\"ListItem\",\"position\":3,\"name\":\"Puf i lys naturl\u00e6der h\u00f8j model\"}]},{\"@type\":\"WebSite\",\"@id\":\"https:\\\/\\\/tibladin.dk\\\/#website\",\"url\":\"https:\\\/\\\/tibladin.dk\\\/\",\"name\":\"Tibladin\",\"description\":\"Tibladin\",\"publisher\":{\"@id\":\"https:\\\/\\\/tibladin.dk\\\/#organization\"},\"potentialAction\":[{\"@type\":\"SearchAction\",\"target\":{\"@type\":\"EntryPoint\",\"urlTemplate\":\"https:\\\/\\\/tibladin.dk\\\/?s={search_term_string}\"},\"query-input\":{\"@type\":\"PropertyValueSpecification\",\"valueRequired\":true,\"valueName\":\"search_term_string\"}}],\"inLanguage\":\"fr-FR\"},{\"@type\":\"Organization\",\"@id\":\"https:\\\/\\\/tibladin.dk\\\/#organization\",\"name\":\"Tibladin\",\"url\":\"https:\\\/\\\/tibladin.dk\\\/\",\"logo\":{\"@type\":\"ImageObject\",\"inLanguage\":\"fr-FR\",\"@id\":\"https:\\\/\\\/tibladin.dk\\\/#\\\/schema\\\/logo\\\/image\\\/\",\"url\":\"https:\\\/\\\/tibladin.dk\\\/wp-content\\\/uploads\\\/2022\\\/09\\\/tibladin_logo.svg\",\"contentUrl\":\"https:\\\/\\\/tibladin.dk\\\/wp-content\\\/uploads\\\/2022\\\/09\\\/tibladin_logo.svg\",\"caption\":\"Tibladin\"},\"image\":{\"@id\":\"https:\\\/\\\/tibladin.dk\\\/#\\\/schema\\\/logo\\\/image\\\/\"}}]}<\/script>\n<!-- \/ Yoast SEO plugin. -->","yoast_head_json":{"title":"Pouf marocain | Cuir naturel clair| Disponible en plusieurs tailles | Tibladine","description":"Pouf marocain en cuir naturel clair. 50x50cm. Avec coutures suppl\u00e9mentaires pour une bonne durabilit\u00e9. Rempli \u00e0 l&#039;avance \u21d2 Grand choix \u21d2 Achetez ici !","robots":{"index":"index","follow":"follow","max-snippet":"max-snippet:-1","max-image-preview":"max-image-preview:large","max-video-preview":"max-video-preview:-1"},"canonical":"https:\/\/tibladin.dk\/fr\/produit-4\/pouf-en-cuir-naturel-clair-modele-haut\/","og_locale":"fr_FR","og_type":"article","og_title":"Marokkansk puf | Lys naturl\u00e6der| F\u00e5es i flere st\u00f8rrelser | Tibladin","og_description":"Marokkansk puf i lys naturl\u00e6der. 50x50 cm. Med ekstra syninger for en god holdbarhed. Fyldt p\u00e5 forh\u00e5nd \u21d2 Stort udvalg\u21d2 K\u00f8b her!","og_url":"https:\/\/tibladin.dk\/fr\/produit-4\/pouf-en-cuir-naturel-clair-modele-haut\/","og_site_name":"Tibladin","article_modified_time":"2026-02-09T09:19:30+00:00","og_image":[{"width":800,"height":800,"url":"https:\/\/tibladin.dk\/wp-content\/uploads\/2022\/09\/Puf-naturfarvet-hoej.png","type":"image\/png"}],"twitter_card":"summary_large_image","twitter_misc":{"Dur\u00e9e de lecture estim\u00e9e":"2 minutes"},"schema":{"@context":"https:\/\/schema.org","@graph":[{"@type":"WebPage","@id":"https:\/\/tibladin.dk\/produkt\/puf-i-lys-naturlaeder-hoej-model\/","url":"https:\/\/tibladin.dk\/produkt\/puf-i-lys-naturlaeder-hoej-model\/","name":"Pouf marocain | Cuir naturel clair| Disponible en plusieurs tailles | Tibladine","isPartOf":{"@id":"https:\/\/tibladin.dk\/#website"},"primaryImageOfPage":{"@id":"https:\/\/tibladin.dk\/produkt\/puf-i-lys-naturlaeder-hoej-model\/#primaryimage"},"image":{"@id":"https:\/\/tibladin.dk\/produkt\/puf-i-lys-naturlaeder-hoej-model\/#primaryimage"},"thumbnailUrl":"https:\/\/tibladin.dk\/wp-content\/uploads\/2022\/09\/Puf-naturfarvet-hoej.png","datePublished":"2022-09-20T09:18:40+00:00","dateModified":"2026-02-09T09:19:30+00:00","description":"Pouf marocain en cuir naturel clair. 50x50cm. Avec coutures suppl\u00e9mentaires pour une bonne durabilit\u00e9. Rempli \u00e0 l&#039;avance \u21d2 Grand choix \u21d2 Achetez ici !","breadcrumb":{"@id":"https:\/\/tibladin.dk\/produkt\/puf-i-lys-naturlaeder-hoej-model\/#breadcrumb"},"inLanguage":"fr-FR","potentialAction":[{"@type":"ReadAction","target":["https:\/\/tibladin.dk\/produkt\/puf-i-lys-naturlaeder-hoej-model\/"]}]},{"@type":"ImageObject","inLanguage":"fr-FR","@id":"https:\/\/tibladin.dk\/produkt\/puf-i-lys-naturlaeder-hoej-model\/#primaryimage","url":"https:\/\/tibladin.dk\/wp-content\/uploads\/2022\/09\/Puf-naturfarvet-hoej.png","contentUrl":"https:\/\/tibladin.dk\/wp-content\/uploads\/2022\/09\/Puf-naturfarvet-hoej.png","width":800,"height":800,"caption":"Lys naturfarvet puf h\u00f8j model"},{"@type":"BreadcrumbList","@id":"https:\/\/tibladin.dk\/produkt\/puf-i-lys-naturlaeder-hoej-model\/#breadcrumb","itemListElement":[{"@type":"ListItem","position":1,"name":"Hjem","item":"https:\/\/tibladin.dk\/"},{"@type":"ListItem","position":2,"name":"Shop","item":"https:\/\/tibladin.dk\/shop\/"},{"@type":"ListItem","position":3,"name":"Puf i lys naturl\u00e6der h\u00f8j model"}]},{"@type":"WebSite","@id":"https:\/\/tibladin.dk\/#website","url":"https:\/\/tibladin.dk\/","name":"Tibladin","description":"Tibladin","publisher":{"@id":"https:\/\/tibladin.dk\/#organization"},"potentialAction":[{"@type":"SearchAction","target":{"@type":"EntryPoint","urlTemplate":"https:\/\/tibladin.dk\/?s={search_term_string}"},"query-input":{"@type":"PropertyValueSpecification","valueRequired":true,"valueName":"search_term_string"}}],"inLanguage":"fr-FR"},{"@type":"Organization","@id":"https:\/\/tibladin.dk\/#organization","name":"Tibladin","url":"https:\/\/tibladin.dk\/","logo":{"@type":"ImageObject","inLanguage":"fr-FR","@id":"https:\/\/tibladin.dk\/#\/schema\/logo\/image\/","url":"https:\/\/tibladin.dk\/wp-content\/uploads\/2022\/09\/tibladin_logo.svg","contentUrl":"https:\/\/tibladin.dk\/wp-content\/uploads\/2022\/09\/tibladin_logo.svg","caption":"Tibladin"},"image":{"@id":"https:\/\/tibladin.dk\/#\/schema\/logo\/image\/"}}]}},"_links":{"self":[{"href":"https:\/\/tibladin.dk\/fr\/wp-json\/wp\/v2\/product\/2727","targetHints":{"allow":["GET"]}}],"collection":[{"href":"https:\/\/tibladin.dk\/fr\/wp-json\/wp\/v2\/product"}],"about":[{"href":"https:\/\/tibladin.dk\/fr\/wp-json\/wp\/v2\/types\/product"}],"wp:featuredmedia":[{"embeddable":true,"href":"https:\/\/tibladin.dk\/fr\/wp-json\/wp\/v2\/media\/3854"}],"wp:attachment":[{"href":"https:\/\/tibladin.dk\/fr\/wp-json\/wp\/v2\/media?parent=2727"}],"wp:term":[{"taxonomy":"product_brand","embeddable":true,"href":"https:\/\/tibladin.dk\/fr\/wp-json\/wp\/v2\/product_brand?post=2727"},{"taxonomy":"product_cat","embeddable":true,"href":"https:\/\/tibladin.dk\/fr\/wp-json\/wp\/v2\/product_cat?post=2727"},{"taxonomy":"product_tag","embeddable":true,"href":"https:\/\/tibladin.dk\/fr\/wp-json\/wp\/v2\/product_tag?post=2727"}],"curies":[{"name":"wp","href":"https:\/\/api.w.org\/{rel}","templated":true}]}}