{"id":285,"date":"2022-09-20T11:00:30","date_gmt":"2022-09-20T09:00:30","guid":{"rendered":"https:\/\/tibladin.dk\/?post_type=product&#038;p=285"},"modified":"2025-07-23T13:46:16","modified_gmt":"2025-07-23T11:46:16","slug":"filet-au-crochet","status":"publish","type":"product","link":"https:\/\/tibladin.dk\/fr\/produkt\/haeklet-net\/","title":{"rendered":"Filet au crochet"},"content":{"rendered":"<div class=\"wpb-content-wrapper\"><div class=\"vc_row wpb_row vc_row-fluid\"><div class=\"wpb_column vc_column_container vc_col-sm-4\"><div class=\"vc_column-inner\"><div class=\"wpb_wrapper\">\n\t<div class=\"wpb_video_widget wpb_content_element vc_clearfix   vc_video-aspect-ratio-43 vc_video-el-width-100 vc_video-align-left\" >\n\t\t<div class=\"wpb_wrapper\">\n\t\t\t\n\t\t\t<div class=\"wpb_video_wrapper\"><div class=\"video-container\"><iframe loading=\"lazy\" title=\"Coop\u00e9rative des femmes Marrakech\" src=\"https:\/\/player.vimeo.com\/video\/416218536?dnt=1&amp;app_id=122963\" width=\"500\" height=\"281\" frameborder=\"0\" allow=\"autoplay; fullscreen; picture-in-picture\"><\/iframe><\/div><\/div>\n\t\t<\/div>\n\t<\/div>\n<\/div><\/div><\/div><div class=\"wpb_column vc_column_container vc_col-sm-4\"><div class=\"vc_column-inner\"><div class=\"wpb_wrapper\"><h3 style=\"text-align: left;font-family:Abril Fatface;font-weight:400;font-style:normal\" class=\"vc_custom_heading vc_do_custom_heading\" >Entretien<\/h3>\n\t<div class=\"wpb_text_column wpb_content_element\" >\n\t\t<div class=\"wpb_wrapper\">\n\t\t\t<p>Les filets peuvent \u00eatre lav\u00e9s en machine \u00e0 40 degr\u00e9s. Ils peuvent r\u00e9tr\u00e9cir un peu au lavage.<\/p>\n<p>Les mesures sont indicatives, comme elles sont faites \u00e0 la main, elles ne font pas toutes exactement la m\u00eame taille.<\/p>\n\n\t\t<\/div>\n\t<\/div>\n<\/div><\/div><\/div><div class=\"wpb_column vc_column_container vc_col-sm-4\"><div class=\"vc_column-inner\"><div class=\"wpb_wrapper\"><h3 style=\"text-align: left;font-family:Abril Fatface;font-weight:400;font-style:normal\" class=\"vc_custom_heading vc_do_custom_heading\" >L&#039;histoire derri\u00e8re<\/h3>\n\t<div class=\"wpb_text_column wpb_content_element\" >\n\t\t<div class=\"wpb_wrapper\">\n\t\t\t<p>Il est devenu tr\u00e8s \u00e0 la mode de porter des filets et de pr\u00e9f\u00e9rence \u00e0 grosses mailles, pour que le filet devienne une petite vitrine pour ce que l&#039;on a dans son sac. Les moustiquaires sont non seulement fabriqu\u00e9es \u00e0 partir de mat\u00e9riaux durables, mais encouragent \u00e9galement un mode de vie plus durable. Remplacez le sac en plastique par un filet r\u00e9utilisable. Utilisez-le pour vos courses, pour la plage, pour vos v\u00eatements d&#039;entra\u00eenement ou comme sac lorsque vous sortez.<\/p>\n<p>Les filets sont crochet\u00e9s main \u00e0 gros points et dans une mati\u00e8re tr\u00e8s r\u00e9sistante. Cela rend le processus assez difficile, mais les femmes qui ont fabriqu\u00e9 les filets dans une coop\u00e9rative de femmes au sud de Marrakech au Maroc sont comp\u00e9tentes et ont de nombreuses ann\u00e9es d&#039;exp\u00e9rience dans le domaine des travaux d&#039;aiguille de qualit\u00e9.<\/p>\n\n\t\t<\/div>\n\t<\/div>\n<\/div><\/div><\/div><\/div>\n<\/div>","protected":false},"excerpt":{"rendered":"<p>Les filets crochet\u00e9s \u00e0 la main sont disponibles en 4 couleurs diff\u00e9rentes : or, blanc, noir et bleu et peuvent \u00eatre utilis\u00e9s comme filets de plage, filets de courses ou pour vos v\u00eatements de sport.<\/p>\n<p>Il est facile \u00e0 plier et \u00e0 mettre dans le sac, de sorte que vous ayez toujours un filet \u00e0 port\u00e9e de main et \u00e9conomisez sur le sac en plastique.<\/p>\n<p>Mesure env. 50 x 50 cm - les mesures sont indicatives car il s&#039;agit de cr\u00e9ations uniques et il peut y avoir des variations de taille.<\/p>","protected":false},"featured_media":292,"template":"","meta":{"inline_featured_image":false},"product_brand":[],"product_cat":[27,29,31,32],"product_tag":[],"class_list":{"0":"post-285","1":"product","2":"type-product","3":"status-publish","4":"has-post-thumbnail","6":"product_cat-diverse","7":"product_cat-gaven-til-den-unge-pige","8":"product_cat-tasker","9":"product_cat-tilbud","11":"first","12":"instock","13":"sale","14":"taxable","15":"shipping-taxable","16":"purchasable","17":"product-type-variable"},"exclude_global_add_ons":false,"addons":[{"name":"Vous souhaitez un emballage cadeau ?","type":"checkbox","position":0,"required":false,"title_format":"label","default":"","description_enable":false,"description":"","placeholder_enable":false,"placeholder":"","display":"images","restrictions_type":"any_text","adjust_price":false,"price":"","price_type":"flat_fee","restrictions":false,"min":"0","max":"0","options":[{"label":"Ja tak","price":"10","price_type":"flat_fee","image":11015,"visibility":true}],"id":1669646111}],"yoast_head":"<!-- This site is optimized with the Yoast SEO plugin v27.4 - https:\/\/yoast.com\/product\/yoast-seo-wordpress\/ -->\n<title>H\u00e5ndh\u00e6klet net af 100% bomuldsgarn - Tibladin<\/title>\n<meta name=\"description\" content=\"H\u00e5ndh\u00e6klede net i 100% bomuldsgarn udviklet i Marrakesh i Marokko. Nettene f\u00e5es i 4 forskellige farver: guld, hvid, sort og bl\u00e5.\" \/>\n<meta name=\"robots\" content=\"index, follow, max-snippet:-1, max-image-preview:large, max-video-preview:-1\" \/>\n<link rel=\"canonical\" href=\"https:\/\/tibladin.dk\/fr\/produit-4\/filet-au-crochet\/\" \/>\n<meta property=\"og:locale\" content=\"fr_FR\" \/>\n<meta property=\"og:type\" content=\"article\" \/>\n<meta property=\"og:title\" content=\"H\u00e5ndh\u00e6klet net af 100% bomuldsgarn - Tibladin\" \/>\n<meta property=\"og:description\" content=\"H\u00e5ndh\u00e6klede net i 100% bomuldsgarn udviklet i Marrakesh i Marokko. Nettene f\u00e5es i 4 forskellige farver: guld, hvid, sort og bl\u00e5.\" \/>\n<meta property=\"og:url\" content=\"https:\/\/tibladin.dk\/fr\/produit-4\/filet-au-crochet\/\" \/>\n<meta property=\"og:site_name\" content=\"Tibladin\" \/>\n<meta property=\"article:modified_time\" content=\"2025-07-23T11:46:16+00:00\" \/>\n<meta property=\"og:image\" content=\"https:\/\/tibladin.dk\/wp-content\/uploads\/2022\/09\/Tibladin_marokkansk-haeklet-net_guld_800x800-1.jpg\" \/>\n\t<meta property=\"og:image:width\" content=\"800\" \/>\n\t<meta property=\"og:image:height\" content=\"800\" \/>\n\t<meta property=\"og:image:type\" content=\"image\/jpeg\" \/>\n<meta name=\"twitter:card\" content=\"summary_large_image\" \/>\n<meta name=\"twitter:label1\" content=\"Dur\u00e9e de lecture estim\u00e9e\" \/>\n\t<meta name=\"twitter:data1\" content=\"2 minutes\" \/>\n<script type=\"application\/ld+json\" class=\"yoast-schema-graph\">{\"@context\":\"https:\\\/\\\/schema.org\",\"@graph\":[{\"@type\":\"WebPage\",\"@id\":\"https:\\\/\\\/tibladin.dk\\\/produkt\\\/haeklet-net\\\/\",\"url\":\"https:\\\/\\\/tibladin.dk\\\/produkt\\\/haeklet-net\\\/\",\"name\":\"H\u00e5ndh\u00e6klet net af 100% bomuldsgarn - Tibladin\",\"isPartOf\":{\"@id\":\"https:\\\/\\\/tibladin.dk\\\/#website\"},\"primaryImageOfPage\":{\"@id\":\"https:\\\/\\\/tibladin.dk\\\/produkt\\\/haeklet-net\\\/#primaryimage\"},\"image\":{\"@id\":\"https:\\\/\\\/tibladin.dk\\\/produkt\\\/haeklet-net\\\/#primaryimage\"},\"thumbnailUrl\":\"https:\\\/\\\/tibladin.dk\\\/wp-content\\\/uploads\\\/2022\\\/09\\\/Tibladin_marokkansk-haeklet-net_guld_800x800-1.jpg\",\"datePublished\":\"2022-09-20T09:00:30+00:00\",\"dateModified\":\"2025-07-23T11:46:16+00:00\",\"description\":\"H\u00e5ndh\u00e6klede net i 100% bomuldsgarn udviklet i Marrakesh i Marokko. Nettene f\u00e5es i 4 forskellige farver: guld, hvid, sort og bl\u00e5.\",\"breadcrumb\":{\"@id\":\"https:\\\/\\\/tibladin.dk\\\/produkt\\\/haeklet-net\\\/#breadcrumb\"},\"inLanguage\":\"fr-FR\",\"potentialAction\":[{\"@type\":\"ReadAction\",\"target\":[\"https:\\\/\\\/tibladin.dk\\\/produkt\\\/haeklet-net\\\/\"]}]},{\"@type\":\"ImageObject\",\"inLanguage\":\"fr-FR\",\"@id\":\"https:\\\/\\\/tibladin.dk\\\/produkt\\\/haeklet-net\\\/#primaryimage\",\"url\":\"https:\\\/\\\/tibladin.dk\\\/wp-content\\\/uploads\\\/2022\\\/09\\\/Tibladin_marokkansk-haeklet-net_guld_800x800-1.jpg\",\"contentUrl\":\"https:\\\/\\\/tibladin.dk\\\/wp-content\\\/uploads\\\/2022\\\/09\\\/Tibladin_marokkansk-haeklet-net_guld_800x800-1.jpg\",\"width\":800,\"height\":800,\"caption\":\"Model der holder h\u00e6klet net\"},{\"@type\":\"BreadcrumbList\",\"@id\":\"https:\\\/\\\/tibladin.dk\\\/produkt\\\/haeklet-net\\\/#breadcrumb\",\"itemListElement\":[{\"@type\":\"ListItem\",\"position\":1,\"name\":\"Hjem\",\"item\":\"https:\\\/\\\/tibladin.dk\\\/\"},{\"@type\":\"ListItem\",\"position\":2,\"name\":\"Shop\",\"item\":\"https:\\\/\\\/tibladin.dk\\\/shop\\\/\"},{\"@type\":\"ListItem\",\"position\":3,\"name\":\"H\u00e6klet net\"}]},{\"@type\":\"WebSite\",\"@id\":\"https:\\\/\\\/tibladin.dk\\\/#website\",\"url\":\"https:\\\/\\\/tibladin.dk\\\/\",\"name\":\"Tibladin\",\"description\":\"Tibladin\",\"publisher\":{\"@id\":\"https:\\\/\\\/tibladin.dk\\\/#organization\"},\"potentialAction\":[{\"@type\":\"SearchAction\",\"target\":{\"@type\":\"EntryPoint\",\"urlTemplate\":\"https:\\\/\\\/tibladin.dk\\\/?s={search_term_string}\"},\"query-input\":{\"@type\":\"PropertyValueSpecification\",\"valueRequired\":true,\"valueName\":\"search_term_string\"}}],\"inLanguage\":\"fr-FR\"},{\"@type\":\"Organization\",\"@id\":\"https:\\\/\\\/tibladin.dk\\\/#organization\",\"name\":\"Tibladin\",\"url\":\"https:\\\/\\\/tibladin.dk\\\/\",\"logo\":{\"@type\":\"ImageObject\",\"inLanguage\":\"fr-FR\",\"@id\":\"https:\\\/\\\/tibladin.dk\\\/#\\\/schema\\\/logo\\\/image\\\/\",\"url\":\"https:\\\/\\\/tibladin.dk\\\/wp-content\\\/uploads\\\/2022\\\/09\\\/tibladin_logo.svg\",\"contentUrl\":\"https:\\\/\\\/tibladin.dk\\\/wp-content\\\/uploads\\\/2022\\\/09\\\/tibladin_logo.svg\",\"caption\":\"Tibladin\"},\"image\":{\"@id\":\"https:\\\/\\\/tibladin.dk\\\/#\\\/schema\\\/logo\\\/image\\\/\"}}]}<\/script>\n<!-- \/ Yoast SEO plugin. -->","yoast_head_json":{"title":"Filet crochet\u00e9 main en fil de coton 100% - Tibladin","description":"Filets crochet\u00e9s main en fil de coton 100% d\u00e9velopp\u00e9 \u00e0 Marrakech au Maroc. Les filets sont disponibles en 4 couleurs diff\u00e9rentes : or, blanc, noir et bleu.","robots":{"index":"index","follow":"follow","max-snippet":"max-snippet:-1","max-image-preview":"max-image-preview:large","max-video-preview":"max-video-preview:-1"},"canonical":"https:\/\/tibladin.dk\/fr\/produit-4\/filet-au-crochet\/","og_locale":"fr_FR","og_type":"article","og_title":"H\u00e5ndh\u00e6klet net af 100% bomuldsgarn - Tibladin","og_description":"H\u00e5ndh\u00e6klede net i 100% bomuldsgarn udviklet i Marrakesh i Marokko. Nettene f\u00e5es i 4 forskellige farver: guld, hvid, sort og bl\u00e5.","og_url":"https:\/\/tibladin.dk\/fr\/produit-4\/filet-au-crochet\/","og_site_name":"Tibladin","article_modified_time":"2025-07-23T11:46:16+00:00","og_image":[{"width":800,"height":800,"url":"https:\/\/tibladin.dk\/wp-content\/uploads\/2022\/09\/Tibladin_marokkansk-haeklet-net_guld_800x800-1.jpg","type":"image\/jpeg"}],"twitter_card":"summary_large_image","twitter_misc":{"Dur\u00e9e de lecture estim\u00e9e":"2 minutes"},"schema":{"@context":"https:\/\/schema.org","@graph":[{"@type":"WebPage","@id":"https:\/\/tibladin.dk\/produkt\/haeklet-net\/","url":"https:\/\/tibladin.dk\/produkt\/haeklet-net\/","name":"Filet crochet\u00e9 main en fil de coton 100% - Tibladin","isPartOf":{"@id":"https:\/\/tibladin.dk\/#website"},"primaryImageOfPage":{"@id":"https:\/\/tibladin.dk\/produkt\/haeklet-net\/#primaryimage"},"image":{"@id":"https:\/\/tibladin.dk\/produkt\/haeklet-net\/#primaryimage"},"thumbnailUrl":"https:\/\/tibladin.dk\/wp-content\/uploads\/2022\/09\/Tibladin_marokkansk-haeklet-net_guld_800x800-1.jpg","datePublished":"2022-09-20T09:00:30+00:00","dateModified":"2025-07-23T11:46:16+00:00","description":"Filets crochet\u00e9s main en fil de coton 100% d\u00e9velopp\u00e9 \u00e0 Marrakech au Maroc. Les filets sont disponibles en 4 couleurs diff\u00e9rentes : or, blanc, noir et bleu.","breadcrumb":{"@id":"https:\/\/tibladin.dk\/produkt\/haeklet-net\/#breadcrumb"},"inLanguage":"fr-FR","potentialAction":[{"@type":"ReadAction","target":["https:\/\/tibladin.dk\/produkt\/haeklet-net\/"]}]},{"@type":"ImageObject","inLanguage":"fr-FR","@id":"https:\/\/tibladin.dk\/produkt\/haeklet-net\/#primaryimage","url":"https:\/\/tibladin.dk\/wp-content\/uploads\/2022\/09\/Tibladin_marokkansk-haeklet-net_guld_800x800-1.jpg","contentUrl":"https:\/\/tibladin.dk\/wp-content\/uploads\/2022\/09\/Tibladin_marokkansk-haeklet-net_guld_800x800-1.jpg","width":800,"height":800,"caption":"Model der holder h\u00e6klet net"},{"@type":"BreadcrumbList","@id":"https:\/\/tibladin.dk\/produkt\/haeklet-net\/#breadcrumb","itemListElement":[{"@type":"ListItem","position":1,"name":"Hjem","item":"https:\/\/tibladin.dk\/"},{"@type":"ListItem","position":2,"name":"Shop","item":"https:\/\/tibladin.dk\/shop\/"},{"@type":"ListItem","position":3,"name":"H\u00e6klet net"}]},{"@type":"WebSite","@id":"https:\/\/tibladin.dk\/#website","url":"https:\/\/tibladin.dk\/","name":"Tibladin","description":"Tibladin","publisher":{"@id":"https:\/\/tibladin.dk\/#organization"},"potentialAction":[{"@type":"SearchAction","target":{"@type":"EntryPoint","urlTemplate":"https:\/\/tibladin.dk\/?s={search_term_string}"},"query-input":{"@type":"PropertyValueSpecification","valueRequired":true,"valueName":"search_term_string"}}],"inLanguage":"fr-FR"},{"@type":"Organization","@id":"https:\/\/tibladin.dk\/#organization","name":"Tibladin","url":"https:\/\/tibladin.dk\/","logo":{"@type":"ImageObject","inLanguage":"fr-FR","@id":"https:\/\/tibladin.dk\/#\/schema\/logo\/image\/","url":"https:\/\/tibladin.dk\/wp-content\/uploads\/2022\/09\/tibladin_logo.svg","contentUrl":"https:\/\/tibladin.dk\/wp-content\/uploads\/2022\/09\/tibladin_logo.svg","caption":"Tibladin"},"image":{"@id":"https:\/\/tibladin.dk\/#\/schema\/logo\/image\/"}}]}},"_links":{"self":[{"href":"https:\/\/tibladin.dk\/fr\/wp-json\/wp\/v2\/product\/285","targetHints":{"allow":["GET"]}}],"collection":[{"href":"https:\/\/tibladin.dk\/fr\/wp-json\/wp\/v2\/product"}],"about":[{"href":"https:\/\/tibladin.dk\/fr\/wp-json\/wp\/v2\/types\/product"}],"wp:featuredmedia":[{"embeddable":true,"href":"https:\/\/tibladin.dk\/fr\/wp-json\/wp\/v2\/media\/292"}],"wp:attachment":[{"href":"https:\/\/tibladin.dk\/fr\/wp-json\/wp\/v2\/media?parent=285"}],"wp:term":[{"taxonomy":"product_brand","embeddable":true,"href":"https:\/\/tibladin.dk\/fr\/wp-json\/wp\/v2\/product_brand?post=285"},{"taxonomy":"product_cat","embeddable":true,"href":"https:\/\/tibladin.dk\/fr\/wp-json\/wp\/v2\/product_cat?post=285"},{"taxonomy":"product_tag","embeddable":true,"href":"https:\/\/tibladin.dk\/fr\/wp-json\/wp\/v2\/product_tag?post=285"}],"curies":[{"name":"wp","href":"https:\/\/api.w.org\/{rel}","templated":true}]}}