{"id":287,"date":"2022-09-20T11:00:30","date_gmt":"2022-09-20T09:00:30","guid":{"rendered":"https:\/\/tibladin.dk\/?post_type=product&#038;p=287"},"modified":"2026-04-30T11:52:17","modified_gmt":"2026-04-30T09:52:17","slug":"sac-depaule","status":"publish","type":"product","link":"https:\/\/tibladin.dk\/fr\/produkt\/skuldertaske\/","title":{"rendered":"Sac d&#039;\u00e9paule"},"content":{"rendered":"<div class=\"wpb-content-wrapper\"><div class=\"vc_row wpb_row vc_row-fluid\"><div class=\"wpb_column vc_column_container vc_col-sm-4\"><div class=\"vc_column-inner\"><div class=\"wpb_wrapper\">\n\t<div class=\"wpb_video_widget wpb_content_element vc_clearfix   vc_video-aspect-ratio-43 vc_video-el-width-100 vc_video-align-left\" >\n\t\t<div class=\"wpb_wrapper\">\n\t\t\t\n\t\t\t<div class=\"wpb_video_wrapper\"><div class=\"video-container\"><iframe loading=\"lazy\" title=\"Coop\u00e9rative des femmes Marrakech\" src=\"https:\/\/player.vimeo.com\/video\/416218536?dnt=1&amp;app_id=122963\" width=\"500\" height=\"281\" frameborder=\"0\" allow=\"autoplay; fullscreen; picture-in-picture\"><\/iframe><\/div><\/div>\n\t\t<\/div>\n\t<\/div>\n<\/div><\/div><\/div><div class=\"wpb_column vc_column_container vc_col-sm-4\"><div class=\"vc_column-inner\"><div class=\"wpb_wrapper\"><h3 style=\"text-align: left\" class=\"vc_custom_heading vc_do_custom_heading\" >Entretien<\/h3>\n\t<div class=\"wpb_text_column wpb_content_element\" >\n\t\t<div class=\"wpb_wrapper\">\n\t\t\t<p>Les anches de nettoyage peuvent \u00eatre aspir\u00e9es. Le cuir peut \u00eatre enduit de graisse pour cuir.<\/p>\n<p>Les sacs sont uniques et fabriqu\u00e9s \u00e0 la main, de petites imperfections peuvent appara\u00eetre qui ne sont que charmantes.<\/p>\n\n\t\t<\/div>\n\t<\/div>\n<\/div><\/div><\/div><div class=\"wpb_column vc_column_container vc_col-sm-4\"><div class=\"vc_column-inner\"><div class=\"wpb_wrapper\"><h3 style=\"text-align: left\" class=\"vc_custom_heading vc_do_custom_heading\" >L&#039;histoire derri\u00e8re<\/h3>\n\t<div class=\"wpb_text_column wpb_content_element\" >\n\t\t<div class=\"wpb_wrapper\">\n\t\t\t<p>Un joli sac peut pimenter votre tenue. J&#039;ai craqu\u00e9 pour ces d\u00e9licieux sacs fabriqu\u00e9s dans une mati\u00e8re solide en roseau durable et un cuir de bonne qualit\u00e9. Doubl\u00e9 de tissu pour une meilleure protection de vos affaires. Un portefeuille est inclus avec le sac.<\/p>\n<p>Les taxis sont fabriqu\u00e9s \u00e0 la main par les femmes d&#039;une coop\u00e9rative de femmes au sud de Marrakech, o\u00f9 des fanatiques ont consacr\u00e9 leur vie \u00e0 am\u00e9liorer le niveau de vie de nombreuses familles du petit village, en offrant aux femmes du travail et en m\u00eame temps en leur offrant un syst\u00e8me de soins et une \u00e9cole. pour les enfants des femmes.<\/p>\n\n\t\t<\/div>\n\t<\/div>\n<\/div><\/div><\/div><\/div>\n<\/div>","protected":false},"excerpt":{"rendered":"<p class=\"p1\"><span class=\"s1\">Sac \u00e0 bandouli\u00e8re fait main en roseau solide. Bordure et pompon en cuir de qualit\u00e9. Doubl\u00e9 \u00e0 l&#039;int\u00e9rieur de tissu en coton.<\/span><\/p>\n<p class=\"p1\"><span class=\"s1\">Disponible en marron ou noir, et un portefeuille est inclus avec le sac.<\/span><\/p>\n<p class=\"p1\"><span class=\"s1\">Sont magnifiques aussi bien pour la vie quotidienne que pour les f\u00eates ou une excursion \u00e0 la plage.<\/span><\/p>\n<p>&nbsp;<\/p>","protected":false},"featured_media":320,"template":"","meta":{"inline_featured_image":false},"product_brand":[],"product_cat":[27,35,36,31,32],"product_tag":[],"class_list":{"0":"post-287","1":"product","2":"type-product","3":"status-publish","4":"has-post-thumbnail","6":"product_cat-diverse","7":"product_cat-gaven-til-hende","8":"product_cat-gaver-til-under-500-kr","9":"product_cat-tasker","10":"product_cat-tilbud","12":"first","13":"instock","14":"sale","15":"taxable","16":"shipping-taxable","17":"purchasable","18":"product-type-variable"},"exclude_global_add_ons":false,"addons":[{"name":"Vous souhaitez un emballage cadeau ?","type":"checkbox","position":0,"required":false,"title_format":"label","default":"","description_enable":false,"description":"","placeholder_enable":false,"placeholder":"","display":"images","restrictions_type":"any_text","adjust_price":false,"price":"","price_type":"flat_fee","restrictions":false,"min":"0","max":"0","options":[{"label":"Ja tak","price":"10","price_type":"flat_fee","image":11015,"visibility":true}],"id":1669646111}],"yoast_head":"<!-- This site is optimized with the Yoast SEO plugin v27.5 - https:\/\/yoast.com\/product\/yoast-seo-wordpress\/ -->\n<title>H\u00e5ndlavet taske i siv og l\u00e6der med tilh\u00f8rende l\u00e6derpung - Tibladin<\/title>\n<meta name=\"description\" content=\"H\u00e5ndlavede tasker i siv og l\u00e6der med tilh\u00f8rende pung i en kraftig kvalitet. Foret med bomuldsstof.Taskerne f\u00e5es i 2 farver: sort og brun.\" \/>\n<meta name=\"robots\" content=\"index, follow, max-snippet:-1, max-image-preview:large, max-video-preview:-1\" \/>\n<link rel=\"canonical\" href=\"https:\/\/tibladin.dk\/fr\/produit-4\/sac-depaule\/\" \/>\n<meta property=\"og:locale\" content=\"fr_FR\" \/>\n<meta property=\"og:type\" content=\"article\" \/>\n<meta property=\"og:title\" content=\"H\u00e5ndlavet taske i siv og l\u00e6der med tilh\u00f8rende l\u00e6derpung - Tibladin\" \/>\n<meta property=\"og:description\" content=\"H\u00e5ndlavede tasker i siv og l\u00e6der med tilh\u00f8rende pung i en kraftig kvalitet. Foret med bomuldsstof.Taskerne f\u00e5es i 2 farver: sort og brun.\" \/>\n<meta property=\"og:url\" content=\"https:\/\/tibladin.dk\/fr\/produit-4\/sac-depaule\/\" \/>\n<meta property=\"og:site_name\" content=\"Tibladin\" \/>\n<meta property=\"article:modified_time\" content=\"2026-04-30T09:52:17+00:00\" \/>\n<meta property=\"og:image\" content=\"https:\/\/tibladin.dk\/wp-content\/uploads\/2022\/09\/Tibladin_taske-brun_strand_800x800-1.jpg\" \/>\n\t<meta property=\"og:image:width\" content=\"800\" \/>\n\t<meta property=\"og:image:height\" content=\"800\" \/>\n\t<meta property=\"og:image:type\" content=\"image\/jpeg\" \/>\n<meta name=\"twitter:card\" content=\"summary_large_image\" \/>\n<meta name=\"twitter:label1\" content=\"Dur\u00e9e de lecture estim\u00e9e\" \/>\n\t<meta name=\"twitter:data1\" content=\"2 minutes\" \/>\n<script type=\"application\/ld+json\" class=\"yoast-schema-graph\">{\"@context\":\"https:\\\/\\\/schema.org\",\"@graph\":[{\"@type\":\"WebPage\",\"@id\":\"https:\\\/\\\/tibladin.dk\\\/produkt\\\/skuldertaske\\\/\",\"url\":\"https:\\\/\\\/tibladin.dk\\\/produkt\\\/skuldertaske\\\/\",\"name\":\"H\u00e5ndlavet taske i siv og l\u00e6der med tilh\u00f8rende l\u00e6derpung - Tibladin\",\"isPartOf\":{\"@id\":\"https:\\\/\\\/tibladin.dk\\\/#website\"},\"primaryImageOfPage\":{\"@id\":\"https:\\\/\\\/tibladin.dk\\\/produkt\\\/skuldertaske\\\/#primaryimage\"},\"image\":{\"@id\":\"https:\\\/\\\/tibladin.dk\\\/produkt\\\/skuldertaske\\\/#primaryimage\"},\"thumbnailUrl\":\"https:\\\/\\\/tibladin.dk\\\/wp-content\\\/uploads\\\/2022\\\/09\\\/Tibladin_taske-brun_strand_800x800-1.jpg\",\"datePublished\":\"2022-09-20T09:00:30+00:00\",\"dateModified\":\"2026-04-30T09:52:17+00:00\",\"description\":\"H\u00e5ndlavede tasker i siv og l\u00e6der med tilh\u00f8rende pung i en kraftig kvalitet. Foret med bomuldsstof.Taskerne f\u00e5es i 2 farver: sort og brun.\",\"breadcrumb\":{\"@id\":\"https:\\\/\\\/tibladin.dk\\\/produkt\\\/skuldertaske\\\/#breadcrumb\"},\"inLanguage\":\"fr-FR\",\"potentialAction\":[{\"@type\":\"ReadAction\",\"target\":[\"https:\\\/\\\/tibladin.dk\\\/produkt\\\/skuldertaske\\\/\"]}]},{\"@type\":\"ImageObject\",\"inLanguage\":\"fr-FR\",\"@id\":\"https:\\\/\\\/tibladin.dk\\\/produkt\\\/skuldertaske\\\/#primaryimage\",\"url\":\"https:\\\/\\\/tibladin.dk\\\/wp-content\\\/uploads\\\/2022\\\/09\\\/Tibladin_taske-brun_strand_800x800-1.jpg\",\"contentUrl\":\"https:\\\/\\\/tibladin.dk\\\/wp-content\\\/uploads\\\/2022\\\/09\\\/Tibladin_taske-brun_strand_800x800-1.jpg\",\"width\":800,\"height\":800,\"caption\":\"marokkansk taske -Model der holder marokkansk skuldertaske - lysebrun\"},{\"@type\":\"BreadcrumbList\",\"@id\":\"https:\\\/\\\/tibladin.dk\\\/produkt\\\/skuldertaske\\\/#breadcrumb\",\"itemListElement\":[{\"@type\":\"ListItem\",\"position\":1,\"name\":\"Hjem\",\"item\":\"https:\\\/\\\/tibladin.dk\\\/\"},{\"@type\":\"ListItem\",\"position\":2,\"name\":\"Shop\",\"item\":\"https:\\\/\\\/tibladin.dk\\\/shop\\\/\"},{\"@type\":\"ListItem\",\"position\":3,\"name\":\"Skuldertaske\"}]},{\"@type\":\"WebSite\",\"@id\":\"https:\\\/\\\/tibladin.dk\\\/#website\",\"url\":\"https:\\\/\\\/tibladin.dk\\\/\",\"name\":\"Tibladin\",\"description\":\"Tibladin\",\"publisher\":{\"@id\":\"https:\\\/\\\/tibladin.dk\\\/#organization\"},\"potentialAction\":[{\"@type\":\"SearchAction\",\"target\":{\"@type\":\"EntryPoint\",\"urlTemplate\":\"https:\\\/\\\/tibladin.dk\\\/?s={search_term_string}\"},\"query-input\":{\"@type\":\"PropertyValueSpecification\",\"valueRequired\":true,\"valueName\":\"search_term_string\"}}],\"inLanguage\":\"fr-FR\"},{\"@type\":\"Organization\",\"@id\":\"https:\\\/\\\/tibladin.dk\\\/#organization\",\"name\":\"Tibladin\",\"url\":\"https:\\\/\\\/tibladin.dk\\\/\",\"logo\":{\"@type\":\"ImageObject\",\"inLanguage\":\"fr-FR\",\"@id\":\"https:\\\/\\\/tibladin.dk\\\/#\\\/schema\\\/logo\\\/image\\\/\",\"url\":\"https:\\\/\\\/tibladin.dk\\\/wp-content\\\/uploads\\\/2022\\\/09\\\/tibladin_logo.svg\",\"contentUrl\":\"https:\\\/\\\/tibladin.dk\\\/wp-content\\\/uploads\\\/2022\\\/09\\\/tibladin_logo.svg\",\"caption\":\"Tibladin\"},\"image\":{\"@id\":\"https:\\\/\\\/tibladin.dk\\\/#\\\/schema\\\/logo\\\/image\\\/\"}}]}<\/script>\n<!-- \/ Yoast SEO plugin. -->","yoast_head_json":{"title":"Sac fait main en roseaux et cuir avec portefeuille en cuir assorti - Tibladin","description":"Sacs faits \u00e0 la main en roseau et cuir avec portefeuille d&#039;accompagnement de qualit\u00e9 solide. Doubl\u00e9s de tissu en coton.Les sacs sont disponibles en 2 coloris : noir et marron.","robots":{"index":"index","follow":"follow","max-snippet":"max-snippet:-1","max-image-preview":"max-image-preview:large","max-video-preview":"max-video-preview:-1"},"canonical":"https:\/\/tibladin.dk\/fr\/produit-4\/sac-depaule\/","og_locale":"fr_FR","og_type":"article","og_title":"H\u00e5ndlavet taske i siv og l\u00e6der med tilh\u00f8rende l\u00e6derpung - Tibladin","og_description":"H\u00e5ndlavede tasker i siv og l\u00e6der med tilh\u00f8rende pung i en kraftig kvalitet. Foret med bomuldsstof.Taskerne f\u00e5es i 2 farver: sort og brun.","og_url":"https:\/\/tibladin.dk\/fr\/produit-4\/sac-depaule\/","og_site_name":"Tibladin","article_modified_time":"2026-04-30T09:52:17+00:00","og_image":[{"width":800,"height":800,"url":"https:\/\/tibladin.dk\/wp-content\/uploads\/2022\/09\/Tibladin_taske-brun_strand_800x800-1.jpg","type":"image\/jpeg"}],"twitter_card":"summary_large_image","twitter_misc":{"Dur\u00e9e de lecture estim\u00e9e":"2 minutes"},"schema":{"@context":"https:\/\/schema.org","@graph":[{"@type":"WebPage","@id":"https:\/\/tibladin.dk\/produkt\/skuldertaske\/","url":"https:\/\/tibladin.dk\/produkt\/skuldertaske\/","name":"Sac fait main en roseaux et cuir avec portefeuille en cuir assorti - Tibladin","isPartOf":{"@id":"https:\/\/tibladin.dk\/#website"},"primaryImageOfPage":{"@id":"https:\/\/tibladin.dk\/produkt\/skuldertaske\/#primaryimage"},"image":{"@id":"https:\/\/tibladin.dk\/produkt\/skuldertaske\/#primaryimage"},"thumbnailUrl":"https:\/\/tibladin.dk\/wp-content\/uploads\/2022\/09\/Tibladin_taske-brun_strand_800x800-1.jpg","datePublished":"2022-09-20T09:00:30+00:00","dateModified":"2026-04-30T09:52:17+00:00","description":"Sacs faits \u00e0 la main en roseau et cuir avec portefeuille d&#039;accompagnement de qualit\u00e9 solide. Doubl\u00e9s de tissu en coton.Les sacs sont disponibles en 2 coloris : noir et marron.","breadcrumb":{"@id":"https:\/\/tibladin.dk\/produkt\/skuldertaske\/#breadcrumb"},"inLanguage":"fr-FR","potentialAction":[{"@type":"ReadAction","target":["https:\/\/tibladin.dk\/produkt\/skuldertaske\/"]}]},{"@type":"ImageObject","inLanguage":"fr-FR","@id":"https:\/\/tibladin.dk\/produkt\/skuldertaske\/#primaryimage","url":"https:\/\/tibladin.dk\/wp-content\/uploads\/2022\/09\/Tibladin_taske-brun_strand_800x800-1.jpg","contentUrl":"https:\/\/tibladin.dk\/wp-content\/uploads\/2022\/09\/Tibladin_taske-brun_strand_800x800-1.jpg","width":800,"height":800,"caption":"marokkansk taske -Model der holder marokkansk skuldertaske - lysebrun"},{"@type":"BreadcrumbList","@id":"https:\/\/tibladin.dk\/produkt\/skuldertaske\/#breadcrumb","itemListElement":[{"@type":"ListItem","position":1,"name":"Hjem","item":"https:\/\/tibladin.dk\/"},{"@type":"ListItem","position":2,"name":"Shop","item":"https:\/\/tibladin.dk\/shop\/"},{"@type":"ListItem","position":3,"name":"Skuldertaske"}]},{"@type":"WebSite","@id":"https:\/\/tibladin.dk\/#website","url":"https:\/\/tibladin.dk\/","name":"Tibladin","description":"Tibladin","publisher":{"@id":"https:\/\/tibladin.dk\/#organization"},"potentialAction":[{"@type":"SearchAction","target":{"@type":"EntryPoint","urlTemplate":"https:\/\/tibladin.dk\/?s={search_term_string}"},"query-input":{"@type":"PropertyValueSpecification","valueRequired":true,"valueName":"search_term_string"}}],"inLanguage":"fr-FR"},{"@type":"Organization","@id":"https:\/\/tibladin.dk\/#organization","name":"Tibladin","url":"https:\/\/tibladin.dk\/","logo":{"@type":"ImageObject","inLanguage":"fr-FR","@id":"https:\/\/tibladin.dk\/#\/schema\/logo\/image\/","url":"https:\/\/tibladin.dk\/wp-content\/uploads\/2022\/09\/tibladin_logo.svg","contentUrl":"https:\/\/tibladin.dk\/wp-content\/uploads\/2022\/09\/tibladin_logo.svg","caption":"Tibladin"},"image":{"@id":"https:\/\/tibladin.dk\/#\/schema\/logo\/image\/"}}]}},"_links":{"self":[{"href":"https:\/\/tibladin.dk\/fr\/wp-json\/wp\/v2\/product\/287","targetHints":{"allow":["GET"]}}],"collection":[{"href":"https:\/\/tibladin.dk\/fr\/wp-json\/wp\/v2\/product"}],"about":[{"href":"https:\/\/tibladin.dk\/fr\/wp-json\/wp\/v2\/types\/product"}],"wp:featuredmedia":[{"embeddable":true,"href":"https:\/\/tibladin.dk\/fr\/wp-json\/wp\/v2\/media\/320"}],"wp:attachment":[{"href":"https:\/\/tibladin.dk\/fr\/wp-json\/wp\/v2\/media?parent=287"}],"wp:term":[{"taxonomy":"product_brand","embeddable":true,"href":"https:\/\/tibladin.dk\/fr\/wp-json\/wp\/v2\/product_brand?post=287"},{"taxonomy":"product_cat","embeddable":true,"href":"https:\/\/tibladin.dk\/fr\/wp-json\/wp\/v2\/product_cat?post=287"},{"taxonomy":"product_tag","embeddable":true,"href":"https:\/\/tibladin.dk\/fr\/wp-json\/wp\/v2\/product_tag?post=287"}],"curies":[{"name":"wp","href":"https:\/\/api.w.org\/{rel}","templated":true}]}}