{"id":30496,"date":"2024-06-22T20:09:30","date_gmt":"2024-06-22T18:09:30","guid":{"rendered":"https:\/\/tibladin.dk\/?post_type=product&#038;p=30496"},"modified":"2025-12-16T10:38:49","modified_gmt":"2025-12-16T09:38:49","slug":"plat-rustique-en-terre-cuite-20-cm","status":"publish","type":"product","link":"https:\/\/tibladin.dk\/fr\/produkt\/rustikt-lerfad-20-cm\/","title":{"rendered":"Plat rustique en terre cuite 20 cm."},"content":{"rendered":"<div class=\"wpb-content-wrapper\"><div class=\"vc_row wpb_row vc_row-fluid\"><div class=\"wpb_column vc_column_container vc_col-sm-4\"><div class=\"vc_column-inner\"><div class=\"wpb_wrapper\"><\/div><\/div><\/div><div class=\"wpb_column vc_column_container vc_col-sm-4\"><div class=\"vc_column-inner\"><div class=\"wpb_wrapper\"><h3 style=\"text-align: left\" class=\"vc_custom_heading vc_do_custom_heading\" >Entretien<\/h3>\n\t<div class=\"wpb_text_column wpb_content_element\" >\n\t\t<div class=\"wpb_wrapper\">\n\t\t\t<p>Avant d&#039;utiliser le plat, lavez-le soigneusement et placez-le toute la nuit au bain-marie. Le lendemain, le plat est repris et s\u00e9ch\u00e9. Lorsque le plat est compl\u00e8tement sec, il est frott\u00e9 avec une huile v\u00e9g\u00e9tale (colza ou tournesol) et est d\u00e9sormais pr\u00eat \u00e0 l&#039;emploi. Le plat passe au four et sur les plaques de cuisson \u2013 sur les br\u00fbleurs en c\u00e9ramique et \u00e0 gaz.<\/p>\n\n\t\t<\/div>\n\t<\/div>\n<\/div><\/div><\/div><div class=\"wpb_column vc_column_container vc_col-sm-4\"><div class=\"vc_column-inner\"><div class=\"wpb_wrapper\"><h3 style=\"text-align: left\" class=\"vc_custom_heading vc_do_custom_heading\" >L&#039;histoire derri\u00e8re<\/h3>\n\t<div class=\"wpb_text_column wpb_content_element\" >\n\t\t<div class=\"wpb_wrapper\">\n\t\t\t<p>Plat en argile tourn\u00e9 \u00e0 la main enti\u00e8rement authentique. Non \u00e9maill\u00e9 et brut. Incroyablement beau pour diff\u00e9rentes portions, pour pr\u00e9parer un d\u00e9licieux gratin ou des gambas \u00e0 la plancha (grosses fl\u00e9chettes voire des crevettes au piment et \u00e0 l&#039;ail) Vous pouvez pr\u00e9parer les plats directement dans le plat.<\/p>\n<p>Se marie bien avec les crus <a href=\"https:\/\/tibladin.dk\/fr\/produit-4\/tajine-en-faience-non-emaillee-pour-la-cuisson\/\">tajines<\/a> en gr\u00e8s.<\/p>\n\n\t\t<\/div>\n\t<\/div>\n<\/div><\/div><\/div><\/div>\n<\/div>","protected":false},"excerpt":{"rendered":"<p>Plat rustique en fa\u00efence non \u00e9maill\u00e9e de 20 cm de diam\u00e8tre et 5 cm de hauteur. Tourn\u00e9 \u00e0 la main dans les montagnes de l&#039;Ourika \u00e0 Marrakech selon les traditions artisanales traditionnelles. Le plat peut \u00eatre utilis\u00e9 pour cuire des aliments directement au four ou sur la plaque de cuisson et le br\u00fbleur \u00e0 gaz.<\/p>\n<p>Avant la premi\u00e8re utilisation, trempez le plat dans l&#039;eau toute la nuit. Lorsqu&#039;il est sec, graissez-le avec un peu d&#039;huile de cuisson.<\/p>\n<p>Utilisez le plat pour pr\u00e9parer des Gambas \u00e0 la Plancha, des gratins ou comme plat de service. D\u00e9core \u00e9galement joliment la table lorsqu&#039;elle n&#039;est pas utilis\u00e9e.<\/p>\n<p>Le plat est fabriqu\u00e9 de mani\u00e8re rustique et il peut y avoir de petites imperfections et imperfections, et la taille peut varier l\u00e9g\u00e8rement d&#039;un plat \u00e0 l&#039;autre.<\/p>","protected":false},"featured_media":30519,"template":"","meta":{"inline_featured_image":false},"product_brand":[],"product_cat":[33,47,139],"product_tag":[],"class_list":{"0":"post-30496","1":"product","2":"type-product","3":"status-publish","4":"has-post-thumbnail","6":"product_cat-borddaekning","7":"product_cat-gaven-til-ham","8":"product_cat-marokkansk-keramik","10":"first","11":"outofstock","12":"taxable","13":"shipping-taxable","14":"purchasable","15":"product-type-simple"},"exclude_global_add_ons":false,"addons":[{"name":"Vous souhaitez un emballage cadeau ?","type":"checkbox","position":0,"required":false,"title_format":"label","default":"","description_enable":false,"description":"","placeholder_enable":false,"placeholder":"","display":"images","restrictions_type":"any_text","adjust_price":false,"price":"","price_type":"flat_fee","restrictions":false,"min":"0","max":"0","options":[{"label":"Ja tak","price":"10","price_type":"flat_fee","image":11015,"visibility":true}],"id":1669646111}],"yoast_head":"<!-- This site is optimized with the Yoast SEO plugin v27.4 - https:\/\/yoast.com\/product\/yoast-seo-wordpress\/ -->\n<title>Marokkansk rustikt lerfad | til tilberedning og serveringer | Tibladin<\/title>\n<meta name=\"description\" content=\"Lille rustikt lerfad i uglaseret keramik som du kan lave sm\u00e5 tilberedninger i eller bruge som serveringsfad. H\u00e5nddrejet i Marokko.\" \/>\n<meta name=\"robots\" content=\"index, follow, max-snippet:-1, max-image-preview:large, max-video-preview:-1\" \/>\n<link rel=\"canonical\" href=\"https:\/\/tibladin.dk\/fr\/produit-4\/plat-rustique-en-terre-cuite-20-cm\/\" \/>\n<meta property=\"og:locale\" content=\"fr_FR\" \/>\n<meta property=\"og:type\" content=\"article\" \/>\n<meta property=\"og:title\" content=\"Marokkansk rustikt lerfad | til tilberedning og serveringer | Tibladin\" \/>\n<meta property=\"og:description\" content=\"Lille rustikt lerfad i uglaseret keramik som du kan lave sm\u00e5 tilberedninger i eller bruge som serveringsfad. H\u00e5nddrejet i Marokko.\" \/>\n<meta property=\"og:url\" content=\"https:\/\/tibladin.dk\/fr\/produit-4\/plat-rustique-en-terre-cuite-20-cm\/\" \/>\n<meta property=\"og:site_name\" content=\"Tibladin\" \/>\n<meta property=\"article:modified_time\" content=\"2025-12-16T09:38:49+00:00\" \/>\n<meta property=\"og:image\" content=\"https:\/\/tibladin.dk\/wp-content\/uploads\/2024\/06\/Autentisk-lerfad_12.jpg\" \/>\n\t<meta property=\"og:image:width\" content=\"800\" \/>\n\t<meta property=\"og:image:height\" content=\"800\" \/>\n\t<meta property=\"og:image:type\" content=\"image\/jpeg\" \/>\n<meta name=\"twitter:card\" content=\"summary_large_image\" \/>\n<meta name=\"twitter:label1\" content=\"Dur\u00e9e de lecture estim\u00e9e\" \/>\n\t<meta name=\"twitter:data1\" content=\"2 minutes\" \/>\n<script type=\"application\/ld+json\" class=\"yoast-schema-graph\">{\"@context\":\"https:\\\/\\\/schema.org\",\"@graph\":[{\"@type\":\"WebPage\",\"@id\":\"https:\\\/\\\/tibladin.dk\\\/produkt\\\/rustikt-lerfad-20-cm\\\/\",\"url\":\"https:\\\/\\\/tibladin.dk\\\/produkt\\\/rustikt-lerfad-20-cm\\\/\",\"name\":\"Marokkansk rustikt lerfad | til tilberedning og serveringer | Tibladin\",\"isPartOf\":{\"@id\":\"https:\\\/\\\/tibladin.dk\\\/#website\"},\"primaryImageOfPage\":{\"@id\":\"https:\\\/\\\/tibladin.dk\\\/produkt\\\/rustikt-lerfad-20-cm\\\/#primaryimage\"},\"image\":{\"@id\":\"https:\\\/\\\/tibladin.dk\\\/produkt\\\/rustikt-lerfad-20-cm\\\/#primaryimage\"},\"thumbnailUrl\":\"https:\\\/\\\/tibladin.dk\\\/wp-content\\\/uploads\\\/2024\\\/06\\\/Autentisk-lerfad_12.jpg\",\"datePublished\":\"2024-06-22T18:09:30+00:00\",\"dateModified\":\"2025-12-16T09:38:49+00:00\",\"description\":\"Lille rustikt lerfad i uglaseret keramik som du kan lave sm\u00e5 tilberedninger i eller bruge som serveringsfad. H\u00e5nddrejet i Marokko.\",\"breadcrumb\":{\"@id\":\"https:\\\/\\\/tibladin.dk\\\/produkt\\\/rustikt-lerfad-20-cm\\\/#breadcrumb\"},\"inLanguage\":\"fr-FR\",\"potentialAction\":[{\"@type\":\"ReadAction\",\"target\":[\"https:\\\/\\\/tibladin.dk\\\/produkt\\\/rustikt-lerfad-20-cm\\\/\"]}]},{\"@type\":\"ImageObject\",\"inLanguage\":\"fr-FR\",\"@id\":\"https:\\\/\\\/tibladin.dk\\\/produkt\\\/rustikt-lerfad-20-cm\\\/#primaryimage\",\"url\":\"https:\\\/\\\/tibladin.dk\\\/wp-content\\\/uploads\\\/2024\\\/06\\\/Autentisk-lerfad_12.jpg\",\"contentUrl\":\"https:\\\/\\\/tibladin.dk\\\/wp-content\\\/uploads\\\/2024\\\/06\\\/Autentisk-lerfad_12.jpg\",\"width\":800,\"height\":800,\"caption\":\"rustikt lerfad 20 cm i diameter\"},{\"@type\":\"BreadcrumbList\",\"@id\":\"https:\\\/\\\/tibladin.dk\\\/produkt\\\/rustikt-lerfad-20-cm\\\/#breadcrumb\",\"itemListElement\":[{\"@type\":\"ListItem\",\"position\":1,\"name\":\"Hjem\",\"item\":\"https:\\\/\\\/tibladin.dk\\\/\"},{\"@type\":\"ListItem\",\"position\":2,\"name\":\"Shop\",\"item\":\"https:\\\/\\\/tibladin.dk\\\/shop\\\/\"},{\"@type\":\"ListItem\",\"position\":3,\"name\":\"Rustikt lerfad 20 cm.\"}]},{\"@type\":\"WebSite\",\"@id\":\"https:\\\/\\\/tibladin.dk\\\/#website\",\"url\":\"https:\\\/\\\/tibladin.dk\\\/\",\"name\":\"Tibladin\",\"description\":\"Tibladin\",\"publisher\":{\"@id\":\"https:\\\/\\\/tibladin.dk\\\/#organization\"},\"potentialAction\":[{\"@type\":\"SearchAction\",\"target\":{\"@type\":\"EntryPoint\",\"urlTemplate\":\"https:\\\/\\\/tibladin.dk\\\/?s={search_term_string}\"},\"query-input\":{\"@type\":\"PropertyValueSpecification\",\"valueRequired\":true,\"valueName\":\"search_term_string\"}}],\"inLanguage\":\"fr-FR\"},{\"@type\":\"Organization\",\"@id\":\"https:\\\/\\\/tibladin.dk\\\/#organization\",\"name\":\"Tibladin\",\"url\":\"https:\\\/\\\/tibladin.dk\\\/\",\"logo\":{\"@type\":\"ImageObject\",\"inLanguage\":\"fr-FR\",\"@id\":\"https:\\\/\\\/tibladin.dk\\\/#\\\/schema\\\/logo\\\/image\\\/\",\"url\":\"https:\\\/\\\/tibladin.dk\\\/wp-content\\\/uploads\\\/2022\\\/09\\\/tibladin_logo.svg\",\"contentUrl\":\"https:\\\/\\\/tibladin.dk\\\/wp-content\\\/uploads\\\/2022\\\/09\\\/tibladin_logo.svg\",\"caption\":\"Tibladin\"},\"image\":{\"@id\":\"https:\\\/\\\/tibladin.dk\\\/#\\\/schema\\\/logo\\\/image\\\/\"}}]}<\/script>\n<!-- \/ Yoast SEO plugin. -->","yoast_head_json":{"title":"Plat rustique marocain en argile | pour la pr\u00e9paration et le service | Tibladine","description":"Petit plat rustique en terre cuite, en c\u00e9ramique non \u00e9maill\u00e9e, dans lequel vous pourrez r\u00e9aliser de petites pr\u00e9parations ou utiliser comme plat de service. Fabriqu\u00e9 artisanalement au Maroc.","robots":{"index":"index","follow":"follow","max-snippet":"max-snippet:-1","max-image-preview":"max-image-preview:large","max-video-preview":"max-video-preview:-1"},"canonical":"https:\/\/tibladin.dk\/fr\/produit-4\/plat-rustique-en-terre-cuite-20-cm\/","og_locale":"fr_FR","og_type":"article","og_title":"Marokkansk rustikt lerfad | til tilberedning og serveringer | Tibladin","og_description":"Lille rustikt lerfad i uglaseret keramik som du kan lave sm\u00e5 tilberedninger i eller bruge som serveringsfad. H\u00e5nddrejet i Marokko.","og_url":"https:\/\/tibladin.dk\/fr\/produit-4\/plat-rustique-en-terre-cuite-20-cm\/","og_site_name":"Tibladin","article_modified_time":"2025-12-16T09:38:49+00:00","og_image":[{"width":800,"height":800,"url":"https:\/\/tibladin.dk\/wp-content\/uploads\/2024\/06\/Autentisk-lerfad_12.jpg","type":"image\/jpeg"}],"twitter_card":"summary_large_image","twitter_misc":{"Dur\u00e9e de lecture estim\u00e9e":"2 minutes"},"schema":{"@context":"https:\/\/schema.org","@graph":[{"@type":"WebPage","@id":"https:\/\/tibladin.dk\/produkt\/rustikt-lerfad-20-cm\/","url":"https:\/\/tibladin.dk\/produkt\/rustikt-lerfad-20-cm\/","name":"Plat rustique marocain en argile | pour la pr\u00e9paration et le service | Tibladine","isPartOf":{"@id":"https:\/\/tibladin.dk\/#website"},"primaryImageOfPage":{"@id":"https:\/\/tibladin.dk\/produkt\/rustikt-lerfad-20-cm\/#primaryimage"},"image":{"@id":"https:\/\/tibladin.dk\/produkt\/rustikt-lerfad-20-cm\/#primaryimage"},"thumbnailUrl":"https:\/\/tibladin.dk\/wp-content\/uploads\/2024\/06\/Autentisk-lerfad_12.jpg","datePublished":"2024-06-22T18:09:30+00:00","dateModified":"2025-12-16T09:38:49+00:00","description":"Petit plat rustique en terre cuite, en c\u00e9ramique non \u00e9maill\u00e9e, dans lequel vous pourrez r\u00e9aliser de petites pr\u00e9parations ou utiliser comme plat de service. Fabriqu\u00e9 artisanalement au Maroc.","breadcrumb":{"@id":"https:\/\/tibladin.dk\/produkt\/rustikt-lerfad-20-cm\/#breadcrumb"},"inLanguage":"fr-FR","potentialAction":[{"@type":"ReadAction","target":["https:\/\/tibladin.dk\/produkt\/rustikt-lerfad-20-cm\/"]}]},{"@type":"ImageObject","inLanguage":"fr-FR","@id":"https:\/\/tibladin.dk\/produkt\/rustikt-lerfad-20-cm\/#primaryimage","url":"https:\/\/tibladin.dk\/wp-content\/uploads\/2024\/06\/Autentisk-lerfad_12.jpg","contentUrl":"https:\/\/tibladin.dk\/wp-content\/uploads\/2024\/06\/Autentisk-lerfad_12.jpg","width":800,"height":800,"caption":"rustikt lerfad 20 cm i diameter"},{"@type":"BreadcrumbList","@id":"https:\/\/tibladin.dk\/produkt\/rustikt-lerfad-20-cm\/#breadcrumb","itemListElement":[{"@type":"ListItem","position":1,"name":"Hjem","item":"https:\/\/tibladin.dk\/"},{"@type":"ListItem","position":2,"name":"Shop","item":"https:\/\/tibladin.dk\/shop\/"},{"@type":"ListItem","position":3,"name":"Rustikt lerfad 20 cm."}]},{"@type":"WebSite","@id":"https:\/\/tibladin.dk\/#website","url":"https:\/\/tibladin.dk\/","name":"Tibladin","description":"Tibladin","publisher":{"@id":"https:\/\/tibladin.dk\/#organization"},"potentialAction":[{"@type":"SearchAction","target":{"@type":"EntryPoint","urlTemplate":"https:\/\/tibladin.dk\/?s={search_term_string}"},"query-input":{"@type":"PropertyValueSpecification","valueRequired":true,"valueName":"search_term_string"}}],"inLanguage":"fr-FR"},{"@type":"Organization","@id":"https:\/\/tibladin.dk\/#organization","name":"Tibladin","url":"https:\/\/tibladin.dk\/","logo":{"@type":"ImageObject","inLanguage":"fr-FR","@id":"https:\/\/tibladin.dk\/#\/schema\/logo\/image\/","url":"https:\/\/tibladin.dk\/wp-content\/uploads\/2022\/09\/tibladin_logo.svg","contentUrl":"https:\/\/tibladin.dk\/wp-content\/uploads\/2022\/09\/tibladin_logo.svg","caption":"Tibladin"},"image":{"@id":"https:\/\/tibladin.dk\/#\/schema\/logo\/image\/"}}]}},"_links":{"self":[{"href":"https:\/\/tibladin.dk\/fr\/wp-json\/wp\/v2\/product\/30496","targetHints":{"allow":["GET"]}}],"collection":[{"href":"https:\/\/tibladin.dk\/fr\/wp-json\/wp\/v2\/product"}],"about":[{"href":"https:\/\/tibladin.dk\/fr\/wp-json\/wp\/v2\/types\/product"}],"wp:featuredmedia":[{"embeddable":true,"href":"https:\/\/tibladin.dk\/fr\/wp-json\/wp\/v2\/media\/30519"}],"wp:attachment":[{"href":"https:\/\/tibladin.dk\/fr\/wp-json\/wp\/v2\/media?parent=30496"}],"wp:term":[{"taxonomy":"product_brand","embeddable":true,"href":"https:\/\/tibladin.dk\/fr\/wp-json\/wp\/v2\/product_brand?post=30496"},{"taxonomy":"product_cat","embeddable":true,"href":"https:\/\/tibladin.dk\/fr\/wp-json\/wp\/v2\/product_cat?post=30496"},{"taxonomy":"product_tag","embeddable":true,"href":"https:\/\/tibladin.dk\/fr\/wp-json\/wp\/v2\/product_tag?post=30496"}],"curies":[{"name":"wp","href":"https:\/\/api.w.org\/{rel}","templated":true}]}}