{"id":3582,"date":"2022-10-10T08:44:57","date_gmt":"2022-10-10T06:44:57","guid":{"rendered":"https:\/\/tibladin.dk\/?post_type=product&#038;p=3582"},"modified":"2025-11-29T10:43:31","modified_gmt":"2025-11-29T09:43:31","slug":"rouleau-de-savon-bio-pour-souk-suspendu","status":"publish","type":"product","link":"https:\/\/tibladin.dk\/fr\/produkt\/oekologisk-saeberulle-til-ophaeng-souk\/","title":{"rendered":"Rouleau de savon bio \u00e0 suspendre SOUK"},"content":{"rendered":"<div class=\"wpb-content-wrapper\"><div class=\"vc_row wpb_row vc_row-fluid\"><div class=\"wpb_column vc_column_container vc_col-sm-4\"><div class=\"vc_column-inner\"><div class=\"wpb_wrapper\">\n\t<div class=\"wpb_video_widget wpb_content_element vc_clearfix   vc_video-aspect-ratio-169 vc_video-el-width-100 vc_video-align-left\" >\n\t\t<div class=\"wpb_wrapper\">\n\t\t\t\n\t\t\t<div class=\"wpb_video_wrapper\"><div class=\"video-container\"><iframe loading=\"lazy\" title=\"Savon marocain en rouleau \u00e0 suspendre\" src=\"https:\/\/player.vimeo.com\/video\/654514653?dnt=1&amp;app_id=122963\" width=\"174\" height=\"310\" frameborder=\"0\" allow=\"autoplay; fullscreen; picture-in-picture\"><\/iframe><\/div><\/div>\n\t\t<\/div>\n\t<\/div>\n<\/div><\/div><\/div><div class=\"wpb_column vc_column_container vc_col-sm-4\"><div class=\"vc_column-inner\"><div class=\"wpb_wrapper\"><h3 style=\"text-align: left\" class=\"vc_custom_heading vc_do_custom_heading\" >Entretien<\/h3>\n\t<div class=\"wpb_text_column wpb_content_element\" >\n\t\t<div class=\"wpb_wrapper\">\n\t\t\t<p>165 grammes<span class=\"Apple-converted-space\">\u00a0<\/span><\/p>\n<p>Peut \u00eatre utilis\u00e9 sur le visage, le corps et les mains et convient aux peaux d\u00e9licates.<\/p>\n\n\t\t<\/div>\n\t<\/div>\n<\/div><\/div><\/div><div class=\"wpb_column vc_column_container vc_col-sm-4\"><div class=\"vc_column-inner\"><div class=\"wpb_wrapper\"><h3 style=\"text-align: left\" class=\"vc_custom_heading vc_do_custom_heading\" >L&#039;histoire derri\u00e8re<\/h3>\n\t<div class=\"wpb_text_column wpb_content_element\" >\n\t\t<div class=\"wpb_wrapper\">\n\t\t\t<p>Les savons de L&#039;art du bain cr\u00e9\u00e9s \u00e0 Marrakech en 2004 et produits \u00e0 Nantes en France depuis 2016.<span class=\"Apple-converted-space\">\u00a0<\/span><\/p>\n<p>Savons brass\u00e9s \u00e0 froid \u00e0 base d&#039;ingr\u00e9dients naturels et d&#039;huiles de pomme du Maroc, fa\u00e7onn\u00e9s \u00e0 la main, un \u00e0 un.<span class=\"Apple-converted-space\">\u00a0Un pain de savon solide est un bon moyen de minimiser la consommation de plastique au quotidien.<\/span><\/p>\n<p>Une mani\u00e8re artisanale et soign\u00e9e de pr\u00e9parer des savons qui donne une tr\u00e8s belle qualit\u00e9. Les savons sont fabriqu\u00e9s exclusivement \u00e0 partir d&#039;ingr\u00e9dients naturels nobles dans le respect de l&#039;environnement. La technique de fabrication des savons m\u00e9lang\u00e9s \u00e0 froid signifie que les savons conservent la glyc\u00e9rine naturelle et les huiles naturelles, ce qui donne un savon plus hydratant.<\/p>\n\n\t\t<\/div>\n\t<\/div>\n<\/div><\/div><\/div><\/div>\n<\/div>","protected":false},"excerpt":{"rendered":"<p>Rouleau de savon avec suspension \u00e0 ficelle et perles d\u00e9coratives. Une fa\u00e7on belle et diff\u00e9rente d\u2019utiliser le savon. Frottez-vous les mains contre le rouleau de savon et laissez le savon mousser sur vos mains. Pr\u00eat \u00e0 accrocher \u00e0 c\u00f4t\u00e9 de votre lavabo ou de votre cabine de douche. Tr\u00e8s hygi\u00e9nique, car le savon s\u00e8che plus rapidement lorsqu&#039;il pend librement.<\/p>\n<p>SOUK : Envie d&#039;une vir\u00e9e au souk\/m\u00e9dina de Marrakech ?<\/p>\n<p>L&#039;encens, le bois de santal, le c\u00e8dre et le benjoin vous rapprochent des souks du Maroc. Parfum agr\u00e9able, chaud et doux.<\/p>\n<p>165 grammes<span class=\"Apple-converted-space\">\u00a0<\/span><\/p>\n<p>Peut \u00eatre utilis\u00e9 sur le visage, le corps et les mains.<\/p>\n<p>Ingr\u00e9dients : huile de coco biologique, huile de palme biologique, huile d&#039;olive biologique, glyc\u00e9rine naturelle pr\u00e9sente lors de la cuisson \u00e0 froid, argile et miel.<\/p>","protected":false},"featured_media":3584,"template":"","meta":{"inline_featured_image":false},"product_brand":[],"product_cat":[27,42,103,104],"product_tag":[],"class_list":{"0":"post-3582","1":"product","2":"type-product","3":"status-publish","4":"has-post-thumbnail","6":"product_cat-diverse","7":"product_cat-gaver-under-200-kr","8":"product_cat-personlig-pleje","9":"product_cat-saeber","11":"first","12":"instock","13":"taxable","14":"shipping-taxable","15":"purchasable","16":"product-type-simple"},"exclude_global_add_ons":false,"addons":[{"name":"Vous souhaitez un emballage cadeau ?","type":"checkbox","position":0,"required":false,"title_format":"label","default":"","description_enable":false,"description":"","placeholder_enable":false,"placeholder":"","display":"images","restrictions_type":"any_text","adjust_price":false,"price":"","price_type":"flat_fee","restrictions":false,"min":"0","max":"0","options":[{"label":"Ja tak","price":"10","price_type":"flat_fee","image":11015,"visibility":true}],"id":1669646111}],"yoast_head":"<!-- This site is optimized with the Yoast SEO plugin v27.4 - https:\/\/yoast.com\/product\/yoast-seo-wordpress\/ -->\n<title>H\u00e5ndlavede marokkanske s\u00e6ber<\/title>\n<meta name=\"description\" content=\"L\u00e6kker marokkansk s\u00e6be af naturlige ingredienser som man traditionen tro bruger i Marokko og med en mild og eksklusiv duft. God til sart hud.\" \/>\n<meta name=\"robots\" content=\"index, follow, max-snippet:-1, max-image-preview:large, max-video-preview:-1\" \/>\n<link rel=\"canonical\" href=\"https:\/\/tibladin.dk\/fr\/produit-4\/rouleau-de-savon-bio-pour-souk-suspendu\/\" \/>\n<meta property=\"og:locale\" content=\"fr_FR\" \/>\n<meta property=\"og:type\" content=\"article\" \/>\n<meta property=\"og:title\" content=\"H\u00e5ndlavede marokkanske s\u00e6ber\" \/>\n<meta property=\"og:description\" content=\"L\u00e6kker marokkansk s\u00e6be af naturlige ingredienser som man traditionen tro bruger i Marokko og med en mild og eksklusiv duft. God til sart hud.\" \/>\n<meta property=\"og:url\" content=\"https:\/\/tibladin.dk\/fr\/produit-4\/rouleau-de-savon-bio-pour-souk-suspendu\/\" \/>\n<meta property=\"og:site_name\" content=\"Tibladin\" \/>\n<meta property=\"article:modified_time\" content=\"2025-11-29T09:43:31+00:00\" \/>\n<meta property=\"og:image\" content=\"https:\/\/tibladin.dk\/wp-content\/uploads\/2022\/10\/Tibladin_Saeberulle_SOUK.jpg\" \/>\n\t<meta property=\"og:image:width\" content=\"800\" \/>\n\t<meta property=\"og:image:height\" content=\"800\" \/>\n\t<meta property=\"og:image:type\" content=\"image\/jpeg\" \/>\n<meta name=\"twitter:card\" content=\"summary_large_image\" \/>\n<meta name=\"twitter:label1\" content=\"Dur\u00e9e de lecture estim\u00e9e\" \/>\n\t<meta name=\"twitter:data1\" content=\"2 minutes\" \/>\n<script type=\"application\/ld+json\" class=\"yoast-schema-graph\">{\"@context\":\"https:\\\/\\\/schema.org\",\"@graph\":[{\"@type\":\"WebPage\",\"@id\":\"https:\\\/\\\/tibladin.dk\\\/produkt\\\/oekologisk-saeberulle-til-ophaeng-souk\\\/\",\"url\":\"https:\\\/\\\/tibladin.dk\\\/produkt\\\/oekologisk-saeberulle-til-ophaeng-souk\\\/\",\"name\":\"H\u00e5ndlavede marokkanske s\u00e6ber\",\"isPartOf\":{\"@id\":\"https:\\\/\\\/tibladin.dk\\\/#website\"},\"primaryImageOfPage\":{\"@id\":\"https:\\\/\\\/tibladin.dk\\\/produkt\\\/oekologisk-saeberulle-til-ophaeng-souk\\\/#primaryimage\"},\"image\":{\"@id\":\"https:\\\/\\\/tibladin.dk\\\/produkt\\\/oekologisk-saeberulle-til-ophaeng-souk\\\/#primaryimage\"},\"thumbnailUrl\":\"https:\\\/\\\/tibladin.dk\\\/wp-content\\\/uploads\\\/2022\\\/10\\\/Tibladin_Saeberulle_SOUK.jpg\",\"datePublished\":\"2022-10-10T06:44:57+00:00\",\"dateModified\":\"2025-11-29T09:43:31+00:00\",\"description\":\"L\u00e6kker marokkansk s\u00e6be af naturlige ingredienser som man traditionen tro bruger i Marokko og med en mild og eksklusiv duft. God til sart hud.\",\"breadcrumb\":{\"@id\":\"https:\\\/\\\/tibladin.dk\\\/produkt\\\/oekologisk-saeberulle-til-ophaeng-souk\\\/#breadcrumb\"},\"inLanguage\":\"fr-FR\",\"potentialAction\":[{\"@type\":\"ReadAction\",\"target\":[\"https:\\\/\\\/tibladin.dk\\\/produkt\\\/oekologisk-saeberulle-til-ophaeng-souk\\\/\"]}]},{\"@type\":\"ImageObject\",\"inLanguage\":\"fr-FR\",\"@id\":\"https:\\\/\\\/tibladin.dk\\\/produkt\\\/oekologisk-saeberulle-til-ophaeng-souk\\\/#primaryimage\",\"url\":\"https:\\\/\\\/tibladin.dk\\\/wp-content\\\/uploads\\\/2022\\\/10\\\/Tibladin_Saeberulle_SOUK.jpg\",\"contentUrl\":\"https:\\\/\\\/tibladin.dk\\\/wp-content\\\/uploads\\\/2022\\\/10\\\/Tibladin_Saeberulle_SOUK.jpg\",\"width\":800,\"height\":800,\"caption\":\"S\u00e6berulle SOUK\"},{\"@type\":\"BreadcrumbList\",\"@id\":\"https:\\\/\\\/tibladin.dk\\\/produkt\\\/oekologisk-saeberulle-til-ophaeng-souk\\\/#breadcrumb\",\"itemListElement\":[{\"@type\":\"ListItem\",\"position\":1,\"name\":\"Hjem\",\"item\":\"https:\\\/\\\/tibladin.dk\\\/\"},{\"@type\":\"ListItem\",\"position\":2,\"name\":\"Shop\",\"item\":\"https:\\\/\\\/tibladin.dk\\\/shop\\\/\"},{\"@type\":\"ListItem\",\"position\":3,\"name\":\"\u00d8kologisk s\u00e6berulle til oph\u00e6ng SOUK\"}]},{\"@type\":\"WebSite\",\"@id\":\"https:\\\/\\\/tibladin.dk\\\/#website\",\"url\":\"https:\\\/\\\/tibladin.dk\\\/\",\"name\":\"Tibladin\",\"description\":\"Tibladin\",\"publisher\":{\"@id\":\"https:\\\/\\\/tibladin.dk\\\/#organization\"},\"potentialAction\":[{\"@type\":\"SearchAction\",\"target\":{\"@type\":\"EntryPoint\",\"urlTemplate\":\"https:\\\/\\\/tibladin.dk\\\/?s={search_term_string}\"},\"query-input\":{\"@type\":\"PropertyValueSpecification\",\"valueRequired\":true,\"valueName\":\"search_term_string\"}}],\"inLanguage\":\"fr-FR\"},{\"@type\":\"Organization\",\"@id\":\"https:\\\/\\\/tibladin.dk\\\/#organization\",\"name\":\"Tibladin\",\"url\":\"https:\\\/\\\/tibladin.dk\\\/\",\"logo\":{\"@type\":\"ImageObject\",\"inLanguage\":\"fr-FR\",\"@id\":\"https:\\\/\\\/tibladin.dk\\\/#\\\/schema\\\/logo\\\/image\\\/\",\"url\":\"https:\\\/\\\/tibladin.dk\\\/wp-content\\\/uploads\\\/2022\\\/09\\\/tibladin_logo.svg\",\"contentUrl\":\"https:\\\/\\\/tibladin.dk\\\/wp-content\\\/uploads\\\/2022\\\/09\\\/tibladin_logo.svg\",\"caption\":\"Tibladin\"},\"image\":{\"@id\":\"https:\\\/\\\/tibladin.dk\\\/#\\\/schema\\\/logo\\\/image\\\/\"}}]}<\/script>\n<!-- \/ Yoast SEO plugin. -->","yoast_head_json":{"title":"Savons marocains artisanaux","description":"D\u00e9licieux savon marocain \u00e0 base d&#039;ingr\u00e9dients naturels traditionnellement utilis\u00e9s au Maroc et au parfum doux et exclusif. Bon pour les peaux d\u00e9licates.","robots":{"index":"index","follow":"follow","max-snippet":"max-snippet:-1","max-image-preview":"max-image-preview:large","max-video-preview":"max-video-preview:-1"},"canonical":"https:\/\/tibladin.dk\/fr\/produit-4\/rouleau-de-savon-bio-pour-souk-suspendu\/","og_locale":"fr_FR","og_type":"article","og_title":"H\u00e5ndlavede marokkanske s\u00e6ber","og_description":"L\u00e6kker marokkansk s\u00e6be af naturlige ingredienser som man traditionen tro bruger i Marokko og med en mild og eksklusiv duft. God til sart hud.","og_url":"https:\/\/tibladin.dk\/fr\/produit-4\/rouleau-de-savon-bio-pour-souk-suspendu\/","og_site_name":"Tibladin","article_modified_time":"2025-11-29T09:43:31+00:00","og_image":[{"width":800,"height":800,"url":"https:\/\/tibladin.dk\/wp-content\/uploads\/2022\/10\/Tibladin_Saeberulle_SOUK.jpg","type":"image\/jpeg"}],"twitter_card":"summary_large_image","twitter_misc":{"Dur\u00e9e de lecture estim\u00e9e":"2 minutes"},"schema":{"@context":"https:\/\/schema.org","@graph":[{"@type":"WebPage","@id":"https:\/\/tibladin.dk\/produkt\/oekologisk-saeberulle-til-ophaeng-souk\/","url":"https:\/\/tibladin.dk\/produkt\/oekologisk-saeberulle-til-ophaeng-souk\/","name":"Savons marocains artisanaux","isPartOf":{"@id":"https:\/\/tibladin.dk\/#website"},"primaryImageOfPage":{"@id":"https:\/\/tibladin.dk\/produkt\/oekologisk-saeberulle-til-ophaeng-souk\/#primaryimage"},"image":{"@id":"https:\/\/tibladin.dk\/produkt\/oekologisk-saeberulle-til-ophaeng-souk\/#primaryimage"},"thumbnailUrl":"https:\/\/tibladin.dk\/wp-content\/uploads\/2022\/10\/Tibladin_Saeberulle_SOUK.jpg","datePublished":"2022-10-10T06:44:57+00:00","dateModified":"2025-11-29T09:43:31+00:00","description":"D\u00e9licieux savon marocain \u00e0 base d&#039;ingr\u00e9dients naturels traditionnellement utilis\u00e9s au Maroc et au parfum doux et exclusif. Bon pour les peaux d\u00e9licates.","breadcrumb":{"@id":"https:\/\/tibladin.dk\/produkt\/oekologisk-saeberulle-til-ophaeng-souk\/#breadcrumb"},"inLanguage":"fr-FR","potentialAction":[{"@type":"ReadAction","target":["https:\/\/tibladin.dk\/produkt\/oekologisk-saeberulle-til-ophaeng-souk\/"]}]},{"@type":"ImageObject","inLanguage":"fr-FR","@id":"https:\/\/tibladin.dk\/produkt\/oekologisk-saeberulle-til-ophaeng-souk\/#primaryimage","url":"https:\/\/tibladin.dk\/wp-content\/uploads\/2022\/10\/Tibladin_Saeberulle_SOUK.jpg","contentUrl":"https:\/\/tibladin.dk\/wp-content\/uploads\/2022\/10\/Tibladin_Saeberulle_SOUK.jpg","width":800,"height":800,"caption":"S\u00e6berulle SOUK"},{"@type":"BreadcrumbList","@id":"https:\/\/tibladin.dk\/produkt\/oekologisk-saeberulle-til-ophaeng-souk\/#breadcrumb","itemListElement":[{"@type":"ListItem","position":1,"name":"Hjem","item":"https:\/\/tibladin.dk\/"},{"@type":"ListItem","position":2,"name":"Shop","item":"https:\/\/tibladin.dk\/shop\/"},{"@type":"ListItem","position":3,"name":"\u00d8kologisk s\u00e6berulle til oph\u00e6ng SOUK"}]},{"@type":"WebSite","@id":"https:\/\/tibladin.dk\/#website","url":"https:\/\/tibladin.dk\/","name":"Tibladin","description":"Tibladin","publisher":{"@id":"https:\/\/tibladin.dk\/#organization"},"potentialAction":[{"@type":"SearchAction","target":{"@type":"EntryPoint","urlTemplate":"https:\/\/tibladin.dk\/?s={search_term_string}"},"query-input":{"@type":"PropertyValueSpecification","valueRequired":true,"valueName":"search_term_string"}}],"inLanguage":"fr-FR"},{"@type":"Organization","@id":"https:\/\/tibladin.dk\/#organization","name":"Tibladin","url":"https:\/\/tibladin.dk\/","logo":{"@type":"ImageObject","inLanguage":"fr-FR","@id":"https:\/\/tibladin.dk\/#\/schema\/logo\/image\/","url":"https:\/\/tibladin.dk\/wp-content\/uploads\/2022\/09\/tibladin_logo.svg","contentUrl":"https:\/\/tibladin.dk\/wp-content\/uploads\/2022\/09\/tibladin_logo.svg","caption":"Tibladin"},"image":{"@id":"https:\/\/tibladin.dk\/#\/schema\/logo\/image\/"}}]}},"_links":{"self":[{"href":"https:\/\/tibladin.dk\/fr\/wp-json\/wp\/v2\/product\/3582","targetHints":{"allow":["GET"]}}],"collection":[{"href":"https:\/\/tibladin.dk\/fr\/wp-json\/wp\/v2\/product"}],"about":[{"href":"https:\/\/tibladin.dk\/fr\/wp-json\/wp\/v2\/types\/product"}],"wp:featuredmedia":[{"embeddable":true,"href":"https:\/\/tibladin.dk\/fr\/wp-json\/wp\/v2\/media\/3584"}],"wp:attachment":[{"href":"https:\/\/tibladin.dk\/fr\/wp-json\/wp\/v2\/media?parent=3582"}],"wp:term":[{"taxonomy":"product_brand","embeddable":true,"href":"https:\/\/tibladin.dk\/fr\/wp-json\/wp\/v2\/product_brand?post=3582"},{"taxonomy":"product_cat","embeddable":true,"href":"https:\/\/tibladin.dk\/fr\/wp-json\/wp\/v2\/product_cat?post=3582"},{"taxonomy":"product_tag","embeddable":true,"href":"https:\/\/tibladin.dk\/fr\/wp-json\/wp\/v2\/product_tag?post=3582"}],"curies":[{"name":"wp","href":"https:\/\/api.w.org\/{rel}","templated":true}]}}