{"id":3606,"date":"2022-09-10T17:03:18","date_gmt":"2022-09-10T15:03:18","guid":{"rendered":"https:\/\/tibladin.dk\/?post_type=product&#038;p=3606"},"modified":"2025-05-09T12:46:36","modified_gmt":"2025-05-09T10:46:36","slug":"carte-cadeau-physique","status":"publish","type":"product","link":"https:\/\/tibladin.dk\/fr\/produkt\/gavekort-fysisk\/","title":{"rendered":"Carte cadeau (physique)"},"content":{"rendered":"","protected":false},"excerpt":{"rendered":"<p>Surprenez vos proches avec une carte-cadeau num\u00e9rique de Tibladin \u2013 un billet pour un monde d\u2019artisanat marocain authentique et d\u2019esth\u00e9tique scandinave intemporelle. Que ce soit pour un anniversaire, un anniversaire ou \u00ab juste parce que \u00bb, la carte-cadeau donne au destinataire la libert\u00e9 de choisir parmi nos produits d&#039;int\u00e9rieur, textiles, lampes, c\u00e9ramiques et bien plus encore soigneusement s\u00e9lectionn\u00e9s.<\/p>","protected":false},"featured_media":3539,"template":"","meta":{"inline_featured_image":false},"product_brand":[],"product_cat":[78],"product_tag":[],"class_list":{"0":"post-3606","1":"product","2":"type-product","3":"status-publish","4":"has-post-thumbnail","6":"product_cat-gavekort","8":"first","9":"instock","10":"purchasable","11":"product-type-pw-gift-card"},"exclude_global_add_ons":[],"addons":[],"yoast_head":"<!-- This site is optimized with the Yoast SEO plugin v27.4 - https:\/\/yoast.com\/product\/yoast-seo-wordpress\/ -->\n<title>Gavekort (fysisk) | Tibladin<\/title>\n<meta name=\"description\" content=\"K\u00f8b et fysisk gavekort til Tibladin, s\u00e5 giver du altid den heldige person en unik og interessant gave i \u00e6gte marokkansk stil\" \/>\n<meta name=\"robots\" content=\"index, follow, max-snippet:-1, max-image-preview:large, max-video-preview:-1\" \/>\n<link rel=\"canonical\" href=\"https:\/\/tibladin.dk\/fr\/produit-4\/carte-cadeau-physique\/\" \/>\n<meta property=\"og:locale\" content=\"fr_FR\" \/>\n<meta property=\"og:type\" content=\"article\" \/>\n<meta property=\"og:title\" content=\"Gavekort (fysisk) | Tibladin\" \/>\n<meta property=\"og:description\" content=\"K\u00f8b et fysisk gavekort til Tibladin, s\u00e5 giver du altid den heldige person en unik og interessant gave i \u00e6gte marokkansk stil\" \/>\n<meta property=\"og:url\" content=\"https:\/\/tibladin.dk\/fr\/produit-4\/carte-cadeau-physique\/\" \/>\n<meta property=\"og:site_name\" content=\"Tibladin\" \/>\n<meta property=\"article:modified_time\" content=\"2025-05-09T10:46:36+00:00\" \/>\n<meta property=\"og:image\" content=\"https:\/\/tibladin.dk\/wp-content\/uploads\/2022\/10\/Gavekort_generel.jpeg\" \/>\n\t<meta property=\"og:image:width\" content=\"640\" \/>\n\t<meta property=\"og:image:height\" content=\"427\" \/>\n\t<meta property=\"og:image:type\" content=\"image\/jpeg\" \/>\n<meta name=\"twitter:card\" content=\"summary_large_image\" \/>\n<meta name=\"twitter:label1\" content=\"Dur\u00e9e de lecture estim\u00e9e\" \/>\n\t<meta name=\"twitter:data1\" content=\"1 minute\" \/>\n<script type=\"application\/ld+json\" class=\"yoast-schema-graph\">{\"@context\":\"https:\\\/\\\/schema.org\",\"@graph\":[{\"@type\":\"WebPage\",\"@id\":\"https:\\\/\\\/tibladin.dk\\\/produkt\\\/gavekort-fysisk\\\/\",\"url\":\"https:\\\/\\\/tibladin.dk\\\/produkt\\\/gavekort-fysisk\\\/\",\"name\":\"Gavekort (fysisk) | Tibladin\",\"isPartOf\":{\"@id\":\"https:\\\/\\\/tibladin.dk\\\/#website\"},\"primaryImageOfPage\":{\"@id\":\"https:\\\/\\\/tibladin.dk\\\/produkt\\\/gavekort-fysisk\\\/#primaryimage\"},\"image\":{\"@id\":\"https:\\\/\\\/tibladin.dk\\\/produkt\\\/gavekort-fysisk\\\/#primaryimage\"},\"thumbnailUrl\":\"https:\\\/\\\/tibladin.dk\\\/wp-content\\\/uploads\\\/2022\\\/10\\\/Gavekort_generel.jpeg\",\"datePublished\":\"2022-09-10T15:03:18+00:00\",\"dateModified\":\"2025-05-09T10:46:36+00:00\",\"description\":\"K\u00f8b et fysisk gavekort til Tibladin, s\u00e5 giver du altid den heldige person en unik og interessant gave i \u00e6gte marokkansk stil\",\"breadcrumb\":{\"@id\":\"https:\\\/\\\/tibladin.dk\\\/produkt\\\/gavekort-fysisk\\\/#breadcrumb\"},\"inLanguage\":\"fr-FR\",\"potentialAction\":[{\"@type\":\"ReadAction\",\"target\":[\"https:\\\/\\\/tibladin.dk\\\/produkt\\\/gavekort-fysisk\\\/\"]}]},{\"@type\":\"ImageObject\",\"inLanguage\":\"fr-FR\",\"@id\":\"https:\\\/\\\/tibladin.dk\\\/produkt\\\/gavekort-fysisk\\\/#primaryimage\",\"url\":\"https:\\\/\\\/tibladin.dk\\\/wp-content\\\/uploads\\\/2022\\\/10\\\/Gavekort_generel.jpeg\",\"contentUrl\":\"https:\\\/\\\/tibladin.dk\\\/wp-content\\\/uploads\\\/2022\\\/10\\\/Gavekort_generel.jpeg\",\"width\":640,\"height\":427,\"caption\":\"Digitalt gavekort\"},{\"@type\":\"BreadcrumbList\",\"@id\":\"https:\\\/\\\/tibladin.dk\\\/produkt\\\/gavekort-fysisk\\\/#breadcrumb\",\"itemListElement\":[{\"@type\":\"ListItem\",\"position\":1,\"name\":\"Hjem\",\"item\":\"https:\\\/\\\/tibladin.dk\\\/\"},{\"@type\":\"ListItem\",\"position\":2,\"name\":\"Shop\",\"item\":\"https:\\\/\\\/tibladin.dk\\\/shop\\\/\"},{\"@type\":\"ListItem\",\"position\":3,\"name\":\"Gavekort (fysisk)\"}]},{\"@type\":\"WebSite\",\"@id\":\"https:\\\/\\\/tibladin.dk\\\/#website\",\"url\":\"https:\\\/\\\/tibladin.dk\\\/\",\"name\":\"Tibladin\",\"description\":\"Tibladin\",\"publisher\":{\"@id\":\"https:\\\/\\\/tibladin.dk\\\/#organization\"},\"potentialAction\":[{\"@type\":\"SearchAction\",\"target\":{\"@type\":\"EntryPoint\",\"urlTemplate\":\"https:\\\/\\\/tibladin.dk\\\/?s={search_term_string}\"},\"query-input\":{\"@type\":\"PropertyValueSpecification\",\"valueRequired\":true,\"valueName\":\"search_term_string\"}}],\"inLanguage\":\"fr-FR\"},{\"@type\":\"Organization\",\"@id\":\"https:\\\/\\\/tibladin.dk\\\/#organization\",\"name\":\"Tibladin\",\"url\":\"https:\\\/\\\/tibladin.dk\\\/\",\"logo\":{\"@type\":\"ImageObject\",\"inLanguage\":\"fr-FR\",\"@id\":\"https:\\\/\\\/tibladin.dk\\\/#\\\/schema\\\/logo\\\/image\\\/\",\"url\":\"https:\\\/\\\/tibladin.dk\\\/wp-content\\\/uploads\\\/2022\\\/09\\\/tibladin_logo.svg\",\"contentUrl\":\"https:\\\/\\\/tibladin.dk\\\/wp-content\\\/uploads\\\/2022\\\/09\\\/tibladin_logo.svg\",\"caption\":\"Tibladin\"},\"image\":{\"@id\":\"https:\\\/\\\/tibladin.dk\\\/#\\\/schema\\\/logo\\\/image\\\/\"}}]}<\/script>\n<!-- \/ Yoast SEO plugin. -->","yoast_head_json":{"title":"Carte cadeau (physique) | Tibladine","description":"Achetez une carte-cadeau physique pour Tibladin et vous offrirez toujours \u00e0 l&#039;heureux \u00e9lu un cadeau unique et int\u00e9ressant dans le plus pur style marocain","robots":{"index":"index","follow":"follow","max-snippet":"max-snippet:-1","max-image-preview":"max-image-preview:large","max-video-preview":"max-video-preview:-1"},"canonical":"https:\/\/tibladin.dk\/fr\/produit-4\/carte-cadeau-physique\/","og_locale":"fr_FR","og_type":"article","og_title":"Gavekort (fysisk) | Tibladin","og_description":"K\u00f8b et fysisk gavekort til Tibladin, s\u00e5 giver du altid den heldige person en unik og interessant gave i \u00e6gte marokkansk stil","og_url":"https:\/\/tibladin.dk\/fr\/produit-4\/carte-cadeau-physique\/","og_site_name":"Tibladin","article_modified_time":"2025-05-09T10:46:36+00:00","og_image":[{"width":640,"height":427,"url":"https:\/\/tibladin.dk\/wp-content\/uploads\/2022\/10\/Gavekort_generel.jpeg","type":"image\/jpeg"}],"twitter_card":"summary_large_image","twitter_misc":{"Dur\u00e9e de lecture estim\u00e9e":"1 minute"},"schema":{"@context":"https:\/\/schema.org","@graph":[{"@type":"WebPage","@id":"https:\/\/tibladin.dk\/produkt\/gavekort-fysisk\/","url":"https:\/\/tibladin.dk\/produkt\/gavekort-fysisk\/","name":"Carte cadeau (physique) | Tibladine","isPartOf":{"@id":"https:\/\/tibladin.dk\/#website"},"primaryImageOfPage":{"@id":"https:\/\/tibladin.dk\/produkt\/gavekort-fysisk\/#primaryimage"},"image":{"@id":"https:\/\/tibladin.dk\/produkt\/gavekort-fysisk\/#primaryimage"},"thumbnailUrl":"https:\/\/tibladin.dk\/wp-content\/uploads\/2022\/10\/Gavekort_generel.jpeg","datePublished":"2022-09-10T15:03:18+00:00","dateModified":"2025-05-09T10:46:36+00:00","description":"Achetez une carte-cadeau physique pour Tibladin et vous offrirez toujours \u00e0 l&#039;heureux \u00e9lu un cadeau unique et int\u00e9ressant dans le plus pur style marocain","breadcrumb":{"@id":"https:\/\/tibladin.dk\/produkt\/gavekort-fysisk\/#breadcrumb"},"inLanguage":"fr-FR","potentialAction":[{"@type":"ReadAction","target":["https:\/\/tibladin.dk\/produkt\/gavekort-fysisk\/"]}]},{"@type":"ImageObject","inLanguage":"fr-FR","@id":"https:\/\/tibladin.dk\/produkt\/gavekort-fysisk\/#primaryimage","url":"https:\/\/tibladin.dk\/wp-content\/uploads\/2022\/10\/Gavekort_generel.jpeg","contentUrl":"https:\/\/tibladin.dk\/wp-content\/uploads\/2022\/10\/Gavekort_generel.jpeg","width":640,"height":427,"caption":"Digitalt gavekort"},{"@type":"BreadcrumbList","@id":"https:\/\/tibladin.dk\/produkt\/gavekort-fysisk\/#breadcrumb","itemListElement":[{"@type":"ListItem","position":1,"name":"Hjem","item":"https:\/\/tibladin.dk\/"},{"@type":"ListItem","position":2,"name":"Shop","item":"https:\/\/tibladin.dk\/shop\/"},{"@type":"ListItem","position":3,"name":"Gavekort (fysisk)"}]},{"@type":"WebSite","@id":"https:\/\/tibladin.dk\/#website","url":"https:\/\/tibladin.dk\/","name":"Tibladin","description":"Tibladin","publisher":{"@id":"https:\/\/tibladin.dk\/#organization"},"potentialAction":[{"@type":"SearchAction","target":{"@type":"EntryPoint","urlTemplate":"https:\/\/tibladin.dk\/?s={search_term_string}"},"query-input":{"@type":"PropertyValueSpecification","valueRequired":true,"valueName":"search_term_string"}}],"inLanguage":"fr-FR"},{"@type":"Organization","@id":"https:\/\/tibladin.dk\/#organization","name":"Tibladin","url":"https:\/\/tibladin.dk\/","logo":{"@type":"ImageObject","inLanguage":"fr-FR","@id":"https:\/\/tibladin.dk\/#\/schema\/logo\/image\/","url":"https:\/\/tibladin.dk\/wp-content\/uploads\/2022\/09\/tibladin_logo.svg","contentUrl":"https:\/\/tibladin.dk\/wp-content\/uploads\/2022\/09\/tibladin_logo.svg","caption":"Tibladin"},"image":{"@id":"https:\/\/tibladin.dk\/#\/schema\/logo\/image\/"}}]}},"_links":{"self":[{"href":"https:\/\/tibladin.dk\/fr\/wp-json\/wp\/v2\/product\/3606","targetHints":{"allow":["GET"]}}],"collection":[{"href":"https:\/\/tibladin.dk\/fr\/wp-json\/wp\/v2\/product"}],"about":[{"href":"https:\/\/tibladin.dk\/fr\/wp-json\/wp\/v2\/types\/product"}],"wp:featuredmedia":[{"embeddable":true,"href":"https:\/\/tibladin.dk\/fr\/wp-json\/wp\/v2\/media\/3539"}],"wp:attachment":[{"href":"https:\/\/tibladin.dk\/fr\/wp-json\/wp\/v2\/media?parent=3606"}],"wp:term":[{"taxonomy":"product_brand","embeddable":true,"href":"https:\/\/tibladin.dk\/fr\/wp-json\/wp\/v2\/product_brand?post=3606"},{"taxonomy":"product_cat","embeddable":true,"href":"https:\/\/tibladin.dk\/fr\/wp-json\/wp\/v2\/product_cat?post=3606"},{"taxonomy":"product_tag","embeddable":true,"href":"https:\/\/tibladin.dk\/fr\/wp-json\/wp\/v2\/product_tag?post=3606"}],"curies":[{"name":"wp","href":"https:\/\/api.w.org\/{rel}","templated":true}]}}