{"id":36133,"date":"2025-04-24T11:43:32","date_gmt":"2025-04-24T09:43:32","guid":{"rendered":"https:\/\/tibladin.dk\/?post_type=product&#038;p=36133"},"modified":"2026-05-05T11:42:50","modified_gmt":"2026-05-05T09:42:50","slug":"livre-la-cuisine-marocaine-de-maman","status":"publish","type":"product","link":"https:\/\/tibladin.dk\/fr\/produkt\/bog-mors-marokkanske-mad\/","title":{"rendered":"Livre : La cuisine marocaine de maman"},"content":{"rendered":"<div class=\"wpb-content-wrapper\"><div class=\"vc_row wpb_row vc_row-fluid\"><div class=\"wpb_column vc_column_container vc_col-sm-4\"><div class=\"vc_column-inner\"><div class=\"wpb_wrapper\"><\/div><\/div><\/div><div class=\"wpb_column vc_column_container vc_col-sm-4\"><div class=\"vc_column-inner\"><div class=\"wpb_wrapper\"><h3 style=\"text-align: left\" class=\"vc_custom_heading vc_do_custom_heading\" >A propos de l&#039;auteur<\/h3>\n\t<div class=\"wpb_text_column wpb_content_element\" >\n\t\t<div class=\"wpb_wrapper\">\n\t\t\t<p>Jamila et Khadija sont issues d&#039;une fratrie de 6 filles. \u00c9lev\u00e9 au Danemark. Le livre est un hommage \u00e0 leur m\u00e8re Rahma El Massoudi et \u00e0 son grand amour pour la famille et la cuisine.<\/p>\n<p>Les deux s\u0153urs ont grandi avec la cuisine marocaine et ont appris \u00e0 cuisiner des plats marocains aupr\u00e8s de leur m\u00e8re d\u00e8s leur plus jeune \u00e2ge. Aujourd&#039;hui, ils ont le caf\u00e9 southharbourcafe \u00e0 Sydhavnen \u00e0 Copenhague.<\/p>\n\n\t\t<\/div>\n\t<\/div>\n<\/div><\/div><\/div><div class=\"wpb_column vc_column_container vc_col-sm-4\"><div class=\"vc_column-inner\"><div class=\"wpb_wrapper\"><h3 style=\"text-align: left\" class=\"vc_custom_heading vc_do_custom_heading\" >L&#039;histoire derri\u00e8re<\/h3>\n\t<div class=\"wpb_text_column wpb_content_element\" >\n\t\t<div class=\"wpb_wrapper\">\n\t\t\t<p class=\"\" data-start=\"228\" data-end=\"385\"><span class=\"relative -mx-px my-&#091;-0.2rem&#093; rounded px-px py-&#091;0.2rem&#093; transition-colors duration-100 ease-in-out\"><em data-start=\"0\" data-end=\"22\" data-is-only-node=\"\">La cuisine marocaine de maman<\/em> est un livre de cuisine sensuel et r\u00e9confortant qui rapproche le lecteur des riches traditions de la cuisine marocaine.<\/span> <span class=\"relative -mx-px my-&#091;-0.2rem&#093; rounded px-px py-&#091;0.2rem&#093; transition-colors duration-100 ease-in-out\">Avec des recettes authentiques et des histoires personnelles, les s\u0153urs Mohammadi vous invitent dans la cuisine de leur m\u00e8re, o\u00f9 cuisiner est un acte d&#039;amour et une fa\u00e7on de pr\u00e9server le patrimoine culturel.<\/span> <span class=\"relative -mx-px my-&#091;-0.2rem&#093; rounded px-px py-&#091;0.2rem&#093; transition-colors duration-100 ease-in-out\">Le livre est une c\u00e9l\u00e9bration de la capacit\u00e9 de la nourriture \u00e0 rassembler les gens et \u00e0 cr\u00e9er une communaut\u00e9 \u00e0 travers les g\u00e9n\u00e9rations et les cultures.<\/span>\u200b<\/p>\n<p class=\"\" data-start=\"412\" data-end=\"615\"><span class=\"relative -mx-px my-&#091;-0.2rem&#093; rounded px-px py-&#091;0.2rem&#093; transition-colors duration-100 ease-in-out\">Jamila et Khadija Mohammadi sont arriv\u00e9es au Danemark en 1977 en provenance du village de Boujnanne au Maroc.<\/span> <span class=\"relative -mx-px my-&#091;-0.2rem&#093; rounded px-px py-&#091;0.2rem&#093; transition-colors duration-100 ease-in-out\">Leur m\u00e8re a apport\u00e9 avec elle un tr\u00e9sor de recettes et de traditions culinaires qu\u2019elle a transmis \u00e0 ses filles.<\/span> <span class=\"relative -mx-px my-&#091;-0.2rem&#093; rounded px-px py-&#091;0.2rem&#093; transition-colors duration-100 ease-in-out\">En 2017, les s\u0153urs ont ouvert <strong data-start=\"23\" data-end=\"45\">Caf\u00e9 du port sud<\/strong> au Sydhavn de Copenhague, o\u00f9 ils servent une cuisine marocaine authentique bas\u00e9e sur les recettes de leur m\u00e8re.<\/span> <span class=\"relative -mx-px my-&#091;-0.2rem&#093; rounded px-px py-&#091;0.2rem&#093; transition-colors duration-100 ease-in-out\">Le caf\u00e9 est rapidement devenu connu pour son hospitalit\u00e9 et ses plats savoureux et a re\u00e7u, entre autres, <strong data-start=\"90\" data-end=\"124\">Soleil sur le prix du produit Gudhjem<\/strong> en 2022<\/span><\/p>\n\n\t\t<\/div>\n\t<\/div>\n<\/div><\/div><\/div><\/div>\n<\/div>","protected":false},"excerpt":{"rendered":"<p><strong data-start=\"0\" data-end=\"26\" data-is-only-node=\"\">\u00ab La cuisine marocaine de maman \u00bb<\/strong> est un livre de cuisine chaleureux et sensuel dans lequel les s\u0153urs Jamila et Khadija de <a href=\"https:\/\/southharbourcafe.dk\">https:\/\/southharbourcafe.dk<\/a> et partage des recettes authentiques et des histoires personnelles de la cuisine marocaine. Le livre est une d\u00e9claration d&#039;amour \u00e0 la cuisine de leur m\u00e8re et contient \u00e0 la fois des classiques comme le tajine, le couscous et la harira ainsi que de petites anecdotes qui apportent l&#039;atmosph\u00e8re des rues \u00e9pic\u00e9es du Maroc directement dans votre propre cuisine. Avec des images color\u00e9es et des instructions simples \u00e9tape par \u00e9tape, le livre inspire les d\u00e9butants et les amateurs de cuisine exp\u00e9riment\u00e9s \u00e0 cuisiner avec c\u0153ur et tradition.<\/p>\n<p>Une fois que vous aurez commenc\u00e9 \u00e0 cuisiner au Maroc, vous ne vous arr\u00eaterez plus. Il y a une raison pour laquelle la cuisine marocaine est si appr\u00e9ci\u00e9e dans le monde entier. Apportez de la couleur, de la saveur et de l&#039;ambiance \u00e0 la table du d\u00eener. Couvrez-vous avec des couleurs <a href=\"https:\/\/tibladin.dk\/fr\/produit-4\/assiettes-marocaines-26-cm-vertes\/\">Assiettes marocaines<\/a> et <a href=\"https:\/\/tibladin.dk\/fr\/produit-4\/verre-beldi-vert\/\">verre marocain souffl\u00e9 \u00e0 la bouche<\/a> et laissez la table dress\u00e9e avec la nourriture savoureuse vous emmener en voyage au Maroc.<\/p>\n<p>ATTENTION! Le livre est en danois.<\/p>","protected":false},"featured_media":36135,"template":"","meta":{"inline_featured_image":false},"product_brand":[],"product_cat":[27,47,35,93],"product_tag":[],"class_list":{"0":"post-36133","1":"product","2":"type-product","3":"status-publish","4":"has-post-thumbnail","6":"product_cat-diverse","7":"product_cat-gaven-til-ham","8":"product_cat-gaven-til-hende","9":"product_cat-marrakech-guide-boeger","11":"first","12":"outofstock","13":"taxable","14":"shipping-taxable","15":"purchasable","16":"product-type-simple"},"exclude_global_add_ons":false,"addons":[{"name":"Vous souhaitez un emballage cadeau ?","type":"checkbox","position":0,"required":false,"title_format":"label","default":"","description_enable":false,"description":"","placeholder_enable":false,"placeholder":"","display":"images","restrictions_type":"any_text","adjust_price":false,"price":"","price_type":"flat_fee","restrictions":false,"min":"0","max":"0","options":[{"label":"Ja tak","price":"10","price_type":"flat_fee","image":11015,"visibility":true}],"id":1669646111}],"yoast_head":"<!-- This site is optimized with the Yoast SEO plugin v27.5 - https:\/\/yoast.com\/product\/yoast-seo-wordpress\/ -->\n<title>Mors Marokkanske mad | opskrifter fra det marokkanske k\u00f8kken<\/title>\n<meta name=\"description\" content=\"Bogen er fyldt med l\u00e6kre opskrifter fra det traditionelle marokkanske k\u00f8kken og sm\u00e5 historier og forklaringer til hver opskrift. K\u00f8b den hos Tibladin\" \/>\n<meta name=\"robots\" content=\"index, follow, max-snippet:-1, max-image-preview:large, max-video-preview:-1\" \/>\n<link rel=\"canonical\" href=\"https:\/\/tibladin.dk\/fr\/produit-4\/livre-la-cuisine-marocaine-de-maman\/\" \/>\n<meta property=\"og:locale\" content=\"fr_FR\" \/>\n<meta property=\"og:type\" content=\"article\" \/>\n<meta property=\"og:title\" content=\"Mors Marokkanske mad | opskrifter fra det marokkanske k\u00f8kken\" \/>\n<meta property=\"og:description\" content=\"Bogen er fyldt med l\u00e6kre opskrifter fra det traditionelle marokkanske k\u00f8kken og sm\u00e5 historier og forklaringer til hver opskrift. K\u00f8b den hos Tibladin\" \/>\n<meta property=\"og:url\" content=\"https:\/\/tibladin.dk\/fr\/produit-4\/livre-la-cuisine-marocaine-de-maman\/\" \/>\n<meta property=\"og:site_name\" content=\"Tibladin\" \/>\n<meta property=\"article:modified_time\" content=\"2026-05-05T09:42:50+00:00\" \/>\n<meta property=\"og:image\" content=\"https:\/\/tibladin.dk\/wp-content\/uploads\/2025\/04\/Mors-marokkanske-mad_bog.jpg\" \/>\n\t<meta property=\"og:image:width\" content=\"800\" \/>\n\t<meta property=\"og:image:height\" content=\"800\" \/>\n\t<meta property=\"og:image:type\" content=\"image\/jpeg\" \/>\n<meta name=\"twitter:card\" content=\"summary_large_image\" \/>\n<meta name=\"twitter:label1\" content=\"Dur\u00e9e de lecture estim\u00e9e\" \/>\n\t<meta name=\"twitter:data1\" content=\"2 minutes\" \/>\n<script type=\"application\/ld+json\" class=\"yoast-schema-graph\">{\"@context\":\"https:\\\/\\\/schema.org\",\"@graph\":[{\"@type\":\"WebPage\",\"@id\":\"https:\\\/\\\/tibladin.dk\\\/produkt\\\/bog-mors-marokkanske-mad\\\/\",\"url\":\"https:\\\/\\\/tibladin.dk\\\/produkt\\\/bog-mors-marokkanske-mad\\\/\",\"name\":\"Mors Marokkanske mad | opskrifter fra det marokkanske k\u00f8kken\",\"isPartOf\":{\"@id\":\"https:\\\/\\\/tibladin.dk\\\/#website\"},\"primaryImageOfPage\":{\"@id\":\"https:\\\/\\\/tibladin.dk\\\/produkt\\\/bog-mors-marokkanske-mad\\\/#primaryimage\"},\"image\":{\"@id\":\"https:\\\/\\\/tibladin.dk\\\/produkt\\\/bog-mors-marokkanske-mad\\\/#primaryimage\"},\"thumbnailUrl\":\"https:\\\/\\\/tibladin.dk\\\/wp-content\\\/uploads\\\/2025\\\/04\\\/Mors-marokkanske-mad_bog.jpg\",\"datePublished\":\"2025-04-24T09:43:32+00:00\",\"dateModified\":\"2026-05-05T09:42:50+00:00\",\"description\":\"Bogen er fyldt med l\u00e6kre opskrifter fra det traditionelle marokkanske k\u00f8kken og sm\u00e5 historier og forklaringer til hver opskrift. K\u00f8b den hos Tibladin\",\"breadcrumb\":{\"@id\":\"https:\\\/\\\/tibladin.dk\\\/produkt\\\/bog-mors-marokkanske-mad\\\/#breadcrumb\"},\"inLanguage\":\"fr-FR\",\"potentialAction\":[{\"@type\":\"ReadAction\",\"target\":[\"https:\\\/\\\/tibladin.dk\\\/produkt\\\/bog-mors-marokkanske-mad\\\/\"]}]},{\"@type\":\"ImageObject\",\"inLanguage\":\"fr-FR\",\"@id\":\"https:\\\/\\\/tibladin.dk\\\/produkt\\\/bog-mors-marokkanske-mad\\\/#primaryimage\",\"url\":\"https:\\\/\\\/tibladin.dk\\\/wp-content\\\/uploads\\\/2025\\\/04\\\/Mors-marokkanske-mad_bog.jpg\",\"contentUrl\":\"https:\\\/\\\/tibladin.dk\\\/wp-content\\\/uploads\\\/2025\\\/04\\\/Mors-marokkanske-mad_bog.jpg\",\"width\":800,\"height\":800,\"caption\":\"bog mors marokkanske mad. Kogebog med sk\u00f8nne fort\u00e6llinger\"},{\"@type\":\"BreadcrumbList\",\"@id\":\"https:\\\/\\\/tibladin.dk\\\/produkt\\\/bog-mors-marokkanske-mad\\\/#breadcrumb\",\"itemListElement\":[{\"@type\":\"ListItem\",\"position\":1,\"name\":\"Hjem\",\"item\":\"https:\\\/\\\/tibladin.dk\\\/\"},{\"@type\":\"ListItem\",\"position\":2,\"name\":\"Shop\",\"item\":\"https:\\\/\\\/tibladin.dk\\\/shop\\\/\"},{\"@type\":\"ListItem\",\"position\":3,\"name\":\"Bog: Mors marokkanske mad\"}]},{\"@type\":\"WebSite\",\"@id\":\"https:\\\/\\\/tibladin.dk\\\/#website\",\"url\":\"https:\\\/\\\/tibladin.dk\\\/\",\"name\":\"Tibladin\",\"description\":\"Tibladin\",\"publisher\":{\"@id\":\"https:\\\/\\\/tibladin.dk\\\/#organization\"},\"potentialAction\":[{\"@type\":\"SearchAction\",\"target\":{\"@type\":\"EntryPoint\",\"urlTemplate\":\"https:\\\/\\\/tibladin.dk\\\/?s={search_term_string}\"},\"query-input\":{\"@type\":\"PropertyValueSpecification\",\"valueRequired\":true,\"valueName\":\"search_term_string\"}}],\"inLanguage\":\"fr-FR\"},{\"@type\":\"Organization\",\"@id\":\"https:\\\/\\\/tibladin.dk\\\/#organization\",\"name\":\"Tibladin\",\"url\":\"https:\\\/\\\/tibladin.dk\\\/\",\"logo\":{\"@type\":\"ImageObject\",\"inLanguage\":\"fr-FR\",\"@id\":\"https:\\\/\\\/tibladin.dk\\\/#\\\/schema\\\/logo\\\/image\\\/\",\"url\":\"https:\\\/\\\/tibladin.dk\\\/wp-content\\\/uploads\\\/2022\\\/09\\\/tibladin_logo.svg\",\"contentUrl\":\"https:\\\/\\\/tibladin.dk\\\/wp-content\\\/uploads\\\/2022\\\/09\\\/tibladin_logo.svg\",\"caption\":\"Tibladin\"},\"image\":{\"@id\":\"https:\\\/\\\/tibladin.dk\\\/#\\\/schema\\\/logo\\\/image\\\/\"}}]}<\/script>\n<!-- \/ Yoast SEO plugin. -->","yoast_head_json":{"title":"La cuisine marocaine de maman | recettes de la cuisine marocaine","description":"Le livre est rempli de d\u00e9licieuses recettes de la cuisine traditionnelle marocaine et de petites histoires et explications pour chaque recette. Achetez-le chez Tibladin","robots":{"index":"index","follow":"follow","max-snippet":"max-snippet:-1","max-image-preview":"max-image-preview:large","max-video-preview":"max-video-preview:-1"},"canonical":"https:\/\/tibladin.dk\/fr\/produit-4\/livre-la-cuisine-marocaine-de-maman\/","og_locale":"fr_FR","og_type":"article","og_title":"Mors Marokkanske mad | opskrifter fra det marokkanske k\u00f8kken","og_description":"Bogen er fyldt med l\u00e6kre opskrifter fra det traditionelle marokkanske k\u00f8kken og sm\u00e5 historier og forklaringer til hver opskrift. K\u00f8b den hos Tibladin","og_url":"https:\/\/tibladin.dk\/fr\/produit-4\/livre-la-cuisine-marocaine-de-maman\/","og_site_name":"Tibladin","article_modified_time":"2026-05-05T09:42:50+00:00","og_image":[{"width":800,"height":800,"url":"https:\/\/tibladin.dk\/wp-content\/uploads\/2025\/04\/Mors-marokkanske-mad_bog.jpg","type":"image\/jpeg"}],"twitter_card":"summary_large_image","twitter_misc":{"Dur\u00e9e de lecture estim\u00e9e":"2 minutes"},"schema":{"@context":"https:\/\/schema.org","@graph":[{"@type":"WebPage","@id":"https:\/\/tibladin.dk\/produkt\/bog-mors-marokkanske-mad\/","url":"https:\/\/tibladin.dk\/produkt\/bog-mors-marokkanske-mad\/","name":"La cuisine marocaine de maman | recettes de la cuisine marocaine","isPartOf":{"@id":"https:\/\/tibladin.dk\/#website"},"primaryImageOfPage":{"@id":"https:\/\/tibladin.dk\/produkt\/bog-mors-marokkanske-mad\/#primaryimage"},"image":{"@id":"https:\/\/tibladin.dk\/produkt\/bog-mors-marokkanske-mad\/#primaryimage"},"thumbnailUrl":"https:\/\/tibladin.dk\/wp-content\/uploads\/2025\/04\/Mors-marokkanske-mad_bog.jpg","datePublished":"2025-04-24T09:43:32+00:00","dateModified":"2026-05-05T09:42:50+00:00","description":"Le livre est rempli de d\u00e9licieuses recettes de la cuisine traditionnelle marocaine et de petites histoires et explications pour chaque recette. Achetez-le chez Tibladin","breadcrumb":{"@id":"https:\/\/tibladin.dk\/produkt\/bog-mors-marokkanske-mad\/#breadcrumb"},"inLanguage":"fr-FR","potentialAction":[{"@type":"ReadAction","target":["https:\/\/tibladin.dk\/produkt\/bog-mors-marokkanske-mad\/"]}]},{"@type":"ImageObject","inLanguage":"fr-FR","@id":"https:\/\/tibladin.dk\/produkt\/bog-mors-marokkanske-mad\/#primaryimage","url":"https:\/\/tibladin.dk\/wp-content\/uploads\/2025\/04\/Mors-marokkanske-mad_bog.jpg","contentUrl":"https:\/\/tibladin.dk\/wp-content\/uploads\/2025\/04\/Mors-marokkanske-mad_bog.jpg","width":800,"height":800,"caption":"bog mors marokkanske mad. Kogebog med sk\u00f8nne fort\u00e6llinger"},{"@type":"BreadcrumbList","@id":"https:\/\/tibladin.dk\/produkt\/bog-mors-marokkanske-mad\/#breadcrumb","itemListElement":[{"@type":"ListItem","position":1,"name":"Hjem","item":"https:\/\/tibladin.dk\/"},{"@type":"ListItem","position":2,"name":"Shop","item":"https:\/\/tibladin.dk\/shop\/"},{"@type":"ListItem","position":3,"name":"Bog: Mors marokkanske mad"}]},{"@type":"WebSite","@id":"https:\/\/tibladin.dk\/#website","url":"https:\/\/tibladin.dk\/","name":"Tibladin","description":"Tibladin","publisher":{"@id":"https:\/\/tibladin.dk\/#organization"},"potentialAction":[{"@type":"SearchAction","target":{"@type":"EntryPoint","urlTemplate":"https:\/\/tibladin.dk\/?s={search_term_string}"},"query-input":{"@type":"PropertyValueSpecification","valueRequired":true,"valueName":"search_term_string"}}],"inLanguage":"fr-FR"},{"@type":"Organization","@id":"https:\/\/tibladin.dk\/#organization","name":"Tibladin","url":"https:\/\/tibladin.dk\/","logo":{"@type":"ImageObject","inLanguage":"fr-FR","@id":"https:\/\/tibladin.dk\/#\/schema\/logo\/image\/","url":"https:\/\/tibladin.dk\/wp-content\/uploads\/2022\/09\/tibladin_logo.svg","contentUrl":"https:\/\/tibladin.dk\/wp-content\/uploads\/2022\/09\/tibladin_logo.svg","caption":"Tibladin"},"image":{"@id":"https:\/\/tibladin.dk\/#\/schema\/logo\/image\/"}}]}},"_links":{"self":[{"href":"https:\/\/tibladin.dk\/fr\/wp-json\/wp\/v2\/product\/36133","targetHints":{"allow":["GET"]}}],"collection":[{"href":"https:\/\/tibladin.dk\/fr\/wp-json\/wp\/v2\/product"}],"about":[{"href":"https:\/\/tibladin.dk\/fr\/wp-json\/wp\/v2\/types\/product"}],"wp:featuredmedia":[{"embeddable":true,"href":"https:\/\/tibladin.dk\/fr\/wp-json\/wp\/v2\/media\/36135"}],"wp:attachment":[{"href":"https:\/\/tibladin.dk\/fr\/wp-json\/wp\/v2\/media?parent=36133"}],"wp:term":[{"taxonomy":"product_brand","embeddable":true,"href":"https:\/\/tibladin.dk\/fr\/wp-json\/wp\/v2\/product_brand?post=36133"},{"taxonomy":"product_cat","embeddable":true,"href":"https:\/\/tibladin.dk\/fr\/wp-json\/wp\/v2\/product_cat?post=36133"},{"taxonomy":"product_tag","embeddable":true,"href":"https:\/\/tibladin.dk\/fr\/wp-json\/wp\/v2\/product_tag?post=36133"}],"curies":[{"name":"wp","href":"https:\/\/api.w.org\/{rel}","templated":true}]}}