{"id":36143,"date":"2025-04-24T14:02:25","date_gmt":"2025-04-24T12:02:25","guid":{"rendered":"https:\/\/tibladin.dk\/?post_type=product&#038;p=36143"},"modified":"2025-05-12T08:53:50","modified_gmt":"2025-05-12T06:53:50","slug":"pouf-en-cuir-couleur-cognac-chaleureux-1-pers","status":"publish","type":"product","link":"https:\/\/tibladin.dk\/fr\/produkt\/saekkestol-i-varm-cognacfarvet-laeder-1-pers\/","title":{"rendered":"Pouf en cuir couleur cognac chaud, 1 personne."},"content":{"rendered":"<div class=\"wpb-content-wrapper\"><div class=\"vc_row wpb_row vc_row-fluid\"><div class=\"wpb_column vc_column_container vc_col-sm-4\"><div class=\"vc_column-inner\"><div class=\"wpb_wrapper\"><\/div><\/div><\/div><div class=\"wpb_column vc_column_container vc_col-sm-4\"><div class=\"vc_column-inner\"><div class=\"wpb_wrapper\"><h3 style=\"text-align: left\" class=\"vc_custom_heading vc_do_custom_heading\" >Entretien<\/h3>\n\t<div class=\"wpb_text_column wpb_content_element\" >\n\t\t<div class=\"wpb_wrapper\">\n\t\t\t<p>Le pouf a \u00e9t\u00e9 huil\u00e9 et ne n\u00e9cessite donc pas beaucoup d&#039;entretien. Vous pouvez donner de l\u2019huile suppl\u00e9mentaire si n\u00e9cessaire ou si cela devient n\u00e9cessaire avec le temps.<\/p>\n\n\t\t<\/div>\n\t<\/div>\n<\/div><\/div><\/div><div class=\"wpb_column vc_column_container vc_col-sm-4\"><div class=\"vc_column-inner\"><div class=\"wpb_wrapper\"><h3 style=\"text-align: left\" class=\"vc_custom_heading vc_do_custom_heading\" >L&#039;histoire derri\u00e8re<\/h3>\n\t<div class=\"wpb_text_column wpb_content_element\" >\n\t\t<div class=\"wpb_wrapper\">\n\t\t\t<p>Ce magnifique pouf est fabriqu\u00e9 \u00e0 la main \u00e0 Marrakech et est fait d&#039;un beau cuir de couleur cognac. Avec cet article, j&#039;ai pris mon amour du cuir fin comme point de d\u00e9part et j&#039;ai cr\u00e9\u00e9 un meuble o\u00f9 vous pouvez \u00e0 la fois flotter seul avec un bon livre ou vous asseoir c\u00f4te \u00e0 c\u00f4te. Le pouf peut \u00eatre utilis\u00e9 comme fauteuil dans un coin lecture, comme petit canap\u00e9 ou comme causeuse. Il s&#039;int\u00e8gre donc dans de nombreux endroits de la maison et cr\u00e9e une atmosph\u00e8re invitante et d\u00e9tendue. La belle couleur marron ajoute de la chaleur et de la profondeur \u00e0 une pi\u00e8ce, tandis que le cuir donne un aspect brut. L&#039;expression peut \u00e9galement \u00eatre adoucie avec un joli oreiller ou un plaid. Con\u00e7u et fabriqu\u00e9 en collaboration avec un designer \u00e0 Marrakech.<\/p>\n\n\t\t<\/div>\n\t<\/div>\n<\/div><\/div><\/div><\/div>\n<\/div>","protected":false},"excerpt":{"rendered":"<p>Joli pouf en cuir couleur cognac chaleureux. Doux et agr\u00e9able pour s&#039;asseoir. Fabriqu\u00e9 \u00e0 la main \u00e0 Marrakech. Le pouf a une couleur brun rouge\u00e2tre fonc\u00e9 et s&#039;int\u00e8gre parfaitement dans la plupart des maisons. La belle couleur ajoute de la chaleur \u00e0 la pi\u00e8ce, tandis que le cuir donne une touche brute.<\/p>\n<p>Le pouf est livr\u00e9 sans rembourrage. Si vous souhaitez du rembourrage pour le pouf (laine de bois), cela peut \u00eatre ajout\u00e9 pour un prix suppl\u00e9mentaire de 400 DKK.<\/p>\n<p>Vous pouvez \u00e9galement choisir de remplir le pouf vous-m\u00eame, \u00e9ventuellement avec des boules de kr\u00f8yer ou de vieux v\u00eatements, des couettes et des oreillers.<\/p>\n<p>Hauteur d&#039;assise 39 cm | Profondeur d&#039;assise 50 cm. Profondeur totale 75 cm. | Largeur 77 cm | Hauteur du dossier 75 cm |<\/p>","protected":false},"featured_media":36155,"template":"","meta":{"inline_featured_image":false},"product_brand":[],"product_cat":[47,108,39],"product_tag":[],"class_list":{"0":"post-36143","1":"product","2":"type-product","3":"status-publish","4":"has-post-thumbnail","6":"product_cat-gaven-til-ham","7":"product_cat-loungestole-indendoers","8":"product_cat-moebler","10":"first","11":"instock","12":"taxable","13":"shipping-taxable","14":"purchasable","15":"product-type-simple"},"exclude_global_add_ons":false,"addons":[{"name":"Voulez-vous le remplir de laine de bois ?","type":"checkbox","position":0,"required":false,"title_format":"label","default":"","description_enable":false,"description":"","placeholder_enable":false,"placeholder":"","display":"select","restrictions_type":"any_text","adjust_price":false,"price":"","price_type":"flat_fee","restrictions":false,"min":"0","max":"0","options":[{"label":"JA tak!","price":"400","price_type":"quantity_based","image":0,"visibility":true}],"id":1686050310}],"yoast_head":"<!-- This site is optimized with the Yoast SEO plugin v27.4 - https:\/\/yoast.com\/product\/yoast-seo-wordpress\/ -->\n<title>S\u00e6kkestol i varm cognacfarvet l\u00e6der | Unikt design | Tibladin<\/title>\n<meta name=\"description\" content=\"S\u00e6kkestol h\u00e5ndlavet i Marrakech i l\u00e6kkert r\u00f8dbrunt l\u00e6der. Kan bruges som sofa eller l\u00e6nestol og tilf\u00f8jer farve og dybde til ethvert rum.\" \/>\n<meta name=\"robots\" content=\"index, follow, max-snippet:-1, max-image-preview:large, max-video-preview:-1\" \/>\n<link rel=\"canonical\" href=\"https:\/\/tibladin.dk\/fr\/produit-4\/pouf-en-cuir-couleur-cognac-chaleureux-1-pers\/\" \/>\n<meta property=\"og:locale\" content=\"fr_FR\" \/>\n<meta property=\"og:type\" content=\"article\" \/>\n<meta property=\"og:title\" content=\"S\u00e6kkestol i varm cognacfarvet l\u00e6der | Unikt design | Tibladin\" \/>\n<meta property=\"og:description\" content=\"S\u00e6kkestol h\u00e5ndlavet i Marrakech i l\u00e6kkert r\u00f8dbrunt l\u00e6der. Kan bruges som sofa eller l\u00e6nestol og tilf\u00f8jer farve og dybde til ethvert rum.\" \/>\n<meta property=\"og:url\" content=\"https:\/\/tibladin.dk\/fr\/produit-4\/pouf-en-cuir-couleur-cognac-chaleureux-1-pers\/\" \/>\n<meta property=\"og:site_name\" content=\"Tibladin\" \/>\n<meta property=\"article:modified_time\" content=\"2025-05-12T06:53:50+00:00\" \/>\n<meta property=\"og:image\" content=\"https:\/\/tibladin.dk\/wp-content\/uploads\/2025\/04\/saekkestol-i-cognacfarvet-laeder_1-pers._LS6.jpg\" \/>\n\t<meta property=\"og:image:width\" content=\"800\" \/>\n\t<meta property=\"og:image:height\" content=\"800\" \/>\n\t<meta property=\"og:image:type\" content=\"image\/jpeg\" \/>\n<meta name=\"twitter:card\" content=\"summary_large_image\" \/>\n<meta name=\"twitter:label1\" content=\"Dur\u00e9e de lecture estim\u00e9e\" \/>\n\t<meta name=\"twitter:data1\" content=\"2 minutes\" \/>\n<script type=\"application\/ld+json\" class=\"yoast-schema-graph\">{\"@context\":\"https:\\\/\\\/schema.org\",\"@graph\":[{\"@type\":\"WebPage\",\"@id\":\"https:\\\/\\\/tibladin.dk\\\/produkt\\\/saekkestol-i-varm-cognacfarvet-laeder-1-pers\\\/\",\"url\":\"https:\\\/\\\/tibladin.dk\\\/produkt\\\/saekkestol-i-varm-cognacfarvet-laeder-1-pers\\\/\",\"name\":\"S\u00e6kkestol i varm cognacfarvet l\u00e6der | Unikt design | Tibladin\",\"isPartOf\":{\"@id\":\"https:\\\/\\\/tibladin.dk\\\/#website\"},\"primaryImageOfPage\":{\"@id\":\"https:\\\/\\\/tibladin.dk\\\/produkt\\\/saekkestol-i-varm-cognacfarvet-laeder-1-pers\\\/#primaryimage\"},\"image\":{\"@id\":\"https:\\\/\\\/tibladin.dk\\\/produkt\\\/saekkestol-i-varm-cognacfarvet-laeder-1-pers\\\/#primaryimage\"},\"thumbnailUrl\":\"https:\\\/\\\/tibladin.dk\\\/wp-content\\\/uploads\\\/2025\\\/04\\\/saekkestol-i-cognacfarvet-laeder_1-pers._LS6.jpg\",\"datePublished\":\"2025-04-24T12:02:25+00:00\",\"dateModified\":\"2025-05-12T06:53:50+00:00\",\"description\":\"S\u00e6kkestol h\u00e5ndlavet i Marrakech i l\u00e6kkert r\u00f8dbrunt l\u00e6der. Kan bruges som sofa eller l\u00e6nestol og tilf\u00f8jer farve og dybde til ethvert rum.\",\"breadcrumb\":{\"@id\":\"https:\\\/\\\/tibladin.dk\\\/produkt\\\/saekkestol-i-varm-cognacfarvet-laeder-1-pers\\\/#breadcrumb\"},\"inLanguage\":\"fr-FR\",\"potentialAction\":[{\"@type\":\"ReadAction\",\"target\":[\"https:\\\/\\\/tibladin.dk\\\/produkt\\\/saekkestol-i-varm-cognacfarvet-laeder-1-pers\\\/\"]}]},{\"@type\":\"ImageObject\",\"inLanguage\":\"fr-FR\",\"@id\":\"https:\\\/\\\/tibladin.dk\\\/produkt\\\/saekkestol-i-varm-cognacfarvet-laeder-1-pers\\\/#primaryimage\",\"url\":\"https:\\\/\\\/tibladin.dk\\\/wp-content\\\/uploads\\\/2025\\\/04\\\/saekkestol-i-cognacfarvet-laeder_1-pers._LS6.jpg\",\"contentUrl\":\"https:\\\/\\\/tibladin.dk\\\/wp-content\\\/uploads\\\/2025\\\/04\\\/saekkestol-i-cognacfarvet-laeder_1-pers._LS6.jpg\",\"width\":800,\"height\":800,\"caption\":\"S\u00e6kkestol i 100% kvalitetsgedel\u00e6der\"},{\"@type\":\"BreadcrumbList\",\"@id\":\"https:\\\/\\\/tibladin.dk\\\/produkt\\\/saekkestol-i-varm-cognacfarvet-laeder-1-pers\\\/#breadcrumb\",\"itemListElement\":[{\"@type\":\"ListItem\",\"position\":1,\"name\":\"Hjem\",\"item\":\"https:\\\/\\\/tibladin.dk\\\/\"},{\"@type\":\"ListItem\",\"position\":2,\"name\":\"Shop\",\"item\":\"https:\\\/\\\/tibladin.dk\\\/shop\\\/\"},{\"@type\":\"ListItem\",\"position\":3,\"name\":\"S\u00e6kkestol i varm cognacfarvet l\u00e6der 1-pers.\"}]},{\"@type\":\"WebSite\",\"@id\":\"https:\\\/\\\/tibladin.dk\\\/#website\",\"url\":\"https:\\\/\\\/tibladin.dk\\\/\",\"name\":\"Tibladin\",\"description\":\"Tibladin\",\"publisher\":{\"@id\":\"https:\\\/\\\/tibladin.dk\\\/#organization\"},\"potentialAction\":[{\"@type\":\"SearchAction\",\"target\":{\"@type\":\"EntryPoint\",\"urlTemplate\":\"https:\\\/\\\/tibladin.dk\\\/?s={search_term_string}\"},\"query-input\":{\"@type\":\"PropertyValueSpecification\",\"valueRequired\":true,\"valueName\":\"search_term_string\"}}],\"inLanguage\":\"fr-FR\"},{\"@type\":\"Organization\",\"@id\":\"https:\\\/\\\/tibladin.dk\\\/#organization\",\"name\":\"Tibladin\",\"url\":\"https:\\\/\\\/tibladin.dk\\\/\",\"logo\":{\"@type\":\"ImageObject\",\"inLanguage\":\"fr-FR\",\"@id\":\"https:\\\/\\\/tibladin.dk\\\/#\\\/schema\\\/logo\\\/image\\\/\",\"url\":\"https:\\\/\\\/tibladin.dk\\\/wp-content\\\/uploads\\\/2022\\\/09\\\/tibladin_logo.svg\",\"contentUrl\":\"https:\\\/\\\/tibladin.dk\\\/wp-content\\\/uploads\\\/2022\\\/09\\\/tibladin_logo.svg\",\"caption\":\"Tibladin\"},\"image\":{\"@id\":\"https:\\\/\\\/tibladin.dk\\\/#\\\/schema\\\/logo\\\/image\\\/\"}}]}<\/script>\n<!-- \/ Yoast SEO plugin. -->","yoast_head_json":{"title":"Pouf en cuir couleur cognac chaleureux | Conception unique | Tibladine","description":"Pouf fait main \u00e0 Marrakech dans un d\u00e9licieux cuir rouge-marron. Peut \u00eatre utilis\u00e9 comme canap\u00e9 ou fauteuil et ajoute de la couleur et de la profondeur \u00e0 n&#039;importe quelle pi\u00e8ce.","robots":{"index":"index","follow":"follow","max-snippet":"max-snippet:-1","max-image-preview":"max-image-preview:large","max-video-preview":"max-video-preview:-1"},"canonical":"https:\/\/tibladin.dk\/fr\/produit-4\/pouf-en-cuir-couleur-cognac-chaleureux-1-pers\/","og_locale":"fr_FR","og_type":"article","og_title":"S\u00e6kkestol i varm cognacfarvet l\u00e6der | Unikt design | Tibladin","og_description":"S\u00e6kkestol h\u00e5ndlavet i Marrakech i l\u00e6kkert r\u00f8dbrunt l\u00e6der. Kan bruges som sofa eller l\u00e6nestol og tilf\u00f8jer farve og dybde til ethvert rum.","og_url":"https:\/\/tibladin.dk\/fr\/produit-4\/pouf-en-cuir-couleur-cognac-chaleureux-1-pers\/","og_site_name":"Tibladin","article_modified_time":"2025-05-12T06:53:50+00:00","og_image":[{"width":800,"height":800,"url":"https:\/\/tibladin.dk\/wp-content\/uploads\/2025\/04\/saekkestol-i-cognacfarvet-laeder_1-pers._LS6.jpg","type":"image\/jpeg"}],"twitter_card":"summary_large_image","twitter_misc":{"Dur\u00e9e de lecture estim\u00e9e":"2 minutes"},"schema":{"@context":"https:\/\/schema.org","@graph":[{"@type":"WebPage","@id":"https:\/\/tibladin.dk\/produkt\/saekkestol-i-varm-cognacfarvet-laeder-1-pers\/","url":"https:\/\/tibladin.dk\/produkt\/saekkestol-i-varm-cognacfarvet-laeder-1-pers\/","name":"Pouf en cuir couleur cognac chaleureux | Conception unique | Tibladine","isPartOf":{"@id":"https:\/\/tibladin.dk\/#website"},"primaryImageOfPage":{"@id":"https:\/\/tibladin.dk\/produkt\/saekkestol-i-varm-cognacfarvet-laeder-1-pers\/#primaryimage"},"image":{"@id":"https:\/\/tibladin.dk\/produkt\/saekkestol-i-varm-cognacfarvet-laeder-1-pers\/#primaryimage"},"thumbnailUrl":"https:\/\/tibladin.dk\/wp-content\/uploads\/2025\/04\/saekkestol-i-cognacfarvet-laeder_1-pers._LS6.jpg","datePublished":"2025-04-24T12:02:25+00:00","dateModified":"2025-05-12T06:53:50+00:00","description":"Pouf fait main \u00e0 Marrakech dans un d\u00e9licieux cuir rouge-marron. Peut \u00eatre utilis\u00e9 comme canap\u00e9 ou fauteuil et ajoute de la couleur et de la profondeur \u00e0 n&#039;importe quelle pi\u00e8ce.","breadcrumb":{"@id":"https:\/\/tibladin.dk\/produkt\/saekkestol-i-varm-cognacfarvet-laeder-1-pers\/#breadcrumb"},"inLanguage":"fr-FR","potentialAction":[{"@type":"ReadAction","target":["https:\/\/tibladin.dk\/produkt\/saekkestol-i-varm-cognacfarvet-laeder-1-pers\/"]}]},{"@type":"ImageObject","inLanguage":"fr-FR","@id":"https:\/\/tibladin.dk\/produkt\/saekkestol-i-varm-cognacfarvet-laeder-1-pers\/#primaryimage","url":"https:\/\/tibladin.dk\/wp-content\/uploads\/2025\/04\/saekkestol-i-cognacfarvet-laeder_1-pers._LS6.jpg","contentUrl":"https:\/\/tibladin.dk\/wp-content\/uploads\/2025\/04\/saekkestol-i-cognacfarvet-laeder_1-pers._LS6.jpg","width":800,"height":800,"caption":"S\u00e6kkestol i 100% kvalitetsgedel\u00e6der"},{"@type":"BreadcrumbList","@id":"https:\/\/tibladin.dk\/produkt\/saekkestol-i-varm-cognacfarvet-laeder-1-pers\/#breadcrumb","itemListElement":[{"@type":"ListItem","position":1,"name":"Hjem","item":"https:\/\/tibladin.dk\/"},{"@type":"ListItem","position":2,"name":"Shop","item":"https:\/\/tibladin.dk\/shop\/"},{"@type":"ListItem","position":3,"name":"S\u00e6kkestol i varm cognacfarvet l\u00e6der 1-pers."}]},{"@type":"WebSite","@id":"https:\/\/tibladin.dk\/#website","url":"https:\/\/tibladin.dk\/","name":"Tibladin","description":"Tibladin","publisher":{"@id":"https:\/\/tibladin.dk\/#organization"},"potentialAction":[{"@type":"SearchAction","target":{"@type":"EntryPoint","urlTemplate":"https:\/\/tibladin.dk\/?s={search_term_string}"},"query-input":{"@type":"PropertyValueSpecification","valueRequired":true,"valueName":"search_term_string"}}],"inLanguage":"fr-FR"},{"@type":"Organization","@id":"https:\/\/tibladin.dk\/#organization","name":"Tibladin","url":"https:\/\/tibladin.dk\/","logo":{"@type":"ImageObject","inLanguage":"fr-FR","@id":"https:\/\/tibladin.dk\/#\/schema\/logo\/image\/","url":"https:\/\/tibladin.dk\/wp-content\/uploads\/2022\/09\/tibladin_logo.svg","contentUrl":"https:\/\/tibladin.dk\/wp-content\/uploads\/2022\/09\/tibladin_logo.svg","caption":"Tibladin"},"image":{"@id":"https:\/\/tibladin.dk\/#\/schema\/logo\/image\/"}}]}},"_links":{"self":[{"href":"https:\/\/tibladin.dk\/fr\/wp-json\/wp\/v2\/product\/36143","targetHints":{"allow":["GET"]}}],"collection":[{"href":"https:\/\/tibladin.dk\/fr\/wp-json\/wp\/v2\/product"}],"about":[{"href":"https:\/\/tibladin.dk\/fr\/wp-json\/wp\/v2\/types\/product"}],"wp:featuredmedia":[{"embeddable":true,"href":"https:\/\/tibladin.dk\/fr\/wp-json\/wp\/v2\/media\/36155"}],"wp:attachment":[{"href":"https:\/\/tibladin.dk\/fr\/wp-json\/wp\/v2\/media?parent=36143"}],"wp:term":[{"taxonomy":"product_brand","embeddable":true,"href":"https:\/\/tibladin.dk\/fr\/wp-json\/wp\/v2\/product_brand?post=36143"},{"taxonomy":"product_cat","embeddable":true,"href":"https:\/\/tibladin.dk\/fr\/wp-json\/wp\/v2\/product_cat?post=36143"},{"taxonomy":"product_tag","embeddable":true,"href":"https:\/\/tibladin.dk\/fr\/wp-json\/wp\/v2\/product_tag?post=36143"}],"curies":[{"name":"wp","href":"https:\/\/api.w.org\/{rel}","templated":true}]}}