{"id":36581,"date":"2025-05-22T18:36:23","date_gmt":"2025-05-22T16:36:23","guid":{"rendered":"https:\/\/tibladin.dk\/?post_type=product&#038;p=36581"},"modified":"2025-11-29T15:39:30","modified_gmt":"2025-11-29T14:39:30","slug":"plateau-en-bois-peint-a-la-main-terra","status":"publish","type":"product","link":"https:\/\/tibladin.dk\/fr\/produkt\/bakke-i-haandmalet-trae-terra\/","title":{"rendered":"Plateau en bois peint \u00e0 la main \u2013 TERRA"},"content":{"rendered":"<div class=\"wpb-content-wrapper\"><div class=\"vc_row wpb_row vc_row-fluid\"><div class=\"wpb_column vc_column_container vc_col-sm-4\"><div class=\"vc_column-inner\"><div class=\"wpb_wrapper\"><\/div><\/div><\/div><div class=\"wpb_column vc_column_container vc_col-sm-4\"><div class=\"vc_column-inner\"><div class=\"wpb_wrapper\"><h3 style=\"text-align: left\" class=\"vc_custom_heading vc_do_custom_heading\" >Entretien<\/h3>\n\t<div class=\"wpb_text_column wpb_content_element\" >\n\t\t<div class=\"wpb_wrapper\">\n\t\t\t<p>Le plateau peut \u00eatre essuy\u00e9 avec un chiffon humide.<\/p>\n\n\t\t<\/div>\n\t<\/div>\n<\/div><\/div><\/div><div class=\"wpb_column vc_column_container vc_col-sm-4\"><div class=\"vc_column-inner\"><div class=\"wpb_wrapper\"><h3 style=\"text-align: left\" class=\"vc_custom_heading vc_do_custom_heading\" >L&#039;histoire derri\u00e8re<\/h3>\n\t<div class=\"wpb_text_column wpb_content_element\" >\n\t\t<div class=\"wpb_wrapper\">\n\t\t\t<p data-start=\"0\" data-end=\"261\">Les plateaux en bois peints \u00e0 la main du Maroc sont des \u0153uvres d&#039;art uniques qui combinent l&#039;artisanat traditionnel avec l&#039;esth\u00e9tique marocaine color\u00e9e. Ces plateaux sont fabriqu\u00e9s dans un petit atelier, o\u00f9 des artisans qualifi\u00e9s peignent chaque pi\u00e8ce individuellement \u00e0 la main avec beaucoup de soin et de pr\u00e9cision.<\/p>\n<p data-start=\"263\" data-end=\"725\">Le bois, qui est g\u00e9n\u00e9ralement du c\u00e8dre ou du bois d&#039;olivier, est d&#039;abord coup\u00e9 et ponc\u00e9 \u00e0 la forme souhait\u00e9e, apr\u00e8s quoi la surface est trait\u00e9e pour la rendre lisse et durable. Ensuite, les motifs et les couleurs caract\u00e9ristiques sont appliqu\u00e9s, refl\u00e9tant le riche patrimoine culturel du Maroc. Les motifs peuvent varier des motifs g\u00e9om\u00e9triques et des arabesques aux fleurs et aux symboles, souvent dans des tons forts de bleu, rouge, jaune et vert \u2013 des couleurs qui ont une signification \u00e0 la fois esth\u00e9tique et symbolique dans l&#039;art marocain.<\/p>\n<p data-start=\"727\" data-end=\"1018\">Chaque plateau est unique, non seulement parce qu\u2019il est peint \u00e0 la main, mais parce que l\u2019artiste s\u2019inspire souvent de sa propre imagination ou des traditions locales. Les plateaux sont ainsi bien plus que de simples objets pratiques : ce sont de petites histoires d\u2019Afrique du Nord qui apportent chaleur, vie et histoire \u00e0 la maison.<\/p>\n\n\t\t<\/div>\n\t<\/div>\n<\/div><\/div><\/div><\/div>\n<\/div>","protected":false},"excerpt":{"rendered":"<p>Magnifique plateau marocain fait main avec les plus beaux motifs peints \u00e0 la main dans des couleurs terre cuite poussi\u00e9reuse, jaune et verte et avec des poign\u00e9es de transport pratiques. Parfait pour la d\u00e9coration, le service et le stockage. De cette fa\u00e7on, vous pouvez apporter le style et l\u2019artisanat marocains dans votre maison.<\/p>\n<p>Qu&#039;ils soient utilis\u00e9s pour le service, la d\u00e9coration ou comme \u00e9l\u00e9ment de d\u00e9coration de table, les plateaux en bois peints \u00e0 la main ajoutent une touche exotique et authentique. Ils sont \u00e9galement populaires comme cadeaux, car ils repr\u00e9sentent le meilleur de l&#039;artisanat et du patrimoine culturel marocain.<\/p>\n<p>Le plateau mesure 32 cm de diam\u00e8tre.<\/p>","protected":false},"featured_media":36587,"template":"","meta":{"inline_featured_image":false},"product_brand":[],"product_cat":[54,51],"product_tag":[],"class_list":{"0":"post-36581","1":"product","2":"type-product","3":"status-publish","4":"has-post-thumbnail","6":"product_cat-aesker-og-bakker","7":"product_cat-opbevaring","9":"first","10":"outofstock","11":"taxable","12":"shipping-taxable","13":"purchasable","14":"product-type-simple"},"exclude_global_add_ons":false,"addons":[{"name":"Vous souhaitez un emballage cadeau ?","type":"checkbox","position":0,"required":false,"title_format":"label","default":"","description_enable":false,"description":"","placeholder_enable":false,"placeholder":"","display":"images","restrictions_type":"any_text","adjust_price":false,"price":"","price_type":"flat_fee","restrictions":false,"min":"0","max":"0","options":[{"label":"Ja tak","price":"10","price_type":"flat_fee","image":11015,"visibility":true}],"id":1669646111}],"yoast_head":"<!-- This site is optimized with the Yoast SEO plugin v27.4 - https:\/\/yoast.com\/product\/yoast-seo-wordpress\/ -->\n<title>Bakke i h\u00e5ndmalet tr\u00e6 - TERRA | Smukt design | Tibladin<\/title>\n<meta name=\"description\" content=\"H\u00e5ndmalet bakke i tr\u00e6 med det fineste m\u00f8nster. Smukt design og hel unik. Brug den til at servere din eftermiddags te eller lad den st\u00e5 til pynt.\" \/>\n<meta name=\"robots\" content=\"index, follow, max-snippet:-1, max-image-preview:large, max-video-preview:-1\" \/>\n<link rel=\"canonical\" href=\"https:\/\/tibladin.dk\/fr\/produit-4\/plateau-en-bois-peint-a-la-main-terra\/\" \/>\n<meta property=\"og:locale\" content=\"fr_FR\" \/>\n<meta property=\"og:type\" content=\"article\" \/>\n<meta property=\"og:title\" content=\"Bakke i h\u00e5ndmalet tr\u00e6 - TERRA | Smukt design | Tibladin\" \/>\n<meta property=\"og:description\" content=\"H\u00e5ndmalet bakke i tr\u00e6 med det fineste m\u00f8nster. Smukt design og hel unik. Brug den til at servere din eftermiddags te eller lad den st\u00e5 til pynt.\" \/>\n<meta property=\"og:url\" content=\"https:\/\/tibladin.dk\/fr\/produit-4\/plateau-en-bois-peint-a-la-main-terra\/\" \/>\n<meta property=\"og:site_name\" content=\"Tibladin\" \/>\n<meta property=\"article:modified_time\" content=\"2025-11-29T14:39:30+00:00\" \/>\n<meta property=\"og:image\" content=\"https:\/\/tibladin.dk\/wp-content\/uploads\/2025\/05\/malet-bakke-i-trae_TERRA_6.jpg\" \/>\n\t<meta property=\"og:image:width\" content=\"800\" \/>\n\t<meta property=\"og:image:height\" content=\"800\" \/>\n\t<meta property=\"og:image:type\" content=\"image\/jpeg\" \/>\n<meta name=\"twitter:card\" content=\"summary_large_image\" \/>\n<meta name=\"twitter:label1\" content=\"Dur\u00e9e de lecture estim\u00e9e\" \/>\n\t<meta name=\"twitter:data1\" content=\"2 minutes\" \/>\n<script type=\"application\/ld+json\" class=\"yoast-schema-graph\">{\"@context\":\"https:\\\/\\\/schema.org\",\"@graph\":[{\"@type\":\"WebPage\",\"@id\":\"https:\\\/\\\/tibladin.dk\\\/produkt\\\/bakke-i-haandmalet-trae-terra\\\/\",\"url\":\"https:\\\/\\\/tibladin.dk\\\/produkt\\\/bakke-i-haandmalet-trae-terra\\\/\",\"name\":\"Bakke i h\u00e5ndmalet tr\u00e6 - TERRA | Smukt design | Tibladin\",\"isPartOf\":{\"@id\":\"https:\\\/\\\/tibladin.dk\\\/#website\"},\"primaryImageOfPage\":{\"@id\":\"https:\\\/\\\/tibladin.dk\\\/produkt\\\/bakke-i-haandmalet-trae-terra\\\/#primaryimage\"},\"image\":{\"@id\":\"https:\\\/\\\/tibladin.dk\\\/produkt\\\/bakke-i-haandmalet-trae-terra\\\/#primaryimage\"},\"thumbnailUrl\":\"https:\\\/\\\/tibladin.dk\\\/wp-content\\\/uploads\\\/2025\\\/05\\\/malet-bakke-i-trae_TERRA_6.jpg\",\"datePublished\":\"2025-05-22T16:36:23+00:00\",\"dateModified\":\"2025-11-29T14:39:30+00:00\",\"description\":\"H\u00e5ndmalet bakke i tr\u00e6 med det fineste m\u00f8nster. Smukt design og hel unik. Brug den til at servere din eftermiddags te eller lad den st\u00e5 til pynt.\",\"breadcrumb\":{\"@id\":\"https:\\\/\\\/tibladin.dk\\\/produkt\\\/bakke-i-haandmalet-trae-terra\\\/#breadcrumb\"},\"inLanguage\":\"fr-FR\",\"potentialAction\":[{\"@type\":\"ReadAction\",\"target\":[\"https:\\\/\\\/tibladin.dk\\\/produkt\\\/bakke-i-haandmalet-trae-terra\\\/\"]}]},{\"@type\":\"ImageObject\",\"inLanguage\":\"fr-FR\",\"@id\":\"https:\\\/\\\/tibladin.dk\\\/produkt\\\/bakke-i-haandmalet-trae-terra\\\/#primaryimage\",\"url\":\"https:\\\/\\\/tibladin.dk\\\/wp-content\\\/uploads\\\/2025\\\/05\\\/malet-bakke-i-trae_TERRA_6.jpg\",\"contentUrl\":\"https:\\\/\\\/tibladin.dk\\\/wp-content\\\/uploads\\\/2025\\\/05\\\/malet-bakke-i-trae_TERRA_6.jpg\",\"width\":800,\"height\":800,\"caption\":\"malet bakke i tr\u00e6_TERRA i st\u00f8vede terracotta og gr\u00f8nne farver\"},{\"@type\":\"BreadcrumbList\",\"@id\":\"https:\\\/\\\/tibladin.dk\\\/produkt\\\/bakke-i-haandmalet-trae-terra\\\/#breadcrumb\",\"itemListElement\":[{\"@type\":\"ListItem\",\"position\":1,\"name\":\"Hjem\",\"item\":\"https:\\\/\\\/tibladin.dk\\\/\"},{\"@type\":\"ListItem\",\"position\":2,\"name\":\"Shop\",\"item\":\"https:\\\/\\\/tibladin.dk\\\/shop\\\/\"},{\"@type\":\"ListItem\",\"position\":3,\"name\":\"Bakke i h\u00e5ndmalet tr\u00e6 &#8211; TERRA\"}]},{\"@type\":\"WebSite\",\"@id\":\"https:\\\/\\\/tibladin.dk\\\/#website\",\"url\":\"https:\\\/\\\/tibladin.dk\\\/\",\"name\":\"Tibladin\",\"description\":\"Tibladin\",\"publisher\":{\"@id\":\"https:\\\/\\\/tibladin.dk\\\/#organization\"},\"potentialAction\":[{\"@type\":\"SearchAction\",\"target\":{\"@type\":\"EntryPoint\",\"urlTemplate\":\"https:\\\/\\\/tibladin.dk\\\/?s={search_term_string}\"},\"query-input\":{\"@type\":\"PropertyValueSpecification\",\"valueRequired\":true,\"valueName\":\"search_term_string\"}}],\"inLanguage\":\"fr-FR\"},{\"@type\":\"Organization\",\"@id\":\"https:\\\/\\\/tibladin.dk\\\/#organization\",\"name\":\"Tibladin\",\"url\":\"https:\\\/\\\/tibladin.dk\\\/\",\"logo\":{\"@type\":\"ImageObject\",\"inLanguage\":\"fr-FR\",\"@id\":\"https:\\\/\\\/tibladin.dk\\\/#\\\/schema\\\/logo\\\/image\\\/\",\"url\":\"https:\\\/\\\/tibladin.dk\\\/wp-content\\\/uploads\\\/2022\\\/09\\\/tibladin_logo.svg\",\"contentUrl\":\"https:\\\/\\\/tibladin.dk\\\/wp-content\\\/uploads\\\/2022\\\/09\\\/tibladin_logo.svg\",\"caption\":\"Tibladin\"},\"image\":{\"@id\":\"https:\\\/\\\/tibladin.dk\\\/#\\\/schema\\\/logo\\\/image\\\/\"}}]}<\/script>\n<!-- \/ Yoast SEO plugin. -->","yoast_head_json":{"title":"Plateau en bois peint \u00e0 la main - TERRA | Beau design | Tibladin","description":"Plateau en bois peint \u00e0 la main avec le plus beau motif. Beau design et compl\u00e8tement unique. Utilisez-le pour servir votre th\u00e9 de l&#039;apr\u00e8s-midi ou laissez-le comme d\u00e9coration.","robots":{"index":"index","follow":"follow","max-snippet":"max-snippet:-1","max-image-preview":"max-image-preview:large","max-video-preview":"max-video-preview:-1"},"canonical":"https:\/\/tibladin.dk\/fr\/produit-4\/plateau-en-bois-peint-a-la-main-terra\/","og_locale":"fr_FR","og_type":"article","og_title":"Bakke i h\u00e5ndmalet tr\u00e6 - TERRA | Smukt design | Tibladin","og_description":"H\u00e5ndmalet bakke i tr\u00e6 med det fineste m\u00f8nster. Smukt design og hel unik. Brug den til at servere din eftermiddags te eller lad den st\u00e5 til pynt.","og_url":"https:\/\/tibladin.dk\/fr\/produit-4\/plateau-en-bois-peint-a-la-main-terra\/","og_site_name":"Tibladin","article_modified_time":"2025-11-29T14:39:30+00:00","og_image":[{"width":800,"height":800,"url":"https:\/\/tibladin.dk\/wp-content\/uploads\/2025\/05\/malet-bakke-i-trae_TERRA_6.jpg","type":"image\/jpeg"}],"twitter_card":"summary_large_image","twitter_misc":{"Dur\u00e9e de lecture estim\u00e9e":"2 minutes"},"schema":{"@context":"https:\/\/schema.org","@graph":[{"@type":"WebPage","@id":"https:\/\/tibladin.dk\/produkt\/bakke-i-haandmalet-trae-terra\/","url":"https:\/\/tibladin.dk\/produkt\/bakke-i-haandmalet-trae-terra\/","name":"Plateau en bois peint \u00e0 la main - TERRA | Beau design | Tibladin","isPartOf":{"@id":"https:\/\/tibladin.dk\/#website"},"primaryImageOfPage":{"@id":"https:\/\/tibladin.dk\/produkt\/bakke-i-haandmalet-trae-terra\/#primaryimage"},"image":{"@id":"https:\/\/tibladin.dk\/produkt\/bakke-i-haandmalet-trae-terra\/#primaryimage"},"thumbnailUrl":"https:\/\/tibladin.dk\/wp-content\/uploads\/2025\/05\/malet-bakke-i-trae_TERRA_6.jpg","datePublished":"2025-05-22T16:36:23+00:00","dateModified":"2025-11-29T14:39:30+00:00","description":"Plateau en bois peint \u00e0 la main avec le plus beau motif. Beau design et compl\u00e8tement unique. Utilisez-le pour servir votre th\u00e9 de l&#039;apr\u00e8s-midi ou laissez-le comme d\u00e9coration.","breadcrumb":{"@id":"https:\/\/tibladin.dk\/produkt\/bakke-i-haandmalet-trae-terra\/#breadcrumb"},"inLanguage":"fr-FR","potentialAction":[{"@type":"ReadAction","target":["https:\/\/tibladin.dk\/produkt\/bakke-i-haandmalet-trae-terra\/"]}]},{"@type":"ImageObject","inLanguage":"fr-FR","@id":"https:\/\/tibladin.dk\/produkt\/bakke-i-haandmalet-trae-terra\/#primaryimage","url":"https:\/\/tibladin.dk\/wp-content\/uploads\/2025\/05\/malet-bakke-i-trae_TERRA_6.jpg","contentUrl":"https:\/\/tibladin.dk\/wp-content\/uploads\/2025\/05\/malet-bakke-i-trae_TERRA_6.jpg","width":800,"height":800,"caption":"malet bakke i tr\u00e6_TERRA i st\u00f8vede terracotta og gr\u00f8nne farver"},{"@type":"BreadcrumbList","@id":"https:\/\/tibladin.dk\/produkt\/bakke-i-haandmalet-trae-terra\/#breadcrumb","itemListElement":[{"@type":"ListItem","position":1,"name":"Hjem","item":"https:\/\/tibladin.dk\/"},{"@type":"ListItem","position":2,"name":"Shop","item":"https:\/\/tibladin.dk\/shop\/"},{"@type":"ListItem","position":3,"name":"Bakke i h\u00e5ndmalet tr\u00e6 &#8211; TERRA"}]},{"@type":"WebSite","@id":"https:\/\/tibladin.dk\/#website","url":"https:\/\/tibladin.dk\/","name":"Tibladin","description":"Tibladin","publisher":{"@id":"https:\/\/tibladin.dk\/#organization"},"potentialAction":[{"@type":"SearchAction","target":{"@type":"EntryPoint","urlTemplate":"https:\/\/tibladin.dk\/?s={search_term_string}"},"query-input":{"@type":"PropertyValueSpecification","valueRequired":true,"valueName":"search_term_string"}}],"inLanguage":"fr-FR"},{"@type":"Organization","@id":"https:\/\/tibladin.dk\/#organization","name":"Tibladin","url":"https:\/\/tibladin.dk\/","logo":{"@type":"ImageObject","inLanguage":"fr-FR","@id":"https:\/\/tibladin.dk\/#\/schema\/logo\/image\/","url":"https:\/\/tibladin.dk\/wp-content\/uploads\/2022\/09\/tibladin_logo.svg","contentUrl":"https:\/\/tibladin.dk\/wp-content\/uploads\/2022\/09\/tibladin_logo.svg","caption":"Tibladin"},"image":{"@id":"https:\/\/tibladin.dk\/#\/schema\/logo\/image\/"}}]}},"_links":{"self":[{"href":"https:\/\/tibladin.dk\/fr\/wp-json\/wp\/v2\/product\/36581","targetHints":{"allow":["GET"]}}],"collection":[{"href":"https:\/\/tibladin.dk\/fr\/wp-json\/wp\/v2\/product"}],"about":[{"href":"https:\/\/tibladin.dk\/fr\/wp-json\/wp\/v2\/types\/product"}],"wp:featuredmedia":[{"embeddable":true,"href":"https:\/\/tibladin.dk\/fr\/wp-json\/wp\/v2\/media\/36587"}],"wp:attachment":[{"href":"https:\/\/tibladin.dk\/fr\/wp-json\/wp\/v2\/media?parent=36581"}],"wp:term":[{"taxonomy":"product_brand","embeddable":true,"href":"https:\/\/tibladin.dk\/fr\/wp-json\/wp\/v2\/product_brand?post=36581"},{"taxonomy":"product_cat","embeddable":true,"href":"https:\/\/tibladin.dk\/fr\/wp-json\/wp\/v2\/product_cat?post=36581"},{"taxonomy":"product_tag","embeddable":true,"href":"https:\/\/tibladin.dk\/fr\/wp-json\/wp\/v2\/product_tag?post=36581"}],"curies":[{"name":"wp","href":"https:\/\/api.w.org\/{rel}","templated":true}]}}