{"id":36813,"date":"2025-05-29T09:19:00","date_gmt":"2025-05-29T07:19:00","guid":{"rendered":"https:\/\/tibladin.dk\/?post_type=product&#038;p=36813"},"modified":"2026-04-04T13:41:22","modified_gmt":"2026-04-04T11:41:22","slug":"boucles-doreilles-en-argent-turquoise-clarte","status":"publish","type":"product","link":"https:\/\/tibladin.dk\/fr\/produkt\/oereringe-i-soelv-turkis-clarte\/","title":{"rendered":"Boucles d&#039;oreilles argent \u2013 Turquoise -CLART\u00c9"},"content":{"rendered":"<div class=\"wpb-content-wrapper\"><div class=\"vc_row wpb_row vc_row-fluid\"><div class=\"wpb_column vc_column_container vc_col-sm-4\"><div class=\"vc_column-inner\"><div class=\"wpb_wrapper\"><\/div><\/div><\/div><div class=\"wpb_column vc_column_container vc_col-sm-4\"><div class=\"vc_column-inner\"><div class=\"wpb_wrapper\"><h3 style=\"text-align: left\" class=\"vc_custom_heading vc_do_custom_heading\" >Entretien<\/h3>\n\t<div class=\"wpb_text_column wpb_content_element\" >\n\t\t<div class=\"wpb_wrapper\">\n\t\t\t<p>L&#039;argent ternit et s&#039;assombrit avec le temps. Il s\u2019agit d\u2019un processus tout \u00e0 fait naturel qui se produit lorsque l\u2019argent entre en contact avec l\u2019oxyg\u00e8ne, l\u2019acide et la sueur du corps. Vous pouvez facilement redynamiser vos bijoux en argent. Placez-les dans un petit bol d&#039;eau et de savon doux et frottez doucement avec un chiffon en coton doux. Vous pouvez \u00e9galement acheter un nettoyant sp\u00e9cial argent pour bijoux, que vous frottez doucement sur les bijoux en argent avec un chiffon en coton et frottez l\u00e9g\u00e8rement jusqu&#039;\u00e0 ce qu&#039;ils brillent \u00e0 nouveau.<\/p>\n<p>La turquoise peut \u00eatre nettoy\u00e9e d\u00e9licatement avec un chiffon doux et \u00e9ventuellement de l&#039;eau ti\u00e8de. \u00c9vitez le savon, les produits chimiques et les parfums. Tenir \u00e0 l&#039;\u00e9cart de la lumi\u00e8re directe du soleil pendant de longues p\u00e9riodes car la pierre pourrait se d\u00e9colorer.<\/p>\n\n\t\t<\/div>\n\t<\/div>\n<\/div><\/div><\/div><div class=\"wpb_column vc_column_container vc_col-sm-4\"><div class=\"vc_column-inner\"><div class=\"wpb_wrapper\"><h3 style=\"text-align: left\" class=\"vc_custom_heading vc_do_custom_heading\" >L&#039;histoire derri\u00e8re<\/h3>\n\t<div class=\"wpb_text_column wpb_content_element\" >\n\t\t<div class=\"wpb_wrapper\">\n\t\t\t<p><span style=\"font-weight: 400;\">Tiznit est une petite ville de la r\u00e9gion Souss-Massa situ\u00e9e sur la c\u00f4te ouest du Maroc. Les bijoux traditionnels marocains amazighs\/berb\u00e8res sont associ\u00e9s \u00e0 Tiznit car cette ville est connue pour ses ann\u00e9es de savoir-faire en mati\u00e8re de bijoux traditionnels en argent de haute qualit\u00e9 fabriqu\u00e9s \u00e0 la main par des artisans qualifi\u00e9s. Chaque bijou est le r\u00e9sultat d&#039;un savoir-faire d\u00e9di\u00e9 et chacun raconte une histoire, \u00e9tant un symbole du savoir-faire cr\u00e9atif et magnifique des cr\u00e9ateurs. Les bijoux repr\u00e9sentent non seulement le patrimoine culturel de la ville, mais tout le patrimoine culturel du Maroc ainsi que les traditions des Berb\u00e8res, transmises de g\u00e9n\u00e9ration en g\u00e9n\u00e9ration.\u00a0<\/span><\/p>\n<p><span style=\"font-weight: 400;\"><br \/>\n<\/span><b>Racontez votre histoire \u00e0 travers des bijoux<\/b><\/p>\n<p><span style=\"font-weight: 400;\">Un bijou peut contenir de nombreux souvenirs et raconter votre histoire personnelle, tandis que vous l&#039;emportez avec vous dans votre propre voyage et cr\u00e9ez des exp\u00e9riences belles et m\u00e9morables. Quand Tibladin part \u00e0 la chasse aux bijoux dans la ville marocaine de Tiznit, dont le c\u0153ur bat pour les bijoux,<\/span><\/p>\n<p><span style=\"font-weight: 400;\">nous s\u00e9lectionnons des bijoux dont le style varie et qui, \u00e0 leur mani\u00e8re charmante, combinent le design classique et historique que les Berb\u00e8res pr\u00e9f\u00e8rent avec \u00e9l\u00e9gance et intemporalit\u00e9.\u00a0<\/span><\/p>\n<p><br style=\"font-weight: 400;\" \/><\/p>\n\n\t\t<\/div>\n\t<\/div>\n<\/div><\/div><\/div><\/div>\n<\/div>","protected":false},"excerpt":{"rendered":"<p>Boucles d&#039;oreilles en argent v\u00e9ritable avec une pierre turquoise ovale avec de douces marques de matrice dor\u00e9e.<\/p>\n<p>Les boucles d&#039;oreilles ont un design intemporel et peuvent \u00eatre utilis\u00e9es aussi bien au quotidien que pour des occasions plus raffin\u00e9es. Ces boucles d&#039;oreilles sont totalement uniques, tout comme tous les autres bijoux de Tibladin. Il n&#039;y a qu&#039;une seule paire disponible. Fabriqu\u00e9 \u00e0 la main par des locaux qualifi\u00e9s avec un sens de l&#039;artisanat dans la ville des bijoux, Tiznit.<\/p>\n<p>La turquoise est connue pour offrir protection et force et est utilis\u00e9e comme amulette dans de nombreuses cultures. Apporte calme et \u00e9quilibre et rejette l&#039;\u00e9nergie n\u00e9gative.<\/p>","protected":false},"featured_media":36814,"template":"","meta":{"inline_featured_image":false},"product_brand":[],"product_cat":[166,162],"product_tag":[],"class_list":{"0":"post-36813","1":"product","2":"type-product","3":"status-publish","4":"has-post-thumbnail","6":"product_cat-oereringe","7":"product_cat-smykker","9":"first","10":"outofstock","11":"taxable","12":"shipping-taxable","13":"purchasable","14":"product-type-simple"},"exclude_global_add_ons":[],"addons":[],"yoast_head":"<!-- This site is optimized with the Yoast SEO plugin v27.4 - https:\/\/yoast.com\/product\/yoast-seo-wordpress\/ -->\n<title>H\u00e5ndlavede marokkanske smykker | Stort udvalg | Kun hos Tibladin<\/title>\n<meta name=\"description\" content=\"Smukke h\u00e5ndlavede \u00f8reringe i s\u00f8lv fra Tiznit i Marokko. Perfekte til dig, der elsker at have unikke smykker med en historie.\" \/>\n<meta name=\"robots\" content=\"index, follow, max-snippet:-1, max-image-preview:large, max-video-preview:-1\" \/>\n<link rel=\"canonical\" href=\"https:\/\/tibladin.dk\/fr\/produit-4\/boucles-doreilles-en-argent-turquoise-clarte\/\" \/>\n<meta property=\"og:locale\" content=\"fr_FR\" \/>\n<meta property=\"og:type\" content=\"article\" \/>\n<meta property=\"og:title\" content=\"H\u00e5ndlavede marokkanske smykker | Stort udvalg | Kun hos Tibladin\" \/>\n<meta property=\"og:description\" content=\"Smukke h\u00e5ndlavede \u00f8reringe i s\u00f8lv fra Tiznit i Marokko. Perfekte til dig, der elsker at have unikke smykker med en historie.\" \/>\n<meta property=\"og:url\" content=\"https:\/\/tibladin.dk\/fr\/produit-4\/boucles-doreilles-en-argent-turquoise-clarte\/\" \/>\n<meta property=\"og:site_name\" content=\"Tibladin\" \/>\n<meta property=\"article:modified_time\" content=\"2026-04-04T11:41:22+00:00\" \/>\n<meta property=\"og:image\" content=\"https:\/\/tibladin.dk\/wp-content\/uploads\/2025\/05\/Oereringe_turkis_CLARTE_1.jpg\" \/>\n\t<meta property=\"og:image:width\" content=\"800\" \/>\n\t<meta property=\"og:image:height\" content=\"800\" \/>\n\t<meta property=\"og:image:type\" content=\"image\/jpeg\" \/>\n<meta name=\"twitter:card\" content=\"summary_large_image\" \/>\n<meta name=\"twitter:label1\" content=\"Dur\u00e9e de lecture estim\u00e9e\" \/>\n\t<meta name=\"twitter:data1\" content=\"3 minutes\" \/>\n<script type=\"application\/ld+json\" class=\"yoast-schema-graph\">{\"@context\":\"https:\\\/\\\/schema.org\",\"@graph\":[{\"@type\":\"WebPage\",\"@id\":\"https:\\\/\\\/tibladin.dk\\\/produkt\\\/oereringe-i-soelv-turkis-clarte\\\/\",\"url\":\"https:\\\/\\\/tibladin.dk\\\/produkt\\\/oereringe-i-soelv-turkis-clarte\\\/\",\"name\":\"H\u00e5ndlavede marokkanske smykker | Stort udvalg | Kun hos Tibladin\",\"isPartOf\":{\"@id\":\"https:\\\/\\\/tibladin.dk\\\/#website\"},\"primaryImageOfPage\":{\"@id\":\"https:\\\/\\\/tibladin.dk\\\/produkt\\\/oereringe-i-soelv-turkis-clarte\\\/#primaryimage\"},\"image\":{\"@id\":\"https:\\\/\\\/tibladin.dk\\\/produkt\\\/oereringe-i-soelv-turkis-clarte\\\/#primaryimage\"},\"thumbnailUrl\":\"https:\\\/\\\/tibladin.dk\\\/wp-content\\\/uploads\\\/2025\\\/05\\\/Oereringe_turkis_CLARTE_1.jpg\",\"datePublished\":\"2025-05-29T07:19:00+00:00\",\"dateModified\":\"2026-04-04T11:41:22+00:00\",\"description\":\"Smukke h\u00e5ndlavede \u00f8reringe i s\u00f8lv fra Tiznit i Marokko. Perfekte til dig, der elsker at have unikke smykker med en historie.\",\"breadcrumb\":{\"@id\":\"https:\\\/\\\/tibladin.dk\\\/produkt\\\/oereringe-i-soelv-turkis-clarte\\\/#breadcrumb\"},\"inLanguage\":\"fr-FR\",\"potentialAction\":[{\"@type\":\"ReadAction\",\"target\":[\"https:\\\/\\\/tibladin.dk\\\/produkt\\\/oereringe-i-soelv-turkis-clarte\\\/\"]}]},{\"@type\":\"ImageObject\",\"inLanguage\":\"fr-FR\",\"@id\":\"https:\\\/\\\/tibladin.dk\\\/produkt\\\/oereringe-i-soelv-turkis-clarte\\\/#primaryimage\",\"url\":\"https:\\\/\\\/tibladin.dk\\\/wp-content\\\/uploads\\\/2025\\\/05\\\/Oereringe_turkis_CLARTE_1.jpg\",\"contentUrl\":\"https:\\\/\\\/tibladin.dk\\\/wp-content\\\/uploads\\\/2025\\\/05\\\/Oereringe_turkis_CLARTE_1.jpg\",\"width\":800,\"height\":800,\"caption\":\"\u00d8reringe_turkis_CLART\u00c8_med oval stor turkis\"},{\"@type\":\"BreadcrumbList\",\"@id\":\"https:\\\/\\\/tibladin.dk\\\/produkt\\\/oereringe-i-soelv-turkis-clarte\\\/#breadcrumb\",\"itemListElement\":[{\"@type\":\"ListItem\",\"position\":1,\"name\":\"Hjem\",\"item\":\"https:\\\/\\\/tibladin.dk\\\/\"},{\"@type\":\"ListItem\",\"position\":2,\"name\":\"Shop\",\"item\":\"https:\\\/\\\/tibladin.dk\\\/shop\\\/\"},{\"@type\":\"ListItem\",\"position\":3,\"name\":\"\u00d8reringe i s\u00f8lv &#8211; Turkis -CLART\u00c9\"}]},{\"@type\":\"WebSite\",\"@id\":\"https:\\\/\\\/tibladin.dk\\\/#website\",\"url\":\"https:\\\/\\\/tibladin.dk\\\/\",\"name\":\"Tibladin\",\"description\":\"Tibladin\",\"publisher\":{\"@id\":\"https:\\\/\\\/tibladin.dk\\\/#organization\"},\"potentialAction\":[{\"@type\":\"SearchAction\",\"target\":{\"@type\":\"EntryPoint\",\"urlTemplate\":\"https:\\\/\\\/tibladin.dk\\\/?s={search_term_string}\"},\"query-input\":{\"@type\":\"PropertyValueSpecification\",\"valueRequired\":true,\"valueName\":\"search_term_string\"}}],\"inLanguage\":\"fr-FR\"},{\"@type\":\"Organization\",\"@id\":\"https:\\\/\\\/tibladin.dk\\\/#organization\",\"name\":\"Tibladin\",\"url\":\"https:\\\/\\\/tibladin.dk\\\/\",\"logo\":{\"@type\":\"ImageObject\",\"inLanguage\":\"fr-FR\",\"@id\":\"https:\\\/\\\/tibladin.dk\\\/#\\\/schema\\\/logo\\\/image\\\/\",\"url\":\"https:\\\/\\\/tibladin.dk\\\/wp-content\\\/uploads\\\/2022\\\/09\\\/tibladin_logo.svg\",\"contentUrl\":\"https:\\\/\\\/tibladin.dk\\\/wp-content\\\/uploads\\\/2022\\\/09\\\/tibladin_logo.svg\",\"caption\":\"Tibladin\"},\"image\":{\"@id\":\"https:\\\/\\\/tibladin.dk\\\/#\\\/schema\\\/logo\\\/image\\\/\"}}]}<\/script>\n<!-- \/ Yoast SEO plugin. -->","yoast_head_json":{"title":"Bijoux marocains faits \u00e0 la main | Grand choix | Uniquement \u00e0 Tibladin","description":"Magnifiques boucles d&#039;oreilles faites main en argent provenant de Tiznit au Maroc. Parfait pour celles qui aiment avoir des bijoux uniques avec une histoire.","robots":{"index":"index","follow":"follow","max-snippet":"max-snippet:-1","max-image-preview":"max-image-preview:large","max-video-preview":"max-video-preview:-1"},"canonical":"https:\/\/tibladin.dk\/fr\/produit-4\/boucles-doreilles-en-argent-turquoise-clarte\/","og_locale":"fr_FR","og_type":"article","og_title":"H\u00e5ndlavede marokkanske smykker | Stort udvalg | Kun hos Tibladin","og_description":"Smukke h\u00e5ndlavede \u00f8reringe i s\u00f8lv fra Tiznit i Marokko. Perfekte til dig, der elsker at have unikke smykker med en historie.","og_url":"https:\/\/tibladin.dk\/fr\/produit-4\/boucles-doreilles-en-argent-turquoise-clarte\/","og_site_name":"Tibladin","article_modified_time":"2026-04-04T11:41:22+00:00","og_image":[{"width":800,"height":800,"url":"https:\/\/tibladin.dk\/wp-content\/uploads\/2025\/05\/Oereringe_turkis_CLARTE_1.jpg","type":"image\/jpeg"}],"twitter_card":"summary_large_image","twitter_misc":{"Dur\u00e9e de lecture estim\u00e9e":"3 minutes"},"schema":{"@context":"https:\/\/schema.org","@graph":[{"@type":"WebPage","@id":"https:\/\/tibladin.dk\/produkt\/oereringe-i-soelv-turkis-clarte\/","url":"https:\/\/tibladin.dk\/produkt\/oereringe-i-soelv-turkis-clarte\/","name":"Bijoux marocains faits \u00e0 la main | Grand choix | Uniquement \u00e0 Tibladin","isPartOf":{"@id":"https:\/\/tibladin.dk\/#website"},"primaryImageOfPage":{"@id":"https:\/\/tibladin.dk\/produkt\/oereringe-i-soelv-turkis-clarte\/#primaryimage"},"image":{"@id":"https:\/\/tibladin.dk\/produkt\/oereringe-i-soelv-turkis-clarte\/#primaryimage"},"thumbnailUrl":"https:\/\/tibladin.dk\/wp-content\/uploads\/2025\/05\/Oereringe_turkis_CLARTE_1.jpg","datePublished":"2025-05-29T07:19:00+00:00","dateModified":"2026-04-04T11:41:22+00:00","description":"Magnifiques boucles d&#039;oreilles faites main en argent provenant de Tiznit au Maroc. Parfait pour celles qui aiment avoir des bijoux uniques avec une histoire.","breadcrumb":{"@id":"https:\/\/tibladin.dk\/produkt\/oereringe-i-soelv-turkis-clarte\/#breadcrumb"},"inLanguage":"fr-FR","potentialAction":[{"@type":"ReadAction","target":["https:\/\/tibladin.dk\/produkt\/oereringe-i-soelv-turkis-clarte\/"]}]},{"@type":"ImageObject","inLanguage":"fr-FR","@id":"https:\/\/tibladin.dk\/produkt\/oereringe-i-soelv-turkis-clarte\/#primaryimage","url":"https:\/\/tibladin.dk\/wp-content\/uploads\/2025\/05\/Oereringe_turkis_CLARTE_1.jpg","contentUrl":"https:\/\/tibladin.dk\/wp-content\/uploads\/2025\/05\/Oereringe_turkis_CLARTE_1.jpg","width":800,"height":800,"caption":"\u00d8reringe_turkis_CLART\u00c8_med oval stor turkis"},{"@type":"BreadcrumbList","@id":"https:\/\/tibladin.dk\/produkt\/oereringe-i-soelv-turkis-clarte\/#breadcrumb","itemListElement":[{"@type":"ListItem","position":1,"name":"Hjem","item":"https:\/\/tibladin.dk\/"},{"@type":"ListItem","position":2,"name":"Shop","item":"https:\/\/tibladin.dk\/shop\/"},{"@type":"ListItem","position":3,"name":"\u00d8reringe i s\u00f8lv &#8211; Turkis -CLART\u00c9"}]},{"@type":"WebSite","@id":"https:\/\/tibladin.dk\/#website","url":"https:\/\/tibladin.dk\/","name":"Tibladin","description":"Tibladin","publisher":{"@id":"https:\/\/tibladin.dk\/#organization"},"potentialAction":[{"@type":"SearchAction","target":{"@type":"EntryPoint","urlTemplate":"https:\/\/tibladin.dk\/?s={search_term_string}"},"query-input":{"@type":"PropertyValueSpecification","valueRequired":true,"valueName":"search_term_string"}}],"inLanguage":"fr-FR"},{"@type":"Organization","@id":"https:\/\/tibladin.dk\/#organization","name":"Tibladin","url":"https:\/\/tibladin.dk\/","logo":{"@type":"ImageObject","inLanguage":"fr-FR","@id":"https:\/\/tibladin.dk\/#\/schema\/logo\/image\/","url":"https:\/\/tibladin.dk\/wp-content\/uploads\/2022\/09\/tibladin_logo.svg","contentUrl":"https:\/\/tibladin.dk\/wp-content\/uploads\/2022\/09\/tibladin_logo.svg","caption":"Tibladin"},"image":{"@id":"https:\/\/tibladin.dk\/#\/schema\/logo\/image\/"}}]}},"_links":{"self":[{"href":"https:\/\/tibladin.dk\/fr\/wp-json\/wp\/v2\/product\/36813","targetHints":{"allow":["GET"]}}],"collection":[{"href":"https:\/\/tibladin.dk\/fr\/wp-json\/wp\/v2\/product"}],"about":[{"href":"https:\/\/tibladin.dk\/fr\/wp-json\/wp\/v2\/types\/product"}],"wp:featuredmedia":[{"embeddable":true,"href":"https:\/\/tibladin.dk\/fr\/wp-json\/wp\/v2\/media\/36814"}],"wp:attachment":[{"href":"https:\/\/tibladin.dk\/fr\/wp-json\/wp\/v2\/media?parent=36813"}],"wp:term":[{"taxonomy":"product_brand","embeddable":true,"href":"https:\/\/tibladin.dk\/fr\/wp-json\/wp\/v2\/product_brand?post=36813"},{"taxonomy":"product_cat","embeddable":true,"href":"https:\/\/tibladin.dk\/fr\/wp-json\/wp\/v2\/product_cat?post=36813"},{"taxonomy":"product_tag","embeddable":true,"href":"https:\/\/tibladin.dk\/fr\/wp-json\/wp\/v2\/product_tag?post=36813"}],"curies":[{"name":"wp","href":"https:\/\/api.w.org\/{rel}","templated":true}]}}