{"id":36854,"date":"2025-05-31T12:13:51","date_gmt":"2025-05-31T10:13:51","guid":{"rendered":"https:\/\/tibladin.dk\/?post_type=product&#038;p=36854"},"modified":"2025-06-03T11:59:49","modified_gmt":"2025-06-03T09:59:49","slug":"chemise-ange-berry_m","status":"publish","type":"product","link":"https:\/\/tibladin.dk\/fr\/produkt\/skjorte-angel-berry_m\/","title":{"rendered":"Chemise ANGEL-BERRY_M"},"content":{"rendered":"<div class=\"wpb-content-wrapper\"><div class=\"vc_row wpb_row vc_row-fluid\"><div class=\"wpb_column vc_column_container vc_col-sm-4\"><div class=\"vc_column-inner\"><div class=\"wpb_wrapper\"><\/div><\/div><\/div><div class=\"wpb_column vc_column_container vc_col-sm-4\"><div class=\"vc_column-inner\"><div class=\"wpb_wrapper\"><h3 style=\"text-align: left\" class=\"vc_custom_heading vc_do_custom_heading\" >Entretien<\/h3>\n\t<div class=\"wpb_text_column wpb_content_element\" >\n\t\t<div class=\"wpb_wrapper\">\n\t\t\t<p>Les chemises sont en coton 100% et peuvent donc \u00eatre lav\u00e9es en machine jusqu&#039;\u00e0 30 degr\u00e9s. Nous recommandons \u00e9galement de repasser les robes \u00e0 la vapeur ou \u00e0 la vapeur \u00e0 basse temp\u00e9rature pour \u00e9viter les plis.<\/p>\n\n\t\t<\/div>\n\t<\/div>\n<\/div><\/div><\/div><div class=\"wpb_column vc_column_container vc_col-sm-4\"><div class=\"vc_column-inner\"><div class=\"wpb_wrapper\"><h3 style=\"text-align: left\" class=\"vc_custom_heading vc_do_custom_heading\" >L&#039;histoire derri\u00e8re<\/h3>\n\t<div class=\"wpb_text_column wpb_content_element\" >\n\t\t<div class=\"wpb_wrapper\">\n\t\t\t<p data-start=\"192\" data-end=\"371\">N\u00e9 au c\u0153ur de Marrakech, o\u00f9 couleurs, artisanat et histoire se tissent dans chaque rue, <em data-start=\"288\" data-end=\"299\">chic2luxe<\/em> Une marque ancr\u00e9e dans la tradition, privil\u00e9giant la libert\u00e9 et le style. Virginie, \u00e0 l&#039;origine de cette marque, travaille en \u00e9troite collaboration avec des tailleurs marocains qui, passionn\u00e9s par leur m\u00e9tier, cousent chaque cr\u00e9ation \u00e0 la main. Dans un souci de respect de l&#039;environnement, ces cr\u00e9ations sont cousues main en quantit\u00e9s limit\u00e9es et chaque mod\u00e8le est unique. Aucune production de masse.<\/p>\n<p data-start=\"373\" data-end=\"695\">Derri\u00e8re la marque se cache une passion pour la mode personnelle avec une \u00e2me : des v\u00eatements qui racontent des histoires et cr\u00e9ent de l&#039;espace pour des aper\u00e7us quotidiens et des moments de r\u00eave.<br data-start=\"525\" data-end=\"528\" \/>Tous les styles sont con\u00e7us dans le respect du confort, de la l\u00e9g\u00e8ret\u00e9 et de l&#039;aspect fait main - souvent avec une touche ludique comme la broderie, les contrastes ou les d\u00e9tails surprenants.<\/p>\n<p data-start=\"697\" data-end=\"875\">Les collections sont cr\u00e9\u00e9es dans des mat\u00e9riaux naturels l\u00e9gers, et chaque pi\u00e8ce porte une touche de l&#039;\u00e9nergie de Marrakech - l\u00e0 o\u00f9 le vent du d\u00e9sert rencontre le souk, et o\u00f9 la tradition devient quelque chose de nouveau.<\/p>\n\n\t\t<\/div>\n\t<\/div>\n<\/div><\/div><\/div><\/div>\n<\/div>","protected":false},"excerpt":{"rendered":"<p data-start=\"14\" data-end=\"250\">Cette chemise a un look magnifique et ludique avec ses ailes florales sombres dans des tons roses et violets, se d\u00e9tachant sur le fond ray\u00e9 clair et discret. Elle est audacieuse, f\u00e9minine et un peu r\u00eaveuse \u2013 une chemise avec du caract\u00e8re et du contraste.<\/p>\n<p data-start=\"267\" data-end=\"538\">Confectionn\u00e9 en coton l\u00e9ger et respirant \u00e0 fines rayures blanches et vieux rose, il pr\u00e9sente une coupe d\u00e9contract\u00e9e, l\u00e9g\u00e8rement oversize, avec des manches longues et un d\u00e9collet\u00e9 \u00e9l\u00e9gant et profond. Au dos, un ensemble d&#039;ailes d&#039;ange color\u00e9es cousues se d\u00e9ploie - avec des d\u00e9tails floraux aux couleurs rose et rose qui \u00e9quilibrent la force et la gr\u00e2ce.<\/p>\n<p data-start=\"540\" data-end=\"618\">Parfait pour les journ\u00e9es chaudes, en superposition ou simplement lorsque vous voulez vous sentir libre.<\/p>\n<p data-start=\"540\" data-end=\"618\">La chemise est d&#039;une taille. Moyen mais surdimensionn\u00e9, il convient donc \u00e0 la plupart des tailles moyennes et grandes. Si vous souhaitez un look oversize comme le mod\u00e8le sur la photo, qui fait une taille. S, vous pouvez \u00e9galement l&#039;utiliser si vous utilisez normalement Small. Il n&#039;existe qu&#039;un seul exemplaire de cette chemise et elle n&#039;est donc pas disponible en plusieurs tailles diff\u00e9rentes.<\/p>\n<p data-start=\"540\" data-end=\"618\">DIMENSIONS : Longueur des manches 58 cm (\u00e0 partir du col) encolure 20 cm<\/p>\n<p data-start=\"540\" data-end=\"618\">Longueur (\u00e0 partir du cou) 47 cm devant et 55 cm derri\u00e8re | Largeur 63 cm<\/p>\n<p data-start=\"540\" data-end=\"618\">Le mod\u00e8le sur la photo est une taille. S<\/p>","protected":false},"featured_media":36861,"template":"","meta":{"inline_featured_image":false},"product_brand":[],"product_cat":[27,170,169],"product_tag":[],"class_list":{"0":"post-36854","1":"product","2":"type-product","3":"status-publish","4":"has-post-thumbnail","6":"product_cat-diverse","7":"product_cat-skjorter","8":"product_cat-toej","10":"first","11":"instock","12":"taxable","13":"shipping-taxable","14":"purchasable","15":"product-type-simple"},"exclude_global_add_ons":[],"addons":[],"yoast_head":"<!-- This site is optimized with the Yoast SEO plugin v27.5 - https:\/\/yoast.com\/product\/yoast-seo-wordpress\/ -->\n<title>H\u00e5ndlavet Marokkansk skjorte | Unika design | Tibladin |<\/title>\n<meta name=\"description\" content=\"Flotte h\u00e5ndsyede kjoler i 100% bomuld. Udviklet i samarbejde med dygtige designere og skr\u00e6ddere i Marrakech. Unikke og farvestr\u00e5lende materialer.\" \/>\n<meta name=\"robots\" content=\"index, follow, max-snippet:-1, max-image-preview:large, max-video-preview:-1\" \/>\n<link rel=\"canonical\" href=\"https:\/\/tibladin.dk\/fr\/produit-4\/chemise-ange-berry_m\/\" \/>\n<meta property=\"og:locale\" content=\"fr_FR\" \/>\n<meta property=\"og:type\" content=\"article\" \/>\n<meta property=\"og:title\" content=\"H\u00e5ndlavet Marokkansk skjorte | Unika design | Tibladin |\" \/>\n<meta property=\"og:description\" content=\"Flotte h\u00e5ndsyede kjoler i 100% bomuld. Udviklet i samarbejde med dygtige designere og skr\u00e6ddere i Marrakech. Unikke og farvestr\u00e5lende materialer.\" \/>\n<meta property=\"og:url\" content=\"https:\/\/tibladin.dk\/fr\/produit-4\/chemise-ange-berry_m\/\" \/>\n<meta property=\"og:site_name\" content=\"Tibladin\" \/>\n<meta property=\"article:modified_time\" content=\"2025-06-03T09:59:49+00:00\" \/>\n<meta property=\"og:image\" content=\"https:\/\/tibladin.dk\/wp-content\/uploads\/2025\/05\/Skjorte_ANGEL-BERRY_M_7.jpg\" \/>\n\t<meta property=\"og:image:width\" content=\"800\" \/>\n\t<meta property=\"og:image:height\" content=\"800\" \/>\n\t<meta property=\"og:image:type\" content=\"image\/jpeg\" \/>\n<meta name=\"twitter:card\" content=\"summary_large_image\" \/>\n<meta name=\"twitter:label1\" content=\"Dur\u00e9e de lecture estim\u00e9e\" \/>\n\t<meta name=\"twitter:data1\" content=\"2 minutes\" \/>\n<script type=\"application\/ld+json\" class=\"yoast-schema-graph\">{\"@context\":\"https:\\\/\\\/schema.org\",\"@graph\":[{\"@type\":\"WebPage\",\"@id\":\"https:\\\/\\\/tibladin.dk\\\/produkt\\\/skjorte-angel-berry_m\\\/\",\"url\":\"https:\\\/\\\/tibladin.dk\\\/produkt\\\/skjorte-angel-berry_m\\\/\",\"name\":\"H\u00e5ndlavet Marokkansk skjorte | Unika design | Tibladin |\",\"isPartOf\":{\"@id\":\"https:\\\/\\\/tibladin.dk\\\/#website\"},\"primaryImageOfPage\":{\"@id\":\"https:\\\/\\\/tibladin.dk\\\/produkt\\\/skjorte-angel-berry_m\\\/#primaryimage\"},\"image\":{\"@id\":\"https:\\\/\\\/tibladin.dk\\\/produkt\\\/skjorte-angel-berry_m\\\/#primaryimage\"},\"thumbnailUrl\":\"https:\\\/\\\/tibladin.dk\\\/wp-content\\\/uploads\\\/2025\\\/05\\\/Skjorte_ANGEL-BERRY_M_7.jpg\",\"datePublished\":\"2025-05-31T10:13:51+00:00\",\"dateModified\":\"2025-06-03T09:59:49+00:00\",\"description\":\"Flotte h\u00e5ndsyede kjoler i 100% bomuld. Udviklet i samarbejde med dygtige designere og skr\u00e6ddere i Marrakech. Unikke og farvestr\u00e5lende materialer.\",\"breadcrumb\":{\"@id\":\"https:\\\/\\\/tibladin.dk\\\/produkt\\\/skjorte-angel-berry_m\\\/#breadcrumb\"},\"inLanguage\":\"fr-FR\",\"potentialAction\":[{\"@type\":\"ReadAction\",\"target\":[\"https:\\\/\\\/tibladin.dk\\\/produkt\\\/skjorte-angel-berry_m\\\/\"]}]},{\"@type\":\"ImageObject\",\"inLanguage\":\"fr-FR\",\"@id\":\"https:\\\/\\\/tibladin.dk\\\/produkt\\\/skjorte-angel-berry_m\\\/#primaryimage\",\"url\":\"https:\\\/\\\/tibladin.dk\\\/wp-content\\\/uploads\\\/2025\\\/05\\\/Skjorte_ANGEL-BERRY_M_7.jpg\",\"contentUrl\":\"https:\\\/\\\/tibladin.dk\\\/wp-content\\\/uploads\\\/2025\\\/05\\\/Skjorte_ANGEL-BERRY_M_7.jpg\",\"width\":800,\"height\":800,\"caption\":\"Skjorte_ANGEL BERRY_M skjorte med gammelrosa og hvide striber med lange \u00e6rmer og p\u00e5syet englevinger p\u00e5 ryggen\"},{\"@type\":\"BreadcrumbList\",\"@id\":\"https:\\\/\\\/tibladin.dk\\\/produkt\\\/skjorte-angel-berry_m\\\/#breadcrumb\",\"itemListElement\":[{\"@type\":\"ListItem\",\"position\":1,\"name\":\"Hjem\",\"item\":\"https:\\\/\\\/tibladin.dk\\\/\"},{\"@type\":\"ListItem\",\"position\":2,\"name\":\"Shop\",\"item\":\"https:\\\/\\\/tibladin.dk\\\/shop\\\/\"},{\"@type\":\"ListItem\",\"position\":3,\"name\":\"Skjorte ANGEL-BERRY_M\"}]},{\"@type\":\"WebSite\",\"@id\":\"https:\\\/\\\/tibladin.dk\\\/#website\",\"url\":\"https:\\\/\\\/tibladin.dk\\\/\",\"name\":\"Tibladin\",\"description\":\"Tibladin\",\"publisher\":{\"@id\":\"https:\\\/\\\/tibladin.dk\\\/#organization\"},\"potentialAction\":[{\"@type\":\"SearchAction\",\"target\":{\"@type\":\"EntryPoint\",\"urlTemplate\":\"https:\\\/\\\/tibladin.dk\\\/?s={search_term_string}\"},\"query-input\":{\"@type\":\"PropertyValueSpecification\",\"valueRequired\":true,\"valueName\":\"search_term_string\"}}],\"inLanguage\":\"fr-FR\"},{\"@type\":\"Organization\",\"@id\":\"https:\\\/\\\/tibladin.dk\\\/#organization\",\"name\":\"Tibladin\",\"url\":\"https:\\\/\\\/tibladin.dk\\\/\",\"logo\":{\"@type\":\"ImageObject\",\"inLanguage\":\"fr-FR\",\"@id\":\"https:\\\/\\\/tibladin.dk\\\/#\\\/schema\\\/logo\\\/image\\\/\",\"url\":\"https:\\\/\\\/tibladin.dk\\\/wp-content\\\/uploads\\\/2022\\\/09\\\/tibladin_logo.svg\",\"contentUrl\":\"https:\\\/\\\/tibladin.dk\\\/wp-content\\\/uploads\\\/2022\\\/09\\\/tibladin_logo.svg\",\"caption\":\"Tibladin\"},\"image\":{\"@id\":\"https:\\\/\\\/tibladin.dk\\\/#\\\/schema\\\/logo\\\/image\\\/\"}}]}<\/script>\n<!-- \/ Yoast SEO plugin. -->","yoast_head_json":{"title":"Chemise marocaine faite main | Design unique | Tibladin |","description":"Magnifiques robes cousues main en coton 100%. D\u00e9velopp\u00e9es en collaboration avec des cr\u00e9ateurs et tailleurs qualifi\u00e9s \u00e0 Marrakech. Mati\u00e8res uniques et color\u00e9es.","robots":{"index":"index","follow":"follow","max-snippet":"max-snippet:-1","max-image-preview":"max-image-preview:large","max-video-preview":"max-video-preview:-1"},"canonical":"https:\/\/tibladin.dk\/fr\/produit-4\/chemise-ange-berry_m\/","og_locale":"fr_FR","og_type":"article","og_title":"H\u00e5ndlavet Marokkansk skjorte | Unika design | Tibladin |","og_description":"Flotte h\u00e5ndsyede kjoler i 100% bomuld. Udviklet i samarbejde med dygtige designere og skr\u00e6ddere i Marrakech. Unikke og farvestr\u00e5lende materialer.","og_url":"https:\/\/tibladin.dk\/fr\/produit-4\/chemise-ange-berry_m\/","og_site_name":"Tibladin","article_modified_time":"2025-06-03T09:59:49+00:00","og_image":[{"width":800,"height":800,"url":"https:\/\/tibladin.dk\/wp-content\/uploads\/2025\/05\/Skjorte_ANGEL-BERRY_M_7.jpg","type":"image\/jpeg"}],"twitter_card":"summary_large_image","twitter_misc":{"Dur\u00e9e de lecture estim\u00e9e":"2 minutes"},"schema":{"@context":"https:\/\/schema.org","@graph":[{"@type":"WebPage","@id":"https:\/\/tibladin.dk\/produkt\/skjorte-angel-berry_m\/","url":"https:\/\/tibladin.dk\/produkt\/skjorte-angel-berry_m\/","name":"Chemise marocaine faite main | Design unique | Tibladin |","isPartOf":{"@id":"https:\/\/tibladin.dk\/#website"},"primaryImageOfPage":{"@id":"https:\/\/tibladin.dk\/produkt\/skjorte-angel-berry_m\/#primaryimage"},"image":{"@id":"https:\/\/tibladin.dk\/produkt\/skjorte-angel-berry_m\/#primaryimage"},"thumbnailUrl":"https:\/\/tibladin.dk\/wp-content\/uploads\/2025\/05\/Skjorte_ANGEL-BERRY_M_7.jpg","datePublished":"2025-05-31T10:13:51+00:00","dateModified":"2025-06-03T09:59:49+00:00","description":"Magnifiques robes cousues main en coton 100%. D\u00e9velopp\u00e9es en collaboration avec des cr\u00e9ateurs et tailleurs qualifi\u00e9s \u00e0 Marrakech. Mati\u00e8res uniques et color\u00e9es.","breadcrumb":{"@id":"https:\/\/tibladin.dk\/produkt\/skjorte-angel-berry_m\/#breadcrumb"},"inLanguage":"fr-FR","potentialAction":[{"@type":"ReadAction","target":["https:\/\/tibladin.dk\/produkt\/skjorte-angel-berry_m\/"]}]},{"@type":"ImageObject","inLanguage":"fr-FR","@id":"https:\/\/tibladin.dk\/produkt\/skjorte-angel-berry_m\/#primaryimage","url":"https:\/\/tibladin.dk\/wp-content\/uploads\/2025\/05\/Skjorte_ANGEL-BERRY_M_7.jpg","contentUrl":"https:\/\/tibladin.dk\/wp-content\/uploads\/2025\/05\/Skjorte_ANGEL-BERRY_M_7.jpg","width":800,"height":800,"caption":"Skjorte_ANGEL BERRY_M skjorte med gammelrosa og hvide striber med lange \u00e6rmer og p\u00e5syet englevinger p\u00e5 ryggen"},{"@type":"BreadcrumbList","@id":"https:\/\/tibladin.dk\/produkt\/skjorte-angel-berry_m\/#breadcrumb","itemListElement":[{"@type":"ListItem","position":1,"name":"Hjem","item":"https:\/\/tibladin.dk\/"},{"@type":"ListItem","position":2,"name":"Shop","item":"https:\/\/tibladin.dk\/shop\/"},{"@type":"ListItem","position":3,"name":"Skjorte ANGEL-BERRY_M"}]},{"@type":"WebSite","@id":"https:\/\/tibladin.dk\/#website","url":"https:\/\/tibladin.dk\/","name":"Tibladin","description":"Tibladin","publisher":{"@id":"https:\/\/tibladin.dk\/#organization"},"potentialAction":[{"@type":"SearchAction","target":{"@type":"EntryPoint","urlTemplate":"https:\/\/tibladin.dk\/?s={search_term_string}"},"query-input":{"@type":"PropertyValueSpecification","valueRequired":true,"valueName":"search_term_string"}}],"inLanguage":"fr-FR"},{"@type":"Organization","@id":"https:\/\/tibladin.dk\/#organization","name":"Tibladin","url":"https:\/\/tibladin.dk\/","logo":{"@type":"ImageObject","inLanguage":"fr-FR","@id":"https:\/\/tibladin.dk\/#\/schema\/logo\/image\/","url":"https:\/\/tibladin.dk\/wp-content\/uploads\/2022\/09\/tibladin_logo.svg","contentUrl":"https:\/\/tibladin.dk\/wp-content\/uploads\/2022\/09\/tibladin_logo.svg","caption":"Tibladin"},"image":{"@id":"https:\/\/tibladin.dk\/#\/schema\/logo\/image\/"}}]}},"_links":{"self":[{"href":"https:\/\/tibladin.dk\/fr\/wp-json\/wp\/v2\/product\/36854","targetHints":{"allow":["GET"]}}],"collection":[{"href":"https:\/\/tibladin.dk\/fr\/wp-json\/wp\/v2\/product"}],"about":[{"href":"https:\/\/tibladin.dk\/fr\/wp-json\/wp\/v2\/types\/product"}],"wp:featuredmedia":[{"embeddable":true,"href":"https:\/\/tibladin.dk\/fr\/wp-json\/wp\/v2\/media\/36861"}],"wp:attachment":[{"href":"https:\/\/tibladin.dk\/fr\/wp-json\/wp\/v2\/media?parent=36854"}],"wp:term":[{"taxonomy":"product_brand","embeddable":true,"href":"https:\/\/tibladin.dk\/fr\/wp-json\/wp\/v2\/product_brand?post=36854"},{"taxonomy":"product_cat","embeddable":true,"href":"https:\/\/tibladin.dk\/fr\/wp-json\/wp\/v2\/product_cat?post=36854"},{"taxonomy":"product_tag","embeddable":true,"href":"https:\/\/tibladin.dk\/fr\/wp-json\/wp\/v2\/product_tag?post=36854"}],"curies":[{"name":"wp","href":"https:\/\/api.w.org\/{rel}","templated":true}]}}