{"id":36932,"date":"2025-06-02T13:26:07","date_gmt":"2025-06-02T11:26:07","guid":{"rendered":"https:\/\/tibladin.dk\/?post_type=product&#038;p=36932"},"modified":"2025-06-20T13:55:34","modified_gmt":"2025-06-20T11:55:34","slug":"chemise-ange-fleur-de-brise-w","status":"publish","type":"product","link":"https:\/\/tibladin.dk\/fr\/produkt\/skjorte-angel-fleur-de-brise-m\/","title":{"rendered":"Chemise - FLEUR DE BRISE \u2013 M"},"content":{"rendered":"<div class=\"wpb-content-wrapper\"><div class=\"vc_row wpb_row vc_row-fluid\"><div class=\"wpb_column vc_column_container vc_col-sm-4\"><div class=\"vc_column-inner\"><div class=\"wpb_wrapper\"><\/div><\/div><\/div><div class=\"wpb_column vc_column_container vc_col-sm-4\"><div class=\"vc_column-inner\"><div class=\"wpb_wrapper\"><h3 style=\"text-align: left\" class=\"vc_custom_heading vc_do_custom_heading\" >Entretien<\/h3>\n\t<div class=\"wpb_text_column wpb_content_element\" >\n\t\t<div class=\"wpb_wrapper\">\n\t\t\t<p>Les chemises sont en coton 100% et peuvent donc \u00eatre lav\u00e9es en machine jusqu&#039;\u00e0 30 degr\u00e9s. Nous recommandons \u00e9galement de repasser les robes \u00e0 la vapeur ou \u00e0 la vapeur \u00e0 basse temp\u00e9rature pour \u00e9viter les plis.<\/p>\n\n\t\t<\/div>\n\t<\/div>\n<\/div><\/div><\/div><div class=\"wpb_column vc_column_container vc_col-sm-4\"><div class=\"vc_column-inner\"><div class=\"wpb_wrapper\"><h3 style=\"text-align: left\" class=\"vc_custom_heading vc_do_custom_heading\" >L&#039;histoire derri\u00e8re<\/h3>\n\t<div class=\"wpb_text_column wpb_content_element\" >\n\t\t<div class=\"wpb_wrapper\">\n\t\t\t<p data-start=\"192\" data-end=\"371\">N\u00e9e au c\u0153ur de Marrakech, o\u00f9 couleurs, savoir-faire et histoire se m\u00ealent \u00e0 chaque rue, Bab of Desert Marrakech est une marque ancr\u00e9e dans la tradition, privil\u00e9giant la libert\u00e9 et le style. Daniela, \u00e0 l&#039;origine de cette marque, travaille en \u00e9troite collaboration avec des tailleurs marocains qui, passionn\u00e9s par leur m\u00e9tier, cousent chaque cr\u00e9ation \u00e0 la main. Dans un souci de respect de l&#039;environnement, ces cr\u00e9ations sont r\u00e9alis\u00e9es en s\u00e9rie limit\u00e9e et chaque mod\u00e8le est unique. Aucune production de masse.<\/p>\n<p data-start=\"373\" data-end=\"695\">Derri\u00e8re la marque se cache une passion pour la mode personnelle avec une \u00e2me : des v\u00eatements qui racontent des histoires et cr\u00e9ent de l&#039;espace pour des aper\u00e7us quotidiens et des moments de r\u00eave.<br data-start=\"525\" data-end=\"528\" \/>Tous les styles sont con\u00e7us dans le respect du confort, de la l\u00e9g\u00e8ret\u00e9 et de l&#039;aspect fait main - souvent avec une touche ludique comme la broderie, les contrastes ou les d\u00e9tails surprenants.<\/p>\n<p data-start=\"697\" data-end=\"875\">Les collections sont cr\u00e9\u00e9es dans des mat\u00e9riaux naturels l\u00e9gers, et chaque pi\u00e8ce porte une touche de l&#039;\u00e9nergie de Marrakech - l\u00e0 o\u00f9 le vent du d\u00e9sert rencontre le souk, et o\u00f9 la tradition devient quelque chose de nouveau.<\/p>\n\n\t\t<\/div>\n\t<\/div>\n<\/div><\/div><\/div><\/div>\n<\/div>","protected":false},"excerpt":{"rendered":"<p data-start=\"343\" data-end=\"695\">Une chemise blanche l\u00e9g\u00e8re et \u00e9l\u00e9gante, orn\u00e9e de subtils motifs brod\u00e9s qui lui conf\u00e8rent une touche f\u00e9minine et sophistiqu\u00e9e. Sa coupe d\u00e9contract\u00e9e et son col en V la rendent \u00e0 la fois confortable et \u00e9l\u00e9gante. Les broderies florales et les motifs cachemire lui conf\u00e8rent un style artisanal presque boh\u00e8me, tandis que les bordures sombres des poignets apportent un subtil contraste.<\/p>\n<p data-start=\"540\" data-end=\"618\">Ce t-shirt est de taille M, mais convient \u00e0 la plupart des tailles S et M. Il n&#039;existe qu&#039;un seul exemplaire de ce t-shirt et il n&#039;est donc pas disponible en plusieurs tailles.<\/p>\n<p data-start=\"540\" data-end=\"618\">MESURES : Longueur des manches 72 cm (\u00e0 partir du col) longueur des manches 60 cm | encolure 17 cm<\/p>\n<p data-start=\"540\" data-end=\"618\">Longueur (\u00e9paule) 62 cm | Largeur 54 cm<\/p>\n<p data-start=\"540\" data-end=\"618\">Le mod\u00e8le sur la photo est une taille. S<\/p>\n<p>&nbsp;<\/p>","protected":false},"featured_media":36965,"template":"","meta":{"inline_featured_image":false},"product_brand":[],"product_cat":[27,170,169],"product_tag":[],"class_list":{"0":"post-36932","1":"product","2":"type-product","3":"status-publish","4":"has-post-thumbnail","6":"product_cat-diverse","7":"product_cat-skjorter","8":"product_cat-toej","10":"first","11":"instock","12":"taxable","13":"shipping-taxable","14":"purchasable","15":"product-type-simple"},"exclude_global_add_ons":[],"addons":[],"yoast_head":"<!-- This site is optimized with the Yoast SEO plugin v27.5 - https:\/\/yoast.com\/product\/yoast-seo-wordpress\/ -->\n<title>H\u00e5ndlavet Marokkansk skjorte | Unika design | Tibladin |<\/title>\n<meta name=\"description\" content=\"Flotte h\u00e5ndsyede kjoler i 100% bomuld. Udviklet i samarbejde med dygtig designer og skr\u00e6dder i Marrakech. Unikke og farvestr\u00e5lende materialer.\" \/>\n<meta name=\"robots\" content=\"index, follow, max-snippet:-1, max-image-preview:large, max-video-preview:-1\" \/>\n<link rel=\"canonical\" href=\"https:\/\/tibladin.dk\/fr\/produit-4\/chemise-ange-fleur-de-brise-w\/\" \/>\n<meta property=\"og:locale\" content=\"fr_FR\" \/>\n<meta property=\"og:type\" content=\"article\" \/>\n<meta property=\"og:title\" content=\"H\u00e5ndlavet Marokkansk skjorte | Unika design | Tibladin |\" \/>\n<meta property=\"og:description\" content=\"Flotte h\u00e5ndsyede kjoler i 100% bomuld. Udviklet i samarbejde med dygtig designer og skr\u00e6dder i Marrakech. Unikke og farvestr\u00e5lende materialer.\" \/>\n<meta property=\"og:url\" content=\"https:\/\/tibladin.dk\/fr\/produit-4\/chemise-ange-fleur-de-brise-w\/\" \/>\n<meta property=\"og:site_name\" content=\"Tibladin\" \/>\n<meta property=\"article:modified_time\" content=\"2025-06-20T11:55:34+00:00\" \/>\n<meta property=\"og:image\" content=\"https:\/\/tibladin.dk\/wp-content\/uploads\/2025\/06\/Skjorte_FLEUR-DE-BRISE_1.jpg\" \/>\n\t<meta property=\"og:image:width\" content=\"800\" \/>\n\t<meta property=\"og:image:height\" content=\"800\" \/>\n\t<meta property=\"og:image:type\" content=\"image\/jpeg\" \/>\n<meta name=\"twitter:card\" content=\"summary_large_image\" \/>\n<meta name=\"twitter:label1\" content=\"Dur\u00e9e de lecture estim\u00e9e\" \/>\n\t<meta name=\"twitter:data1\" content=\"2 minutes\" \/>\n<script type=\"application\/ld+json\" class=\"yoast-schema-graph\">{\"@context\":\"https:\\\/\\\/schema.org\",\"@graph\":[{\"@type\":\"WebPage\",\"@id\":\"https:\\\/\\\/tibladin.dk\\\/produkt\\\/skjorte-angel-fleur-de-brise-m\\\/\",\"url\":\"https:\\\/\\\/tibladin.dk\\\/produkt\\\/skjorte-angel-fleur-de-brise-m\\\/\",\"name\":\"H\u00e5ndlavet Marokkansk skjorte | Unika design | Tibladin |\",\"isPartOf\":{\"@id\":\"https:\\\/\\\/tibladin.dk\\\/#website\"},\"primaryImageOfPage\":{\"@id\":\"https:\\\/\\\/tibladin.dk\\\/produkt\\\/skjorte-angel-fleur-de-brise-m\\\/#primaryimage\"},\"image\":{\"@id\":\"https:\\\/\\\/tibladin.dk\\\/produkt\\\/skjorte-angel-fleur-de-brise-m\\\/#primaryimage\"},\"thumbnailUrl\":\"https:\\\/\\\/tibladin.dk\\\/wp-content\\\/uploads\\\/2025\\\/06\\\/Skjorte_FLEUR-DE-BRISE_1.jpg\",\"datePublished\":\"2025-06-02T11:26:07+00:00\",\"dateModified\":\"2025-06-20T11:55:34+00:00\",\"description\":\"Flotte h\u00e5ndsyede kjoler i 100% bomuld. Udviklet i samarbejde med dygtig designer og skr\u00e6dder i Marrakech. Unikke og farvestr\u00e5lende materialer.\",\"breadcrumb\":{\"@id\":\"https:\\\/\\\/tibladin.dk\\\/produkt\\\/skjorte-angel-fleur-de-brise-m\\\/#breadcrumb\"},\"inLanguage\":\"fr-FR\",\"potentialAction\":[{\"@type\":\"ReadAction\",\"target\":[\"https:\\\/\\\/tibladin.dk\\\/produkt\\\/skjorte-angel-fleur-de-brise-m\\\/\"]}]},{\"@type\":\"ImageObject\",\"inLanguage\":\"fr-FR\",\"@id\":\"https:\\\/\\\/tibladin.dk\\\/produkt\\\/skjorte-angel-fleur-de-brise-m\\\/#primaryimage\",\"url\":\"https:\\\/\\\/tibladin.dk\\\/wp-content\\\/uploads\\\/2025\\\/06\\\/Skjorte_FLEUR-DE-BRISE_1.jpg\",\"contentUrl\":\"https:\\\/\\\/tibladin.dk\\\/wp-content\\\/uploads\\\/2025\\\/06\\\/Skjorte_FLEUR-DE-BRISE_1.jpg\",\"width\":800,\"height\":800,\"caption\":\"Fleur de brise skjorte hvid med broderet m\u00f8nster\"},{\"@type\":\"BreadcrumbList\",\"@id\":\"https:\\\/\\\/tibladin.dk\\\/produkt\\\/skjorte-angel-fleur-de-brise-m\\\/#breadcrumb\",\"itemListElement\":[{\"@type\":\"ListItem\",\"position\":1,\"name\":\"Hjem\",\"item\":\"https:\\\/\\\/tibladin.dk\\\/\"},{\"@type\":\"ListItem\",\"position\":2,\"name\":\"Shop\",\"item\":\"https:\\\/\\\/tibladin.dk\\\/shop\\\/\"},{\"@type\":\"ListItem\",\"position\":3,\"name\":\"Skjorte -FLEUR DE BRISE &#8211; M\"}]},{\"@type\":\"WebSite\",\"@id\":\"https:\\\/\\\/tibladin.dk\\\/#website\",\"url\":\"https:\\\/\\\/tibladin.dk\\\/\",\"name\":\"Tibladin\",\"description\":\"Tibladin\",\"publisher\":{\"@id\":\"https:\\\/\\\/tibladin.dk\\\/#organization\"},\"potentialAction\":[{\"@type\":\"SearchAction\",\"target\":{\"@type\":\"EntryPoint\",\"urlTemplate\":\"https:\\\/\\\/tibladin.dk\\\/?s={search_term_string}\"},\"query-input\":{\"@type\":\"PropertyValueSpecification\",\"valueRequired\":true,\"valueName\":\"search_term_string\"}}],\"inLanguage\":\"fr-FR\"},{\"@type\":\"Organization\",\"@id\":\"https:\\\/\\\/tibladin.dk\\\/#organization\",\"name\":\"Tibladin\",\"url\":\"https:\\\/\\\/tibladin.dk\\\/\",\"logo\":{\"@type\":\"ImageObject\",\"inLanguage\":\"fr-FR\",\"@id\":\"https:\\\/\\\/tibladin.dk\\\/#\\\/schema\\\/logo\\\/image\\\/\",\"url\":\"https:\\\/\\\/tibladin.dk\\\/wp-content\\\/uploads\\\/2022\\\/09\\\/tibladin_logo.svg\",\"contentUrl\":\"https:\\\/\\\/tibladin.dk\\\/wp-content\\\/uploads\\\/2022\\\/09\\\/tibladin_logo.svg\",\"caption\":\"Tibladin\"},\"image\":{\"@id\":\"https:\\\/\\\/tibladin.dk\\\/#\\\/schema\\\/logo\\\/image\\\/\"}}]}<\/script>\n<!-- \/ Yoast SEO plugin. -->","yoast_head_json":{"title":"Chemise marocaine faite main | Design unique | Tibladin |","description":"Magnifiques robes cousues main en coton 100%. D\u00e9velopp\u00e9 en collaboration avec un designer et tailleur qualifi\u00e9 \u00e0 Marrakech. Des mat\u00e9riaux uniques et aux couleurs vives.","robots":{"index":"index","follow":"follow","max-snippet":"max-snippet:-1","max-image-preview":"max-image-preview:large","max-video-preview":"max-video-preview:-1"},"canonical":"https:\/\/tibladin.dk\/fr\/produit-4\/chemise-ange-fleur-de-brise-w\/","og_locale":"fr_FR","og_type":"article","og_title":"H\u00e5ndlavet Marokkansk skjorte | Unika design | Tibladin |","og_description":"Flotte h\u00e5ndsyede kjoler i 100% bomuld. Udviklet i samarbejde med dygtig designer og skr\u00e6dder i Marrakech. Unikke og farvestr\u00e5lende materialer.","og_url":"https:\/\/tibladin.dk\/fr\/produit-4\/chemise-ange-fleur-de-brise-w\/","og_site_name":"Tibladin","article_modified_time":"2025-06-20T11:55:34+00:00","og_image":[{"width":800,"height":800,"url":"https:\/\/tibladin.dk\/wp-content\/uploads\/2025\/06\/Skjorte_FLEUR-DE-BRISE_1.jpg","type":"image\/jpeg"}],"twitter_card":"summary_large_image","twitter_misc":{"Dur\u00e9e de lecture estim\u00e9e":"2 minutes"},"schema":{"@context":"https:\/\/schema.org","@graph":[{"@type":"WebPage","@id":"https:\/\/tibladin.dk\/produkt\/skjorte-angel-fleur-de-brise-m\/","url":"https:\/\/tibladin.dk\/produkt\/skjorte-angel-fleur-de-brise-m\/","name":"Chemise marocaine faite main | Design unique | Tibladin |","isPartOf":{"@id":"https:\/\/tibladin.dk\/#website"},"primaryImageOfPage":{"@id":"https:\/\/tibladin.dk\/produkt\/skjorte-angel-fleur-de-brise-m\/#primaryimage"},"image":{"@id":"https:\/\/tibladin.dk\/produkt\/skjorte-angel-fleur-de-brise-m\/#primaryimage"},"thumbnailUrl":"https:\/\/tibladin.dk\/wp-content\/uploads\/2025\/06\/Skjorte_FLEUR-DE-BRISE_1.jpg","datePublished":"2025-06-02T11:26:07+00:00","dateModified":"2025-06-20T11:55:34+00:00","description":"Magnifiques robes cousues main en coton 100%. D\u00e9velopp\u00e9 en collaboration avec un designer et tailleur qualifi\u00e9 \u00e0 Marrakech. Des mat\u00e9riaux uniques et aux couleurs vives.","breadcrumb":{"@id":"https:\/\/tibladin.dk\/produkt\/skjorte-angel-fleur-de-brise-m\/#breadcrumb"},"inLanguage":"fr-FR","potentialAction":[{"@type":"ReadAction","target":["https:\/\/tibladin.dk\/produkt\/skjorte-angel-fleur-de-brise-m\/"]}]},{"@type":"ImageObject","inLanguage":"fr-FR","@id":"https:\/\/tibladin.dk\/produkt\/skjorte-angel-fleur-de-brise-m\/#primaryimage","url":"https:\/\/tibladin.dk\/wp-content\/uploads\/2025\/06\/Skjorte_FLEUR-DE-BRISE_1.jpg","contentUrl":"https:\/\/tibladin.dk\/wp-content\/uploads\/2025\/06\/Skjorte_FLEUR-DE-BRISE_1.jpg","width":800,"height":800,"caption":"Fleur de brise skjorte hvid med broderet m\u00f8nster"},{"@type":"BreadcrumbList","@id":"https:\/\/tibladin.dk\/produkt\/skjorte-angel-fleur-de-brise-m\/#breadcrumb","itemListElement":[{"@type":"ListItem","position":1,"name":"Hjem","item":"https:\/\/tibladin.dk\/"},{"@type":"ListItem","position":2,"name":"Shop","item":"https:\/\/tibladin.dk\/shop\/"},{"@type":"ListItem","position":3,"name":"Skjorte -FLEUR DE BRISE &#8211; M"}]},{"@type":"WebSite","@id":"https:\/\/tibladin.dk\/#website","url":"https:\/\/tibladin.dk\/","name":"Tibladin","description":"Tibladin","publisher":{"@id":"https:\/\/tibladin.dk\/#organization"},"potentialAction":[{"@type":"SearchAction","target":{"@type":"EntryPoint","urlTemplate":"https:\/\/tibladin.dk\/?s={search_term_string}"},"query-input":{"@type":"PropertyValueSpecification","valueRequired":true,"valueName":"search_term_string"}}],"inLanguage":"fr-FR"},{"@type":"Organization","@id":"https:\/\/tibladin.dk\/#organization","name":"Tibladin","url":"https:\/\/tibladin.dk\/","logo":{"@type":"ImageObject","inLanguage":"fr-FR","@id":"https:\/\/tibladin.dk\/#\/schema\/logo\/image\/","url":"https:\/\/tibladin.dk\/wp-content\/uploads\/2022\/09\/tibladin_logo.svg","contentUrl":"https:\/\/tibladin.dk\/wp-content\/uploads\/2022\/09\/tibladin_logo.svg","caption":"Tibladin"},"image":{"@id":"https:\/\/tibladin.dk\/#\/schema\/logo\/image\/"}}]}},"_links":{"self":[{"href":"https:\/\/tibladin.dk\/fr\/wp-json\/wp\/v2\/product\/36932","targetHints":{"allow":["GET"]}}],"collection":[{"href":"https:\/\/tibladin.dk\/fr\/wp-json\/wp\/v2\/product"}],"about":[{"href":"https:\/\/tibladin.dk\/fr\/wp-json\/wp\/v2\/types\/product"}],"wp:featuredmedia":[{"embeddable":true,"href":"https:\/\/tibladin.dk\/fr\/wp-json\/wp\/v2\/media\/36965"}],"wp:attachment":[{"href":"https:\/\/tibladin.dk\/fr\/wp-json\/wp\/v2\/media?parent=36932"}],"wp:term":[{"taxonomy":"product_brand","embeddable":true,"href":"https:\/\/tibladin.dk\/fr\/wp-json\/wp\/v2\/product_brand?post=36932"},{"taxonomy":"product_cat","embeddable":true,"href":"https:\/\/tibladin.dk\/fr\/wp-json\/wp\/v2\/product_cat?post=36932"},{"taxonomy":"product_tag","embeddable":true,"href":"https:\/\/tibladin.dk\/fr\/wp-json\/wp\/v2\/product_tag?post=36932"}],"curies":[{"name":"wp","href":"https:\/\/api.w.org\/{rel}","templated":true}]}}