{"id":37167,"date":"2025-06-14T19:20:14","date_gmt":"2025-06-14T17:20:14","guid":{"rendered":"https:\/\/tibladin.dk\/?post_type=product&#038;p=37167"},"modified":"2025-06-14T19:44:08","modified_gmt":"2025-06-14T17:44:08","slug":"sac-en-osier-%c2%b7-amour-citron","status":"publish","type":"product","link":"https:\/\/tibladin.dk\/fr\/produkt\/shopper-i-flet-%c2%b7-lemon-love\/","title":{"rendered":"Cabas en osier \u00b7 LEMON LOVE"},"content":{"rendered":"<div class=\"wpb-content-wrapper\"><div class=\"vc_row wpb_row vc_row-fluid\"><div class=\"wpb_column vc_column_container vc_col-sm-4\"><div class=\"vc_column-inner\"><div class=\"wpb_wrapper\"><\/div><\/div><\/div><div class=\"wpb_column vc_column_container vc_col-sm-4\"><div class=\"vc_column-inner\"><div class=\"wpb_wrapper\"><h3 style=\"text-align: left\" class=\"vc_custom_heading vc_do_custom_heading\" >Entretien<\/h3>\n\t<div class=\"wpb_text_column wpb_content_element\" >\n\t\t<div class=\"wpb_wrapper\">\n\t\t\t<p>Peut \u00eatre essuy\u00e9 avec un chiffon bien essor\u00e9<\/p>\n\n\t\t<\/div>\n\t<\/div>\n<\/div><\/div><\/div><div class=\"wpb_column vc_column_container vc_col-sm-4\"><div class=\"vc_column-inner\"><div class=\"wpb_wrapper\"><h3 style=\"text-align: left\" class=\"vc_custom_heading vc_do_custom_heading\" >L&#039;histoire derri\u00e8re<\/h3>\n\t<div class=\"wpb_text_column wpb_content_element\" >\n\t\t<div class=\"wpb_wrapper\">\n\t\t\t<p>Sac tiss\u00e9 \u00e0 la main avec bretelles torsad\u00e9es et sac int\u00e9rieur avec fermeture \u00e0 cordon. Tiss\u00e9 \u00e0 la main dans notre atelier \u00e0 Marrakech, o\u00f9 l&#039;artisanat s&#039;est transmis de g\u00e9n\u00e9ration en g\u00e9n\u00e9ration.<\/p>\n\n\t\t<\/div>\n\t<\/div>\n<\/div><\/div><\/div><\/div>\n<\/div>","protected":false},"excerpt":{"rendered":"<h3 data-start=\"132\" data-end=\"188\"><strong data-start=\"136\" data-end=\"188\">Lemon Love \u2013 Le panier parfait pour les journ\u00e9es ensoleill\u00e9es<\/strong><\/h3>\n<p data-start=\"190\" data-end=\"430\">Frais, color\u00e9 et empreint d&#039;une ambiance estivale, Lemon Love est le panier qui attirera tous les regards. Ce panier naturel tiss\u00e9 \u00e0 la main est d\u00e9cor\u00e9 de jolis citrons crochet\u00e9s qui apporteront une touche de charme du sud de la France \u00e0 votre tenue.<\/p>\n<p data-start=\"432\" data-end=\"723\">Id\u00e9al pour les sorties \u00e0 la plage, les jours de march\u00e9 ou une journ\u00e9e en ville, Lemon Love allie style et fonctionnalit\u00e9. L\u00e9ger, spacieux et facile \u00e0 emporter partout, il est dot\u00e9 de poign\u00e9es robustes offrant une bonne prise en main et son motif citron unique en fait un choix \u00e9vident pour les amateurs d&#039;accessoires originaux.<\/p>\n<p data-start=\"432\" data-end=\"723\">Dimensions : L:50 cm H:32 cm: P:30 cm<\/p>\n<p data-start=\"725\" data-end=\"755\">Pourquoi vous l&#039;aimerez :<\/p>\n<p data-start=\"756\" data-end=\"925\">\ud83c\udf4b Fait main avec amour<br data-start=\"782\" data-end=\"785\" \/>\ud83c\udf4b Design citron unique \u2013 une v\u00e9ritable d\u00e9claration estivale<br data-start=\"833\" data-end=\"836\" \/>\ud83c\udf4b L\u00e9ger, spacieux et durable<br data-start=\"865\" data-end=\"868\" \/>\ud83c\udf4b Parfait comme sac de plage, panier de courses ou sac d&#039;\u00e9t\u00e9<\/p>\n<p data-start=\"927\" data-end=\"1028\">Faites comme les personnes soucieuses de leur style : portez votre <strong data-start=\"961\" data-end=\"976\">Amour de citron<\/strong>\u00a0avec fiert\u00e9 et r\u00e9pandez un peu de soleil partout o\u00f9 vous allez.<\/p>","protected":false},"featured_media":37175,"template":"","meta":{"inline_featured_image":false},"product_brand":[],"product_cat":[27,31],"product_tag":[],"class_list":{"0":"post-37167","1":"product","2":"type-product","3":"status-publish","4":"has-post-thumbnail","6":"product_cat-diverse","7":"product_cat-tasker","9":"first","10":"instock","11":"taxable","12":"shipping-taxable","13":"purchasable","14":"product-type-simple"},"exclude_global_add_ons":false,"addons":[{"name":"Vous souhaitez un emballage cadeau ?","type":"checkbox","position":0,"required":false,"title_format":"label","default":"","description_enable":false,"description":"","placeholder_enable":false,"placeholder":"","display":"images","restrictions_type":"any_text","adjust_price":false,"price":"","price_type":"flat_fee","restrictions":false,"min":"0","max":"0","options":[{"label":"Ja tak","price":"10","price_type":"flat_fee","image":11015,"visibility":true}],"id":1669646111}],"yoast_head":"<!-- This site is optimized with the Yoast SEO plugin v27.4 - https:\/\/yoast.com\/product\/yoast-seo-wordpress\/ -->\n<title>Shopper i flet i med h\u00e5ndbroderede citroner \u00b7 Kun hos Tibladin<\/title>\n<meta name=\"description\" content=\"Elegant og praktisk taske i flet med praktisk h\u00e5ndtag og h\u00e5ndbroderede citroner p\u00e5. H\u00e5ndflettet i h\u00f8jeste kvalitet p\u00e5 vores v\u00e6rksted i Marrakesh.\" \/>\n<meta name=\"robots\" content=\"index, follow, max-snippet:-1, max-image-preview:large, max-video-preview:-1\" \/>\n<link rel=\"canonical\" href=\"https:\/\/tibladin.dk\/fr\/produit-4\/sac-en-osier-\u00b7-amour-citron\/\" \/>\n<meta property=\"og:locale\" content=\"fr_FR\" \/>\n<meta property=\"og:type\" content=\"article\" \/>\n<meta property=\"og:title\" content=\"Shopper i flet i med h\u00e5ndbroderede citroner \u00b7 Kun hos Tibladin\" \/>\n<meta property=\"og:description\" content=\"Elegant og praktisk taske i flet med praktisk h\u00e5ndtag og h\u00e5ndbroderede citroner p\u00e5. H\u00e5ndflettet i h\u00f8jeste kvalitet p\u00e5 vores v\u00e6rksted i Marrakesh.\" \/>\n<meta property=\"og:url\" content=\"https:\/\/tibladin.dk\/fr\/produit-4\/sac-en-osier-\u00b7-amour-citron\/\" \/>\n<meta property=\"og:site_name\" content=\"Tibladin\" \/>\n<meta property=\"article:modified_time\" content=\"2025-06-14T17:44:08+00:00\" \/>\n<meta property=\"og:image\" content=\"https:\/\/tibladin.dk\/wp-content\/uploads\/2025\/06\/LEMON-LOVE_kurvetaske_9.jpg\" \/>\n\t<meta property=\"og:image:width\" content=\"800\" \/>\n\t<meta property=\"og:image:height\" content=\"800\" \/>\n\t<meta property=\"og:image:type\" content=\"image\/jpeg\" \/>\n<meta name=\"twitter:card\" content=\"summary_large_image\" \/>\n<meta name=\"twitter:label1\" content=\"Dur\u00e9e de lecture estim\u00e9e\" \/>\n\t<meta name=\"twitter:data1\" content=\"1 minute\" \/>\n<script type=\"application\/ld+json\" class=\"yoast-schema-graph\">{\"@context\":\"https:\\\/\\\/schema.org\",\"@graph\":[{\"@type\":\"WebPage\",\"@id\":\"https:\\\/\\\/tibladin.dk\\\/produkt\\\/shopper-i-flet-%c2%b7-lemon-love\\\/\",\"url\":\"https:\\\/\\\/tibladin.dk\\\/produkt\\\/shopper-i-flet-%c2%b7-lemon-love\\\/\",\"name\":\"Shopper i flet i med h\u00e5ndbroderede citroner \u00b7 Kun hos Tibladin\",\"isPartOf\":{\"@id\":\"https:\\\/\\\/tibladin.dk\\\/#website\"},\"primaryImageOfPage\":{\"@id\":\"https:\\\/\\\/tibladin.dk\\\/produkt\\\/shopper-i-flet-%c2%b7-lemon-love\\\/#primaryimage\"},\"image\":{\"@id\":\"https:\\\/\\\/tibladin.dk\\\/produkt\\\/shopper-i-flet-%c2%b7-lemon-love\\\/#primaryimage\"},\"thumbnailUrl\":\"https:\\\/\\\/tibladin.dk\\\/wp-content\\\/uploads\\\/2025\\\/06\\\/LEMON-LOVE_kurvetaske_9.jpg\",\"datePublished\":\"2025-06-14T17:20:14+00:00\",\"dateModified\":\"2025-06-14T17:44:08+00:00\",\"description\":\"Elegant og praktisk taske i flet med praktisk h\u00e5ndtag og h\u00e5ndbroderede citroner p\u00e5. H\u00e5ndflettet i h\u00f8jeste kvalitet p\u00e5 vores v\u00e6rksted i Marrakesh.\",\"breadcrumb\":{\"@id\":\"https:\\\/\\\/tibladin.dk\\\/produkt\\\/shopper-i-flet-%c2%b7-lemon-love\\\/#breadcrumb\"},\"inLanguage\":\"fr-FR\",\"potentialAction\":[{\"@type\":\"ReadAction\",\"target\":[\"https:\\\/\\\/tibladin.dk\\\/produkt\\\/shopper-i-flet-%c2%b7-lemon-love\\\/\"]}]},{\"@type\":\"ImageObject\",\"inLanguage\":\"fr-FR\",\"@id\":\"https:\\\/\\\/tibladin.dk\\\/produkt\\\/shopper-i-flet-%c2%b7-lemon-love\\\/#primaryimage\",\"url\":\"https:\\\/\\\/tibladin.dk\\\/wp-content\\\/uploads\\\/2025\\\/06\\\/LEMON-LOVE_kurvetaske_9.jpg\",\"contentUrl\":\"https:\\\/\\\/tibladin.dk\\\/wp-content\\\/uploads\\\/2025\\\/06\\\/LEMON-LOVE_kurvetaske_9.jpg\",\"width\":800,\"height\":800,\"caption\":\"LEMON LOVE_kurvetaske - fletkurv med broderede 6 gule citroner med gr\u00f8nne blade\"},{\"@type\":\"BreadcrumbList\",\"@id\":\"https:\\\/\\\/tibladin.dk\\\/produkt\\\/shopper-i-flet-%c2%b7-lemon-love\\\/#breadcrumb\",\"itemListElement\":[{\"@type\":\"ListItem\",\"position\":1,\"name\":\"Hjem\",\"item\":\"https:\\\/\\\/tibladin.dk\\\/\"},{\"@type\":\"ListItem\",\"position\":2,\"name\":\"Shop\",\"item\":\"https:\\\/\\\/tibladin.dk\\\/shop\\\/\"},{\"@type\":\"ListItem\",\"position\":3,\"name\":\"Shopper i flet \u00b7 LEMON LOVE\"}]},{\"@type\":\"WebSite\",\"@id\":\"https:\\\/\\\/tibladin.dk\\\/#website\",\"url\":\"https:\\\/\\\/tibladin.dk\\\/\",\"name\":\"Tibladin\",\"description\":\"Tibladin\",\"publisher\":{\"@id\":\"https:\\\/\\\/tibladin.dk\\\/#organization\"},\"potentialAction\":[{\"@type\":\"SearchAction\",\"target\":{\"@type\":\"EntryPoint\",\"urlTemplate\":\"https:\\\/\\\/tibladin.dk\\\/?s={search_term_string}\"},\"query-input\":{\"@type\":\"PropertyValueSpecification\",\"valueRequired\":true,\"valueName\":\"search_term_string\"}}],\"inLanguage\":\"fr-FR\"},{\"@type\":\"Organization\",\"@id\":\"https:\\\/\\\/tibladin.dk\\\/#organization\",\"name\":\"Tibladin\",\"url\":\"https:\\\/\\\/tibladin.dk\\\/\",\"logo\":{\"@type\":\"ImageObject\",\"inLanguage\":\"fr-FR\",\"@id\":\"https:\\\/\\\/tibladin.dk\\\/#\\\/schema\\\/logo\\\/image\\\/\",\"url\":\"https:\\\/\\\/tibladin.dk\\\/wp-content\\\/uploads\\\/2022\\\/09\\\/tibladin_logo.svg\",\"contentUrl\":\"https:\\\/\\\/tibladin.dk\\\/wp-content\\\/uploads\\\/2022\\\/09\\\/tibladin_logo.svg\",\"caption\":\"Tibladin\"},\"image\":{\"@id\":\"https:\\\/\\\/tibladin.dk\\\/#\\\/schema\\\/logo\\\/image\\\/\"}}]}<\/script>\n<!-- \/ Yoast SEO plugin. -->","yoast_head_json":{"title":"Cabas en galon avec citrons brod\u00e9s \u00e0 la main \u00b7 Uniquement chez Tibladin","description":"Sac en osier \u00e9l\u00e9gant et pratique, dot\u00e9 d&#039;une poign\u00e9e pratique et de citrons brod\u00e9s \u00e0 la main. Tiss\u00e9 \u00e0 la main avec la plus haute qualit\u00e9 dans notre atelier de Marrakech.","robots":{"index":"index","follow":"follow","max-snippet":"max-snippet:-1","max-image-preview":"max-image-preview:large","max-video-preview":"max-video-preview:-1"},"canonical":"https:\/\/tibladin.dk\/fr\/produit-4\/sac-en-osier-\u00b7-amour-citron\/","og_locale":"fr_FR","og_type":"article","og_title":"Shopper i flet i med h\u00e5ndbroderede citroner \u00b7 Kun hos Tibladin","og_description":"Elegant og praktisk taske i flet med praktisk h\u00e5ndtag og h\u00e5ndbroderede citroner p\u00e5. H\u00e5ndflettet i h\u00f8jeste kvalitet p\u00e5 vores v\u00e6rksted i Marrakesh.","og_url":"https:\/\/tibladin.dk\/fr\/produit-4\/sac-en-osier-\u00b7-amour-citron\/","og_site_name":"Tibladin","article_modified_time":"2025-06-14T17:44:08+00:00","og_image":[{"width":800,"height":800,"url":"https:\/\/tibladin.dk\/wp-content\/uploads\/2025\/06\/LEMON-LOVE_kurvetaske_9.jpg","type":"image\/jpeg"}],"twitter_card":"summary_large_image","twitter_misc":{"Dur\u00e9e de lecture estim\u00e9e":"1 minute"},"schema":{"@context":"https:\/\/schema.org","@graph":[{"@type":"WebPage","@id":"https:\/\/tibladin.dk\/produkt\/shopper-i-flet-%c2%b7-lemon-love\/","url":"https:\/\/tibladin.dk\/produkt\/shopper-i-flet-%c2%b7-lemon-love\/","name":"Cabas en galon avec citrons brod\u00e9s \u00e0 la main \u00b7 Uniquement chez Tibladin","isPartOf":{"@id":"https:\/\/tibladin.dk\/#website"},"primaryImageOfPage":{"@id":"https:\/\/tibladin.dk\/produkt\/shopper-i-flet-%c2%b7-lemon-love\/#primaryimage"},"image":{"@id":"https:\/\/tibladin.dk\/produkt\/shopper-i-flet-%c2%b7-lemon-love\/#primaryimage"},"thumbnailUrl":"https:\/\/tibladin.dk\/wp-content\/uploads\/2025\/06\/LEMON-LOVE_kurvetaske_9.jpg","datePublished":"2025-06-14T17:20:14+00:00","dateModified":"2025-06-14T17:44:08+00:00","description":"Sac en osier \u00e9l\u00e9gant et pratique, dot\u00e9 d&#039;une poign\u00e9e pratique et de citrons brod\u00e9s \u00e0 la main. Tiss\u00e9 \u00e0 la main avec la plus haute qualit\u00e9 dans notre atelier de Marrakech.","breadcrumb":{"@id":"https:\/\/tibladin.dk\/produkt\/shopper-i-flet-%c2%b7-lemon-love\/#breadcrumb"},"inLanguage":"fr-FR","potentialAction":[{"@type":"ReadAction","target":["https:\/\/tibladin.dk\/produkt\/shopper-i-flet-%c2%b7-lemon-love\/"]}]},{"@type":"ImageObject","inLanguage":"fr-FR","@id":"https:\/\/tibladin.dk\/produkt\/shopper-i-flet-%c2%b7-lemon-love\/#primaryimage","url":"https:\/\/tibladin.dk\/wp-content\/uploads\/2025\/06\/LEMON-LOVE_kurvetaske_9.jpg","contentUrl":"https:\/\/tibladin.dk\/wp-content\/uploads\/2025\/06\/LEMON-LOVE_kurvetaske_9.jpg","width":800,"height":800,"caption":"LEMON LOVE_kurvetaske - fletkurv med broderede 6 gule citroner med gr\u00f8nne blade"},{"@type":"BreadcrumbList","@id":"https:\/\/tibladin.dk\/produkt\/shopper-i-flet-%c2%b7-lemon-love\/#breadcrumb","itemListElement":[{"@type":"ListItem","position":1,"name":"Hjem","item":"https:\/\/tibladin.dk\/"},{"@type":"ListItem","position":2,"name":"Shop","item":"https:\/\/tibladin.dk\/shop\/"},{"@type":"ListItem","position":3,"name":"Shopper i flet \u00b7 LEMON LOVE"}]},{"@type":"WebSite","@id":"https:\/\/tibladin.dk\/#website","url":"https:\/\/tibladin.dk\/","name":"Tibladin","description":"Tibladin","publisher":{"@id":"https:\/\/tibladin.dk\/#organization"},"potentialAction":[{"@type":"SearchAction","target":{"@type":"EntryPoint","urlTemplate":"https:\/\/tibladin.dk\/?s={search_term_string}"},"query-input":{"@type":"PropertyValueSpecification","valueRequired":true,"valueName":"search_term_string"}}],"inLanguage":"fr-FR"},{"@type":"Organization","@id":"https:\/\/tibladin.dk\/#organization","name":"Tibladin","url":"https:\/\/tibladin.dk\/","logo":{"@type":"ImageObject","inLanguage":"fr-FR","@id":"https:\/\/tibladin.dk\/#\/schema\/logo\/image\/","url":"https:\/\/tibladin.dk\/wp-content\/uploads\/2022\/09\/tibladin_logo.svg","contentUrl":"https:\/\/tibladin.dk\/wp-content\/uploads\/2022\/09\/tibladin_logo.svg","caption":"Tibladin"},"image":{"@id":"https:\/\/tibladin.dk\/#\/schema\/logo\/image\/"}}]}},"_links":{"self":[{"href":"https:\/\/tibladin.dk\/fr\/wp-json\/wp\/v2\/product\/37167","targetHints":{"allow":["GET"]}}],"collection":[{"href":"https:\/\/tibladin.dk\/fr\/wp-json\/wp\/v2\/product"}],"about":[{"href":"https:\/\/tibladin.dk\/fr\/wp-json\/wp\/v2\/types\/product"}],"wp:featuredmedia":[{"embeddable":true,"href":"https:\/\/tibladin.dk\/fr\/wp-json\/wp\/v2\/media\/37175"}],"wp:attachment":[{"href":"https:\/\/tibladin.dk\/fr\/wp-json\/wp\/v2\/media?parent=37167"}],"wp:term":[{"taxonomy":"product_brand","embeddable":true,"href":"https:\/\/tibladin.dk\/fr\/wp-json\/wp\/v2\/product_brand?post=37167"},{"taxonomy":"product_cat","embeddable":true,"href":"https:\/\/tibladin.dk\/fr\/wp-json\/wp\/v2\/product_cat?post=37167"},{"taxonomy":"product_tag","embeddable":true,"href":"https:\/\/tibladin.dk\/fr\/wp-json\/wp\/v2\/product_tag?post=37167"}],"curies":[{"name":"wp","href":"https:\/\/api.w.org\/{rel}","templated":true}]}}