{"id":37221,"date":"2025-06-15T14:26:19","date_gmt":"2025-06-15T12:26:19","guid":{"rendered":"https:\/\/tibladin.dk\/?post_type=product&#038;p=37221"},"modified":"2025-06-15T14:36:29","modified_gmt":"2025-06-15T12:36:29","slug":"tapis-marocain-boucherouite-luma-110x240-cm","status":"publish","type":"product","link":"https:\/\/tibladin.dk\/fr\/produkt\/marokkansk-boucherouite-taeppe-luma-110x240-cm\/","title":{"rendered":"Tapis marocain Boucherouite \u2013 LUMA | 110\u00d7240 cm"},"content":{"rendered":"<div class=\"wpb-content-wrapper\"><div class=\"vc_row wpb_row vc_row-fluid\"><div class=\"wpb_column vc_column_container vc_col-sm-4\"><div class=\"vc_column-inner\"><div class=\"wpb_wrapper\"><\/div><\/div><\/div><div class=\"wpb_column vc_column_container vc_col-sm-4\"><div class=\"vc_column-inner\"><div class=\"wpb_wrapper\"><h3 style=\"text-align: left\" class=\"vc_custom_heading vc_do_custom_heading\" >Entretien<\/h3>\n\t<div class=\"wpb_text_column wpb_content_element\" >\n\t\t<div class=\"wpb_wrapper\">\n\t\t\t<p>Passez r\u00e9guli\u00e8rement l&#039;aspirateur sur le tapis, sortez-le et secouez-le de temps en temps. Les taches sont \u00e9limin\u00e9es en absorbant la tache le plus rapidement possible avec un chiffon puis en tamponnant la tache avec un chiffon humide. Le tapis est fabriqu\u00e9 \u00e0 partir de chutes de diff\u00e9rents mat\u00e9riaux.<\/p>\n\n\t\t<\/div>\n\t<\/div>\n<\/div><\/div><\/div><div class=\"wpb_column vc_column_container vc_col-sm-4\"><div class=\"vc_column-inner\"><div class=\"wpb_wrapper\"><h3 style=\"text-align: left\" class=\"vc_custom_heading vc_do_custom_heading\" >L&#039;histoire derri\u00e8re<\/h3>\n\t<div class=\"wpb_text_column wpb_content_element\" >\n\t\t<div class=\"wpb_wrapper\">\n\t\t\t<p>Les tapis d\u00e9corent, apportent confort et chaleur et absorbent \u00e9galement le bruit.<\/p>\n<p>Les tapis Boucherouite sont tiss\u00e9s \u00e0 partir de chutes de tissus provenant de v\u00eatements et de textiles et les femmes berb\u00e8res leur donnent une nouvelle vie dans un tapis artistique. Tous les tapis sont des \u0153uvres d&#039;art uniques et petites en soi. Le nom Boucherouite vient de Bouts de chiffons, qui signifie chutes de tissus. De nombreux types de mati\u00e8res sont utilis\u00e9es dans un tapis Boucherouite : coton, nylon, laine, dentelle, tulle, etc.<span class=\"Apple-converted-space\">\u00a0 <\/span>Chaque morceau de tissu est fix\u00e9 pi\u00e8ce par pi\u00e8ce gr\u00e2ce \u00e0 une technique particuli\u00e8re. Cette technique se transmet de m\u00e8re en fille \u00e0 travers les g\u00e9n\u00e9rations. La particularit\u00e9 des tapis Boucherouite est qu\u2019ils sont color\u00e9s et suscitent la r\u00e9flexion. Ils donnent une touche chaleureuse et color\u00e9e \u00e0 l\u2019int\u00e9rieur et sont devenus tr\u00e8s populaires parmi les amateurs de d\u00e9coration d\u2019int\u00e9rieur du monde entier. La taille la plus courante est d&#039;env. 100\u00d7170cm. Les petits tapis sont \u00e9galement utilis\u00e9s comme d\u00e9corations murales avec\/ou sans cadre.<span class=\"Apple-converted-space\">\u00a0<\/span><\/p>\n<p>D\u00e9couvrez les tapis Boucherouite chez Tibladin et trouvez votre pr\u00e9f\u00e9r\u00e9 !<\/p>\n\n\t\t<\/div>\n\t<\/div>\n<\/div><\/div><\/div><\/div>\n<\/div>","protected":false},"excerpt":{"rendered":"<h3 data-start=\"178\" data-end=\"227\"><strong data-start=\"182\" data-end=\"227\">\u00ab Luma \u00bb \u2013 Un jeu de couleurs de lumi\u00e8re et de couches<\/strong><\/h3>\n<p data-start=\"229\" data-end=\"508\">Luma est un tapis marocain Boucherouite tiss\u00e9 main de 110 x 240 cm, empreint de couleurs, de rythme et de po\u00e9sie. Fabriqu\u00e9 \u00e0 partir de textiles recycl\u00e9s dans le style berb\u00e8re classique, il exprime une libert\u00e9 cr\u00e9ative o\u00f9 aucune ligne n&#039;est parfaite \u2013 et c&#039;est pr\u00e9cis\u00e9ment ce qui le rend infiniment vivant.<\/p>\n<p data-start=\"510\" data-end=\"814\">Le design du tapis attire le regard vers le centre gr\u00e2ce \u00e0 un motif en V, presque rayonnant, d\u00e9clin\u00e9 dans des tons d\u00e9licats de bleu, menthe, lavande, jaune, rose et noir. Le centre, plus sombre et myst\u00e9rieux, ouvre une fen\u00eatre sur un monde plus ancien et plus profond, presque une amulette abstraite. Un r\u00e9cit visuel \u00e0 la fois moderne et rituel.<\/p>\n<h3 data-start=\"821\" data-end=\"870\">\ud83c\udfe1 <strong data-start=\"828\" data-end=\"870\">Comment utiliser \u00ab Luma \u00bb dans la d\u00e9coration int\u00e9rieure :<\/strong><\/h3>\n<ul data-start=\"871\" data-end=\"1120\">\n<li data-start=\"871\" data-end=\"940\">\n<p data-start=\"873\" data-end=\"940\">Utilisez-le dans le salon, o\u00f9 il ajoute de l&#039;art et de la chaleur \u00e0 la pi\u00e8ce<\/p>\n<\/li>\n<li data-start=\"941\" data-end=\"999\">\n<p data-start=\"943\" data-end=\"999\">Parfait dans un couloir, une entr\u00e9e ou \u00e0 c\u00f4t\u00e9 du lit<\/p>\n<\/li>\n<li data-start=\"1000\" data-end=\"1068\">\n<p data-start=\"1002\" data-end=\"1068\">Accrochez-le au mur comme un art textile \u2013 il m\u00e9rite l\u2019attention<\/p>\n<\/li>\n<li data-start=\"1069\" data-end=\"1120\">\n<p data-start=\"1071\" data-end=\"1120\">Combinez-le avec des meubles neutres et laissez les couleurs parler<\/p>\n<\/li>\n<\/ul>\n<h3 data-start=\"1127\" data-end=\"1169\">\ud83c\udf3f <strong data-start=\"1134\" data-end=\"1169\">C&#039;est pourquoi \u00ab Luma \u00bb est quelque chose de sp\u00e9cial :<\/strong><\/h3>\n<ul data-start=\"1170\" data-end=\"1423\">\n<li data-start=\"1170\" data-end=\"1210\">\n<p data-start=\"1172\" data-end=\"1210\">Tiss\u00e9 \u00e0 la main au Maroc par des femmes berb\u00e8res<\/p>\n<\/li>\n<li data-start=\"1211\" data-end=\"1270\">\n<p data-start=\"1213\" data-end=\"1270\">Fabriqu\u00e9 \u00e0 partir de textiles recycl\u00e9s, chaque tapis est 100 % unique.<\/p>\n<\/li>\n<li data-start=\"1271\" data-end=\"1324\">\n<p data-start=\"1273\" data-end=\"1324\">Color\u00e9, mais harmonieux \u2013 comme une peinture textile<\/p>\n<\/li>\n<li data-start=\"1325\" data-end=\"1423\">\n<p data-start=\"1327\" data-end=\"1423\">Le nom \u00ab Luma \u00bb s\u2019inspire de \u00ab lumi\u00e8re \u00bb \u2013 une r\u00e9f\u00e9rence \u00e0 l\u2019expression rayonnante du tapis<\/p>\n<\/li>\n<\/ul>\n<p data-start=\"1430\" data-end=\"1552\">Luma n&#039;est pas qu&#039;un simple tapis\u00a0: c&#039;est une \u0153uvre d&#039;art vivante, tiss\u00e9e \u00e0 la main, porteuse d&#039;histoires et d&#039;espoir. Une d\u00e9claration d&#039;\u00e2me.<\/p>\n<p data-start=\"1315\" data-end=\"1440\">Il s&#039;agit d&#039;un vieux tapis vintage nettoy\u00e9 et pr\u00eat \u00e0 accueillir une nouvelle maison. Vous y trouverez donc de petits trous, des d\u00e9formations et des irr\u00e9gularit\u00e9s. C&#039;est ce qui fait le charme du vintage.<\/p>\n<p data-start=\"1315\" data-end=\"1440\">Chez Tibladin, nous aimons les Boucherouites vintage car nous les trouvons beaucoup plus charmants que les tapis boucherouites nouvellement tiss\u00e9s.<\/p>","protected":false},"featured_media":37227,"template":"","meta":{"inline_featured_image":false},"product_brand":[],"product_cat":[94,59],"product_tag":[],"class_list":{"0":"post-37221","1":"product","2":"type-product","3":"status-publish","4":"has-post-thumbnail","6":"product_cat-boucherouite","7":"product_cat-marokkanske-taepper","9":"first","10":"instock","11":"sold-individually","12":"taxable","13":"shipping-taxable","14":"purchasable","15":"product-type-simple"},"exclude_global_add_ons":[],"addons":[],"yoast_head":"<!-- This site is optimized with the Yoast SEO plugin v27.5 - https:\/\/yoast.com\/product\/yoast-seo-wordpress\/ -->\n<title>Marokkansk Boucherouite t\u00e6ppe 110x240 cm | kun hos Tibladin<\/title>\n<meta name=\"description\" content=\"Unikt vintage Boucherouite-t\u00e6ppe i livlige farver \u2013 h\u00e5ndv\u00e6vet i Marokko. Perfekt som gulv- eller v\u00e6gt\u00e6ppe. M\u00e5l: 110x240. \u00c9t unika \u2013 \u00e9t statement.\" \/>\n<meta name=\"robots\" content=\"index, follow, max-snippet:-1, max-image-preview:large, max-video-preview:-1\" \/>\n<link rel=\"canonical\" href=\"https:\/\/tibladin.dk\/fr\/produit-4\/tapis-marocain-boucherouite-luma-110x240-cm\/\" \/>\n<meta property=\"og:locale\" content=\"fr_FR\" \/>\n<meta property=\"og:type\" content=\"article\" \/>\n<meta property=\"og:title\" content=\"Marokkansk Boucherouite t\u00e6ppe 110x240 cm | kun hos Tibladin\" \/>\n<meta property=\"og:description\" content=\"Unikt vintage Boucherouite-t\u00e6ppe i livlige farver \u2013 h\u00e5ndv\u00e6vet i Marokko. Perfekt som gulv- eller v\u00e6gt\u00e6ppe. M\u00e5l: 110x240. \u00c9t unika \u2013 \u00e9t statement.\" \/>\n<meta property=\"og:url\" content=\"https:\/\/tibladin.dk\/fr\/produit-4\/tapis-marocain-boucherouite-luma-110x240-cm\/\" \/>\n<meta property=\"og:site_name\" content=\"Tibladin\" \/>\n<meta property=\"article:modified_time\" content=\"2025-06-15T12:36:29+00:00\" \/>\n<meta property=\"og:image\" content=\"https:\/\/tibladin.dk\/wp-content\/uploads\/2025\/06\/Marokkansk-boucherouite-taeppe_LUMA.jpg\" \/>\n\t<meta property=\"og:image:width\" content=\"800\" \/>\n\t<meta property=\"og:image:height\" content=\"800\" \/>\n\t<meta property=\"og:image:type\" content=\"image\/jpeg\" \/>\n<meta name=\"twitter:card\" content=\"summary_large_image\" \/>\n<meta name=\"twitter:label1\" content=\"Dur\u00e9e de lecture estim\u00e9e\" \/>\n\t<meta name=\"twitter:data1\" content=\"2 minutes\" \/>\n<script type=\"application\/ld+json\" class=\"yoast-schema-graph\">{\"@context\":\"https:\\\/\\\/schema.org\",\"@graph\":[{\"@type\":\"WebPage\",\"@id\":\"https:\\\/\\\/tibladin.dk\\\/produkt\\\/marokkansk-boucherouite-taeppe-luma-110x240-cm\\\/\",\"url\":\"https:\\\/\\\/tibladin.dk\\\/produkt\\\/marokkansk-boucherouite-taeppe-luma-110x240-cm\\\/\",\"name\":\"Marokkansk Boucherouite t\u00e6ppe 110x240 cm | kun hos Tibladin\",\"isPartOf\":{\"@id\":\"https:\\\/\\\/tibladin.dk\\\/#website\"},\"primaryImageOfPage\":{\"@id\":\"https:\\\/\\\/tibladin.dk\\\/produkt\\\/marokkansk-boucherouite-taeppe-luma-110x240-cm\\\/#primaryimage\"},\"image\":{\"@id\":\"https:\\\/\\\/tibladin.dk\\\/produkt\\\/marokkansk-boucherouite-taeppe-luma-110x240-cm\\\/#primaryimage\"},\"thumbnailUrl\":\"https:\\\/\\\/tibladin.dk\\\/wp-content\\\/uploads\\\/2025\\\/06\\\/Marokkansk-boucherouite-taeppe_LUMA.jpg\",\"datePublished\":\"2025-06-15T12:26:19+00:00\",\"dateModified\":\"2025-06-15T12:36:29+00:00\",\"description\":\"Unikt vintage Boucherouite-t\u00e6ppe i livlige farver \u2013 h\u00e5ndv\u00e6vet i Marokko. Perfekt som gulv- eller v\u00e6gt\u00e6ppe. M\u00e5l: 110x240. \u00c9t unika \u2013 \u00e9t statement.\",\"breadcrumb\":{\"@id\":\"https:\\\/\\\/tibladin.dk\\\/produkt\\\/marokkansk-boucherouite-taeppe-luma-110x240-cm\\\/#breadcrumb\"},\"inLanguage\":\"fr-FR\",\"potentialAction\":[{\"@type\":\"ReadAction\",\"target\":[\"https:\\\/\\\/tibladin.dk\\\/produkt\\\/marokkansk-boucherouite-taeppe-luma-110x240-cm\\\/\"]}]},{\"@type\":\"ImageObject\",\"inLanguage\":\"fr-FR\",\"@id\":\"https:\\\/\\\/tibladin.dk\\\/produkt\\\/marokkansk-boucherouite-taeppe-luma-110x240-cm\\\/#primaryimage\",\"url\":\"https:\\\/\\\/tibladin.dk\\\/wp-content\\\/uploads\\\/2025\\\/06\\\/Marokkansk-boucherouite-taeppe_LUMA.jpg\",\"contentUrl\":\"https:\\\/\\\/tibladin.dk\\\/wp-content\\\/uploads\\\/2025\\\/06\\\/Marokkansk-boucherouite-taeppe_LUMA.jpg\",\"width\":800,\"height\":800,\"caption\":\"Marokkansk-boucherouite-taeppe_LUMA\"},{\"@type\":\"BreadcrumbList\",\"@id\":\"https:\\\/\\\/tibladin.dk\\\/produkt\\\/marokkansk-boucherouite-taeppe-luma-110x240-cm\\\/#breadcrumb\",\"itemListElement\":[{\"@type\":\"ListItem\",\"position\":1,\"name\":\"Hjem\",\"item\":\"https:\\\/\\\/tibladin.dk\\\/\"},{\"@type\":\"ListItem\",\"position\":2,\"name\":\"Shop\",\"item\":\"https:\\\/\\\/tibladin.dk\\\/shop\\\/\"},{\"@type\":\"ListItem\",\"position\":3,\"name\":\"Marokkansk Boucherouite t\u00e6ppe &#8211; LUMA | 110&#215;240 cm\"}]},{\"@type\":\"WebSite\",\"@id\":\"https:\\\/\\\/tibladin.dk\\\/#website\",\"url\":\"https:\\\/\\\/tibladin.dk\\\/\",\"name\":\"Tibladin\",\"description\":\"Tibladin\",\"publisher\":{\"@id\":\"https:\\\/\\\/tibladin.dk\\\/#organization\"},\"potentialAction\":[{\"@type\":\"SearchAction\",\"target\":{\"@type\":\"EntryPoint\",\"urlTemplate\":\"https:\\\/\\\/tibladin.dk\\\/?s={search_term_string}\"},\"query-input\":{\"@type\":\"PropertyValueSpecification\",\"valueRequired\":true,\"valueName\":\"search_term_string\"}}],\"inLanguage\":\"fr-FR\"},{\"@type\":\"Organization\",\"@id\":\"https:\\\/\\\/tibladin.dk\\\/#organization\",\"name\":\"Tibladin\",\"url\":\"https:\\\/\\\/tibladin.dk\\\/\",\"logo\":{\"@type\":\"ImageObject\",\"inLanguage\":\"fr-FR\",\"@id\":\"https:\\\/\\\/tibladin.dk\\\/#\\\/schema\\\/logo\\\/image\\\/\",\"url\":\"https:\\\/\\\/tibladin.dk\\\/wp-content\\\/uploads\\\/2022\\\/09\\\/tibladin_logo.svg\",\"contentUrl\":\"https:\\\/\\\/tibladin.dk\\\/wp-content\\\/uploads\\\/2022\\\/09\\\/tibladin_logo.svg\",\"caption\":\"Tibladin\"},\"image\":{\"@id\":\"https:\\\/\\\/tibladin.dk\\\/#\\\/schema\\\/logo\\\/image\\\/\"}}]}<\/script>\n<!-- \/ Yoast SEO plugin. -->","yoast_head_json":{"title":"Tapis marocain Boucherouite 110x240 cm | Exclusivit\u00e9 Tibladin","description":"Tapis Boucherouite vintage unique aux couleurs vives, tiss\u00e9 main au Maroc. Parfait comme tapis de sol ou mural. Dimensions\u00a0: 110\u00a0x\u00a0240\u00a0cm. Une pi\u00e8ce unique, une pi\u00e8ce unique.","robots":{"index":"index","follow":"follow","max-snippet":"max-snippet:-1","max-image-preview":"max-image-preview:large","max-video-preview":"max-video-preview:-1"},"canonical":"https:\/\/tibladin.dk\/fr\/produit-4\/tapis-marocain-boucherouite-luma-110x240-cm\/","og_locale":"fr_FR","og_type":"article","og_title":"Marokkansk Boucherouite t\u00e6ppe 110x240 cm | kun hos Tibladin","og_description":"Unikt vintage Boucherouite-t\u00e6ppe i livlige farver \u2013 h\u00e5ndv\u00e6vet i Marokko. Perfekt som gulv- eller v\u00e6gt\u00e6ppe. M\u00e5l: 110x240. \u00c9t unika \u2013 \u00e9t statement.","og_url":"https:\/\/tibladin.dk\/fr\/produit-4\/tapis-marocain-boucherouite-luma-110x240-cm\/","og_site_name":"Tibladin","article_modified_time":"2025-06-15T12:36:29+00:00","og_image":[{"width":800,"height":800,"url":"https:\/\/tibladin.dk\/wp-content\/uploads\/2025\/06\/Marokkansk-boucherouite-taeppe_LUMA.jpg","type":"image\/jpeg"}],"twitter_card":"summary_large_image","twitter_misc":{"Dur\u00e9e de lecture estim\u00e9e":"2 minutes"},"schema":{"@context":"https:\/\/schema.org","@graph":[{"@type":"WebPage","@id":"https:\/\/tibladin.dk\/produkt\/marokkansk-boucherouite-taeppe-luma-110x240-cm\/","url":"https:\/\/tibladin.dk\/produkt\/marokkansk-boucherouite-taeppe-luma-110x240-cm\/","name":"Tapis marocain Boucherouite 110x240 cm | Exclusivit\u00e9 Tibladin","isPartOf":{"@id":"https:\/\/tibladin.dk\/#website"},"primaryImageOfPage":{"@id":"https:\/\/tibladin.dk\/produkt\/marokkansk-boucherouite-taeppe-luma-110x240-cm\/#primaryimage"},"image":{"@id":"https:\/\/tibladin.dk\/produkt\/marokkansk-boucherouite-taeppe-luma-110x240-cm\/#primaryimage"},"thumbnailUrl":"https:\/\/tibladin.dk\/wp-content\/uploads\/2025\/06\/Marokkansk-boucherouite-taeppe_LUMA.jpg","datePublished":"2025-06-15T12:26:19+00:00","dateModified":"2025-06-15T12:36:29+00:00","description":"Tapis Boucherouite vintage unique aux couleurs vives, tiss\u00e9 main au Maroc. Parfait comme tapis de sol ou mural. Dimensions\u00a0: 110\u00a0x\u00a0240\u00a0cm. Une pi\u00e8ce unique, une pi\u00e8ce unique.","breadcrumb":{"@id":"https:\/\/tibladin.dk\/produkt\/marokkansk-boucherouite-taeppe-luma-110x240-cm\/#breadcrumb"},"inLanguage":"fr-FR","potentialAction":[{"@type":"ReadAction","target":["https:\/\/tibladin.dk\/produkt\/marokkansk-boucherouite-taeppe-luma-110x240-cm\/"]}]},{"@type":"ImageObject","inLanguage":"fr-FR","@id":"https:\/\/tibladin.dk\/produkt\/marokkansk-boucherouite-taeppe-luma-110x240-cm\/#primaryimage","url":"https:\/\/tibladin.dk\/wp-content\/uploads\/2025\/06\/Marokkansk-boucherouite-taeppe_LUMA.jpg","contentUrl":"https:\/\/tibladin.dk\/wp-content\/uploads\/2025\/06\/Marokkansk-boucherouite-taeppe_LUMA.jpg","width":800,"height":800,"caption":"Marokkansk-boucherouite-taeppe_LUMA"},{"@type":"BreadcrumbList","@id":"https:\/\/tibladin.dk\/produkt\/marokkansk-boucherouite-taeppe-luma-110x240-cm\/#breadcrumb","itemListElement":[{"@type":"ListItem","position":1,"name":"Hjem","item":"https:\/\/tibladin.dk\/"},{"@type":"ListItem","position":2,"name":"Shop","item":"https:\/\/tibladin.dk\/shop\/"},{"@type":"ListItem","position":3,"name":"Marokkansk Boucherouite t\u00e6ppe &#8211; LUMA | 110&#215;240 cm"}]},{"@type":"WebSite","@id":"https:\/\/tibladin.dk\/#website","url":"https:\/\/tibladin.dk\/","name":"Tibladin","description":"Tibladin","publisher":{"@id":"https:\/\/tibladin.dk\/#organization"},"potentialAction":[{"@type":"SearchAction","target":{"@type":"EntryPoint","urlTemplate":"https:\/\/tibladin.dk\/?s={search_term_string}"},"query-input":{"@type":"PropertyValueSpecification","valueRequired":true,"valueName":"search_term_string"}}],"inLanguage":"fr-FR"},{"@type":"Organization","@id":"https:\/\/tibladin.dk\/#organization","name":"Tibladin","url":"https:\/\/tibladin.dk\/","logo":{"@type":"ImageObject","inLanguage":"fr-FR","@id":"https:\/\/tibladin.dk\/#\/schema\/logo\/image\/","url":"https:\/\/tibladin.dk\/wp-content\/uploads\/2022\/09\/tibladin_logo.svg","contentUrl":"https:\/\/tibladin.dk\/wp-content\/uploads\/2022\/09\/tibladin_logo.svg","caption":"Tibladin"},"image":{"@id":"https:\/\/tibladin.dk\/#\/schema\/logo\/image\/"}}]}},"_links":{"self":[{"href":"https:\/\/tibladin.dk\/fr\/wp-json\/wp\/v2\/product\/37221","targetHints":{"allow":["GET"]}}],"collection":[{"href":"https:\/\/tibladin.dk\/fr\/wp-json\/wp\/v2\/product"}],"about":[{"href":"https:\/\/tibladin.dk\/fr\/wp-json\/wp\/v2\/types\/product"}],"wp:featuredmedia":[{"embeddable":true,"href":"https:\/\/tibladin.dk\/fr\/wp-json\/wp\/v2\/media\/37227"}],"wp:attachment":[{"href":"https:\/\/tibladin.dk\/fr\/wp-json\/wp\/v2\/media?parent=37221"}],"wp:term":[{"taxonomy":"product_brand","embeddable":true,"href":"https:\/\/tibladin.dk\/fr\/wp-json\/wp\/v2\/product_brand?post=37221"},{"taxonomy":"product_cat","embeddable":true,"href":"https:\/\/tibladin.dk\/fr\/wp-json\/wp\/v2\/product_cat?post=37221"},{"taxonomy":"product_tag","embeddable":true,"href":"https:\/\/tibladin.dk\/fr\/wp-json\/wp\/v2\/product_tag?post=37221"}],"curies":[{"name":"wp","href":"https:\/\/api.w.org\/{rel}","templated":true}]}}