{"id":37471,"date":"2025-06-26T16:29:59","date_gmt":"2025-06-26T14:29:59","guid":{"rendered":"https:\/\/tibladin.dk\/?post_type=product&#038;p=37471"},"modified":"2025-06-26T16:37:12","modified_gmt":"2025-06-26T14:37:12","slug":"lanterne-marocaine-hexagonale","status":"publish","type":"product","link":"https:\/\/tibladin.dk\/fr\/produkt\/marokkansk-lanterne-sekskantet\/","title":{"rendered":"Lanterne marocaine hexagonale"},"content":{"rendered":"<div class=\"wpb-content-wrapper\"><div class=\"vc_row wpb_row vc_row-fluid\"><div class=\"wpb_column vc_column_container vc_col-sm-4\"><div class=\"vc_column-inner\"><div class=\"wpb_wrapper\"><\/div><\/div><\/div><div class=\"wpb_column vc_column_container vc_col-sm-4\"><div class=\"vc_column-inner\"><div class=\"wpb_wrapper\"><h3 style=\"text-align: left\" class=\"vc_custom_heading vc_do_custom_heading\" >Entretien<\/h3>\n\t<div class=\"wpb_text_column wpb_content_element\" >\n\t\t<div class=\"wpb_wrapper\">\n\t\t\t<p>Les lanternes sont en laiton patin\u00e9. Le laiton est un mat\u00e9riau noble qui se patine avec le temps. La patine est acc\u00e9l\u00e9r\u00e9e en laissant les lanternes \u00e0 l&#039;ext\u00e9rieur. Pour retrouver un cuivre plus brillant, vous pouvez facilement polir la lanterne.<\/p>\n<p>Le verre de la lanterne peut \u00eatre nettoy\u00e9 avec un nettoyant pour vitres.<\/p>\n\n\t\t<\/div>\n\t<\/div>\n<\/div><\/div><\/div><div class=\"wpb_column vc_column_container vc_col-sm-4\"><div class=\"vc_column-inner\"><div class=\"wpb_wrapper\"><h3 style=\"text-align: left\" class=\"vc_custom_heading vc_do_custom_heading\" >L&#039;histoire derri\u00e8re<\/h3>\n\t<div class=\"wpb_text_column wpb_content_element\" >\n\t\t<div class=\"wpb_wrapper\">\n\t\t\t<p>Le laiton patin\u00e9 est devenu tr\u00e8s populaire ces derni\u00e8res ann\u00e9es. En utilisant des mat\u00e9riaux qui vieillissent et embellissent votre int\u00e9rieur, vous lui apportez davantage de personnalit\u00e9 et d&#039;\u00e2me.<\/p>\n<p>Les lanternes du Maroc ajoutent une touche unique \u00e0 votre d\u00e9cor et apportent une lumi\u00e8re d\u00e9corative aussi bien sur votre terrasse qu&#039;\u00e0 l&#039;int\u00e9rieur.<\/p>\n<p>Les lanternes sont fabriqu\u00e9es \u00e0 la main par des artisans marocains dans un atelier de Marrakech. Il est donc naturel que de l\u00e9g\u00e8res imperfections et diff\u00e9rences apparaissent entre les lanternes.<\/p>\n\n\t\t<\/div>\n\t<\/div>\n<\/div><\/div><\/div><\/div>\n<\/div>","protected":false},"excerpt":{"rendered":"<p>Lanterne hexagonale marocaine en laiton patin\u00e9 \u00e0 l&#039;aspect antique.<\/p>\n<p>Donnez une nouvelle vie et une ambiance chaleureuse \u00e0 votre terrasse, ou d\u00e9corez-la avec la lanterne \u00e0 l&#039;int\u00e9rieur.<\/p>\n<p>Fabriqu\u00e9 \u00e0 la main dans un atelier \u00e0 Marrakech.<\/p>\n<p>&nbsp;<\/p>\n<p>&nbsp;<\/p>\n<p>&nbsp;<\/p>","protected":false},"featured_media":37474,"template":"","meta":{"inline_featured_image":false},"product_brand":[],"product_cat":[67,68],"product_tag":[],"class_list":{"0":"post-37471","1":"product","2":"type-product","3":"status-publish","4":"has-post-thumbnail","6":"product_cat-lamper","7":"product_cat-metal-lamper","9":"first","10":"instock","11":"featured","12":"taxable","13":"shipping-taxable","14":"purchasable","15":"product-type-simple"},"exclude_global_add_ons":false,"addons":[{"name":"Vous souhaitez un emballage cadeau ?","type":"checkbox","position":0,"required":false,"title_format":"label","default":"","description_enable":false,"description":"","placeholder_enable":false,"placeholder":"","display":"images","restrictions_type":"any_text","adjust_price":false,"price":"","price_type":"flat_fee","restrictions":false,"min":"0","max":"0","options":[{"label":"Ja tak","price":"10","price_type":"flat_fee","image":11015,"visibility":true}],"id":1669646111}],"yoast_head":"<!-- This site is optimized with the Yoast SEO plugin v27.4 - https:\/\/yoast.com\/product\/yoast-seo-wordpress\/ -->\n<title>Marokkansk sekskantet lanterne i patineret messing- Tibladin<\/title>\n<meta name=\"description\" content=\"Lanternen har et patineret og antikt look. Giver en hyggelig stemning p\u00e5 terrassen eller indend\u00f8re. H\u00e5ndlavet af lokale h\u00e5ndv\u00e6rkere i Marrakech.\" \/>\n<meta name=\"robots\" content=\"index, follow, max-snippet:-1, max-image-preview:large, max-video-preview:-1\" \/>\n<link rel=\"canonical\" href=\"https:\/\/tibladin.dk\/fr\/produit-4\/lanterne-marocaine-hexagonale\/\" \/>\n<meta property=\"og:locale\" content=\"fr_FR\" \/>\n<meta property=\"og:type\" content=\"article\" \/>\n<meta property=\"og:title\" content=\"Marokkansk sekskantet lanterne i patineret messing- Tibladin\" \/>\n<meta property=\"og:description\" content=\"Lanternen har et patineret og antikt look. Giver en hyggelig stemning p\u00e5 terrassen eller indend\u00f8re. H\u00e5ndlavet af lokale h\u00e5ndv\u00e6rkere i Marrakech.\" \/>\n<meta property=\"og:url\" content=\"https:\/\/tibladin.dk\/fr\/produit-4\/lanterne-marocaine-hexagonale\/\" \/>\n<meta property=\"og:site_name\" content=\"Tibladin\" \/>\n<meta property=\"article:modified_time\" content=\"2025-06-26T14:37:12+00:00\" \/>\n<meta property=\"og:image\" content=\"https:\/\/tibladin.dk\/wp-content\/uploads\/2025\/06\/Lanterne-i-messing_2.jpg\" \/>\n\t<meta property=\"og:image:width\" content=\"800\" \/>\n\t<meta property=\"og:image:height\" content=\"800\" \/>\n\t<meta property=\"og:image:type\" content=\"image\/jpeg\" \/>\n<meta name=\"twitter:card\" content=\"summary_large_image\" \/>\n<meta name=\"twitter:label1\" content=\"Dur\u00e9e de lecture estim\u00e9e\" \/>\n\t<meta name=\"twitter:data1\" content=\"2 minutes\" \/>\n<script type=\"application\/ld+json\" class=\"yoast-schema-graph\">{\"@context\":\"https:\\\/\\\/schema.org\",\"@graph\":[{\"@type\":\"WebPage\",\"@id\":\"https:\\\/\\\/tibladin.dk\\\/produkt\\\/marokkansk-lanterne-sekskantet\\\/\",\"url\":\"https:\\\/\\\/tibladin.dk\\\/produkt\\\/marokkansk-lanterne-sekskantet\\\/\",\"name\":\"Marokkansk sekskantet lanterne i patineret messing- Tibladin\",\"isPartOf\":{\"@id\":\"https:\\\/\\\/tibladin.dk\\\/#website\"},\"primaryImageOfPage\":{\"@id\":\"https:\\\/\\\/tibladin.dk\\\/produkt\\\/marokkansk-lanterne-sekskantet\\\/#primaryimage\"},\"image\":{\"@id\":\"https:\\\/\\\/tibladin.dk\\\/produkt\\\/marokkansk-lanterne-sekskantet\\\/#primaryimage\"},\"thumbnailUrl\":\"https:\\\/\\\/tibladin.dk\\\/wp-content\\\/uploads\\\/2025\\\/06\\\/Lanterne-i-messing_2.jpg\",\"datePublished\":\"2025-06-26T14:29:59+00:00\",\"dateModified\":\"2025-06-26T14:37:12+00:00\",\"description\":\"Lanternen har et patineret og antikt look. Giver en hyggelig stemning p\u00e5 terrassen eller indend\u00f8re. H\u00e5ndlavet af lokale h\u00e5ndv\u00e6rkere i Marrakech.\",\"breadcrumb\":{\"@id\":\"https:\\\/\\\/tibladin.dk\\\/produkt\\\/marokkansk-lanterne-sekskantet\\\/#breadcrumb\"},\"inLanguage\":\"fr-FR\",\"potentialAction\":[{\"@type\":\"ReadAction\",\"target\":[\"https:\\\/\\\/tibladin.dk\\\/produkt\\\/marokkansk-lanterne-sekskantet\\\/\"]}]},{\"@type\":\"ImageObject\",\"inLanguage\":\"fr-FR\",\"@id\":\"https:\\\/\\\/tibladin.dk\\\/produkt\\\/marokkansk-lanterne-sekskantet\\\/#primaryimage\",\"url\":\"https:\\\/\\\/tibladin.dk\\\/wp-content\\\/uploads\\\/2025\\\/06\\\/Lanterne-i-messing_2.jpg\",\"contentUrl\":\"https:\\\/\\\/tibladin.dk\\\/wp-content\\\/uploads\\\/2025\\\/06\\\/Lanterne-i-messing_2.jpg\",\"width\":800,\"height\":800,\"caption\":\"Sekskantet lanterne i messing\"},{\"@type\":\"BreadcrumbList\",\"@id\":\"https:\\\/\\\/tibladin.dk\\\/produkt\\\/marokkansk-lanterne-sekskantet\\\/#breadcrumb\",\"itemListElement\":[{\"@type\":\"ListItem\",\"position\":1,\"name\":\"Hjem\",\"item\":\"https:\\\/\\\/tibladin.dk\\\/\"},{\"@type\":\"ListItem\",\"position\":2,\"name\":\"Shop\",\"item\":\"https:\\\/\\\/tibladin.dk\\\/shop\\\/\"},{\"@type\":\"ListItem\",\"position\":3,\"name\":\"Marokkansk lanterne sekskantet\"}]},{\"@type\":\"WebSite\",\"@id\":\"https:\\\/\\\/tibladin.dk\\\/#website\",\"url\":\"https:\\\/\\\/tibladin.dk\\\/\",\"name\":\"Tibladin\",\"description\":\"Tibladin\",\"publisher\":{\"@id\":\"https:\\\/\\\/tibladin.dk\\\/#organization\"},\"potentialAction\":[{\"@type\":\"SearchAction\",\"target\":{\"@type\":\"EntryPoint\",\"urlTemplate\":\"https:\\\/\\\/tibladin.dk\\\/?s={search_term_string}\"},\"query-input\":{\"@type\":\"PropertyValueSpecification\",\"valueRequired\":true,\"valueName\":\"search_term_string\"}}],\"inLanguage\":\"fr-FR\"},{\"@type\":\"Organization\",\"@id\":\"https:\\\/\\\/tibladin.dk\\\/#organization\",\"name\":\"Tibladin\",\"url\":\"https:\\\/\\\/tibladin.dk\\\/\",\"logo\":{\"@type\":\"ImageObject\",\"inLanguage\":\"fr-FR\",\"@id\":\"https:\\\/\\\/tibladin.dk\\\/#\\\/schema\\\/logo\\\/image\\\/\",\"url\":\"https:\\\/\\\/tibladin.dk\\\/wp-content\\\/uploads\\\/2022\\\/09\\\/tibladin_logo.svg\",\"contentUrl\":\"https:\\\/\\\/tibladin.dk\\\/wp-content\\\/uploads\\\/2022\\\/09\\\/tibladin_logo.svg\",\"caption\":\"Tibladin\"},\"image\":{\"@id\":\"https:\\\/\\\/tibladin.dk\\\/#\\\/schema\\\/logo\\\/image\\\/\"}}]}<\/script>\n<!-- \/ Yoast SEO plugin. -->","yoast_head_json":{"title":"Lanterne hexagonale marocaine en laiton patin\u00e9 - Tibladin","description":"Cette lanterne \u00e0 l&#039;aspect patin\u00e9 et vieilli cr\u00e9e une ambiance chaleureuse sur la terrasse ou \u00e0 l&#039;int\u00e9rieur. Fabriqu\u00e9e \u00e0 la main par des artisans locaux \u00e0 Marrakech.","robots":{"index":"index","follow":"follow","max-snippet":"max-snippet:-1","max-image-preview":"max-image-preview:large","max-video-preview":"max-video-preview:-1"},"canonical":"https:\/\/tibladin.dk\/fr\/produit-4\/lanterne-marocaine-hexagonale\/","og_locale":"fr_FR","og_type":"article","og_title":"Marokkansk sekskantet lanterne i patineret messing- Tibladin","og_description":"Lanternen har et patineret og antikt look. Giver en hyggelig stemning p\u00e5 terrassen eller indend\u00f8re. H\u00e5ndlavet af lokale h\u00e5ndv\u00e6rkere i Marrakech.","og_url":"https:\/\/tibladin.dk\/fr\/produit-4\/lanterne-marocaine-hexagonale\/","og_site_name":"Tibladin","article_modified_time":"2025-06-26T14:37:12+00:00","og_image":[{"width":800,"height":800,"url":"https:\/\/tibladin.dk\/wp-content\/uploads\/2025\/06\/Lanterne-i-messing_2.jpg","type":"image\/jpeg"}],"twitter_card":"summary_large_image","twitter_misc":{"Dur\u00e9e de lecture estim\u00e9e":"2 minutes"},"schema":{"@context":"https:\/\/schema.org","@graph":[{"@type":"WebPage","@id":"https:\/\/tibladin.dk\/produkt\/marokkansk-lanterne-sekskantet\/","url":"https:\/\/tibladin.dk\/produkt\/marokkansk-lanterne-sekskantet\/","name":"Lanterne hexagonale marocaine en laiton patin\u00e9 - Tibladin","isPartOf":{"@id":"https:\/\/tibladin.dk\/#website"},"primaryImageOfPage":{"@id":"https:\/\/tibladin.dk\/produkt\/marokkansk-lanterne-sekskantet\/#primaryimage"},"image":{"@id":"https:\/\/tibladin.dk\/produkt\/marokkansk-lanterne-sekskantet\/#primaryimage"},"thumbnailUrl":"https:\/\/tibladin.dk\/wp-content\/uploads\/2025\/06\/Lanterne-i-messing_2.jpg","datePublished":"2025-06-26T14:29:59+00:00","dateModified":"2025-06-26T14:37:12+00:00","description":"Cette lanterne \u00e0 l&#039;aspect patin\u00e9 et vieilli cr\u00e9e une ambiance chaleureuse sur la terrasse ou \u00e0 l&#039;int\u00e9rieur. Fabriqu\u00e9e \u00e0 la main par des artisans locaux \u00e0 Marrakech.","breadcrumb":{"@id":"https:\/\/tibladin.dk\/produkt\/marokkansk-lanterne-sekskantet\/#breadcrumb"},"inLanguage":"fr-FR","potentialAction":[{"@type":"ReadAction","target":["https:\/\/tibladin.dk\/produkt\/marokkansk-lanterne-sekskantet\/"]}]},{"@type":"ImageObject","inLanguage":"fr-FR","@id":"https:\/\/tibladin.dk\/produkt\/marokkansk-lanterne-sekskantet\/#primaryimage","url":"https:\/\/tibladin.dk\/wp-content\/uploads\/2025\/06\/Lanterne-i-messing_2.jpg","contentUrl":"https:\/\/tibladin.dk\/wp-content\/uploads\/2025\/06\/Lanterne-i-messing_2.jpg","width":800,"height":800,"caption":"Sekskantet lanterne i messing"},{"@type":"BreadcrumbList","@id":"https:\/\/tibladin.dk\/produkt\/marokkansk-lanterne-sekskantet\/#breadcrumb","itemListElement":[{"@type":"ListItem","position":1,"name":"Hjem","item":"https:\/\/tibladin.dk\/"},{"@type":"ListItem","position":2,"name":"Shop","item":"https:\/\/tibladin.dk\/shop\/"},{"@type":"ListItem","position":3,"name":"Marokkansk lanterne sekskantet"}]},{"@type":"WebSite","@id":"https:\/\/tibladin.dk\/#website","url":"https:\/\/tibladin.dk\/","name":"Tibladin","description":"Tibladin","publisher":{"@id":"https:\/\/tibladin.dk\/#organization"},"potentialAction":[{"@type":"SearchAction","target":{"@type":"EntryPoint","urlTemplate":"https:\/\/tibladin.dk\/?s={search_term_string}"},"query-input":{"@type":"PropertyValueSpecification","valueRequired":true,"valueName":"search_term_string"}}],"inLanguage":"fr-FR"},{"@type":"Organization","@id":"https:\/\/tibladin.dk\/#organization","name":"Tibladin","url":"https:\/\/tibladin.dk\/","logo":{"@type":"ImageObject","inLanguage":"fr-FR","@id":"https:\/\/tibladin.dk\/#\/schema\/logo\/image\/","url":"https:\/\/tibladin.dk\/wp-content\/uploads\/2022\/09\/tibladin_logo.svg","contentUrl":"https:\/\/tibladin.dk\/wp-content\/uploads\/2022\/09\/tibladin_logo.svg","caption":"Tibladin"},"image":{"@id":"https:\/\/tibladin.dk\/#\/schema\/logo\/image\/"}}]}},"_links":{"self":[{"href":"https:\/\/tibladin.dk\/fr\/wp-json\/wp\/v2\/product\/37471","targetHints":{"allow":["GET"]}}],"collection":[{"href":"https:\/\/tibladin.dk\/fr\/wp-json\/wp\/v2\/product"}],"about":[{"href":"https:\/\/tibladin.dk\/fr\/wp-json\/wp\/v2\/types\/product"}],"wp:featuredmedia":[{"embeddable":true,"href":"https:\/\/tibladin.dk\/fr\/wp-json\/wp\/v2\/media\/37474"}],"wp:attachment":[{"href":"https:\/\/tibladin.dk\/fr\/wp-json\/wp\/v2\/media?parent=37471"}],"wp:term":[{"taxonomy":"product_brand","embeddable":true,"href":"https:\/\/tibladin.dk\/fr\/wp-json\/wp\/v2\/product_brand?post=37471"},{"taxonomy":"product_cat","embeddable":true,"href":"https:\/\/tibladin.dk\/fr\/wp-json\/wp\/v2\/product_cat?post=37471"},{"taxonomy":"product_tag","embeddable":true,"href":"https:\/\/tibladin.dk\/fr\/wp-json\/wp\/v2\/product_tag?post=37471"}],"curies":[{"name":"wp","href":"https:\/\/api.w.org\/{rel}","templated":true}]}}