{"id":38077,"date":"2025-07-07T10:16:58","date_gmt":"2025-07-07T08:16:58","guid":{"rendered":"https:\/\/tibladin.dk\/?post_type=product&#038;p=38077"},"modified":"2026-03-10T11:53:22","modified_gmt":"2026-03-10T10:53:22","slug":"verre-beldi-marron-6-pieces","status":"publish","type":"product","link":"https:\/\/tibladin.dk\/fr\/produkt\/beldi-glas-brun-6-stk\/","title":{"rendered":"Verre Beldi marron \u2013 6 pcs."},"content":{"rendered":"<div class=\"wpb-content-wrapper\"><div class=\"vc_row wpb_row vc_row-fluid\"><div class=\"wpb_column vc_column_container vc_col-sm-4\"><div class=\"vc_column-inner\"><div class=\"wpb_wrapper\">\n\t<div class=\"wpb_video_widget wpb_content_element vc_clearfix   vc_video-aspect-ratio-43 vc_video-el-width-100 vc_video-align-left\" >\n\t\t<div class=\"wpb_wrapper\">\n\t\t\t\n\t\t\t<div class=\"wpb_video_wrapper\"><div class=\"video-container\"><iframe loading=\"lazy\" title=\"Beldi_glas&amp;Kande_transparent\" src=\"https:\/\/player.vimeo.com\/video\/456161325?dnt=1&amp;app_id=122963\" width=\"174\" height=\"310\" frameborder=\"0\" allow=\"autoplay; fullscreen; picture-in-picture\"><\/iframe><\/div><\/div>\n\t\t<\/div>\n\t<\/div>\n<\/div><\/div><\/div><div class=\"wpb_column vc_column_container vc_col-sm-4\"><div class=\"vc_column-inner\"><div class=\"wpb_wrapper\"><h3 style=\"text-align: left\" class=\"vc_custom_heading vc_do_custom_heading\" >Entretien<\/h3>\n\t<div class=\"wpb_text_column wpb_content_element\" >\n\t\t<div class=\"wpb_wrapper\">\n\t\t\t<p>Peut \u00eatre lav\u00e9 avec de l&#039;eau savonneuse douce \u2013 peut \u00e9galement r\u00e9sister au lave-vaisselle.<\/p>\n<p>Le verre Beldi est souffl\u00e9 \u00e0 la bouche et il peut y avoir des variations sur le verre tant en couleur qu&#039;en forme.<\/p>\n\n\t\t<\/div>\n\t<\/div>\n<\/div><\/div><\/div><div class=\"wpb_column vc_column_container vc_col-sm-4\"><div class=\"vc_column-inner\"><div class=\"wpb_wrapper\"><h3 style=\"text-align: left\" class=\"vc_custom_heading vc_do_custom_heading\" >L&#039;histoire derri\u00e8re<\/h3>\n\t<div class=\"wpb_text_column wpb_content_element\" >\n\t\t<div class=\"wpb_wrapper\">\n\t\t\t<p>Verre Beldi de Marrakech. Le tout fabriqu\u00e9 \u00e0 partir de verre recycl\u00e9 chauff\u00e9, souffl\u00e9 \u00e0 la bouche, fa\u00e7onn\u00e9 et enfin progressivement trait\u00e9 dans un four de refroidissement. Le verre passe par un processus artisanal complexe et est fa\u00e7onn\u00e9 en designs \u00e9l\u00e9gants.<\/p>\n<p>Malgr\u00e9 la finesse des verres, ils sont extr\u00eamement r\u00e9sistants et peuvent \u00eatre utilis\u00e9s dans toutes les situations du quotidien. Ils passent au lave-vaisselle et peuvent m\u00eame supporter des temp\u00e9ratures mod\u00e9r\u00e9es au four. Le reflet vert provient du verre recycl\u00e9.<\/p>\n<p>Taille:<\/p>\n<p>15 cl. = H : 9 cm. , diam\u00e8tre 5 cm.<\/p>\n<p>18 cl. = H : 11 cm. , diam\u00e8tre 6 cm.<\/p>\n<p>22 cl. = H : 12 cm. , diam\u00e8tre 6 cm.<\/p>\n<p>30 cl. = H : 13 cm. , diam\u00e8tre 7 cm.<\/p>\n\n\t\t<\/div>\n\t<\/div>\n<\/div><\/div><\/div><\/div>\n<\/div>","protected":false},"excerpt":{"rendered":"<p>Magnifiques verres Beldi souffl\u00e9s \u00e0 la main de couleur marron, enti\u00e8rement fabriqu\u00e9s \u00e0 partir de verre recycl\u00e9.<\/p>\n<p>La couleur est une belle nuance de brun chaude et claire qui change entre le brun, le jaune et le vert.<\/p>\n<p>Les verres Beldi de couleur marron sont disponibles en 3 tailles diff\u00e9rentes S : 18 cl., M : 22 cl. et L : 30 cl.<\/p>\n<p>Peut \u00eatre utilis\u00e9 aussi bien pour le caf\u00e9, le th\u00e9, l&#039;eau et diverses boissons gazeuses.<\/p>\n<p>Il existe une cruche dans la m\u00eame s\u00e9rie.<\/p>\n<p>R\u00e9siste au passage au lave-vaisselle.<\/p>\n<p>Le prix est pour un paquet de 6.<\/p>","protected":false},"featured_media":38051,"template":"","meta":{"inline_featured_image":false},"product_brand":[],"product_cat":[34,33,126],"product_tag":[],"class_list":{"0":"post-38077","1":"product","2":"type-product","3":"status-publish","4":"has-post-thumbnail","6":"product_cat-beldiglas","7":"product_cat-borddaekning","8":"product_cat-glas","10":"first","11":"instock","12":"taxable","13":"shipping-taxable","14":"purchasable","15":"product-type-variable"},"exclude_global_add_ons":false,"addons":[{"name":"Vous souhaitez un emballage cadeau ?","type":"checkbox","position":0,"required":false,"title_format":"label","default":"","description_enable":false,"description":"","placeholder_enable":false,"placeholder":"","display":"images","restrictions_type":"any_text","adjust_price":false,"price":"","price_type":"flat_fee","restrictions":false,"min":"0","max":"0","options":[{"label":"Ja tak","price":"10","price_type":"flat_fee","image":11015,"visibility":true}],"id":1669646111}],"yoast_head":"<!-- This site is optimized with the Yoast SEO plugin v27.4 - https:\/\/yoast.com\/product\/yoast-seo-wordpress\/ -->\n<title>Beldi glas brun | Mundbl\u00e6ste af genbrugsglas | Tibladin<\/title>\n<meta name=\"description\" content=\"Beldi glas i brun, genbrugsglas. Changererer lidt i farven. Mundbl\u00e6ste efter gammel marokkansk tradition. F\u00e5s i 3 st\u00f8rrelser.\" \/>\n<meta name=\"robots\" content=\"index, follow, max-snippet:-1, max-image-preview:large, max-video-preview:-1\" \/>\n<link rel=\"canonical\" href=\"https:\/\/tibladin.dk\/fr\/produit-4\/verre-beldi-marron-6-pieces\/\" \/>\n<meta property=\"og:locale\" content=\"fr_FR\" \/>\n<meta property=\"og:type\" content=\"article\" \/>\n<meta property=\"og:title\" content=\"Beldi glas brun | Mundbl\u00e6ste af genbrugsglas | Tibladin\" \/>\n<meta property=\"og:description\" content=\"Beldi glas i brun, genbrugsglas. Changererer lidt i farven. Mundbl\u00e6ste efter gammel marokkansk tradition. F\u00e5s i 3 st\u00f8rrelser.\" \/>\n<meta property=\"og:url\" content=\"https:\/\/tibladin.dk\/fr\/produit-4\/verre-beldi-marron-6-pieces\/\" \/>\n<meta property=\"og:site_name\" content=\"Tibladin\" \/>\n<meta property=\"article:modified_time\" content=\"2026-03-10T10:53:22+00:00\" \/>\n<meta property=\"og:image\" content=\"https:\/\/tibladin.dk\/wp-content\/uploads\/2025\/07\/Photoroom_20250704_145222.jpg\" \/>\n\t<meta property=\"og:image:width\" content=\"800\" \/>\n\t<meta property=\"og:image:height\" content=\"800\" \/>\n\t<meta property=\"og:image:type\" content=\"image\/jpeg\" \/>\n<meta name=\"twitter:card\" content=\"summary_large_image\" \/>\n<meta name=\"twitter:label1\" content=\"Dur\u00e9e de lecture estim\u00e9e\" \/>\n\t<meta name=\"twitter:data1\" content=\"2 minutes\" \/>\n<script type=\"application\/ld+json\" class=\"yoast-schema-graph\">{\"@context\":\"https:\\\/\\\/schema.org\",\"@graph\":[{\"@type\":\"WebPage\",\"@id\":\"https:\\\/\\\/tibladin.dk\\\/produkt\\\/beldi-glas-brun-6-stk\\\/\",\"url\":\"https:\\\/\\\/tibladin.dk\\\/produkt\\\/beldi-glas-brun-6-stk\\\/\",\"name\":\"Beldi glas brun | Mundbl\u00e6ste af genbrugsglas | Tibladin\",\"isPartOf\":{\"@id\":\"https:\\\/\\\/tibladin.dk\\\/#website\"},\"primaryImageOfPage\":{\"@id\":\"https:\\\/\\\/tibladin.dk\\\/produkt\\\/beldi-glas-brun-6-stk\\\/#primaryimage\"},\"image\":{\"@id\":\"https:\\\/\\\/tibladin.dk\\\/produkt\\\/beldi-glas-brun-6-stk\\\/#primaryimage\"},\"thumbnailUrl\":\"https:\\\/\\\/tibladin.dk\\\/wp-content\\\/uploads\\\/2025\\\/07\\\/Photoroom_20250704_145222.jpg\",\"datePublished\":\"2025-07-07T08:16:58+00:00\",\"dateModified\":\"2026-03-10T10:53:22+00:00\",\"description\":\"Beldi glas i brun, genbrugsglas. Changererer lidt i farven. Mundbl\u00e6ste efter gammel marokkansk tradition. F\u00e5s i 3 st\u00f8rrelser.\",\"breadcrumb\":{\"@id\":\"https:\\\/\\\/tibladin.dk\\\/produkt\\\/beldi-glas-brun-6-stk\\\/#breadcrumb\"},\"inLanguage\":\"fr-FR\",\"potentialAction\":[{\"@type\":\"ReadAction\",\"target\":[\"https:\\\/\\\/tibladin.dk\\\/produkt\\\/beldi-glas-brun-6-stk\\\/\"]}]},{\"@type\":\"ImageObject\",\"inLanguage\":\"fr-FR\",\"@id\":\"https:\\\/\\\/tibladin.dk\\\/produkt\\\/beldi-glas-brun-6-stk\\\/#primaryimage\",\"url\":\"https:\\\/\\\/tibladin.dk\\\/wp-content\\\/uploads\\\/2025\\\/07\\\/Photoroom_20250704_145222.jpg\",\"contentUrl\":\"https:\\\/\\\/tibladin.dk\\\/wp-content\\\/uploads\\\/2025\\\/07\\\/Photoroom_20250704_145222.jpg\",\"width\":800,\"height\":800,\"caption\":\"Beldi glas brun 3 str.\"},{\"@type\":\"BreadcrumbList\",\"@id\":\"https:\\\/\\\/tibladin.dk\\\/produkt\\\/beldi-glas-brun-6-stk\\\/#breadcrumb\",\"itemListElement\":[{\"@type\":\"ListItem\",\"position\":1,\"name\":\"Hjem\",\"item\":\"https:\\\/\\\/tibladin.dk\\\/\"},{\"@type\":\"ListItem\",\"position\":2,\"name\":\"Shop\",\"item\":\"https:\\\/\\\/tibladin.dk\\\/shop\\\/\"},{\"@type\":\"ListItem\",\"position\":3,\"name\":\"Beldi glas brun &#8211; 6 stk.\"}]},{\"@type\":\"WebSite\",\"@id\":\"https:\\\/\\\/tibladin.dk\\\/#website\",\"url\":\"https:\\\/\\\/tibladin.dk\\\/\",\"name\":\"Tibladin\",\"description\":\"Tibladin\",\"publisher\":{\"@id\":\"https:\\\/\\\/tibladin.dk\\\/#organization\"},\"potentialAction\":[{\"@type\":\"SearchAction\",\"target\":{\"@type\":\"EntryPoint\",\"urlTemplate\":\"https:\\\/\\\/tibladin.dk\\\/?s={search_term_string}\"},\"query-input\":{\"@type\":\"PropertyValueSpecification\",\"valueRequired\":true,\"valueName\":\"search_term_string\"}}],\"inLanguage\":\"fr-FR\"},{\"@type\":\"Organization\",\"@id\":\"https:\\\/\\\/tibladin.dk\\\/#organization\",\"name\":\"Tibladin\",\"url\":\"https:\\\/\\\/tibladin.dk\\\/\",\"logo\":{\"@type\":\"ImageObject\",\"inLanguage\":\"fr-FR\",\"@id\":\"https:\\\/\\\/tibladin.dk\\\/#\\\/schema\\\/logo\\\/image\\\/\",\"url\":\"https:\\\/\\\/tibladin.dk\\\/wp-content\\\/uploads\\\/2022\\\/09\\\/tibladin_logo.svg\",\"contentUrl\":\"https:\\\/\\\/tibladin.dk\\\/wp-content\\\/uploads\\\/2022\\\/09\\\/tibladin_logo.svg\",\"caption\":\"Tibladin\"},\"image\":{\"@id\":\"https:\\\/\\\/tibladin.dk\\\/#\\\/schema\\\/logo\\\/image\\\/\"}}]}<\/script>\n<!-- \/ Yoast SEO plugin. -->","yoast_head_json":{"title":"Verre Beldi marron | Souffl\u00e9 \u00e0 la bouche \u00e0 partir de verre recycl\u00e9 | Tibladin","description":"Verre Beldi en verre recycl\u00e9 brun. L\u00e9g\u00e8rement teint\u00e9. Souffl\u00e9 \u00e0 la bouche selon la tradition marocaine ancestrale. Disponible en trois tailles.","robots":{"index":"index","follow":"follow","max-snippet":"max-snippet:-1","max-image-preview":"max-image-preview:large","max-video-preview":"max-video-preview:-1"},"canonical":"https:\/\/tibladin.dk\/fr\/produit-4\/verre-beldi-marron-6-pieces\/","og_locale":"fr_FR","og_type":"article","og_title":"Beldi glas brun | Mundbl\u00e6ste af genbrugsglas | Tibladin","og_description":"Beldi glas i brun, genbrugsglas. Changererer lidt i farven. Mundbl\u00e6ste efter gammel marokkansk tradition. F\u00e5s i 3 st\u00f8rrelser.","og_url":"https:\/\/tibladin.dk\/fr\/produit-4\/verre-beldi-marron-6-pieces\/","og_site_name":"Tibladin","article_modified_time":"2026-03-10T10:53:22+00:00","og_image":[{"width":800,"height":800,"url":"https:\/\/tibladin.dk\/wp-content\/uploads\/2025\/07\/Photoroom_20250704_145222.jpg","type":"image\/jpeg"}],"twitter_card":"summary_large_image","twitter_misc":{"Dur\u00e9e de lecture estim\u00e9e":"2 minutes"},"schema":{"@context":"https:\/\/schema.org","@graph":[{"@type":"WebPage","@id":"https:\/\/tibladin.dk\/produkt\/beldi-glas-brun-6-stk\/","url":"https:\/\/tibladin.dk\/produkt\/beldi-glas-brun-6-stk\/","name":"Verre Beldi marron | Souffl\u00e9 \u00e0 la bouche \u00e0 partir de verre recycl\u00e9 | Tibladin","isPartOf":{"@id":"https:\/\/tibladin.dk\/#website"},"primaryImageOfPage":{"@id":"https:\/\/tibladin.dk\/produkt\/beldi-glas-brun-6-stk\/#primaryimage"},"image":{"@id":"https:\/\/tibladin.dk\/produkt\/beldi-glas-brun-6-stk\/#primaryimage"},"thumbnailUrl":"https:\/\/tibladin.dk\/wp-content\/uploads\/2025\/07\/Photoroom_20250704_145222.jpg","datePublished":"2025-07-07T08:16:58+00:00","dateModified":"2026-03-10T10:53:22+00:00","description":"Verre Beldi en verre recycl\u00e9 brun. L\u00e9g\u00e8rement teint\u00e9. Souffl\u00e9 \u00e0 la bouche selon la tradition marocaine ancestrale. Disponible en trois tailles.","breadcrumb":{"@id":"https:\/\/tibladin.dk\/produkt\/beldi-glas-brun-6-stk\/#breadcrumb"},"inLanguage":"fr-FR","potentialAction":[{"@type":"ReadAction","target":["https:\/\/tibladin.dk\/produkt\/beldi-glas-brun-6-stk\/"]}]},{"@type":"ImageObject","inLanguage":"fr-FR","@id":"https:\/\/tibladin.dk\/produkt\/beldi-glas-brun-6-stk\/#primaryimage","url":"https:\/\/tibladin.dk\/wp-content\/uploads\/2025\/07\/Photoroom_20250704_145222.jpg","contentUrl":"https:\/\/tibladin.dk\/wp-content\/uploads\/2025\/07\/Photoroom_20250704_145222.jpg","width":800,"height":800,"caption":"Beldi glas brun 3 str."},{"@type":"BreadcrumbList","@id":"https:\/\/tibladin.dk\/produkt\/beldi-glas-brun-6-stk\/#breadcrumb","itemListElement":[{"@type":"ListItem","position":1,"name":"Hjem","item":"https:\/\/tibladin.dk\/"},{"@type":"ListItem","position":2,"name":"Shop","item":"https:\/\/tibladin.dk\/shop\/"},{"@type":"ListItem","position":3,"name":"Beldi glas brun &#8211; 6 stk."}]},{"@type":"WebSite","@id":"https:\/\/tibladin.dk\/#website","url":"https:\/\/tibladin.dk\/","name":"Tibladin","description":"Tibladin","publisher":{"@id":"https:\/\/tibladin.dk\/#organization"},"potentialAction":[{"@type":"SearchAction","target":{"@type":"EntryPoint","urlTemplate":"https:\/\/tibladin.dk\/?s={search_term_string}"},"query-input":{"@type":"PropertyValueSpecification","valueRequired":true,"valueName":"search_term_string"}}],"inLanguage":"fr-FR"},{"@type":"Organization","@id":"https:\/\/tibladin.dk\/#organization","name":"Tibladin","url":"https:\/\/tibladin.dk\/","logo":{"@type":"ImageObject","inLanguage":"fr-FR","@id":"https:\/\/tibladin.dk\/#\/schema\/logo\/image\/","url":"https:\/\/tibladin.dk\/wp-content\/uploads\/2022\/09\/tibladin_logo.svg","contentUrl":"https:\/\/tibladin.dk\/wp-content\/uploads\/2022\/09\/tibladin_logo.svg","caption":"Tibladin"},"image":{"@id":"https:\/\/tibladin.dk\/#\/schema\/logo\/image\/"}}]}},"_links":{"self":[{"href":"https:\/\/tibladin.dk\/fr\/wp-json\/wp\/v2\/product\/38077","targetHints":{"allow":["GET"]}}],"collection":[{"href":"https:\/\/tibladin.dk\/fr\/wp-json\/wp\/v2\/product"}],"about":[{"href":"https:\/\/tibladin.dk\/fr\/wp-json\/wp\/v2\/types\/product"}],"wp:featuredmedia":[{"embeddable":true,"href":"https:\/\/tibladin.dk\/fr\/wp-json\/wp\/v2\/media\/38051"}],"wp:attachment":[{"href":"https:\/\/tibladin.dk\/fr\/wp-json\/wp\/v2\/media?parent=38077"}],"wp:term":[{"taxonomy":"product_brand","embeddable":true,"href":"https:\/\/tibladin.dk\/fr\/wp-json\/wp\/v2\/product_brand?post=38077"},{"taxonomy":"product_cat","embeddable":true,"href":"https:\/\/tibladin.dk\/fr\/wp-json\/wp\/v2\/product_cat?post=38077"},{"taxonomy":"product_tag","embeddable":true,"href":"https:\/\/tibladin.dk\/fr\/wp-json\/wp\/v2\/product_tag?post=38077"}],"curies":[{"name":"wp","href":"https:\/\/api.w.org\/{rel}","templated":true}]}}