{"id":38218,"date":"2025-07-10T13:41:58","date_gmt":"2025-07-10T11:41:58","guid":{"rendered":"https:\/\/tibladin.dk\/?post_type=product&#038;p=38218"},"modified":"2025-07-11T09:30:10","modified_gmt":"2025-07-11T07:30:10","slug":"tunique-ailes-roses-taille-m","status":"publish","type":"product","link":"https:\/\/tibladin.dk\/fr\/produkt\/tunika-pink-wings-str-m\/","title":{"rendered":"Tunique PINK WINGS taille M"},"content":{"rendered":"<div class=\"wpb-content-wrapper\"><div class=\"vc_row wpb_row vc_row-fluid\"><div class=\"wpb_column vc_column_container vc_col-sm-4\"><div class=\"vc_column-inner\"><div class=\"wpb_wrapper\"><\/div><\/div><\/div><div class=\"wpb_column vc_column_container vc_col-sm-4\"><div class=\"vc_column-inner\"><div class=\"wpb_wrapper\"><h3 style=\"text-align: left\" class=\"vc_custom_heading vc_do_custom_heading\" >Entretien<\/h3>\n\t<div class=\"wpb_text_column wpb_content_element\" >\n\t\t<div class=\"wpb_wrapper\">\n\t\t\t<p>Les tuniques sont en coton 100% et peuvent donc \u00eatre lav\u00e9es en machine jusqu&#039;\u00e0 40 degr\u00e9s. Nous recommandons \u00e9galement de repasser les tuniques \u00e0 la vapeur\/repassage pour \u00e9viter les plis et les plis.<\/p>\n\n\t\t<\/div>\n\t<\/div>\n<\/div><\/div><\/div><div class=\"wpb_column vc_column_container vc_col-sm-4\"><div class=\"vc_column-inner\"><div class=\"wpb_wrapper\"><h3 style=\"text-align: left\" class=\"vc_custom_heading vc_do_custom_heading\" >L&#039;histoire derri\u00e8re<\/h3>\n\t<div class=\"wpb_text_column wpb_content_element\" >\n\t\t<div class=\"wpb_wrapper\">\n\t\t\t<p>Ces belles tuniques marocaines sont cousues main en coton 100% et respirent la vie et la couleur. Les tuniques sont confectionn\u00e9es en collaboration avec un cr\u00e9ateur et tailleur \u00e0 Marrakech, et ensemble nous avons soigneusement s\u00e9lectionn\u00e9 les couleurs, les mati\u00e8res et les motifs pour chaque tunique. C&#039;est pourquoi ils sont \u00e9galement tout \u00e0 fait uniques : il n&#039;y en a qu&#039;un de chaque et ces mod\u00e8les ne peuvent \u00eatre trouv\u00e9s nulle part ailleurs. La coupe des belles tuniques est ample et confortable, mais en m\u00eame temps flatteuse et d\u00e9licieuse. La tunique peut \u00eatre utilis\u00e9e aussi bien \u00e0 la maison, au bureau que pour une sortie \u00e0 la plage ou sur la terrasse par une chaude journ\u00e9e d&#039;\u00e9t\u00e9.<\/p>\n<p>Les tuniques de Str. S est disponible en trois magnifiques designs diff\u00e9rents.<\/p>\n\n\t\t<\/div>\n\t<\/div>\n<\/div><\/div><\/div><\/div>\n<\/div>","protected":false},"excerpt":{"rendered":"<p class=\"p1\">Cette tunique l\u00e9g\u00e8re en coton est \u00e0 la fois ludique et \u00e9l\u00e9gante. Sa coupe d\u00e9contract\u00e9e, ses manches courtes, son d\u00e9collet\u00e9 en V et son lien \u00e0 la taille soulignent votre silhouette. De plus, elle est dot\u00e9e de poches spacieuses. Son rose vif et frais \u00e9voque l&#039;\u00e9t\u00e9 et la joie. Son d\u00e9tail original au dos\u00a0: une paire d&#039;ailes brod\u00e9es au motif ikat color\u00e9 et une petite \u00e9toile au-dessus \u2013 un \u00e9l\u00e9ment cr\u00e9atif et artistique qui lui conf\u00e8re personnalit\u00e9 et originalit\u00e9.<\/p>\n<p class=\"p1\">Toutes les tuniques Tibladin sont r\u00e9alis\u00e9es en collaboration avec un designer et un tailleur \u00e0 Marrakech, et chaque mod\u00e8le est profond\u00e9ment unique.<\/p>\n<p>AILES ROSES : | Longueur des manches \u00e0 partir du cou : 40 cm | Taille : 60 cm | Longueur devant : 89 cm | Longueur dos : 98 cm | Encolure : 7 | Cravate : 147 cm |<\/p>\n<p>&nbsp;<\/p>\n<p>&nbsp;<\/p>","protected":false},"featured_media":38197,"template":"","meta":{"inline_featured_image":false},"product_brand":[],"product_cat":[27,109],"product_tag":[],"class_list":{"0":"post-38218","1":"product","2":"type-product","3":"status-publish","4":"has-post-thumbnail","6":"product_cat-diverse","7":"product_cat-kjoler","9":"first","10":"instock","11":"taxable","12":"shipping-taxable","13":"purchasable","14":"product-type-simple"},"exclude_global_add_ons":false,"addons":[{"name":"Vous souhaitez un emballage cadeau ?","type":"checkbox","position":0,"required":false,"title_format":"label","default":"","description_enable":false,"description":"","placeholder_enable":false,"placeholder":"","display":"images","restrictions_type":"any_text","adjust_price":false,"price":"","price_type":"flat_fee","restrictions":false,"min":"0","max":"0","options":[{"label":"Ja tak","price":"10","price_type":"flat_fee","image":11015,"visibility":true}],"id":1669646111}],"yoast_head":"<!-- This site is optimized with the Yoast SEO plugin v27.6 - https:\/\/yoast.com\/product\/yoast-seo-wordpress\/ -->\n<title>H\u00e5ndsyet tunika fra Marokko | Unikt pink design | Tibladin |<\/title>\n<meta name=\"description\" content=\"Smuk h\u00e5ndsyede tunika i 100% bomuld. Udviklet i samarbejde med designer og skr\u00e6dder i Marrakech. Helt unik og farvestr\u00e5lende tunika med vinger p\u00e5 ryggen.\" \/>\n<meta name=\"robots\" content=\"index, follow, max-snippet:-1, max-image-preview:large, max-video-preview:-1\" \/>\n<link rel=\"canonical\" href=\"https:\/\/tibladin.dk\/fr\/produit-4\/tunique-ailes-roses-taille-m\/\" \/>\n<meta property=\"og:locale\" content=\"fr_FR\" \/>\n<meta property=\"og:type\" content=\"article\" \/>\n<meta property=\"og:title\" content=\"H\u00e5ndsyet tunika fra Marokko | Unikt pink design | Tibladin |\" \/>\n<meta property=\"og:description\" content=\"Smuk h\u00e5ndsyede tunika i 100% bomuld. Udviklet i samarbejde med designer og skr\u00e6dder i Marrakech. Helt unik og farvestr\u00e5lende tunika med vinger p\u00e5 ryggen.\" \/>\n<meta property=\"og:url\" content=\"https:\/\/tibladin.dk\/fr\/produit-4\/tunique-ailes-roses-taille-m\/\" \/>\n<meta property=\"og:site_name\" content=\"Tibladin\" \/>\n<meta property=\"article:modified_time\" content=\"2025-07-11T07:30:10+00:00\" \/>\n<meta property=\"og:image\" content=\"https:\/\/tibladin.dk\/wp-content\/uploads\/2025\/07\/marokkanske-tunika-PINK-WINGS_11.jpg\" \/>\n\t<meta property=\"og:image:width\" content=\"800\" \/>\n\t<meta property=\"og:image:height\" content=\"800\" \/>\n\t<meta property=\"og:image:type\" content=\"image\/jpeg\" \/>\n<meta name=\"twitter:card\" content=\"summary_large_image\" \/>\n<meta name=\"twitter:label1\" content=\"Dur\u00e9e de lecture estim\u00e9e\" \/>\n\t<meta name=\"twitter:data1\" content=\"2 minutes\" \/>\n<script type=\"application\/ld+json\" class=\"yoast-schema-graph\">{\"@context\":\"https:\\\/\\\/schema.org\",\"@graph\":[{\"@type\":\"WebPage\",\"@id\":\"https:\\\/\\\/tibladin.dk\\\/produkt\\\/tunika-pink-wings-str-m\\\/\",\"url\":\"https:\\\/\\\/tibladin.dk\\\/produkt\\\/tunika-pink-wings-str-m\\\/\",\"name\":\"H\u00e5ndsyet tunika fra Marokko | Unikt pink design | Tibladin |\",\"isPartOf\":{\"@id\":\"https:\\\/\\\/tibladin.dk\\\/#website\"},\"primaryImageOfPage\":{\"@id\":\"https:\\\/\\\/tibladin.dk\\\/produkt\\\/tunika-pink-wings-str-m\\\/#primaryimage\"},\"image\":{\"@id\":\"https:\\\/\\\/tibladin.dk\\\/produkt\\\/tunika-pink-wings-str-m\\\/#primaryimage\"},\"thumbnailUrl\":\"https:\\\/\\\/tibladin.dk\\\/wp-content\\\/uploads\\\/2025\\\/07\\\/marokkanske-tunika-PINK-WINGS_11.jpg\",\"datePublished\":\"2025-07-10T11:41:58+00:00\",\"dateModified\":\"2025-07-11T07:30:10+00:00\",\"description\":\"Smuk h\u00e5ndsyede tunika i 100% bomuld. Udviklet i samarbejde med designer og skr\u00e6dder i Marrakech. Helt unik og farvestr\u00e5lende tunika med vinger p\u00e5 ryggen.\",\"breadcrumb\":{\"@id\":\"https:\\\/\\\/tibladin.dk\\\/produkt\\\/tunika-pink-wings-str-m\\\/#breadcrumb\"},\"inLanguage\":\"fr-FR\",\"potentialAction\":[{\"@type\":\"ReadAction\",\"target\":[\"https:\\\/\\\/tibladin.dk\\\/produkt\\\/tunika-pink-wings-str-m\\\/\"]}]},{\"@type\":\"ImageObject\",\"inLanguage\":\"fr-FR\",\"@id\":\"https:\\\/\\\/tibladin.dk\\\/produkt\\\/tunika-pink-wings-str-m\\\/#primaryimage\",\"url\":\"https:\\\/\\\/tibladin.dk\\\/wp-content\\\/uploads\\\/2025\\\/07\\\/marokkanske-tunika-PINK-WINGS_11.jpg\",\"contentUrl\":\"https:\\\/\\\/tibladin.dk\\\/wp-content\\\/uploads\\\/2025\\\/07\\\/marokkanske-tunika-PINK-WINGS_11.jpg\",\"width\":800,\"height\":800,\"caption\":\"marokkanske tunika PINK WINGS 11\"},{\"@type\":\"BreadcrumbList\",\"@id\":\"https:\\\/\\\/tibladin.dk\\\/produkt\\\/tunika-pink-wings-str-m\\\/#breadcrumb\",\"itemListElement\":[{\"@type\":\"ListItem\",\"position\":1,\"name\":\"Hjem\",\"item\":\"https:\\\/\\\/tibladin.dk\\\/\"},{\"@type\":\"ListItem\",\"position\":2,\"name\":\"Shop\",\"item\":\"https:\\\/\\\/tibladin.dk\\\/shop\\\/\"},{\"@type\":\"ListItem\",\"position\":3,\"name\":\"Tunika PINK WINGS str. M\"}]},{\"@type\":\"WebSite\",\"@id\":\"https:\\\/\\\/tibladin.dk\\\/#website\",\"url\":\"https:\\\/\\\/tibladin.dk\\\/\",\"name\":\"Tibladin\",\"description\":\"Tibladin\",\"publisher\":{\"@id\":\"https:\\\/\\\/tibladin.dk\\\/#organization\"},\"potentialAction\":[{\"@type\":\"SearchAction\",\"target\":{\"@type\":\"EntryPoint\",\"urlTemplate\":\"https:\\\/\\\/tibladin.dk\\\/?s={search_term_string}\"},\"query-input\":{\"@type\":\"PropertyValueSpecification\",\"valueRequired\":true,\"valueName\":\"search_term_string\"}}],\"inLanguage\":\"fr-FR\"},{\"@type\":\"Organization\",\"@id\":\"https:\\\/\\\/tibladin.dk\\\/#organization\",\"name\":\"Tibladin\",\"url\":\"https:\\\/\\\/tibladin.dk\\\/\",\"logo\":{\"@type\":\"ImageObject\",\"inLanguage\":\"fr-FR\",\"@id\":\"https:\\\/\\\/tibladin.dk\\\/#\\\/schema\\\/logo\\\/image\\\/\",\"url\":\"https:\\\/\\\/tibladin.dk\\\/wp-content\\\/uploads\\\/2022\\\/09\\\/tibladin_logo.svg\",\"contentUrl\":\"https:\\\/\\\/tibladin.dk\\\/wp-content\\\/uploads\\\/2022\\\/09\\\/tibladin_logo.svg\",\"caption\":\"Tibladin\"},\"image\":{\"@id\":\"https:\\\/\\\/tibladin.dk\\\/#\\\/schema\\\/logo\\\/image\\\/\"}}]}<\/script>\n<!-- \/ Yoast SEO plugin. -->","yoast_head_json":{"title":"Tunique cousue main du Maroc | Design rose unique | Tibladin |","description":"Magnifique tunique cousue main en coton 100%. D\u00e9velopp\u00e9e en collaboration avec un designer et un tailleur de Marrakech. Tunique unique et color\u00e9e, avec des ailes dans le dos.","robots":{"index":"index","follow":"follow","max-snippet":"max-snippet:-1","max-image-preview":"max-image-preview:large","max-video-preview":"max-video-preview:-1"},"canonical":"https:\/\/tibladin.dk\/fr\/produit-4\/tunique-ailes-roses-taille-m\/","og_locale":"fr_FR","og_type":"article","og_title":"H\u00e5ndsyet tunika fra Marokko | Unikt pink design | Tibladin |","og_description":"Smuk h\u00e5ndsyede tunika i 100% bomuld. Udviklet i samarbejde med designer og skr\u00e6dder i Marrakech. Helt unik og farvestr\u00e5lende tunika med vinger p\u00e5 ryggen.","og_url":"https:\/\/tibladin.dk\/fr\/produit-4\/tunique-ailes-roses-taille-m\/","og_site_name":"Tibladin","article_modified_time":"2025-07-11T07:30:10+00:00","og_image":[{"width":800,"height":800,"url":"https:\/\/tibladin.dk\/wp-content\/uploads\/2025\/07\/marokkanske-tunika-PINK-WINGS_11.jpg","type":"image\/jpeg"}],"twitter_card":"summary_large_image","twitter_misc":{"Dur\u00e9e de lecture estim\u00e9e":"2 minutes"},"schema":{"@context":"https:\/\/schema.org","@graph":[{"@type":"WebPage","@id":"https:\/\/tibladin.dk\/produkt\/tunika-pink-wings-str-m\/","url":"https:\/\/tibladin.dk\/produkt\/tunika-pink-wings-str-m\/","name":"Tunique cousue main du Maroc | Design rose unique | Tibladin |","isPartOf":{"@id":"https:\/\/tibladin.dk\/#website"},"primaryImageOfPage":{"@id":"https:\/\/tibladin.dk\/produkt\/tunika-pink-wings-str-m\/#primaryimage"},"image":{"@id":"https:\/\/tibladin.dk\/produkt\/tunika-pink-wings-str-m\/#primaryimage"},"thumbnailUrl":"https:\/\/tibladin.dk\/wp-content\/uploads\/2025\/07\/marokkanske-tunika-PINK-WINGS_11.jpg","datePublished":"2025-07-10T11:41:58+00:00","dateModified":"2025-07-11T07:30:10+00:00","description":"Magnifique tunique cousue main en coton 100%. D\u00e9velopp\u00e9e en collaboration avec un designer et un tailleur de Marrakech. Tunique unique et color\u00e9e, avec des ailes dans le dos.","breadcrumb":{"@id":"https:\/\/tibladin.dk\/produkt\/tunika-pink-wings-str-m\/#breadcrumb"},"inLanguage":"fr-FR","potentialAction":[{"@type":"ReadAction","target":["https:\/\/tibladin.dk\/produkt\/tunika-pink-wings-str-m\/"]}]},{"@type":"ImageObject","inLanguage":"fr-FR","@id":"https:\/\/tibladin.dk\/produkt\/tunika-pink-wings-str-m\/#primaryimage","url":"https:\/\/tibladin.dk\/wp-content\/uploads\/2025\/07\/marokkanske-tunika-PINK-WINGS_11.jpg","contentUrl":"https:\/\/tibladin.dk\/wp-content\/uploads\/2025\/07\/marokkanske-tunika-PINK-WINGS_11.jpg","width":800,"height":800,"caption":"marokkanske tunika PINK WINGS 11"},{"@type":"BreadcrumbList","@id":"https:\/\/tibladin.dk\/produkt\/tunika-pink-wings-str-m\/#breadcrumb","itemListElement":[{"@type":"ListItem","position":1,"name":"Hjem","item":"https:\/\/tibladin.dk\/"},{"@type":"ListItem","position":2,"name":"Shop","item":"https:\/\/tibladin.dk\/shop\/"},{"@type":"ListItem","position":3,"name":"Tunika PINK WINGS str. M"}]},{"@type":"WebSite","@id":"https:\/\/tibladin.dk\/#website","url":"https:\/\/tibladin.dk\/","name":"Tibladin","description":"Tibladin","publisher":{"@id":"https:\/\/tibladin.dk\/#organization"},"potentialAction":[{"@type":"SearchAction","target":{"@type":"EntryPoint","urlTemplate":"https:\/\/tibladin.dk\/?s={search_term_string}"},"query-input":{"@type":"PropertyValueSpecification","valueRequired":true,"valueName":"search_term_string"}}],"inLanguage":"fr-FR"},{"@type":"Organization","@id":"https:\/\/tibladin.dk\/#organization","name":"Tibladin","url":"https:\/\/tibladin.dk\/","logo":{"@type":"ImageObject","inLanguage":"fr-FR","@id":"https:\/\/tibladin.dk\/#\/schema\/logo\/image\/","url":"https:\/\/tibladin.dk\/wp-content\/uploads\/2022\/09\/tibladin_logo.svg","contentUrl":"https:\/\/tibladin.dk\/wp-content\/uploads\/2022\/09\/tibladin_logo.svg","caption":"Tibladin"},"image":{"@id":"https:\/\/tibladin.dk\/#\/schema\/logo\/image\/"}}]}},"_links":{"self":[{"href":"https:\/\/tibladin.dk\/fr\/wp-json\/wp\/v2\/product\/38218","targetHints":{"allow":["GET"]}}],"collection":[{"href":"https:\/\/tibladin.dk\/fr\/wp-json\/wp\/v2\/product"}],"about":[{"href":"https:\/\/tibladin.dk\/fr\/wp-json\/wp\/v2\/types\/product"}],"wp:featuredmedia":[{"embeddable":true,"href":"https:\/\/tibladin.dk\/fr\/wp-json\/wp\/v2\/media\/38197"}],"wp:attachment":[{"href":"https:\/\/tibladin.dk\/fr\/wp-json\/wp\/v2\/media?parent=38218"}],"wp:term":[{"taxonomy":"product_brand","embeddable":true,"href":"https:\/\/tibladin.dk\/fr\/wp-json\/wp\/v2\/product_brand?post=38218"},{"taxonomy":"product_cat","embeddable":true,"href":"https:\/\/tibladin.dk\/fr\/wp-json\/wp\/v2\/product_cat?post=38218"},{"taxonomy":"product_tag","embeddable":true,"href":"https:\/\/tibladin.dk\/fr\/wp-json\/wp\/v2\/product_tag?post=38218"}],"curies":[{"name":"wp","href":"https:\/\/api.w.org\/{rel}","templated":true}]}}