{"id":38251,"date":"2025-07-10T15:28:41","date_gmt":"2025-07-10T13:28:41","guid":{"rendered":"https:\/\/tibladin.dk\/?post_type=product&#038;p=38251"},"modified":"2026-03-04T17:03:42","modified_gmt":"2026-03-04T16:03:42","slug":"robe-rose-taille-m","status":"publish","type":"product","link":"https:\/\/tibladin.dk\/fr\/produkt\/kjole-rosa-str-m\/","title":{"rendered":"Robe ROSE taille M"},"content":{"rendered":"<div class=\"wpb-content-wrapper\"><div class=\"vc_row wpb_row vc_row-fluid\"><div class=\"wpb_column vc_column_container vc_col-sm-4\"><div class=\"vc_column-inner\"><div class=\"wpb_wrapper\"><\/div><\/div><\/div><div class=\"wpb_column vc_column_container vc_col-sm-4\"><div class=\"vc_column-inner\"><div class=\"wpb_wrapper\"><h3 style=\"text-align: left\" class=\"vc_custom_heading vc_do_custom_heading\" >Entretien<\/h3>\n\t<div class=\"wpb_text_column wpb_content_element\" >\n\t\t<div class=\"wpb_wrapper\">\n\t\t\t<p>Les robes sont confectionn\u00e9es en coton 100% et peuvent donc \u00eatre lav\u00e9es en machine jusqu&#039;\u00e0 40 degr\u00e9s. Nous recommandons \u00e9galement de repasser les tuniques \u00e0 la vapeur pour \u00e9viter les plis.<\/p>\n\n\t\t<\/div>\n\t<\/div>\n<\/div><\/div><\/div><div class=\"wpb_column vc_column_container vc_col-sm-4\"><div class=\"vc_column-inner\"><div class=\"wpb_wrapper\"><h3 style=\"text-align: left\" class=\"vc_custom_heading vc_do_custom_heading\" >L&#039;histoire derri\u00e8re<\/h3>\n\t<div class=\"wpb_text_column wpb_content_element\" >\n\t\t<div class=\"wpb_wrapper\">\n\t\t\t<p>Ces magnifiques robes marocaines, cousues main en coton 100%, d\u00e9bordent de vie et de couleurs. R\u00e9alis\u00e9es en collaboration avec un designer et un tailleur de Marrakech, nous avons soigneusement s\u00e9lectionn\u00e9 les couleurs, les mati\u00e8res et les motifs de chaque robe. C&#039;est pourquoi elles sont uniques\u00a0: un seul exemplaire existe, et ces mod\u00e8les sont uniques. La coupe de ces magnifiques robes est ample et confortable, tout en \u00e9tant flatteuse et \u00e9l\u00e9gante. Vous pouvez les porter \u00e0 la maison, au bureau ou pour une escapade \u00e0 la plage ou en terrasse par une chaude journ\u00e9e d&#039;\u00e9t\u00e9.<\/p>\n\n\t\t<\/div>\n\t<\/div>\n<\/div><\/div><\/div><\/div>\n<\/div>","protected":false},"excerpt":{"rendered":"<p>La robe est cousue \u00e0 la main au Maroc \u00e0 partir de coton 100% avec de fines rayures roses, marron et blanches.<\/p>\n<p>ROSA est votre nouvelle robe incontournable, aussi bien pour le luxe du quotidien que pour les moments d\u00e9contract\u00e9s de l&#039;\u00e9t\u00e9. Confectionn\u00e9e dans un coton l\u00e9ger et a\u00e9rien, elle arbore de subtiles rayures rose rouge. Sa coupe ample et d\u00e9contract\u00e9e est agr\u00e9ment\u00e9e d&#039;\u00e9paules tombantes et de manches joliment con\u00e7ues, agr\u00e9ment\u00e9es d&#039;un \u00e9l\u00e9gant poignet et d&#039;un petit pli discret. Elle est \u00e9galement dot\u00e9e de poches spacieuses. Son col en V et son col ouvert lui conf\u00e8rent une coupe ample et flatteuse, tandis que le lien \u00e0 la taille vous permet de la porter selon vos envies\u00a0: d\u00e9contract\u00e9e ou marqu\u00e9e.<\/p>\n<p class=\"p1\">Toutes les robes Tibladin sont r\u00e9alis\u00e9es en collaboration avec un designer et un tailleur \u00e0 Marrakech, et chaque mod\u00e8le est profond\u00e9ment unique.<\/p>\n<p>ROSE : | Longueur des manches \u00e0 partir du cou : 60 cm | Taille : 60 cm | Longueur devant : 110 cm | Longueur dos : 125 cm | Encolure : 16 | Cravate : 158 cm |<\/p>\n<p>&nbsp;<\/p>\n<p>&nbsp;<\/p>","protected":false},"featured_media":38246,"template":"","meta":{"inline_featured_image":false},"product_brand":[],"product_cat":[27,109],"product_tag":[],"class_list":{"0":"post-38251","1":"product","2":"type-product","3":"status-publish","4":"has-post-thumbnail","6":"product_cat-diverse","7":"product_cat-kjoler","9":"first","10":"outofstock","11":"taxable","12":"shipping-taxable","13":"purchasable","14":"product-type-simple"},"exclude_global_add_ons":false,"addons":[{"name":"Vous souhaitez un emballage cadeau ?","type":"checkbox","position":0,"required":false,"title_format":"label","default":"","description_enable":false,"description":"","placeholder_enable":false,"placeholder":"","display":"images","restrictions_type":"any_text","adjust_price":false,"price":"","price_type":"flat_fee","restrictions":false,"min":"0","max":"0","options":[{"label":"Ja tak","price":"10","price_type":"flat_fee","image":11015,"visibility":true}],"id":1669646111}],"yoast_head":"<!-- This site is optimized with the Yoast SEO plugin v27.4 - https:\/\/yoast.com\/product\/yoast-seo-wordpress\/ -->\n<title>H\u00e5ndsyet kjole fra Marokko | Rosa &amp; hvide striber | Tibladin |<\/title>\n<meta name=\"description\" content=\"Smuk h\u00e5ndsyede kjole i 100% bomuld. Udviklet i samarbejde med designer og skr\u00e6dder i Marrakech. Hel unik, elegant og afslappet kjole.\" \/>\n<meta name=\"robots\" content=\"index, follow, max-snippet:-1, max-image-preview:large, max-video-preview:-1\" \/>\n<link rel=\"canonical\" href=\"https:\/\/tibladin.dk\/fr\/produit-4\/robe-rose-taille-m\/\" \/>\n<meta property=\"og:locale\" content=\"fr_FR\" \/>\n<meta property=\"og:type\" content=\"article\" \/>\n<meta property=\"og:title\" content=\"H\u00e5ndsyet kjole fra Marokko | Rosa &amp; hvide striber | Tibladin |\" \/>\n<meta property=\"og:description\" content=\"Smuk h\u00e5ndsyede kjole i 100% bomuld. Udviklet i samarbejde med designer og skr\u00e6dder i Marrakech. Hel unik, elegant og afslappet kjole.\" \/>\n<meta property=\"og:url\" content=\"https:\/\/tibladin.dk\/fr\/produit-4\/robe-rose-taille-m\/\" \/>\n<meta property=\"og:site_name\" content=\"Tibladin\" \/>\n<meta property=\"article:modified_time\" content=\"2026-03-04T16:03:42+00:00\" \/>\n<meta property=\"og:image\" content=\"https:\/\/tibladin.dk\/wp-content\/uploads\/2025\/07\/Kjole_Rosa_6.jpg\" \/>\n\t<meta property=\"og:image:width\" content=\"800\" \/>\n\t<meta property=\"og:image:height\" content=\"800\" \/>\n\t<meta property=\"og:image:type\" content=\"image\/jpeg\" \/>\n<meta name=\"twitter:card\" content=\"summary_large_image\" \/>\n<meta name=\"twitter:label1\" content=\"Dur\u00e9e de lecture estim\u00e9e\" \/>\n\t<meta name=\"twitter:data1\" content=\"2 minutes\" \/>\n<script type=\"application\/ld+json\" class=\"yoast-schema-graph\">{\"@context\":\"https:\\\/\\\/schema.org\",\"@graph\":[{\"@type\":\"WebPage\",\"@id\":\"https:\\\/\\\/tibladin.dk\\\/produkt\\\/kjole-rosa-str-m\\\/\",\"url\":\"https:\\\/\\\/tibladin.dk\\\/produkt\\\/kjole-rosa-str-m\\\/\",\"name\":\"H\u00e5ndsyet kjole fra Marokko | Rosa & hvide striber | Tibladin |\",\"isPartOf\":{\"@id\":\"https:\\\/\\\/tibladin.dk\\\/#website\"},\"primaryImageOfPage\":{\"@id\":\"https:\\\/\\\/tibladin.dk\\\/produkt\\\/kjole-rosa-str-m\\\/#primaryimage\"},\"image\":{\"@id\":\"https:\\\/\\\/tibladin.dk\\\/produkt\\\/kjole-rosa-str-m\\\/#primaryimage\"},\"thumbnailUrl\":\"https:\\\/\\\/tibladin.dk\\\/wp-content\\\/uploads\\\/2025\\\/07\\\/Kjole_Rosa_6.jpg\",\"datePublished\":\"2025-07-10T13:28:41+00:00\",\"dateModified\":\"2026-03-04T16:03:42+00:00\",\"description\":\"Smuk h\u00e5ndsyede kjole i 100% bomuld. Udviklet i samarbejde med designer og skr\u00e6dder i Marrakech. Hel unik, elegant og afslappet kjole.\",\"breadcrumb\":{\"@id\":\"https:\\\/\\\/tibladin.dk\\\/produkt\\\/kjole-rosa-str-m\\\/#breadcrumb\"},\"inLanguage\":\"fr-FR\",\"potentialAction\":[{\"@type\":\"ReadAction\",\"target\":[\"https:\\\/\\\/tibladin.dk\\\/produkt\\\/kjole-rosa-str-m\\\/\"]}]},{\"@type\":\"ImageObject\",\"inLanguage\":\"fr-FR\",\"@id\":\"https:\\\/\\\/tibladin.dk\\\/produkt\\\/kjole-rosa-str-m\\\/#primaryimage\",\"url\":\"https:\\\/\\\/tibladin.dk\\\/wp-content\\\/uploads\\\/2025\\\/07\\\/Kjole_Rosa_6.jpg\",\"contentUrl\":\"https:\\\/\\\/tibladin.dk\\\/wp-content\\\/uploads\\\/2025\\\/07\\\/Kjole_Rosa_6.jpg\",\"width\":800,\"height\":800,\"caption\":\"Kjole rosa 6\"},{\"@type\":\"BreadcrumbList\",\"@id\":\"https:\\\/\\\/tibladin.dk\\\/produkt\\\/kjole-rosa-str-m\\\/#breadcrumb\",\"itemListElement\":[{\"@type\":\"ListItem\",\"position\":1,\"name\":\"Hjem\",\"item\":\"https:\\\/\\\/tibladin.dk\\\/\"},{\"@type\":\"ListItem\",\"position\":2,\"name\":\"Shop\",\"item\":\"https:\\\/\\\/tibladin.dk\\\/shop\\\/\"},{\"@type\":\"ListItem\",\"position\":3,\"name\":\"Kjole ROSA str. M\"}]},{\"@type\":\"WebSite\",\"@id\":\"https:\\\/\\\/tibladin.dk\\\/#website\",\"url\":\"https:\\\/\\\/tibladin.dk\\\/\",\"name\":\"Tibladin\",\"description\":\"Tibladin\",\"publisher\":{\"@id\":\"https:\\\/\\\/tibladin.dk\\\/#organization\"},\"potentialAction\":[{\"@type\":\"SearchAction\",\"target\":{\"@type\":\"EntryPoint\",\"urlTemplate\":\"https:\\\/\\\/tibladin.dk\\\/?s={search_term_string}\"},\"query-input\":{\"@type\":\"PropertyValueSpecification\",\"valueRequired\":true,\"valueName\":\"search_term_string\"}}],\"inLanguage\":\"fr-FR\"},{\"@type\":\"Organization\",\"@id\":\"https:\\\/\\\/tibladin.dk\\\/#organization\",\"name\":\"Tibladin\",\"url\":\"https:\\\/\\\/tibladin.dk\\\/\",\"logo\":{\"@type\":\"ImageObject\",\"inLanguage\":\"fr-FR\",\"@id\":\"https:\\\/\\\/tibladin.dk\\\/#\\\/schema\\\/logo\\\/image\\\/\",\"url\":\"https:\\\/\\\/tibladin.dk\\\/wp-content\\\/uploads\\\/2022\\\/09\\\/tibladin_logo.svg\",\"contentUrl\":\"https:\\\/\\\/tibladin.dk\\\/wp-content\\\/uploads\\\/2022\\\/09\\\/tibladin_logo.svg\",\"caption\":\"Tibladin\"},\"image\":{\"@id\":\"https:\\\/\\\/tibladin.dk\\\/#\\\/schema\\\/logo\\\/image\\\/\"}}]}<\/script>\n<!-- \/ Yoast SEO plugin. -->","yoast_head_json":{"title":"Robe faite main au Maroc | Rayures roses et blanches | Tibladin |","description":"Magnifique robe cousue main en coton 100%. D\u00e9velopp\u00e9e en collaboration avec un cr\u00e9ateur et un tailleur \u00e0 Marrakech. Une pi\u00e8ce unique, \u00e9l\u00e9gante et d\u00e9contract\u00e9e.","robots":{"index":"index","follow":"follow","max-snippet":"max-snippet:-1","max-image-preview":"max-image-preview:large","max-video-preview":"max-video-preview:-1"},"canonical":"https:\/\/tibladin.dk\/fr\/produit-4\/robe-rose-taille-m\/","og_locale":"fr_FR","og_type":"article","og_title":"H\u00e5ndsyet kjole fra Marokko | Rosa & hvide striber | Tibladin |","og_description":"Smuk h\u00e5ndsyede kjole i 100% bomuld. Udviklet i samarbejde med designer og skr\u00e6dder i Marrakech. Hel unik, elegant og afslappet kjole.","og_url":"https:\/\/tibladin.dk\/fr\/produit-4\/robe-rose-taille-m\/","og_site_name":"Tibladin","article_modified_time":"2026-03-04T16:03:42+00:00","og_image":[{"width":800,"height":800,"url":"https:\/\/tibladin.dk\/wp-content\/uploads\/2025\/07\/Kjole_Rosa_6.jpg","type":"image\/jpeg"}],"twitter_card":"summary_large_image","twitter_misc":{"Dur\u00e9e de lecture estim\u00e9e":"2 minutes"},"schema":{"@context":"https:\/\/schema.org","@graph":[{"@type":"WebPage","@id":"https:\/\/tibladin.dk\/produkt\/kjole-rosa-str-m\/","url":"https:\/\/tibladin.dk\/produkt\/kjole-rosa-str-m\/","name":"Robe faite main au Maroc | Rayures roses et blanches | Tibladin |","isPartOf":{"@id":"https:\/\/tibladin.dk\/#website"},"primaryImageOfPage":{"@id":"https:\/\/tibladin.dk\/produkt\/kjole-rosa-str-m\/#primaryimage"},"image":{"@id":"https:\/\/tibladin.dk\/produkt\/kjole-rosa-str-m\/#primaryimage"},"thumbnailUrl":"https:\/\/tibladin.dk\/wp-content\/uploads\/2025\/07\/Kjole_Rosa_6.jpg","datePublished":"2025-07-10T13:28:41+00:00","dateModified":"2026-03-04T16:03:42+00:00","description":"Magnifique robe cousue main en coton 100%. D\u00e9velopp\u00e9e en collaboration avec un cr\u00e9ateur et un tailleur \u00e0 Marrakech. Une pi\u00e8ce unique, \u00e9l\u00e9gante et d\u00e9contract\u00e9e.","breadcrumb":{"@id":"https:\/\/tibladin.dk\/produkt\/kjole-rosa-str-m\/#breadcrumb"},"inLanguage":"fr-FR","potentialAction":[{"@type":"ReadAction","target":["https:\/\/tibladin.dk\/produkt\/kjole-rosa-str-m\/"]}]},{"@type":"ImageObject","inLanguage":"fr-FR","@id":"https:\/\/tibladin.dk\/produkt\/kjole-rosa-str-m\/#primaryimage","url":"https:\/\/tibladin.dk\/wp-content\/uploads\/2025\/07\/Kjole_Rosa_6.jpg","contentUrl":"https:\/\/tibladin.dk\/wp-content\/uploads\/2025\/07\/Kjole_Rosa_6.jpg","width":800,"height":800,"caption":"Kjole rosa 6"},{"@type":"BreadcrumbList","@id":"https:\/\/tibladin.dk\/produkt\/kjole-rosa-str-m\/#breadcrumb","itemListElement":[{"@type":"ListItem","position":1,"name":"Hjem","item":"https:\/\/tibladin.dk\/"},{"@type":"ListItem","position":2,"name":"Shop","item":"https:\/\/tibladin.dk\/shop\/"},{"@type":"ListItem","position":3,"name":"Kjole ROSA str. M"}]},{"@type":"WebSite","@id":"https:\/\/tibladin.dk\/#website","url":"https:\/\/tibladin.dk\/","name":"Tibladin","description":"Tibladin","publisher":{"@id":"https:\/\/tibladin.dk\/#organization"},"potentialAction":[{"@type":"SearchAction","target":{"@type":"EntryPoint","urlTemplate":"https:\/\/tibladin.dk\/?s={search_term_string}"},"query-input":{"@type":"PropertyValueSpecification","valueRequired":true,"valueName":"search_term_string"}}],"inLanguage":"fr-FR"},{"@type":"Organization","@id":"https:\/\/tibladin.dk\/#organization","name":"Tibladin","url":"https:\/\/tibladin.dk\/","logo":{"@type":"ImageObject","inLanguage":"fr-FR","@id":"https:\/\/tibladin.dk\/#\/schema\/logo\/image\/","url":"https:\/\/tibladin.dk\/wp-content\/uploads\/2022\/09\/tibladin_logo.svg","contentUrl":"https:\/\/tibladin.dk\/wp-content\/uploads\/2022\/09\/tibladin_logo.svg","caption":"Tibladin"},"image":{"@id":"https:\/\/tibladin.dk\/#\/schema\/logo\/image\/"}}]}},"_links":{"self":[{"href":"https:\/\/tibladin.dk\/fr\/wp-json\/wp\/v2\/product\/38251","targetHints":{"allow":["GET"]}}],"collection":[{"href":"https:\/\/tibladin.dk\/fr\/wp-json\/wp\/v2\/product"}],"about":[{"href":"https:\/\/tibladin.dk\/fr\/wp-json\/wp\/v2\/types\/product"}],"wp:featuredmedia":[{"embeddable":true,"href":"https:\/\/tibladin.dk\/fr\/wp-json\/wp\/v2\/media\/38246"}],"wp:attachment":[{"href":"https:\/\/tibladin.dk\/fr\/wp-json\/wp\/v2\/media?parent=38251"}],"wp:term":[{"taxonomy":"product_brand","embeddable":true,"href":"https:\/\/tibladin.dk\/fr\/wp-json\/wp\/v2\/product_brand?post=38251"},{"taxonomy":"product_cat","embeddable":true,"href":"https:\/\/tibladin.dk\/fr\/wp-json\/wp\/v2\/product_cat?post=38251"},{"taxonomy":"product_tag","embeddable":true,"href":"https:\/\/tibladin.dk\/fr\/wp-json\/wp\/v2\/product_tag?post=38251"}],"curies":[{"name":"wp","href":"https:\/\/api.w.org\/{rel}","templated":true}]}}