{"id":38601,"date":"2025-07-16T16:33:37","date_gmt":"2025-07-16T14:33:37","guid":{"rendered":"https:\/\/tibladin.dk\/?post_type=product&#038;p=38601"},"modified":"2025-07-17T07:35:56","modified_gmt":"2025-07-17T05:35:56","slug":"coussins-en-tapis-vintage-rose-allongee","status":"publish","type":"product","link":"https:\/\/tibladin.dk\/fr\/produkt\/puder-af-vintagetaeppe-aflange-rose\/","title":{"rendered":"Coussins de tapis vintage, oblongs \u2013 ROSE"},"content":{"rendered":"<div class=\"wpb-content-wrapper\"><div class=\"vc_row wpb_row vc_row-fluid\"><div class=\"wpb_column vc_column_container vc_col-sm-4\"><div class=\"vc_column-inner\"><div class=\"wpb_wrapper\"><\/div><\/div><\/div><div class=\"wpb_column vc_column_container vc_col-sm-4\"><div class=\"vc_column-inner\"><div class=\"wpb_wrapper\"><h3 style=\"text-align: left\" class=\"vc_custom_heading vc_do_custom_heading\" >Entretien<\/h3>\n\t<div class=\"wpb_text_column wpb_content_element\" >\n\t\t<div class=\"wpb_wrapper\">\n\t\t\t<p>Les taies d&#039;oreiller sont r\u00e9alis\u00e9es \u00e0 partir de tapis Kilim vintage en laine avec un dos en coton kiria. Nettoyage \u00e0 sec chez un nettoyeur \u00e0 sec. Comme les housses contiennent des parties de tapis Kelim vintage, il y aura des traces d&#039;utilisation dessus, ce qui ne fait qu&#039;une partie du charme.<\/p>\n\n\t\t<\/div>\n\t<\/div>\n<\/div><\/div><\/div><div class=\"wpb_column vc_column_container vc_col-sm-4\"><div class=\"vc_column-inner\"><div class=\"wpb_wrapper\"><h3 style=\"text-align: left\" class=\"vc_custom_heading vc_do_custom_heading\" >L&#039;histoire derri\u00e8re<\/h3>\n\t<div class=\"wpb_text_column wpb_content_element\" >\n\t\t<div class=\"wpb_wrapper\">\n\t\t\t<p>Ces belles housses de coussin faites \u00e0 la main sont fabriqu\u00e9es \u00e0 partir de tapis en laine vintage. Le devant de la taie d&#039;oreiller est en tapis berb\u00e8re vintage avec un bord pelucheux, tandis que le dos est en coton kiria. Ici, les tapis vintage du Maroc retrouvent une nouvelle vie dans une housse de coussin qui combine les tons chauds du coton avec les magnifiques textiles et motifs des tapis. Les magnifiques tapis vintage apportent des couleurs et des motifs passionnants dans la maison, et selon le tapis vintage que nous avons choisi d&#039;utiliser, vous obtenez un oreiller tout \u00e0 fait unique. Les coussins s&#039;int\u00e8grent parfaitement dans la maison scandinave, o\u00f9 les couleurs et les motifs chauds compl\u00e8tent un style simple et intemporel.<\/p>\n<p>Les housses ont une fermeture \u00e9clair solide afin qu&#039;elles puissent \u00eatre facilement retir\u00e9es et nettoy\u00e9es.<\/p>\n<p>Les couvertures ont des dimensions diff\u00e9rentes, mais sont toutes rectangulaires.<\/p>\n\n\t\t<\/div>\n\t<\/div>\n<\/div><\/div><\/div><\/div>\n<\/div>","protected":false},"excerpt":{"rendered":"<p>Magnifiques taies d&#039;oreiller faites main, confectionn\u00e9es \u00e0 partir de tapis berb\u00e8res vintage en laine, dans de magnifiques tons roses. Ces tapis marocains vintage retrouvent une seconde vie gr\u00e2ce \u00e0 cette taie d&#039;oreiller. Le dos est en coton kiria.<\/p>\n<p>DIMENSIONS : M18 : 38\u00d765 | M24 : 38\u00d765<\/p>\n<p>Les housses de coussin sont fournies sans coussins, mais un coussin de montage peut \u00eatre achet\u00e9 en plus.<\/p>\n<p>&nbsp;<\/p>\n<p>&nbsp;<\/p>","protected":false},"featured_media":38572,"template":"","meta":{"inline_featured_image":false},"product_brand":[],"product_cat":[66,163,37],"product_tag":[],"class_list":{"0":"post-38601","1":"product","2":"type-product","3":"status-publish","4":"has-post-thumbnail","6":"product_cat-pudebetraek","7":"product_cat-puder-af-vintagetaepper","8":"product_cat-tekstiler","10":"first","11":"instock","12":"taxable","13":"shipping-taxable","14":"purchasable","15":"product-type-variable"},"exclude_global_add_ons":false,"addons":[{"name":"Vous souhaitez un emballage cadeau ?","type":"checkbox","position":0,"required":false,"title_format":"label","default":"","description_enable":false,"description":"","placeholder_enable":false,"placeholder":"","display":"images","restrictions_type":"any_text","adjust_price":false,"price":"","price_type":"flat_fee","restrictions":false,"min":"0","max":"0","options":[{"label":"Ja tak","price":"10","price_type":"flat_fee","image":11015,"visibility":true}],"id":1669646111},{"name":"Pr\u00e9f\u00e9rez -vous la housse de coussin avec sa garniture en plumes?","type":"checkbox","position":0,"required":false,"title_format":"label","default":"","description_enable":false,"description":"","placeholder_enable":false,"placeholder":"","display":"images","restrictions_type":"any_text","adjust_price":false,"price":"","price_type":"flat_fee","restrictions":false,"min":"0","max":"0","options":[{"label":"Ja tak","price":"125","price_type":"quantity_based","image":11025,"visibility":true}],"id":1760629331}],"yoast_head":"<!-- This site is optimized with the Yoast SEO plugin v27.4 - https:\/\/yoast.com\/product\/yoast-seo-wordpress\/ -->\n<title>Pude med vintage berber vintaget\u00e6pper | H\u00e5ndlavede i Marokko<\/title>\n<meta name=\"description\" content=\"Flotte h\u00e5ndlavede, aflange pudebetr\u00e6k i kiria bomuld og vintage berber Kelimt\u00e6pper i rosa farver. Der er forskellige m\u00e5l p\u00e5 puderne.\" \/>\n<meta name=\"robots\" content=\"index, follow, max-snippet:-1, max-image-preview:large, max-video-preview:-1\" \/>\n<link rel=\"canonical\" href=\"https:\/\/tibladin.dk\/fr\/produit-4\/coussins-en-tapis-vintage-rose-allongee\/\" \/>\n<meta property=\"og:locale\" content=\"fr_FR\" \/>\n<meta property=\"og:type\" content=\"article\" \/>\n<meta property=\"og:title\" content=\"Pude med vintage berber vintaget\u00e6pper | H\u00e5ndlavede i Marokko\" \/>\n<meta property=\"og:description\" content=\"Flotte h\u00e5ndlavede, aflange pudebetr\u00e6k i kiria bomuld og vintage berber Kelimt\u00e6pper i rosa farver. Der er forskellige m\u00e5l p\u00e5 puderne.\" \/>\n<meta property=\"og:url\" content=\"https:\/\/tibladin.dk\/fr\/produit-4\/coussins-en-tapis-vintage-rose-allongee\/\" \/>\n<meta property=\"og:site_name\" content=\"Tibladin\" \/>\n<meta property=\"article:modified_time\" content=\"2025-07-17T05:35:56+00:00\" \/>\n<meta property=\"og:image\" content=\"https:\/\/tibladin.dk\/wp-content\/uploads\/2025\/07\/ROSE_Motiv-24_4.jpg\" \/>\n\t<meta property=\"og:image:width\" content=\"800\" \/>\n\t<meta property=\"og:image:height\" content=\"800\" \/>\n\t<meta property=\"og:image:type\" content=\"image\/jpeg\" \/>\n<meta name=\"twitter:card\" content=\"summary_large_image\" \/>\n<meta name=\"twitter:label1\" content=\"Dur\u00e9e de lecture estim\u00e9e\" \/>\n\t<meta name=\"twitter:data1\" content=\"2 minutes\" \/>\n<script type=\"application\/ld+json\" class=\"yoast-schema-graph\">{\"@context\":\"https:\\\/\\\/schema.org\",\"@graph\":[{\"@type\":\"WebPage\",\"@id\":\"https:\\\/\\\/tibladin.dk\\\/produkt\\\/puder-af-vintagetaeppe-aflange-rose\\\/\",\"url\":\"https:\\\/\\\/tibladin.dk\\\/produkt\\\/puder-af-vintagetaeppe-aflange-rose\\\/\",\"name\":\"Pude med vintage berber vintaget\u00e6pper | H\u00e5ndlavede i Marokko\",\"isPartOf\":{\"@id\":\"https:\\\/\\\/tibladin.dk\\\/#website\"},\"primaryImageOfPage\":{\"@id\":\"https:\\\/\\\/tibladin.dk\\\/produkt\\\/puder-af-vintagetaeppe-aflange-rose\\\/#primaryimage\"},\"image\":{\"@id\":\"https:\\\/\\\/tibladin.dk\\\/produkt\\\/puder-af-vintagetaeppe-aflange-rose\\\/#primaryimage\"},\"thumbnailUrl\":\"https:\\\/\\\/tibladin.dk\\\/wp-content\\\/uploads\\\/2025\\\/07\\\/ROSE_Motiv-24_4.jpg\",\"datePublished\":\"2025-07-16T14:33:37+00:00\",\"dateModified\":\"2025-07-17T05:35:56+00:00\",\"description\":\"Flotte h\u00e5ndlavede, aflange pudebetr\u00e6k i kiria bomuld og vintage berber Kelimt\u00e6pper i rosa farver. Der er forskellige m\u00e5l p\u00e5 puderne.\",\"breadcrumb\":{\"@id\":\"https:\\\/\\\/tibladin.dk\\\/produkt\\\/puder-af-vintagetaeppe-aflange-rose\\\/#breadcrumb\"},\"inLanguage\":\"fr-FR\",\"potentialAction\":[{\"@type\":\"ReadAction\",\"target\":[\"https:\\\/\\\/tibladin.dk\\\/produkt\\\/puder-af-vintagetaeppe-aflange-rose\\\/\"]}]},{\"@type\":\"ImageObject\",\"inLanguage\":\"fr-FR\",\"@id\":\"https:\\\/\\\/tibladin.dk\\\/produkt\\\/puder-af-vintagetaeppe-aflange-rose\\\/#primaryimage\",\"url\":\"https:\\\/\\\/tibladin.dk\\\/wp-content\\\/uploads\\\/2025\\\/07\\\/ROSE_Motiv-24_4.jpg\",\"contentUrl\":\"https:\\\/\\\/tibladin.dk\\\/wp-content\\\/uploads\\\/2025\\\/07\\\/ROSE_Motiv-24_4.jpg\",\"width\":800,\"height\":800,\"caption\":\"Rose motiv 24 4\"},{\"@type\":\"BreadcrumbList\",\"@id\":\"https:\\\/\\\/tibladin.dk\\\/produkt\\\/puder-af-vintagetaeppe-aflange-rose\\\/#breadcrumb\",\"itemListElement\":[{\"@type\":\"ListItem\",\"position\":1,\"name\":\"Hjem\",\"item\":\"https:\\\/\\\/tibladin.dk\\\/\"},{\"@type\":\"ListItem\",\"position\":2,\"name\":\"Shop\",\"item\":\"https:\\\/\\\/tibladin.dk\\\/shop\\\/\"},{\"@type\":\"ListItem\",\"position\":3,\"name\":\"Puder af vintaget\u00e6ppe aflange &#8211; ROSE\"}]},{\"@type\":\"WebSite\",\"@id\":\"https:\\\/\\\/tibladin.dk\\\/#website\",\"url\":\"https:\\\/\\\/tibladin.dk\\\/\",\"name\":\"Tibladin\",\"description\":\"Tibladin\",\"publisher\":{\"@id\":\"https:\\\/\\\/tibladin.dk\\\/#organization\"},\"potentialAction\":[{\"@type\":\"SearchAction\",\"target\":{\"@type\":\"EntryPoint\",\"urlTemplate\":\"https:\\\/\\\/tibladin.dk\\\/?s={search_term_string}\"},\"query-input\":{\"@type\":\"PropertyValueSpecification\",\"valueRequired\":true,\"valueName\":\"search_term_string\"}}],\"inLanguage\":\"fr-FR\"},{\"@type\":\"Organization\",\"@id\":\"https:\\\/\\\/tibladin.dk\\\/#organization\",\"name\":\"Tibladin\",\"url\":\"https:\\\/\\\/tibladin.dk\\\/\",\"logo\":{\"@type\":\"ImageObject\",\"inLanguage\":\"fr-FR\",\"@id\":\"https:\\\/\\\/tibladin.dk\\\/#\\\/schema\\\/logo\\\/image\\\/\",\"url\":\"https:\\\/\\\/tibladin.dk\\\/wp-content\\\/uploads\\\/2022\\\/09\\\/tibladin_logo.svg\",\"contentUrl\":\"https:\\\/\\\/tibladin.dk\\\/wp-content\\\/uploads\\\/2022\\\/09\\\/tibladin_logo.svg\",\"caption\":\"Tibladin\"},\"image\":{\"@id\":\"https:\\\/\\\/tibladin.dk\\\/#\\\/schema\\\/logo\\\/image\\\/\"}}]}<\/script>\n<!-- \/ Yoast SEO plugin. -->","yoast_head_json":{"title":"Oreiller avec tapis vintage berb\u00e8res vintage | Fait main au Maroc","description":"Magnifiques taies d&#039;oreiller rectangulaires faites main en coton kiria et tapis berb\u00e8res kilim vintage aux tons roses. Les oreillers sont disponibles en diff\u00e9rentes tailles.","robots":{"index":"index","follow":"follow","max-snippet":"max-snippet:-1","max-image-preview":"max-image-preview:large","max-video-preview":"max-video-preview:-1"},"canonical":"https:\/\/tibladin.dk\/fr\/produit-4\/coussins-en-tapis-vintage-rose-allongee\/","og_locale":"fr_FR","og_type":"article","og_title":"Pude med vintage berber vintaget\u00e6pper | H\u00e5ndlavede i Marokko","og_description":"Flotte h\u00e5ndlavede, aflange pudebetr\u00e6k i kiria bomuld og vintage berber Kelimt\u00e6pper i rosa farver. Der er forskellige m\u00e5l p\u00e5 puderne.","og_url":"https:\/\/tibladin.dk\/fr\/produit-4\/coussins-en-tapis-vintage-rose-allongee\/","og_site_name":"Tibladin","article_modified_time":"2025-07-17T05:35:56+00:00","og_image":[{"width":800,"height":800,"url":"https:\/\/tibladin.dk\/wp-content\/uploads\/2025\/07\/ROSE_Motiv-24_4.jpg","type":"image\/jpeg"}],"twitter_card":"summary_large_image","twitter_misc":{"Dur\u00e9e de lecture estim\u00e9e":"2 minutes"},"schema":{"@context":"https:\/\/schema.org","@graph":[{"@type":"WebPage","@id":"https:\/\/tibladin.dk\/produkt\/puder-af-vintagetaeppe-aflange-rose\/","url":"https:\/\/tibladin.dk\/produkt\/puder-af-vintagetaeppe-aflange-rose\/","name":"Oreiller avec tapis vintage berb\u00e8res vintage | Fait main au Maroc","isPartOf":{"@id":"https:\/\/tibladin.dk\/#website"},"primaryImageOfPage":{"@id":"https:\/\/tibladin.dk\/produkt\/puder-af-vintagetaeppe-aflange-rose\/#primaryimage"},"image":{"@id":"https:\/\/tibladin.dk\/produkt\/puder-af-vintagetaeppe-aflange-rose\/#primaryimage"},"thumbnailUrl":"https:\/\/tibladin.dk\/wp-content\/uploads\/2025\/07\/ROSE_Motiv-24_4.jpg","datePublished":"2025-07-16T14:33:37+00:00","dateModified":"2025-07-17T05:35:56+00:00","description":"Magnifiques taies d&#039;oreiller rectangulaires faites main en coton kiria et tapis berb\u00e8res kilim vintage aux tons roses. Les oreillers sont disponibles en diff\u00e9rentes tailles.","breadcrumb":{"@id":"https:\/\/tibladin.dk\/produkt\/puder-af-vintagetaeppe-aflange-rose\/#breadcrumb"},"inLanguage":"fr-FR","potentialAction":[{"@type":"ReadAction","target":["https:\/\/tibladin.dk\/produkt\/puder-af-vintagetaeppe-aflange-rose\/"]}]},{"@type":"ImageObject","inLanguage":"fr-FR","@id":"https:\/\/tibladin.dk\/produkt\/puder-af-vintagetaeppe-aflange-rose\/#primaryimage","url":"https:\/\/tibladin.dk\/wp-content\/uploads\/2025\/07\/ROSE_Motiv-24_4.jpg","contentUrl":"https:\/\/tibladin.dk\/wp-content\/uploads\/2025\/07\/ROSE_Motiv-24_4.jpg","width":800,"height":800,"caption":"Rose motiv 24 4"},{"@type":"BreadcrumbList","@id":"https:\/\/tibladin.dk\/produkt\/puder-af-vintagetaeppe-aflange-rose\/#breadcrumb","itemListElement":[{"@type":"ListItem","position":1,"name":"Hjem","item":"https:\/\/tibladin.dk\/"},{"@type":"ListItem","position":2,"name":"Shop","item":"https:\/\/tibladin.dk\/shop\/"},{"@type":"ListItem","position":3,"name":"Puder af vintaget\u00e6ppe aflange &#8211; ROSE"}]},{"@type":"WebSite","@id":"https:\/\/tibladin.dk\/#website","url":"https:\/\/tibladin.dk\/","name":"Tibladin","description":"Tibladin","publisher":{"@id":"https:\/\/tibladin.dk\/#organization"},"potentialAction":[{"@type":"SearchAction","target":{"@type":"EntryPoint","urlTemplate":"https:\/\/tibladin.dk\/?s={search_term_string}"},"query-input":{"@type":"PropertyValueSpecification","valueRequired":true,"valueName":"search_term_string"}}],"inLanguage":"fr-FR"},{"@type":"Organization","@id":"https:\/\/tibladin.dk\/#organization","name":"Tibladin","url":"https:\/\/tibladin.dk\/","logo":{"@type":"ImageObject","inLanguage":"fr-FR","@id":"https:\/\/tibladin.dk\/#\/schema\/logo\/image\/","url":"https:\/\/tibladin.dk\/wp-content\/uploads\/2022\/09\/tibladin_logo.svg","contentUrl":"https:\/\/tibladin.dk\/wp-content\/uploads\/2022\/09\/tibladin_logo.svg","caption":"Tibladin"},"image":{"@id":"https:\/\/tibladin.dk\/#\/schema\/logo\/image\/"}}]}},"_links":{"self":[{"href":"https:\/\/tibladin.dk\/fr\/wp-json\/wp\/v2\/product\/38601","targetHints":{"allow":["GET"]}}],"collection":[{"href":"https:\/\/tibladin.dk\/fr\/wp-json\/wp\/v2\/product"}],"about":[{"href":"https:\/\/tibladin.dk\/fr\/wp-json\/wp\/v2\/types\/product"}],"wp:featuredmedia":[{"embeddable":true,"href":"https:\/\/tibladin.dk\/fr\/wp-json\/wp\/v2\/media\/38572"}],"wp:attachment":[{"href":"https:\/\/tibladin.dk\/fr\/wp-json\/wp\/v2\/media?parent=38601"}],"wp:term":[{"taxonomy":"product_brand","embeddable":true,"href":"https:\/\/tibladin.dk\/fr\/wp-json\/wp\/v2\/product_brand?post=38601"},{"taxonomy":"product_cat","embeddable":true,"href":"https:\/\/tibladin.dk\/fr\/wp-json\/wp\/v2\/product_cat?post=38601"},{"taxonomy":"product_tag","embeddable":true,"href":"https:\/\/tibladin.dk\/fr\/wp-json\/wp\/v2\/product_tag?post=38601"}],"curies":[{"name":"wp","href":"https:\/\/api.w.org\/{rel}","templated":true}]}}