{"id":38777,"date":"2025-07-17T14:08:53","date_gmt":"2025-07-17T12:08:53","guid":{"rendered":"https:\/\/tibladin.dk\/?post_type=product&#038;p=38777"},"modified":"2026-03-05T15:50:52","modified_gmt":"2026-03-05T14:50:52","slug":"taie-doreiller-brodee","status":"publish","type":"product","link":"https:\/\/tibladin.dk\/fr\/produkt\/pudebetraek-embroidered\/","title":{"rendered":"Taie d&#039;oreiller \u2013 Brod\u00e9e"},"content":{"rendered":"<div class=\"wpb-content-wrapper\"><div class=\"vc_row wpb_row vc_row-fluid\"><div class=\"wpb_column vc_column_container vc_col-sm-4\"><div class=\"vc_column-inner\"><div class=\"wpb_wrapper\"><\/div><\/div><\/div><div class=\"wpb_column vc_column_container vc_col-sm-4\"><div class=\"vc_column-inner\"><div class=\"wpb_wrapper\"><h3 style=\"text-align: left\" class=\"vc_custom_heading vc_do_custom_heading\" >Entretien<\/h3>\n\t<div class=\"wpb_text_column wpb_content_element\" >\n\t\t<div class=\"wpb_wrapper\">\n\t\t\t<p>La taie d&#039;oreiller peut \u00eatre lav\u00e9e d\u00e9licatement \u00e0 la main \u00e0 30 degr\u00e9s maximum.<\/p>\n<p>\u00c9tant donn\u00e9 que les taies d&#039;oreiller sont 100 % % fabriqu\u00e9es \u00e0 la main, il peut y avoir de petites imperfections ainsi que des diff\u00e9rences de taille et de motif.<\/p>\n\n\t\t<\/div>\n\t<\/div>\n<\/div><\/div><\/div><div class=\"wpb_column vc_column_container vc_col-sm-4\"><div class=\"vc_column-inner\"><div class=\"wpb_wrapper\"><h3 style=\"text-align: left\" class=\"vc_custom_heading vc_do_custom_heading\" >L&#039;histoire derri\u00e8re<\/h3>\n\t<div class=\"wpb_text_column wpb_content_element\" >\n\t\t<div class=\"wpb_wrapper\">\n\t\t\t<p>Les taies d&#039;oreiller sont brod\u00e9es \u00e0 la main en fil de coton et de laine et au dos, il y a une fermeture \u00e9clair au milieu, ce qui permet de retirer facilement la housse et de la laver.<\/p>\n<p>Les couvertures sont fabriqu\u00e9es \u00e0 la main par les femmes d&#039;une coop\u00e9rative f\u00e9minine au sud de Marrakech.<\/p>\n\n\t\t<\/div>\n\t<\/div>\n<\/div><\/div><\/div><\/div>\n<\/div>","protected":false},"excerpt":{"rendered":"<p>Taies d&#039;oreiller marocaines uniques en coton brod\u00e9 \u00e0 la main. Disponibles en trois couleurs\u00a0: bleu, vert et orange.<\/p>\n<p>Brod\u00e9 \u00e0 la main par des femmes d&#039;une coop\u00e9rative f\u00e9minine au sud de Marrakech.<\/p>\n<p>Les taies d&#039;oreiller mesurent environ 30 x 50 cm.<\/p>\n<p>Les housses de coussin peuvent \u00eatre facilement retir\u00e9es et lav\u00e9es \u00e0 la main.<\/p>\n<p>&nbsp;<\/p>","protected":false},"featured_media":38786,"template":"","meta":{"inline_featured_image":false},"product_brand":[],"product_cat":[36,66,37],"product_tag":[],"class_list":{"0":"post-38777","1":"product","2":"type-product","3":"status-publish","4":"has-post-thumbnail","6":"product_cat-gaver-til-under-500-kr","7":"product_cat-pudebetraek","8":"product_cat-tekstiler","10":"first","11":"instock","12":"taxable","13":"shipping-taxable","14":"purchasable","15":"product-type-variable"},"exclude_global_add_ons":false,"addons":[{"name":"Vous souhaitez un emballage cadeau ?","type":"checkbox","position":0,"required":false,"title_format":"label","default":"","description_enable":false,"description":"","placeholder_enable":false,"placeholder":"","display":"images","restrictions_type":"any_text","adjust_price":false,"price":"","price_type":"flat_fee","restrictions":false,"min":"0","max":"0","options":[{"label":"Ja tak","price":"10","price_type":"flat_fee","image":11015,"visibility":true}],"id":1669646111}],"yoast_head":"<!-- This site is optimized with the Yoast SEO plugin v27.4 - https:\/\/yoast.com\/product\/yoast-seo-wordpress\/ -->\n<title>Pudebetr\u00e6k med h\u00e5ndbroderet m\u00f8nster | H\u00f8j kvalitet | Tibladin<\/title>\n<meta name=\"description\" content=\"Marokkanske pudebetr\u00e6k med h\u00e5ndbroderet m\u00f8nster. Bomuld. F\u00e5es i 3 varianter, gr\u00f8n, bl\u00e5 og orange - som alle tre st\u00e5r flot til hinanden.\" \/>\n<meta name=\"robots\" content=\"index, follow, max-snippet:-1, max-image-preview:large, max-video-preview:-1\" \/>\n<link rel=\"canonical\" href=\"https:\/\/tibladin.dk\/fr\/produit-4\/taie-doreiller-brodee\/\" \/>\n<meta property=\"og:locale\" content=\"fr_FR\" \/>\n<meta property=\"og:type\" content=\"article\" \/>\n<meta property=\"og:title\" content=\"Pudebetr\u00e6k med h\u00e5ndbroderet m\u00f8nster | H\u00f8j kvalitet | Tibladin\" \/>\n<meta property=\"og:description\" content=\"Marokkanske pudebetr\u00e6k med h\u00e5ndbroderet m\u00f8nster. Bomuld. F\u00e5es i 3 varianter, gr\u00f8n, bl\u00e5 og orange - som alle tre st\u00e5r flot til hinanden.\" \/>\n<meta property=\"og:url\" content=\"https:\/\/tibladin.dk\/fr\/produit-4\/taie-doreiller-brodee\/\" \/>\n<meta property=\"og:site_name\" content=\"Tibladin\" \/>\n<meta property=\"article:modified_time\" content=\"2026-03-05T14:50:52+00:00\" \/>\n<meta property=\"og:image\" content=\"https:\/\/tibladin.dk\/wp-content\/uploads\/2025\/07\/pudebetraek-broderier_alle-farver_1.jpg\" \/>\n\t<meta property=\"og:image:width\" content=\"800\" \/>\n\t<meta property=\"og:image:height\" content=\"800\" \/>\n\t<meta property=\"og:image:type\" content=\"image\/jpeg\" \/>\n<meta name=\"twitter:card\" content=\"summary_large_image\" \/>\n<meta name=\"twitter:label1\" content=\"Dur\u00e9e de lecture estim\u00e9e\" \/>\n\t<meta name=\"twitter:data1\" content=\"1 minute\" \/>\n<script type=\"application\/ld+json\" class=\"yoast-schema-graph\">{\"@context\":\"https:\\\/\\\/schema.org\",\"@graph\":[{\"@type\":\"WebPage\",\"@id\":\"https:\\\/\\\/tibladin.dk\\\/produkt\\\/pudebetraek-embroidered\\\/\",\"url\":\"https:\\\/\\\/tibladin.dk\\\/produkt\\\/pudebetraek-embroidered\\\/\",\"name\":\"Pudebetr\u00e6k med h\u00e5ndbroderet m\u00f8nster | H\u00f8j kvalitet | Tibladin\",\"isPartOf\":{\"@id\":\"https:\\\/\\\/tibladin.dk\\\/#website\"},\"primaryImageOfPage\":{\"@id\":\"https:\\\/\\\/tibladin.dk\\\/produkt\\\/pudebetraek-embroidered\\\/#primaryimage\"},\"image\":{\"@id\":\"https:\\\/\\\/tibladin.dk\\\/produkt\\\/pudebetraek-embroidered\\\/#primaryimage\"},\"thumbnailUrl\":\"https:\\\/\\\/tibladin.dk\\\/wp-content\\\/uploads\\\/2025\\\/07\\\/pudebetraek-broderier_alle-farver_1.jpg\",\"datePublished\":\"2025-07-17T12:08:53+00:00\",\"dateModified\":\"2026-03-05T14:50:52+00:00\",\"description\":\"Marokkanske pudebetr\u00e6k med h\u00e5ndbroderet m\u00f8nster. Bomuld. F\u00e5es i 3 varianter, gr\u00f8n, bl\u00e5 og orange - som alle tre st\u00e5r flot til hinanden.\",\"breadcrumb\":{\"@id\":\"https:\\\/\\\/tibladin.dk\\\/produkt\\\/pudebetraek-embroidered\\\/#breadcrumb\"},\"inLanguage\":\"fr-FR\",\"potentialAction\":[{\"@type\":\"ReadAction\",\"target\":[\"https:\\\/\\\/tibladin.dk\\\/produkt\\\/pudebetraek-embroidered\\\/\"]}]},{\"@type\":\"ImageObject\",\"inLanguage\":\"fr-FR\",\"@id\":\"https:\\\/\\\/tibladin.dk\\\/produkt\\\/pudebetraek-embroidered\\\/#primaryimage\",\"url\":\"https:\\\/\\\/tibladin.dk\\\/wp-content\\\/uploads\\\/2025\\\/07\\\/pudebetraek-broderier_alle-farver_1.jpg\",\"contentUrl\":\"https:\\\/\\\/tibladin.dk\\\/wp-content\\\/uploads\\\/2025\\\/07\\\/pudebetraek-broderier_alle-farver_1.jpg\",\"width\":800,\"height\":800,\"caption\":\"pude 30x50 cm med broderi tre farver\"},{\"@type\":\"BreadcrumbList\",\"@id\":\"https:\\\/\\\/tibladin.dk\\\/produkt\\\/pudebetraek-embroidered\\\/#breadcrumb\",\"itemListElement\":[{\"@type\":\"ListItem\",\"position\":1,\"name\":\"Hjem\",\"item\":\"https:\\\/\\\/tibladin.dk\\\/\"},{\"@type\":\"ListItem\",\"position\":2,\"name\":\"Shop\",\"item\":\"https:\\\/\\\/tibladin.dk\\\/shop\\\/\"},{\"@type\":\"ListItem\",\"position\":3,\"name\":\"Pudebetr\u00e6k &#8211; Embroidered\"}]},{\"@type\":\"WebSite\",\"@id\":\"https:\\\/\\\/tibladin.dk\\\/#website\",\"url\":\"https:\\\/\\\/tibladin.dk\\\/\",\"name\":\"Tibladin\",\"description\":\"Tibladin\",\"publisher\":{\"@id\":\"https:\\\/\\\/tibladin.dk\\\/#organization\"},\"potentialAction\":[{\"@type\":\"SearchAction\",\"target\":{\"@type\":\"EntryPoint\",\"urlTemplate\":\"https:\\\/\\\/tibladin.dk\\\/?s={search_term_string}\"},\"query-input\":{\"@type\":\"PropertyValueSpecification\",\"valueRequired\":true,\"valueName\":\"search_term_string\"}}],\"inLanguage\":\"fr-FR\"},{\"@type\":\"Organization\",\"@id\":\"https:\\\/\\\/tibladin.dk\\\/#organization\",\"name\":\"Tibladin\",\"url\":\"https:\\\/\\\/tibladin.dk\\\/\",\"logo\":{\"@type\":\"ImageObject\",\"inLanguage\":\"fr-FR\",\"@id\":\"https:\\\/\\\/tibladin.dk\\\/#\\\/schema\\\/logo\\\/image\\\/\",\"url\":\"https:\\\/\\\/tibladin.dk\\\/wp-content\\\/uploads\\\/2022\\\/09\\\/tibladin_logo.svg\",\"contentUrl\":\"https:\\\/\\\/tibladin.dk\\\/wp-content\\\/uploads\\\/2022\\\/09\\\/tibladin_logo.svg\",\"caption\":\"Tibladin\"},\"image\":{\"@id\":\"https:\\\/\\\/tibladin.dk\\\/#\\\/schema\\\/logo\\\/image\\\/\"}}]}<\/script>\n<!-- \/ Yoast SEO plugin. -->","yoast_head_json":{"title":"Taie d&#039;oreiller avec motif brod\u00e9 \u00e0 la main | Haute qualit\u00e9 | Tibladin","description":"Taies d&#039;oreiller marocaines avec motif brod\u00e9 \u00e0 la main. En coton. Disponibles en trois variantes\u00a0: vert, bleu et orange, elles s&#039;harmonisent parfaitement.","robots":{"index":"index","follow":"follow","max-snippet":"max-snippet:-1","max-image-preview":"max-image-preview:large","max-video-preview":"max-video-preview:-1"},"canonical":"https:\/\/tibladin.dk\/fr\/produit-4\/taie-doreiller-brodee\/","og_locale":"fr_FR","og_type":"article","og_title":"Pudebetr\u00e6k med h\u00e5ndbroderet m\u00f8nster | H\u00f8j kvalitet | Tibladin","og_description":"Marokkanske pudebetr\u00e6k med h\u00e5ndbroderet m\u00f8nster. Bomuld. F\u00e5es i 3 varianter, gr\u00f8n, bl\u00e5 og orange - som alle tre st\u00e5r flot til hinanden.","og_url":"https:\/\/tibladin.dk\/fr\/produit-4\/taie-doreiller-brodee\/","og_site_name":"Tibladin","article_modified_time":"2026-03-05T14:50:52+00:00","og_image":[{"width":800,"height":800,"url":"https:\/\/tibladin.dk\/wp-content\/uploads\/2025\/07\/pudebetraek-broderier_alle-farver_1.jpg","type":"image\/jpeg"}],"twitter_card":"summary_large_image","twitter_misc":{"Dur\u00e9e de lecture estim\u00e9e":"1 minute"},"schema":{"@context":"https:\/\/schema.org","@graph":[{"@type":"WebPage","@id":"https:\/\/tibladin.dk\/produkt\/pudebetraek-embroidered\/","url":"https:\/\/tibladin.dk\/produkt\/pudebetraek-embroidered\/","name":"Taie d&#039;oreiller avec motif brod\u00e9 \u00e0 la main | Haute qualit\u00e9 | Tibladin","isPartOf":{"@id":"https:\/\/tibladin.dk\/#website"},"primaryImageOfPage":{"@id":"https:\/\/tibladin.dk\/produkt\/pudebetraek-embroidered\/#primaryimage"},"image":{"@id":"https:\/\/tibladin.dk\/produkt\/pudebetraek-embroidered\/#primaryimage"},"thumbnailUrl":"https:\/\/tibladin.dk\/wp-content\/uploads\/2025\/07\/pudebetraek-broderier_alle-farver_1.jpg","datePublished":"2025-07-17T12:08:53+00:00","dateModified":"2026-03-05T14:50:52+00:00","description":"Taies d&#039;oreiller marocaines avec motif brod\u00e9 \u00e0 la main. En coton. Disponibles en trois variantes\u00a0: vert, bleu et orange, elles s&#039;harmonisent parfaitement.","breadcrumb":{"@id":"https:\/\/tibladin.dk\/produkt\/pudebetraek-embroidered\/#breadcrumb"},"inLanguage":"fr-FR","potentialAction":[{"@type":"ReadAction","target":["https:\/\/tibladin.dk\/produkt\/pudebetraek-embroidered\/"]}]},{"@type":"ImageObject","inLanguage":"fr-FR","@id":"https:\/\/tibladin.dk\/produkt\/pudebetraek-embroidered\/#primaryimage","url":"https:\/\/tibladin.dk\/wp-content\/uploads\/2025\/07\/pudebetraek-broderier_alle-farver_1.jpg","contentUrl":"https:\/\/tibladin.dk\/wp-content\/uploads\/2025\/07\/pudebetraek-broderier_alle-farver_1.jpg","width":800,"height":800,"caption":"pude 30x50 cm med broderi tre farver"},{"@type":"BreadcrumbList","@id":"https:\/\/tibladin.dk\/produkt\/pudebetraek-embroidered\/#breadcrumb","itemListElement":[{"@type":"ListItem","position":1,"name":"Hjem","item":"https:\/\/tibladin.dk\/"},{"@type":"ListItem","position":2,"name":"Shop","item":"https:\/\/tibladin.dk\/shop\/"},{"@type":"ListItem","position":3,"name":"Pudebetr\u00e6k &#8211; Embroidered"}]},{"@type":"WebSite","@id":"https:\/\/tibladin.dk\/#website","url":"https:\/\/tibladin.dk\/","name":"Tibladin","description":"Tibladin","publisher":{"@id":"https:\/\/tibladin.dk\/#organization"},"potentialAction":[{"@type":"SearchAction","target":{"@type":"EntryPoint","urlTemplate":"https:\/\/tibladin.dk\/?s={search_term_string}"},"query-input":{"@type":"PropertyValueSpecification","valueRequired":true,"valueName":"search_term_string"}}],"inLanguage":"fr-FR"},{"@type":"Organization","@id":"https:\/\/tibladin.dk\/#organization","name":"Tibladin","url":"https:\/\/tibladin.dk\/","logo":{"@type":"ImageObject","inLanguage":"fr-FR","@id":"https:\/\/tibladin.dk\/#\/schema\/logo\/image\/","url":"https:\/\/tibladin.dk\/wp-content\/uploads\/2022\/09\/tibladin_logo.svg","contentUrl":"https:\/\/tibladin.dk\/wp-content\/uploads\/2022\/09\/tibladin_logo.svg","caption":"Tibladin"},"image":{"@id":"https:\/\/tibladin.dk\/#\/schema\/logo\/image\/"}}]}},"_links":{"self":[{"href":"https:\/\/tibladin.dk\/fr\/wp-json\/wp\/v2\/product\/38777","targetHints":{"allow":["GET"]}}],"collection":[{"href":"https:\/\/tibladin.dk\/fr\/wp-json\/wp\/v2\/product"}],"about":[{"href":"https:\/\/tibladin.dk\/fr\/wp-json\/wp\/v2\/types\/product"}],"wp:featuredmedia":[{"embeddable":true,"href":"https:\/\/tibladin.dk\/fr\/wp-json\/wp\/v2\/media\/38786"}],"wp:attachment":[{"href":"https:\/\/tibladin.dk\/fr\/wp-json\/wp\/v2\/media?parent=38777"}],"wp:term":[{"taxonomy":"product_brand","embeddable":true,"href":"https:\/\/tibladin.dk\/fr\/wp-json\/wp\/v2\/product_brand?post=38777"},{"taxonomy":"product_cat","embeddable":true,"href":"https:\/\/tibladin.dk\/fr\/wp-json\/wp\/v2\/product_cat?post=38777"},{"taxonomy":"product_tag","embeddable":true,"href":"https:\/\/tibladin.dk\/fr\/wp-json\/wp\/v2\/product_tag?post=38777"}],"curies":[{"name":"wp","href":"https:\/\/api.w.org\/{rel}","templated":true}]}}