{"id":39151,"date":"2025-08-19T13:36:14","date_gmt":"2025-08-19T11:36:14","guid":{"rendered":"https:\/\/tibladin.dk\/?post_type=product&#038;p=39151"},"modified":"2025-08-21T11:56:47","modified_gmt":"2025-08-21T09:56:47","slug":"beni-ouarain-213x297-tilila","status":"publish","type":"product","link":"https:\/\/tibladin.dk\/fr\/produkt\/beni-ouarain-213x297-tilila\/","title":{"rendered":"Beni Ouarain 213\u00d7297 \u2013 TILILA"},"content":{"rendered":"<div class=\"wpb-content-wrapper\"><div class=\"vc_row wpb_row vc_row-fluid\"><div class=\"wpb_column vc_column_container vc_col-sm-4\"><div class=\"vc_column-inner\"><div class=\"wpb_wrapper\"><\/div><\/div><\/div><div class=\"wpb_column vc_column_container vc_col-sm-4\"><div class=\"vc_column-inner\"><div class=\"wpb_wrapper\"><h3 style=\"text-align: left\" class=\"vc_custom_heading vc_do_custom_heading\" >Entretien tapis Beni Ouarain<\/h3>\n\t<div class=\"wpb_text_column wpb_content_element\" >\n\t\t<div class=\"wpb_wrapper\">\n\t\t\t<p>Passez r\u00e9guli\u00e8rement l&#039;aspirateur sur le tapis Beni Ouarain, sortez-le dehors et secouez-le de temps en temps. Les taches sont \u00e9limin\u00e9es en absorbant la tache le plus rapidement possible avec un chiffon puis en tamponnant la tache avec un chiffon humide. Le tapis est en pure laine 100% % et est naturellement recouvert de lanoline sur chaque fibre, ce qui signifie que les taches ne p\u00e9n\u00e8trent pas dans le tapis. Si nous avons la chance d&#039;avoir de la neige un hiver au Danemark, \u00e9tendons enfin notre couverture dans la neige blanche. Cela nettoiera le tapis en profondeur \u2013 de mani\u00e8re totalement naturelle.<\/p>\n\n\t\t<\/div>\n\t<\/div>\n<\/div><\/div><\/div><div class=\"wpb_column vc_column_container vc_col-sm-4\"><div class=\"vc_column-inner\"><div class=\"wpb_wrapper\"><h3 style=\"text-align: left\" class=\"vc_custom_heading vc_do_custom_heading\" >L&#039;histoire des tapis Beni Ouarain<\/h3>\n\t<div class=\"wpb_text_column wpb_content_element\" >\n\t\t<div class=\"wpb_wrapper\">\n\t\t\t<p>Le tapis Beni Ouarain d\u00e9core, apporte confort et chaleur et absorbe \u00e9galement le bruit.<\/p>\n<p>Les tapis Beni Ouarain sont tr\u00e8s populaires partout dans le monde et s&#039;adaptent \u00e9galement tr\u00e8s bien \u00e0 la d\u00e9coration scandinave. De nombreuses marques d&#039;int\u00e9rieur ont copi\u00e9 leur style et les ont fait fabriquer industriellement. Ici \u00e0 Tibladin, nous n&#039;avons que des tapis Beni Ouarain originaux fabriqu\u00e9s \u00e0 la main par des femmes de la tribu berb\u00e8re Beni Ouarain, originaire du sud des montagnes du Rif au Maroc. Les couvertures sont utilis\u00e9es par la tribu berb\u00e8re pour se couvrir et s&#039;allonger lorsqu&#039;ils ont besoin de dormir. Chaque tapis est une \u0153uvre d&#039;art et contrairement aux tapis orientaux, ils ne sont pas fabriqu\u00e9s selon des mod\u00e8les, mais uniquement selon les souhaits des femmes et symbolisent souvent les sentiments que les femmes ont ressentis lorsqu&#039;elles tissent. La forme en diamant que l&#039;on retrouve sur de nombreux tapis prot\u00e8ge du mal. Les tons de couleurs sont naturels dans leurs coloris blanc, beige, marron et noir.<\/p>\n<p>Jetez vos chaussures et sentez la douce laine sous vos pieds !<\/p>\n\n\t\t<\/div>\n\t<\/div>\n<\/div><\/div><\/div><\/div>\n<\/div>","protected":false},"excerpt":{"rendered":"<p data-start=\"84\" data-end=\"131\"><strong data-start=\"86\" data-end=\"127\">Tapis unique Beni Ourain \u2013 213\u00d7297 cm<\/strong> \u2728<\/p>\n<p data-start=\"133\" data-end=\"327\">Ce tapis Beni Ouarain unique est une v\u00e9ritable \u0153uvre d&#039;art tiss\u00e9e \u00e0 la main, originaire des montagnes de l&#039;Atlas marocain. Confectionn\u00e9 en laine naturelle 100%, il allie douceur et confort \u00e0 un motif en losange au centre, qui se prolonge sur le reste du tapis.<\/p>\n<p data-start=\"710\" data-end=\"900\">Avec ses objectifs g\u00e9n\u00e9reux de <strong data-start=\"735\" data-end=\"749\">213\u00d7297 cm + 20 cm de frange<\/strong> Le tapis est id\u00e9al pour le salon sous le groupe de canap\u00e9s, dans la salle \u00e0 manger sous la table \u00e0 manger ou dans une chambre, o\u00f9 il peut ajouter de la chaleur et du caract\u00e8re \u00e0 la pi\u00e8ce.<\/p>\n<p data-start=\"902\" data-end=\"1041\">\u2714 Tiss\u00e9 \u00e0 la main au Maroc<br data-start=\"923\" data-end=\"926\" \/>\u2714 Laine naturelle 100%<br data-start=\"945\" data-end=\"948\" \/>\u2714 Motif unique \u2013 disponible en un seul exemplaire<br data-start=\"991\" data-end=\"994\" \/>\u2714 Grand et spacieux \u2013 parfait pour les grandes pi\u00e8ces<\/p>\n<p data-start=\"1043\" data-end=\"1135\">Une pi\u00e8ce intemporelle qui apporte \u00e0 la fois confort, histoire et modernit\u00e9 dans votre maison.<\/p>\n<hr data-start=\"1137\" data-end=\"1140\" \/>","protected":false},"featured_media":39169,"template":"","meta":{"inline_featured_image":false},"product_brand":[],"product_cat":[62,59],"product_tag":[],"class_list":{"0":"post-39151","1":"product","2":"type-product","3":"status-publish","4":"has-post-thumbnail","6":"product_cat-beni-ouarain","7":"product_cat-marokkanske-taepper","9":"first","10":"instock","11":"taxable","12":"shipping-taxable","13":"purchasable","14":"product-type-simple"},"exclude_global_add_ons":[],"addons":[],"yoast_head":"<!-- This site is optimized with the Yoast SEO plugin v27.5 - https:\/\/yoast.com\/product\/yoast-seo-wordpress\/ -->\n<title>Beni Ouarain t\u00e6ppe | Bl\u00f8dt og hyggeligt | Kig her lige nu<\/title>\n<meta name=\"description\" content=\"Marokkansk t\u00e6ppe Beni Ouarain i 100% uld. Dejlig lys uld med beige m\u00f8nster. T\u00e6ppet er h\u00e5ndv\u00e6vet i kvalitetsuld og m\u00e5ler 206x320 cm.\" \/>\n<meta name=\"robots\" content=\"index, follow, max-snippet:-1, max-image-preview:large, max-video-preview:-1\" \/>\n<link rel=\"canonical\" href=\"https:\/\/tibladin.dk\/fr\/produit-4\/beni-ouarain-213x297-tilila\/\" \/>\n<meta property=\"og:locale\" content=\"fr_FR\" \/>\n<meta property=\"og:type\" content=\"article\" \/>\n<meta property=\"og:title\" content=\"Beni Ouarain t\u00e6ppe | Bl\u00f8dt og hyggeligt | Kig her lige nu\" \/>\n<meta property=\"og:description\" content=\"Marokkansk t\u00e6ppe Beni Ouarain i 100% uld. Dejlig lys uld med beige m\u00f8nster. T\u00e6ppet er h\u00e5ndv\u00e6vet i kvalitetsuld og m\u00e5ler 206x320 cm.\" \/>\n<meta property=\"og:url\" content=\"https:\/\/tibladin.dk\/fr\/produit-4\/beni-ouarain-213x297-tilila\/\" \/>\n<meta property=\"og:site_name\" content=\"Tibladin\" \/>\n<meta property=\"article:modified_time\" content=\"2025-08-21T09:56:47+00:00\" \/>\n<meta property=\"og:image\" content=\"https:\/\/tibladin.dk\/wp-content\/uploads\/2025\/08\/Photoroom_20250819_133333.jpeg\" \/>\n\t<meta property=\"og:image:width\" content=\"2000\" \/>\n\t<meta property=\"og:image:height\" content=\"2000\" \/>\n\t<meta property=\"og:image:type\" content=\"image\/jpeg\" \/>\n<meta name=\"twitter:card\" content=\"summary_large_image\" \/>\n<meta name=\"twitter:label1\" content=\"Dur\u00e9e de lecture estim\u00e9e\" \/>\n\t<meta name=\"twitter:data1\" content=\"2 minutes\" \/>\n<script type=\"application\/ld+json\" class=\"yoast-schema-graph\">{\"@context\":\"https:\\\/\\\/schema.org\",\"@graph\":[{\"@type\":\"WebPage\",\"@id\":\"https:\\\/\\\/tibladin.dk\\\/produkt\\\/beni-ouarain-213x297-tilila\\\/\",\"url\":\"https:\\\/\\\/tibladin.dk\\\/produkt\\\/beni-ouarain-213x297-tilila\\\/\",\"name\":\"Beni Ouarain t\u00e6ppe | Bl\u00f8dt og hyggeligt | Kig her lige nu\",\"isPartOf\":{\"@id\":\"https:\\\/\\\/tibladin.dk\\\/#website\"},\"primaryImageOfPage\":{\"@id\":\"https:\\\/\\\/tibladin.dk\\\/produkt\\\/beni-ouarain-213x297-tilila\\\/#primaryimage\"},\"image\":{\"@id\":\"https:\\\/\\\/tibladin.dk\\\/produkt\\\/beni-ouarain-213x297-tilila\\\/#primaryimage\"},\"thumbnailUrl\":\"https:\\\/\\\/tibladin.dk\\\/wp-content\\\/uploads\\\/2025\\\/08\\\/Photoroom_20250819_133333.jpeg\",\"datePublished\":\"2025-08-19T11:36:14+00:00\",\"dateModified\":\"2025-08-21T09:56:47+00:00\",\"description\":\"Marokkansk t\u00e6ppe Beni Ouarain i 100% uld. Dejlig lys uld med beige m\u00f8nster. T\u00e6ppet er h\u00e5ndv\u00e6vet i kvalitetsuld og m\u00e5ler 206x320 cm.\",\"breadcrumb\":{\"@id\":\"https:\\\/\\\/tibladin.dk\\\/produkt\\\/beni-ouarain-213x297-tilila\\\/#breadcrumb\"},\"inLanguage\":\"fr-FR\",\"potentialAction\":[{\"@type\":\"ReadAction\",\"target\":[\"https:\\\/\\\/tibladin.dk\\\/produkt\\\/beni-ouarain-213x297-tilila\\\/\"]}]},{\"@type\":\"ImageObject\",\"inLanguage\":\"fr-FR\",\"@id\":\"https:\\\/\\\/tibladin.dk\\\/produkt\\\/beni-ouarain-213x297-tilila\\\/#primaryimage\",\"url\":\"https:\\\/\\\/tibladin.dk\\\/wp-content\\\/uploads\\\/2025\\\/08\\\/Photoroom_20250819_133333.jpeg\",\"contentUrl\":\"https:\\\/\\\/tibladin.dk\\\/wp-content\\\/uploads\\\/2025\\\/08\\\/Photoroom_20250819_133333.jpeg\",\"width\":2000,\"height\":2000,\"caption\":\"marokkansk Beni Ouarain t\u00e6ppe_TILILA\"},{\"@type\":\"BreadcrumbList\",\"@id\":\"https:\\\/\\\/tibladin.dk\\\/produkt\\\/beni-ouarain-213x297-tilila\\\/#breadcrumb\",\"itemListElement\":[{\"@type\":\"ListItem\",\"position\":1,\"name\":\"Hjem\",\"item\":\"https:\\\/\\\/tibladin.dk\\\/\"},{\"@type\":\"ListItem\",\"position\":2,\"name\":\"Shop\",\"item\":\"https:\\\/\\\/tibladin.dk\\\/shop\\\/\"},{\"@type\":\"ListItem\",\"position\":3,\"name\":\"Beni Ouarain 213&#215;297 &#8211; TILILA\"}]},{\"@type\":\"WebSite\",\"@id\":\"https:\\\/\\\/tibladin.dk\\\/#website\",\"url\":\"https:\\\/\\\/tibladin.dk\\\/\",\"name\":\"Tibladin\",\"description\":\"Tibladin\",\"publisher\":{\"@id\":\"https:\\\/\\\/tibladin.dk\\\/#organization\"},\"potentialAction\":[{\"@type\":\"SearchAction\",\"target\":{\"@type\":\"EntryPoint\",\"urlTemplate\":\"https:\\\/\\\/tibladin.dk\\\/?s={search_term_string}\"},\"query-input\":{\"@type\":\"PropertyValueSpecification\",\"valueRequired\":true,\"valueName\":\"search_term_string\"}}],\"inLanguage\":\"fr-FR\"},{\"@type\":\"Organization\",\"@id\":\"https:\\\/\\\/tibladin.dk\\\/#organization\",\"name\":\"Tibladin\",\"url\":\"https:\\\/\\\/tibladin.dk\\\/\",\"logo\":{\"@type\":\"ImageObject\",\"inLanguage\":\"fr-FR\",\"@id\":\"https:\\\/\\\/tibladin.dk\\\/#\\\/schema\\\/logo\\\/image\\\/\",\"url\":\"https:\\\/\\\/tibladin.dk\\\/wp-content\\\/uploads\\\/2022\\\/09\\\/tibladin_logo.svg\",\"contentUrl\":\"https:\\\/\\\/tibladin.dk\\\/wp-content\\\/uploads\\\/2022\\\/09\\\/tibladin_logo.svg\",\"caption\":\"Tibladin\"},\"image\":{\"@id\":\"https:\\\/\\\/tibladin.dk\\\/#\\\/schema\\\/logo\\\/image\\\/\"}}]}<\/script>\n<!-- \/ Yoast SEO plugin. -->","yoast_head_json":{"title":"Tapis Beni Ouarain | Doux et confortable | Regardez ici maintenant","description":"Tapis marocain Beni Ouarain en laine 100%. Belle laine l\u00e9g\u00e8re \u00e0 motif beige. Tiss\u00e9 \u00e0 la main avec une laine de qualit\u00e9, ce tapis mesure 206 x 320 cm.","robots":{"index":"index","follow":"follow","max-snippet":"max-snippet:-1","max-image-preview":"max-image-preview:large","max-video-preview":"max-video-preview:-1"},"canonical":"https:\/\/tibladin.dk\/fr\/produit-4\/beni-ouarain-213x297-tilila\/","og_locale":"fr_FR","og_type":"article","og_title":"Beni Ouarain t\u00e6ppe | Bl\u00f8dt og hyggeligt | Kig her lige nu","og_description":"Marokkansk t\u00e6ppe Beni Ouarain i 100% uld. Dejlig lys uld med beige m\u00f8nster. T\u00e6ppet er h\u00e5ndv\u00e6vet i kvalitetsuld og m\u00e5ler 206x320 cm.","og_url":"https:\/\/tibladin.dk\/fr\/produit-4\/beni-ouarain-213x297-tilila\/","og_site_name":"Tibladin","article_modified_time":"2025-08-21T09:56:47+00:00","og_image":[{"width":2000,"height":2000,"url":"https:\/\/tibladin.dk\/wp-content\/uploads\/2025\/08\/Photoroom_20250819_133333.jpeg","type":"image\/jpeg"}],"twitter_card":"summary_large_image","twitter_misc":{"Dur\u00e9e de lecture estim\u00e9e":"2 minutes"},"schema":{"@context":"https:\/\/schema.org","@graph":[{"@type":"WebPage","@id":"https:\/\/tibladin.dk\/produkt\/beni-ouarain-213x297-tilila\/","url":"https:\/\/tibladin.dk\/produkt\/beni-ouarain-213x297-tilila\/","name":"Tapis Beni Ouarain | Doux et confortable | Regardez ici maintenant","isPartOf":{"@id":"https:\/\/tibladin.dk\/#website"},"primaryImageOfPage":{"@id":"https:\/\/tibladin.dk\/produkt\/beni-ouarain-213x297-tilila\/#primaryimage"},"image":{"@id":"https:\/\/tibladin.dk\/produkt\/beni-ouarain-213x297-tilila\/#primaryimage"},"thumbnailUrl":"https:\/\/tibladin.dk\/wp-content\/uploads\/2025\/08\/Photoroom_20250819_133333.jpeg","datePublished":"2025-08-19T11:36:14+00:00","dateModified":"2025-08-21T09:56:47+00:00","description":"Tapis marocain Beni Ouarain en laine 100%. Belle laine l\u00e9g\u00e8re \u00e0 motif beige. Tiss\u00e9 \u00e0 la main avec une laine de qualit\u00e9, ce tapis mesure 206 x 320 cm.","breadcrumb":{"@id":"https:\/\/tibladin.dk\/produkt\/beni-ouarain-213x297-tilila\/#breadcrumb"},"inLanguage":"fr-FR","potentialAction":[{"@type":"ReadAction","target":["https:\/\/tibladin.dk\/produkt\/beni-ouarain-213x297-tilila\/"]}]},{"@type":"ImageObject","inLanguage":"fr-FR","@id":"https:\/\/tibladin.dk\/produkt\/beni-ouarain-213x297-tilila\/#primaryimage","url":"https:\/\/tibladin.dk\/wp-content\/uploads\/2025\/08\/Photoroom_20250819_133333.jpeg","contentUrl":"https:\/\/tibladin.dk\/wp-content\/uploads\/2025\/08\/Photoroom_20250819_133333.jpeg","width":2000,"height":2000,"caption":"marokkansk Beni Ouarain t\u00e6ppe_TILILA"},{"@type":"BreadcrumbList","@id":"https:\/\/tibladin.dk\/produkt\/beni-ouarain-213x297-tilila\/#breadcrumb","itemListElement":[{"@type":"ListItem","position":1,"name":"Hjem","item":"https:\/\/tibladin.dk\/"},{"@type":"ListItem","position":2,"name":"Shop","item":"https:\/\/tibladin.dk\/shop\/"},{"@type":"ListItem","position":3,"name":"Beni Ouarain 213&#215;297 &#8211; TILILA"}]},{"@type":"WebSite","@id":"https:\/\/tibladin.dk\/#website","url":"https:\/\/tibladin.dk\/","name":"Tibladin","description":"Tibladin","publisher":{"@id":"https:\/\/tibladin.dk\/#organization"},"potentialAction":[{"@type":"SearchAction","target":{"@type":"EntryPoint","urlTemplate":"https:\/\/tibladin.dk\/?s={search_term_string}"},"query-input":{"@type":"PropertyValueSpecification","valueRequired":true,"valueName":"search_term_string"}}],"inLanguage":"fr-FR"},{"@type":"Organization","@id":"https:\/\/tibladin.dk\/#organization","name":"Tibladin","url":"https:\/\/tibladin.dk\/","logo":{"@type":"ImageObject","inLanguage":"fr-FR","@id":"https:\/\/tibladin.dk\/#\/schema\/logo\/image\/","url":"https:\/\/tibladin.dk\/wp-content\/uploads\/2022\/09\/tibladin_logo.svg","contentUrl":"https:\/\/tibladin.dk\/wp-content\/uploads\/2022\/09\/tibladin_logo.svg","caption":"Tibladin"},"image":{"@id":"https:\/\/tibladin.dk\/#\/schema\/logo\/image\/"}}]}},"_links":{"self":[{"href":"https:\/\/tibladin.dk\/fr\/wp-json\/wp\/v2\/product\/39151","targetHints":{"allow":["GET"]}}],"collection":[{"href":"https:\/\/tibladin.dk\/fr\/wp-json\/wp\/v2\/product"}],"about":[{"href":"https:\/\/tibladin.dk\/fr\/wp-json\/wp\/v2\/types\/product"}],"wp:featuredmedia":[{"embeddable":true,"href":"https:\/\/tibladin.dk\/fr\/wp-json\/wp\/v2\/media\/39169"}],"wp:attachment":[{"href":"https:\/\/tibladin.dk\/fr\/wp-json\/wp\/v2\/media?parent=39151"}],"wp:term":[{"taxonomy":"product_brand","embeddable":true,"href":"https:\/\/tibladin.dk\/fr\/wp-json\/wp\/v2\/product_brand?post=39151"},{"taxonomy":"product_cat","embeddable":true,"href":"https:\/\/tibladin.dk\/fr\/wp-json\/wp\/v2\/product_cat?post=39151"},{"taxonomy":"product_tag","embeddable":true,"href":"https:\/\/tibladin.dk\/fr\/wp-json\/wp\/v2\/product_tag?post=39151"}],"curies":[{"name":"wp","href":"https:\/\/api.w.org\/{rel}","templated":true}]}}