{"id":39278,"date":"2025-08-26T14:50:56","date_gmt":"2025-08-26T12:50:56","guid":{"rendered":"https:\/\/tibladin.dk\/?post_type=product&#038;p=39278"},"modified":"2026-02-26T14:33:39","modified_gmt":"2026-02-26T13:33:39","slug":"tapis-berbere-vintage-184x281-cm-aghilas","status":"publish","type":"product","link":"https:\/\/tibladin.dk\/fr\/produkt\/berbertaeppe-vintage-184x281-cm-aghilas\/","title":{"rendered":"Tapis berb\u00e8re vintage 184\u00d7281 cm. AGHILAS"},"content":{"rendered":"<div class=\"wpb-content-wrapper\"><div class=\"vc_row wpb_row vc_row-fluid\"><div class=\"wpb_column vc_column_container vc_col-sm-12\"><div class=\"vc_column-inner\"><div class=\"wpb_wrapper\">\n\t<div class=\"wpb_text_column wpb_content_element\" >\n\t\t<div class=\"wpb_wrapper\">\n\t\t\t<p>!<\/p>\n\n\t\t<\/div>\n\t<\/div>\n<\/div><\/div><\/div><\/div><div class=\"vc_row wpb_row vc_row-fluid\"><div class=\"wpb_column vc_column_container vc_col-sm-4\"><div class=\"vc_column-inner\"><div class=\"wpb_wrapper\"><\/div><\/div><\/div><div class=\"wpb_column vc_column_container vc_col-sm-4\"><div class=\"vc_column-inner\"><div class=\"wpb_wrapper\"><h3 style=\"text-align: left\" class=\"vc_custom_heading vc_do_custom_heading\" >Entretien des tapis BOUJAAD<\/h3>\n\t<div class=\"wpb_text_column wpb_content_element\" >\n\t\t<div class=\"wpb_wrapper\">\n\t\t\t<p>Passez r\u00e9guli\u00e8rement l&#039;aspirateur sur le tapis berb\u00e8re, sortez-le dehors et secouez-le de temps en temps. Les taches sont \u00e9limin\u00e9es en absorbant la tache le plus rapidement possible avec un chiffon puis en tamponnant la tache avec un chiffon humide. Le tapis est en pure laine 100% % et est naturellement recouvert de lanoline sur chaque fibre, ce qui signifie que les taches ne p\u00e9n\u00e8trent pas dans le tapis. Si nous avons la chance d&#039;avoir de la neige un hiver au Danemark, \u00e9tendons enfin notre couverture dans la neige blanche. Cela nettoiera le tapis en profondeur \u2013 de mani\u00e8re totalement naturelle.<\/p>\n\n\t\t<\/div>\n\t<\/div>\n<\/div><\/div><\/div><div class=\"wpb_column vc_column_container vc_col-sm-4\"><div class=\"vc_column-inner\"><div class=\"wpb_wrapper\"><h3 style=\"text-align: left\" class=\"vc_custom_heading vc_do_custom_heading\" >L&#039;histoire des tapis BOUJAAD<\/h3>\n\t<div class=\"wpb_text_column wpb_content_element\" >\n\t\t<div class=\"wpb_wrapper\">\n\t\t\t<h2 data-start=\"146\" data-end=\"164\">Origine<\/h2>\n<ul data-start=\"165\" data-end=\"531\">\n<li data-start=\"165\" data-end=\"282\">\n<p data-start=\"167\" data-end=\"282\">Les tapis Boujaad proviennent de <strong data-start=\"193\" data-end=\"210\">Plaine du Haouz<\/strong> au centre du Maroc, pr\u00e8s de la ville <strong data-start=\"244\" data-end=\"255\">Boujad<\/strong>, \u00e0 l&#039;ouest des montagnes de l&#039;Atlas.<\/p>\n<\/li>\n<li data-start=\"283\" data-end=\"414\">\n<p data-start=\"285\" data-end=\"414\">Ils sont tiss\u00e9s \u00e0 partir de <strong data-start=\"300\" data-end=\"317\">femmes berb\u00e8res<\/strong>, souvent destin\u00e9s \u00e0 un usage familial \u2013 et non commercial \u2013 ce qui rend de nombreux tapis anciens compl\u00e8tement uniques.<\/p>\n<\/li>\n<li data-start=\"415\" data-end=\"531\">\n<p data-start=\"417\" data-end=\"531\">La tradition se transmet de g\u00e9n\u00e9ration en g\u00e9n\u00e9ration et porte des symboles forts qui refl\u00e8tent la vie, les espoirs et les r\u00eaves du tisserand.<\/p>\n<\/li>\n<\/ul>\n<hr data-start=\"533\" data-end=\"536\" \/>\n<h2 data-start=\"538\" data-end=\"555\">Caract\u00e9ristiques<\/h2>\n<ul data-start=\"556\" data-end=\"1162\">\n<li data-start=\"556\" data-end=\"724\">\n<p data-start=\"558\" data-end=\"724\"><strong data-start=\"558\" data-end=\"569\">Couleurs:<\/strong> Boujaad est connu pour ses couleurs chaudes et satur\u00e9es <strong data-start=\"620\" data-end=\"668\">rose, rouge, orange, rouille, corail et couleurs terreuses<\/strong> \u2013 souvent color\u00e9 avec des colorants v\u00e9g\u00e9taux et min\u00e9raux naturels.<\/p>\n<\/li>\n<li data-start=\"725\" data-end=\"960\">\n<p data-start=\"727\" data-end=\"741\"><strong data-start=\"727\" data-end=\"739\">Motifs:<\/strong><\/p>\n<ul data-start=\"744\" data-end=\"960\">\n<li data-start=\"744\" data-end=\"858\">\n<p data-start=\"746\" data-end=\"858\">Typique <strong data-start=\"753\" data-end=\"771\">motifs de diamant<\/strong> ou des symboles g\u00e9om\u00e9triques, souvent plus libres et irr\u00e9guliers que, par exemple, Beni Ourain.<\/p>\n<\/li>\n<li data-start=\"861\" data-end=\"960\">\n<p data-start=\"863\" data-end=\"960\">De nombreux tapis ont une sorte de <em data-start=\"889\" data-end=\"907\">\u00ab po\u00e9sie abstraite \u00bb<\/em> dans la conception \u2013 asym\u00e9trique, mais avec un symbolisme fort.<\/p>\n<\/li>\n<\/ul>\n<\/li>\n<li data-start=\"961\" data-end=\"1062\">\n<p data-start=\"963\" data-end=\"1062\"><strong data-start=\"963\" data-end=\"978\">Mat\u00e9riels:<\/strong> Traditionnellement en laine, mais surtout ces derniers temps on trouve des m\u00e9langes de laine et de coton.<\/p>\n<\/li>\n<li data-start=\"1063\" data-end=\"1162\">\n<p data-start=\"1065\" data-end=\"1162\"><strong data-start=\"1065\" data-end=\"1077\">Texture:<\/strong> Ils sont g\u00e9n\u00e9ralement plus fins que les Beni Ouarain, avec des poils plus courts et une structure tiss\u00e9e plus serr\u00e9e.<\/p>\n<\/li>\n<\/ul>\n<hr data-start=\"1164\" data-end=\"1167\" \/>\n<h2 data-start=\"1169\" data-end=\"1185\">Symbolisme<\/h2>\n<p data-start=\"1186\" data-end=\"1244\">Comme beaucoup de tapis berb\u00e8res, les motifs sont charg\u00e9s de sens :<\/p>\n<ul data-start=\"1245\" data-end=\"1465\">\n<li data-start=\"1245\" data-end=\"1306\">\n<p data-start=\"1247\" data-end=\"1306\"><strong data-start=\"1247\" data-end=\"1260\">Diamants<\/strong> = fertilit\u00e9, f\u00e9minit\u00e9 et protection.<\/p>\n<\/li>\n<li data-start=\"1307\" data-end=\"1367\">\n<p data-start=\"1309\" data-end=\"1367\"><strong data-start=\"1309\" data-end=\"1336\">Hame\u00e7ons, zigzags et lignes<\/strong> = le chemin de la vie et les r\u00e9sistances.<\/p>\n<\/li>\n<li data-start=\"1368\" data-end=\"1465\">\n<p data-start=\"1370\" data-end=\"1465\"><strong data-start=\"1370\" data-end=\"1382\">Les couleurs<\/strong> = le rouge est souvent associ\u00e9 \u00e0 la force et \u00e0 la protection, le rose \u00e0 l&#039;amour et \u00e0 l&#039;intimit\u00e9.<\/p>\n<\/li>\n<\/ul>\n<hr data-start=\"1467\" data-end=\"1470\" \/>\n<h2 data-start=\"1472\" data-end=\"1505\">Popularit\u00e9 et raret\u00e9<\/h2>\n<ul data-start=\"1506\" data-end=\"2135\">\n<li data-start=\"1506\" data-end=\"1681\">\n<p data-start=\"1508\" data-end=\"1681\"><strong data-start=\"1508\" data-end=\"1534\">Tapis Boujaad vintage<\/strong> (en particulier ceux des ann\u00e9es 1950 \u00e0 1970) sont tr\u00e8s recherch\u00e9s aujourd&#039;hui car ils sont souvent tiss\u00e9s \u00e0 partir de laine fil\u00e9e \u00e0 la main et teints avec des colorants naturels.<\/p>\n<\/li>\n<li data-start=\"1682\" data-end=\"1795\">\n<p data-start=\"1684\" data-end=\"1795\">Ils sont <strong data-start=\"1690\" data-end=\"1703\">moins souvent<\/strong> que les Beni Ourain car ils \u00e9taient tiss\u00e9s en plus petit nombre et n&#039;\u00e9taient pas produits pour l&#039;exportation.<\/p>\n<\/li>\n<li data-start=\"1796\" data-end=\"1975\">\n<p data-start=\"1798\" data-end=\"1975\">Aujourd&#039;hui, la demande est forte parmi les designers et les collectionneurs, notamment en Europe et aux \u00c9tats-Unis, o\u00f9 Boujaad est consid\u00e9r\u00e9 comme une combinaison parfaite de <strong data-start=\"1931\" data-end=\"1972\">boh\u00e8me, vintage et expression artistique<\/strong>.<\/p>\n<\/li>\n<li data-start=\"1976\" data-end=\"2135\">\n<p data-start=\"1978\" data-end=\"2135\">Les tapis Boujaad plus r\u00e9cents sont toujours tiss\u00e9s, mais ils n&#039;ont pas la m\u00eame patine profonde et le m\u00eame jeu de couleurs naturel que les plus anciens - c&#039;est pourquoi les versions vintage sont les plus recherch\u00e9es.<\/p>\n<\/li>\n<\/ul>\n<hr data-start=\"2137\" data-end=\"2140\" \/>\n\n\t\t<\/div>\n\t<\/div>\n<\/div><\/div><\/div><\/div>\n<\/div>","protected":false},"excerpt":{"rendered":"<p data-start=\"0\" data-end=\"37\">Ce tapis est vraiment exceptionnel \u2013 AGHILAS<\/p>\n<p data-start=\"39\" data-end=\"372\">Vous avez un vrai <strong data-start=\"49\" data-end=\"72\">Tapis berb\u00e8re vintage - BOUJAAD<\/strong> Tiss\u00e9 selon un motif dense de petits symboles en forme de croix ou de fleurs, il pr\u00e9sente des tons terre chauds, associ\u00e9s \u00e0 de belles nuances de rose, de rouge et d&#039;un soup\u00e7on de vert. Ce jeu de couleurs conf\u00e8re au tapis un caract\u00e8re l\u00e9g\u00e8rement f\u00e9minin et romantique, tandis que les r\u00e9p\u00e9titions g\u00e9om\u00e9triques et les bordures soulignent son savoir-faire traditionnel.<\/p>\n<p data-start=\"374\" data-end=\"649\">Il poss\u00e8de la patine que seul le vrai vintage peut offrir\u00a0: les couleurs ont \u00e9t\u00e9 estomp\u00e9es avec justesse, conf\u00e9rant au tapis un aspect vibrant et historique. Il sera parfait comme pi\u00e8ce ma\u00eetresse dans un salon lumineux ou comme contrepoint color\u00e9 \u00e0 un d\u00e9cor plus minimaliste.<\/p>\n<p data-start=\"374\" data-end=\"649\">Les tapis Boujaad vintage sont aujourd&#039;hui rares et tr\u00e8s recherch\u00e9s dans le monde entier. Ils \u00e9taient moins nombreux dans les ann\u00e9es 50 et 70 et ne sont pas destin\u00e9s \u00e0 l&#039;exportation. Ils sont tiss\u00e9s \u00e0 partir de laine fil\u00e9e \u00e0 la main et teints avec des colorants naturels.<\/p>\n<p data-start=\"374\" data-end=\"649\">Aghilas signifie fleur en berb\u00e8re. Ce tapis mesure 184 \u00d7 281 cm et est id\u00e9al pour \u00eatre plac\u00e9 sous une table \u00e0 manger, dans un coin de canap\u00e9 ou dans une pi\u00e8ce.<\/p>","protected":false},"featured_media":39280,"template":"","meta":{"inline_featured_image":false},"product_brand":[],"product_cat":[143,59],"product_tag":[],"class_list":{"0":"post-39278","1":"product","2":"type-product","3":"status-publish","4":"has-post-thumbnail","6":"product_cat-berbertaepper","7":"product_cat-marokkanske-taepper","9":"first","10":"instock","11":"taxable","12":"shipping-taxable","13":"purchasable","14":"product-type-simple"},"exclude_global_add_ons":[],"addons":[],"yoast_head":"<!-- This site is optimized with the Yoast SEO plugin v27.4 - https:\/\/yoast.com\/product\/yoast-seo-wordpress\/ -->\n<title>Berbert\u00e6ppe | Marokkansk t\u00e6ppe | Kig her lige nu!<\/title>\n<meta name=\"description\" content=\"\u00c6gte Vintage Berbert\u00e6ppe i rosa nuancer og unikt blomstermotiv. Regul\u00e6r st\u00f8rrelse som passer fint til et sofahj\u00f8rne. Helt unikt og kun hos Tibladin.\" \/>\n<meta name=\"robots\" content=\"index, follow, max-snippet:-1, max-image-preview:large, max-video-preview:-1\" \/>\n<link rel=\"canonical\" href=\"https:\/\/tibladin.dk\/fr\/produit-4\/tapis-berbere-vintage-184x281-cm-aghilas\/\" \/>\n<meta property=\"og:locale\" content=\"fr_FR\" \/>\n<meta property=\"og:type\" content=\"article\" \/>\n<meta property=\"og:title\" content=\"Berbert\u00e6ppe | Marokkansk t\u00e6ppe | Kig her lige nu!\" \/>\n<meta property=\"og:description\" content=\"\u00c6gte Vintage Berbert\u00e6ppe i rosa nuancer og unikt blomstermotiv. Regul\u00e6r st\u00f8rrelse som passer fint til et sofahj\u00f8rne. Helt unikt og kun hos Tibladin.\" \/>\n<meta property=\"og:url\" content=\"https:\/\/tibladin.dk\/fr\/produit-4\/tapis-berbere-vintage-184x281-cm-aghilas\/\" \/>\n<meta property=\"og:site_name\" content=\"Tibladin\" \/>\n<meta property=\"article:modified_time\" content=\"2026-02-26T13:33:39+00:00\" \/>\n<meta property=\"og:image\" content=\"https:\/\/tibladin.dk\/wp-content\/uploads\/2025\/08\/Vintage-taeppe_AGHILAS_3.jpg\" \/>\n\t<meta property=\"og:image:width\" content=\"800\" \/>\n\t<meta property=\"og:image:height\" content=\"800\" \/>\n\t<meta property=\"og:image:type\" content=\"image\/jpeg\" \/>\n<meta name=\"twitter:card\" content=\"summary_large_image\" \/>\n<meta name=\"twitter:label1\" content=\"Dur\u00e9e de lecture estim\u00e9e\" \/>\n\t<meta name=\"twitter:data1\" content=\"3 minutes\" \/>\n<script type=\"application\/ld+json\" class=\"yoast-schema-graph\">{\"@context\":\"https:\\\/\\\/schema.org\",\"@graph\":[{\"@type\":\"WebPage\",\"@id\":\"https:\\\/\\\/tibladin.dk\\\/produkt\\\/berbertaeppe-vintage-184x281-cm-aghilas\\\/\",\"url\":\"https:\\\/\\\/tibladin.dk\\\/produkt\\\/berbertaeppe-vintage-184x281-cm-aghilas\\\/\",\"name\":\"Berbert\u00e6ppe | Marokkansk t\u00e6ppe | Kig her lige nu!\",\"isPartOf\":{\"@id\":\"https:\\\/\\\/tibladin.dk\\\/#website\"},\"primaryImageOfPage\":{\"@id\":\"https:\\\/\\\/tibladin.dk\\\/produkt\\\/berbertaeppe-vintage-184x281-cm-aghilas\\\/#primaryimage\"},\"image\":{\"@id\":\"https:\\\/\\\/tibladin.dk\\\/produkt\\\/berbertaeppe-vintage-184x281-cm-aghilas\\\/#primaryimage\"},\"thumbnailUrl\":\"https:\\\/\\\/tibladin.dk\\\/wp-content\\\/uploads\\\/2025\\\/08\\\/Vintage-taeppe_AGHILAS_3.jpg\",\"datePublished\":\"2025-08-26T12:50:56+00:00\",\"dateModified\":\"2026-02-26T13:33:39+00:00\",\"description\":\"\u00c6gte Vintage Berbert\u00e6ppe i rosa nuancer og unikt blomstermotiv. Regul\u00e6r st\u00f8rrelse som passer fint til et sofahj\u00f8rne. Helt unikt og kun hos Tibladin.\",\"breadcrumb\":{\"@id\":\"https:\\\/\\\/tibladin.dk\\\/produkt\\\/berbertaeppe-vintage-184x281-cm-aghilas\\\/#breadcrumb\"},\"inLanguage\":\"fr-FR\",\"potentialAction\":[{\"@type\":\"ReadAction\",\"target\":[\"https:\\\/\\\/tibladin.dk\\\/produkt\\\/berbertaeppe-vintage-184x281-cm-aghilas\\\/\"]}]},{\"@type\":\"ImageObject\",\"inLanguage\":\"fr-FR\",\"@id\":\"https:\\\/\\\/tibladin.dk\\\/produkt\\\/berbertaeppe-vintage-184x281-cm-aghilas\\\/#primaryimage\",\"url\":\"https:\\\/\\\/tibladin.dk\\\/wp-content\\\/uploads\\\/2025\\\/08\\\/Vintage-taeppe_AGHILAS_3.jpg\",\"contentUrl\":\"https:\\\/\\\/tibladin.dk\\\/wp-content\\\/uploads\\\/2025\\\/08\\\/Vintage-taeppe_AGHILAS_3.jpg\",\"width\":800,\"height\":800,\"caption\":\"Vintage t\u00e6ppe_AGHILAS\"},{\"@type\":\"BreadcrumbList\",\"@id\":\"https:\\\/\\\/tibladin.dk\\\/produkt\\\/berbertaeppe-vintage-184x281-cm-aghilas\\\/#breadcrumb\",\"itemListElement\":[{\"@type\":\"ListItem\",\"position\":1,\"name\":\"Hjem\",\"item\":\"https:\\\/\\\/tibladin.dk\\\/\"},{\"@type\":\"ListItem\",\"position\":2,\"name\":\"Shop\",\"item\":\"https:\\\/\\\/tibladin.dk\\\/shop\\\/\"},{\"@type\":\"ListItem\",\"position\":3,\"name\":\"Berbert\u00e6ppe vintage 184&#215;281 cm. AGHILAS\"}]},{\"@type\":\"WebSite\",\"@id\":\"https:\\\/\\\/tibladin.dk\\\/#website\",\"url\":\"https:\\\/\\\/tibladin.dk\\\/\",\"name\":\"Tibladin\",\"description\":\"Tibladin\",\"publisher\":{\"@id\":\"https:\\\/\\\/tibladin.dk\\\/#organization\"},\"potentialAction\":[{\"@type\":\"SearchAction\",\"target\":{\"@type\":\"EntryPoint\",\"urlTemplate\":\"https:\\\/\\\/tibladin.dk\\\/?s={search_term_string}\"},\"query-input\":{\"@type\":\"PropertyValueSpecification\",\"valueRequired\":true,\"valueName\":\"search_term_string\"}}],\"inLanguage\":\"fr-FR\"},{\"@type\":\"Organization\",\"@id\":\"https:\\\/\\\/tibladin.dk\\\/#organization\",\"name\":\"Tibladin\",\"url\":\"https:\\\/\\\/tibladin.dk\\\/\",\"logo\":{\"@type\":\"ImageObject\",\"inLanguage\":\"fr-FR\",\"@id\":\"https:\\\/\\\/tibladin.dk\\\/#\\\/schema\\\/logo\\\/image\\\/\",\"url\":\"https:\\\/\\\/tibladin.dk\\\/wp-content\\\/uploads\\\/2022\\\/09\\\/tibladin_logo.svg\",\"contentUrl\":\"https:\\\/\\\/tibladin.dk\\\/wp-content\\\/uploads\\\/2022\\\/09\\\/tibladin_logo.svg\",\"caption\":\"Tibladin\"},\"image\":{\"@id\":\"https:\\\/\\\/tibladin.dk\\\/#\\\/schema\\\/logo\\\/image\\\/\"}}]}<\/script>\n<!-- \/ Yoast SEO plugin. -->","yoast_head_json":{"title":"Tapis berb\u00e8re | Tapis marocain | Regardez ici maintenant\u00a0!","description":"V\u00e9ritable tapis berb\u00e8re vintage aux tons roses et au motif floral unique. De taille standard, il trouvera parfaitement sa place dans un coin canap\u00e9. Unique en son genre, il est disponible en exclusivit\u00e9 chez Tibladin.","robots":{"index":"index","follow":"follow","max-snippet":"max-snippet:-1","max-image-preview":"max-image-preview:large","max-video-preview":"max-video-preview:-1"},"canonical":"https:\/\/tibladin.dk\/fr\/produit-4\/tapis-berbere-vintage-184x281-cm-aghilas\/","og_locale":"fr_FR","og_type":"article","og_title":"Berbert\u00e6ppe | Marokkansk t\u00e6ppe | Kig her lige nu!","og_description":"\u00c6gte Vintage Berbert\u00e6ppe i rosa nuancer og unikt blomstermotiv. Regul\u00e6r st\u00f8rrelse som passer fint til et sofahj\u00f8rne. Helt unikt og kun hos Tibladin.","og_url":"https:\/\/tibladin.dk\/fr\/produit-4\/tapis-berbere-vintage-184x281-cm-aghilas\/","og_site_name":"Tibladin","article_modified_time":"2026-02-26T13:33:39+00:00","og_image":[{"width":800,"height":800,"url":"https:\/\/tibladin.dk\/wp-content\/uploads\/2025\/08\/Vintage-taeppe_AGHILAS_3.jpg","type":"image\/jpeg"}],"twitter_card":"summary_large_image","twitter_misc":{"Dur\u00e9e de lecture estim\u00e9e":"3 minutes"},"schema":{"@context":"https:\/\/schema.org","@graph":[{"@type":"WebPage","@id":"https:\/\/tibladin.dk\/produkt\/berbertaeppe-vintage-184x281-cm-aghilas\/","url":"https:\/\/tibladin.dk\/produkt\/berbertaeppe-vintage-184x281-cm-aghilas\/","name":"Tapis berb\u00e8re | Tapis marocain | Regardez ici maintenant\u00a0!","isPartOf":{"@id":"https:\/\/tibladin.dk\/#website"},"primaryImageOfPage":{"@id":"https:\/\/tibladin.dk\/produkt\/berbertaeppe-vintage-184x281-cm-aghilas\/#primaryimage"},"image":{"@id":"https:\/\/tibladin.dk\/produkt\/berbertaeppe-vintage-184x281-cm-aghilas\/#primaryimage"},"thumbnailUrl":"https:\/\/tibladin.dk\/wp-content\/uploads\/2025\/08\/Vintage-taeppe_AGHILAS_3.jpg","datePublished":"2025-08-26T12:50:56+00:00","dateModified":"2026-02-26T13:33:39+00:00","description":"V\u00e9ritable tapis berb\u00e8re vintage aux tons roses et au motif floral unique. De taille standard, il trouvera parfaitement sa place dans un coin canap\u00e9. Unique en son genre, il est disponible en exclusivit\u00e9 chez Tibladin.","breadcrumb":{"@id":"https:\/\/tibladin.dk\/produkt\/berbertaeppe-vintage-184x281-cm-aghilas\/#breadcrumb"},"inLanguage":"fr-FR","potentialAction":[{"@type":"ReadAction","target":["https:\/\/tibladin.dk\/produkt\/berbertaeppe-vintage-184x281-cm-aghilas\/"]}]},{"@type":"ImageObject","inLanguage":"fr-FR","@id":"https:\/\/tibladin.dk\/produkt\/berbertaeppe-vintage-184x281-cm-aghilas\/#primaryimage","url":"https:\/\/tibladin.dk\/wp-content\/uploads\/2025\/08\/Vintage-taeppe_AGHILAS_3.jpg","contentUrl":"https:\/\/tibladin.dk\/wp-content\/uploads\/2025\/08\/Vintage-taeppe_AGHILAS_3.jpg","width":800,"height":800,"caption":"Vintage t\u00e6ppe_AGHILAS"},{"@type":"BreadcrumbList","@id":"https:\/\/tibladin.dk\/produkt\/berbertaeppe-vintage-184x281-cm-aghilas\/#breadcrumb","itemListElement":[{"@type":"ListItem","position":1,"name":"Hjem","item":"https:\/\/tibladin.dk\/"},{"@type":"ListItem","position":2,"name":"Shop","item":"https:\/\/tibladin.dk\/shop\/"},{"@type":"ListItem","position":3,"name":"Berbert\u00e6ppe vintage 184&#215;281 cm. AGHILAS"}]},{"@type":"WebSite","@id":"https:\/\/tibladin.dk\/#website","url":"https:\/\/tibladin.dk\/","name":"Tibladin","description":"Tibladin","publisher":{"@id":"https:\/\/tibladin.dk\/#organization"},"potentialAction":[{"@type":"SearchAction","target":{"@type":"EntryPoint","urlTemplate":"https:\/\/tibladin.dk\/?s={search_term_string}"},"query-input":{"@type":"PropertyValueSpecification","valueRequired":true,"valueName":"search_term_string"}}],"inLanguage":"fr-FR"},{"@type":"Organization","@id":"https:\/\/tibladin.dk\/#organization","name":"Tibladin","url":"https:\/\/tibladin.dk\/","logo":{"@type":"ImageObject","inLanguage":"fr-FR","@id":"https:\/\/tibladin.dk\/#\/schema\/logo\/image\/","url":"https:\/\/tibladin.dk\/wp-content\/uploads\/2022\/09\/tibladin_logo.svg","contentUrl":"https:\/\/tibladin.dk\/wp-content\/uploads\/2022\/09\/tibladin_logo.svg","caption":"Tibladin"},"image":{"@id":"https:\/\/tibladin.dk\/#\/schema\/logo\/image\/"}}]}},"_links":{"self":[{"href":"https:\/\/tibladin.dk\/fr\/wp-json\/wp\/v2\/product\/39278","targetHints":{"allow":["GET"]}}],"collection":[{"href":"https:\/\/tibladin.dk\/fr\/wp-json\/wp\/v2\/product"}],"about":[{"href":"https:\/\/tibladin.dk\/fr\/wp-json\/wp\/v2\/types\/product"}],"wp:featuredmedia":[{"embeddable":true,"href":"https:\/\/tibladin.dk\/fr\/wp-json\/wp\/v2\/media\/39280"}],"wp:attachment":[{"href":"https:\/\/tibladin.dk\/fr\/wp-json\/wp\/v2\/media?parent=39278"}],"wp:term":[{"taxonomy":"product_brand","embeddable":true,"href":"https:\/\/tibladin.dk\/fr\/wp-json\/wp\/v2\/product_brand?post=39278"},{"taxonomy":"product_cat","embeddable":true,"href":"https:\/\/tibladin.dk\/fr\/wp-json\/wp\/v2\/product_cat?post=39278"},{"taxonomy":"product_tag","embeddable":true,"href":"https:\/\/tibladin.dk\/fr\/wp-json\/wp\/v2\/product_tag?post=39278"}],"curies":[{"name":"wp","href":"https:\/\/api.w.org\/{rel}","templated":true}]}}