{"id":39282,"date":"2025-08-26T15:20:00","date_gmt":"2025-08-26T13:20:00","guid":{"rendered":"https:\/\/tibladin.dk\/?post_type=product&#038;p=39282"},"modified":"2026-02-06T18:48:38","modified_gmt":"2026-02-06T17:48:38","slug":"tapis-berbere-vintage-185x310cm-ceinture-de-glace","status":"publish","type":"product","link":"https:\/\/tibladin.dk\/fr\/produkt\/berbertaeppe-vintage-185x310cm-asirem\/","title":{"rendered":"Tapis berb\u00e8re vintage 185x310cm. ASIREM"},"content":{"rendered":"<div class=\"wpb-content-wrapper\"><div class=\"vc_row wpb_row vc_row-fluid\"><div class=\"wpb_column vc_column_container vc_col-sm-12\"><div class=\"vc_column-inner\"><div class=\"wpb_wrapper\">\n\t<div class=\"wpb_text_column wpb_content_element\" >\n\t\t<div class=\"wpb_wrapper\">\n\t\t\t<p>!<\/p>\n\n\t\t<\/div>\n\t<\/div>\n<\/div><\/div><\/div><\/div><div class=\"vc_row wpb_row vc_row-fluid\"><div class=\"wpb_column vc_column_container vc_col-sm-4\"><div class=\"vc_column-inner\"><div class=\"wpb_wrapper\"><\/div><\/div><\/div><div class=\"wpb_column vc_column_container vc_col-sm-4\"><div class=\"vc_column-inner\"><div class=\"wpb_wrapper\"><h3 style=\"text-align: left\" class=\"vc_custom_heading vc_do_custom_heading\" >Entretien des tapis Beni Mguild<\/h3>\n\t<div class=\"wpb_text_column wpb_content_element\" >\n\t\t<div class=\"wpb_wrapper\">\n\t\t\t<p>Passez r\u00e9guli\u00e8rement l&#039;aspirateur sur le tapis berb\u00e8re, sortez-le dehors et secouez-le de temps en temps. Les taches sont \u00e9limin\u00e9es en absorbant la tache le plus rapidement possible avec un chiffon puis en tamponnant la tache avec un chiffon humide. Le tapis est en pure laine 100% % et est naturellement recouvert de lanoline sur chaque fibre, ce qui signifie que les taches ne p\u00e9n\u00e8trent pas dans le tapis. Si nous avons la chance d&#039;avoir de la neige un hiver au Danemark, \u00e9tendons enfin notre couverture dans la neige blanche. Cela nettoiera le tapis en profondeur \u2013 de mani\u00e8re totalement naturelle.<\/p>\n\n\t\t<\/div>\n\t<\/div>\n<\/div><\/div><\/div><div class=\"wpb_column vc_column_container vc_col-sm-4\"><div class=\"vc_column-inner\"><div class=\"wpb_wrapper\"><h3 style=\"text-align: left\" class=\"vc_custom_heading vc_do_custom_heading\" >L&#039;histoire des tapis Beni Mguild<\/h3>\n\t<div class=\"wpb_text_column wpb_content_element\" >\n\t\t<div class=\"wpb_wrapper\">\n\t\t\t<h3 data-start=\"160\" data-end=\"191\"><strong data-start=\"167\" data-end=\"191\">Origine et r\u00e9gion<\/strong><\/h3>\n<ul data-start=\"192\" data-end=\"439\">\n<li data-start=\"192\" data-end=\"314\">\n<p data-start=\"194\" data-end=\"314\">La tribu Beni Mguild appartient \u00e0 <strong data-start=\"226\" data-end=\"250\">Moyen Atlas<\/strong>, surtout autour des villes <strong data-start=\"272\" data-end=\"291\">Azrou et Boujad<\/strong> dans la r\u00e9gion de Kh\u00e9nifra.<\/p>\n<\/li>\n<li data-start=\"315\" data-end=\"439\">\n<p data-start=\"317\" data-end=\"439\">La r\u00e9gion est montagneuse et froide, ce qui a influenc\u00e9 le style des couvertures : elles \u00e9taient con\u00e7ues pour conserver la chaleur pendant les hivers rigoureux.<\/p>\n<\/li>\n<\/ul>\n<hr data-start=\"441\" data-end=\"444\" \/>\n<h3 data-start=\"446\" data-end=\"489\"><strong data-start=\"453\" data-end=\"489\">Caract\u00e9ristiques des tapis Beni Mguild<\/strong><\/h3>\n<ul data-start=\"490\" data-end=\"965\">\n<li data-start=\"490\" data-end=\"650\">\n<p data-start=\"492\" data-end=\"650\"><strong data-start=\"492\" data-end=\"503\">Couleurs:<\/strong> Des nuances souvent profondes et sombres \u2013 en particulier <strong data-start=\"538\" data-end=\"582\">bleu indigo, rouge, marron, violet et bordeaux<\/strong>Le bleu fonc\u00e9 (indigo) est presque une caract\u00e9ristique distinctive de Beni Mguild.<\/p>\n<\/li>\n<li data-start=\"651\" data-end=\"761\">\n<p data-start=\"653\" data-end=\"761\"><strong data-start=\"653\" data-end=\"665\">Motifs:<\/strong> Classique <strong data-start=\"676\" data-end=\"694\">motifs de diamant<\/strong> en r\u00e9p\u00e9titions, mais plus dense et plus \u00ab plein \u00bb que, par exemple, Beni Ourain.<\/p>\n<\/li>\n<li data-start=\"762\" data-end=\"851\">\n<p data-start=\"764\" data-end=\"851\"><strong data-start=\"764\" data-end=\"776\">Texture:<\/strong> Couvertures en laine \u00e9paisses, solides et lourdes \u2013 parfaites pour le froid des montagnes.<\/p>\n<\/li>\n<li data-start=\"852\" data-end=\"965\">\n<p data-start=\"854\" data-end=\"965\"><strong data-start=\"854\" data-end=\"865\">Patine:<\/strong> De nombreux Beni Mguild vintage pr\u00e9sentent une belle surface d\u00e9lav\u00e9e, o\u00f9 les couleurs se sont adoucies avec le temps.<\/p>\n<\/li>\n<\/ul>\n<hr data-start=\"967\" data-end=\"970\" \/>\n<h3 data-start=\"972\" data-end=\"991\"><strong data-start=\"979\" data-end=\"991\">Symbolisme<\/strong><\/h3>\n<p data-start=\"992\" data-end=\"1052\">Comme pour les autres tribus berb\u00e8res, les motifs ne sont pas al\u00e9atoires :<\/p>\n<ul data-start=\"1053\" data-end=\"1240\">\n<li data-start=\"1053\" data-end=\"1134\">\n<p data-start=\"1055\" data-end=\"1134\"><strong data-start=\"1055\" data-end=\"1077\">Diamants et croix<\/strong> symbolise la protection, la fertilit\u00e9 et la f\u00e9minit\u00e9.<\/p>\n<\/li>\n<li data-start=\"1135\" data-end=\"1240\">\n<p data-start=\"1137\" data-end=\"1240\">Les formes r\u00e9p\u00e9titives peuvent \u00eatre consid\u00e9r\u00e9es comme un r\u00e9cit sur le voyage de la vie, le cycle de la nature et les croyances spirituelles des tribus.<\/p>\n<\/li>\n<\/ul>\n\n\t\t<\/div>\n\t<\/div>\n<\/div><\/div><\/div><\/div>\n<\/div>","protected":false},"excerpt":{"rendered":"<p data-start=\"0\" data-end=\"114\">C&#039;est impressionnant <strong data-start=\"26\" data-end=\"49\">tapis berb\u00e8re vintage BENI MAGHIL \u00e9crit aussi BENI Mguild<\/strong>\u00a0sur <strong data-start=\"53\" data-end=\"67\">185\u00d7310 cm<\/strong>, et cela porte vraiment une histoire forte.<\/p>\n<p data-start=\"116\" data-end=\"407\">Le tapis est tiss\u00e9 selon un motif de losanges d\u00e9taill\u00e9, o\u00f9 les formes g\u00e9om\u00e9triques r\u00e9p\u00e9t\u00e9es cr\u00e9ent un rythme presque hypnotique. Les couleurs sont joliment d\u00e9grad\u00e9es, avec des nuances de gris, de bleu, de beige et une touche de rouge rouille au centre. La patine conf\u00e8re au tapis un caract\u00e8re vibrant que seules des d\u00e9cennies d&#039;utilisation peuvent lui donner.<\/p>\n<ul data-start=\"192\" data-end=\"439\">\n<li data-start=\"192\" data-end=\"314\">\n<p data-start=\"194\" data-end=\"314\">La tribu Beni Mguild appartient \u00e0 <strong data-start=\"226\" data-end=\"250\">Moyen Atlas<\/strong>, surtout autour des villes <strong data-start=\"272\" data-end=\"291\">Azrou et Boujad<\/strong> dans la r\u00e9gion de Kh\u00e9nifra.<\/p>\n<\/li>\n<li data-start=\"315\" data-end=\"439\">\n<p data-start=\"317\" data-end=\"439\">La r\u00e9gion est montagneuse et froide, ce qui a influenc\u00e9 le style des couvertures : elles \u00e9taient con\u00e7ues pour conserver la chaleur pendant les hivers rigoureux.<\/p>\n<\/li>\n<\/ul>\n<p data-start=\"409\" data-end=\"734\">C&#039;est un exemple classique de la fa\u00e7on dont les femmes berb\u00e8res allient art et fonctionnalit\u00e9\u00a0: les motifs s&#039;inspirent du symbolisme de la protection, de la vie et de l&#039;\u00e9quilibre, tout en \u00e9tant \u00e9l\u00e9gants et modernes. Gr\u00e2ce \u00e0 ses dimensions, ce tapis est id\u00e9al pour un grand salon ou une salle \u00e0 manger, o\u00f9 il peut devenir une pi\u00e8ce ma\u00eetresse remarquable.<\/p>\n<p data-start=\"409\" data-end=\"734\">ASRIEM signifie espoir en berb\u00e8re.<\/p>","protected":false},"featured_media":39290,"template":"","meta":{"inline_featured_image":false},"product_brand":[],"product_cat":[143,59],"product_tag":[],"class_list":{"0":"post-39282","1":"product","2":"type-product","3":"status-publish","4":"has-post-thumbnail","6":"product_cat-berbertaepper","7":"product_cat-marokkanske-taepper","9":"first","10":"instock","11":"taxable","12":"shipping-taxable","13":"purchasable","14":"product-type-simple"},"exclude_global_add_ons":[],"addons":[],"yoast_head":"<!-- This site is optimized with the Yoast SEO plugin v27.4 - https:\/\/yoast.com\/product\/yoast-seo-wordpress\/ -->\n<title>Berbert\u00e6ppe | Marokkansk t\u00e6ppe | Kig her lige nu!<\/title>\n<meta name=\"description\" content=\"\u00c6gte Vintage Berbert\u00e6ppe i rolige bl\u00e5, gr\u00e5 og beige nuancer. Et stort dejligt t\u00e6ppe med masser af historie og karakter. Se det hos Tibladin.\" \/>\n<meta name=\"robots\" content=\"index, follow, max-snippet:-1, max-image-preview:large, max-video-preview:-1\" \/>\n<link rel=\"canonical\" href=\"https:\/\/tibladin.dk\/fr\/produit-4\/tapis-berbere-vintage-185x310cm-ceinture-de-glace\/\" \/>\n<meta property=\"og:locale\" content=\"fr_FR\" \/>\n<meta property=\"og:type\" content=\"article\" \/>\n<meta property=\"og:title\" content=\"Berbert\u00e6ppe | Marokkansk t\u00e6ppe | Kig her lige nu!\" \/>\n<meta property=\"og:description\" content=\"\u00c6gte Vintage Berbert\u00e6ppe i rolige bl\u00e5, gr\u00e5 og beige nuancer. Et stort dejligt t\u00e6ppe med masser af historie og karakter. Se det hos Tibladin.\" \/>\n<meta property=\"og:url\" content=\"https:\/\/tibladin.dk\/fr\/produit-4\/tapis-berbere-vintage-185x310cm-ceinture-de-glace\/\" \/>\n<meta property=\"og:site_name\" content=\"Tibladin\" \/>\n<meta property=\"article:modified_time\" content=\"2026-02-06T17:48:38+00:00\" \/>\n<meta property=\"og:image\" content=\"https:\/\/tibladin.dk\/wp-content\/uploads\/2025\/08\/Berbertaeppe_ASIREM_9.jpg\" \/>\n\t<meta property=\"og:image:width\" content=\"800\" \/>\n\t<meta property=\"og:image:height\" content=\"800\" \/>\n\t<meta property=\"og:image:type\" content=\"image\/jpeg\" \/>\n<meta name=\"twitter:card\" content=\"summary_large_image\" \/>\n<meta name=\"twitter:label1\" content=\"Dur\u00e9e de lecture estim\u00e9e\" \/>\n\t<meta name=\"twitter:data1\" content=\"2 minutes\" \/>\n<script type=\"application\/ld+json\" class=\"yoast-schema-graph\">{\"@context\":\"https:\\\/\\\/schema.org\",\"@graph\":[{\"@type\":\"WebPage\",\"@id\":\"https:\\\/\\\/tibladin.dk\\\/produkt\\\/berbertaeppe-vintage-185x310cm-asirem\\\/\",\"url\":\"https:\\\/\\\/tibladin.dk\\\/produkt\\\/berbertaeppe-vintage-185x310cm-asirem\\\/\",\"name\":\"Berbert\u00e6ppe | Marokkansk t\u00e6ppe | Kig her lige nu!\",\"isPartOf\":{\"@id\":\"https:\\\/\\\/tibladin.dk\\\/#website\"},\"primaryImageOfPage\":{\"@id\":\"https:\\\/\\\/tibladin.dk\\\/produkt\\\/berbertaeppe-vintage-185x310cm-asirem\\\/#primaryimage\"},\"image\":{\"@id\":\"https:\\\/\\\/tibladin.dk\\\/produkt\\\/berbertaeppe-vintage-185x310cm-asirem\\\/#primaryimage\"},\"thumbnailUrl\":\"https:\\\/\\\/tibladin.dk\\\/wp-content\\\/uploads\\\/2025\\\/08\\\/Berbertaeppe_ASIREM_9.jpg\",\"datePublished\":\"2025-08-26T13:20:00+00:00\",\"dateModified\":\"2026-02-06T17:48:38+00:00\",\"description\":\"\u00c6gte Vintage Berbert\u00e6ppe i rolige bl\u00e5, gr\u00e5 og beige nuancer. Et stort dejligt t\u00e6ppe med masser af historie og karakter. Se det hos Tibladin.\",\"breadcrumb\":{\"@id\":\"https:\\\/\\\/tibladin.dk\\\/produkt\\\/berbertaeppe-vintage-185x310cm-asirem\\\/#breadcrumb\"},\"inLanguage\":\"fr-FR\",\"potentialAction\":[{\"@type\":\"ReadAction\",\"target\":[\"https:\\\/\\\/tibladin.dk\\\/produkt\\\/berbertaeppe-vintage-185x310cm-asirem\\\/\"]}]},{\"@type\":\"ImageObject\",\"inLanguage\":\"fr-FR\",\"@id\":\"https:\\\/\\\/tibladin.dk\\\/produkt\\\/berbertaeppe-vintage-185x310cm-asirem\\\/#primaryimage\",\"url\":\"https:\\\/\\\/tibladin.dk\\\/wp-content\\\/uploads\\\/2025\\\/08\\\/Berbertaeppe_ASIREM_9.jpg\",\"contentUrl\":\"https:\\\/\\\/tibladin.dk\\\/wp-content\\\/uploads\\\/2025\\\/08\\\/Berbertaeppe_ASIREM_9.jpg\",\"width\":800,\"height\":800,\"caption\":\"Berbert\u00e6ppe_ASIREM\"},{\"@type\":\"BreadcrumbList\",\"@id\":\"https:\\\/\\\/tibladin.dk\\\/produkt\\\/berbertaeppe-vintage-185x310cm-asirem\\\/#breadcrumb\",\"itemListElement\":[{\"@type\":\"ListItem\",\"position\":1,\"name\":\"Hjem\",\"item\":\"https:\\\/\\\/tibladin.dk\\\/\"},{\"@type\":\"ListItem\",\"position\":2,\"name\":\"Shop\",\"item\":\"https:\\\/\\\/tibladin.dk\\\/shop\\\/\"},{\"@type\":\"ListItem\",\"position\":3,\"name\":\"Berbert\u00e6ppe vintage 185x310cm. ASIREM\"}]},{\"@type\":\"WebSite\",\"@id\":\"https:\\\/\\\/tibladin.dk\\\/#website\",\"url\":\"https:\\\/\\\/tibladin.dk\\\/\",\"name\":\"Tibladin\",\"description\":\"Tibladin\",\"publisher\":{\"@id\":\"https:\\\/\\\/tibladin.dk\\\/#organization\"},\"potentialAction\":[{\"@type\":\"SearchAction\",\"target\":{\"@type\":\"EntryPoint\",\"urlTemplate\":\"https:\\\/\\\/tibladin.dk\\\/?s={search_term_string}\"},\"query-input\":{\"@type\":\"PropertyValueSpecification\",\"valueRequired\":true,\"valueName\":\"search_term_string\"}}],\"inLanguage\":\"fr-FR\"},{\"@type\":\"Organization\",\"@id\":\"https:\\\/\\\/tibladin.dk\\\/#organization\",\"name\":\"Tibladin\",\"url\":\"https:\\\/\\\/tibladin.dk\\\/\",\"logo\":{\"@type\":\"ImageObject\",\"inLanguage\":\"fr-FR\",\"@id\":\"https:\\\/\\\/tibladin.dk\\\/#\\\/schema\\\/logo\\\/image\\\/\",\"url\":\"https:\\\/\\\/tibladin.dk\\\/wp-content\\\/uploads\\\/2022\\\/09\\\/tibladin_logo.svg\",\"contentUrl\":\"https:\\\/\\\/tibladin.dk\\\/wp-content\\\/uploads\\\/2022\\\/09\\\/tibladin_logo.svg\",\"caption\":\"Tibladin\"},\"image\":{\"@id\":\"https:\\\/\\\/tibladin.dk\\\/#\\\/schema\\\/logo\\\/image\\\/\"}}]}<\/script>\n<!-- \/ Yoast SEO plugin. -->","yoast_head_json":{"title":"Tapis berb\u00e8re | Tapis marocain | Regardez ici maintenant\u00a0!","description":"V\u00e9ritable tapis berb\u00e8re vintage aux tons apaisants de bleu, gris et beige. Un grand et beau tapis charg\u00e9 d&#039;histoire et de caract\u00e8re. \u00c0 d\u00e9couvrir chez Tibladin.","robots":{"index":"index","follow":"follow","max-snippet":"max-snippet:-1","max-image-preview":"max-image-preview:large","max-video-preview":"max-video-preview:-1"},"canonical":"https:\/\/tibladin.dk\/fr\/produit-4\/tapis-berbere-vintage-185x310cm-ceinture-de-glace\/","og_locale":"fr_FR","og_type":"article","og_title":"Berbert\u00e6ppe | Marokkansk t\u00e6ppe | Kig her lige nu!","og_description":"\u00c6gte Vintage Berbert\u00e6ppe i rolige bl\u00e5, gr\u00e5 og beige nuancer. Et stort dejligt t\u00e6ppe med masser af historie og karakter. Se det hos Tibladin.","og_url":"https:\/\/tibladin.dk\/fr\/produit-4\/tapis-berbere-vintage-185x310cm-ceinture-de-glace\/","og_site_name":"Tibladin","article_modified_time":"2026-02-06T17:48:38+00:00","og_image":[{"width":800,"height":800,"url":"https:\/\/tibladin.dk\/wp-content\/uploads\/2025\/08\/Berbertaeppe_ASIREM_9.jpg","type":"image\/jpeg"}],"twitter_card":"summary_large_image","twitter_misc":{"Dur\u00e9e de lecture estim\u00e9e":"2 minutes"},"schema":{"@context":"https:\/\/schema.org","@graph":[{"@type":"WebPage","@id":"https:\/\/tibladin.dk\/produkt\/berbertaeppe-vintage-185x310cm-asirem\/","url":"https:\/\/tibladin.dk\/produkt\/berbertaeppe-vintage-185x310cm-asirem\/","name":"Tapis berb\u00e8re | Tapis marocain | Regardez ici maintenant\u00a0!","isPartOf":{"@id":"https:\/\/tibladin.dk\/#website"},"primaryImageOfPage":{"@id":"https:\/\/tibladin.dk\/produkt\/berbertaeppe-vintage-185x310cm-asirem\/#primaryimage"},"image":{"@id":"https:\/\/tibladin.dk\/produkt\/berbertaeppe-vintage-185x310cm-asirem\/#primaryimage"},"thumbnailUrl":"https:\/\/tibladin.dk\/wp-content\/uploads\/2025\/08\/Berbertaeppe_ASIREM_9.jpg","datePublished":"2025-08-26T13:20:00+00:00","dateModified":"2026-02-06T17:48:38+00:00","description":"V\u00e9ritable tapis berb\u00e8re vintage aux tons apaisants de bleu, gris et beige. Un grand et beau tapis charg\u00e9 d&#039;histoire et de caract\u00e8re. \u00c0 d\u00e9couvrir chez Tibladin.","breadcrumb":{"@id":"https:\/\/tibladin.dk\/produkt\/berbertaeppe-vintage-185x310cm-asirem\/#breadcrumb"},"inLanguage":"fr-FR","potentialAction":[{"@type":"ReadAction","target":["https:\/\/tibladin.dk\/produkt\/berbertaeppe-vintage-185x310cm-asirem\/"]}]},{"@type":"ImageObject","inLanguage":"fr-FR","@id":"https:\/\/tibladin.dk\/produkt\/berbertaeppe-vintage-185x310cm-asirem\/#primaryimage","url":"https:\/\/tibladin.dk\/wp-content\/uploads\/2025\/08\/Berbertaeppe_ASIREM_9.jpg","contentUrl":"https:\/\/tibladin.dk\/wp-content\/uploads\/2025\/08\/Berbertaeppe_ASIREM_9.jpg","width":800,"height":800,"caption":"Berbert\u00e6ppe_ASIREM"},{"@type":"BreadcrumbList","@id":"https:\/\/tibladin.dk\/produkt\/berbertaeppe-vintage-185x310cm-asirem\/#breadcrumb","itemListElement":[{"@type":"ListItem","position":1,"name":"Hjem","item":"https:\/\/tibladin.dk\/"},{"@type":"ListItem","position":2,"name":"Shop","item":"https:\/\/tibladin.dk\/shop\/"},{"@type":"ListItem","position":3,"name":"Berbert\u00e6ppe vintage 185x310cm. ASIREM"}]},{"@type":"WebSite","@id":"https:\/\/tibladin.dk\/#website","url":"https:\/\/tibladin.dk\/","name":"Tibladin","description":"Tibladin","publisher":{"@id":"https:\/\/tibladin.dk\/#organization"},"potentialAction":[{"@type":"SearchAction","target":{"@type":"EntryPoint","urlTemplate":"https:\/\/tibladin.dk\/?s={search_term_string}"},"query-input":{"@type":"PropertyValueSpecification","valueRequired":true,"valueName":"search_term_string"}}],"inLanguage":"fr-FR"},{"@type":"Organization","@id":"https:\/\/tibladin.dk\/#organization","name":"Tibladin","url":"https:\/\/tibladin.dk\/","logo":{"@type":"ImageObject","inLanguage":"fr-FR","@id":"https:\/\/tibladin.dk\/#\/schema\/logo\/image\/","url":"https:\/\/tibladin.dk\/wp-content\/uploads\/2022\/09\/tibladin_logo.svg","contentUrl":"https:\/\/tibladin.dk\/wp-content\/uploads\/2022\/09\/tibladin_logo.svg","caption":"Tibladin"},"image":{"@id":"https:\/\/tibladin.dk\/#\/schema\/logo\/image\/"}}]}},"_links":{"self":[{"href":"https:\/\/tibladin.dk\/fr\/wp-json\/wp\/v2\/product\/39282","targetHints":{"allow":["GET"]}}],"collection":[{"href":"https:\/\/tibladin.dk\/fr\/wp-json\/wp\/v2\/product"}],"about":[{"href":"https:\/\/tibladin.dk\/fr\/wp-json\/wp\/v2\/types\/product"}],"wp:featuredmedia":[{"embeddable":true,"href":"https:\/\/tibladin.dk\/fr\/wp-json\/wp\/v2\/media\/39290"}],"wp:attachment":[{"href":"https:\/\/tibladin.dk\/fr\/wp-json\/wp\/v2\/media?parent=39282"}],"wp:term":[{"taxonomy":"product_brand","embeddable":true,"href":"https:\/\/tibladin.dk\/fr\/wp-json\/wp\/v2\/product_brand?post=39282"},{"taxonomy":"product_cat","embeddable":true,"href":"https:\/\/tibladin.dk\/fr\/wp-json\/wp\/v2\/product_cat?post=39282"},{"taxonomy":"product_tag","embeddable":true,"href":"https:\/\/tibladin.dk\/fr\/wp-json\/wp\/v2\/product_tag?post=39282"}],"curies":[{"name":"wp","href":"https:\/\/api.w.org\/{rel}","templated":true}]}}