{"id":39722,"date":"2025-09-12T16:01:53","date_gmt":"2025-09-12T14:01:53","guid":{"rendered":"https:\/\/tibladin.dk\/?post_type=product&#038;p=39722"},"modified":"2026-04-04T13:47:08","modified_gmt":"2026-04-04T11:47:08","slug":"tapis-berbere-vintage-80x290-cm-tislit","status":"publish","type":"product","link":"https:\/\/tibladin.dk\/fr\/produkt\/berbertaeppe-vintage-80x290-cm-tislit\/","title":{"rendered":"Tapis berb\u00e8re vintage 80\u00d7290 cm. \u2013 TISLIT"},"content":{"rendered":"<div class=\"wpb-content-wrapper\"><div class=\"vc_row wpb_row vc_row-fluid\"><div class=\"wpb_column vc_column_container vc_col-sm-12\"><div class=\"vc_column-inner\"><div class=\"wpb_wrapper\">\n\t<div class=\"wpb_text_column wpb_content_element\" >\n\t\t<div class=\"wpb_wrapper\">\n\t\t\t<p>!<\/p>\n\n\t\t<\/div>\n\t<\/div>\n<\/div><\/div><\/div><\/div><div class=\"vc_row wpb_row vc_row-fluid\"><div class=\"wpb_column vc_column_container vc_col-sm-4\"><div class=\"vc_column-inner\"><div class=\"wpb_wrapper\"><\/div><\/div><\/div><div class=\"wpb_column vc_column_container vc_col-sm-4\"><div class=\"vc_column-inner\"><div class=\"wpb_wrapper\"><h3 style=\"text-align: left\" class=\"vc_custom_heading vc_do_custom_heading\" >Entretien des tapis Boujaad<\/h3>\n\t<div class=\"wpb_text_column wpb_content_element\" >\n\t\t<div class=\"wpb_wrapper\">\n\t\t\t<h2 data-start=\"1275\" data-end=\"1316\">Entretien des tapis Boujaad<\/h2>\n<p data-start=\"1318\" data-end=\"1433\">Bien que les tapis Boujaad soient robustes, leurs couleurs vives et leur tissage fin sont mieux pr\u00e9serv\u00e9s avec un peu de soin suppl\u00e9mentaire :<\/p>\n<ol data-start=\"1435\" data-end=\"2308\">\n<li data-start=\"1435\" data-end=\"1634\">\n<p data-start=\"1438\" data-end=\"1455\"><strong data-start=\"1438\" data-end=\"1453\">Passer l&#039;aspirateur<\/strong><\/p>\n<ul data-start=\"1459\" data-end=\"1634\">\n<li data-start=\"1459\" data-end=\"1534\">\n<p data-start=\"1461\" data-end=\"1534\">Passez l&#039;aspirateur r\u00e9guli\u00e8rement, mais utilisez une aspiration faible et de pr\u00e9f\u00e9rence sans brosse rotative.<\/p>\n<\/li>\n<li data-start=\"1538\" data-end=\"1634\">\n<p data-start=\"1540\" data-end=\"1634\">Passez l\u2019aspirateur des deux c\u00f4t\u00e9s plusieurs fois par an pour \u00e9liminer la poussi\u00e8re qui se trouve en profondeur dans le tissage.<\/p>\n<\/li>\n<\/ul>\n<\/li>\n<li data-start=\"1636\" data-end=\"1778\">\n<p data-start=\"1639\" data-end=\"1655\"><strong data-start=\"1639\" data-end=\"1653\">Ventilation<\/strong><\/p>\n<ul data-start=\"1659\" data-end=\"1778\">\n<li data-start=\"1659\" data-end=\"1778\">\n<p data-start=\"1661\" data-end=\"1778\">A\u00e9rez le tapis plusieurs fois par an, de pr\u00e9f\u00e9rence dans un endroit sec et ensoleill\u00e9, mais \u00e9vitez le fort soleil de midi, car les couleurs pourraient s&#039;estomper.<\/p>\n<\/li>\n<\/ul>\n<\/li>\n<li data-start=\"1780\" data-end=\"1920\">\n<p data-start=\"1783\" data-end=\"1801\"><strong data-start=\"1783\" data-end=\"1799\">D\u00e9tachage<\/strong><\/p>\n<ul data-start=\"1805\" data-end=\"1920\">\n<li data-start=\"1805\" data-end=\"1920\">\n<p data-start=\"1807\" data-end=\"1920\">\u00c9liminez les taches imm\u00e9diatement. Tamponnez d\u00e9licatement avec un chiffon humide et utilisez un savon doux pour laine si n\u00e9cessaire. \u00c9vitez de frotter trop fort.<\/p>\n<\/li>\n<\/ul>\n<\/li>\n<li data-start=\"1922\" data-end=\"2060\">\n<p data-start=\"1925\" data-end=\"1948\"><strong data-start=\"1925\" data-end=\"1946\">Lavage professionnel<\/strong><\/p>\n<ul data-start=\"1952\" data-end=\"2060\">\n<li data-start=\"1952\" data-end=\"2060\">\n<p data-start=\"1954\" data-end=\"2060\">Faites nettoyer le tapis par un professionnel tous les 3 \u00e0 5 ans dans un pressing exp\u00e9riment\u00e9 dans les tapis en laine faits main.<\/p>\n<\/li>\n<\/ul>\n<\/li>\n<li data-start=\"2062\" data-end=\"2159\">\n<p data-start=\"2065\" data-end=\"2079\"><strong data-start=\"2065\" data-end=\"2077\">Rotation<\/strong><\/p>\n<ul data-start=\"2083\" data-end=\"2159\">\n<li data-start=\"2083\" data-end=\"2159\">\n<p data-start=\"2085\" data-end=\"2159\">Retournez le tapis plusieurs fois par an afin que l\u2019usure et la d\u00e9coloration du soleil soient r\u00e9parties uniform\u00e9ment.<\/p>\n<\/li>\n<\/ul>\n<\/li>\n<\/ol>\n\n\t\t<\/div>\n\t<\/div>\n<\/div><\/div><\/div><div class=\"wpb_column vc_column_container vc_col-sm-4\"><div class=\"vc_column-inner\"><div class=\"wpb_wrapper\"><h3 style=\"text-align: left\" class=\"vc_custom_heading vc_do_custom_heading\" >L&#039;histoire des tapis de Taznakt<\/h3>\n\t<div class=\"wpb_text_column wpb_content_element\" >\n\t\t<div class=\"wpb_wrapper\">\n\t\t\t<h2 data-start=\"193\" data-end=\"229\">L&#039;histoire des tapis Boujaad<\/h2>\n<p data-start=\"231\" data-end=\"393\">Les tapis Boujaad sont originaires de <strong data-start=\"258\" data-end=\"276\">R\u00e9gion du Haouz<\/strong> au centre du Maroc, pr\u00e8s de la ville de Boujaad, et est connu pour certains des tapis berb\u00e8res les plus color\u00e9s et les plus artistiques.<\/p>\n<p data-start=\"395\" data-end=\"661\">Ils \u00e9taient traditionnellement tiss\u00e9s par les femmes berb\u00e8res dans le cadre de leur <strong data-start=\"459\" data-end=\"470\">dot<\/strong> \u2013 une sorte de journal intime visuel, dans lequel la tisseuse int\u00e8gre des symboles d&#039;amour, de fertilit\u00e9, de protection et du cycle de la vie. Chaque tapis Boujaad est ainsi unique et charg\u00e9 d&#039;histoire personnelle.<\/p>\n<p data-start=\"663\" data-end=\"696\">Les tapis Boujaad se caract\u00e9risent par :<\/p>\n<ul data-start=\"698\" data-end=\"1025\">\n<li data-start=\"698\" data-end=\"800\">\n<p data-start=\"700\" data-end=\"800\"><strong data-start=\"700\" data-end=\"718\">Couleurs vibrantes<\/strong> \u2013 souvent dans des tons de rose, d\u2019orange, de rouge et de bleu, cr\u00e9\u00e9s avec des colorants v\u00e9g\u00e9taux naturels.<\/p>\n<\/li>\n<li data-start=\"801\" data-end=\"916\">\n<p data-start=\"803\" data-end=\"916\"><strong data-start=\"803\" data-end=\"829\">Mod\u00e8les cr\u00e9atifs et gratuits<\/strong> \u2013 Aucun tapis ne se ressemble. Ils peuvent \u00eatre g\u00e9om\u00e9triques, abstraits ou presque picturaux.<\/p>\n<\/li>\n<li data-start=\"917\" data-end=\"1025\">\n<p data-start=\"919\" data-end=\"1025\"><strong data-start=\"919\" data-end=\"946\">Poils doux et l\u00e9g\u00e8rement plus courts<\/strong> que Beni Ouarain et Beni Mguild, ce qui leur conf\u00e8re une expression l\u00e9g\u00e8re et souple.<\/p>\n<\/li>\n<\/ul>\n<p data-start=\"1027\" data-end=\"1268\">Aujourd&#039;hui, les tapis Boujaad sont tr\u00e8s appr\u00e9ci\u00e9s des designers et des collectionneurs car ils combinent <strong data-start=\"1108\" data-end=\"1130\">boh\u00e8me-color\u00e9<\/strong> Avec un savoir-faire authentique, ils peuvent aussi bien servir de pi\u00e8ces ma\u00eetresses dans les maisons modernes que d&#039;\u00e9l\u00e9ments chaleureux et \u00e9mouvants dans les int\u00e9rieurs classiques.<\/p>\n\n\t\t<\/div>\n\t<\/div>\n<\/div><\/div><\/div><\/div>\n<\/div>","protected":false},"excerpt":{"rendered":"<p data-start=\"382\" data-end=\"432\"><strong data-start=\"384\" data-end=\"428\">Tislit \u2013 Tapis de couloir Boujaad vintage 80\u00d7290 cm<\/strong><\/p>\n<p data-start=\"434\" data-end=\"625\">Cette belle <strong data-start=\"447\" data-end=\"464\">Tapis Boujaad<\/strong> est tiss\u00e9 \u00e0 la main dans la r\u00e9gion du Haouz pr\u00e8s de la ville de Boujaad au Maroc et mesure <strong data-start=\"531\" data-end=\"544\">80\u00d7290cm<\/strong> \u2013 parfait comme tapis de couloir, de cuisine ou comme \u00e9l\u00e9ment color\u00e9 dans le salon.<\/p>\n<p data-start=\"627\" data-end=\"885\">Les tapis Boujaad sont connus pour leur <strong data-start=\"661\" data-end=\"695\">couleurs vibrantes et motifs gratuits<\/strong>, et <strong data-start=\"700\" data-end=\"710\">Tislit<\/strong> ne fait pas exception. Ce tapis combine des nuances de rose, de bleu clair, de marron et des touches de jaune dans un design graphique et presque abstrait qui en fait une petite \u0153uvre d&#039;art \u00e0 poser au sol.<\/p>\n<p data-start=\"887\" data-end=\"1133\">Historiquement, les tapis Boujaad \u00e9taient tiss\u00e9s par les femmes berb\u00e8res pour leur dot. Chaque motif et chaque couleur symbolisaient des r\u00eaves personnels, la fertilit\u00e9, l&#039;amour et la protection, rendant chaque tapis unique et charg\u00e9 d&#039;histoires.<\/p>\n<p data-start=\"1135\" data-end=\"1319\">\u2714 Tiss\u00e9 \u00e0 la main \u00e0 partir de laine 100% dans la r\u00e9gion du Haouz<br data-start=\"1175\" data-end=\"1178\" \/>\u2714 Vintage \u2013 pi\u00e8ce unique avec caract\u00e8re et patine<br data-start=\"1225\" data-end=\"1228\" \/>\u2714 Format coureur \u2013 parfait pour les pi\u00e8ces longues et \u00e9troites<br data-start=\"1272\" data-end=\"1275\" \/>\u2714 Design color\u00e9, ludique et artistique<\/p>\n<p data-start=\"1321\" data-end=\"1497\">Avec <strong data-start=\"1325\" data-end=\"1335\">Tislit<\/strong> Vous ramenez chez vous un tapis \u00e0 la fois moderne dans son expression et ancr\u00e9 dans la tradition marocaine, qui ajoute chaleur, personnalit\u00e9 et charme \u00e0 n&#039;importe quelle pi\u00e8ce.<\/p>\n<p>&nbsp;<\/p>","protected":false},"featured_media":39726,"template":"","meta":{"inline_featured_image":false},"product_brand":[],"product_cat":[143,59],"product_tag":[],"class_list":{"0":"post-39722","1":"product","2":"type-product","3":"status-publish","4":"has-post-thumbnail","6":"product_cat-berbertaepper","7":"product_cat-marokkanske-taepper","9":"first","10":"outofstock","11":"taxable","12":"shipping-taxable","13":"purchasable","14":"product-type-simple"},"exclude_global_add_ons":[],"addons":[],"yoast_head":"<!-- This site is optimized with the Yoast SEO plugin v27.4 - https:\/\/yoast.com\/product\/yoast-seo-wordpress\/ -->\n<title>Berbert\u00e6ppe | Marokkansk t\u00e6ppe | Kig her lige nu!<\/title>\n<meta name=\"description\" content=\"Unikt vintage BOUJ\u00c0AD t\u00e6ppe 80x290 cm.en dejlig lang l\u00f8ber. H\u00e5ndv\u00e6vet i Marokko af 100% uld i med mange l\u00e6kre farver. Kun \u00e9t eksemplar.\" \/>\n<meta name=\"robots\" content=\"index, follow, max-snippet:-1, max-image-preview:large, max-video-preview:-1\" \/>\n<link rel=\"canonical\" href=\"https:\/\/tibladin.dk\/fr\/produit-4\/tapis-berbere-vintage-80x290-cm-tislit\/\" \/>\n<meta property=\"og:locale\" content=\"fr_FR\" \/>\n<meta property=\"og:type\" content=\"article\" \/>\n<meta property=\"og:title\" content=\"Berbert\u00e6ppe | Marokkansk t\u00e6ppe | Kig her lige nu!\" \/>\n<meta property=\"og:description\" content=\"Unikt vintage BOUJ\u00c0AD t\u00e6ppe 80x290 cm.en dejlig lang l\u00f8ber. H\u00e5ndv\u00e6vet i Marokko af 100% uld i med mange l\u00e6kre farver. Kun \u00e9t eksemplar.\" \/>\n<meta property=\"og:url\" content=\"https:\/\/tibladin.dk\/fr\/produit-4\/tapis-berbere-vintage-80x290-cm-tislit\/\" \/>\n<meta property=\"og:site_name\" content=\"Tibladin\" \/>\n<meta property=\"article:modified_time\" content=\"2026-04-04T11:47:08+00:00\" \/>\n<meta property=\"og:image\" content=\"https:\/\/tibladin.dk\/wp-content\/uploads\/2025\/09\/Marokkansk-Boujaad-taeppe_Tislit_4.jpg\" \/>\n\t<meta property=\"og:image:width\" content=\"800\" \/>\n\t<meta property=\"og:image:height\" content=\"800\" \/>\n\t<meta property=\"og:image:type\" content=\"image\/jpeg\" \/>\n<meta name=\"twitter:card\" content=\"summary_large_image\" \/>\n<meta name=\"twitter:label1\" content=\"Dur\u00e9e de lecture estim\u00e9e\" \/>\n\t<meta name=\"twitter:data1\" content=\"3 minutes\" \/>\n<script type=\"application\/ld+json\" class=\"yoast-schema-graph\">{\"@context\":\"https:\\\/\\\/schema.org\",\"@graph\":[{\"@type\":\"WebPage\",\"@id\":\"https:\\\/\\\/tibladin.dk\\\/produkt\\\/berbertaeppe-vintage-80x290-cm-tislit\\\/\",\"url\":\"https:\\\/\\\/tibladin.dk\\\/produkt\\\/berbertaeppe-vintage-80x290-cm-tislit\\\/\",\"name\":\"Berbert\u00e6ppe | Marokkansk t\u00e6ppe | Kig her lige nu!\",\"isPartOf\":{\"@id\":\"https:\\\/\\\/tibladin.dk\\\/#website\"},\"primaryImageOfPage\":{\"@id\":\"https:\\\/\\\/tibladin.dk\\\/produkt\\\/berbertaeppe-vintage-80x290-cm-tislit\\\/#primaryimage\"},\"image\":{\"@id\":\"https:\\\/\\\/tibladin.dk\\\/produkt\\\/berbertaeppe-vintage-80x290-cm-tislit\\\/#primaryimage\"},\"thumbnailUrl\":\"https:\\\/\\\/tibladin.dk\\\/wp-content\\\/uploads\\\/2025\\\/09\\\/Marokkansk-Boujaad-taeppe_Tislit_4.jpg\",\"datePublished\":\"2025-09-12T14:01:53+00:00\",\"dateModified\":\"2026-04-04T11:47:08+00:00\",\"description\":\"Unikt vintage BOUJ\u00c0AD t\u00e6ppe 80x290 cm.en dejlig lang l\u00f8ber. H\u00e5ndv\u00e6vet i Marokko af 100% uld i med mange l\u00e6kre farver. Kun \u00e9t eksemplar.\",\"breadcrumb\":{\"@id\":\"https:\\\/\\\/tibladin.dk\\\/produkt\\\/berbertaeppe-vintage-80x290-cm-tislit\\\/#breadcrumb\"},\"inLanguage\":\"fr-FR\",\"potentialAction\":[{\"@type\":\"ReadAction\",\"target\":[\"https:\\\/\\\/tibladin.dk\\\/produkt\\\/berbertaeppe-vintage-80x290-cm-tislit\\\/\"]}]},{\"@type\":\"ImageObject\",\"inLanguage\":\"fr-FR\",\"@id\":\"https:\\\/\\\/tibladin.dk\\\/produkt\\\/berbertaeppe-vintage-80x290-cm-tislit\\\/#primaryimage\",\"url\":\"https:\\\/\\\/tibladin.dk\\\/wp-content\\\/uploads\\\/2025\\\/09\\\/Marokkansk-Boujaad-taeppe_Tislit_4.jpg\",\"contentUrl\":\"https:\\\/\\\/tibladin.dk\\\/wp-content\\\/uploads\\\/2025\\\/09\\\/Marokkansk-Boujaad-taeppe_Tislit_4.jpg\",\"width\":800,\"height\":800,\"caption\":\"Marokkansk Boujaad t\u00e6ppe_Tislit - l\u00f8ber\"},{\"@type\":\"BreadcrumbList\",\"@id\":\"https:\\\/\\\/tibladin.dk\\\/produkt\\\/berbertaeppe-vintage-80x290-cm-tislit\\\/#breadcrumb\",\"itemListElement\":[{\"@type\":\"ListItem\",\"position\":1,\"name\":\"Hjem\",\"item\":\"https:\\\/\\\/tibladin.dk\\\/\"},{\"@type\":\"ListItem\",\"position\":2,\"name\":\"Shop\",\"item\":\"https:\\\/\\\/tibladin.dk\\\/shop\\\/\"},{\"@type\":\"ListItem\",\"position\":3,\"name\":\"Berbert\u00e6ppe vintage 80&#215;290 cm. &#8211; TISLIT\"}]},{\"@type\":\"WebSite\",\"@id\":\"https:\\\/\\\/tibladin.dk\\\/#website\",\"url\":\"https:\\\/\\\/tibladin.dk\\\/\",\"name\":\"Tibladin\",\"description\":\"Tibladin\",\"publisher\":{\"@id\":\"https:\\\/\\\/tibladin.dk\\\/#organization\"},\"potentialAction\":[{\"@type\":\"SearchAction\",\"target\":{\"@type\":\"EntryPoint\",\"urlTemplate\":\"https:\\\/\\\/tibladin.dk\\\/?s={search_term_string}\"},\"query-input\":{\"@type\":\"PropertyValueSpecification\",\"valueRequired\":true,\"valueName\":\"search_term_string\"}}],\"inLanguage\":\"fr-FR\"},{\"@type\":\"Organization\",\"@id\":\"https:\\\/\\\/tibladin.dk\\\/#organization\",\"name\":\"Tibladin\",\"url\":\"https:\\\/\\\/tibladin.dk\\\/\",\"logo\":{\"@type\":\"ImageObject\",\"inLanguage\":\"fr-FR\",\"@id\":\"https:\\\/\\\/tibladin.dk\\\/#\\\/schema\\\/logo\\\/image\\\/\",\"url\":\"https:\\\/\\\/tibladin.dk\\\/wp-content\\\/uploads\\\/2022\\\/09\\\/tibladin_logo.svg\",\"contentUrl\":\"https:\\\/\\\/tibladin.dk\\\/wp-content\\\/uploads\\\/2022\\\/09\\\/tibladin_logo.svg\",\"caption\":\"Tibladin\"},\"image\":{\"@id\":\"https:\\\/\\\/tibladin.dk\\\/#\\\/schema\\\/logo\\\/image\\\/\"}}]}<\/script>\n<!-- \/ Yoast SEO plugin. -->","yoast_head_json":{"title":"Tapis berb\u00e8re | Tapis marocain | Regardez ici maintenant\u00a0!","description":"Tapis vintage unique BOUJ\u00c0AD 80 x 290 cm. Un ravissant tapis long. Tiss\u00e9 main au Maroc en laine 100%, il se d\u00e9cline dans de nombreuses couleurs ravissantes. Un seul exemplaire.","robots":{"index":"index","follow":"follow","max-snippet":"max-snippet:-1","max-image-preview":"max-image-preview:large","max-video-preview":"max-video-preview:-1"},"canonical":"https:\/\/tibladin.dk\/fr\/produit-4\/tapis-berbere-vintage-80x290-cm-tislit\/","og_locale":"fr_FR","og_type":"article","og_title":"Berbert\u00e6ppe | Marokkansk t\u00e6ppe | Kig her lige nu!","og_description":"Unikt vintage BOUJ\u00c0AD t\u00e6ppe 80x290 cm.en dejlig lang l\u00f8ber. H\u00e5ndv\u00e6vet i Marokko af 100% uld i med mange l\u00e6kre farver. Kun \u00e9t eksemplar.","og_url":"https:\/\/tibladin.dk\/fr\/produit-4\/tapis-berbere-vintage-80x290-cm-tislit\/","og_site_name":"Tibladin","article_modified_time":"2026-04-04T11:47:08+00:00","og_image":[{"width":800,"height":800,"url":"https:\/\/tibladin.dk\/wp-content\/uploads\/2025\/09\/Marokkansk-Boujaad-taeppe_Tislit_4.jpg","type":"image\/jpeg"}],"twitter_card":"summary_large_image","twitter_misc":{"Dur\u00e9e de lecture estim\u00e9e":"3 minutes"},"schema":{"@context":"https:\/\/schema.org","@graph":[{"@type":"WebPage","@id":"https:\/\/tibladin.dk\/produkt\/berbertaeppe-vintage-80x290-cm-tislit\/","url":"https:\/\/tibladin.dk\/produkt\/berbertaeppe-vintage-80x290-cm-tislit\/","name":"Tapis berb\u00e8re | Tapis marocain | Regardez ici maintenant\u00a0!","isPartOf":{"@id":"https:\/\/tibladin.dk\/#website"},"primaryImageOfPage":{"@id":"https:\/\/tibladin.dk\/produkt\/berbertaeppe-vintage-80x290-cm-tislit\/#primaryimage"},"image":{"@id":"https:\/\/tibladin.dk\/produkt\/berbertaeppe-vintage-80x290-cm-tislit\/#primaryimage"},"thumbnailUrl":"https:\/\/tibladin.dk\/wp-content\/uploads\/2025\/09\/Marokkansk-Boujaad-taeppe_Tislit_4.jpg","datePublished":"2025-09-12T14:01:53+00:00","dateModified":"2026-04-04T11:47:08+00:00","description":"Tapis vintage unique BOUJ\u00c0AD 80 x 290 cm. Un ravissant tapis long. Tiss\u00e9 main au Maroc en laine 100%, il se d\u00e9cline dans de nombreuses couleurs ravissantes. Un seul exemplaire.","breadcrumb":{"@id":"https:\/\/tibladin.dk\/produkt\/berbertaeppe-vintage-80x290-cm-tislit\/#breadcrumb"},"inLanguage":"fr-FR","potentialAction":[{"@type":"ReadAction","target":["https:\/\/tibladin.dk\/produkt\/berbertaeppe-vintage-80x290-cm-tislit\/"]}]},{"@type":"ImageObject","inLanguage":"fr-FR","@id":"https:\/\/tibladin.dk\/produkt\/berbertaeppe-vintage-80x290-cm-tislit\/#primaryimage","url":"https:\/\/tibladin.dk\/wp-content\/uploads\/2025\/09\/Marokkansk-Boujaad-taeppe_Tislit_4.jpg","contentUrl":"https:\/\/tibladin.dk\/wp-content\/uploads\/2025\/09\/Marokkansk-Boujaad-taeppe_Tislit_4.jpg","width":800,"height":800,"caption":"Marokkansk Boujaad t\u00e6ppe_Tislit - l\u00f8ber"},{"@type":"BreadcrumbList","@id":"https:\/\/tibladin.dk\/produkt\/berbertaeppe-vintage-80x290-cm-tislit\/#breadcrumb","itemListElement":[{"@type":"ListItem","position":1,"name":"Hjem","item":"https:\/\/tibladin.dk\/"},{"@type":"ListItem","position":2,"name":"Shop","item":"https:\/\/tibladin.dk\/shop\/"},{"@type":"ListItem","position":3,"name":"Berbert\u00e6ppe vintage 80&#215;290 cm. &#8211; TISLIT"}]},{"@type":"WebSite","@id":"https:\/\/tibladin.dk\/#website","url":"https:\/\/tibladin.dk\/","name":"Tibladin","description":"Tibladin","publisher":{"@id":"https:\/\/tibladin.dk\/#organization"},"potentialAction":[{"@type":"SearchAction","target":{"@type":"EntryPoint","urlTemplate":"https:\/\/tibladin.dk\/?s={search_term_string}"},"query-input":{"@type":"PropertyValueSpecification","valueRequired":true,"valueName":"search_term_string"}}],"inLanguage":"fr-FR"},{"@type":"Organization","@id":"https:\/\/tibladin.dk\/#organization","name":"Tibladin","url":"https:\/\/tibladin.dk\/","logo":{"@type":"ImageObject","inLanguage":"fr-FR","@id":"https:\/\/tibladin.dk\/#\/schema\/logo\/image\/","url":"https:\/\/tibladin.dk\/wp-content\/uploads\/2022\/09\/tibladin_logo.svg","contentUrl":"https:\/\/tibladin.dk\/wp-content\/uploads\/2022\/09\/tibladin_logo.svg","caption":"Tibladin"},"image":{"@id":"https:\/\/tibladin.dk\/#\/schema\/logo\/image\/"}}]}},"_links":{"self":[{"href":"https:\/\/tibladin.dk\/fr\/wp-json\/wp\/v2\/product\/39722","targetHints":{"allow":["GET"]}}],"collection":[{"href":"https:\/\/tibladin.dk\/fr\/wp-json\/wp\/v2\/product"}],"about":[{"href":"https:\/\/tibladin.dk\/fr\/wp-json\/wp\/v2\/types\/product"}],"wp:featuredmedia":[{"embeddable":true,"href":"https:\/\/tibladin.dk\/fr\/wp-json\/wp\/v2\/media\/39726"}],"wp:attachment":[{"href":"https:\/\/tibladin.dk\/fr\/wp-json\/wp\/v2\/media?parent=39722"}],"wp:term":[{"taxonomy":"product_brand","embeddable":true,"href":"https:\/\/tibladin.dk\/fr\/wp-json\/wp\/v2\/product_brand?post=39722"},{"taxonomy":"product_cat","embeddable":true,"href":"https:\/\/tibladin.dk\/fr\/wp-json\/wp\/v2\/product_cat?post=39722"},{"taxonomy":"product_tag","embeddable":true,"href":"https:\/\/tibladin.dk\/fr\/wp-json\/wp\/v2\/product_tag?post=39722"}],"curies":[{"name":"wp","href":"https:\/\/api.w.org\/{rel}","templated":true}]}}