{"id":39739,"date":"2025-09-13T13:01:41","date_gmt":"2025-09-13T11:01:41","guid":{"rendered":"https:\/\/tibladin.dk\/?post_type=product&#038;p=39739"},"modified":"2026-02-06T18:48:30","modified_gmt":"2026-02-06T17:48:30","slug":"tapis-berbere-vintage-195x335cm-amnay","status":"publish","type":"product","link":"https:\/\/tibladin.dk\/fr\/produkt\/berbertaeppe-vintage-195x335cm-amnay\/","title":{"rendered":"Tapis berb\u00e8re vintage 195x335cm. AMNAY"},"content":{"rendered":"<div class=\"wpb-content-wrapper\"><div class=\"vc_row wpb_row vc_row-fluid\"><div class=\"wpb_column vc_column_container vc_col-sm-12\"><div class=\"vc_column-inner\"><div class=\"wpb_wrapper\">\n\t<div class=\"wpb_text_column wpb_content_element\" >\n\t\t<div class=\"wpb_wrapper\">\n\t\t\t<p>!<\/p>\n\n\t\t<\/div>\n\t<\/div>\n<\/div><\/div><\/div><\/div><div class=\"vc_row wpb_row vc_row-fluid\"><div class=\"wpb_column vc_column_container vc_col-sm-4\"><div class=\"vc_column-inner\"><div class=\"wpb_wrapper\"><\/div><\/div><\/div><div class=\"wpb_column vc_column_container vc_col-sm-4\"><div class=\"vc_column-inner\"><div class=\"wpb_wrapper\"><h3 style=\"text-align: left\" class=\"vc_custom_heading vc_do_custom_heading\" >Entretien des tapis Beni Mguild<\/h3>\n\t<div class=\"wpb_text_column wpb_content_element\" >\n\t\t<div class=\"wpb_wrapper\">\n\t\t\t<h2 data-start=\"1435\" data-end=\"1480\">Entretien des tapis Beni Mguild<\/h2>\n<p data-start=\"1482\" data-end=\"1572\">Prendre soin d&#039;un tapis vintage Beni Mguild garantit qu&#039;il durera de nombreuses ann\u00e9es :<\/p>\n<ol data-start=\"1574\" data-end=\"2587\">\n<li data-start=\"1574\" data-end=\"1782\">\n<p data-start=\"1577\" data-end=\"1594\"><strong data-start=\"1577\" data-end=\"1592\">Passer l&#039;aspirateur<\/strong><\/p>\n<ul data-start=\"1598\" data-end=\"1782\">\n<li data-start=\"1598\" data-end=\"1695\">\n<p data-start=\"1600\" data-end=\"1695\">Passez r\u00e9guli\u00e8rement l&#039;aspirateur sur le tapis (de pr\u00e9f\u00e9rence sans brosse) afin que la poussi\u00e8re et la salet\u00e9 ne se d\u00e9posent pas dans les fibres.<\/p>\n<\/li>\n<li data-start=\"1699\" data-end=\"1782\">\n<p data-start=\"1701\" data-end=\"1782\">Passez l&#039;aspirateur \u00e0 faible aspiration des deux c\u00f4t\u00e9s plusieurs fois par an pour le garder frais.<\/p>\n<\/li>\n<\/ul>\n<\/li>\n<li data-start=\"1784\" data-end=\"2008\">\n<p data-start=\"1787\" data-end=\"1815\"><strong data-start=\"1787\" data-end=\"1813\">Ventilation et secousses<\/strong><\/p>\n<ul data-start=\"1819\" data-end=\"2008\">\n<li data-start=\"1819\" data-end=\"1937\">\n<p data-start=\"1821\" data-end=\"1937\">Sortez le tapis quelques fois par an, suspendez-le sur une balustrade et tapotez-le doucement pour enlever la poussi\u00e8re.<\/p>\n<\/li>\n<li data-start=\"1941\" data-end=\"2008\">\n<p data-start=\"1943\" data-end=\"2008\">A\u00e9rez-la par temps frais et sec : la laine a l\u2019avantage de respirer.<\/p>\n<\/li>\n<\/ul>\n<\/li>\n<li data-start=\"2010\" data-end=\"2183\">\n<p data-start=\"2013\" data-end=\"2031\"><strong data-start=\"2013\" data-end=\"2029\">D\u00e9tachage<\/strong><\/p>\n<ul data-start=\"2035\" data-end=\"2183\">\n<li data-start=\"2035\" data-end=\"2078\">\n<p data-start=\"2037\" data-end=\"2078\">Essuyez rapidement les taches avec un chiffon propre.<\/p>\n<\/li>\n<li data-start=\"2082\" data-end=\"2183\">\n<p data-start=\"2084\" data-end=\"2183\">Utilisez un savon doux pour laine et de l&#039;eau froide \u2013 jamais de produits chimiques agressifs. Tamponnez d\u00e9licatement et \u00e9vitez de frotter.<\/p>\n<\/li>\n<\/ul>\n<\/li>\n<li data-start=\"2185\" data-end=\"2330\">\n<p data-start=\"2188\" data-end=\"2211\"><strong data-start=\"2188\" data-end=\"2209\">Lavage professionnel<\/strong><\/p>\n<ul data-start=\"2215\" data-end=\"2330\">\n<li data-start=\"2215\" data-end=\"2330\">\n<p data-start=\"2217\" data-end=\"2330\">Envisagez de faire nettoyer votre moquette par un professionnel tous les 3 \u00e0 5 ans. Choisissez un pressing sp\u00e9cialis\u00e9 dans les moquettes en laine v\u00e9ritable.<\/p>\n<\/li>\n<\/ul>\n<\/li>\n<\/ol>\n\n\t\t<\/div>\n\t<\/div>\n<\/div><\/div><\/div><div class=\"wpb_column vc_column_container vc_col-sm-4\"><div class=\"vc_column-inner\"><div class=\"wpb_wrapper\"><h3 style=\"text-align: left\" class=\"vc_custom_heading vc_do_custom_heading\" >L&#039;histoire des tapis Beni Mguild<\/h3>\n\t<div class=\"wpb_text_column wpb_content_element\" >\n\t\t<div class=\"wpb_wrapper\">\n\t\t\t<h3 data-start=\"160\" data-end=\"191\"><strong data-start=\"167\" data-end=\"191\">Origine et r\u00e9gion<\/strong><\/h3>\n<ul data-start=\"192\" data-end=\"439\">\n<li data-start=\"192\" data-end=\"314\">\n<p data-start=\"194\" data-end=\"314\">La tribu Beni Mguild appartient \u00e0 <strong data-start=\"226\" data-end=\"250\">Moyen Atlas<\/strong>, surtout autour des villes <strong data-start=\"272\" data-end=\"291\">Azrou et Boujad<\/strong> dans la r\u00e9gion de Kh\u00e9nifra.<\/p>\n<\/li>\n<li data-start=\"315\" data-end=\"439\">\n<p data-start=\"317\" data-end=\"439\">La r\u00e9gion est montagneuse et froide, ce qui a influenc\u00e9 le style des couvertures : elles \u00e9taient con\u00e7ues pour conserver la chaleur pendant les hivers rigoureux.<\/p>\n<\/li>\n<\/ul>\n<hr data-start=\"441\" data-end=\"444\" \/>\n<h3 data-start=\"446\" data-end=\"489\"><strong data-start=\"453\" data-end=\"489\">Caract\u00e9ristiques des tapis Beni Mguild<\/strong><\/h3>\n<ul data-start=\"490\" data-end=\"965\">\n<li data-start=\"490\" data-end=\"650\">\n<p data-start=\"492\" data-end=\"650\"><strong data-start=\"492\" data-end=\"503\">Couleurs:<\/strong> Des nuances souvent profondes et sombres \u2013 en particulier <strong data-start=\"538\" data-end=\"582\">bleu indigo, rouge, marron, violet et bordeaux<\/strong>Le bleu fonc\u00e9 (indigo) est presque une caract\u00e9ristique distinctive de Beni Mguild.<\/p>\n<\/li>\n<li data-start=\"651\" data-end=\"761\">\n<p data-start=\"653\" data-end=\"761\"><strong data-start=\"653\" data-end=\"665\">Motifs:<\/strong> Classique <strong data-start=\"676\" data-end=\"694\">motifs de diamant<\/strong> en r\u00e9p\u00e9titions, mais plus dense et plus \u00ab plein \u00bb que, par exemple, Beni Ourain.<\/p>\n<\/li>\n<li data-start=\"762\" data-end=\"851\">\n<p data-start=\"764\" data-end=\"851\"><strong data-start=\"764\" data-end=\"776\">Texture:<\/strong> Couvertures en laine \u00e9paisses, solides et lourdes \u2013 parfaites pour le froid des montagnes.<\/p>\n<\/li>\n<li data-start=\"852\" data-end=\"965\">\n<p data-start=\"854\" data-end=\"965\"><strong data-start=\"854\" data-end=\"865\">Patine:<\/strong> De nombreux Beni Mguild vintage pr\u00e9sentent une belle surface d\u00e9lav\u00e9e, o\u00f9 les couleurs se sont adoucies avec le temps.<\/p>\n<\/li>\n<\/ul>\n<hr data-start=\"967\" data-end=\"970\" \/>\n<h3 data-start=\"972\" data-end=\"991\"><strong data-start=\"979\" data-end=\"991\">Symbolisme<\/strong><\/h3>\n<p data-start=\"992\" data-end=\"1052\">Comme pour les autres tribus berb\u00e8res, les motifs ne sont pas al\u00e9atoires :<\/p>\n<ul data-start=\"1053\" data-end=\"1240\">\n<li data-start=\"1053\" data-end=\"1134\">\n<p data-start=\"1055\" data-end=\"1134\"><strong data-start=\"1055\" data-end=\"1077\">Diamants et croix<\/strong> symbolise la protection, la fertilit\u00e9 et la f\u00e9minit\u00e9.<\/p>\n<\/li>\n<li data-start=\"1135\" data-end=\"1240\">\n<p data-start=\"1137\" data-end=\"1240\">Les formes r\u00e9p\u00e9titives peuvent \u00eatre consid\u00e9r\u00e9es comme un r\u00e9cit sur le voyage de la vie, le cycle de la nature et les croyances spirituelles des tribus.<\/p>\n<\/li>\n<\/ul>\n\n\t\t<\/div>\n\t<\/div>\n<\/div><\/div><\/div><\/div>\n<\/div>","protected":false},"excerpt":{"rendered":"<p data-start=\"325\" data-end=\"379\">\u2728 <strong data-start=\"327\" data-end=\"375\">Amnay \u2013 Tapis vintage Beni Mguild 195\u00d7335 cm<\/strong> \u2728<\/p>\n<p data-start=\"381\" data-end=\"602\">Ce vrai mill\u00e9sime <strong data-start=\"400\" data-end=\"421\">Tapis Beni Mguild<\/strong> des montagnes du Moyen Atlas est un morceau d&#039;histoire culturelle vivante. Avec ses <strong data-start=\"493\" data-end=\"544\">tons att\u00e9nu\u00e9s de rose poudr\u00e9, de cr\u00e8me gris-bleu et de vert<\/strong> Il cr\u00e9e une atmosph\u00e8re calme et sophistiqu\u00e9e dans la pi\u00e8ce.<\/p>\n<p data-start=\"604\" data-end=\"779\">Le motif distinctif en losange, entour\u00e9 d&#039;une belle bordure, est tiss\u00e9 en laine dense avec un poil luxueux et durable - une qualit\u00e9 pour laquelle les tapis Beni Mguild sont r\u00e9put\u00e9s.<\/p>\n<p data-start=\"781\" data-end=\"1080\">Historiquement, les tapis comme celui-ci \u00e9taient tiss\u00e9s par les femmes berb\u00e8res pour \u00eatre utilis\u00e9s en montagne comme tapis de sol ou couvre-lits chauds. Les couleurs sont traditionnellement issues de teintures naturelles v\u00e9g\u00e9tales et min\u00e9rales, et la patine claire t\u00e9moigne d&#039;une vie bien remplie, faisant de ce tapis un <strong data-start=\"1042\" data-end=\"1077\">pi\u00e8ce unique en son genre<\/strong>.<\/p>\n<p data-start=\"1082\" data-end=\"1233\">\u2714 Tiss\u00e9 \u00e0 la main en laine 100%<br data-start=\"1104\" data-end=\"1107\" \/>\u2714 Belle patine et couleurs douces<br data-start=\"1136\" data-end=\"1139\" \/>\u2714 Motif diamant classique et bordure d\u00e9corative<br data-start=\"1182\" data-end=\"1185\" \/>\u2714 Taille parfaite pour le salon ou la salle \u00e0 manger<\/p>\n<p data-start=\"1235\" data-end=\"1389\">Apportez de la chaleur, de l&#039;authenticit\u00e9 et une touche d&#039;histoire marocaine dans votre maison avec <strong data-start=\"1316\" data-end=\"1325\">Amnay<\/strong> \u2013 un tapis \u00e0 la fois fonctionnel et une \u0153uvre d\u2019art esth\u00e9tique.<\/p>\n<p data-start=\"1235\" data-end=\"1389\">AMNAY signifie <em data-start=\"195\" data-end=\"201\">paix<\/em> En berb\u00e8re. S&#039;accorde parfaitement avec l&#039;expression calme et les couleurs sobres et harmonieuses du tapis.<\/p>\n<hr data-start=\"1391\" data-end=\"1394\" \/>","protected":false},"featured_media":39745,"template":"","meta":{"inline_featured_image":false},"product_brand":[],"product_cat":[143,59],"product_tag":[],"class_list":{"0":"post-39739","1":"product","2":"type-product","3":"status-publish","4":"has-post-thumbnail","6":"product_cat-berbertaepper","7":"product_cat-marokkanske-taepper","9":"first","10":"instock","11":"taxable","12":"shipping-taxable","13":"purchasable","14":"product-type-simple"},"exclude_global_add_ons":[],"addons":[],"yoast_head":"<!-- This site is optimized with the Yoast SEO plugin v27.4 - https:\/\/yoast.com\/product\/yoast-seo-wordpress\/ -->\n<title>Berbert\u00e6ppe | Marokkansk t\u00e6ppe | Kig her lige nu!<\/title>\n<meta name=\"description\" content=\"\u00c6gte Vintage Berbert\u00e6ppe i rolige bl\u00e5, gr\u00e5 og beige og gr\u00f8nne nuancer. Et stort dejligt t\u00e6ppe med masser af historie og karakter. Se det hos Tibladin.\" \/>\n<meta name=\"robots\" content=\"index, follow, max-snippet:-1, max-image-preview:large, max-video-preview:-1\" \/>\n<link rel=\"canonical\" href=\"https:\/\/tibladin.dk\/fr\/produit-4\/tapis-berbere-vintage-195x335cm-amnay\/\" \/>\n<meta property=\"og:locale\" content=\"fr_FR\" \/>\n<meta property=\"og:type\" content=\"article\" \/>\n<meta property=\"og:title\" content=\"Berbert\u00e6ppe | Marokkansk t\u00e6ppe | Kig her lige nu!\" \/>\n<meta property=\"og:description\" content=\"\u00c6gte Vintage Berbert\u00e6ppe i rolige bl\u00e5, gr\u00e5 og beige og gr\u00f8nne nuancer. Et stort dejligt t\u00e6ppe med masser af historie og karakter. Se det hos Tibladin.\" \/>\n<meta property=\"og:url\" content=\"https:\/\/tibladin.dk\/fr\/produit-4\/tapis-berbere-vintage-195x335cm-amnay\/\" \/>\n<meta property=\"og:site_name\" content=\"Tibladin\" \/>\n<meta property=\"article:modified_time\" content=\"2026-02-06T17:48:30+00:00\" \/>\n<meta property=\"og:image\" content=\"https:\/\/tibladin.dk\/wp-content\/uploads\/2025\/09\/Stort-Beni-Mguild-taeppe_AMNAY_6.jpg\" \/>\n\t<meta property=\"og:image:width\" content=\"800\" \/>\n\t<meta property=\"og:image:height\" content=\"800\" \/>\n\t<meta property=\"og:image:type\" content=\"image\/jpeg\" \/>\n<meta name=\"twitter:card\" content=\"summary_large_image\" \/>\n<meta name=\"twitter:label1\" content=\"Dur\u00e9e de lecture estim\u00e9e\" \/>\n\t<meta name=\"twitter:data1\" content=\"3 minutes\" \/>\n<script type=\"application\/ld+json\" class=\"yoast-schema-graph\">{\"@context\":\"https:\\\/\\\/schema.org\",\"@graph\":[{\"@type\":\"WebPage\",\"@id\":\"https:\\\/\\\/tibladin.dk\\\/produkt\\\/berbertaeppe-vintage-195x335cm-amnay\\\/\",\"url\":\"https:\\\/\\\/tibladin.dk\\\/produkt\\\/berbertaeppe-vintage-195x335cm-amnay\\\/\",\"name\":\"Berbert\u00e6ppe | Marokkansk t\u00e6ppe | Kig her lige nu!\",\"isPartOf\":{\"@id\":\"https:\\\/\\\/tibladin.dk\\\/#website\"},\"primaryImageOfPage\":{\"@id\":\"https:\\\/\\\/tibladin.dk\\\/produkt\\\/berbertaeppe-vintage-195x335cm-amnay\\\/#primaryimage\"},\"image\":{\"@id\":\"https:\\\/\\\/tibladin.dk\\\/produkt\\\/berbertaeppe-vintage-195x335cm-amnay\\\/#primaryimage\"},\"thumbnailUrl\":\"https:\\\/\\\/tibladin.dk\\\/wp-content\\\/uploads\\\/2025\\\/09\\\/Stort-Beni-Mguild-taeppe_AMNAY_6.jpg\",\"datePublished\":\"2025-09-13T11:01:41+00:00\",\"dateModified\":\"2026-02-06T17:48:30+00:00\",\"description\":\"\u00c6gte Vintage Berbert\u00e6ppe i rolige bl\u00e5, gr\u00e5 og beige og gr\u00f8nne nuancer. Et stort dejligt t\u00e6ppe med masser af historie og karakter. Se det hos Tibladin.\",\"breadcrumb\":{\"@id\":\"https:\\\/\\\/tibladin.dk\\\/produkt\\\/berbertaeppe-vintage-195x335cm-amnay\\\/#breadcrumb\"},\"inLanguage\":\"fr-FR\",\"potentialAction\":[{\"@type\":\"ReadAction\",\"target\":[\"https:\\\/\\\/tibladin.dk\\\/produkt\\\/berbertaeppe-vintage-195x335cm-amnay\\\/\"]}]},{\"@type\":\"ImageObject\",\"inLanguage\":\"fr-FR\",\"@id\":\"https:\\\/\\\/tibladin.dk\\\/produkt\\\/berbertaeppe-vintage-195x335cm-amnay\\\/#primaryimage\",\"url\":\"https:\\\/\\\/tibladin.dk\\\/wp-content\\\/uploads\\\/2025\\\/09\\\/Stort-Beni-Mguild-taeppe_AMNAY_6.jpg\",\"contentUrl\":\"https:\\\/\\\/tibladin.dk\\\/wp-content\\\/uploads\\\/2025\\\/09\\\/Stort-Beni-Mguild-taeppe_AMNAY_6.jpg\",\"width\":800,\"height\":800,\"caption\":\"Stort Beni Mguild t\u00e6ppe_AMNAY\"},{\"@type\":\"BreadcrumbList\",\"@id\":\"https:\\\/\\\/tibladin.dk\\\/produkt\\\/berbertaeppe-vintage-195x335cm-amnay\\\/#breadcrumb\",\"itemListElement\":[{\"@type\":\"ListItem\",\"position\":1,\"name\":\"Hjem\",\"item\":\"https:\\\/\\\/tibladin.dk\\\/\"},{\"@type\":\"ListItem\",\"position\":2,\"name\":\"Shop\",\"item\":\"https:\\\/\\\/tibladin.dk\\\/shop\\\/\"},{\"@type\":\"ListItem\",\"position\":3,\"name\":\"Berbert\u00e6ppe vintage 195x335cm. AMNAY\"}]},{\"@type\":\"WebSite\",\"@id\":\"https:\\\/\\\/tibladin.dk\\\/#website\",\"url\":\"https:\\\/\\\/tibladin.dk\\\/\",\"name\":\"Tibladin\",\"description\":\"Tibladin\",\"publisher\":{\"@id\":\"https:\\\/\\\/tibladin.dk\\\/#organization\"},\"potentialAction\":[{\"@type\":\"SearchAction\",\"target\":{\"@type\":\"EntryPoint\",\"urlTemplate\":\"https:\\\/\\\/tibladin.dk\\\/?s={search_term_string}\"},\"query-input\":{\"@type\":\"PropertyValueSpecification\",\"valueRequired\":true,\"valueName\":\"search_term_string\"}}],\"inLanguage\":\"fr-FR\"},{\"@type\":\"Organization\",\"@id\":\"https:\\\/\\\/tibladin.dk\\\/#organization\",\"name\":\"Tibladin\",\"url\":\"https:\\\/\\\/tibladin.dk\\\/\",\"logo\":{\"@type\":\"ImageObject\",\"inLanguage\":\"fr-FR\",\"@id\":\"https:\\\/\\\/tibladin.dk\\\/#\\\/schema\\\/logo\\\/image\\\/\",\"url\":\"https:\\\/\\\/tibladin.dk\\\/wp-content\\\/uploads\\\/2022\\\/09\\\/tibladin_logo.svg\",\"contentUrl\":\"https:\\\/\\\/tibladin.dk\\\/wp-content\\\/uploads\\\/2022\\\/09\\\/tibladin_logo.svg\",\"caption\":\"Tibladin\"},\"image\":{\"@id\":\"https:\\\/\\\/tibladin.dk\\\/#\\\/schema\\\/logo\\\/image\\\/\"}}]}<\/script>\n<!-- \/ Yoast SEO plugin. -->","yoast_head_json":{"title":"Tapis berb\u00e8re | Tapis marocain | Regardez ici maintenant\u00a0!","description":"V\u00e9ritable tapis berb\u00e8re vintage aux tons apaisants de bleu, gris, beige et vert. Un grand et beau tapis charg\u00e9 d&#039;histoire et de caract\u00e8re. \u00c0 d\u00e9couvrir chez Tibladin.","robots":{"index":"index","follow":"follow","max-snippet":"max-snippet:-1","max-image-preview":"max-image-preview:large","max-video-preview":"max-video-preview:-1"},"canonical":"https:\/\/tibladin.dk\/fr\/produit-4\/tapis-berbere-vintage-195x335cm-amnay\/","og_locale":"fr_FR","og_type":"article","og_title":"Berbert\u00e6ppe | Marokkansk t\u00e6ppe | Kig her lige nu!","og_description":"\u00c6gte Vintage Berbert\u00e6ppe i rolige bl\u00e5, gr\u00e5 og beige og gr\u00f8nne nuancer. Et stort dejligt t\u00e6ppe med masser af historie og karakter. Se det hos Tibladin.","og_url":"https:\/\/tibladin.dk\/fr\/produit-4\/tapis-berbere-vintage-195x335cm-amnay\/","og_site_name":"Tibladin","article_modified_time":"2026-02-06T17:48:30+00:00","og_image":[{"width":800,"height":800,"url":"https:\/\/tibladin.dk\/wp-content\/uploads\/2025\/09\/Stort-Beni-Mguild-taeppe_AMNAY_6.jpg","type":"image\/jpeg"}],"twitter_card":"summary_large_image","twitter_misc":{"Dur\u00e9e de lecture estim\u00e9e":"3 minutes"},"schema":{"@context":"https:\/\/schema.org","@graph":[{"@type":"WebPage","@id":"https:\/\/tibladin.dk\/produkt\/berbertaeppe-vintage-195x335cm-amnay\/","url":"https:\/\/tibladin.dk\/produkt\/berbertaeppe-vintage-195x335cm-amnay\/","name":"Tapis berb\u00e8re | Tapis marocain | Regardez ici maintenant\u00a0!","isPartOf":{"@id":"https:\/\/tibladin.dk\/#website"},"primaryImageOfPage":{"@id":"https:\/\/tibladin.dk\/produkt\/berbertaeppe-vintage-195x335cm-amnay\/#primaryimage"},"image":{"@id":"https:\/\/tibladin.dk\/produkt\/berbertaeppe-vintage-195x335cm-amnay\/#primaryimage"},"thumbnailUrl":"https:\/\/tibladin.dk\/wp-content\/uploads\/2025\/09\/Stort-Beni-Mguild-taeppe_AMNAY_6.jpg","datePublished":"2025-09-13T11:01:41+00:00","dateModified":"2026-02-06T17:48:30+00:00","description":"V\u00e9ritable tapis berb\u00e8re vintage aux tons apaisants de bleu, gris, beige et vert. Un grand et beau tapis charg\u00e9 d&#039;histoire et de caract\u00e8re. \u00c0 d\u00e9couvrir chez Tibladin.","breadcrumb":{"@id":"https:\/\/tibladin.dk\/produkt\/berbertaeppe-vintage-195x335cm-amnay\/#breadcrumb"},"inLanguage":"fr-FR","potentialAction":[{"@type":"ReadAction","target":["https:\/\/tibladin.dk\/produkt\/berbertaeppe-vintage-195x335cm-amnay\/"]}]},{"@type":"ImageObject","inLanguage":"fr-FR","@id":"https:\/\/tibladin.dk\/produkt\/berbertaeppe-vintage-195x335cm-amnay\/#primaryimage","url":"https:\/\/tibladin.dk\/wp-content\/uploads\/2025\/09\/Stort-Beni-Mguild-taeppe_AMNAY_6.jpg","contentUrl":"https:\/\/tibladin.dk\/wp-content\/uploads\/2025\/09\/Stort-Beni-Mguild-taeppe_AMNAY_6.jpg","width":800,"height":800,"caption":"Stort Beni Mguild t\u00e6ppe_AMNAY"},{"@type":"BreadcrumbList","@id":"https:\/\/tibladin.dk\/produkt\/berbertaeppe-vintage-195x335cm-amnay\/#breadcrumb","itemListElement":[{"@type":"ListItem","position":1,"name":"Hjem","item":"https:\/\/tibladin.dk\/"},{"@type":"ListItem","position":2,"name":"Shop","item":"https:\/\/tibladin.dk\/shop\/"},{"@type":"ListItem","position":3,"name":"Berbert\u00e6ppe vintage 195x335cm. AMNAY"}]},{"@type":"WebSite","@id":"https:\/\/tibladin.dk\/#website","url":"https:\/\/tibladin.dk\/","name":"Tibladin","description":"Tibladin","publisher":{"@id":"https:\/\/tibladin.dk\/#organization"},"potentialAction":[{"@type":"SearchAction","target":{"@type":"EntryPoint","urlTemplate":"https:\/\/tibladin.dk\/?s={search_term_string}"},"query-input":{"@type":"PropertyValueSpecification","valueRequired":true,"valueName":"search_term_string"}}],"inLanguage":"fr-FR"},{"@type":"Organization","@id":"https:\/\/tibladin.dk\/#organization","name":"Tibladin","url":"https:\/\/tibladin.dk\/","logo":{"@type":"ImageObject","inLanguage":"fr-FR","@id":"https:\/\/tibladin.dk\/#\/schema\/logo\/image\/","url":"https:\/\/tibladin.dk\/wp-content\/uploads\/2022\/09\/tibladin_logo.svg","contentUrl":"https:\/\/tibladin.dk\/wp-content\/uploads\/2022\/09\/tibladin_logo.svg","caption":"Tibladin"},"image":{"@id":"https:\/\/tibladin.dk\/#\/schema\/logo\/image\/"}}]}},"_links":{"self":[{"href":"https:\/\/tibladin.dk\/fr\/wp-json\/wp\/v2\/product\/39739","targetHints":{"allow":["GET"]}}],"collection":[{"href":"https:\/\/tibladin.dk\/fr\/wp-json\/wp\/v2\/product"}],"about":[{"href":"https:\/\/tibladin.dk\/fr\/wp-json\/wp\/v2\/types\/product"}],"wp:featuredmedia":[{"embeddable":true,"href":"https:\/\/tibladin.dk\/fr\/wp-json\/wp\/v2\/media\/39745"}],"wp:attachment":[{"href":"https:\/\/tibladin.dk\/fr\/wp-json\/wp\/v2\/media?parent=39739"}],"wp:term":[{"taxonomy":"product_brand","embeddable":true,"href":"https:\/\/tibladin.dk\/fr\/wp-json\/wp\/v2\/product_brand?post=39739"},{"taxonomy":"product_cat","embeddable":true,"href":"https:\/\/tibladin.dk\/fr\/wp-json\/wp\/v2\/product_cat?post=39739"},{"taxonomy":"product_tag","embeddable":true,"href":"https:\/\/tibladin.dk\/fr\/wp-json\/wp\/v2\/product_tag?post=39739"}],"curies":[{"name":"wp","href":"https:\/\/api.w.org\/{rel}","templated":true}]}}