{"id":40196,"date":"2025-10-02T10:50:44","date_gmt":"2025-10-02T08:50:44","guid":{"rendered":"https:\/\/tibladin.dk\/?post_type=product&#038;p=40196"},"modified":"2026-01-25T17:49:44","modified_gmt":"2026-01-25T16:49:44","slug":"tajine-marocain-de-22-cm","status":"publish","type":"product","link":"https:\/\/tibladin.dk\/fr\/produkt\/marokkansk-tagine-til-22-cm\/","title":{"rendered":"Tajine marocain pour \u2013 22 cm"},"content":{"rendered":"<div class=\"wpb-content-wrapper\"><p>Il est disponible en trois tailles pratiques, et la plus petite version de 22 cm est parfaite pour 1 \u00e0 2 personnes.<div class=\"vc_row wpb_row vc_row-fluid\"><div class=\"wpb_column vc_column_container vc_col-sm-4\"><div class=\"vc_column-inner\"><div class=\"wpb_wrapper\"><\/div><\/div><\/div><div class=\"wpb_column vc_column_container vc_col-sm-4\"><div class=\"vc_column-inner\"><div class=\"wpb_wrapper\"><h3 style=\"text-align: left\" class=\"vc_custom_heading vc_do_custom_heading\" >Entretien<\/h3>\n\t<div class=\"wpb_text_column wpb_content_element\" >\n\t\t<div class=\"wpb_wrapper\">\n\t\t\t<p>Approuv\u00e9 pour les aliments<\/p>\n<p><br style=\"font-weight: 400;\" \/><br style=\"font-weight: 400;\" \/><\/p>\n\n\t\t<\/div>\n\t<\/div>\n<\/div><\/div><\/div><div class=\"wpb_column vc_column_container vc_col-sm-4\"><div class=\"vc_column-inner\"><div class=\"wpb_wrapper\"><h3 style=\"text-align: left\" class=\"vc_custom_heading vc_do_custom_heading\" >L&#039;histoire derri\u00e8re<\/h3>\n\t<div class=\"wpb_text_column wpb_content_element\" >\n\t\t<div class=\"wpb_wrapper\">\n\t\t\t<p>Le tajine est un \u00e9l\u00e9ment embl\u00e9matique de la culture et de l&#039;artisanat marocains. Ce bol conique est traditionnellement utilis\u00e9 pour pr\u00e9parer des plats mijot\u00e9s, aussi appel\u00e9s \u00ab\u00a0tajines\u00a0\u00bb. Ces tajines sont sp\u00e9cialement s\u00e9lectionn\u00e9s pour le service\u00a0: ils apportent chaleur, couleur et une atmosph\u00e8re marocaine authentique directement \u00e0 votre table. Toutes les c\u00e9ramiques de Tibladin sont fabriqu\u00e9es \u00e0 la main au Maroc.<\/p>\n\n\t\t<\/div>\n\t<\/div>\n<\/div><\/div><\/div><\/div>\n<\/div>","protected":false},"excerpt":{"rendered":"<h3 data-start=\"104\" data-end=\"134\"><strong data-start=\"108\" data-end=\"134\">Tajine marocain fait main \u2013 pour cuisiner<\/strong><\/h3>\n<p>D\u00e9couvrez les saveurs authentiques du Maroc avec nos magnifiques tajines faits main. Chaque tajine est fa\u00e7onn\u00e9 et d\u00e9cor\u00e9 par des artisans marocains qualifi\u00e9s et fabriqu\u00e9 en argile naturelle, approuv\u00e9e pour la cuisson. Vous pouvez l&#039;utiliser directement sur la cuisini\u00e8re si vous disposez d&#039;une plaque de cuisson, ou le placer sur votre po\u00eale ou au four, vous permettant ainsi de cuisiner des plats traditionnels\u00a0: lentement, juteux et savoureux.<\/p>\n<p>Il est disponible en trois tailles pratiques, et la plus petite variante de 22 cm est parfaite pour 1 \u00e0 2 personnes.<\/p>\n<p>Les tajines sont disponibles dans diff\u00e9rentes couleurs et motifs, vous obtenez donc \u00e0 la fois un ustensile de cuisine fonctionnel et une pi\u00e8ce d&#039;artisanat d\u00e9corative qui apporte une atmosph\u00e8re marocaine dans votre maison.<\/p>\n<p>Avec un tajine, vous obtenez \u00e0 la fois une esth\u00e9tique traditionnelle et une nouvelle fa\u00e7on de cuisiner \u2013 id\u00e9al pour les plats mijot\u00e9s, les plats de l\u00e9gumes, le poisson, le poulet ou l&#039;agneau.<\/p>\n<p>Voir les recettes ici sur le blog de Tibladin : <a href=\"https:\/\/tibladin.dk\/fr\/categorie\/recettes\/\">https:\/\/tibladin.dk\/kategori\/opskrifter\/\u00a0<\/a><\/p>\n<p>Ou achetez le superbe livre de recettes Mother&#039;s Moroccan Food :\u00a0<a href=\"https:\/\/tibladin.dk\/fr\/produit-4\/livre-la-cuisine-marocaine-de-maman\/\">https:\/\/tibladin.dk\/produkt\/bog-mors-marokkanske-mad\/<\/a><\/p>","protected":false},"featured_media":40037,"template":"","meta":{"inline_featured_image":false},"product_brand":[],"product_cat":[175,139,157],"product_tag":[],"class_list":{"0":"post-40196","1":"product","2":"type-product","3":"status-publish","4":"has-post-thumbnail","6":"product_cat-driverse-marokkansk-keramik","7":"product_cat-marokkansk-keramik","8":"product_cat-tagines","10":"first","11":"outofstock","12":"taxable","13":"shipping-taxable","14":"purchasable","15":"product-type-variable"},"exclude_global_add_ons":false,"addons":[{"name":"Vous souhaitez un emballage cadeau ?","type":"checkbox","position":0,"required":false,"title_format":"label","default":"","description_enable":false,"description":"","placeholder_enable":false,"placeholder":"","display":"images","restrictions_type":"any_text","adjust_price":false,"price":"","price_type":"flat_fee","restrictions":false,"min":"0","max":"0","options":[{"label":"Ja tak","price":"10","price_type":"flat_fee","image":11015,"visibility":true}],"id":1669646111}],"yoast_head":"<!-- This site is optimized with the Yoast SEO plugin v27.4 - https:\/\/yoast.com\/product\/yoast-seo-wordpress\/ -->\n<title>Marokkansk tagine | H\u00e5ndlavet i Marokko | Tibladin<\/title>\n<meta name=\"description\" content=\"Smuk tagines findes i forskellige farver og motiver. Taginen er til tilberedning og kan bruges direkte p\u00e5 komfuret eller i ovnen.\" \/>\n<meta name=\"robots\" content=\"index, follow, max-snippet:-1, max-image-preview:large, max-video-preview:-1\" \/>\n<link rel=\"canonical\" href=\"https:\/\/tibladin.dk\/fr\/produit-4\/tajine-marocain-de-22-cm\/\" \/>\n<meta property=\"og:locale\" content=\"fr_FR\" \/>\n<meta property=\"og:type\" content=\"article\" \/>\n<meta property=\"og:title\" content=\"Marokkansk tagine | H\u00e5ndlavet i Marokko | Tibladin\" \/>\n<meta property=\"og:description\" content=\"Smuk tagines findes i forskellige farver og motiver. Taginen er til tilberedning og kan bruges direkte p\u00e5 komfuret eller i ovnen.\" \/>\n<meta property=\"og:url\" content=\"https:\/\/tibladin.dk\/fr\/produit-4\/tajine-marocain-de-22-cm\/\" \/>\n<meta property=\"og:site_name\" content=\"Tibladin\" \/>\n<meta property=\"article:modified_time\" content=\"2026-01-25T16:49:44+00:00\" \/>\n<meta property=\"og:image\" content=\"https:\/\/tibladin.dk\/wp-content\/uploads\/2025\/10\/Tagine_S_3.jpg\" \/>\n\t<meta property=\"og:image:width\" content=\"800\" \/>\n\t<meta property=\"og:image:height\" content=\"800\" \/>\n\t<meta property=\"og:image:type\" content=\"image\/jpeg\" \/>\n<meta name=\"twitter:card\" content=\"summary_large_image\" \/>\n<meta name=\"twitter:label1\" content=\"Dur\u00e9e de lecture estim\u00e9e\" \/>\n\t<meta name=\"twitter:data1\" content=\"2 minutes\" \/>\n<script type=\"application\/ld+json\" class=\"yoast-schema-graph\">{\"@context\":\"https:\\\/\\\/schema.org\",\"@graph\":[{\"@type\":\"WebPage\",\"@id\":\"https:\\\/\\\/tibladin.dk\\\/produkt\\\/marokkansk-tagine-til-22-cm\\\/\",\"url\":\"https:\\\/\\\/tibladin.dk\\\/produkt\\\/marokkansk-tagine-til-22-cm\\\/\",\"name\":\"Marokkansk tagine | H\u00e5ndlavet i Marokko | Tibladin\",\"isPartOf\":{\"@id\":\"https:\\\/\\\/tibladin.dk\\\/#website\"},\"primaryImageOfPage\":{\"@id\":\"https:\\\/\\\/tibladin.dk\\\/produkt\\\/marokkansk-tagine-til-22-cm\\\/#primaryimage\"},\"image\":{\"@id\":\"https:\\\/\\\/tibladin.dk\\\/produkt\\\/marokkansk-tagine-til-22-cm\\\/#primaryimage\"},\"thumbnailUrl\":\"https:\\\/\\\/tibladin.dk\\\/wp-content\\\/uploads\\\/2025\\\/10\\\/Tagine_S_3.jpg\",\"datePublished\":\"2025-10-02T08:50:44+00:00\",\"dateModified\":\"2026-01-25T16:49:44+00:00\",\"description\":\"Smuk tagines findes i forskellige farver og motiver. Taginen er til tilberedning og kan bruges direkte p\u00e5 komfuret eller i ovnen.\",\"breadcrumb\":{\"@id\":\"https:\\\/\\\/tibladin.dk\\\/produkt\\\/marokkansk-tagine-til-22-cm\\\/#breadcrumb\"},\"inLanguage\":\"fr-FR\",\"potentialAction\":[{\"@type\":\"ReadAction\",\"target\":[\"https:\\\/\\\/tibladin.dk\\\/produkt\\\/marokkansk-tagine-til-22-cm\\\/\"]}]},{\"@type\":\"ImageObject\",\"inLanguage\":\"fr-FR\",\"@id\":\"https:\\\/\\\/tibladin.dk\\\/produkt\\\/marokkansk-tagine-til-22-cm\\\/#primaryimage\",\"url\":\"https:\\\/\\\/tibladin.dk\\\/wp-content\\\/uploads\\\/2025\\\/10\\\/Tagine_S_3.jpg\",\"contentUrl\":\"https:\\\/\\\/tibladin.dk\\\/wp-content\\\/uploads\\\/2025\\\/10\\\/Tagine_S_3.jpg\",\"width\":800,\"height\":800,\"caption\":\"Tagine_S_3\"},{\"@type\":\"BreadcrumbList\",\"@id\":\"https:\\\/\\\/tibladin.dk\\\/produkt\\\/marokkansk-tagine-til-22-cm\\\/#breadcrumb\",\"itemListElement\":[{\"@type\":\"ListItem\",\"position\":1,\"name\":\"Hjem\",\"item\":\"https:\\\/\\\/tibladin.dk\\\/\"},{\"@type\":\"ListItem\",\"position\":2,\"name\":\"Shop\",\"item\":\"https:\\\/\\\/tibladin.dk\\\/shop\\\/\"},{\"@type\":\"ListItem\",\"position\":3,\"name\":\"Marokkansk tagine til \u2013 22 cm\"}]},{\"@type\":\"WebSite\",\"@id\":\"https:\\\/\\\/tibladin.dk\\\/#website\",\"url\":\"https:\\\/\\\/tibladin.dk\\\/\",\"name\":\"Tibladin\",\"description\":\"Tibladin\",\"publisher\":{\"@id\":\"https:\\\/\\\/tibladin.dk\\\/#organization\"},\"potentialAction\":[{\"@type\":\"SearchAction\",\"target\":{\"@type\":\"EntryPoint\",\"urlTemplate\":\"https:\\\/\\\/tibladin.dk\\\/?s={search_term_string}\"},\"query-input\":{\"@type\":\"PropertyValueSpecification\",\"valueRequired\":true,\"valueName\":\"search_term_string\"}}],\"inLanguage\":\"fr-FR\"},{\"@type\":\"Organization\",\"@id\":\"https:\\\/\\\/tibladin.dk\\\/#organization\",\"name\":\"Tibladin\",\"url\":\"https:\\\/\\\/tibladin.dk\\\/\",\"logo\":{\"@type\":\"ImageObject\",\"inLanguage\":\"fr-FR\",\"@id\":\"https:\\\/\\\/tibladin.dk\\\/#\\\/schema\\\/logo\\\/image\\\/\",\"url\":\"https:\\\/\\\/tibladin.dk\\\/wp-content\\\/uploads\\\/2022\\\/09\\\/tibladin_logo.svg\",\"contentUrl\":\"https:\\\/\\\/tibladin.dk\\\/wp-content\\\/uploads\\\/2022\\\/09\\\/tibladin_logo.svg\",\"caption\":\"Tibladin\"},\"image\":{\"@id\":\"https:\\\/\\\/tibladin.dk\\\/#\\\/schema\\\/logo\\\/image\\\/\"}}]}<\/script>\n<!-- \/ Yoast SEO plugin. -->","yoast_head_json":{"title":"Tajine marocain | Fait main au Maroc | Tibladin","description":"De magnifiques tajines sont disponibles en diff\u00e9rentes couleurs et motifs. Le tajine est destin\u00e9 \u00e0 la cuisson et peut \u00eatre utilis\u00e9 directement sur la cuisini\u00e8re ou au four.","robots":{"index":"index","follow":"follow","max-snippet":"max-snippet:-1","max-image-preview":"max-image-preview:large","max-video-preview":"max-video-preview:-1"},"canonical":"https:\/\/tibladin.dk\/fr\/produit-4\/tajine-marocain-de-22-cm\/","og_locale":"fr_FR","og_type":"article","og_title":"Marokkansk tagine | H\u00e5ndlavet i Marokko | Tibladin","og_description":"Smuk tagines findes i forskellige farver og motiver. Taginen er til tilberedning og kan bruges direkte p\u00e5 komfuret eller i ovnen.","og_url":"https:\/\/tibladin.dk\/fr\/produit-4\/tajine-marocain-de-22-cm\/","og_site_name":"Tibladin","article_modified_time":"2026-01-25T16:49:44+00:00","og_image":[{"width":800,"height":800,"url":"https:\/\/tibladin.dk\/wp-content\/uploads\/2025\/10\/Tagine_S_3.jpg","type":"image\/jpeg"}],"twitter_card":"summary_large_image","twitter_misc":{"Dur\u00e9e de lecture estim\u00e9e":"2 minutes"},"schema":{"@context":"https:\/\/schema.org","@graph":[{"@type":"WebPage","@id":"https:\/\/tibladin.dk\/produkt\/marokkansk-tagine-til-22-cm\/","url":"https:\/\/tibladin.dk\/produkt\/marokkansk-tagine-til-22-cm\/","name":"Tajine marocain | Fait main au Maroc | Tibladin","isPartOf":{"@id":"https:\/\/tibladin.dk\/#website"},"primaryImageOfPage":{"@id":"https:\/\/tibladin.dk\/produkt\/marokkansk-tagine-til-22-cm\/#primaryimage"},"image":{"@id":"https:\/\/tibladin.dk\/produkt\/marokkansk-tagine-til-22-cm\/#primaryimage"},"thumbnailUrl":"https:\/\/tibladin.dk\/wp-content\/uploads\/2025\/10\/Tagine_S_3.jpg","datePublished":"2025-10-02T08:50:44+00:00","dateModified":"2026-01-25T16:49:44+00:00","description":"De magnifiques tajines sont disponibles en diff\u00e9rentes couleurs et motifs. Le tajine est destin\u00e9 \u00e0 la cuisson et peut \u00eatre utilis\u00e9 directement sur la cuisini\u00e8re ou au four.","breadcrumb":{"@id":"https:\/\/tibladin.dk\/produkt\/marokkansk-tagine-til-22-cm\/#breadcrumb"},"inLanguage":"fr-FR","potentialAction":[{"@type":"ReadAction","target":["https:\/\/tibladin.dk\/produkt\/marokkansk-tagine-til-22-cm\/"]}]},{"@type":"ImageObject","inLanguage":"fr-FR","@id":"https:\/\/tibladin.dk\/produkt\/marokkansk-tagine-til-22-cm\/#primaryimage","url":"https:\/\/tibladin.dk\/wp-content\/uploads\/2025\/10\/Tagine_S_3.jpg","contentUrl":"https:\/\/tibladin.dk\/wp-content\/uploads\/2025\/10\/Tagine_S_3.jpg","width":800,"height":800,"caption":"Tagine_S_3"},{"@type":"BreadcrumbList","@id":"https:\/\/tibladin.dk\/produkt\/marokkansk-tagine-til-22-cm\/#breadcrumb","itemListElement":[{"@type":"ListItem","position":1,"name":"Hjem","item":"https:\/\/tibladin.dk\/"},{"@type":"ListItem","position":2,"name":"Shop","item":"https:\/\/tibladin.dk\/shop\/"},{"@type":"ListItem","position":3,"name":"Marokkansk tagine til \u2013 22 cm"}]},{"@type":"WebSite","@id":"https:\/\/tibladin.dk\/#website","url":"https:\/\/tibladin.dk\/","name":"Tibladin","description":"Tibladin","publisher":{"@id":"https:\/\/tibladin.dk\/#organization"},"potentialAction":[{"@type":"SearchAction","target":{"@type":"EntryPoint","urlTemplate":"https:\/\/tibladin.dk\/?s={search_term_string}"},"query-input":{"@type":"PropertyValueSpecification","valueRequired":true,"valueName":"search_term_string"}}],"inLanguage":"fr-FR"},{"@type":"Organization","@id":"https:\/\/tibladin.dk\/#organization","name":"Tibladin","url":"https:\/\/tibladin.dk\/","logo":{"@type":"ImageObject","inLanguage":"fr-FR","@id":"https:\/\/tibladin.dk\/#\/schema\/logo\/image\/","url":"https:\/\/tibladin.dk\/wp-content\/uploads\/2022\/09\/tibladin_logo.svg","contentUrl":"https:\/\/tibladin.dk\/wp-content\/uploads\/2022\/09\/tibladin_logo.svg","caption":"Tibladin"},"image":{"@id":"https:\/\/tibladin.dk\/#\/schema\/logo\/image\/"}}]}},"_links":{"self":[{"href":"https:\/\/tibladin.dk\/fr\/wp-json\/wp\/v2\/product\/40196","targetHints":{"allow":["GET"]}}],"collection":[{"href":"https:\/\/tibladin.dk\/fr\/wp-json\/wp\/v2\/product"}],"about":[{"href":"https:\/\/tibladin.dk\/fr\/wp-json\/wp\/v2\/types\/product"}],"wp:featuredmedia":[{"embeddable":true,"href":"https:\/\/tibladin.dk\/fr\/wp-json\/wp\/v2\/media\/40037"}],"wp:attachment":[{"href":"https:\/\/tibladin.dk\/fr\/wp-json\/wp\/v2\/media?parent=40196"}],"wp:term":[{"taxonomy":"product_brand","embeddable":true,"href":"https:\/\/tibladin.dk\/fr\/wp-json\/wp\/v2\/product_brand?post=40196"},{"taxonomy":"product_cat","embeddable":true,"href":"https:\/\/tibladin.dk\/fr\/wp-json\/wp\/v2\/product_cat?post=40196"},{"taxonomy":"product_tag","embeddable":true,"href":"https:\/\/tibladin.dk\/fr\/wp-json\/wp\/v2\/product_tag?post=40196"}],"curies":[{"name":"wp","href":"https:\/\/api.w.org\/{rel}","templated":true}]}}