{"id":40257,"date":"2025-10-02T15:30:02","date_gmt":"2025-10-02T13:30:02","guid":{"rendered":"https:\/\/tibladin.dk\/?post_type=product&#038;p=40257"},"modified":"2025-10-02T15:37:43","modified_gmt":"2025-10-02T13:37:43","slug":"petite-lampe-marocaine-en-osier-abat-jour-nomade","status":"publish","type":"product","link":"https:\/\/tibladin.dk\/fr\/produkt\/lille-marokkansk-flet-lampe-nomade-shades\/","title":{"rendered":"Petite lampe marocaine en osier \u2013 NOMADE SHADES"},"content":{"rendered":"<div class=\"wpb-content-wrapper\"><div class=\"vc_row wpb_row vc_row-fluid\"><div class=\"wpb_column vc_column_container vc_col-sm-4\"><div class=\"vc_column-inner\"><div class=\"wpb_wrapper\"><\/div><\/div><\/div><div class=\"wpb_column vc_column_container vc_col-sm-4\"><div class=\"vc_column-inner\"><div class=\"wpb_wrapper\"><h3 style=\"text-align: left\" class=\"vc_custom_heading vc_do_custom_heading\" >Entretien<\/h3>\n\t<div class=\"wpb_text_column wpb_content_element\" >\n\t\t<div class=\"wpb_wrapper\">\n\t\t\t<p>Essuyez avec un chiffon \u00e0 poussi\u00e8re.<\/p>\n<p>Les lampes sont fabriqu\u00e9es \u00e0 la main et pr\u00e9sentent de petites imperfections et de petites diff\u00e9rences de forme et de motif.<\/p>\n\n\t\t<\/div>\n\t<\/div>\n<\/div><\/div><\/div><div class=\"wpb_column vc_column_container vc_col-sm-4\"><div class=\"vc_column-inner\"><div class=\"wpb_wrapper\"><h3 style=\"text-align: left\" class=\"vc_custom_heading vc_do_custom_heading\" >L&#039;histoire derri\u00e8re<\/h3>\n\t<div class=\"wpb_text_column wpb_content_element\" >\n\t\t<div class=\"wpb_wrapper\">\n\t\t\t<p>Les lampes\/lampes corbeille en raphia sont de nouveau au premier plan dans la d\u00e9coration int\u00e9rieure. Ils donnent un joli look boh\u00e8me et une ambiance cosy et d\u00e9contract\u00e9e.<\/p>\n<p>Les lampes du Maroc ajoutent une touche unique \u00e0 votre d\u00e9coration et apportent une lumi\u00e8re d\u00e9corative.<\/p>\n<p>Les lampes sont fabriqu\u00e9es \u00e0 la main et il y aura de petites imperfections et diff\u00e9rences de motif et de forme.<\/p>\n\n\t\t<\/div>\n\t<\/div>\n<\/div><\/div><\/div><\/div>\n<\/div>","protected":false},"excerpt":{"rendered":"<p data-start=\"92\" data-end=\"405\"><strong>Abat-jour Nomade de 20 cm de diam\u00e8tre<\/strong>\u00a0Cet abat-jour tiss\u00e9 \u00e0 la main en mat\u00e9riau naturel apporte une touche rustique et authentique \u00e0 votre int\u00e9rieur. Il est fabriqu\u00e9 en osier traditionnel, l&#039;alfa, une mati\u00e8re naturelle poussant \u00e0 l&#039;\u00e9tat sauvage en Afrique du Nord, notamment au Maroc.<\/p>\n<p data-start=\"407\" data-end=\"630\">Id\u00e9al pour ceux qui recherchent un \u00e9l\u00e9ment unique et naturel au-dessus de la table \u00e0 manger, dans le salon ou sur la terrasse couverte. Allum\u00e9e, la vannerie filtre la lumi\u00e8re de mani\u00e8re atmosph\u00e9rique, cr\u00e9ant une ambiance chaleureuse et conviviale.<\/p>\n<p data-start=\"632\" data-end=\"728\">\ud83d\udc49 Remarque : Prise et c\u00e2ble non inclus - l&#039;\u00e9cran se fixe facilement sur une prise existante.<\/p>\n<p data-start=\"0\" data-end=\"120\">\n<p data-start=\"122\" data-end=\"297\">\n<p>&nbsp;<\/p>\n<p>&nbsp;<\/p>\n<p>&nbsp;<\/p>","protected":false},"featured_media":40234,"template":"","meta":{"inline_featured_image":false},"product_brand":[],"product_cat":[67,69],"product_tag":[],"class_list":{"0":"post-40257","1":"product","2":"type-product","3":"status-publish","4":"has-post-thumbnail","6":"product_cat-lamper","7":"product_cat-rafia-lamper","9":"first","10":"instock","11":"taxable","12":"shipping-taxable","13":"purchasable","14":"product-type-simple"},"exclude_global_add_ons":false,"addons":[{"name":"Vous souhaitez un emballage cadeau ?","type":"checkbox","position":0,"required":false,"title_format":"label","default":"","description_enable":false,"description":"","placeholder_enable":false,"placeholder":"","display":"images","restrictions_type":"any_text","adjust_price":false,"price":"","price_type":"flat_fee","restrictions":false,"min":"0","max":"0","options":[{"label":"Ja tak","price":"10","price_type":"flat_fee","image":11015,"visibility":true}],"id":1669646111}],"yoast_head":"<!-- This site is optimized with the Yoast SEO plugin v27.4 - https:\/\/yoast.com\/product\/yoast-seo-wordpress\/ -->\n<title>Marokkansk pendel-lampe i rafia | H\u00e5ndlavet i Marrakech | Tibladin<\/title>\n<meta name=\"description\" content=\"Flot marokkansk lampe i rafia kurveflet. Giver et hyggeligt og afslappet boheme look til din boligindretning \u21d2 Se den her!\" \/>\n<meta name=\"robots\" content=\"index, follow, max-snippet:-1, max-image-preview:large, max-video-preview:-1\" \/>\n<link rel=\"canonical\" href=\"https:\/\/tibladin.dk\/fr\/produit-4\/petite-lampe-marocaine-en-osier-abat-jour-nomade\/\" \/>\n<meta property=\"og:locale\" content=\"fr_FR\" \/>\n<meta property=\"og:type\" content=\"article\" \/>\n<meta property=\"og:title\" content=\"Marokkansk pendel-lampe i rafia | H\u00e5ndlavet i Marrakech | Tibladin\" \/>\n<meta property=\"og:description\" content=\"Flot marokkansk lampe i rafia kurveflet. Giver et hyggeligt og afslappet boheme look til din boligindretning \u21d2 Se den her!\" \/>\n<meta property=\"og:url\" content=\"https:\/\/tibladin.dk\/fr\/produit-4\/petite-lampe-marocaine-en-osier-abat-jour-nomade\/\" \/>\n<meta property=\"og:site_name\" content=\"Tibladin\" \/>\n<meta property=\"article:modified_time\" content=\"2025-10-02T13:37:43+00:00\" \/>\n<meta property=\"og:image\" content=\"https:\/\/tibladin.dk\/wp-content\/uploads\/2025\/10\/Nomade-shades_lampeskaerm_1.jpg\" \/>\n\t<meta property=\"og:image:width\" content=\"800\" \/>\n\t<meta property=\"og:image:height\" content=\"800\" \/>\n\t<meta property=\"og:image:type\" content=\"image\/jpeg\" \/>\n<meta name=\"twitter:card\" content=\"summary_large_image\" \/>\n<meta name=\"twitter:label1\" content=\"Dur\u00e9e de lecture estim\u00e9e\" \/>\n\t<meta name=\"twitter:data1\" content=\"2 minutes\" \/>\n<script type=\"application\/ld+json\" class=\"yoast-schema-graph\">{\"@context\":\"https:\\\/\\\/schema.org\",\"@graph\":[{\"@type\":\"WebPage\",\"@id\":\"https:\\\/\\\/tibladin.dk\\\/produkt\\\/lille-marokkansk-flet-lampe-nomade-shades\\\/\",\"url\":\"https:\\\/\\\/tibladin.dk\\\/produkt\\\/lille-marokkansk-flet-lampe-nomade-shades\\\/\",\"name\":\"Marokkansk pendel-lampe i rafia | H\u00e5ndlavet i Marrakech | Tibladin\",\"isPartOf\":{\"@id\":\"https:\\\/\\\/tibladin.dk\\\/#website\"},\"primaryImageOfPage\":{\"@id\":\"https:\\\/\\\/tibladin.dk\\\/produkt\\\/lille-marokkansk-flet-lampe-nomade-shades\\\/#primaryimage\"},\"image\":{\"@id\":\"https:\\\/\\\/tibladin.dk\\\/produkt\\\/lille-marokkansk-flet-lampe-nomade-shades\\\/#primaryimage\"},\"thumbnailUrl\":\"https:\\\/\\\/tibladin.dk\\\/wp-content\\\/uploads\\\/2025\\\/10\\\/Nomade-shades_lampeskaerm_1.jpg\",\"datePublished\":\"2025-10-02T13:30:02+00:00\",\"dateModified\":\"2025-10-02T13:37:43+00:00\",\"description\":\"Flot marokkansk lampe i rafia kurveflet. Giver et hyggeligt og afslappet boheme look til din boligindretning \u21d2 Se den her!\",\"breadcrumb\":{\"@id\":\"https:\\\/\\\/tibladin.dk\\\/produkt\\\/lille-marokkansk-flet-lampe-nomade-shades\\\/#breadcrumb\"},\"inLanguage\":\"fr-FR\",\"potentialAction\":[{\"@type\":\"ReadAction\",\"target\":[\"https:\\\/\\\/tibladin.dk\\\/produkt\\\/lille-marokkansk-flet-lampe-nomade-shades\\\/\"]}]},{\"@type\":\"ImageObject\",\"inLanguage\":\"fr-FR\",\"@id\":\"https:\\\/\\\/tibladin.dk\\\/produkt\\\/lille-marokkansk-flet-lampe-nomade-shades\\\/#primaryimage\",\"url\":\"https:\\\/\\\/tibladin.dk\\\/wp-content\\\/uploads\\\/2025\\\/10\\\/Nomade-shades_lampeskaerm_1.jpg\",\"contentUrl\":\"https:\\\/\\\/tibladin.dk\\\/wp-content\\\/uploads\\\/2025\\\/10\\\/Nomade-shades_lampeskaerm_1.jpg\",\"width\":800,\"height\":800,\"caption\":\"lille bohemelampe NOMADE SHADES 20 cm i diameter\"},{\"@type\":\"BreadcrumbList\",\"@id\":\"https:\\\/\\\/tibladin.dk\\\/produkt\\\/lille-marokkansk-flet-lampe-nomade-shades\\\/#breadcrumb\",\"itemListElement\":[{\"@type\":\"ListItem\",\"position\":1,\"name\":\"Hjem\",\"item\":\"https:\\\/\\\/tibladin.dk\\\/\"},{\"@type\":\"ListItem\",\"position\":2,\"name\":\"Shop\",\"item\":\"https:\\\/\\\/tibladin.dk\\\/shop\\\/\"},{\"@type\":\"ListItem\",\"position\":3,\"name\":\"Lille marokkansk flet lampe &#8211; NOMADE SHADES\"}]},{\"@type\":\"WebSite\",\"@id\":\"https:\\\/\\\/tibladin.dk\\\/#website\",\"url\":\"https:\\\/\\\/tibladin.dk\\\/\",\"name\":\"Tibladin\",\"description\":\"Tibladin\",\"publisher\":{\"@id\":\"https:\\\/\\\/tibladin.dk\\\/#organization\"},\"potentialAction\":[{\"@type\":\"SearchAction\",\"target\":{\"@type\":\"EntryPoint\",\"urlTemplate\":\"https:\\\/\\\/tibladin.dk\\\/?s={search_term_string}\"},\"query-input\":{\"@type\":\"PropertyValueSpecification\",\"valueRequired\":true,\"valueName\":\"search_term_string\"}}],\"inLanguage\":\"fr-FR\"},{\"@type\":\"Organization\",\"@id\":\"https:\\\/\\\/tibladin.dk\\\/#organization\",\"name\":\"Tibladin\",\"url\":\"https:\\\/\\\/tibladin.dk\\\/\",\"logo\":{\"@type\":\"ImageObject\",\"inLanguage\":\"fr-FR\",\"@id\":\"https:\\\/\\\/tibladin.dk\\\/#\\\/schema\\\/logo\\\/image\\\/\",\"url\":\"https:\\\/\\\/tibladin.dk\\\/wp-content\\\/uploads\\\/2022\\\/09\\\/tibladin_logo.svg\",\"contentUrl\":\"https:\\\/\\\/tibladin.dk\\\/wp-content\\\/uploads\\\/2022\\\/09\\\/tibladin_logo.svg\",\"caption\":\"Tibladin\"},\"image\":{\"@id\":\"https:\\\/\\\/tibladin.dk\\\/#\\\/schema\\\/logo\\\/image\\\/\"}}]}<\/script>\n<!-- \/ Yoast SEO plugin. -->","yoast_head_json":{"title":"Lampe \u00e0 suspension marocaine en raphia | Fait main \u00e0 Marrakech | Tibladine","description":"Jolie lampe marocaine en osier raphia. Donne un look boh\u00e8me cosy et d\u00e9contract\u00e9 \u00e0 votre d\u00e9coration int\u00e9rieure \u21d2 D\u00e9couvrez-le ici !","robots":{"index":"index","follow":"follow","max-snippet":"max-snippet:-1","max-image-preview":"max-image-preview:large","max-video-preview":"max-video-preview:-1"},"canonical":"https:\/\/tibladin.dk\/fr\/produit-4\/petite-lampe-marocaine-en-osier-abat-jour-nomade\/","og_locale":"fr_FR","og_type":"article","og_title":"Marokkansk pendel-lampe i rafia | H\u00e5ndlavet i Marrakech | Tibladin","og_description":"Flot marokkansk lampe i rafia kurveflet. Giver et hyggeligt og afslappet boheme look til din boligindretning \u21d2 Se den her!","og_url":"https:\/\/tibladin.dk\/fr\/produit-4\/petite-lampe-marocaine-en-osier-abat-jour-nomade\/","og_site_name":"Tibladin","article_modified_time":"2025-10-02T13:37:43+00:00","og_image":[{"width":800,"height":800,"url":"https:\/\/tibladin.dk\/wp-content\/uploads\/2025\/10\/Nomade-shades_lampeskaerm_1.jpg","type":"image\/jpeg"}],"twitter_card":"summary_large_image","twitter_misc":{"Dur\u00e9e de lecture estim\u00e9e":"2 minutes"},"schema":{"@context":"https:\/\/schema.org","@graph":[{"@type":"WebPage","@id":"https:\/\/tibladin.dk\/produkt\/lille-marokkansk-flet-lampe-nomade-shades\/","url":"https:\/\/tibladin.dk\/produkt\/lille-marokkansk-flet-lampe-nomade-shades\/","name":"Lampe \u00e0 suspension marocaine en raphia | Fait main \u00e0 Marrakech | Tibladine","isPartOf":{"@id":"https:\/\/tibladin.dk\/#website"},"primaryImageOfPage":{"@id":"https:\/\/tibladin.dk\/produkt\/lille-marokkansk-flet-lampe-nomade-shades\/#primaryimage"},"image":{"@id":"https:\/\/tibladin.dk\/produkt\/lille-marokkansk-flet-lampe-nomade-shades\/#primaryimage"},"thumbnailUrl":"https:\/\/tibladin.dk\/wp-content\/uploads\/2025\/10\/Nomade-shades_lampeskaerm_1.jpg","datePublished":"2025-10-02T13:30:02+00:00","dateModified":"2025-10-02T13:37:43+00:00","description":"Jolie lampe marocaine en osier raphia. Donne un look boh\u00e8me cosy et d\u00e9contract\u00e9 \u00e0 votre d\u00e9coration int\u00e9rieure \u21d2 D\u00e9couvrez-le ici !","breadcrumb":{"@id":"https:\/\/tibladin.dk\/produkt\/lille-marokkansk-flet-lampe-nomade-shades\/#breadcrumb"},"inLanguage":"fr-FR","potentialAction":[{"@type":"ReadAction","target":["https:\/\/tibladin.dk\/produkt\/lille-marokkansk-flet-lampe-nomade-shades\/"]}]},{"@type":"ImageObject","inLanguage":"fr-FR","@id":"https:\/\/tibladin.dk\/produkt\/lille-marokkansk-flet-lampe-nomade-shades\/#primaryimage","url":"https:\/\/tibladin.dk\/wp-content\/uploads\/2025\/10\/Nomade-shades_lampeskaerm_1.jpg","contentUrl":"https:\/\/tibladin.dk\/wp-content\/uploads\/2025\/10\/Nomade-shades_lampeskaerm_1.jpg","width":800,"height":800,"caption":"lille bohemelampe NOMADE SHADES 20 cm i diameter"},{"@type":"BreadcrumbList","@id":"https:\/\/tibladin.dk\/produkt\/lille-marokkansk-flet-lampe-nomade-shades\/#breadcrumb","itemListElement":[{"@type":"ListItem","position":1,"name":"Hjem","item":"https:\/\/tibladin.dk\/"},{"@type":"ListItem","position":2,"name":"Shop","item":"https:\/\/tibladin.dk\/shop\/"},{"@type":"ListItem","position":3,"name":"Lille marokkansk flet lampe &#8211; NOMADE SHADES"}]},{"@type":"WebSite","@id":"https:\/\/tibladin.dk\/#website","url":"https:\/\/tibladin.dk\/","name":"Tibladin","description":"Tibladin","publisher":{"@id":"https:\/\/tibladin.dk\/#organization"},"potentialAction":[{"@type":"SearchAction","target":{"@type":"EntryPoint","urlTemplate":"https:\/\/tibladin.dk\/?s={search_term_string}"},"query-input":{"@type":"PropertyValueSpecification","valueRequired":true,"valueName":"search_term_string"}}],"inLanguage":"fr-FR"},{"@type":"Organization","@id":"https:\/\/tibladin.dk\/#organization","name":"Tibladin","url":"https:\/\/tibladin.dk\/","logo":{"@type":"ImageObject","inLanguage":"fr-FR","@id":"https:\/\/tibladin.dk\/#\/schema\/logo\/image\/","url":"https:\/\/tibladin.dk\/wp-content\/uploads\/2022\/09\/tibladin_logo.svg","contentUrl":"https:\/\/tibladin.dk\/wp-content\/uploads\/2022\/09\/tibladin_logo.svg","caption":"Tibladin"},"image":{"@id":"https:\/\/tibladin.dk\/#\/schema\/logo\/image\/"}}]}},"_links":{"self":[{"href":"https:\/\/tibladin.dk\/fr\/wp-json\/wp\/v2\/product\/40257","targetHints":{"allow":["GET"]}}],"collection":[{"href":"https:\/\/tibladin.dk\/fr\/wp-json\/wp\/v2\/product"}],"about":[{"href":"https:\/\/tibladin.dk\/fr\/wp-json\/wp\/v2\/types\/product"}],"wp:featuredmedia":[{"embeddable":true,"href":"https:\/\/tibladin.dk\/fr\/wp-json\/wp\/v2\/media\/40234"}],"wp:attachment":[{"href":"https:\/\/tibladin.dk\/fr\/wp-json\/wp\/v2\/media?parent=40257"}],"wp:term":[{"taxonomy":"product_brand","embeddable":true,"href":"https:\/\/tibladin.dk\/fr\/wp-json\/wp\/v2\/product_brand?post=40257"},{"taxonomy":"product_cat","embeddable":true,"href":"https:\/\/tibladin.dk\/fr\/wp-json\/wp\/v2\/product_cat?post=40257"},{"taxonomy":"product_tag","embeddable":true,"href":"https:\/\/tibladin.dk\/fr\/wp-json\/wp\/v2\/product_tag?post=40257"}],"curies":[{"name":"wp","href":"https:\/\/api.w.org\/{rel}","templated":true}]}}