{"id":40326,"date":"2025-10-03T13:22:16","date_gmt":"2025-10-03T11:22:16","guid":{"rendered":"https:\/\/tibladin.dk\/?post_type=product&#038;p=40326"},"modified":"2025-10-03T13:31:16","modified_gmt":"2025-10-03T11:31:16","slug":"lampe-marocaine-au-crochet-beige-sahara-clair","status":"publish","type":"product","link":"https:\/\/tibladin.dk\/fr\/produkt\/marokkanske-haeklet-lampe-beige-sahara-light\/","title":{"rendered":"Lampe marocaine au crochet \u2013 BEIGE \u2013 SAHARA LIGHT"},"content":{"rendered":"<div class=\"wpb-content-wrapper\"><div class=\"vc_row wpb_row vc_row-fluid\"><div class=\"wpb_column vc_column_container vc_col-sm-4\"><div class=\"vc_column-inner\"><div class=\"wpb_wrapper\"><\/div><\/div><\/div><div class=\"wpb_column vc_column_container vc_col-sm-4\"><div class=\"vc_column-inner\"><div class=\"wpb_wrapper\"><h3 style=\"text-align: left\" class=\"vc_custom_heading vc_do_custom_heading\" >Entretien<\/h3>\n\t<div class=\"wpb_text_column wpb_content_element\" >\n\t\t<div class=\"wpb_wrapper\">\n\t\t\t<p>D\u00e9poussi\u00e9rer\/nettoyer r\u00e9guli\u00e8rement avec un plumeau.<\/p>\n<p>Vous pouvez \u00e9galement utiliser un rouleau anti-peluche ou un aspirateur \u00e0 main avec un suceur pour meubles rembourr\u00e9s. Vous pouvez \u00e9galement les essuyer avec un chiffon l\u00e9g\u00e8rement humide apr\u00e8s les avoir d\u00e9poussi\u00e9r\u00e9s en utilisant l&#039;une des m\u00e9thodes ci-dessus.<\/p>\n<p>Les lampes sont fabriqu\u00e9es \u00e0 la main et pr\u00e9sentent de petites imperfections et de petites diff\u00e9rences de forme et de motif.<\/p>\n\n\t\t<\/div>\n\t<\/div>\n<\/div><\/div><\/div><div class=\"wpb_column vc_column_container vc_col-sm-4\"><div class=\"vc_column-inner\"><div class=\"wpb_wrapper\"><h3 style=\"text-align: left\" class=\"vc_custom_heading vc_do_custom_heading\" >L&#039;histoire derri\u00e8re<\/h3>\n\t<div class=\"wpb_text_column wpb_content_element\" >\n\t\t<div class=\"wpb_wrapper\">\n\t\t\t<p>Les lampes sont fabriqu\u00e9es \u00e0 la main par des femmes dans une coop\u00e9rative f\u00e9minine au sud de Marrakech.<\/p>\n<p>La coop\u00e9rative de femmes emploie 160 femmes et contribue ainsi \u00e0 \u00e9lever le niveau de vie de nombreuses familles du petit village. Une \u00e9cole et un jardin d&#039;enfants ont \u00e9t\u00e9 cr\u00e9\u00e9s pour les enfants des femmes, afin que ceux-ci puissent recevoir une \u00e9ducation et trouver un emploi pendant que les m\u00e8res travaillent. Cela am\u00e9liore le niveau de vie des nombreuses familles du petit village.<\/p>\n\n\t\t<\/div>\n\t<\/div>\n<\/div><\/div><\/div><\/div>\n<\/div>","protected":false},"excerpt":{"rendered":"<p><strong>SAHARA LIGHT en BEIGE \u00d840 cm.H:90 cm<\/strong><\/p>\n<p>Sahara Light est une lampe sculpturale qui, avec son motif crochet\u00e9 main et ses douces teintes sable, \u00e9voque les lignes et les formes apaisantes du d\u00e9sert. Sa silhouette \u00e9l\u00e9gante et organique \u00e9voque les d\u00f4mes architecturaux marocains et les ornements traditionnels \u2013 un m\u00e9lange d&#039;h\u00e9ritage culturel et de simplicit\u00e9 moderne.<\/p>\n<p>Chaque lampe est fabriqu\u00e9e \u00e0 la main avec soin par des femmes d&#039;une coop\u00e9rative marocaine, reconnue pour leur savoir-faire exquis et leur souci du d\u00e9tail. En achetant Sahara Light, vous soutenez la condition des femmes et cr\u00e9ez un espace de d\u00e9veloppement et de nouvelles opportunit\u00e9s au Maroc.<\/p>\n<p>La lampe diffuse une lumi\u00e8re chaude et agr\u00e9able qui cr\u00e9e une atmosph\u00e8re dans la pi\u00e8ce \u2013 parfaite au-dessus de la table \u00e0 manger, dans le salon ou comme pi\u00e8ce ma\u00eetresse dans le couloir.<\/p>\n<p>La qualit\u00e9 est de premier ordre, car nous travaillons uniquement avec les meilleurs mat\u00e9riaux et le travail manuel est le meilleur du genre au Maroc.<\/p>\n<p data-start=\"632\" data-end=\"728\">\ud83d\udc49 Remarque : Prise et c\u00e2ble non inclus - l&#039;\u00e9cran se fixe facilement sur une prise existante.<\/p>\n<p>&nbsp;<\/p>\n<p>&nbsp;<\/p>\n<p>&nbsp;<\/p>","protected":false},"featured_media":40180,"template":"","meta":{"inline_featured_image":false},"product_brand":[],"product_cat":[177,67],"product_tag":[],"class_list":{"0":"post-40326","1":"product","2":"type-product","3":"status-publish","4":"has-post-thumbnail","6":"product_cat-haeklede-lamper","7":"product_cat-lamper","9":"first","10":"instock","11":"taxable","12":"shipping-taxable","13":"purchasable","14":"product-type-simple"},"exclude_global_add_ons":false,"addons":[{"name":"Vous souhaitez un emballage cadeau ?","type":"checkbox","position":0,"required":false,"title_format":"label","default":"","description_enable":false,"description":"","placeholder_enable":false,"placeholder":"","display":"images","restrictions_type":"any_text","adjust_price":false,"price":"","price_type":"flat_fee","restrictions":false,"min":"0","max":"0","options":[{"label":"Ja tak","price":"10","price_type":"flat_fee","image":11015,"visibility":true}],"id":1669646111}],"yoast_head":"<!-- This site is optimized with the Yoast SEO plugin v27.5 - https:\/\/yoast.com\/product\/yoast-seo-wordpress\/ -->\n<title>Marokkansk h\u00e6klet pendel-lampe i viskose | H\u00e5ndlavet i Marrakech Tibladin<\/title>\n<meta name=\"description\" content=\"Flot marokkansk lampe h\u00e5ndh\u00e6klet i kvindekooperativ. Giver et hyggeligt og afslappet boheme look til din boligindretning \u21d2 Se den her!\" \/>\n<meta name=\"robots\" content=\"index, follow, max-snippet:-1, max-image-preview:large, max-video-preview:-1\" \/>\n<link rel=\"canonical\" href=\"https:\/\/tibladin.dk\/fr\/produit-4\/lampe-marocaine-au-crochet-beige-sahara-clair\/\" \/>\n<meta property=\"og:locale\" content=\"fr_FR\" \/>\n<meta property=\"og:type\" content=\"article\" \/>\n<meta property=\"og:title\" content=\"Marokkansk h\u00e6klet pendel-lampe i viskose | H\u00e5ndlavet i Marrakech Tibladin\" \/>\n<meta property=\"og:description\" content=\"Flot marokkansk lampe h\u00e5ndh\u00e6klet i kvindekooperativ. Giver et hyggeligt og afslappet boheme look til din boligindretning \u21d2 Se den her!\" \/>\n<meta property=\"og:url\" content=\"https:\/\/tibladin.dk\/fr\/produit-4\/lampe-marocaine-au-crochet-beige-sahara-clair\/\" \/>\n<meta property=\"og:site_name\" content=\"Tibladin\" \/>\n<meta property=\"article:modified_time\" content=\"2025-10-03T11:31:16+00:00\" \/>\n<meta property=\"og:image\" content=\"https:\/\/tibladin.dk\/wp-content\/uploads\/2025\/10\/ATLAS-light-lampe_beige_1.jpg\" \/>\n\t<meta property=\"og:image:width\" content=\"800\" \/>\n\t<meta property=\"og:image:height\" content=\"800\" \/>\n\t<meta property=\"og:image:type\" content=\"image\/jpeg\" \/>\n<meta name=\"twitter:card\" content=\"summary_large_image\" \/>\n<meta name=\"twitter:label1\" content=\"Dur\u00e9e de lecture estim\u00e9e\" \/>\n\t<meta name=\"twitter:data1\" content=\"2 minutes\" \/>\n<script type=\"application\/ld+json\" class=\"yoast-schema-graph\">{\"@context\":\"https:\\\/\\\/schema.org\",\"@graph\":[{\"@type\":\"WebPage\",\"@id\":\"https:\\\/\\\/tibladin.dk\\\/produkt\\\/marokkanske-haeklet-lampe-beige-sahara-light\\\/\",\"url\":\"https:\\\/\\\/tibladin.dk\\\/produkt\\\/marokkanske-haeklet-lampe-beige-sahara-light\\\/\",\"name\":\"Marokkansk h\u00e6klet pendel-lampe i viskose | H\u00e5ndlavet i Marrakech Tibladin\",\"isPartOf\":{\"@id\":\"https:\\\/\\\/tibladin.dk\\\/#website\"},\"primaryImageOfPage\":{\"@id\":\"https:\\\/\\\/tibladin.dk\\\/produkt\\\/marokkanske-haeklet-lampe-beige-sahara-light\\\/#primaryimage\"},\"image\":{\"@id\":\"https:\\\/\\\/tibladin.dk\\\/produkt\\\/marokkanske-haeklet-lampe-beige-sahara-light\\\/#primaryimage\"},\"thumbnailUrl\":\"https:\\\/\\\/tibladin.dk\\\/wp-content\\\/uploads\\\/2025\\\/10\\\/ATLAS-light-lampe_beige_1.jpg\",\"datePublished\":\"2025-10-03T11:22:16+00:00\",\"dateModified\":\"2025-10-03T11:31:16+00:00\",\"description\":\"Flot marokkansk lampe h\u00e5ndh\u00e6klet i kvindekooperativ. Giver et hyggeligt og afslappet boheme look til din boligindretning \u21d2 Se den her!\",\"breadcrumb\":{\"@id\":\"https:\\\/\\\/tibladin.dk\\\/produkt\\\/marokkanske-haeklet-lampe-beige-sahara-light\\\/#breadcrumb\"},\"inLanguage\":\"fr-FR\",\"potentialAction\":[{\"@type\":\"ReadAction\",\"target\":[\"https:\\\/\\\/tibladin.dk\\\/produkt\\\/marokkanske-haeklet-lampe-beige-sahara-light\\\/\"]}]},{\"@type\":\"ImageObject\",\"inLanguage\":\"fr-FR\",\"@id\":\"https:\\\/\\\/tibladin.dk\\\/produkt\\\/marokkanske-haeklet-lampe-beige-sahara-light\\\/#primaryimage\",\"url\":\"https:\\\/\\\/tibladin.dk\\\/wp-content\\\/uploads\\\/2025\\\/10\\\/ATLAS-light-lampe_beige_1.jpg\",\"contentUrl\":\"https:\\\/\\\/tibladin.dk\\\/wp-content\\\/uploads\\\/2025\\\/10\\\/ATLAS-light-lampe_beige_1.jpg\",\"width\":800,\"height\":800},{\"@type\":\"BreadcrumbList\",\"@id\":\"https:\\\/\\\/tibladin.dk\\\/produkt\\\/marokkanske-haeklet-lampe-beige-sahara-light\\\/#breadcrumb\",\"itemListElement\":[{\"@type\":\"ListItem\",\"position\":1,\"name\":\"Hjem\",\"item\":\"https:\\\/\\\/tibladin.dk\\\/\"},{\"@type\":\"ListItem\",\"position\":2,\"name\":\"Shop\",\"item\":\"https:\\\/\\\/tibladin.dk\\\/shop\\\/\"},{\"@type\":\"ListItem\",\"position\":3,\"name\":\"Marokkanske h\u00e6klet lampe &#8211; BEIGE &#8211; SAHARA LIGHT\"}]},{\"@type\":\"WebSite\",\"@id\":\"https:\\\/\\\/tibladin.dk\\\/#website\",\"url\":\"https:\\\/\\\/tibladin.dk\\\/\",\"name\":\"Tibladin\",\"description\":\"Tibladin\",\"publisher\":{\"@id\":\"https:\\\/\\\/tibladin.dk\\\/#organization\"},\"potentialAction\":[{\"@type\":\"SearchAction\",\"target\":{\"@type\":\"EntryPoint\",\"urlTemplate\":\"https:\\\/\\\/tibladin.dk\\\/?s={search_term_string}\"},\"query-input\":{\"@type\":\"PropertyValueSpecification\",\"valueRequired\":true,\"valueName\":\"search_term_string\"}}],\"inLanguage\":\"fr-FR\"},{\"@type\":\"Organization\",\"@id\":\"https:\\\/\\\/tibladin.dk\\\/#organization\",\"name\":\"Tibladin\",\"url\":\"https:\\\/\\\/tibladin.dk\\\/\",\"logo\":{\"@type\":\"ImageObject\",\"inLanguage\":\"fr-FR\",\"@id\":\"https:\\\/\\\/tibladin.dk\\\/#\\\/schema\\\/logo\\\/image\\\/\",\"url\":\"https:\\\/\\\/tibladin.dk\\\/wp-content\\\/uploads\\\/2022\\\/09\\\/tibladin_logo.svg\",\"contentUrl\":\"https:\\\/\\\/tibladin.dk\\\/wp-content\\\/uploads\\\/2022\\\/09\\\/tibladin_logo.svg\",\"caption\":\"Tibladin\"},\"image\":{\"@id\":\"https:\\\/\\\/tibladin.dk\\\/#\\\/schema\\\/logo\\\/image\\\/\"}}]}<\/script>\n<!-- \/ Yoast SEO plugin. -->","yoast_head_json":{"title":"Suspension marocaine crochet\u00e9e en viscose | Fabriqu\u00e9e \u00e0 la main \u00e0 Marrakech Tibladin","description":"Magnifique lampe marocaine crochet\u00e9e \u00e0 la main dans une coop\u00e9rative de femmes. Elle apportera une touche boh\u00e8me et chaleureuse \u00e0 votre d\u00e9coration int\u00e9rieure. \u21d2 D\u00e9couvrez-la ici\u00a0!","robots":{"index":"index","follow":"follow","max-snippet":"max-snippet:-1","max-image-preview":"max-image-preview:large","max-video-preview":"max-video-preview:-1"},"canonical":"https:\/\/tibladin.dk\/fr\/produit-4\/lampe-marocaine-au-crochet-beige-sahara-clair\/","og_locale":"fr_FR","og_type":"article","og_title":"Marokkansk h\u00e6klet pendel-lampe i viskose | H\u00e5ndlavet i Marrakech Tibladin","og_description":"Flot marokkansk lampe h\u00e5ndh\u00e6klet i kvindekooperativ. Giver et hyggeligt og afslappet boheme look til din boligindretning \u21d2 Se den her!","og_url":"https:\/\/tibladin.dk\/fr\/produit-4\/lampe-marocaine-au-crochet-beige-sahara-clair\/","og_site_name":"Tibladin","article_modified_time":"2025-10-03T11:31:16+00:00","og_image":[{"width":800,"height":800,"url":"https:\/\/tibladin.dk\/wp-content\/uploads\/2025\/10\/ATLAS-light-lampe_beige_1.jpg","type":"image\/jpeg"}],"twitter_card":"summary_large_image","twitter_misc":{"Dur\u00e9e de lecture estim\u00e9e":"2 minutes"},"schema":{"@context":"https:\/\/schema.org","@graph":[{"@type":"WebPage","@id":"https:\/\/tibladin.dk\/produkt\/marokkanske-haeklet-lampe-beige-sahara-light\/","url":"https:\/\/tibladin.dk\/produkt\/marokkanske-haeklet-lampe-beige-sahara-light\/","name":"Suspension marocaine crochet\u00e9e en viscose | Fabriqu\u00e9e \u00e0 la main \u00e0 Marrakech Tibladin","isPartOf":{"@id":"https:\/\/tibladin.dk\/#website"},"primaryImageOfPage":{"@id":"https:\/\/tibladin.dk\/produkt\/marokkanske-haeklet-lampe-beige-sahara-light\/#primaryimage"},"image":{"@id":"https:\/\/tibladin.dk\/produkt\/marokkanske-haeklet-lampe-beige-sahara-light\/#primaryimage"},"thumbnailUrl":"https:\/\/tibladin.dk\/wp-content\/uploads\/2025\/10\/ATLAS-light-lampe_beige_1.jpg","datePublished":"2025-10-03T11:22:16+00:00","dateModified":"2025-10-03T11:31:16+00:00","description":"Magnifique lampe marocaine crochet\u00e9e \u00e0 la main dans une coop\u00e9rative de femmes. Elle apportera une touche boh\u00e8me et chaleureuse \u00e0 votre d\u00e9coration int\u00e9rieure. \u21d2 D\u00e9couvrez-la ici\u00a0!","breadcrumb":{"@id":"https:\/\/tibladin.dk\/produkt\/marokkanske-haeklet-lampe-beige-sahara-light\/#breadcrumb"},"inLanguage":"fr-FR","potentialAction":[{"@type":"ReadAction","target":["https:\/\/tibladin.dk\/produkt\/marokkanske-haeklet-lampe-beige-sahara-light\/"]}]},{"@type":"ImageObject","inLanguage":"fr-FR","@id":"https:\/\/tibladin.dk\/produkt\/marokkanske-haeklet-lampe-beige-sahara-light\/#primaryimage","url":"https:\/\/tibladin.dk\/wp-content\/uploads\/2025\/10\/ATLAS-light-lampe_beige_1.jpg","contentUrl":"https:\/\/tibladin.dk\/wp-content\/uploads\/2025\/10\/ATLAS-light-lampe_beige_1.jpg","width":800,"height":800},{"@type":"BreadcrumbList","@id":"https:\/\/tibladin.dk\/produkt\/marokkanske-haeklet-lampe-beige-sahara-light\/#breadcrumb","itemListElement":[{"@type":"ListItem","position":1,"name":"Hjem","item":"https:\/\/tibladin.dk\/"},{"@type":"ListItem","position":2,"name":"Shop","item":"https:\/\/tibladin.dk\/shop\/"},{"@type":"ListItem","position":3,"name":"Marokkanske h\u00e6klet lampe &#8211; BEIGE &#8211; SAHARA LIGHT"}]},{"@type":"WebSite","@id":"https:\/\/tibladin.dk\/#website","url":"https:\/\/tibladin.dk\/","name":"Tibladin","description":"Tibladin","publisher":{"@id":"https:\/\/tibladin.dk\/#organization"},"potentialAction":[{"@type":"SearchAction","target":{"@type":"EntryPoint","urlTemplate":"https:\/\/tibladin.dk\/?s={search_term_string}"},"query-input":{"@type":"PropertyValueSpecification","valueRequired":true,"valueName":"search_term_string"}}],"inLanguage":"fr-FR"},{"@type":"Organization","@id":"https:\/\/tibladin.dk\/#organization","name":"Tibladin","url":"https:\/\/tibladin.dk\/","logo":{"@type":"ImageObject","inLanguage":"fr-FR","@id":"https:\/\/tibladin.dk\/#\/schema\/logo\/image\/","url":"https:\/\/tibladin.dk\/wp-content\/uploads\/2022\/09\/tibladin_logo.svg","contentUrl":"https:\/\/tibladin.dk\/wp-content\/uploads\/2022\/09\/tibladin_logo.svg","caption":"Tibladin"},"image":{"@id":"https:\/\/tibladin.dk\/#\/schema\/logo\/image\/"}}]}},"_links":{"self":[{"href":"https:\/\/tibladin.dk\/fr\/wp-json\/wp\/v2\/product\/40326","targetHints":{"allow":["GET"]}}],"collection":[{"href":"https:\/\/tibladin.dk\/fr\/wp-json\/wp\/v2\/product"}],"about":[{"href":"https:\/\/tibladin.dk\/fr\/wp-json\/wp\/v2\/types\/product"}],"wp:featuredmedia":[{"embeddable":true,"href":"https:\/\/tibladin.dk\/fr\/wp-json\/wp\/v2\/media\/40180"}],"wp:attachment":[{"href":"https:\/\/tibladin.dk\/fr\/wp-json\/wp\/v2\/media?parent=40326"}],"wp:term":[{"taxonomy":"product_brand","embeddable":true,"href":"https:\/\/tibladin.dk\/fr\/wp-json\/wp\/v2\/product_brand?post=40326"},{"taxonomy":"product_cat","embeddable":true,"href":"https:\/\/tibladin.dk\/fr\/wp-json\/wp\/v2\/product_cat?post=40326"},{"taxonomy":"product_tag","embeddable":true,"href":"https:\/\/tibladin.dk\/fr\/wp-json\/wp\/v2\/product_tag?post=40326"}],"curies":[{"name":"wp","href":"https:\/\/api.w.org\/{rel}","templated":true}]}}