{"id":40330,"date":"2025-10-03T13:36:50","date_gmt":"2025-10-03T11:36:50","guid":{"rendered":"https:\/\/tibladin.dk\/?post_type=product&#038;p=40330"},"modified":"2025-10-03T14:17:56","modified_gmt":"2025-10-03T12:17:56","slug":"coussin-de-sol-pouf-en-laine-atlas-minuit","status":"publish","type":"product","link":"https:\/\/tibladin.dk\/fr\/produkt\/gulvpude-puf-i-uld-midnight-atlas\/","title":{"rendered":"Coussin de sol\/pouf en laine \u2013 MIDNIGHT ATLAS"},"content":{"rendered":"<div class=\"wpb-content-wrapper\"><div class=\"vc_row wpb_row vc_row-fluid\"><div class=\"wpb_column vc_column_container vc_col-sm-6\"><div class=\"vc_column-inner\"><div class=\"wpb_wrapper\"><h3 style=\"text-align: left\" class=\"vc_custom_heading vc_do_custom_heading\" >Entretenir votre coussin de sol<\/h3>\n\t<div class=\"wpb_text_column wpb_content_element\" >\n\t\t<div class=\"wpb_wrapper\">\n\t\t\t<p>Si vous avez la malchance de tacher votre pouf en laine ou votre coussin de sol en laine, commencez par passer l&#039;aspirateur sur la tache. La laine est naturellement entour\u00e9e de lanoline, qui forme un film protecteur sur les fibres, les taches ont donc moins de chances de p\u00e9n\u00e9trer. Si cela ne s&#039;enl\u00e8ve pas, vous pouvez prendre un chiffon humide et tamponner la tache, enfin ne pas frotter. Si nous avons la chance qu&#039;il neige un jour d&#039;hiver, \u00e9tendez votre pouf en laine ou votre couverture en laine dans la neige fra\u00eechement tomb\u00e9e. C&#039;est la m\u00e9thode la plus efficace pour le nettoyer en profondeur<\/p>\n\n\t\t<\/div>\n\t<\/div>\n<\/div><\/div><\/div><div class=\"wpb_column vc_column_container vc_col-sm-6\"><div class=\"vc_column-inner\"><div class=\"wpb_wrapper\"><h3 style=\"text-align: left\" class=\"vc_custom_heading vc_do_custom_heading\" >Coussins\/poufs de sol en tapis Azilal<\/h3>\n\t<div class=\"wpb_text_column wpb_content_element\" >\n\t\t<div class=\"wpb_wrapper\">\n\t\t\t<p>Nous avons re\u00e7u de nombreux coussins de sol\/poufs en laine de diff\u00e9rentes couleurs et motifs. Ces coussins de sol sont cousus main \u00e0 partir de v\u00e9ritables tapis azilal vintage, c&#039;est pourquoi tous les coussins de sol sont diff\u00e9rents. Les tapis proviennent de la r\u00e9gion d&#039;Azilal, dans les montagnes marocaines \u00e0 l&#039;est de Marrakech, o\u00f9 c&#039;est g\u00e9n\u00e9ralement le travail des femmes de tisser les tapis \u00e0 la main. \u00c0 l\u2019origine, les femmes berb\u00e8res locales n\u2019avaient pas de langue \u00e9crite, elles tissaient donc des histoires dans les tapis, c\u2019est pourquoi chaque tapis est unique. Les tapis Azilal sont fabriqu\u00e9s \u00e0 partir de laine 100% \u2013 parfois associ\u00e9e \u00e0 du fil de coton.<\/p>\n<p><a href=\"https:\/\/tibladin.dk\/fr\/categorie-de-produit\/interieur\/meubles\/poufs\/\">D\u00e9couvrez ici notre gamme compl\u00e8te de coussins de sol fabriqu\u00e9s \u00e0 partir de tapis Azilal et Beni Ouarain recycl\u00e9s.<\/a><\/p>\n<p><b>Remplissez votre pouf<\/b><br \/>\nLe mieux est de remplir votre pouf d&#039;un grand coussin ferme \u2013 de pr\u00e9f\u00e9rence 90\u00d790 cm, qui remplira bien l&#039;ensemble du coussin. Vous pouvez facilement utiliser des objets que vous poss\u00e9dez d\u00e9j\u00e0, des couettes, des oreillers, des couvertures ou du papier journal bien froiss\u00e9. Vous pouvez \u00e9galement acheter des granul\u00e9s de mousse ou du rembourrage en coton pour votre pouf. Si vous utilisez ce genre de rembourrage, nous vous recommandons de coudre une housse int\u00e9rieure ou de prendre une vieille housse de couette et d&#039;y mettre le rembourrage avant de le mettre dans votre pouf.<\/p>\n<p>En cas d&#039;achat suppl\u00e9mentaire, nous l&#039;envoyons avec un support de montage 90\u00d790 cm.<\/p>\n\n\t\t<\/div>\n\t<\/div>\n<\/div><\/div><\/div><\/div>\n<\/div>","protected":false},"excerpt":{"rendered":"<article class=\"text-token-text-primary w-full focus:outline-none scroll-mt-[calc(var(--header-height)+min(200px,max(70px,20svh)))]\" dir=\"auto\" tabindex=\"-1\" data-turn-id=\"43dfec14-1809-43f4-a852-c7415f8209c4\" data-testid=\"conversation-turn-30\" data-scroll-anchor=\"true\" data-turn=\"assistant\">\n<div class=\"text-base my-auto mx-auto pb-10 [--thread-content-margin:--spacing(4)] @[37rem]:[--thread-content-margin:--spacing(6)] @[72rem]:[--thread-content-margin:--spacing(16)] px-(--thread-content-margin)\">\n<div class=\"[--thread-content-max-width:32rem] @[34rem]:[--thread-content-max-width:40rem] @[64rem]:[--thread-content-max-width:48rem] mx-auto max-w-(--thread-content-max-width) flex-1 group\/turn-messages focus-visible:outline-hidden relative flex w-full min-w-0 flex-col agent-turn\" tabindex=\"-1\">\n<div class=\"flex max-w-full flex-col grow\">\n<div class=\"min-h-8 text-message relative flex w-full flex-col items-end gap-2 text-start break-words whitespace-normal [.text-message+&amp;]:mt-5\" dir=\"auto\" data-message-author-role=\"assistant\" data-message-id=\"5a20f797-1d00-4fae-b31c-c3b8fb963e0d\" data-message-model-slug=\"gpt-5\">\n<div class=\"flex w-full flex-col gap-1 empty:hidden first:pt-[3px]\">\n<div class=\"markdown prose dark:prose-invert w-full break-words light markdown-new-styling\">\n<p data-start=\"215\" data-end=\"264\">\u2600\ufe0f<strong> Midnight Atlas<\/strong>\u00a0<strong data-start=\"218\" data-end=\"259\">\u2013 vintage marokkansk gulvpude<\/strong> \u2600\ufe0f<\/p>\n<p data-start=\"703\" data-end=\"835\">\u2028Denne Midnight Atlas gulvpude er et kraftfuldt statement-piece, h\u00e5ndlavet i Marokko af et vintage berbert\u00e6ppe. Det dybe sorte udtryk st\u00e5r i smuk kontrast til de varme gule og orange diamantm\u00f8nstre, som symboliserer lys i natten \u2013 inspireret af stjernehimlen over Atlasbjergene.<\/p>\n<p data-start=\"703\" data-end=\"835\">Skabt af dygtige berberkvinder, er puden et autentisk stykke marokkansk h\u00e5ndv\u00e6rk, hvor tradition og tidens spor smelter sammen. Den er b\u00e5de dekorativ og funktionel \u2013 perfekt som ekstra siddeplads, fodskammel eller som et dramatisk blikfang i indretningen.<\/p>\n<ul>\n<li>\u00a0Materiale: Uld (genanvendt fra vintage t\u00e6ppe)<\/li>\n<li>\u00a0Oprindelse: H\u00e5ndlavet i Marokko<\/li>\n<li>\u00a0Fyld: Leveres uden fyld (kan nemt fyldes med fx t\u00e6pper, puder eller fyldv\u00e5r for at give den \u00f8nskede form og komfort)\n<p data-start=\"1205\" data-end=\"1265\">Du kan ogs\u00e5 v\u00e6lge din gulvpude med fyld af en stor monteringspude 90&#215;90 cm der fylder puden godt ud og g\u00f8r den bl\u00f8d og behagelig at sidde p\u00e5.<\/p>\n<p>M\u00e5l: ca. 60&#215;60 cm \u00a0og ca 25-30 cm i h\u00f8jden (kan variere lidt, da den er h\u00e5ndlavet) bagsiden er i stribet \u00a0berbert\u00e6ppe og der er praktisk lynl\u00e5s for lettere at kunne fylde den.<\/li>\n<\/ul>\n<p data-start=\"1205\" data-end=\"1265\">Kun \u00e9t eksemplar \u2013 et unikt stykke marokkansk kunsth\u00e5ndv\u00e6rk til dit hjem.<\/p>\n<\/div>\n<\/div>\n<\/div>\n<\/div>\n<div class=\"flex min-h-[46px] justify-start\"><\/div>\n<div class=\"mt-3 w-full empty:hidden\"><\/div>\n<\/div>\n<\/div>\n<\/article>\n","protected":false},"featured_media":40299,"template":"","meta":{"inline_featured_image":false},"product_brand":[],"product_cat":[101,39],"product_tag":[],"class_list":{"0":"post-40330","1":"product","2":"type-product","3":"status-publish","4":"has-post-thumbnail","6":"product_cat-gulvpuder-uldpufs","7":"product_cat-moebler","9":"first","10":"instock","11":"taxable","12":"shipping-taxable","13":"purchasable","14":"product-type-simple"},"exclude_global_add_ons":false,"addons":[{"name":"Voulez-vous un coussin de garnissage?","type":"checkbox","position":0,"required":false,"title_format":"label","default":"","description_enable":true,"description":"Garni d&#039;un grand coussin de 90 x 90 cm, il remplit parfaitement le pouf et le rend moelleux et confortable. Sa housse est facile \u00e0 retirer et \u00e0 nettoyer.","placeholder_enable":false,"placeholder":"","display":"images","restrictions_type":"any_text","adjust_price":false,"price":"","price_type":"flat_fee","restrictions":false,"min":"0","max":"0","options":[{"label":"Ja tak","price":"300","price_type":"quantity_based","image":11028,"visibility":true}],"id":1672424044}],"yoast_head":"<!-- This site is optimized with the Yoast SEO plugin v27.4 - https:\/\/yoast.com\/product\/yoast-seo-wordpress\/ -->\n<title>Marokkansk gulvpude | H\u00e5ndsyet af Azilal-t\u00e6ppe | Tibladin<\/title>\n<meta name=\"description\" content=\"Unik marokkansk gulvpude i m\u00f8rke nuancer, hvor varme gule og orange diamantm\u00f8nstre skaber en smuk kontrast. H\u00e5ndlavet i Marrakech \u21d2 Se den her.\" \/>\n<meta name=\"robots\" content=\"index, follow, max-snippet:-1, max-image-preview:large, max-video-preview:-1\" \/>\n<link rel=\"canonical\" href=\"https:\/\/tibladin.dk\/fr\/produit-4\/coussin-de-sol-pouf-en-laine-atlas-minuit\/\" \/>\n<meta property=\"og:locale\" content=\"fr_FR\" \/>\n<meta property=\"og:type\" content=\"article\" \/>\n<meta property=\"og:title\" content=\"Marokkansk gulvpude | H\u00e5ndsyet af Azilal-t\u00e6ppe | Tibladin\" \/>\n<meta property=\"og:description\" content=\"Unik marokkansk gulvpude i m\u00f8rke nuancer, hvor varme gule og orange diamantm\u00f8nstre skaber en smuk kontrast. H\u00e5ndlavet i Marrakech \u21d2 Se den her.\" \/>\n<meta property=\"og:url\" content=\"https:\/\/tibladin.dk\/fr\/produit-4\/coussin-de-sol-pouf-en-laine-atlas-minuit\/\" \/>\n<meta property=\"og:site_name\" content=\"Tibladin\" \/>\n<meta property=\"article:modified_time\" content=\"2025-10-03T12:17:56+00:00\" \/>\n<meta property=\"og:image\" content=\"https:\/\/tibladin.dk\/wp-content\/uploads\/2025\/10\/Marokkansk-gulvpude_Midnight-atlas_1.jpeg\" \/>\n\t<meta property=\"og:image:width\" content=\"800\" \/>\n\t<meta property=\"og:image:height\" content=\"800\" \/>\n\t<meta property=\"og:image:type\" content=\"image\/jpeg\" \/>\n<meta name=\"twitter:card\" content=\"summary_large_image\" \/>\n<meta name=\"twitter:label1\" content=\"Dur\u00e9e de lecture estim\u00e9e\" \/>\n\t<meta name=\"twitter:data1\" content=\"3 minutes\" \/>\n<script type=\"application\/ld+json\" class=\"yoast-schema-graph\">{\"@context\":\"https:\\\/\\\/schema.org\",\"@graph\":[{\"@type\":\"WebPage\",\"@id\":\"https:\\\/\\\/tibladin.dk\\\/produkt\\\/gulvpude-puf-i-uld-midnight-atlas\\\/\",\"url\":\"https:\\\/\\\/tibladin.dk\\\/produkt\\\/gulvpude-puf-i-uld-midnight-atlas\\\/\",\"name\":\"Marokkansk gulvpude | H\u00e5ndsyet af Azilal-t\u00e6ppe | Tibladin\",\"isPartOf\":{\"@id\":\"https:\\\/\\\/tibladin.dk\\\/#website\"},\"primaryImageOfPage\":{\"@id\":\"https:\\\/\\\/tibladin.dk\\\/produkt\\\/gulvpude-puf-i-uld-midnight-atlas\\\/#primaryimage\"},\"image\":{\"@id\":\"https:\\\/\\\/tibladin.dk\\\/produkt\\\/gulvpude-puf-i-uld-midnight-atlas\\\/#primaryimage\"},\"thumbnailUrl\":\"https:\\\/\\\/tibladin.dk\\\/wp-content\\\/uploads\\\/2025\\\/10\\\/Marokkansk-gulvpude_Midnight-atlas_1.jpeg\",\"datePublished\":\"2025-10-03T11:36:50+00:00\",\"dateModified\":\"2025-10-03T12:17:56+00:00\",\"description\":\"Unik marokkansk gulvpude i m\u00f8rke nuancer, hvor varme gule og orange diamantm\u00f8nstre skaber en smuk kontrast. H\u00e5ndlavet i Marrakech \u21d2 Se den her.\",\"breadcrumb\":{\"@id\":\"https:\\\/\\\/tibladin.dk\\\/produkt\\\/gulvpude-puf-i-uld-midnight-atlas\\\/#breadcrumb\"},\"inLanguage\":\"fr-FR\",\"potentialAction\":[{\"@type\":\"ReadAction\",\"target\":[\"https:\\\/\\\/tibladin.dk\\\/produkt\\\/gulvpude-puf-i-uld-midnight-atlas\\\/\"]}]},{\"@type\":\"ImageObject\",\"inLanguage\":\"fr-FR\",\"@id\":\"https:\\\/\\\/tibladin.dk\\\/produkt\\\/gulvpude-puf-i-uld-midnight-atlas\\\/#primaryimage\",\"url\":\"https:\\\/\\\/tibladin.dk\\\/wp-content\\\/uploads\\\/2025\\\/10\\\/Marokkansk-gulvpude_Midnight-atlas_1.jpeg\",\"contentUrl\":\"https:\\\/\\\/tibladin.dk\\\/wp-content\\\/uploads\\\/2025\\\/10\\\/Marokkansk-gulvpude_Midnight-atlas_1.jpeg\",\"width\":800,\"height\":800,\"caption\":\"Marokkansk-gulvpude_Midnight-atlas_1\"},{\"@type\":\"BreadcrumbList\",\"@id\":\"https:\\\/\\\/tibladin.dk\\\/produkt\\\/gulvpude-puf-i-uld-midnight-atlas\\\/#breadcrumb\",\"itemListElement\":[{\"@type\":\"ListItem\",\"position\":1,\"name\":\"Hjem\",\"item\":\"https:\\\/\\\/tibladin.dk\\\/\"},{\"@type\":\"ListItem\",\"position\":2,\"name\":\"Shop\",\"item\":\"https:\\\/\\\/tibladin.dk\\\/shop\\\/\"},{\"@type\":\"ListItem\",\"position\":3,\"name\":\"Gulvpude\\\/puf i uld &#8211; MIDNIGHT ATLAS\"}]},{\"@type\":\"WebSite\",\"@id\":\"https:\\\/\\\/tibladin.dk\\\/#website\",\"url\":\"https:\\\/\\\/tibladin.dk\\\/\",\"name\":\"Tibladin\",\"description\":\"Tibladin\",\"publisher\":{\"@id\":\"https:\\\/\\\/tibladin.dk\\\/#organization\"},\"potentialAction\":[{\"@type\":\"SearchAction\",\"target\":{\"@type\":\"EntryPoint\",\"urlTemplate\":\"https:\\\/\\\/tibladin.dk\\\/?s={search_term_string}\"},\"query-input\":{\"@type\":\"PropertyValueSpecification\",\"valueRequired\":true,\"valueName\":\"search_term_string\"}}],\"inLanguage\":\"fr-FR\"},{\"@type\":\"Organization\",\"@id\":\"https:\\\/\\\/tibladin.dk\\\/#organization\",\"name\":\"Tibladin\",\"url\":\"https:\\\/\\\/tibladin.dk\\\/\",\"logo\":{\"@type\":\"ImageObject\",\"inLanguage\":\"fr-FR\",\"@id\":\"https:\\\/\\\/tibladin.dk\\\/#\\\/schema\\\/logo\\\/image\\\/\",\"url\":\"https:\\\/\\\/tibladin.dk\\\/wp-content\\\/uploads\\\/2022\\\/09\\\/tibladin_logo.svg\",\"contentUrl\":\"https:\\\/\\\/tibladin.dk\\\/wp-content\\\/uploads\\\/2022\\\/09\\\/tibladin_logo.svg\",\"caption\":\"Tibladin\"},\"image\":{\"@id\":\"https:\\\/\\\/tibladin.dk\\\/#\\\/schema\\\/logo\\\/image\\\/\"}}]}<\/script>\n<!-- \/ Yoast SEO plugin. -->","yoast_head_json":{"title":"Coussin de sol marocain | Cousu main \u00e0 partir d&#039;un tapis Azilal | Tibladin","description":"Coussin de sol marocain unique aux tons sombres, o\u00f9 les motifs en losanges jaune et orange cr\u00e9ent un joli contraste. Fabriqu\u00e9 \u00e0 la main \u00e0 Marrakech \u21d2 Voir ici.","robots":{"index":"index","follow":"follow","max-snippet":"max-snippet:-1","max-image-preview":"max-image-preview:large","max-video-preview":"max-video-preview:-1"},"canonical":"https:\/\/tibladin.dk\/fr\/produit-4\/coussin-de-sol-pouf-en-laine-atlas-minuit\/","og_locale":"fr_FR","og_type":"article","og_title":"Marokkansk gulvpude | H\u00e5ndsyet af Azilal-t\u00e6ppe | Tibladin","og_description":"Unik marokkansk gulvpude i m\u00f8rke nuancer, hvor varme gule og orange diamantm\u00f8nstre skaber en smuk kontrast. H\u00e5ndlavet i Marrakech \u21d2 Se den her.","og_url":"https:\/\/tibladin.dk\/fr\/produit-4\/coussin-de-sol-pouf-en-laine-atlas-minuit\/","og_site_name":"Tibladin","article_modified_time":"2025-10-03T12:17:56+00:00","og_image":[{"width":800,"height":800,"url":"https:\/\/tibladin.dk\/wp-content\/uploads\/2025\/10\/Marokkansk-gulvpude_Midnight-atlas_1.jpeg","type":"image\/jpeg"}],"twitter_card":"summary_large_image","twitter_misc":{"Dur\u00e9e de lecture estim\u00e9e":"3 minutes"},"schema":{"@context":"https:\/\/schema.org","@graph":[{"@type":"WebPage","@id":"https:\/\/tibladin.dk\/produkt\/gulvpude-puf-i-uld-midnight-atlas\/","url":"https:\/\/tibladin.dk\/produkt\/gulvpude-puf-i-uld-midnight-atlas\/","name":"Coussin de sol marocain | Cousu main \u00e0 partir d&#039;un tapis Azilal | Tibladin","isPartOf":{"@id":"https:\/\/tibladin.dk\/#website"},"primaryImageOfPage":{"@id":"https:\/\/tibladin.dk\/produkt\/gulvpude-puf-i-uld-midnight-atlas\/#primaryimage"},"image":{"@id":"https:\/\/tibladin.dk\/produkt\/gulvpude-puf-i-uld-midnight-atlas\/#primaryimage"},"thumbnailUrl":"https:\/\/tibladin.dk\/wp-content\/uploads\/2025\/10\/Marokkansk-gulvpude_Midnight-atlas_1.jpeg","datePublished":"2025-10-03T11:36:50+00:00","dateModified":"2025-10-03T12:17:56+00:00","description":"Coussin de sol marocain unique aux tons sombres, o\u00f9 les motifs en losanges jaune et orange cr\u00e9ent un joli contraste. Fabriqu\u00e9 \u00e0 la main \u00e0 Marrakech \u21d2 Voir ici.","breadcrumb":{"@id":"https:\/\/tibladin.dk\/produkt\/gulvpude-puf-i-uld-midnight-atlas\/#breadcrumb"},"inLanguage":"fr-FR","potentialAction":[{"@type":"ReadAction","target":["https:\/\/tibladin.dk\/produkt\/gulvpude-puf-i-uld-midnight-atlas\/"]}]},{"@type":"ImageObject","inLanguage":"fr-FR","@id":"https:\/\/tibladin.dk\/produkt\/gulvpude-puf-i-uld-midnight-atlas\/#primaryimage","url":"https:\/\/tibladin.dk\/wp-content\/uploads\/2025\/10\/Marokkansk-gulvpude_Midnight-atlas_1.jpeg","contentUrl":"https:\/\/tibladin.dk\/wp-content\/uploads\/2025\/10\/Marokkansk-gulvpude_Midnight-atlas_1.jpeg","width":800,"height":800,"caption":"Marokkansk-gulvpude_Midnight-atlas_1"},{"@type":"BreadcrumbList","@id":"https:\/\/tibladin.dk\/produkt\/gulvpude-puf-i-uld-midnight-atlas\/#breadcrumb","itemListElement":[{"@type":"ListItem","position":1,"name":"Hjem","item":"https:\/\/tibladin.dk\/"},{"@type":"ListItem","position":2,"name":"Shop","item":"https:\/\/tibladin.dk\/shop\/"},{"@type":"ListItem","position":3,"name":"Gulvpude\/puf i uld &#8211; MIDNIGHT ATLAS"}]},{"@type":"WebSite","@id":"https:\/\/tibladin.dk\/#website","url":"https:\/\/tibladin.dk\/","name":"Tibladin","description":"Tibladin","publisher":{"@id":"https:\/\/tibladin.dk\/#organization"},"potentialAction":[{"@type":"SearchAction","target":{"@type":"EntryPoint","urlTemplate":"https:\/\/tibladin.dk\/?s={search_term_string}"},"query-input":{"@type":"PropertyValueSpecification","valueRequired":true,"valueName":"search_term_string"}}],"inLanguage":"fr-FR"},{"@type":"Organization","@id":"https:\/\/tibladin.dk\/#organization","name":"Tibladin","url":"https:\/\/tibladin.dk\/","logo":{"@type":"ImageObject","inLanguage":"fr-FR","@id":"https:\/\/tibladin.dk\/#\/schema\/logo\/image\/","url":"https:\/\/tibladin.dk\/wp-content\/uploads\/2022\/09\/tibladin_logo.svg","contentUrl":"https:\/\/tibladin.dk\/wp-content\/uploads\/2022\/09\/tibladin_logo.svg","caption":"Tibladin"},"image":{"@id":"https:\/\/tibladin.dk\/#\/schema\/logo\/image\/"}}]}},"_links":{"self":[{"href":"https:\/\/tibladin.dk\/fr\/wp-json\/wp\/v2\/product\/40330","targetHints":{"allow":["GET"]}}],"collection":[{"href":"https:\/\/tibladin.dk\/fr\/wp-json\/wp\/v2\/product"}],"about":[{"href":"https:\/\/tibladin.dk\/fr\/wp-json\/wp\/v2\/types\/product"}],"wp:featuredmedia":[{"embeddable":true,"href":"https:\/\/tibladin.dk\/fr\/wp-json\/wp\/v2\/media\/40299"}],"wp:attachment":[{"href":"https:\/\/tibladin.dk\/fr\/wp-json\/wp\/v2\/media?parent=40330"}],"wp:term":[{"taxonomy":"product_brand","embeddable":true,"href":"https:\/\/tibladin.dk\/fr\/wp-json\/wp\/v2\/product_brand?post=40330"},{"taxonomy":"product_cat","embeddable":true,"href":"https:\/\/tibladin.dk\/fr\/wp-json\/wp\/v2\/product_cat?post=40330"},{"taxonomy":"product_tag","embeddable":true,"href":"https:\/\/tibladin.dk\/fr\/wp-json\/wp\/v2\/product_tag?post=40330"}],"curies":[{"name":"wp","href":"https:\/\/api.w.org\/{rel}","templated":true}]}}