{"id":40503,"date":"2025-10-10T11:15:34","date_gmt":"2025-10-10T09:15:34","guid":{"rendered":"https:\/\/tibladin.dk\/?post_type=product&#038;p=40503"},"modified":"2026-03-30T12:29:48","modified_gmt":"2026-03-30T10:29:48","slug":"panier-berbere-l-tazgha","status":"publish","type":"product","link":"https:\/\/tibladin.dk\/fr\/produkt\/berberkurv-l-tazgha\/","title":{"rendered":"Panier berb\u00e8re L \u2013 TAZGHA"},"content":{"rendered":"<div class=\"wpb-content-wrapper\"><p>Panier berb\u00e8re color\u00e9 et original, fabriqu\u00e9 \u00e0 la main dans les montagnes marocaines selon des techniques de tissage ancestrales. Parfait pour le rangement\u00a0! Designs uniques\u00a0!<div class=\"vc_row wpb_row vc_row-fluid\"><div class=\"wpb_column vc_column_container vc_col-sm-4\"><div class=\"vc_column-inner\"><div class=\"wpb_wrapper\"><\/div><\/div><\/div><div class=\"wpb_column vc_column_container vc_col-sm-4\"><div class=\"vc_column-inner\"><div class=\"wpb_wrapper\"><h3 style=\"text-align: left\" class=\"vc_custom_heading vc_do_custom_heading\" >Entretien<\/h3>\n\t<div class=\"wpb_text_column wpb_content_element\" >\n\t\t<div class=\"wpb_wrapper\">\n\t\t\t<p>Pour le nettoyage, le plus simple est de passer l&#039;aspirateur d\u00e9licatement.<\/p>\n\n\t\t<\/div>\n\t<\/div>\n<\/div><\/div><\/div><div class=\"wpb_column vc_column_container vc_col-sm-4\"><div class=\"vc_column-inner\"><div class=\"wpb_wrapper\"><h3 style=\"text-align: left\" class=\"vc_custom_heading vc_do_custom_heading\" >L&#039;histoire derri\u00e8re<\/h3>\n\t<div class=\"wpb_text_column wpb_content_element\" >\n\t\t<div class=\"wpb_wrapper\">\n\t\t\t<p>J'adore les paniers ! Ils peuvent donner de la chaleur et du confort \u00e0 n'importe quelle pi\u00e8ce.<\/p>\n<p>Utilisez ce panier comme espace de rangement pour des oreillers et des couvertures suppl\u00e9mentaires, des \u00e9charpes ou des pantoufles.<\/p>\n<p>Les paniers sont fabriqu\u00e9s \u00e0 la main et proviennent d&#039;une entreprise familiale de Marrakech sp\u00e9cialis\u00e9e dans l&#039;osier et qui le fait depuis des g\u00e9n\u00e9rations.<\/p>\n\n\t\t<\/div>\n\t<\/div>\n<\/div><\/div><\/div><\/div>\n<\/div>","protected":false},"excerpt":{"rendered":"<p>Tazgha signifie tissage ou tressage en berb\u00e8re \u2013 un nom qui rend hommage au savoir-faire artisanal et \u00e0 la patience derri\u00e8re chaque fil de ce panier color\u00e9.<\/p>\n<p>Ce panier est fabriqu\u00e9 \u00e0 la main par des femmes de l&#039;Atlas marocain, o\u00f9 des g\u00e9n\u00e9rations de savoir-faire et de traditions se fondent dans des motifs rythm\u00e9s et vivants. Tiss\u00e9 en herbe naturelle, il est envelopp\u00e9 de fils de laine aux couleurs profondes et chaudes \u2013 vert, violet, rouge, turquoise et sable \u2013 qui cr\u00e9ent ensemble un magnifique jeu g\u00e9om\u00e9trique.<\/p>\n<p>Avec environ 40 cm de hauteur et 26 cm de diam\u00e8tre, Tazgha est \u00e0 la fois pratique et d\u00e9coratif. Il est parfait comme panier de rangement, pour ranger de petits objets dans l&#039;entr\u00e9e ou simplement comme une \u0153uvre d&#039;art artisanale qui apporte une touche marocaine et color\u00e9e \u00e0 votre int\u00e9rieur.<\/p>\n<p>Tazgha est un symbole d&#039;immersion, de cr\u00e9ativit\u00e9 et de travail manuel - une pi\u00e8ce unique d&#039;art berb\u00e8re o\u00f9 la tradition rencontre l&#039;esth\u00e9tique moderne.<\/p>\n<p>D\u00e9tails:<\/p>\n<p>* Fabriqu\u00e9 \u00e0 la main au Maroc<br \/>\n* Mati\u00e8re : herbe naturelle et fil de laine<br \/>\n* Dimensions : environ H 40 cm x \u00d8 26 cm<\/p>\n<p>Chaque panier est unique \u2013 de l\u00e9g\u00e8res variations de couleurs et de motifs peuvent survenir<\/p>","protected":false},"featured_media":40455,"template":"","meta":{"inline_featured_image":false},"product_brand":[],"product_cat":[55,51],"product_tag":[],"class_list":{"0":"post-40503","1":"product","2":"type-product","3":"status-publish","4":"has-post-thumbnail","6":"product_cat-kurve","7":"product_cat-opbevaring","9":"first","10":"outofstock","11":"taxable","12":"shipping-taxable","13":"purchasable","14":"product-type-simple"},"exclude_global_add_ons":[],"addons":[],"yoast_head":"<!-- This site is optimized with the Yoast SEO plugin v27.4 - https:\/\/yoast.com\/product\/yoast-seo-wordpress\/ -->\n<title>Berberkurv L - TAZGHA - Tibladin<\/title>\n<meta name=\"description\" content=\"Berberkurv i dybe og varme farver \u2013 gr\u00f8n, lilla, r\u00f8d, turkis og sand, h\u00e5ndlavet i Marokkos bjerge. F\u00e5s i flere varianter \u2013 perfekt til opbevaring!\" \/>\n<meta name=\"robots\" content=\"index, follow, max-snippet:-1, max-image-preview:large, max-video-preview:-1\" \/>\n<link rel=\"canonical\" href=\"https:\/\/tibladin.dk\/fr\/produit-4\/panier-berbere-l-tazgha\/\" \/>\n<meta property=\"og:locale\" content=\"fr_FR\" \/>\n<meta property=\"og:type\" content=\"article\" \/>\n<meta property=\"og:title\" content=\"Berberkurv L - TAZGHA - Tibladin\" \/>\n<meta property=\"og:description\" content=\"Berberkurv i dybe og varme farver \u2013 gr\u00f8n, lilla, r\u00f8d, turkis og sand, h\u00e5ndlavet i Marokkos bjerge. F\u00e5s i flere varianter \u2013 perfekt til opbevaring!\" \/>\n<meta property=\"og:url\" content=\"https:\/\/tibladin.dk\/fr\/produit-4\/panier-berbere-l-tazgha\/\" \/>\n<meta property=\"og:site_name\" content=\"Tibladin\" \/>\n<meta property=\"article:modified_time\" content=\"2026-03-30T10:29:48+00:00\" \/>\n<meta property=\"og:image\" content=\"https:\/\/tibladin.dk\/wp-content\/uploads\/2025\/10\/Tazgha-berberkurv-str-L.jpeg\" \/>\n\t<meta property=\"og:image:width\" content=\"800\" \/>\n\t<meta property=\"og:image:height\" content=\"800\" \/>\n\t<meta property=\"og:image:type\" content=\"image\/jpeg\" \/>\n<meta name=\"twitter:card\" content=\"summary_large_image\" \/>\n<meta name=\"twitter:label1\" content=\"Dur\u00e9e de lecture estim\u00e9e\" \/>\n\t<meta name=\"twitter:data1\" content=\"1 minute\" \/>\n<script type=\"application\/ld+json\" class=\"yoast-schema-graph\">{\"@context\":\"https:\\\/\\\/schema.org\",\"@graph\":[{\"@type\":\"WebPage\",\"@id\":\"https:\\\/\\\/tibladin.dk\\\/produkt\\\/berberkurv-l-tazgha\\\/\",\"url\":\"https:\\\/\\\/tibladin.dk\\\/produkt\\\/berberkurv-l-tazgha\\\/\",\"name\":\"Berberkurv L - TAZGHA - Tibladin\",\"isPartOf\":{\"@id\":\"https:\\\/\\\/tibladin.dk\\\/#website\"},\"primaryImageOfPage\":{\"@id\":\"https:\\\/\\\/tibladin.dk\\\/produkt\\\/berberkurv-l-tazgha\\\/#primaryimage\"},\"image\":{\"@id\":\"https:\\\/\\\/tibladin.dk\\\/produkt\\\/berberkurv-l-tazgha\\\/#primaryimage\"},\"thumbnailUrl\":\"https:\\\/\\\/tibladin.dk\\\/wp-content\\\/uploads\\\/2025\\\/10\\\/Tazgha-berberkurv-str-L.jpeg\",\"datePublished\":\"2025-10-10T09:15:34+00:00\",\"dateModified\":\"2026-03-30T10:29:48+00:00\",\"description\":\"Berberkurv i dybe og varme farver \u2013 gr\u00f8n, lilla, r\u00f8d, turkis og sand, h\u00e5ndlavet i Marokkos bjerge. F\u00e5s i flere varianter \u2013 perfekt til opbevaring!\",\"breadcrumb\":{\"@id\":\"https:\\\/\\\/tibladin.dk\\\/produkt\\\/berberkurv-l-tazgha\\\/#breadcrumb\"},\"inLanguage\":\"fr-FR\",\"potentialAction\":[{\"@type\":\"ReadAction\",\"target\":[\"https:\\\/\\\/tibladin.dk\\\/produkt\\\/berberkurv-l-tazgha\\\/\"]}]},{\"@type\":\"ImageObject\",\"inLanguage\":\"fr-FR\",\"@id\":\"https:\\\/\\\/tibladin.dk\\\/produkt\\\/berberkurv-l-tazgha\\\/#primaryimage\",\"url\":\"https:\\\/\\\/tibladin.dk\\\/wp-content\\\/uploads\\\/2025\\\/10\\\/Tazgha-berberkurv-str-L.jpeg\",\"contentUrl\":\"https:\\\/\\\/tibladin.dk\\\/wp-content\\\/uploads\\\/2025\\\/10\\\/Tazgha-berberkurv-str-L.jpeg\",\"width\":800,\"height\":800,\"caption\":\"Tazgha-berberkurv-str-L\"},{\"@type\":\"BreadcrumbList\",\"@id\":\"https:\\\/\\\/tibladin.dk\\\/produkt\\\/berberkurv-l-tazgha\\\/#breadcrumb\",\"itemListElement\":[{\"@type\":\"ListItem\",\"position\":1,\"name\":\"Hjem\",\"item\":\"https:\\\/\\\/tibladin.dk\\\/\"},{\"@type\":\"ListItem\",\"position\":2,\"name\":\"Shop\",\"item\":\"https:\\\/\\\/tibladin.dk\\\/shop\\\/\"},{\"@type\":\"ListItem\",\"position\":3,\"name\":\"Berberkurv L &#8211; TAZGHA\"}]},{\"@type\":\"WebSite\",\"@id\":\"https:\\\/\\\/tibladin.dk\\\/#website\",\"url\":\"https:\\\/\\\/tibladin.dk\\\/\",\"name\":\"Tibladin\",\"description\":\"Tibladin\",\"publisher\":{\"@id\":\"https:\\\/\\\/tibladin.dk\\\/#organization\"},\"potentialAction\":[{\"@type\":\"SearchAction\",\"target\":{\"@type\":\"EntryPoint\",\"urlTemplate\":\"https:\\\/\\\/tibladin.dk\\\/?s={search_term_string}\"},\"query-input\":{\"@type\":\"PropertyValueSpecification\",\"valueRequired\":true,\"valueName\":\"search_term_string\"}}],\"inLanguage\":\"fr-FR\"},{\"@type\":\"Organization\",\"@id\":\"https:\\\/\\\/tibladin.dk\\\/#organization\",\"name\":\"Tibladin\",\"url\":\"https:\\\/\\\/tibladin.dk\\\/\",\"logo\":{\"@type\":\"ImageObject\",\"inLanguage\":\"fr-FR\",\"@id\":\"https:\\\/\\\/tibladin.dk\\\/#\\\/schema\\\/logo\\\/image\\\/\",\"url\":\"https:\\\/\\\/tibladin.dk\\\/wp-content\\\/uploads\\\/2022\\\/09\\\/tibladin_logo.svg\",\"contentUrl\":\"https:\\\/\\\/tibladin.dk\\\/wp-content\\\/uploads\\\/2022\\\/09\\\/tibladin_logo.svg\",\"caption\":\"Tibladin\"},\"image\":{\"@id\":\"https:\\\/\\\/tibladin.dk\\\/#\\\/schema\\\/logo\\\/image\\\/\"}}]}<\/script>\n<!-- \/ Yoast SEO plugin. -->","yoast_head_json":{"title":"Panier berb\u00e8re L - TAZGHA - Tibladin","description":"Panier berb\u00e8re aux couleurs profondes et chaleureuses \u2013 vert, violet, rouge, turquoise et sable \u2013 fabriqu\u00e9 \u00e0 la main dans les montagnes du Maroc. Disponible en plusieurs versions, id\u00e9al pour le rangement\u00a0!","robots":{"index":"index","follow":"follow","max-snippet":"max-snippet:-1","max-image-preview":"max-image-preview:large","max-video-preview":"max-video-preview:-1"},"canonical":"https:\/\/tibladin.dk\/fr\/produit-4\/panier-berbere-l-tazgha\/","og_locale":"fr_FR","og_type":"article","og_title":"Berberkurv L - TAZGHA - Tibladin","og_description":"Berberkurv i dybe og varme farver \u2013 gr\u00f8n, lilla, r\u00f8d, turkis og sand, h\u00e5ndlavet i Marokkos bjerge. F\u00e5s i flere varianter \u2013 perfekt til opbevaring!","og_url":"https:\/\/tibladin.dk\/fr\/produit-4\/panier-berbere-l-tazgha\/","og_site_name":"Tibladin","article_modified_time":"2026-03-30T10:29:48+00:00","og_image":[{"width":800,"height":800,"url":"https:\/\/tibladin.dk\/wp-content\/uploads\/2025\/10\/Tazgha-berberkurv-str-L.jpeg","type":"image\/jpeg"}],"twitter_card":"summary_large_image","twitter_misc":{"Dur\u00e9e de lecture estim\u00e9e":"1 minute"},"schema":{"@context":"https:\/\/schema.org","@graph":[{"@type":"WebPage","@id":"https:\/\/tibladin.dk\/produkt\/berberkurv-l-tazgha\/","url":"https:\/\/tibladin.dk\/produkt\/berberkurv-l-tazgha\/","name":"Panier berb\u00e8re L - TAZGHA - Tibladin","isPartOf":{"@id":"https:\/\/tibladin.dk\/#website"},"primaryImageOfPage":{"@id":"https:\/\/tibladin.dk\/produkt\/berberkurv-l-tazgha\/#primaryimage"},"image":{"@id":"https:\/\/tibladin.dk\/produkt\/berberkurv-l-tazgha\/#primaryimage"},"thumbnailUrl":"https:\/\/tibladin.dk\/wp-content\/uploads\/2025\/10\/Tazgha-berberkurv-str-L.jpeg","datePublished":"2025-10-10T09:15:34+00:00","dateModified":"2026-03-30T10:29:48+00:00","description":"Panier berb\u00e8re aux couleurs profondes et chaleureuses \u2013 vert, violet, rouge, turquoise et sable \u2013 fabriqu\u00e9 \u00e0 la main dans les montagnes du Maroc. Disponible en plusieurs versions, id\u00e9al pour le rangement\u00a0!","breadcrumb":{"@id":"https:\/\/tibladin.dk\/produkt\/berberkurv-l-tazgha\/#breadcrumb"},"inLanguage":"fr-FR","potentialAction":[{"@type":"ReadAction","target":["https:\/\/tibladin.dk\/produkt\/berberkurv-l-tazgha\/"]}]},{"@type":"ImageObject","inLanguage":"fr-FR","@id":"https:\/\/tibladin.dk\/produkt\/berberkurv-l-tazgha\/#primaryimage","url":"https:\/\/tibladin.dk\/wp-content\/uploads\/2025\/10\/Tazgha-berberkurv-str-L.jpeg","contentUrl":"https:\/\/tibladin.dk\/wp-content\/uploads\/2025\/10\/Tazgha-berberkurv-str-L.jpeg","width":800,"height":800,"caption":"Tazgha-berberkurv-str-L"},{"@type":"BreadcrumbList","@id":"https:\/\/tibladin.dk\/produkt\/berberkurv-l-tazgha\/#breadcrumb","itemListElement":[{"@type":"ListItem","position":1,"name":"Hjem","item":"https:\/\/tibladin.dk\/"},{"@type":"ListItem","position":2,"name":"Shop","item":"https:\/\/tibladin.dk\/shop\/"},{"@type":"ListItem","position":3,"name":"Berberkurv L &#8211; TAZGHA"}]},{"@type":"WebSite","@id":"https:\/\/tibladin.dk\/#website","url":"https:\/\/tibladin.dk\/","name":"Tibladin","description":"Tibladin","publisher":{"@id":"https:\/\/tibladin.dk\/#organization"},"potentialAction":[{"@type":"SearchAction","target":{"@type":"EntryPoint","urlTemplate":"https:\/\/tibladin.dk\/?s={search_term_string}"},"query-input":{"@type":"PropertyValueSpecification","valueRequired":true,"valueName":"search_term_string"}}],"inLanguage":"fr-FR"},{"@type":"Organization","@id":"https:\/\/tibladin.dk\/#organization","name":"Tibladin","url":"https:\/\/tibladin.dk\/","logo":{"@type":"ImageObject","inLanguage":"fr-FR","@id":"https:\/\/tibladin.dk\/#\/schema\/logo\/image\/","url":"https:\/\/tibladin.dk\/wp-content\/uploads\/2022\/09\/tibladin_logo.svg","contentUrl":"https:\/\/tibladin.dk\/wp-content\/uploads\/2022\/09\/tibladin_logo.svg","caption":"Tibladin"},"image":{"@id":"https:\/\/tibladin.dk\/#\/schema\/logo\/image\/"}}]}},"_links":{"self":[{"href":"https:\/\/tibladin.dk\/fr\/wp-json\/wp\/v2\/product\/40503","targetHints":{"allow":["GET"]}}],"collection":[{"href":"https:\/\/tibladin.dk\/fr\/wp-json\/wp\/v2\/product"}],"about":[{"href":"https:\/\/tibladin.dk\/fr\/wp-json\/wp\/v2\/types\/product"}],"wp:featuredmedia":[{"embeddable":true,"href":"https:\/\/tibladin.dk\/fr\/wp-json\/wp\/v2\/media\/40455"}],"wp:attachment":[{"href":"https:\/\/tibladin.dk\/fr\/wp-json\/wp\/v2\/media?parent=40503"}],"wp:term":[{"taxonomy":"product_brand","embeddable":true,"href":"https:\/\/tibladin.dk\/fr\/wp-json\/wp\/v2\/product_brand?post=40503"},{"taxonomy":"product_cat","embeddable":true,"href":"https:\/\/tibladin.dk\/fr\/wp-json\/wp\/v2\/product_cat?post=40503"},{"taxonomy":"product_tag","embeddable":true,"href":"https:\/\/tibladin.dk\/fr\/wp-json\/wp\/v2\/product_tag?post=40503"}],"curies":[{"name":"wp","href":"https:\/\/api.w.org\/{rel}","templated":true}]}}