{"id":41307,"date":"2025-10-22T12:23:49","date_gmt":"2025-10-22T10:23:49","guid":{"rendered":"https:\/\/tibladin.dk\/?post_type=product&#038;p=41307"},"modified":"2026-03-13T14:42:12","modified_gmt":"2026-03-13T13:42:12","slug":"lampe-de-table-marocaine-atlas-glow","status":"publish","type":"product","link":"https:\/\/tibladin.dk\/fr\/produkt\/marokkansk-bordlampe-atlas-glow\/","title":{"rendered":"Lampe de table marocaine \u2013 Atlas Glow"},"content":{"rendered":"<div class=\"wpb-content-wrapper\"><div class=\"vc_row wpb_row vc_row-fluid\"><div class=\"wpb_column vc_column_container vc_col-sm-4\"><div class=\"vc_column-inner\"><div class=\"wpb_wrapper\"><\/div><\/div><\/div><div class=\"wpb_column vc_column_container vc_col-sm-4\"><div class=\"vc_column-inner\"><div class=\"wpb_wrapper\"><h3 style=\"text-align: left\" class=\"vc_custom_heading vc_do_custom_heading\" >Entretien<\/h3>\n\t<div class=\"wpb_text_column wpb_content_element\" >\n\t\t<div class=\"wpb_wrapper\">\n\t\t\t<p>Essuyez avec un chiffon humide. Les lampes peuvent s&#039;oxyder un peu avec le temps, ce qui ne fait qu&#039;ajouter un charme suppl\u00e9mentaire. Si vous souhaitez que votre lampe soit polie, vous pouvez utiliser un produit polissant ou un peu de jus de citron, comme le font les Marocains.<\/p>\n\n\t\t<\/div>\n\t<\/div>\n<\/div><\/div><\/div><div class=\"wpb_column vc_column_container vc_col-sm-4\"><div class=\"vc_column-inner\"><div class=\"wpb_wrapper\"><h3 style=\"text-align: left\" class=\"vc_custom_heading vc_do_custom_heading\" >L&#039;histoire derri\u00e8re<\/h3>\n\t<div class=\"wpb_text_column wpb_content_element\" >\n\t\t<div class=\"wpb_wrapper\">\n\t\t\t<p>Les lampes sont en m\u00e9tal argent\u00e9 avec des motifs de petits trous martel\u00e9s \u00e0 la main. Les trous de la lampe refl\u00e8tent la lumi\u00e8re d&#039;une lueur magique sur le mur et conf\u00e8rent \u00e0 la pi\u00e8ce une atmosph\u00e8re tr\u00e8s particuli\u00e8re.<\/p>\n<p>Les lampes du Maroc ajoutent une touche unique \u00e0 votre d\u00e9coration et apportent une lumi\u00e8re d\u00e9corative.<\/p>\n<p>Les lampes sont fabriqu\u00e9es \u00e0 la main et il y aura de petites imperfections et diff\u00e9rences de motif et de forme.<\/p>\n<p>Cr\u00e9ez votre propre ambiance Riad avec une lampe artisanale de Marrakech.<\/p>\n\n\t\t<\/div>\n\t<\/div>\n<\/div><\/div><\/div><\/div>\n<\/div>","protected":false},"excerpt":{"rendered":"<p>Simple, \u00e9l\u00e9gante et chaleureuse, Atlas Glow est une lampe en laiton fabriqu\u00e9e \u00e0 la main, dont les petits trous, pr\u00e9cis\u00e9ment perfor\u00e9s, laissent filtrer la lumi\u00e8re telle une \u00e9toile dor\u00e9e.<\/p>\n<p>Sa forme organique en goutte d&#039;eau conf\u00e8re \u00e0 cette lampe une allure douce et harmonieuse qui s&#039;int\u00e8gre parfaitement aux int\u00e9rieurs modernes comme classiques. Utilisez-la comme lampe d&#039;ambiance sur une table d&#039;appoint, un rebord de fen\u00eatre ou comme \u00e9clairage chaleureux dans un coin du salon.<\/p>\n<p>Dimensions : H 30 cm, \u00d8 18 cm<\/p>\n<p>Mat\u00e9riau : laiton sculpt\u00e9 \u00e0 la main<\/p>\n<p>Douille : E14 (ampoule non incluse)<\/p>\n<p>Couleur : laiton<\/p>","protected":false},"featured_media":40962,"template":"","meta":{"inline_featured_image":false},"product_brand":[],"product_cat":[67,68],"product_tag":[],"class_list":{"0":"post-41307","1":"product","2":"type-product","3":"status-publish","4":"has-post-thumbnail","6":"product_cat-lamper","7":"product_cat-metal-lamper","9":"first","10":"instock","11":"taxable","12":"shipping-taxable","13":"purchasable","14":"product-type-simple"},"exclude_global_add_ons":false,"addons":[{"name":"Vous souhaitez un emballage cadeau ?","type":"checkbox","position":0,"required":false,"title_format":"label","default":"","description_enable":false,"description":"","placeholder_enable":false,"placeholder":"","display":"images","restrictions_type":"any_text","adjust_price":false,"price":"","price_type":"flat_fee","restrictions":false,"min":"0","max":"0","options":[{"label":"Ja tak","price":"10","price_type":"flat_fee","image":11015,"visibility":true}],"id":1669646111}],"yoast_head":"<!-- This site is optimized with the Yoast SEO plugin v27.4 - https:\/\/yoast.com\/product\/yoast-seo-wordpress\/ -->\n<title>Marokkansk h\u00e5ndlavet messinglampe- Tibladin<\/title>\n<meta name=\"description\" content=\"Elegant messinglampe i dr\u00e5beform med fint udsk\u00e5ret m\u00f8nster. Atlas Glow spreder et varmt, fortryllende lys og skaber stemning i ethvert rum.\" \/>\n<meta name=\"robots\" content=\"index, follow, max-snippet:-1, max-image-preview:large, max-video-preview:-1\" \/>\n<link rel=\"canonical\" href=\"https:\/\/tibladin.dk\/fr\/produit-4\/lampe-de-table-marocaine-atlas-glow\/\" \/>\n<meta property=\"og:locale\" content=\"fr_FR\" \/>\n<meta property=\"og:type\" content=\"article\" \/>\n<meta property=\"og:title\" content=\"Marokkansk h\u00e5ndlavet messinglampe- Tibladin\" \/>\n<meta property=\"og:description\" content=\"Elegant messinglampe i dr\u00e5beform med fint udsk\u00e5ret m\u00f8nster. Atlas Glow spreder et varmt, fortryllende lys og skaber stemning i ethvert rum.\" \/>\n<meta property=\"og:url\" content=\"https:\/\/tibladin.dk\/fr\/produit-4\/lampe-de-table-marocaine-atlas-glow\/\" \/>\n<meta property=\"og:site_name\" content=\"Tibladin\" \/>\n<meta property=\"article:modified_time\" content=\"2026-03-13T13:42:12+00:00\" \/>\n<meta property=\"og:image\" content=\"https:\/\/tibladin.dk\/wp-content\/uploads\/2025\/10\/Atlas_glow_5.jpg\" \/>\n\t<meta property=\"og:image:width\" content=\"800\" \/>\n\t<meta property=\"og:image:height\" content=\"800\" \/>\n\t<meta property=\"og:image:type\" content=\"image\/jpeg\" \/>\n<meta name=\"twitter:card\" content=\"summary_large_image\" \/>\n<meta name=\"twitter:label1\" content=\"Dur\u00e9e de lecture estim\u00e9e\" \/>\n\t<meta name=\"twitter:data1\" content=\"2 minutes\" \/>\n<script type=\"application\/ld+json\" class=\"yoast-schema-graph\">{\"@context\":\"https:\\\/\\\/schema.org\",\"@graph\":[{\"@type\":\"WebPage\",\"@id\":\"https:\\\/\\\/tibladin.dk\\\/produkt\\\/marokkansk-bordlampe-atlas-glow\\\/\",\"url\":\"https:\\\/\\\/tibladin.dk\\\/produkt\\\/marokkansk-bordlampe-atlas-glow\\\/\",\"name\":\"Marokkansk h\u00e5ndlavet messinglampe- Tibladin\",\"isPartOf\":{\"@id\":\"https:\\\/\\\/tibladin.dk\\\/#website\"},\"primaryImageOfPage\":{\"@id\":\"https:\\\/\\\/tibladin.dk\\\/produkt\\\/marokkansk-bordlampe-atlas-glow\\\/#primaryimage\"},\"image\":{\"@id\":\"https:\\\/\\\/tibladin.dk\\\/produkt\\\/marokkansk-bordlampe-atlas-glow\\\/#primaryimage\"},\"thumbnailUrl\":\"https:\\\/\\\/tibladin.dk\\\/wp-content\\\/uploads\\\/2025\\\/10\\\/Atlas_glow_5.jpg\",\"datePublished\":\"2025-10-22T10:23:49+00:00\",\"dateModified\":\"2026-03-13T13:42:12+00:00\",\"description\":\"Elegant messinglampe i dr\u00e5beform med fint udsk\u00e5ret m\u00f8nster. Atlas Glow spreder et varmt, fortryllende lys og skaber stemning i ethvert rum.\",\"breadcrumb\":{\"@id\":\"https:\\\/\\\/tibladin.dk\\\/produkt\\\/marokkansk-bordlampe-atlas-glow\\\/#breadcrumb\"},\"inLanguage\":\"fr-FR\",\"potentialAction\":[{\"@type\":\"ReadAction\",\"target\":[\"https:\\\/\\\/tibladin.dk\\\/produkt\\\/marokkansk-bordlampe-atlas-glow\\\/\"]}]},{\"@type\":\"ImageObject\",\"inLanguage\":\"fr-FR\",\"@id\":\"https:\\\/\\\/tibladin.dk\\\/produkt\\\/marokkansk-bordlampe-atlas-glow\\\/#primaryimage\",\"url\":\"https:\\\/\\\/tibladin.dk\\\/wp-content\\\/uploads\\\/2025\\\/10\\\/Atlas_glow_5.jpg\",\"contentUrl\":\"https:\\\/\\\/tibladin.dk\\\/wp-content\\\/uploads\\\/2025\\\/10\\\/Atlas_glow_5.jpg\",\"width\":800,\"height\":800,\"caption\":\"Atlas_glow_5\"},{\"@type\":\"BreadcrumbList\",\"@id\":\"https:\\\/\\\/tibladin.dk\\\/produkt\\\/marokkansk-bordlampe-atlas-glow\\\/#breadcrumb\",\"itemListElement\":[{\"@type\":\"ListItem\",\"position\":1,\"name\":\"Hjem\",\"item\":\"https:\\\/\\\/tibladin.dk\\\/\"},{\"@type\":\"ListItem\",\"position\":2,\"name\":\"Shop\",\"item\":\"https:\\\/\\\/tibladin.dk\\\/shop\\\/\"},{\"@type\":\"ListItem\",\"position\":3,\"name\":\"Marokkansk bordlampe &#8211; Atlas Glow\"}]},{\"@type\":\"WebSite\",\"@id\":\"https:\\\/\\\/tibladin.dk\\\/#website\",\"url\":\"https:\\\/\\\/tibladin.dk\\\/\",\"name\":\"Tibladin\",\"description\":\"Tibladin\",\"publisher\":{\"@id\":\"https:\\\/\\\/tibladin.dk\\\/#organization\"},\"potentialAction\":[{\"@type\":\"SearchAction\",\"target\":{\"@type\":\"EntryPoint\",\"urlTemplate\":\"https:\\\/\\\/tibladin.dk\\\/?s={search_term_string}\"},\"query-input\":{\"@type\":\"PropertyValueSpecification\",\"valueRequired\":true,\"valueName\":\"search_term_string\"}}],\"inLanguage\":\"fr-FR\"},{\"@type\":\"Organization\",\"@id\":\"https:\\\/\\\/tibladin.dk\\\/#organization\",\"name\":\"Tibladin\",\"url\":\"https:\\\/\\\/tibladin.dk\\\/\",\"logo\":{\"@type\":\"ImageObject\",\"inLanguage\":\"fr-FR\",\"@id\":\"https:\\\/\\\/tibladin.dk\\\/#\\\/schema\\\/logo\\\/image\\\/\",\"url\":\"https:\\\/\\\/tibladin.dk\\\/wp-content\\\/uploads\\\/2022\\\/09\\\/tibladin_logo.svg\",\"contentUrl\":\"https:\\\/\\\/tibladin.dk\\\/wp-content\\\/uploads\\\/2022\\\/09\\\/tibladin_logo.svg\",\"caption\":\"Tibladin\"},\"image\":{\"@id\":\"https:\\\/\\\/tibladin.dk\\\/#\\\/schema\\\/logo\\\/image\\\/\"}}]}<\/script>\n<!-- \/ Yoast SEO plugin. -->","yoast_head_json":{"title":"Lampe marocaine artisanale en laiton - Tibladin","description":"\u00c9l\u00e9gante lampe en laiton en forme de goutte, orn\u00e9e d&#039;un motif finement sculpt\u00e9, Atlas Glow diffuse une lumi\u00e8re chaleureuse et envo\u00fbtante, cr\u00e9ant une atmosph\u00e8re chaleureuse dans n&#039;importe quelle pi\u00e8ce.","robots":{"index":"index","follow":"follow","max-snippet":"max-snippet:-1","max-image-preview":"max-image-preview:large","max-video-preview":"max-video-preview:-1"},"canonical":"https:\/\/tibladin.dk\/fr\/produit-4\/lampe-de-table-marocaine-atlas-glow\/","og_locale":"fr_FR","og_type":"article","og_title":"Marokkansk h\u00e5ndlavet messinglampe- Tibladin","og_description":"Elegant messinglampe i dr\u00e5beform med fint udsk\u00e5ret m\u00f8nster. Atlas Glow spreder et varmt, fortryllende lys og skaber stemning i ethvert rum.","og_url":"https:\/\/tibladin.dk\/fr\/produit-4\/lampe-de-table-marocaine-atlas-glow\/","og_site_name":"Tibladin","article_modified_time":"2026-03-13T13:42:12+00:00","og_image":[{"width":800,"height":800,"url":"https:\/\/tibladin.dk\/wp-content\/uploads\/2025\/10\/Atlas_glow_5.jpg","type":"image\/jpeg"}],"twitter_card":"summary_large_image","twitter_misc":{"Dur\u00e9e de lecture estim\u00e9e":"2 minutes"},"schema":{"@context":"https:\/\/schema.org","@graph":[{"@type":"WebPage","@id":"https:\/\/tibladin.dk\/produkt\/marokkansk-bordlampe-atlas-glow\/","url":"https:\/\/tibladin.dk\/produkt\/marokkansk-bordlampe-atlas-glow\/","name":"Lampe marocaine artisanale en laiton - Tibladin","isPartOf":{"@id":"https:\/\/tibladin.dk\/#website"},"primaryImageOfPage":{"@id":"https:\/\/tibladin.dk\/produkt\/marokkansk-bordlampe-atlas-glow\/#primaryimage"},"image":{"@id":"https:\/\/tibladin.dk\/produkt\/marokkansk-bordlampe-atlas-glow\/#primaryimage"},"thumbnailUrl":"https:\/\/tibladin.dk\/wp-content\/uploads\/2025\/10\/Atlas_glow_5.jpg","datePublished":"2025-10-22T10:23:49+00:00","dateModified":"2026-03-13T13:42:12+00:00","description":"\u00c9l\u00e9gante lampe en laiton en forme de goutte, orn\u00e9e d&#039;un motif finement sculpt\u00e9, Atlas Glow diffuse une lumi\u00e8re chaleureuse et envo\u00fbtante, cr\u00e9ant une atmosph\u00e8re chaleureuse dans n&#039;importe quelle pi\u00e8ce.","breadcrumb":{"@id":"https:\/\/tibladin.dk\/produkt\/marokkansk-bordlampe-atlas-glow\/#breadcrumb"},"inLanguage":"fr-FR","potentialAction":[{"@type":"ReadAction","target":["https:\/\/tibladin.dk\/produkt\/marokkansk-bordlampe-atlas-glow\/"]}]},{"@type":"ImageObject","inLanguage":"fr-FR","@id":"https:\/\/tibladin.dk\/produkt\/marokkansk-bordlampe-atlas-glow\/#primaryimage","url":"https:\/\/tibladin.dk\/wp-content\/uploads\/2025\/10\/Atlas_glow_5.jpg","contentUrl":"https:\/\/tibladin.dk\/wp-content\/uploads\/2025\/10\/Atlas_glow_5.jpg","width":800,"height":800,"caption":"Atlas_glow_5"},{"@type":"BreadcrumbList","@id":"https:\/\/tibladin.dk\/produkt\/marokkansk-bordlampe-atlas-glow\/#breadcrumb","itemListElement":[{"@type":"ListItem","position":1,"name":"Hjem","item":"https:\/\/tibladin.dk\/"},{"@type":"ListItem","position":2,"name":"Shop","item":"https:\/\/tibladin.dk\/shop\/"},{"@type":"ListItem","position":3,"name":"Marokkansk bordlampe &#8211; Atlas Glow"}]},{"@type":"WebSite","@id":"https:\/\/tibladin.dk\/#website","url":"https:\/\/tibladin.dk\/","name":"Tibladin","description":"Tibladin","publisher":{"@id":"https:\/\/tibladin.dk\/#organization"},"potentialAction":[{"@type":"SearchAction","target":{"@type":"EntryPoint","urlTemplate":"https:\/\/tibladin.dk\/?s={search_term_string}"},"query-input":{"@type":"PropertyValueSpecification","valueRequired":true,"valueName":"search_term_string"}}],"inLanguage":"fr-FR"},{"@type":"Organization","@id":"https:\/\/tibladin.dk\/#organization","name":"Tibladin","url":"https:\/\/tibladin.dk\/","logo":{"@type":"ImageObject","inLanguage":"fr-FR","@id":"https:\/\/tibladin.dk\/#\/schema\/logo\/image\/","url":"https:\/\/tibladin.dk\/wp-content\/uploads\/2022\/09\/tibladin_logo.svg","contentUrl":"https:\/\/tibladin.dk\/wp-content\/uploads\/2022\/09\/tibladin_logo.svg","caption":"Tibladin"},"image":{"@id":"https:\/\/tibladin.dk\/#\/schema\/logo\/image\/"}}]}},"_links":{"self":[{"href":"https:\/\/tibladin.dk\/fr\/wp-json\/wp\/v2\/product\/41307","targetHints":{"allow":["GET"]}}],"collection":[{"href":"https:\/\/tibladin.dk\/fr\/wp-json\/wp\/v2\/product"}],"about":[{"href":"https:\/\/tibladin.dk\/fr\/wp-json\/wp\/v2\/types\/product"}],"wp:featuredmedia":[{"embeddable":true,"href":"https:\/\/tibladin.dk\/fr\/wp-json\/wp\/v2\/media\/40962"}],"wp:attachment":[{"href":"https:\/\/tibladin.dk\/fr\/wp-json\/wp\/v2\/media?parent=41307"}],"wp:term":[{"taxonomy":"product_brand","embeddable":true,"href":"https:\/\/tibladin.dk\/fr\/wp-json\/wp\/v2\/product_brand?post=41307"},{"taxonomy":"product_cat","embeddable":true,"href":"https:\/\/tibladin.dk\/fr\/wp-json\/wp\/v2\/product_cat?post=41307"},{"taxonomy":"product_tag","embeddable":true,"href":"https:\/\/tibladin.dk\/fr\/wp-json\/wp\/v2\/product_tag?post=41307"}],"curies":[{"name":"wp","href":"https:\/\/api.w.org\/{rel}","templated":true}]}}