{"id":41308,"date":"2025-10-22T12:47:18","date_gmt":"2025-10-22T10:47:18","guid":{"rendered":"https:\/\/tibladin.dk\/?post_type=product&#038;p=41308"},"modified":"2026-04-14T11:48:27","modified_gmt":"2026-04-14T09:48:27","slug":"bol-en-terre-cuite-de-14-cm-de-large","status":"publish","type":"product","link":"https:\/\/tibladin.dk\/fr\/produkt\/skaal-i-tamegroute-14-cm-groen\/","title":{"rendered":"Bol en Tamegroute \u2013 14 cm \u2013 VERT"},"content":{"rendered":"<div class=\"wpb-content-wrapper\"><div class=\"vc_row wpb_row vc_row-fluid\"><div class=\"wpb_column vc_column_container vc_col-sm-4\"><div class=\"vc_column-inner\"><div class=\"wpb_wrapper\"><\/div><\/div><\/div><div class=\"wpb_column vc_column_container vc_col-sm-4\"><div class=\"vc_column-inner\"><div class=\"wpb_wrapper\"><h3 style=\"text-align: left\" class=\"vc_custom_heading vc_do_custom_heading\" >Entretien<\/h3>\n\t<div class=\"wpb_text_column wpb_content_element\" >\n\t\t<div class=\"wpb_wrapper\">\n\t\t\t<p>Nous ne recommandons pas le lave-vaisselle. Il vaut mieux les laver \u00e0 la main.<\/p>\n\n\t\t<\/div>\n\t<\/div>\n<\/div><\/div><\/div><div class=\"wpb_column vc_column_container vc_col-sm-4\"><div class=\"vc_column-inner\"><div class=\"wpb_wrapper\"><h3 style=\"text-align: left\" class=\"vc_custom_heading vc_do_custom_heading\" >L&#039;histoire derri\u00e8re<\/h3>\n\t<div class=\"wpb_text_column wpb_content_element\" >\n\t\t<div class=\"wpb_wrapper\">\n\t\t\t<p>La poterie Tamegroute est une mani\u00e8re traditionnelle de fabriquer de la poterie originaire des Marocains de la r\u00e9gion de Zagora. La mani\u00e8re dont elle est fabriqu\u00e9e et sa couleur verte unique sont ce qui caract\u00e9rise le mieux la c\u00e9ramique. De par sa fabrication, la c\u00e9ramique pr\u00e9sente une surface tr\u00e8s tactile. En m\u00eame temps qu'il est fabriqu\u00e9 \u00e0 la main, il peut \u00e9galement y avoir diverses petites variations dans les tailles, les couleurs et de la surface, ainsi que des imperfections dans la c\u00e9ramique. Cela fait partie du charme qu\u2019elle soit unique et donne plus de caract\u00e8re \u00e0 la c\u00e9ramique.<\/p>\n<p>La c\u00e9ramique n&#039;est pas adapt\u00e9e \u00e0 un usage alimentaire.<\/p>\n\n\t\t<\/div>\n\t<\/div>\n<\/div><\/div><\/div><\/div>\n<\/div>","protected":false},"excerpt":{"rendered":"<p>Magnifiques bols Tamegroute, tous diff\u00e9rents, dans la teinte verte embl\u00e9matique de la porcelaine. Ces bols mesurent environ 14 cm de diam\u00e8tre et 6 \u00e0 7 cm de hauteur.<\/p>\n<p>Il peut y avoir des variations dans les tailles, les couleurs et de la surface, car les c\u00e9ramiques Tamegroute sont fabriqu\u00e9es \u00e0 la main d'une mani\u00e8re tr\u00e8s particuli\u00e8re.<\/p>\n<p><span style=\"font-weight: 400;\">Les c\u00e9ramiques Tamegroute sont connues pour leur aspect inachev\u00e9, rustique et brut. La poterie pr\u00e9sente des encoches, l\u00e9g\u00e8rement coup\u00e9es \u00e0 certains endroits, des marques et des diff\u00e9rences de gla\u00e7ure. Parfaitement imparfait!<\/span><\/p>\n<p><br style=\"font-weight: 400;\" \/><br style=\"font-weight: 400;\" \/><\/p>","protected":false},"featured_media":40995,"template":"","meta":{"inline_featured_image":false},"product_brand":[],"product_cat":[138],"product_tag":[],"class_list":{"0":"post-41308","1":"product","2":"type-product","3":"status-publish","4":"has-post-thumbnail","6":"product_cat-tamegroute-keramik","8":"first","9":"outofstock","10":"taxable","11":"shipping-taxable","12":"purchasable","13":"product-type-simple"},"exclude_global_add_ons":false,"addons":[{"name":"Vous souhaitez un emballage cadeau ?","type":"checkbox","position":0,"required":false,"title_format":"label","default":"","description_enable":false,"description":"","placeholder_enable":false,"placeholder":"","display":"images","restrictions_type":"any_text","adjust_price":false,"price":"","price_type":"flat_fee","restrictions":false,"min":"0","max":"0","options":[{"label":"Ja tak","price":"10","price_type":"flat_fee","image":11015,"visibility":true}],"id":1669646111}],"yoast_head":"<!-- This site is optimized with the Yoast SEO plugin v27.5 - https:\/\/yoast.com\/product\/yoast-seo-wordpress\/ -->\n<title>Sk\u00e5l i Tamegroute - 14 cm - GR\u00d8N<\/title>\n<meta name=\"description\" content=\"Tamegroute keramik sk\u00e5le 14 cm, med smukke detaljer. Stort udvalg af den smukke Tamegroute keramik, som er h\u00e5ndlavet i Marokko\" \/>\n<meta name=\"robots\" content=\"index, follow, max-snippet:-1, max-image-preview:large, max-video-preview:-1\" \/>\n<link rel=\"canonical\" href=\"https:\/\/tibladin.dk\/fr\/produit-4\/bol-en-terre-cuite-de-14-cm-de-large\/\" \/>\n<meta property=\"og:locale\" content=\"fr_FR\" \/>\n<meta property=\"og:type\" content=\"article\" \/>\n<meta property=\"og:title\" content=\"Sk\u00e5l i Tamegroute - 14 cm - GR\u00d8N\" \/>\n<meta property=\"og:description\" content=\"Tamegroute keramik sk\u00e5le 14 cm, med smukke detaljer. Stort udvalg af den smukke Tamegroute keramik, som er h\u00e5ndlavet i Marokko\" \/>\n<meta property=\"og:url\" content=\"https:\/\/tibladin.dk\/fr\/produit-4\/bol-en-terre-cuite-de-14-cm-de-large\/\" \/>\n<meta property=\"og:site_name\" content=\"Tibladin\" \/>\n<meta property=\"article:modified_time\" content=\"2026-04-14T09:48:27+00:00\" \/>\n<meta property=\"og:image\" content=\"https:\/\/tibladin.dk\/wp-content\/uploads\/2025\/10\/14-cm-groen-skaal-tamegroute_1.jpg\" \/>\n\t<meta property=\"og:image:width\" content=\"800\" \/>\n\t<meta property=\"og:image:height\" content=\"800\" \/>\n\t<meta property=\"og:image:type\" content=\"image\/jpeg\" \/>\n<meta name=\"twitter:card\" content=\"summary_large_image\" \/>\n<meta name=\"twitter:label1\" content=\"Dur\u00e9e de lecture estim\u00e9e\" \/>\n\t<meta name=\"twitter:data1\" content=\"2 minutes\" \/>\n<script type=\"application\/ld+json\" class=\"yoast-schema-graph\">{\"@context\":\"https:\\\/\\\/schema.org\",\"@graph\":[{\"@type\":\"WebPage\",\"@id\":\"https:\\\/\\\/tibladin.dk\\\/produkt\\\/skaal-i-tamegroute-14-cm-groen\\\/\",\"url\":\"https:\\\/\\\/tibladin.dk\\\/produkt\\\/skaal-i-tamegroute-14-cm-groen\\\/\",\"name\":\"Sk\u00e5l i Tamegroute - 14 cm - GR\u00d8N\",\"isPartOf\":{\"@id\":\"https:\\\/\\\/tibladin.dk\\\/#website\"},\"primaryImageOfPage\":{\"@id\":\"https:\\\/\\\/tibladin.dk\\\/produkt\\\/skaal-i-tamegroute-14-cm-groen\\\/#primaryimage\"},\"image\":{\"@id\":\"https:\\\/\\\/tibladin.dk\\\/produkt\\\/skaal-i-tamegroute-14-cm-groen\\\/#primaryimage\"},\"thumbnailUrl\":\"https:\\\/\\\/tibladin.dk\\\/wp-content\\\/uploads\\\/2025\\\/10\\\/14-cm-groen-skaal-tamegroute_1.jpg\",\"datePublished\":\"2025-10-22T10:47:18+00:00\",\"dateModified\":\"2026-04-14T09:48:27+00:00\",\"description\":\"Tamegroute keramik sk\u00e5le 14 cm, med smukke detaljer. Stort udvalg af den smukke Tamegroute keramik, som er h\u00e5ndlavet i Marokko\",\"breadcrumb\":{\"@id\":\"https:\\\/\\\/tibladin.dk\\\/produkt\\\/skaal-i-tamegroute-14-cm-groen\\\/#breadcrumb\"},\"inLanguage\":\"fr-FR\",\"potentialAction\":[{\"@type\":\"ReadAction\",\"target\":[\"https:\\\/\\\/tibladin.dk\\\/produkt\\\/skaal-i-tamegroute-14-cm-groen\\\/\"]}]},{\"@type\":\"ImageObject\",\"inLanguage\":\"fr-FR\",\"@id\":\"https:\\\/\\\/tibladin.dk\\\/produkt\\\/skaal-i-tamegroute-14-cm-groen\\\/#primaryimage\",\"url\":\"https:\\\/\\\/tibladin.dk\\\/wp-content\\\/uploads\\\/2025\\\/10\\\/14-cm-groen-skaal-tamegroute_1.jpg\",\"contentUrl\":\"https:\\\/\\\/tibladin.dk\\\/wp-content\\\/uploads\\\/2025\\\/10\\\/14-cm-groen-skaal-tamegroute_1.jpg\",\"width\":800,\"height\":800,\"caption\":\"14-cm-groen-skaal-tamegroute_1\"},{\"@type\":\"BreadcrumbList\",\"@id\":\"https:\\\/\\\/tibladin.dk\\\/produkt\\\/skaal-i-tamegroute-14-cm-groen\\\/#breadcrumb\",\"itemListElement\":[{\"@type\":\"ListItem\",\"position\":1,\"name\":\"Hjem\",\"item\":\"https:\\\/\\\/tibladin.dk\\\/\"},{\"@type\":\"ListItem\",\"position\":2,\"name\":\"Shop\",\"item\":\"https:\\\/\\\/tibladin.dk\\\/shop\\\/\"},{\"@type\":\"ListItem\",\"position\":3,\"name\":\"Sk\u00e5l i Tamegroute &#8211; 14 cm &#8211; GR\u00d8N\"}]},{\"@type\":\"WebSite\",\"@id\":\"https:\\\/\\\/tibladin.dk\\\/#website\",\"url\":\"https:\\\/\\\/tibladin.dk\\\/\",\"name\":\"Tibladin\",\"description\":\"Tibladin\",\"publisher\":{\"@id\":\"https:\\\/\\\/tibladin.dk\\\/#organization\"},\"potentialAction\":[{\"@type\":\"SearchAction\",\"target\":{\"@type\":\"EntryPoint\",\"urlTemplate\":\"https:\\\/\\\/tibladin.dk\\\/?s={search_term_string}\"},\"query-input\":{\"@type\":\"PropertyValueSpecification\",\"valueRequired\":true,\"valueName\":\"search_term_string\"}}],\"inLanguage\":\"fr-FR\"},{\"@type\":\"Organization\",\"@id\":\"https:\\\/\\\/tibladin.dk\\\/#organization\",\"name\":\"Tibladin\",\"url\":\"https:\\\/\\\/tibladin.dk\\\/\",\"logo\":{\"@type\":\"ImageObject\",\"inLanguage\":\"fr-FR\",\"@id\":\"https:\\\/\\\/tibladin.dk\\\/#\\\/schema\\\/logo\\\/image\\\/\",\"url\":\"https:\\\/\\\/tibladin.dk\\\/wp-content\\\/uploads\\\/2022\\\/09\\\/tibladin_logo.svg\",\"contentUrl\":\"https:\\\/\\\/tibladin.dk\\\/wp-content\\\/uploads\\\/2022\\\/09\\\/tibladin_logo.svg\",\"caption\":\"Tibladin\"},\"image\":{\"@id\":\"https:\\\/\\\/tibladin.dk\\\/#\\\/schema\\\/logo\\\/image\\\/\"}}]}<\/script>\n<!-- \/ Yoast SEO plugin. -->","yoast_head_json":{"title":"Bol en Tamegroute - 14 cm - VERT","description":"Bols en c\u00e9ramique de Tamegroute de 14 cm, aux d\u00e9tails raffin\u00e9s. Grand choix de magnifiques c\u00e9ramiques de Tamegroute, fabriqu\u00e9es \u00e0 la main au Maroc.","robots":{"index":"index","follow":"follow","max-snippet":"max-snippet:-1","max-image-preview":"max-image-preview:large","max-video-preview":"max-video-preview:-1"},"canonical":"https:\/\/tibladin.dk\/fr\/produit-4\/bol-en-terre-cuite-de-14-cm-de-large\/","og_locale":"fr_FR","og_type":"article","og_title":"Sk\u00e5l i Tamegroute - 14 cm - GR\u00d8N","og_description":"Tamegroute keramik sk\u00e5le 14 cm, med smukke detaljer. Stort udvalg af den smukke Tamegroute keramik, som er h\u00e5ndlavet i Marokko","og_url":"https:\/\/tibladin.dk\/fr\/produit-4\/bol-en-terre-cuite-de-14-cm-de-large\/","og_site_name":"Tibladin","article_modified_time":"2026-04-14T09:48:27+00:00","og_image":[{"width":800,"height":800,"url":"https:\/\/tibladin.dk\/wp-content\/uploads\/2025\/10\/14-cm-groen-skaal-tamegroute_1.jpg","type":"image\/jpeg"}],"twitter_card":"summary_large_image","twitter_misc":{"Dur\u00e9e de lecture estim\u00e9e":"2 minutes"},"schema":{"@context":"https:\/\/schema.org","@graph":[{"@type":"WebPage","@id":"https:\/\/tibladin.dk\/produkt\/skaal-i-tamegroute-14-cm-groen\/","url":"https:\/\/tibladin.dk\/produkt\/skaal-i-tamegroute-14-cm-groen\/","name":"Bol en Tamegroute - 14 cm - VERT","isPartOf":{"@id":"https:\/\/tibladin.dk\/#website"},"primaryImageOfPage":{"@id":"https:\/\/tibladin.dk\/produkt\/skaal-i-tamegroute-14-cm-groen\/#primaryimage"},"image":{"@id":"https:\/\/tibladin.dk\/produkt\/skaal-i-tamegroute-14-cm-groen\/#primaryimage"},"thumbnailUrl":"https:\/\/tibladin.dk\/wp-content\/uploads\/2025\/10\/14-cm-groen-skaal-tamegroute_1.jpg","datePublished":"2025-10-22T10:47:18+00:00","dateModified":"2026-04-14T09:48:27+00:00","description":"Bols en c\u00e9ramique de Tamegroute de 14 cm, aux d\u00e9tails raffin\u00e9s. Grand choix de magnifiques c\u00e9ramiques de Tamegroute, fabriqu\u00e9es \u00e0 la main au Maroc.","breadcrumb":{"@id":"https:\/\/tibladin.dk\/produkt\/skaal-i-tamegroute-14-cm-groen\/#breadcrumb"},"inLanguage":"fr-FR","potentialAction":[{"@type":"ReadAction","target":["https:\/\/tibladin.dk\/produkt\/skaal-i-tamegroute-14-cm-groen\/"]}]},{"@type":"ImageObject","inLanguage":"fr-FR","@id":"https:\/\/tibladin.dk\/produkt\/skaal-i-tamegroute-14-cm-groen\/#primaryimage","url":"https:\/\/tibladin.dk\/wp-content\/uploads\/2025\/10\/14-cm-groen-skaal-tamegroute_1.jpg","contentUrl":"https:\/\/tibladin.dk\/wp-content\/uploads\/2025\/10\/14-cm-groen-skaal-tamegroute_1.jpg","width":800,"height":800,"caption":"14-cm-groen-skaal-tamegroute_1"},{"@type":"BreadcrumbList","@id":"https:\/\/tibladin.dk\/produkt\/skaal-i-tamegroute-14-cm-groen\/#breadcrumb","itemListElement":[{"@type":"ListItem","position":1,"name":"Hjem","item":"https:\/\/tibladin.dk\/"},{"@type":"ListItem","position":2,"name":"Shop","item":"https:\/\/tibladin.dk\/shop\/"},{"@type":"ListItem","position":3,"name":"Sk\u00e5l i Tamegroute &#8211; 14 cm &#8211; GR\u00d8N"}]},{"@type":"WebSite","@id":"https:\/\/tibladin.dk\/#website","url":"https:\/\/tibladin.dk\/","name":"Tibladin","description":"Tibladin","publisher":{"@id":"https:\/\/tibladin.dk\/#organization"},"potentialAction":[{"@type":"SearchAction","target":{"@type":"EntryPoint","urlTemplate":"https:\/\/tibladin.dk\/?s={search_term_string}"},"query-input":{"@type":"PropertyValueSpecification","valueRequired":true,"valueName":"search_term_string"}}],"inLanguage":"fr-FR"},{"@type":"Organization","@id":"https:\/\/tibladin.dk\/#organization","name":"Tibladin","url":"https:\/\/tibladin.dk\/","logo":{"@type":"ImageObject","inLanguage":"fr-FR","@id":"https:\/\/tibladin.dk\/#\/schema\/logo\/image\/","url":"https:\/\/tibladin.dk\/wp-content\/uploads\/2022\/09\/tibladin_logo.svg","contentUrl":"https:\/\/tibladin.dk\/wp-content\/uploads\/2022\/09\/tibladin_logo.svg","caption":"Tibladin"},"image":{"@id":"https:\/\/tibladin.dk\/#\/schema\/logo\/image\/"}}]}},"_links":{"self":[{"href":"https:\/\/tibladin.dk\/fr\/wp-json\/wp\/v2\/product\/41308","targetHints":{"allow":["GET"]}}],"collection":[{"href":"https:\/\/tibladin.dk\/fr\/wp-json\/wp\/v2\/product"}],"about":[{"href":"https:\/\/tibladin.dk\/fr\/wp-json\/wp\/v2\/types\/product"}],"wp:featuredmedia":[{"embeddable":true,"href":"https:\/\/tibladin.dk\/fr\/wp-json\/wp\/v2\/media\/40995"}],"wp:attachment":[{"href":"https:\/\/tibladin.dk\/fr\/wp-json\/wp\/v2\/media?parent=41308"}],"wp:term":[{"taxonomy":"product_brand","embeddable":true,"href":"https:\/\/tibladin.dk\/fr\/wp-json\/wp\/v2\/product_brand?post=41308"},{"taxonomy":"product_cat","embeddable":true,"href":"https:\/\/tibladin.dk\/fr\/wp-json\/wp\/v2\/product_cat?post=41308"},{"taxonomy":"product_tag","embeddable":true,"href":"https:\/\/tibladin.dk\/fr\/wp-json\/wp\/v2\/product_tag?post=41308"}],"curies":[{"name":"wp","href":"https:\/\/api.w.org\/{rel}","templated":true}]}}