{"id":41364,"date":"2025-10-23T10:42:30","date_gmt":"2025-10-23T08:42:30","guid":{"rendered":"https:\/\/tibladin.dk\/?post_type=product&#038;p=41364"},"modified":"2026-03-13T14:42:09","modified_gmt":"2026-03-13T13:42:09","slug":"cache-pot-de-fleurs-tamegroot-jaune","status":"publish","type":"product","link":"https:\/\/tibladin.dk\/fr\/produkt\/tamegroute-urtepotteskjuler-gul\/","title":{"rendered":"Cache-pot Tamegroute - JAUNE"},"content":{"rendered":"<div class=\"wpb-content-wrapper\"><div class=\"vc_row wpb_row vc_row-fluid\"><div class=\"wpb_column vc_column_container vc_col-sm-4\"><div class=\"vc_column-inner\"><div class=\"wpb_wrapper\"><\/div><\/div><\/div><div class=\"wpb_column vc_column_container vc_col-sm-4\"><div class=\"vc_column-inner\"><div class=\"wpb_wrapper\"><h3 style=\"text-align: left\" class=\"vc_custom_heading vc_do_custom_heading\" >Entretien<\/h3>\n\t<div class=\"wpb_text_column wpb_content_element\" >\n\t\t<div class=\"wpb_wrapper\">\n\t\t\t<p>La surface du bocal \u00e9tant recouverte d&#039;une couche de cuivre et de fer, il peut arriver qu&#039;il devienne gras au toucher avec le temps. Ce ph\u00e9nom\u00e8ne dispara\u00eetra au lavage \u00e0 l&#039;eau et au savon.<\/p>\n\n\t\t<\/div>\n\t<\/div>\n<\/div><\/div><\/div><div class=\"wpb_column vc_column_container vc_col-sm-4\"><div class=\"vc_column-inner\"><div class=\"wpb_wrapper\"><h3 style=\"text-align: left\" class=\"vc_custom_heading vc_do_custom_heading\" >L&#039;histoire derri\u00e8re<\/h3>\n\t<div class=\"wpb_text_column wpb_content_element\" >\n\t\t<div class=\"wpb_wrapper\">\n\t\t\t<p>La c\u00e9ramique de Tamegroute se distingue par sa couleur vert profond. L&#039;\u00e9mail des c\u00e9ramiques lui conf\u00e8re une surface lisse et un jeu de couleurs saisissant. Il se d\u00e9veloppe apr\u00e8s une premi\u00e8re cuisson \u00e0 1\u00a0000 degr\u00e9s dans un four en pierre. La cuisson dure 24 heures et la couleur caract\u00e9ristique se d\u00e9veloppe lors de la cuisson \u00e0 tr\u00e8s faible teneur en oxyg\u00e8ne. Une fois le four refroidi, les c\u00e9ramiques sont retir\u00e9es et recouvertes d&#039;un m\u00e9lange de fer et de cuivre, ce qui leur conf\u00e8re un aspect craquel\u00e9 unique et charmant.<\/p>\n<p>Les petites fissures, craquelures et irr\u00e9gularit\u00e9s contribuent \u00e0 rendre la c\u00e9ramique de Tamegroute unique et particuli\u00e8re. Cette m\u00e9thode de cuisson\/travail est r\u00e9serv\u00e9e aux artisans et est exclusivement r\u00e9alis\u00e9e de mani\u00e8re artisanale, jamais industrielle.<\/p>\n<div id=\"comp-k9oy2jpc\" class=\"_1Z_nJ\" data-testid=\"richTextElement\">\n<p class=\"font_7\">Tamegroute est situ\u00e9e dans le sud du Maroc, \u00e0 la fronti\u00e8re avec le Sahara. En berb\u00e8re, Tamegroute signifie\u00a0: \u201d\u00a0le dernier lieu avant le d\u00e9sert\u00a0\u201d.\u201d<\/p>\n<\/div>\n\n\t\t<\/div>\n\t<\/div>\n<\/div><\/div><\/div><\/div>\n<\/div>","protected":false},"excerpt":{"rendered":"<p data-start=\"0\" data-end=\"100\">Magnifique cache-pot en c\u00e9ramique jaune embl\u00e9matique de Tamegroute - une v\u00e9ritable pi\u00e8ce d&#039;artisanat marocain.<\/p>\n<p data-start=\"102\" data-end=\"404\">Les c\u00e9ramiques de Tamegroute sont r\u00e9put\u00e9es pour leur teinte dor\u00e9e chaude et leur \u00e9mail lisse et vibrant, aux jeux de couleurs naturels. Apr\u00e8s une premi\u00e8re cuisson \u00e0 environ 1\u00a0000 degr\u00e9s, la surface est recouverte d&#039;un m\u00e9lange de fer et de cuivre, ce qui lui conf\u00e8re son aspect caract\u00e9ristique, l\u00e9g\u00e8rement craquel\u00e9 et authentique.<\/p>\n<p data-start=\"406\" data-end=\"609\">Les petites fissures, irr\u00e9gularit\u00e9s et variations de gla\u00e7ure font partie int\u00e9grante du savoir-faire artisanal et rendent chaque pot unique. Cette technique traditionnelle est exclusivement r\u00e9alis\u00e9e par des artisans locaux, jamais de mani\u00e8re industrielle.<\/p>\n<p data-start=\"611\" data-end=\"656\" data-is-last-node=\"\" data-is-only-node=\"\"><strong data-start=\"611\" data-end=\"619\">But:<\/strong> Hauteur environ 24 cm, diam\u00e8tre environ 20 cm.<\/p>\n<p data-start=\"611\" data-end=\"656\" data-is-last-node=\"\" data-is-only-node=\"\">Le cache-pot n&#039;est pas enti\u00e8rement vitrifi\u00e9 \u00e0 l&#039;int\u00e9rieur et nous ne pouvons pas garantir sa capacit\u00e9 \u00e0 retenir l&#039;eau. Arrosez votre plante en pot \u00e0 l&#039;ext\u00e9rieur du cache-pot et placez un film plastique au fond.<\/p>","protected":false},"featured_media":41040,"template":"","meta":{"inline_featured_image":false},"product_brand":[],"product_cat":[51,138,92],"product_tag":[],"class_list":{"0":"post-41364","1":"product","2":"type-product","3":"status-publish","4":"has-post-thumbnail","6":"product_cat-opbevaring","7":"product_cat-tamegroute-keramik","8":"product_cat-urtepotteskjulere","10":"first","11":"instock","12":"taxable","13":"shipping-taxable","14":"purchasable","15":"product-type-simple"},"exclude_global_add_ons":false,"addons":[{"name":"Vous souhaitez un emballage cadeau ?","type":"checkbox","position":0,"required":false,"title_format":"label","default":"","description_enable":false,"description":"","placeholder_enable":false,"placeholder":"","display":"images","restrictions_type":"any_text","adjust_price":false,"price":"","price_type":"flat_fee","restrictions":false,"min":"0","max":"0","options":[{"label":"Ja tak","price":"10","price_type":"flat_fee","image":11015,"visibility":true}],"id":1669646111}],"yoast_head":"<!-- This site is optimized with the Yoast SEO plugin v27.4 - https:\/\/yoast.com\/product\/yoast-seo-wordpress\/ -->\n<title>Urtepotteskjuler marokkansk Tamegroute keramik- Tibladin<\/title>\n<meta name=\"description\" content=\"Gul urtepotteskjuler i Tamegroute-keramik med smukt farvespil og r\u00e5, h\u00e5ndlavet overflade. Hver potte er unik og fuld af karakter.\" \/>\n<meta name=\"robots\" content=\"index, follow, max-snippet:-1, max-image-preview:large, max-video-preview:-1\" \/>\n<link rel=\"canonical\" href=\"https:\/\/tibladin.dk\/fr\/produit-4\/cache-pot-de-fleurs-tamegroot-jaune\/\" \/>\n<meta property=\"og:locale\" content=\"fr_FR\" \/>\n<meta property=\"og:type\" content=\"article\" \/>\n<meta property=\"og:title\" content=\"Urtepotteskjuler marokkansk Tamegroute keramik- Tibladin\" \/>\n<meta property=\"og:description\" content=\"Gul urtepotteskjuler i Tamegroute-keramik med smukt farvespil og r\u00e5, h\u00e5ndlavet overflade. Hver potte er unik og fuld af karakter.\" \/>\n<meta property=\"og:url\" content=\"https:\/\/tibladin.dk\/fr\/produit-4\/cache-pot-de-fleurs-tamegroot-jaune\/\" \/>\n<meta property=\"og:site_name\" content=\"Tibladin\" \/>\n<meta property=\"article:modified_time\" content=\"2026-03-13T13:42:09+00:00\" \/>\n<meta property=\"og:image\" content=\"https:\/\/tibladin.dk\/wp-content\/uploads\/2025\/10\/urtepotteskjuler-paa-fod-gul-Tamegroute_8.jpg\" \/>\n\t<meta property=\"og:image:width\" content=\"800\" \/>\n\t<meta property=\"og:image:height\" content=\"800\" \/>\n\t<meta property=\"og:image:type\" content=\"image\/jpeg\" \/>\n<meta name=\"twitter:card\" content=\"summary_large_image\" \/>\n<meta name=\"twitter:label1\" content=\"Dur\u00e9e de lecture estim\u00e9e\" \/>\n\t<meta name=\"twitter:data1\" content=\"2 minutes\" \/>\n<script type=\"application\/ld+json\" class=\"yoast-schema-graph\">{\"@context\":\"https:\\\/\\\/schema.org\",\"@graph\":[{\"@type\":\"WebPage\",\"@id\":\"https:\\\/\\\/tibladin.dk\\\/produkt\\\/tamegroute-urtepotteskjuler-gul\\\/\",\"url\":\"https:\\\/\\\/tibladin.dk\\\/produkt\\\/tamegroute-urtepotteskjuler-gul\\\/\",\"name\":\"Urtepotteskjuler marokkansk Tamegroute keramik- Tibladin\",\"isPartOf\":{\"@id\":\"https:\\\/\\\/tibladin.dk\\\/#website\"},\"primaryImageOfPage\":{\"@id\":\"https:\\\/\\\/tibladin.dk\\\/produkt\\\/tamegroute-urtepotteskjuler-gul\\\/#primaryimage\"},\"image\":{\"@id\":\"https:\\\/\\\/tibladin.dk\\\/produkt\\\/tamegroute-urtepotteskjuler-gul\\\/#primaryimage\"},\"thumbnailUrl\":\"https:\\\/\\\/tibladin.dk\\\/wp-content\\\/uploads\\\/2025\\\/10\\\/urtepotteskjuler-paa-fod-gul-Tamegroute_8.jpg\",\"datePublished\":\"2025-10-23T08:42:30+00:00\",\"dateModified\":\"2026-03-13T13:42:09+00:00\",\"description\":\"Gul urtepotteskjuler i Tamegroute-keramik med smukt farvespil og r\u00e5, h\u00e5ndlavet overflade. Hver potte er unik og fuld af karakter.\",\"breadcrumb\":{\"@id\":\"https:\\\/\\\/tibladin.dk\\\/produkt\\\/tamegroute-urtepotteskjuler-gul\\\/#breadcrumb\"},\"inLanguage\":\"fr-FR\",\"potentialAction\":[{\"@type\":\"ReadAction\",\"target\":[\"https:\\\/\\\/tibladin.dk\\\/produkt\\\/tamegroute-urtepotteskjuler-gul\\\/\"]}]},{\"@type\":\"ImageObject\",\"inLanguage\":\"fr-FR\",\"@id\":\"https:\\\/\\\/tibladin.dk\\\/produkt\\\/tamegroute-urtepotteskjuler-gul\\\/#primaryimage\",\"url\":\"https:\\\/\\\/tibladin.dk\\\/wp-content\\\/uploads\\\/2025\\\/10\\\/urtepotteskjuler-paa-fod-gul-Tamegroute_8.jpg\",\"contentUrl\":\"https:\\\/\\\/tibladin.dk\\\/wp-content\\\/uploads\\\/2025\\\/10\\\/urtepotteskjuler-paa-fod-gul-Tamegroute_8.jpg\",\"width\":800,\"height\":800,\"caption\":\"urtepotteskjuler-paa-fod-gul-Tamegroute_8\"},{\"@type\":\"BreadcrumbList\",\"@id\":\"https:\\\/\\\/tibladin.dk\\\/produkt\\\/tamegroute-urtepotteskjuler-gul\\\/#breadcrumb\",\"itemListElement\":[{\"@type\":\"ListItem\",\"position\":1,\"name\":\"Hjem\",\"item\":\"https:\\\/\\\/tibladin.dk\\\/\"},{\"@type\":\"ListItem\",\"position\":2,\"name\":\"Shop\",\"item\":\"https:\\\/\\\/tibladin.dk\\\/shop\\\/\"},{\"@type\":\"ListItem\",\"position\":3,\"name\":\"Tamegroute Urtepotteskjuler- GUL\"}]},{\"@type\":\"WebSite\",\"@id\":\"https:\\\/\\\/tibladin.dk\\\/#website\",\"url\":\"https:\\\/\\\/tibladin.dk\\\/\",\"name\":\"Tibladin\",\"description\":\"Tibladin\",\"publisher\":{\"@id\":\"https:\\\/\\\/tibladin.dk\\\/#organization\"},\"potentialAction\":[{\"@type\":\"SearchAction\",\"target\":{\"@type\":\"EntryPoint\",\"urlTemplate\":\"https:\\\/\\\/tibladin.dk\\\/?s={search_term_string}\"},\"query-input\":{\"@type\":\"PropertyValueSpecification\",\"valueRequired\":true,\"valueName\":\"search_term_string\"}}],\"inLanguage\":\"fr-FR\"},{\"@type\":\"Organization\",\"@id\":\"https:\\\/\\\/tibladin.dk\\\/#organization\",\"name\":\"Tibladin\",\"url\":\"https:\\\/\\\/tibladin.dk\\\/\",\"logo\":{\"@type\":\"ImageObject\",\"inLanguage\":\"fr-FR\",\"@id\":\"https:\\\/\\\/tibladin.dk\\\/#\\\/schema\\\/logo\\\/image\\\/\",\"url\":\"https:\\\/\\\/tibladin.dk\\\/wp-content\\\/uploads\\\/2022\\\/09\\\/tibladin_logo.svg\",\"contentUrl\":\"https:\\\/\\\/tibladin.dk\\\/wp-content\\\/uploads\\\/2022\\\/09\\\/tibladin_logo.svg\",\"caption\":\"Tibladin\"},\"image\":{\"@id\":\"https:\\\/\\\/tibladin.dk\\\/#\\\/schema\\\/logo\\\/image\\\/\"}}]}<\/script>\n<!-- \/ Yoast SEO plugin. -->","yoast_head_json":{"title":"Cache-pots en c\u00e9ramique marocaine de Tamegroute - Tibladin","description":"Cache-pot jaune en c\u00e9ramique de Tamegroute, avec un magnifique jeu de couleurs et une surface brute, r\u00e9alis\u00e9e \u00e0 la main. Chaque pot est unique et plein de caract\u00e8re.","robots":{"index":"index","follow":"follow","max-snippet":"max-snippet:-1","max-image-preview":"max-image-preview:large","max-video-preview":"max-video-preview:-1"},"canonical":"https:\/\/tibladin.dk\/fr\/produit-4\/cache-pot-de-fleurs-tamegroot-jaune\/","og_locale":"fr_FR","og_type":"article","og_title":"Urtepotteskjuler marokkansk Tamegroute keramik- Tibladin","og_description":"Gul urtepotteskjuler i Tamegroute-keramik med smukt farvespil og r\u00e5, h\u00e5ndlavet overflade. Hver potte er unik og fuld af karakter.","og_url":"https:\/\/tibladin.dk\/fr\/produit-4\/cache-pot-de-fleurs-tamegroot-jaune\/","og_site_name":"Tibladin","article_modified_time":"2026-03-13T13:42:09+00:00","og_image":[{"width":800,"height":800,"url":"https:\/\/tibladin.dk\/wp-content\/uploads\/2025\/10\/urtepotteskjuler-paa-fod-gul-Tamegroute_8.jpg","type":"image\/jpeg"}],"twitter_card":"summary_large_image","twitter_misc":{"Dur\u00e9e de lecture estim\u00e9e":"2 minutes"},"schema":{"@context":"https:\/\/schema.org","@graph":[{"@type":"WebPage","@id":"https:\/\/tibladin.dk\/produkt\/tamegroute-urtepotteskjuler-gul\/","url":"https:\/\/tibladin.dk\/produkt\/tamegroute-urtepotteskjuler-gul\/","name":"Cache-pots en c\u00e9ramique marocaine de Tamegroute - Tibladin","isPartOf":{"@id":"https:\/\/tibladin.dk\/#website"},"primaryImageOfPage":{"@id":"https:\/\/tibladin.dk\/produkt\/tamegroute-urtepotteskjuler-gul\/#primaryimage"},"image":{"@id":"https:\/\/tibladin.dk\/produkt\/tamegroute-urtepotteskjuler-gul\/#primaryimage"},"thumbnailUrl":"https:\/\/tibladin.dk\/wp-content\/uploads\/2025\/10\/urtepotteskjuler-paa-fod-gul-Tamegroute_8.jpg","datePublished":"2025-10-23T08:42:30+00:00","dateModified":"2026-03-13T13:42:09+00:00","description":"Cache-pot jaune en c\u00e9ramique de Tamegroute, avec un magnifique jeu de couleurs et une surface brute, r\u00e9alis\u00e9e \u00e0 la main. Chaque pot est unique et plein de caract\u00e8re.","breadcrumb":{"@id":"https:\/\/tibladin.dk\/produkt\/tamegroute-urtepotteskjuler-gul\/#breadcrumb"},"inLanguage":"fr-FR","potentialAction":[{"@type":"ReadAction","target":["https:\/\/tibladin.dk\/produkt\/tamegroute-urtepotteskjuler-gul\/"]}]},{"@type":"ImageObject","inLanguage":"fr-FR","@id":"https:\/\/tibladin.dk\/produkt\/tamegroute-urtepotteskjuler-gul\/#primaryimage","url":"https:\/\/tibladin.dk\/wp-content\/uploads\/2025\/10\/urtepotteskjuler-paa-fod-gul-Tamegroute_8.jpg","contentUrl":"https:\/\/tibladin.dk\/wp-content\/uploads\/2025\/10\/urtepotteskjuler-paa-fod-gul-Tamegroute_8.jpg","width":800,"height":800,"caption":"urtepotteskjuler-paa-fod-gul-Tamegroute_8"},{"@type":"BreadcrumbList","@id":"https:\/\/tibladin.dk\/produkt\/tamegroute-urtepotteskjuler-gul\/#breadcrumb","itemListElement":[{"@type":"ListItem","position":1,"name":"Hjem","item":"https:\/\/tibladin.dk\/"},{"@type":"ListItem","position":2,"name":"Shop","item":"https:\/\/tibladin.dk\/shop\/"},{"@type":"ListItem","position":3,"name":"Tamegroute Urtepotteskjuler- GUL"}]},{"@type":"WebSite","@id":"https:\/\/tibladin.dk\/#website","url":"https:\/\/tibladin.dk\/","name":"Tibladin","description":"Tibladin","publisher":{"@id":"https:\/\/tibladin.dk\/#organization"},"potentialAction":[{"@type":"SearchAction","target":{"@type":"EntryPoint","urlTemplate":"https:\/\/tibladin.dk\/?s={search_term_string}"},"query-input":{"@type":"PropertyValueSpecification","valueRequired":true,"valueName":"search_term_string"}}],"inLanguage":"fr-FR"},{"@type":"Organization","@id":"https:\/\/tibladin.dk\/#organization","name":"Tibladin","url":"https:\/\/tibladin.dk\/","logo":{"@type":"ImageObject","inLanguage":"fr-FR","@id":"https:\/\/tibladin.dk\/#\/schema\/logo\/image\/","url":"https:\/\/tibladin.dk\/wp-content\/uploads\/2022\/09\/tibladin_logo.svg","contentUrl":"https:\/\/tibladin.dk\/wp-content\/uploads\/2022\/09\/tibladin_logo.svg","caption":"Tibladin"},"image":{"@id":"https:\/\/tibladin.dk\/#\/schema\/logo\/image\/"}}]}},"_links":{"self":[{"href":"https:\/\/tibladin.dk\/fr\/wp-json\/wp\/v2\/product\/41364","targetHints":{"allow":["GET"]}}],"collection":[{"href":"https:\/\/tibladin.dk\/fr\/wp-json\/wp\/v2\/product"}],"about":[{"href":"https:\/\/tibladin.dk\/fr\/wp-json\/wp\/v2\/types\/product"}],"wp:featuredmedia":[{"embeddable":true,"href":"https:\/\/tibladin.dk\/fr\/wp-json\/wp\/v2\/media\/41040"}],"wp:attachment":[{"href":"https:\/\/tibladin.dk\/fr\/wp-json\/wp\/v2\/media?parent=41364"}],"wp:term":[{"taxonomy":"product_brand","embeddable":true,"href":"https:\/\/tibladin.dk\/fr\/wp-json\/wp\/v2\/product_brand?post=41364"},{"taxonomy":"product_cat","embeddable":true,"href":"https:\/\/tibladin.dk\/fr\/wp-json\/wp\/v2\/product_cat?post=41364"},{"taxonomy":"product_tag","embeddable":true,"href":"https:\/\/tibladin.dk\/fr\/wp-json\/wp\/v2\/product_tag?post=41364"}],"curies":[{"name":"wp","href":"https:\/\/api.w.org\/{rel}","templated":true}]}}