{"id":41411,"date":"2025-10-23T14:29:45","date_gmt":"2025-10-23T12:29:45","guid":{"rendered":"https:\/\/tibladin.dk\/?post_type=product&#038;p=41411"},"modified":"2025-10-27T15:26:20","modified_gmt":"2025-10-27T14:26:20","slug":"chandelier-a-3-bras-tamegroute-en-coulee-dargile-non-emaillee","status":"publish","type":"product","link":"https:\/\/tibladin.dk\/fr\/produkt\/tamegroute-3-armet-lysestage-i-uglaseret-ler-flow\/","title":{"rendered":"Bougeoir \u00e0 3 bras Tamegroute en terre cuite non \u00e9maill\u00e9e \u2013 FLOW"},"content":{"rendered":"<div class=\"wpb-content-wrapper\"><div class=\"vc_row wpb_row vc_row-fluid\"><div class=\"wpb_column vc_column_container vc_col-sm-4\"><div class=\"vc_column-inner\"><div class=\"wpb_wrapper\"><\/div><\/div><\/div><div class=\"wpb_column vc_column_container vc_col-sm-4\"><div class=\"vc_column-inner\"><div class=\"wpb_wrapper\"><h3 style=\"text-align: left\" class=\"vc_custom_heading vc_do_custom_heading\" >Entretien<\/h3>\n\t<div class=\"wpb_text_column wpb_content_element\" >\n\t\t<div class=\"wpb_wrapper\">\n\t\t\t<p>Peut \u00eatre essuy\u00e9 avec un chiffon \u00e0 poussi\u00e8re.<\/p>\n\n\t\t<\/div>\n\t<\/div>\n<\/div><\/div><\/div><div class=\"wpb_column vc_column_container vc_col-sm-4\"><div class=\"vc_column-inner\"><div class=\"wpb_wrapper\"><h3 style=\"text-align: left\" class=\"vc_custom_heading vc_do_custom_heading\" >L&#039;histoire derri\u00e8re<\/h3>\n\t<div class=\"wpb_text_column wpb_content_element\" >\n\t\t<div class=\"wpb_wrapper\">\n\t\t\t<p>La poterie Tamegroute est une mani\u00e8re traditionnelle de fabriquer de la poterie originaire des Marocains de la r\u00e9gion de Zagora. La mani\u00e8re dont elle est fabriqu\u00e9e et sa couleur verte unique sont ce qui caract\u00e9rise le mieux la c\u00e9ramique. De par sa fabrication, la c\u00e9ramique pr\u00e9sente une surface tr\u00e8s tactile. En m\u00eame temps qu'il est fabriqu\u00e9 \u00e0 la main, il peut \u00e9galement y avoir diverses petites variations dans les tailles, les couleurs et de la surface, ainsi que des imperfections dans la c\u00e9ramique. Cela fait partie du charme qu\u2019elle soit unique et donne plus de caract\u00e8re \u00e0 la c\u00e9ramique.<\/p>\n\n\t\t<\/div>\n\t<\/div>\n<\/div><\/div><\/div><\/div>\n<\/div>","protected":false},"excerpt":{"rendered":"<p>Bougeoir \u00e0 trois bras fa\u00e7onn\u00e9 \u00e0 la main, en argile brute non \u00e9maill\u00e9e, chacun avec sa propre expression. Tamegroute Flow pr\u00e9sente un design sculptural et organique rappelant les formes douces de la nature et les pierres us\u00e9es par le vent du d\u00e9sert. Sa forme ouverte et sa surface rugueuse le rendent \u00e0 la fois moderne et intemporel.<\/p>\n<p>Magnifique seul ou en combinaison avec d&#039;autres bougeoirs de la s\u00e9rie Tamegroute.<\/p>\n<p>DIMENSIONS: H 28 cm.<\/p>","protected":false},"featured_media":41136,"template":"","meta":{"inline_featured_image":false},"product_brand":[],"product_cat":[138],"product_tag":[],"class_list":{"0":"post-41411","1":"product","2":"type-product","3":"status-publish","4":"has-post-thumbnail","6":"product_cat-tamegroute-keramik","8":"first","9":"instock","10":"taxable","11":"shipping-taxable","12":"purchasable","13":"product-type-simple"},"exclude_global_add_ons":false,"addons":[{"name":"Vous souhaitez un emballage cadeau ?","type":"checkbox","position":0,"required":false,"title_format":"label","default":"","description_enable":false,"description":"","placeholder_enable":false,"placeholder":"","display":"images","restrictions_type":"any_text","adjust_price":false,"price":"","price_type":"flat_fee","restrictions":false,"min":"0","max":"0","options":[{"label":"Ja tak","price":"10","price_type":"flat_fee","image":11015,"visibility":true}],"id":1669646111}],"yoast_head":"<!-- This site is optimized with the Yoast SEO plugin v27.5 - https:\/\/yoast.com\/product\/yoast-seo-wordpress\/ -->\n<title>Tamegroute 3-armet lysestage i uglaseret ler - FLOW<\/title>\n<meta name=\"description\" content=\"H\u00e5ndformet trearmet lysestage i r\u00e5t, uglaseret ler med organisk formsprog.Tamegroute Flow forener naturens former med et tidl\u00f8st udtryk.\" \/>\n<meta name=\"robots\" content=\"index, follow, max-snippet:-1, max-image-preview:large, max-video-preview:-1\" \/>\n<link rel=\"canonical\" href=\"https:\/\/tibladin.dk\/fr\/produit-4\/chandelier-a-3-bras-tamegroute-en-coulee-dargile-non-emaillee\/\" \/>\n<meta property=\"og:locale\" content=\"fr_FR\" \/>\n<meta property=\"og:type\" content=\"article\" \/>\n<meta property=\"og:title\" content=\"Tamegroute 3-armet lysestage i uglaseret ler - FLOW\" \/>\n<meta property=\"og:description\" content=\"H\u00e5ndformet trearmet lysestage i r\u00e5t, uglaseret ler med organisk formsprog.Tamegroute Flow forener naturens former med et tidl\u00f8st udtryk.\" \/>\n<meta property=\"og:url\" content=\"https:\/\/tibladin.dk\/fr\/produit-4\/chandelier-a-3-bras-tamegroute-en-coulee-dargile-non-emaillee\/\" \/>\n<meta property=\"og:site_name\" content=\"Tibladin\" \/>\n<meta property=\"article:modified_time\" content=\"2025-10-27T14:26:20+00:00\" \/>\n<meta property=\"og:image\" content=\"https:\/\/tibladin.dk\/wp-content\/uploads\/2025\/10\/Tamegroute-3-armet-lysestage_FLOW_1.jpg\" \/>\n\t<meta property=\"og:image:width\" content=\"800\" \/>\n\t<meta property=\"og:image:height\" content=\"800\" \/>\n\t<meta property=\"og:image:type\" content=\"image\/jpeg\" \/>\n<meta name=\"twitter:card\" content=\"summary_large_image\" \/>\n<meta name=\"twitter:label1\" content=\"Dur\u00e9e de lecture estim\u00e9e\" \/>\n\t<meta name=\"twitter:data1\" content=\"2 minutes\" \/>\n<script type=\"application\/ld+json\" class=\"yoast-schema-graph\">{\"@context\":\"https:\\\/\\\/schema.org\",\"@graph\":[{\"@type\":\"WebPage\",\"@id\":\"https:\\\/\\\/tibladin.dk\\\/produkt\\\/tamegroute-3-armet-lysestage-i-uglaseret-ler-flow\\\/\",\"url\":\"https:\\\/\\\/tibladin.dk\\\/produkt\\\/tamegroute-3-armet-lysestage-i-uglaseret-ler-flow\\\/\",\"name\":\"Tamegroute 3-armet lysestage i uglaseret ler - FLOW\",\"isPartOf\":{\"@id\":\"https:\\\/\\\/tibladin.dk\\\/#website\"},\"primaryImageOfPage\":{\"@id\":\"https:\\\/\\\/tibladin.dk\\\/produkt\\\/tamegroute-3-armet-lysestage-i-uglaseret-ler-flow\\\/#primaryimage\"},\"image\":{\"@id\":\"https:\\\/\\\/tibladin.dk\\\/produkt\\\/tamegroute-3-armet-lysestage-i-uglaseret-ler-flow\\\/#primaryimage\"},\"thumbnailUrl\":\"https:\\\/\\\/tibladin.dk\\\/wp-content\\\/uploads\\\/2025\\\/10\\\/Tamegroute-3-armet-lysestage_FLOW_1.jpg\",\"datePublished\":\"2025-10-23T12:29:45+00:00\",\"dateModified\":\"2025-10-27T14:26:20+00:00\",\"description\":\"H\u00e5ndformet trearmet lysestage i r\u00e5t, uglaseret ler med organisk formsprog.Tamegroute Flow forener naturens former med et tidl\u00f8st udtryk.\",\"breadcrumb\":{\"@id\":\"https:\\\/\\\/tibladin.dk\\\/produkt\\\/tamegroute-3-armet-lysestage-i-uglaseret-ler-flow\\\/#breadcrumb\"},\"inLanguage\":\"fr-FR\",\"potentialAction\":[{\"@type\":\"ReadAction\",\"target\":[\"https:\\\/\\\/tibladin.dk\\\/produkt\\\/tamegroute-3-armet-lysestage-i-uglaseret-ler-flow\\\/\"]}]},{\"@type\":\"ImageObject\",\"inLanguage\":\"fr-FR\",\"@id\":\"https:\\\/\\\/tibladin.dk\\\/produkt\\\/tamegroute-3-armet-lysestage-i-uglaseret-ler-flow\\\/#primaryimage\",\"url\":\"https:\\\/\\\/tibladin.dk\\\/wp-content\\\/uploads\\\/2025\\\/10\\\/Tamegroute-3-armet-lysestage_FLOW_1.jpg\",\"contentUrl\":\"https:\\\/\\\/tibladin.dk\\\/wp-content\\\/uploads\\\/2025\\\/10\\\/Tamegroute-3-armet-lysestage_FLOW_1.jpg\",\"width\":800,\"height\":800,\"caption\":\"Tamegroute-3-armet-lysestage_FLOW_1.\"},{\"@type\":\"BreadcrumbList\",\"@id\":\"https:\\\/\\\/tibladin.dk\\\/produkt\\\/tamegroute-3-armet-lysestage-i-uglaseret-ler-flow\\\/#breadcrumb\",\"itemListElement\":[{\"@type\":\"ListItem\",\"position\":1,\"name\":\"Hjem\",\"item\":\"https:\\\/\\\/tibladin.dk\\\/\"},{\"@type\":\"ListItem\",\"position\":2,\"name\":\"Shop\",\"item\":\"https:\\\/\\\/tibladin.dk\\\/shop\\\/\"},{\"@type\":\"ListItem\",\"position\":3,\"name\":\"Tamegroute 3-armet lysestage i uglaseret ler &#8211; FLOW\"}]},{\"@type\":\"WebSite\",\"@id\":\"https:\\\/\\\/tibladin.dk\\\/#website\",\"url\":\"https:\\\/\\\/tibladin.dk\\\/\",\"name\":\"Tibladin\",\"description\":\"Tibladin\",\"publisher\":{\"@id\":\"https:\\\/\\\/tibladin.dk\\\/#organization\"},\"potentialAction\":[{\"@type\":\"SearchAction\",\"target\":{\"@type\":\"EntryPoint\",\"urlTemplate\":\"https:\\\/\\\/tibladin.dk\\\/?s={search_term_string}\"},\"query-input\":{\"@type\":\"PropertyValueSpecification\",\"valueRequired\":true,\"valueName\":\"search_term_string\"}}],\"inLanguage\":\"fr-FR\"},{\"@type\":\"Organization\",\"@id\":\"https:\\\/\\\/tibladin.dk\\\/#organization\",\"name\":\"Tibladin\",\"url\":\"https:\\\/\\\/tibladin.dk\\\/\",\"logo\":{\"@type\":\"ImageObject\",\"inLanguage\":\"fr-FR\",\"@id\":\"https:\\\/\\\/tibladin.dk\\\/#\\\/schema\\\/logo\\\/image\\\/\",\"url\":\"https:\\\/\\\/tibladin.dk\\\/wp-content\\\/uploads\\\/2022\\\/09\\\/tibladin_logo.svg\",\"contentUrl\":\"https:\\\/\\\/tibladin.dk\\\/wp-content\\\/uploads\\\/2022\\\/09\\\/tibladin_logo.svg\",\"caption\":\"Tibladin\"},\"image\":{\"@id\":\"https:\\\/\\\/tibladin.dk\\\/#\\\/schema\\\/logo\\\/image\\\/\"}}]}<\/script>\n<!-- \/ Yoast SEO plugin. -->","yoast_head_json":{"title":"Bougeoir 3 bras Tamegroute en terre cuite non \u00e9maill\u00e9e - FLOW","description":"Bougeoir \u00e0 trois bras fa\u00e7onn\u00e9 \u00e0 la main, en argile brute non \u00e9maill\u00e9e, au design organique. Tamegroute Flow allie les formes de la nature \u00e0 une expression intemporelle.","robots":{"index":"index","follow":"follow","max-snippet":"max-snippet:-1","max-image-preview":"max-image-preview:large","max-video-preview":"max-video-preview:-1"},"canonical":"https:\/\/tibladin.dk\/fr\/produit-4\/chandelier-a-3-bras-tamegroute-en-coulee-dargile-non-emaillee\/","og_locale":"fr_FR","og_type":"article","og_title":"Tamegroute 3-armet lysestage i uglaseret ler - FLOW","og_description":"H\u00e5ndformet trearmet lysestage i r\u00e5t, uglaseret ler med organisk formsprog.Tamegroute Flow forener naturens former med et tidl\u00f8st udtryk.","og_url":"https:\/\/tibladin.dk\/fr\/produit-4\/chandelier-a-3-bras-tamegroute-en-coulee-dargile-non-emaillee\/","og_site_name":"Tibladin","article_modified_time":"2025-10-27T14:26:20+00:00","og_image":[{"width":800,"height":800,"url":"https:\/\/tibladin.dk\/wp-content\/uploads\/2025\/10\/Tamegroute-3-armet-lysestage_FLOW_1.jpg","type":"image\/jpeg"}],"twitter_card":"summary_large_image","twitter_misc":{"Dur\u00e9e de lecture estim\u00e9e":"2 minutes"},"schema":{"@context":"https:\/\/schema.org","@graph":[{"@type":"WebPage","@id":"https:\/\/tibladin.dk\/produkt\/tamegroute-3-armet-lysestage-i-uglaseret-ler-flow\/","url":"https:\/\/tibladin.dk\/produkt\/tamegroute-3-armet-lysestage-i-uglaseret-ler-flow\/","name":"Bougeoir 3 bras Tamegroute en terre cuite non \u00e9maill\u00e9e - FLOW","isPartOf":{"@id":"https:\/\/tibladin.dk\/#website"},"primaryImageOfPage":{"@id":"https:\/\/tibladin.dk\/produkt\/tamegroute-3-armet-lysestage-i-uglaseret-ler-flow\/#primaryimage"},"image":{"@id":"https:\/\/tibladin.dk\/produkt\/tamegroute-3-armet-lysestage-i-uglaseret-ler-flow\/#primaryimage"},"thumbnailUrl":"https:\/\/tibladin.dk\/wp-content\/uploads\/2025\/10\/Tamegroute-3-armet-lysestage_FLOW_1.jpg","datePublished":"2025-10-23T12:29:45+00:00","dateModified":"2025-10-27T14:26:20+00:00","description":"Bougeoir \u00e0 trois bras fa\u00e7onn\u00e9 \u00e0 la main, en argile brute non \u00e9maill\u00e9e, au design organique. Tamegroute Flow allie les formes de la nature \u00e0 une expression intemporelle.","breadcrumb":{"@id":"https:\/\/tibladin.dk\/produkt\/tamegroute-3-armet-lysestage-i-uglaseret-ler-flow\/#breadcrumb"},"inLanguage":"fr-FR","potentialAction":[{"@type":"ReadAction","target":["https:\/\/tibladin.dk\/produkt\/tamegroute-3-armet-lysestage-i-uglaseret-ler-flow\/"]}]},{"@type":"ImageObject","inLanguage":"fr-FR","@id":"https:\/\/tibladin.dk\/produkt\/tamegroute-3-armet-lysestage-i-uglaseret-ler-flow\/#primaryimage","url":"https:\/\/tibladin.dk\/wp-content\/uploads\/2025\/10\/Tamegroute-3-armet-lysestage_FLOW_1.jpg","contentUrl":"https:\/\/tibladin.dk\/wp-content\/uploads\/2025\/10\/Tamegroute-3-armet-lysestage_FLOW_1.jpg","width":800,"height":800,"caption":"Tamegroute-3-armet-lysestage_FLOW_1."},{"@type":"BreadcrumbList","@id":"https:\/\/tibladin.dk\/produkt\/tamegroute-3-armet-lysestage-i-uglaseret-ler-flow\/#breadcrumb","itemListElement":[{"@type":"ListItem","position":1,"name":"Hjem","item":"https:\/\/tibladin.dk\/"},{"@type":"ListItem","position":2,"name":"Shop","item":"https:\/\/tibladin.dk\/shop\/"},{"@type":"ListItem","position":3,"name":"Tamegroute 3-armet lysestage i uglaseret ler &#8211; FLOW"}]},{"@type":"WebSite","@id":"https:\/\/tibladin.dk\/#website","url":"https:\/\/tibladin.dk\/","name":"Tibladin","description":"Tibladin","publisher":{"@id":"https:\/\/tibladin.dk\/#organization"},"potentialAction":[{"@type":"SearchAction","target":{"@type":"EntryPoint","urlTemplate":"https:\/\/tibladin.dk\/?s={search_term_string}"},"query-input":{"@type":"PropertyValueSpecification","valueRequired":true,"valueName":"search_term_string"}}],"inLanguage":"fr-FR"},{"@type":"Organization","@id":"https:\/\/tibladin.dk\/#organization","name":"Tibladin","url":"https:\/\/tibladin.dk\/","logo":{"@type":"ImageObject","inLanguage":"fr-FR","@id":"https:\/\/tibladin.dk\/#\/schema\/logo\/image\/","url":"https:\/\/tibladin.dk\/wp-content\/uploads\/2022\/09\/tibladin_logo.svg","contentUrl":"https:\/\/tibladin.dk\/wp-content\/uploads\/2022\/09\/tibladin_logo.svg","caption":"Tibladin"},"image":{"@id":"https:\/\/tibladin.dk\/#\/schema\/logo\/image\/"}}]}},"_links":{"self":[{"href":"https:\/\/tibladin.dk\/fr\/wp-json\/wp\/v2\/product\/41411","targetHints":{"allow":["GET"]}}],"collection":[{"href":"https:\/\/tibladin.dk\/fr\/wp-json\/wp\/v2\/product"}],"about":[{"href":"https:\/\/tibladin.dk\/fr\/wp-json\/wp\/v2\/types\/product"}],"wp:featuredmedia":[{"embeddable":true,"href":"https:\/\/tibladin.dk\/fr\/wp-json\/wp\/v2\/media\/41136"}],"wp:attachment":[{"href":"https:\/\/tibladin.dk\/fr\/wp-json\/wp\/v2\/media?parent=41411"}],"wp:term":[{"taxonomy":"product_brand","embeddable":true,"href":"https:\/\/tibladin.dk\/fr\/wp-json\/wp\/v2\/product_brand?post=41411"},{"taxonomy":"product_cat","embeddable":true,"href":"https:\/\/tibladin.dk\/fr\/wp-json\/wp\/v2\/product_cat?post=41411"},{"taxonomy":"product_tag","embeddable":true,"href":"https:\/\/tibladin.dk\/fr\/wp-json\/wp\/v2\/product_tag?post=41411"}],"curies":[{"name":"wp","href":"https:\/\/api.w.org\/{rel}","templated":true}]}}