{"id":41416,"date":"2025-10-23T14:59:47","date_gmt":"2025-10-23T12:59:47","guid":{"rendered":"https:\/\/tibladin.dk\/?post_type=product&#038;p=41416"},"modified":"2025-11-24T13:15:37","modified_gmt":"2025-11-24T12:15:37","slug":"patrimoine-du-fez-de-soelv-bakker","status":"publish","type":"product","link":"https:\/\/tibladin.dk\/fr\/produkt\/soelv-bakker-fez-heritage\/","title":{"rendered":"Plateaux en argent \u2013 FEZ HERITAGE"},"content":{"rendered":"<div class=\"wpb-content-wrapper\"><div class=\"vc_row wpb_row vc_row-fluid\"><div class=\"wpb_column vc_column_container vc_col-sm-4\"><div class=\"vc_column-inner\"><div class=\"wpb_wrapper\"><\/div><\/div><\/div><div class=\"wpb_column vc_column_container vc_col-sm-4\"><div class=\"vc_column-inner\"><div class=\"wpb_wrapper\"><h3 style=\"text-align: left\" class=\"vc_custom_heading vc_do_custom_heading\" >Entretien<\/h3>\n\t<div class=\"wpb_text_column wpb_content_element\" >\n\t\t<div class=\"wpb_wrapper\">\n\t\t\t<p>Le plateau peut \u00eatre essuy\u00e9 avec un chiffon humide et poli avec un produit pour l&#039;argenterie.<\/p>\n\n\t\t<\/div>\n\t<\/div>\n<\/div><\/div><\/div><div class=\"wpb_column vc_column_container vc_col-sm-4\"><div class=\"vc_column-inner\"><div class=\"wpb_wrapper\"><h3 style=\"text-align: left\" class=\"vc_custom_heading vc_do_custom_heading\" >L&#039;histoire derri\u00e8re<\/h3>\n\t<div class=\"wpb_text_column wpb_content_element\" >\n\t\t<div class=\"wpb_wrapper\">\n\t\t\t<p data-start=\"0\" data-end=\"327\">L&#039;histoire de ces plateaux en m\u00e9tal argent\u00e9 faits main au Maroc commence dans les vieux souks, o\u00f9 le travail du m\u00e9tal fait partie int\u00e9grante de la tradition artisanale depuis des si\u00e8cles. Notamment dans des villes comme F\u00e8s et Marrakech, les orf\u00e8vres (appel\u00e9s <em data-start=\"220\" data-end=\"228\">repas<\/em>) a perfectionn\u00e9 l&#039;art de la gravure, du martelage et du fa\u00e7onnage du m\u00e9tal en un art appliqu\u00e9 dot\u00e9 d&#039;une profonde signification symbolique.<\/p>\n<p data-start=\"329\" data-end=\"771\">Ces plateaux sont fabriqu\u00e9s en laiton argent\u00e9, un mat\u00e9riau \u00e0 la fois durable et facile \u00e0 travailler. Chaque plateau est grav\u00e9 \u00e0 la main de motifs g\u00e9om\u00e9triques traditionnels inspir\u00e9s de l&#039;art islamique et des zelliges, ces mosa\u00efques raffin\u00e9es qui ornent les riads et les mosqu\u00e9es du Maroc. Les motifs d&#039;\u00e9toiles r\u00e9p\u00e9t\u00e9s symbolisent l&#039;harmonie et l&#039;\u00e9ternit\u00e9, tandis que les motifs entrelac\u00e9s repr\u00e9sentent le lien entre le terrestre et le spirituel.<\/p>\n<p data-start=\"773\" data-end=\"1169\">Ces plateaux ne sont pas seulement fonctionnels\u00a0; ils t\u00e9moignent d\u2019un savoir-faire artisanal, d\u2019un h\u00e9ritage et d\u2019une esth\u00e9tique raffin\u00e9s. Utilis\u00e9s \u00e0 l\u2019origine pour servir le th\u00e9 et les douceurs lors du rituel de l\u2019hospitalit\u00e9 \u2013 un \u00e9l\u00e9ment central de la culture marocaine \u2013, ils servent aujourd\u2019hui au service, \u00e0 la d\u00e9coration et m\u00eame comme \u0153uvres d\u2019art murales. Leurs d\u00e9licates gravures refl\u00e8tent la lumi\u00e8re et apportent une touche d\u2019\u00e9l\u00e9gance orientale aux int\u00e9rieurs contemporains.<\/p>\n\n\t\t<\/div>\n\t<\/div>\n<\/div><\/div><\/div><\/div>\n<\/div>","protected":false},"excerpt":{"rendered":"<p>Magnifiques plateaux de service en m\u00e9tal argent\u00e9 antique, grav\u00e9s \u00e0 la main au Maroc de motifs g\u00e9om\u00e9triques traditionnels inspir\u00e9s des zelliges historiques de F\u00e8s. Les motifs d&#039;\u00e9toiles r\u00e9p\u00e9t\u00e9s symbolisent l&#039;harmonie et l&#039;\u00e9ternit\u00e9, tandis que les d\u00e9licats d\u00e9tails floraux repr\u00e9sentent la croissance et la vie \u2013 une expression de l&#039;\u00e9quilibre marocain entre art et spiritualit\u00e9.<\/p>\n<p>Chaque plateau est unique, portant de petites marques d&#039;usure qui racontent sa propre histoire. Ils peuvent servir de plateaux de service, accueillir des bougies et des objets d\u00e9coratifs, ou encore \u00eatre accroch\u00e9s au mur comme une \u0153uvre d&#039;art.<\/p>\n<p>Mesures : S : 24 cm | M : 28 cm | L : 35 cm<\/p>","protected":false},"featured_media":41147,"template":"","meta":{"inline_featured_image":false},"product_brand":[],"product_cat":[54,51],"product_tag":[],"class_list":{"0":"post-41416","1":"product","2":"type-product","3":"status-publish","4":"has-post-thumbnail","6":"product_cat-aesker-og-bakker","7":"product_cat-opbevaring","9":"first","10":"instock","11":"taxable","12":"shipping-taxable","13":"purchasable","14":"product-type-variable"},"exclude_global_add_ons":false,"addons":[{"name":"Vous souhaitez un emballage cadeau ?","type":"checkbox","position":0,"required":false,"title_format":"label","default":"","description_enable":false,"description":"","placeholder_enable":false,"placeholder":"","display":"images","restrictions_type":"any_text","adjust_price":false,"price":"","price_type":"flat_fee","restrictions":false,"min":"0","max":"0","options":[{"label":"Ja tak","price":"10","price_type":"flat_fee","image":11015,"visibility":true}],"id":1669646111}],"yoast_head":"<!-- This site is optimized with the Yoast SEO plugin v27.4 - https:\/\/yoast.com\/product\/yoast-seo-wordpress\/ -->\n<title>S\u00f8lv bakker - FEZ HERITAGE | Smukt design | Tibladin<\/title>\n<meta name=\"description\" content=\"Antikke serveringsbakker i s\u00f8lvfarvet metal, h\u00e5ndgraveret i Marokko med traditionelle m\u00f8nstre.Unikke og dekorative \u2013 f\u00e5s i tre varianter.\" \/>\n<meta name=\"robots\" content=\"index, follow, max-snippet:-1, max-image-preview:large, max-video-preview:-1\" \/>\n<link rel=\"canonical\" href=\"https:\/\/tibladin.dk\/fr\/produit-4\/patrimoine-du-fez-de-soelv-bakker\/\" \/>\n<meta property=\"og:locale\" content=\"fr_FR\" \/>\n<meta property=\"og:type\" content=\"article\" \/>\n<meta property=\"og:title\" content=\"S\u00f8lv bakker - FEZ HERITAGE | Smukt design | Tibladin\" \/>\n<meta property=\"og:description\" content=\"Antikke serveringsbakker i s\u00f8lvfarvet metal, h\u00e5ndgraveret i Marokko med traditionelle m\u00f8nstre.Unikke og dekorative \u2013 f\u00e5s i tre varianter.\" \/>\n<meta property=\"og:url\" content=\"https:\/\/tibladin.dk\/fr\/produit-4\/patrimoine-du-fez-de-soelv-bakker\/\" \/>\n<meta property=\"og:site_name\" content=\"Tibladin\" \/>\n<meta property=\"article:modified_time\" content=\"2025-11-24T12:15:37+00:00\" \/>\n<meta property=\"og:image\" content=\"https:\/\/tibladin.dk\/wp-content\/uploads\/2025\/10\/FEZ-HERITAGE_runde-soelvbakker_1.jpg\" \/>\n\t<meta property=\"og:image:width\" content=\"800\" \/>\n\t<meta property=\"og:image:height\" content=\"800\" \/>\n\t<meta property=\"og:image:type\" content=\"image\/jpeg\" \/>\n<meta name=\"twitter:card\" content=\"summary_large_image\" \/>\n<meta name=\"twitter:label1\" content=\"Dur\u00e9e de lecture estim\u00e9e\" \/>\n\t<meta name=\"twitter:data1\" content=\"2 minutes\" \/>\n<script type=\"application\/ld+json\" class=\"yoast-schema-graph\">{\"@context\":\"https:\\\/\\\/schema.org\",\"@graph\":[{\"@type\":\"WebPage\",\"@id\":\"https:\\\/\\\/tibladin.dk\\\/produkt\\\/soelv-bakker-fez-heritage\\\/\",\"url\":\"https:\\\/\\\/tibladin.dk\\\/produkt\\\/soelv-bakker-fez-heritage\\\/\",\"name\":\"S\u00f8lv bakker - FEZ HERITAGE | Smukt design | Tibladin\",\"isPartOf\":{\"@id\":\"https:\\\/\\\/tibladin.dk\\\/#website\"},\"primaryImageOfPage\":{\"@id\":\"https:\\\/\\\/tibladin.dk\\\/produkt\\\/soelv-bakker-fez-heritage\\\/#primaryimage\"},\"image\":{\"@id\":\"https:\\\/\\\/tibladin.dk\\\/produkt\\\/soelv-bakker-fez-heritage\\\/#primaryimage\"},\"thumbnailUrl\":\"https:\\\/\\\/tibladin.dk\\\/wp-content\\\/uploads\\\/2025\\\/10\\\/FEZ-HERITAGE_runde-soelvbakker_1.jpg\",\"datePublished\":\"2025-10-23T12:59:47+00:00\",\"dateModified\":\"2025-11-24T12:15:37+00:00\",\"description\":\"Antikke serveringsbakker i s\u00f8lvfarvet metal, h\u00e5ndgraveret i Marokko med traditionelle m\u00f8nstre.Unikke og dekorative \u2013 f\u00e5s i tre varianter.\",\"breadcrumb\":{\"@id\":\"https:\\\/\\\/tibladin.dk\\\/produkt\\\/soelv-bakker-fez-heritage\\\/#breadcrumb\"},\"inLanguage\":\"fr-FR\",\"potentialAction\":[{\"@type\":\"ReadAction\",\"target\":[\"https:\\\/\\\/tibladin.dk\\\/produkt\\\/soelv-bakker-fez-heritage\\\/\"]}]},{\"@type\":\"ImageObject\",\"inLanguage\":\"fr-FR\",\"@id\":\"https:\\\/\\\/tibladin.dk\\\/produkt\\\/soelv-bakker-fez-heritage\\\/#primaryimage\",\"url\":\"https:\\\/\\\/tibladin.dk\\\/wp-content\\\/uploads\\\/2025\\\/10\\\/FEZ-HERITAGE_runde-soelvbakker_1.jpg\",\"contentUrl\":\"https:\\\/\\\/tibladin.dk\\\/wp-content\\\/uploads\\\/2025\\\/10\\\/FEZ-HERITAGE_runde-soelvbakker_1.jpg\",\"width\":800,\"height\":800,\"caption\":\"FEZ-HERITAGE_runde-soelvbakker_1\"},{\"@type\":\"BreadcrumbList\",\"@id\":\"https:\\\/\\\/tibladin.dk\\\/produkt\\\/soelv-bakker-fez-heritage\\\/#breadcrumb\",\"itemListElement\":[{\"@type\":\"ListItem\",\"position\":1,\"name\":\"Hjem\",\"item\":\"https:\\\/\\\/tibladin.dk\\\/\"},{\"@type\":\"ListItem\",\"position\":2,\"name\":\"Shop\",\"item\":\"https:\\\/\\\/tibladin.dk\\\/shop\\\/\"},{\"@type\":\"ListItem\",\"position\":3,\"name\":\"S\u00f8lv bakker &#8211; FEZ HERITAGE\"}]},{\"@type\":\"WebSite\",\"@id\":\"https:\\\/\\\/tibladin.dk\\\/#website\",\"url\":\"https:\\\/\\\/tibladin.dk\\\/\",\"name\":\"Tibladin\",\"description\":\"Tibladin\",\"publisher\":{\"@id\":\"https:\\\/\\\/tibladin.dk\\\/#organization\"},\"potentialAction\":[{\"@type\":\"SearchAction\",\"target\":{\"@type\":\"EntryPoint\",\"urlTemplate\":\"https:\\\/\\\/tibladin.dk\\\/?s={search_term_string}\"},\"query-input\":{\"@type\":\"PropertyValueSpecification\",\"valueRequired\":true,\"valueName\":\"search_term_string\"}}],\"inLanguage\":\"fr-FR\"},{\"@type\":\"Organization\",\"@id\":\"https:\\\/\\\/tibladin.dk\\\/#organization\",\"name\":\"Tibladin\",\"url\":\"https:\\\/\\\/tibladin.dk\\\/\",\"logo\":{\"@type\":\"ImageObject\",\"inLanguage\":\"fr-FR\",\"@id\":\"https:\\\/\\\/tibladin.dk\\\/#\\\/schema\\\/logo\\\/image\\\/\",\"url\":\"https:\\\/\\\/tibladin.dk\\\/wp-content\\\/uploads\\\/2022\\\/09\\\/tibladin_logo.svg\",\"contentUrl\":\"https:\\\/\\\/tibladin.dk\\\/wp-content\\\/uploads\\\/2022\\\/09\\\/tibladin_logo.svg\",\"caption\":\"Tibladin\"},\"image\":{\"@id\":\"https:\\\/\\\/tibladin.dk\\\/#\\\/schema\\\/logo\\\/image\\\/\"}}]}<\/script>\n<!-- \/ Yoast SEO plugin. -->","yoast_head_json":{"title":"Plateaux en argent - FEZ HERITAGE | Design \u00e9l\u00e9gant | Tibladin","description":"Plateaux de service anciens en m\u00e9tal argent\u00e9, grav\u00e9s \u00e0 la main au Maroc de motifs traditionnels. Pi\u00e8ces uniques et d\u00e9coratives \u2013 disponibles en trois variantes.","robots":{"index":"index","follow":"follow","max-snippet":"max-snippet:-1","max-image-preview":"max-image-preview:large","max-video-preview":"max-video-preview:-1"},"canonical":"https:\/\/tibladin.dk\/fr\/produit-4\/patrimoine-du-fez-de-soelv-bakker\/","og_locale":"fr_FR","og_type":"article","og_title":"S\u00f8lv bakker - FEZ HERITAGE | Smukt design | Tibladin","og_description":"Antikke serveringsbakker i s\u00f8lvfarvet metal, h\u00e5ndgraveret i Marokko med traditionelle m\u00f8nstre.Unikke og dekorative \u2013 f\u00e5s i tre varianter.","og_url":"https:\/\/tibladin.dk\/fr\/produit-4\/patrimoine-du-fez-de-soelv-bakker\/","og_site_name":"Tibladin","article_modified_time":"2025-11-24T12:15:37+00:00","og_image":[{"width":800,"height":800,"url":"https:\/\/tibladin.dk\/wp-content\/uploads\/2025\/10\/FEZ-HERITAGE_runde-soelvbakker_1.jpg","type":"image\/jpeg"}],"twitter_card":"summary_large_image","twitter_misc":{"Dur\u00e9e de lecture estim\u00e9e":"2 minutes"},"schema":{"@context":"https:\/\/schema.org","@graph":[{"@type":"WebPage","@id":"https:\/\/tibladin.dk\/produkt\/soelv-bakker-fez-heritage\/","url":"https:\/\/tibladin.dk\/produkt\/soelv-bakker-fez-heritage\/","name":"Plateaux en argent - FEZ HERITAGE | Design \u00e9l\u00e9gant | Tibladin","isPartOf":{"@id":"https:\/\/tibladin.dk\/#website"},"primaryImageOfPage":{"@id":"https:\/\/tibladin.dk\/produkt\/soelv-bakker-fez-heritage\/#primaryimage"},"image":{"@id":"https:\/\/tibladin.dk\/produkt\/soelv-bakker-fez-heritage\/#primaryimage"},"thumbnailUrl":"https:\/\/tibladin.dk\/wp-content\/uploads\/2025\/10\/FEZ-HERITAGE_runde-soelvbakker_1.jpg","datePublished":"2025-10-23T12:59:47+00:00","dateModified":"2025-11-24T12:15:37+00:00","description":"Plateaux de service anciens en m\u00e9tal argent\u00e9, grav\u00e9s \u00e0 la main au Maroc de motifs traditionnels. Pi\u00e8ces uniques et d\u00e9coratives \u2013 disponibles en trois variantes.","breadcrumb":{"@id":"https:\/\/tibladin.dk\/produkt\/soelv-bakker-fez-heritage\/#breadcrumb"},"inLanguage":"fr-FR","potentialAction":[{"@type":"ReadAction","target":["https:\/\/tibladin.dk\/produkt\/soelv-bakker-fez-heritage\/"]}]},{"@type":"ImageObject","inLanguage":"fr-FR","@id":"https:\/\/tibladin.dk\/produkt\/soelv-bakker-fez-heritage\/#primaryimage","url":"https:\/\/tibladin.dk\/wp-content\/uploads\/2025\/10\/FEZ-HERITAGE_runde-soelvbakker_1.jpg","contentUrl":"https:\/\/tibladin.dk\/wp-content\/uploads\/2025\/10\/FEZ-HERITAGE_runde-soelvbakker_1.jpg","width":800,"height":800,"caption":"FEZ-HERITAGE_runde-soelvbakker_1"},{"@type":"BreadcrumbList","@id":"https:\/\/tibladin.dk\/produkt\/soelv-bakker-fez-heritage\/#breadcrumb","itemListElement":[{"@type":"ListItem","position":1,"name":"Hjem","item":"https:\/\/tibladin.dk\/"},{"@type":"ListItem","position":2,"name":"Shop","item":"https:\/\/tibladin.dk\/shop\/"},{"@type":"ListItem","position":3,"name":"S\u00f8lv bakker &#8211; FEZ HERITAGE"}]},{"@type":"WebSite","@id":"https:\/\/tibladin.dk\/#website","url":"https:\/\/tibladin.dk\/","name":"Tibladin","description":"Tibladin","publisher":{"@id":"https:\/\/tibladin.dk\/#organization"},"potentialAction":[{"@type":"SearchAction","target":{"@type":"EntryPoint","urlTemplate":"https:\/\/tibladin.dk\/?s={search_term_string}"},"query-input":{"@type":"PropertyValueSpecification","valueRequired":true,"valueName":"search_term_string"}}],"inLanguage":"fr-FR"},{"@type":"Organization","@id":"https:\/\/tibladin.dk\/#organization","name":"Tibladin","url":"https:\/\/tibladin.dk\/","logo":{"@type":"ImageObject","inLanguage":"fr-FR","@id":"https:\/\/tibladin.dk\/#\/schema\/logo\/image\/","url":"https:\/\/tibladin.dk\/wp-content\/uploads\/2022\/09\/tibladin_logo.svg","contentUrl":"https:\/\/tibladin.dk\/wp-content\/uploads\/2022\/09\/tibladin_logo.svg","caption":"Tibladin"},"image":{"@id":"https:\/\/tibladin.dk\/#\/schema\/logo\/image\/"}}]}},"_links":{"self":[{"href":"https:\/\/tibladin.dk\/fr\/wp-json\/wp\/v2\/product\/41416","targetHints":{"allow":["GET"]}}],"collection":[{"href":"https:\/\/tibladin.dk\/fr\/wp-json\/wp\/v2\/product"}],"about":[{"href":"https:\/\/tibladin.dk\/fr\/wp-json\/wp\/v2\/types\/product"}],"wp:featuredmedia":[{"embeddable":true,"href":"https:\/\/tibladin.dk\/fr\/wp-json\/wp\/v2\/media\/41147"}],"wp:attachment":[{"href":"https:\/\/tibladin.dk\/fr\/wp-json\/wp\/v2\/media?parent=41416"}],"wp:term":[{"taxonomy":"product_brand","embeddable":true,"href":"https:\/\/tibladin.dk\/fr\/wp-json\/wp\/v2\/product_brand?post=41416"},{"taxonomy":"product_cat","embeddable":true,"href":"https:\/\/tibladin.dk\/fr\/wp-json\/wp\/v2\/product_cat?post=41416"},{"taxonomy":"product_tag","embeddable":true,"href":"https:\/\/tibladin.dk\/fr\/wp-json\/wp\/v2\/product_tag?post=41416"}],"curies":[{"name":"wp","href":"https:\/\/api.w.org\/{rel}","templated":true}]}}