{"id":41618,"date":"2025-11-05T14:57:43","date_gmt":"2025-11-05T13:57:43","guid":{"rendered":"https:\/\/tibladin.dk\/?post_type=product&#038;p=41618"},"modified":"2025-11-05T15:09:58","modified_gmt":"2025-11-05T14:09:58","slug":"coeur-miroir-or","status":"publish","type":"product","link":"https:\/\/tibladin.dk\/fr\/produkt\/spejl-hjerte-guld\/","title":{"rendered":"C\u0153ur Miroir \u2013 Or"},"content":{"rendered":"<div class=\"wpb-content-wrapper\"><div class=\"vc_row wpb_row vc_row-fluid\"><div class=\"wpb_column vc_column_container vc_col-sm-4\"><div class=\"vc_column-inner\"><div class=\"wpb_wrapper\"><\/div><\/div><\/div><div class=\"wpb_column vc_column_container vc_col-sm-4\"><div class=\"vc_column-inner\"><div class=\"wpb_wrapper\"><h3 style=\"text-align: left\" class=\"vc_custom_heading vc_do_custom_heading\" >Entretien<\/h3>\n\t<div class=\"wpb_text_column wpb_content_element\" >\n\t\t<div class=\"wpb_wrapper\">\n\t\t\t<p>Utilisez du vernis pour le bord. Le miroir se patinera avec le temps et pourra \u00eatre facilement poli \u00e0 nouveau.<\/p>\n<p>Utilisez un nettoyant pour vitres ordinaire pour le miroir.<\/p>\n\n\t\t<\/div>\n\t<\/div>\n<\/div><\/div><\/div><div class=\"wpb_column vc_column_container vc_col-sm-4\"><div class=\"vc_column-inner\"><div class=\"wpb_wrapper\"><h3 style=\"text-align: left\" class=\"vc_custom_heading vc_do_custom_heading\" >L&#039;histoire derri\u00e8re<\/h3>\n\t<div class=\"wpb_text_column wpb_content_element\" >\n\t\t<div class=\"wpb_wrapper\">\n\t\t\t<p>Les miroirs donnent vie au mur. Il est tr\u00e8s tendance d\u2019utiliser des miroirs \u00e0 l\u2019int\u00e9rieur, et de pr\u00e9f\u00e9rence plusieurs ensemble de formes diff\u00e9rentes. Pensez aux miroirs dans la conception de vos pi\u00e8ces et exp\u00e9rimentez diff\u00e9rentes configurations. Utilisez-les comme touche finale \u00e0 votre mur d&#039;images.<\/p>\n<p>Les miroirs sont en laiton.<\/p>\n\n\t\t<\/div>\n\t<\/div>\n<\/div><\/div><\/div><\/div>\n<\/div>","protected":false},"excerpt":{"rendered":"<p>Miroir marocain artisanal en laiton, en forme de c\u0153ur.<\/p>\n<p>Disponible en quatre tailles diff\u00e9rentes : S, M, L et XL<\/p>\n<p>Le miroir a des supports cach\u00e9s \u00e0 l&#039;arri\u00e8re - juste pour l&#039;accrocher au mur.<\/p>\n<p>Dimensions : S : 20 \u00d7 20 cm | M : 25 \u00d7 25 cm | L : 31 \u00d7 31 cm | XL : 37 \u00d7 37 cm<\/p>\n<p>&nbsp;<\/p>","protected":false},"featured_media":41247,"template":"","meta":{"inline_featured_image":false},"product_brand":[],"product_cat":[58,56],"product_tag":[],"class_list":{"0":"post-41618","1":"product","2":"type-product","3":"status-publish","4":"has-post-thumbnail","6":"product_cat-spejle","7":"product_cat-vaegdekoration","9":"first","10":"instock","11":"taxable","12":"shipping-taxable","13":"purchasable","14":"product-type-variable"},"exclude_global_add_ons":[],"addons":[],"yoast_head":"<!-- This site is optimized with the Yoast SEO plugin v27.4 - https:\/\/yoast.com\/product\/yoast-seo-wordpress\/ -->\n<title>Spejl hjerteformet i messing | Marokkansk v\u00e6gdekoration | Tibladin<\/title>\n<meta name=\"description\" content=\"Marokkansk spejl formet som et hjerte i messing., H\u00e5ndlavet p\u00e5 metalv\u00e6rksted i Marokko. F\u00e5es i 4 forskellige st\u00f8rrelser M, S og XS.\" \/>\n<meta name=\"robots\" content=\"index, follow, max-snippet:-1, max-image-preview:large, max-video-preview:-1\" \/>\n<link rel=\"canonical\" href=\"https:\/\/tibladin.dk\/fr\/produit-4\/coeur-miroir-or\/\" \/>\n<meta property=\"og:locale\" content=\"fr_FR\" \/>\n<meta property=\"og:type\" content=\"article\" \/>\n<meta property=\"og:title\" content=\"Spejl hjerteformet i messing | Marokkansk v\u00e6gdekoration | Tibladin\" \/>\n<meta property=\"og:description\" content=\"Marokkansk spejl formet som et hjerte i messing., H\u00e5ndlavet p\u00e5 metalv\u00e6rksted i Marokko. F\u00e5es i 4 forskellige st\u00f8rrelser M, S og XS.\" \/>\n<meta property=\"og:url\" content=\"https:\/\/tibladin.dk\/fr\/produit-4\/coeur-miroir-or\/\" \/>\n<meta property=\"og:site_name\" content=\"Tibladin\" \/>\n<meta property=\"article:modified_time\" content=\"2025-11-05T14:09:58+00:00\" \/>\n<meta property=\"og:image\" content=\"https:\/\/tibladin.dk\/wp-content\/uploads\/2025\/10\/Spejle-guld-hjerter_6.jpg\" \/>\n\t<meta property=\"og:image:width\" content=\"800\" \/>\n\t<meta property=\"og:image:height\" content=\"800\" \/>\n\t<meta property=\"og:image:type\" content=\"image\/jpeg\" \/>\n<meta name=\"twitter:card\" content=\"summary_large_image\" \/>\n<meta name=\"twitter:label1\" content=\"Dur\u00e9e de lecture estim\u00e9e\" \/>\n\t<meta name=\"twitter:data1\" content=\"1 minute\" \/>\n<script type=\"application\/ld+json\" class=\"yoast-schema-graph\">{\"@context\":\"https:\\\/\\\/schema.org\",\"@graph\":[{\"@type\":\"WebPage\",\"@id\":\"https:\\\/\\\/tibladin.dk\\\/produkt\\\/spejl-hjerte-guld\\\/\",\"url\":\"https:\\\/\\\/tibladin.dk\\\/produkt\\\/spejl-hjerte-guld\\\/\",\"name\":\"Spejl hjerteformet i messing | Marokkansk v\u00e6gdekoration | Tibladin\",\"isPartOf\":{\"@id\":\"https:\\\/\\\/tibladin.dk\\\/#website\"},\"primaryImageOfPage\":{\"@id\":\"https:\\\/\\\/tibladin.dk\\\/produkt\\\/spejl-hjerte-guld\\\/#primaryimage\"},\"image\":{\"@id\":\"https:\\\/\\\/tibladin.dk\\\/produkt\\\/spejl-hjerte-guld\\\/#primaryimage\"},\"thumbnailUrl\":\"https:\\\/\\\/tibladin.dk\\\/wp-content\\\/uploads\\\/2025\\\/10\\\/Spejle-guld-hjerter_6.jpg\",\"datePublished\":\"2025-11-05T13:57:43+00:00\",\"dateModified\":\"2025-11-05T14:09:58+00:00\",\"description\":\"Marokkansk spejl formet som et hjerte i messing., H\u00e5ndlavet p\u00e5 metalv\u00e6rksted i Marokko. F\u00e5es i 4 forskellige st\u00f8rrelser M, S og XS.\",\"breadcrumb\":{\"@id\":\"https:\\\/\\\/tibladin.dk\\\/produkt\\\/spejl-hjerte-guld\\\/#breadcrumb\"},\"inLanguage\":\"fr-FR\",\"potentialAction\":[{\"@type\":\"ReadAction\",\"target\":[\"https:\\\/\\\/tibladin.dk\\\/produkt\\\/spejl-hjerte-guld\\\/\"]}]},{\"@type\":\"ImageObject\",\"inLanguage\":\"fr-FR\",\"@id\":\"https:\\\/\\\/tibladin.dk\\\/produkt\\\/spejl-hjerte-guld\\\/#primaryimage\",\"url\":\"https:\\\/\\\/tibladin.dk\\\/wp-content\\\/uploads\\\/2025\\\/10\\\/Spejle-guld-hjerter_6.jpg\",\"contentUrl\":\"https:\\\/\\\/tibladin.dk\\\/wp-content\\\/uploads\\\/2025\\\/10\\\/Spejle-guld-hjerter_6.jpg\",\"width\":800,\"height\":800,\"caption\":\"marokkanske spejle i messing hjerteform - f\u00e5es i 4 st\u00f8rrelser\"},{\"@type\":\"BreadcrumbList\",\"@id\":\"https:\\\/\\\/tibladin.dk\\\/produkt\\\/spejl-hjerte-guld\\\/#breadcrumb\",\"itemListElement\":[{\"@type\":\"ListItem\",\"position\":1,\"name\":\"Hjem\",\"item\":\"https:\\\/\\\/tibladin.dk\\\/\"},{\"@type\":\"ListItem\",\"position\":2,\"name\":\"Shop\",\"item\":\"https:\\\/\\\/tibladin.dk\\\/shop\\\/\"},{\"@type\":\"ListItem\",\"position\":3,\"name\":\"Spejl Hjerte &#8211; Guld\"}]},{\"@type\":\"WebSite\",\"@id\":\"https:\\\/\\\/tibladin.dk\\\/#website\",\"url\":\"https:\\\/\\\/tibladin.dk\\\/\",\"name\":\"Tibladin\",\"description\":\"Tibladin\",\"publisher\":{\"@id\":\"https:\\\/\\\/tibladin.dk\\\/#organization\"},\"potentialAction\":[{\"@type\":\"SearchAction\",\"target\":{\"@type\":\"EntryPoint\",\"urlTemplate\":\"https:\\\/\\\/tibladin.dk\\\/?s={search_term_string}\"},\"query-input\":{\"@type\":\"PropertyValueSpecification\",\"valueRequired\":true,\"valueName\":\"search_term_string\"}}],\"inLanguage\":\"fr-FR\"},{\"@type\":\"Organization\",\"@id\":\"https:\\\/\\\/tibladin.dk\\\/#organization\",\"name\":\"Tibladin\",\"url\":\"https:\\\/\\\/tibladin.dk\\\/\",\"logo\":{\"@type\":\"ImageObject\",\"inLanguage\":\"fr-FR\",\"@id\":\"https:\\\/\\\/tibladin.dk\\\/#\\\/schema\\\/logo\\\/image\\\/\",\"url\":\"https:\\\/\\\/tibladin.dk\\\/wp-content\\\/uploads\\\/2022\\\/09\\\/tibladin_logo.svg\",\"contentUrl\":\"https:\\\/\\\/tibladin.dk\\\/wp-content\\\/uploads\\\/2022\\\/09\\\/tibladin_logo.svg\",\"caption\":\"Tibladin\"},\"image\":{\"@id\":\"https:\\\/\\\/tibladin.dk\\\/#\\\/schema\\\/logo\\\/image\\\/\"}}]}<\/script>\n<!-- \/ Yoast SEO plugin. -->","yoast_head_json":{"title":"Miroir en forme de c\u0153ur en laiton | D\u00e9coration murale marocaine | Tibladin","description":"Miroir marocain en laiton en forme de c\u0153ur. Fabriqu\u00e9 artisanalement dans un atelier de m\u00e9tallurgie au Maroc. Disponible en 4 tailles\u00a0: M, S et XS.","robots":{"index":"index","follow":"follow","max-snippet":"max-snippet:-1","max-image-preview":"max-image-preview:large","max-video-preview":"max-video-preview:-1"},"canonical":"https:\/\/tibladin.dk\/fr\/produit-4\/coeur-miroir-or\/","og_locale":"fr_FR","og_type":"article","og_title":"Spejl hjerteformet i messing | Marokkansk v\u00e6gdekoration | Tibladin","og_description":"Marokkansk spejl formet som et hjerte i messing., H\u00e5ndlavet p\u00e5 metalv\u00e6rksted i Marokko. F\u00e5es i 4 forskellige st\u00f8rrelser M, S og XS.","og_url":"https:\/\/tibladin.dk\/fr\/produit-4\/coeur-miroir-or\/","og_site_name":"Tibladin","article_modified_time":"2025-11-05T14:09:58+00:00","og_image":[{"width":800,"height":800,"url":"https:\/\/tibladin.dk\/wp-content\/uploads\/2025\/10\/Spejle-guld-hjerter_6.jpg","type":"image\/jpeg"}],"twitter_card":"summary_large_image","twitter_misc":{"Dur\u00e9e de lecture estim\u00e9e":"1 minute"},"schema":{"@context":"https:\/\/schema.org","@graph":[{"@type":"WebPage","@id":"https:\/\/tibladin.dk\/produkt\/spejl-hjerte-guld\/","url":"https:\/\/tibladin.dk\/produkt\/spejl-hjerte-guld\/","name":"Miroir en forme de c\u0153ur en laiton | D\u00e9coration murale marocaine | Tibladin","isPartOf":{"@id":"https:\/\/tibladin.dk\/#website"},"primaryImageOfPage":{"@id":"https:\/\/tibladin.dk\/produkt\/spejl-hjerte-guld\/#primaryimage"},"image":{"@id":"https:\/\/tibladin.dk\/produkt\/spejl-hjerte-guld\/#primaryimage"},"thumbnailUrl":"https:\/\/tibladin.dk\/wp-content\/uploads\/2025\/10\/Spejle-guld-hjerter_6.jpg","datePublished":"2025-11-05T13:57:43+00:00","dateModified":"2025-11-05T14:09:58+00:00","description":"Miroir marocain en laiton en forme de c\u0153ur. Fabriqu\u00e9 artisanalement dans un atelier de m\u00e9tallurgie au Maroc. Disponible en 4 tailles\u00a0: M, S et XS.","breadcrumb":{"@id":"https:\/\/tibladin.dk\/produkt\/spejl-hjerte-guld\/#breadcrumb"},"inLanguage":"fr-FR","potentialAction":[{"@type":"ReadAction","target":["https:\/\/tibladin.dk\/produkt\/spejl-hjerte-guld\/"]}]},{"@type":"ImageObject","inLanguage":"fr-FR","@id":"https:\/\/tibladin.dk\/produkt\/spejl-hjerte-guld\/#primaryimage","url":"https:\/\/tibladin.dk\/wp-content\/uploads\/2025\/10\/Spejle-guld-hjerter_6.jpg","contentUrl":"https:\/\/tibladin.dk\/wp-content\/uploads\/2025\/10\/Spejle-guld-hjerter_6.jpg","width":800,"height":800,"caption":"marokkanske spejle i messing hjerteform - f\u00e5es i 4 st\u00f8rrelser"},{"@type":"BreadcrumbList","@id":"https:\/\/tibladin.dk\/produkt\/spejl-hjerte-guld\/#breadcrumb","itemListElement":[{"@type":"ListItem","position":1,"name":"Hjem","item":"https:\/\/tibladin.dk\/"},{"@type":"ListItem","position":2,"name":"Shop","item":"https:\/\/tibladin.dk\/shop\/"},{"@type":"ListItem","position":3,"name":"Spejl Hjerte &#8211; Guld"}]},{"@type":"WebSite","@id":"https:\/\/tibladin.dk\/#website","url":"https:\/\/tibladin.dk\/","name":"Tibladin","description":"Tibladin","publisher":{"@id":"https:\/\/tibladin.dk\/#organization"},"potentialAction":[{"@type":"SearchAction","target":{"@type":"EntryPoint","urlTemplate":"https:\/\/tibladin.dk\/?s={search_term_string}"},"query-input":{"@type":"PropertyValueSpecification","valueRequired":true,"valueName":"search_term_string"}}],"inLanguage":"fr-FR"},{"@type":"Organization","@id":"https:\/\/tibladin.dk\/#organization","name":"Tibladin","url":"https:\/\/tibladin.dk\/","logo":{"@type":"ImageObject","inLanguage":"fr-FR","@id":"https:\/\/tibladin.dk\/#\/schema\/logo\/image\/","url":"https:\/\/tibladin.dk\/wp-content\/uploads\/2022\/09\/tibladin_logo.svg","contentUrl":"https:\/\/tibladin.dk\/wp-content\/uploads\/2022\/09\/tibladin_logo.svg","caption":"Tibladin"},"image":{"@id":"https:\/\/tibladin.dk\/#\/schema\/logo\/image\/"}}]}},"_links":{"self":[{"href":"https:\/\/tibladin.dk\/fr\/wp-json\/wp\/v2\/product\/41618","targetHints":{"allow":["GET"]}}],"collection":[{"href":"https:\/\/tibladin.dk\/fr\/wp-json\/wp\/v2\/product"}],"about":[{"href":"https:\/\/tibladin.dk\/fr\/wp-json\/wp\/v2\/types\/product"}],"wp:featuredmedia":[{"embeddable":true,"href":"https:\/\/tibladin.dk\/fr\/wp-json\/wp\/v2\/media\/41247"}],"wp:attachment":[{"href":"https:\/\/tibladin.dk\/fr\/wp-json\/wp\/v2\/media?parent=41618"}],"wp:term":[{"taxonomy":"product_brand","embeddable":true,"href":"https:\/\/tibladin.dk\/fr\/wp-json\/wp\/v2\/product_brand?post=41618"},{"taxonomy":"product_cat","embeddable":true,"href":"https:\/\/tibladin.dk\/fr\/wp-json\/wp\/v2\/product_cat?post=41618"},{"taxonomy":"product_tag","embeddable":true,"href":"https:\/\/tibladin.dk\/fr\/wp-json\/wp\/v2\/product_tag?post=41618"}],"curies":[{"name":"wp","href":"https:\/\/api.w.org\/{rel}","templated":true}]}}